{"id":47681,"date":"2024-04-19T00:04:53","date_gmt":"2024-04-19T04:04:53","guid":{"rendered":"https:\/\/www.sisinternational.com\/?page_id=47681"},"modified":"2026-01-26T18:57:30","modified_gmt":"2026-01-26T23:57:30","slug":"badania-rynku-helikopterow","status":"publish","type":"page","link":"https:\/\/www.sisinternational.com\/pl\/ekspertyza\/badania-rynku-helikopterow\/","title":{"rendered":"Badania rynku \u015bmig\u0142owc\u00f3w"},"content":{"rendered":"<h1 class=\"wp-block-heading\">Badania rynku \u015bmig\u0142owc\u00f3w<\/h1>\n\n\n\n<figure class=\"gb-block-image gb-block-image-016b2cfc\"><img loading=\"lazy\" decoding=\"async\" width=\"1456\" height=\"816\" class=\"gb-image gb-image-016b2cfc\" src=\"https:\/\/www.sisinternational.com\/wp-content\/uploads\/2025\/08\/Helicopter-4.jpg\" alt=\"SIS Mi\u0119dzynarodowe badania rynku i strategia\" title=\"Helicopter (4)\" srcset=\"https:\/\/www.sisinternational.com\/wp-content\/uploads\/2025\/08\/Helicopter-4.jpg 1456w, https:\/\/www.sisinternational.com\/wp-content\/uploads\/2025\/08\/Helicopter-4-300x168.jpg 300w, https:\/\/www.sisinternational.com\/wp-content\/uploads\/2025\/08\/Helicopter-4-1024x574.jpg 1024w, https:\/\/www.sisinternational.com\/wp-content\/uploads\/2025\/08\/Helicopter-4-768x430.jpg 768w, https:\/\/www.sisinternational.com\/wp-content\/uploads\/2025\/08\/Helicopter-4-18x10.jpg 18w\" sizes=\"auto, (max-width: 1456px) 100vw, 1456px\"><\/figure>\n\n\n\n<p><\/p>\n\n\n\n<hr class=\"wp-block-separator has-alpha-channel-opacity is-style-dots\"\/>\n\n\n\n<p>Badania rynku \u015bmig\u0142owc\u00f3w s\u0105 po\u017cytecznym \u017ar\u00f3d\u0142em informacji dla interesariuszy bran\u017cy. Pomagaj\u0105 im zrozumie\u0107 dynamik\u0119 rynku, identyfikowa\u0107 szanse i zagro\u017cenia oraz podejmowa\u0107 \u015bwiadome decyzje, kt\u00f3re nap\u0119dzaj\u0105 wzrost biznesu i innowacje.<\/p>\n\n\n\n<h2 class=\"wp-block-heading\">What Is Helicopter Market Research? Why Is It Important?<\/h2>\n\n\n\n<p>Badania rynku \u015bmig\u0142owc\u00f3w obejmuj\u0105 globalny przemys\u0142 \u015bmig\u0142owcowy, w tym trendy rynkowe, krajobraz konkurencyjny, otoczenie regulacyjne i post\u0119p technologiczny. Badania te s\u0105 niezb\u0119dne dla producent\u00f3w \u015bmig\u0142owc\u00f3w, operator\u00f3w i innych interesariuszy bran\u017cy, kt\u00f3rzy chc\u0105 zrozumie\u0107 dynamik\u0119 rynku i podejmowa\u0107 \u015bwiadome decyzje.<\/p>\n\n\n\n<p>It is essential for businesses operating in or entering the aviation industry. With helicopter market research, businesses can gain valuable insights into market demand, pricing strategies, and emerging technologies, enabling them to develop competitive strategies and maximize profitability.<\/p>\n\n\n\n<p>Furthermore, this market <a href=\"https:\/\/www.sisinternational.com\/pl\/ekspertyza\/branze\/road-safety-market-research\/\" title=\"Badania rynku bezpiecze\u0144stwa ruchu drogowego\"  data-wpil-monitor-id=\"4748\">badania<\/a> gives businesses insights into regulatory requirements and safety standards. This proactive approach to regulatory compliance minimizes risks and enhances businesses&#8217; reputation as responsible and reliable helicopter providers. Moreover, helicopter market research helps businesses identify emerging trends and technologies, enabling them to develop innovative products and services that meet customer needs.<\/p>\n\n\n\n<h2 class=\"wp-block-heading\">Who Uses Helicopter Market Research<\/h2>\n\n\n\n<p>Producenci \u015bmig\u0142owc\u00f3w polegaj\u0105 na badaniach rynku, aby identyfikowa\u0107 mo\u017cliwo\u015bci, rozwija\u0107 nowe produkty i udoskonala\u0107 istniej\u0105ce modele, aby sprosta\u0107 potrzebom klient\u00f3w. Producenci mog\u0105 strategicznie decydowa\u0107 o swoich portfelach produkt\u00f3w i procesach produkcyjnych, analizuj\u0105c trendy rynkowe i preferencje klient\u00f3w.<\/p>\n\n\n\n<p>Airlines and <a href=\"https:\/\/www.sisinternational.com\/pl\/biopaliwa-w-przemysle-lotniczym\/\" title=\"Badania rynku zr\u00f3wnowa\u017conego rozwoju linii lotniczych\"  data-wpil-monitor-id=\"6846\">helicopter operators use this market research<\/a> to assess demand for helicopter services, identify routes or services with growth potential, and optimize their fleet management strategies. By understanding market dynamics, operators can make informed decisions about fleet expansion, route planning, and service offerings.<\/p>\n\n\n\n<p>Government agencies and military organizations utilize <a href=\"https:\/\/www.sisinternational.com\/pl\/ekspertyza\/branze\/federal-government-market-research\/\" title=\"Badania rynku rz\u0105du federalnego\"  data-wpil-monitor-id=\"5766\">badania rynku helikopter\u00f3w<\/a> to assess the capabilities of different helicopter models, evaluate potential suppliers, and make procurement decisions. It helps these organizations acquire helicopters that meet their operational requirements and budget constraints.<\/p>\n\n\n\n<p>Instytucje finansowe i inwestorzy wykorzystuj\u0105 badania rynku \u015bmig\u0142owc\u00f3w, aby oceni\u0107 kondycj\u0119 finansow\u0105 producent\u00f3w i operator\u00f3w \u015bmig\u0142owc\u00f3w, zidentyfikowa\u0107 mo\u017cliwo\u015bci inwestycyjne i oceni\u0107 ryzyko zwi\u0105zane z inwestowaniem w bran\u017c\u0119 \u015bmig\u0142owc\u00f3w. Badania rynku pomagaj\u0105 tym interesariuszom podejmowa\u0107 \u015bwiadome decyzje dotycz\u0105ce finansowania, przej\u0119\u0107 i zby\u0107.<\/p>\n\n\n\n<p>Dostawcy us\u0142ug konserwacji, napraw i remont\u00f3w (MRO) polegaj\u0105 na badaniach rynku, aby zrozumie\u0107 popyt rynkowy na swoje us\u0142ugi, identyfikowa\u0107 potencjalnych klient\u00f3w i opracowywa\u0107 konkurencyjne strategie cenowe. Dostawcy us\u0142ug MRO mog\u0105 optymalizowa\u0107 swoj\u0105 ofert\u0119 us\u0142ug i rozszerza\u0107 baz\u0119 klient\u00f3w, analizuj\u0105c trendy rynkowe.<\/p>\n\n\n\n<h2 class=\"wp-block-heading\">Kluczowi gracze<\/h2>\n\n\n\n<p>Rynek helikopter\u00f3w charakteryzuje si\u0119 kilkoma kluczowymi graczami, kt\u00f3rzy znacz\u0105co przyczyniaj\u0105 si\u0119 do kszta\u0142towania dynamiki bran\u017cy. Oto niekt\u00f3rzy z czo\u0142owych graczy:<\/p>\n\n\n\n<ul class=\"wp-block-list\">\n<li><strong>\u015amig\u0142owce Airbus:<\/strong> Airbus Helicopters, oddzia\u0142 Airbus Group, jest jednym z wiod\u0105cych producent\u00f3w \u015bmig\u0142owc\u00f3w na \u015bwiecie. Znany z r\u00f3\u017cnorodnej oferty \u015bmig\u0142owc\u00f3w przeznaczonych dla r\u00f3\u017cnych segment\u00f3w, w tym cywilnego i wojskowego,<\/li>\n\n\n\n<li><strong>Helikopter Bell:<\/strong> Bell Helicopter to czo\u0142owy gracz na rynku \u015bmig\u0142owc\u00f3w, znany z innowacyjnych rozwi\u0105za\u0144 w zakresie \u015bmig\u0142owc\u00f3w.<\/li>\n\n\n\n<li><strong>Sikorsky Aircraft Corporation:<\/strong> Sikorsky Aircraft Corporation, sp\u00f3\u0142ka zale\u017cna Lockheed Martin Corporation, jest znacz\u0105cym graczem na \u015bwiatowym rynku \u015bmig\u0142owc\u00f3w, znanym ze swojej tradycji innowacji i doskona\u0142o\u015bci in\u017cynieryjnej.<\/li>\n<\/ul>\n\n\n\n<h2 class=\"wp-block-heading\">Benefits of Hiring SIS for Helicopter Market Research<\/h2>\n\n\n\n<figure class=\"gb-block-image gb-block-image-2cb42030\"><img loading=\"lazy\" decoding=\"async\" width=\"1456\" height=\"816\" class=\"gb-image gb-image-2cb42030\" src=\"https:\/\/www.sisinternational.com\/wp-content\/uploads\/2025\/08\/Helicopter-6.jpg\" alt=\"SIS Mi\u0119dzynarodowe badania rynku i strategia\" title=\"Helicopter (6)\" srcset=\"https:\/\/www.sisinternational.com\/wp-content\/uploads\/2025\/08\/Helicopter-6.jpg 1456w, https:\/\/www.sisinternational.com\/wp-content\/uploads\/2025\/08\/Helicopter-6-300x168.jpg 300w, https:\/\/www.sisinternational.com\/wp-content\/uploads\/2025\/08\/Helicopter-6-1024x574.jpg 1024w, https:\/\/www.sisinternational.com\/wp-content\/uploads\/2025\/08\/Helicopter-6-768x430.jpg 768w, https:\/\/www.sisinternational.com\/wp-content\/uploads\/2025\/08\/Helicopter-6-18x10.jpg 18w\" sizes=\"auto, (max-width: 1456px) 100vw, 1456px\"><\/figure>\n\n\n\n<p><\/p>\n\n\n\n<p>Us\u0142ugi bada\u0144 rynku \u015bmig\u0142owc\u00f3w SIS International dostarczaj\u0105 praktycznych spostrze\u017ce\u0144 i strategicznych rekomendacji dostosowanych do konkretnych potrzeb firm dzia\u0142aj\u0105cych w bran\u017cy lotniczej. Oto oczekiwane wyniki:<\/p>\n\n\n\n<ul class=\"wp-block-list\">\n<li><strong>G\u0142\u0119boka analiza rynku:<\/strong> SIS International provides comprehensive market analysis reports that offer insights into key market trends, growth drivers, challenges, and opportunities shaping the helicopter industry. Our <a href=\"https:\/\/www.sisinternational.com\/pl\/swiatowy-przemysl-lotniczy\/\" title=\"Badania rynku lotniczego\"  data-wpil-monitor-id=\"1769\">research encompasses market<\/a> size and segmentation, competitive landscapes, regulatory environments, and emerging technologies, enabling businesses to make informed strategic decisions and capitalize on market opportunities.<\/li>\n\n\n\n<li><strong>Spostrze\u017cenia klient\u00f3w:<\/strong> Our research uncovers valuable customer insights by analyzing <a href=\"https:\/\/www.sisinternational.com\/pl\/ekspertyza\/branze\/buyer-intent-market-research\/\" title=\"Badania rynku intencji kupuj\u0105cych\"  data-wpil-monitor-id=\"7170\">helicopter<\/a> buyers&#8217; and operators&#8217; purchasing behaviors, preferences, and pain points. <\/li>\n\n\n\n<li><strong>Wywiad konkurencyjny:<\/strong> SIS International przeprowadza dog\u0142\u0119bn\u0105 analiz\u0119 wywiadu konkurencyjnego w celu zidentyfikowania strategii, mocnych i s\u0142abych stron konkurent\u00f3w oraz ich pozycji rynkowej w bran\u017cy \u015bmig\u0142owcowej. Nasze badania wyposa\u017caj\u0105 firmy w praktyczne informacje na temat strategii cenowych konkurencji, innowacji produktowych, kana\u0142\u00f3w dystrybucji i taktyk marketingowych, umo\u017cliwiaj\u0105c im wyr\u00f3\u017cnienie si\u0119, przewidywanie zagro\u017ce\u0144 konkurencyjnych i uzyskanie przewagi konkurencyjnej na rynku.<\/li>\n\n\n\n<li><strong>Strategie wej\u015bcia na rynek:<\/strong> SIS International offers customized market entry strategies backed by data-driven insights and analysis for businesses seeking to enter new markets or expand existing operations. Our <a href=\"https:\/\/www.sisinternational.com\/pl\/reklamy-telewizyjne-i-prasowe-ustepuja-miejsca-wirusowym-filmom-wideo-i-pojawiajacym-sie-mediom-spolecznosciowym\/\" title=\"Badania rynku wirusowych film\u00f3w wideo\"  data-wpil-monitor-id=\"1815\">researchers help companies identify market<\/a> entry barriers, assess market demand, evaluate regulatory requirements, and develop tailored market entry strategies to minimize risks and maximize opportunities for success in new markets.<\/li>\n\n\n\n<li><strong>Spostrze\u017cenia dotycz\u0105ce technologii i innowacji:<\/strong> SIS \u015bledzi post\u0119p technologiczny i innowacje kszta\u0142tuj\u0105ce bran\u017c\u0119 helikopterow\u0105, zapewniaj\u0105c przedsi\u0119biorstwom wgl\u0105d w powstaj\u0105ce technologie, takie jak elektryczne systemy nap\u0119dowe, mo\u017cliwo\u015bci autonomicznego lotu i zaawansowana awionika.<\/li>\n<\/ul>\n\n\n\n<h2 class=\"wp-block-heading\">Mo\u017cliwo\u015bci<\/h2>\n\n\n\n<p>W dynamicznym krajobrazie rynku \u015bmig\u0142owc\u00f3w istnieje wiele mo\u017cliwo\u015bci dla przedsi\u0119biorstw, aby wykorzysta\u0107 pojawiaj\u0105ce si\u0119 trendy, post\u0119p technologiczny i zmieniaj\u0105ce si\u0119 potrzeby klient\u00f3w. Oto kilka kluczowych mo\u017cliwo\u015bci:<\/p>\n\n\n\n<ul class=\"wp-block-list\">\n<li><strong>Mobilno\u015b\u0107 Miejska w Powietrzu (UAM):<\/strong> Rozw\u00f3j miejskiej mobilno\u015bci powietrznej stwarza znacz\u0105ce mo\u017cliwo\u015bci biznesowe na rynku \u015bmig\u0142owc\u00f3w. Podczas gdy miasta zmagaj\u0105 si\u0119 z problemami zator\u00f3w i transportu, \u015bmig\u0142owce i pionowe samoloty startuj\u0105ce i l\u0105duj\u0105ce (VTOL) oferuj\u0105 realne rozwi\u0105zanie dla transportu miejskiego, \u0142\u0105cz\u0105c centra miast z przedmie\u015bciami, lotniskami i innymi miejscami docelowymi.<\/li>\n\n\n\n<li><strong>Logistyka powietrzna i s\u0142u\u017cby ratunkowe:<\/strong> \u015amig\u0142owce s\u0105 kluczowe w logistyce lotniczej, ratownictwie medycznym (EMS), poszukiwaniach i ratownictwie (SAR) oraz operacjach gaszenia po\u017car\u00f3w. Przedsi\u0119biorstwa mog\u0105 wykorzysta\u0107 popyt na us\u0142ugi \u015bmig\u0142owcowe w tych sektorach, oferuj\u0105c specjalistyczne rozwi\u0105zania dostosowane do konkretnych wymaga\u0144 misji.<\/li>\n\n\n\n<li><strong>Turystyka i transport VIP:<\/strong> \u015amig\u0142owce oferuj\u0105 niezr\u00f3wnan\u0105 elastyczno\u015b\u0107 i wygod\u0119 w turystyce i transporcie VIP, zapewniaj\u0105c loty widokowe, luksusowe us\u0142ugi czarterowe i ekskluzywne do\u015bwiadczenia podr\u00f3\u017cnicze dla wymagaj\u0105cych klient\u00f3w. Firmy mog\u0105 sprosta\u0107 rosn\u0105cemu zapotrzebowaniu na wycieczki helikopterem, zwiedzanie z powietrza i us\u0142ugi transportu VIP w popularnych miejscach turystycznych, centrach miejskich i luksusowych kurortach.<\/li>\n\n\n\n<li><strong>Integracja bezza\u0142ogowych system\u00f3w powietrznych (UAS):<\/strong> Integrating unmanned aerial systems (UAS) or drones into helicopter operations presents new business opportunities in the aviation industry. Businesses can explore the development of hybrid manned-unmanned platforms, autonomous aerial vehicles, and <a href=\"https:\/\/www.sisinternational.com\/pl\/ekspertyza\/branze\/drone-market-research\/\" title=\"Badania rynku dron\u00f3w\"  data-wpil-monitor-id=\"5978\">drone delivery solutions to address diverse market<\/a> needs, including surveillance, reconnaissance, cargo transport, and aerial photography.<\/li>\n<\/ul>\n\n\n\n<h2 class=\"wp-block-heading\">The SIS Advantage<\/h2>\n\n\n\n<p>SIS offers comprehensive helicopter <a href=\"https:\/\/www.sisinternational.com\/pl\/rozwiazania\/innowacja\/design-thinking\/\" title=\"Design Thinking Badania rynku\"  data-wpil-monitor-id=\"6699\">market research services designed<\/a> to assist businesses in navigating the complexities of the rotorcraft industry and achieving their strategic objectives. Here&#8217;s how our tailored research solutions can benefit businesses:<\/p>\n\n\n\n<ul class=\"wp-block-list\">\n<li><strong>G\u0142\u0119boka analiza rynku:<\/strong> Nasze badania rynku helikopter\u00f3w zapewniaj\u0105 firmom dog\u0142\u0119bny wgl\u0105d w trendy rynkowe, dynamik\u0119 i krajobraz konkurencyjny. Pomagamy firmom identyfikowa\u0107 mo\u017cliwo\u015bci wzrostu, ocenia\u0107 zagro\u017cenia konkurencyjne i podejmowa\u0107 \u015bwiadome decyzje strategiczne w oparciu o wielko\u015b\u0107 rynku, czynniki wzrostu, kluczowych graczy i pojawiaj\u0105ce si\u0119 trendy.<\/li>\n\n\n\n<li><strong>Wsparcie planowania strategicznego:<\/strong> Nasze us\u0142ugi bada\u0144 rynku wspieraj\u0105 firmy w strategicznym planowaniu i procesach podejmowania decyzji. Dostarczaj\u0105c terminowe i dok\u0142adne informacje rynkowe, umo\u017cliwiamy firmom identyfikacj\u0119 luk rynkowych, ocen\u0119 strategii wej\u015bcia na rynek i opracowywanie solidnych plan\u00f3w biznesowych w celu efektywnego wykorzystania szans i \u0142agodzenia ryzyka.<\/li>\n\n\n\n<li><strong>Ocena technologii i innowacji:<\/strong> Przeprowadzamy oceny technologii i innowacji, aby pom\u00f3c firmom nad\u0105\u017ca\u0107 za najnowszymi osi\u0105gni\u0119ciami w technologii wirop\u0142at\u00f3w. Pomagamy firmom w ocenie pojawiaj\u0105cych si\u0119 technologii, takich jak elektryczne systemy nap\u0119dowe, autonomiczne mo\u017cliwo\u015bci lotu i zaawansowane materia\u0142y, identyfikowaniu mo\u017cliwo\u015bci innowacji, ocenie ryzyka technologicznego i prowadzeniu inicjatyw innowacyjnych w celu utrzymania przewagi konkurencyjnej na rynku.<\/li>\n\n\n\n<li><strong>Analiza regulacyjna i zgodno\u015bci:<\/strong> Nasze badania rynku \u015bmig\u0142owc\u00f3w obejmuj\u0105 analiz\u0119 przepis\u00f3w i zgodno\u015bci, aby pom\u00f3c przedsi\u0119biorstwom porusza\u0107 si\u0119 po z\u0142o\u017conym krajobrazie regulacyjnym reguluj\u0105cym operacje \u015bmig\u0142owc\u00f3w. Monitoruj\u0105c zmiany w przepisach, oceniaj\u0105c wymagania dotycz\u0105ce zgodno\u015bci i zapewniaj\u0105c wskaz\u00f3wki regulacyjne, pomagamy przedsi\u0119biorstwom w zapewnieniu zgodno\u015bci z przepisami, \u0142agodzeniu ryzyka prawnego i utrzymywaniu integralno\u015bci operacyjnej.<\/li>\n\n\n\n<li><strong>Ocena i zarz\u0105dzanie ryzykiem:<\/strong> Przeprowadzamy ocen\u0119 ryzyka i badania zarz\u0105dzania, aby pom\u00f3c przedsi\u0119biorstwom identyfikowa\u0107 i \u0142agodzi\u0107 ryzyko zwi\u0105zane z operacjami \u015bmig\u0142owcowymi. Oceniaj\u0105c ryzyko operacyjne, niepewno\u015b\u0107 rynku i zagro\u017cenia zewn\u0119trzne, umo\u017cliwiamy przedsi\u0119biorstwom opracowywanie strategii \u0142agodzenia ryzyka, plan\u00f3w awaryjnych i ram odporno\u015bci w celu zabezpieczenia ich operacji i inwestycji na rynku \u015bmig\u0142owcowym.<\/li>\n<\/ul>\n\n\n\n<p><\/p>","protected":false},"excerpt":{"rendered":"<p>Badania rynku \u015bmig\u0142owc\u00f3w obejmuj\u0105 analiz\u0119 \u015bwiatowego przemys\u0142u \u015bmig\u0142owcowego, trend\u00f3w, konkurencji, przepis\u00f3w i post\u0119pu technologicznego.<\/p>","protected":false},"author":1,"featured_media":63565,"parent":14514,"menu_order":451,"comment_status":"closed","ping_status":"closed","template":"","meta":{"footnotes":""},"class_list":["post-47681","page","type-page","status-publish","has-post-thumbnail"],"_links":{"self":[{"href":"https:\/\/www.sisinternational.com\/pl\/wp-json\/wp\/v2\/pages\/47681","targetHints":{"allow":["GET"]}}],"collection":[{"href":"https:\/\/www.sisinternational.com\/pl\/wp-json\/wp\/v2\/pages"}],"about":[{"href":"https:\/\/www.sisinternational.com\/pl\/wp-json\/wp\/v2\/types\/page"}],"author":[{"embeddable":true,"href":"https:\/\/www.sisinternational.com\/pl\/wp-json\/wp\/v2\/users\/1"}],"replies":[{"embeddable":true,"href":"https:\/\/www.sisinternational.com\/pl\/wp-json\/wp\/v2\/comments?post=47681"}],"version-history":[{"count":14,"href":"https:\/\/www.sisinternational.com\/pl\/wp-json\/wp\/v2\/pages\/47681\/revisions"}],"predecessor-version":[{"id":80734,"href":"https:\/\/www.sisinternational.com\/pl\/wp-json\/wp\/v2\/pages\/47681\/revisions\/80734"}],"up":[{"embeddable":true,"href":"https:\/\/www.sisinternational.com\/pl\/wp-json\/wp\/v2\/pages\/14514"}],"wp:featuredmedia":[{"embeddable":true,"href":"https:\/\/www.sisinternational.com\/pl\/wp-json\/wp\/v2\/media\/63565"}],"wp:attachment":[{"href":"https:\/\/www.sisinternational.com\/pl\/wp-json\/wp\/v2\/media?parent=47681"}],"curies":[{"name":"wp","href":"https:\/\/api.w.org\/{rel}","templated":true}]}}