{"id":46852,"date":"2024-03-14T16:50:59","date_gmt":"2024-03-14T20:50:59","guid":{"rendered":"https:\/\/www.sisinternational.com\/?page_id=46852"},"modified":"2026-01-27T16:34:38","modified_gmt":"2026-01-27T21:34:38","slug":"narzedzia-do-marketingu-marki-badania-rynku","status":"publish","type":"page","link":"https:\/\/www.sisinternational.com\/pl\/rozwiazania\/narzedzia-do-marketingu-marki-badania-rynku\/","title":{"rendered":"Zestaw narz\u0119dzi do marketingu marki Badania rynku"},"content":{"rendered":"<h1 class=\"gb-headline gb-headline-3679b421 gb-headline-text\">Zestaw narz\u0119dzi do marketingu marki Badania rynku<\/h1>\n\n\n\n<figure class=\"gb-block-image gb-block-image-cd310f57\"><img loading=\"lazy\" decoding=\"async\" width=\"1456\" height=\"816\" class=\"gb-image gb-image-cd310f57\" src=\"https:\/\/www.sisinternational.com\/wp-content\/uploads\/2025\/09\/Branding-1.jpg\" alt=\"SIS Mi\u0119dzynarodowe badania rynku i strategia\" title=\"Branding (1)\" srcset=\"https:\/\/www.sisinternational.com\/wp-content\/uploads\/2025\/09\/Branding-1.jpg 1456w, https:\/\/www.sisinternational.com\/wp-content\/uploads\/2025\/09\/Branding-1-300x168.jpg 300w, https:\/\/www.sisinternational.com\/wp-content\/uploads\/2025\/09\/Branding-1-1024x574.jpg 1024w, https:\/\/www.sisinternational.com\/wp-content\/uploads\/2025\/09\/Branding-1-768x430.jpg 768w, https:\/\/www.sisinternational.com\/wp-content\/uploads\/2025\/09\/Branding-1-18x10.jpg 18w\" sizes=\"auto, (max-width: 1456px) 100vw, 1456px\"><\/figure>\n\n\n\n<p><\/p>\n\n\n\n<hr class=\"wp-block-separator has-alpha-channel-opacity is-style-dots\"\/>\n\n\n\n<p class=\"p1\">W ci\u0105gle zmieniaj\u0105cym si\u0119 krajobrazie marketingu marki posiadanie odpowiednich narz\u0119dzi mo\u017ce stanowi\u0107 r\u00f3\u017cnic\u0119 mi\u0119dzy sukcesem a stagnacj\u0105\u2026 Ale w jaki spos\u00f3b firmy mog\u0105 upewni\u0107 si\u0119, \u017ce maj\u0105 odpowiedni zestaw narz\u0119dzi, aby skutecznie promowa\u0107 swoj\u0105 mark\u0119 w dzisiejszym konkurencyjnym \u015brodowisku? Obszar bada\u0144 rynku narz\u0119dzi marketingu marki ujawnia spostrze\u017cenia i strategie kluczowe dla firm, kt\u00f3re chc\u0105 wzmocni\u0107 obecno\u015b\u0107 i zaanga\u017cowanie swojej marki.<\/p>\n\n\n\n<h2 class=\"wp-block-heading\">Zrozumienie zestawu narz\u0119dzi do marketingu marki Badania rynku<\/h2>\n\n\n\n<p>Brand marketing toolkit market research involves a comprehensive analysis of businesses&#8217; tools, strategies, and tactics to promote their brand effectively.&nbsp;This research explores how different tools and strategies within the toolkit complement each other and contribute to overarching brand objectives.<\/p>\n\n\n\n<p>Particularly, it identifies emerging trends, innovative technologies, and best practices in brand marketing, helping businesses stay ahead of the curve and adapt their toolkit to evolving consumer behaviors and market dynamics.<\/p>\n\n\n\n<h2 class=\"wp-block-heading\">Znaczenie narz\u0119dzi marketingu marki Badania rynku<\/h2>\n\n\n\n<figure class=\"gb-block-image gb-block-image-af9dc150\"><img loading=\"lazy\" decoding=\"async\" width=\"1456\" height=\"816\" class=\"gb-image gb-image-af9dc150\" src=\"https:\/\/www.sisinternational.com\/wp-content\/uploads\/2025\/09\/Branding-3.jpg\" alt=\"SIS Mi\u0119dzynarodowe badania rynku i strategia\" title=\"Branding (3)\" srcset=\"https:\/\/www.sisinternational.com\/wp-content\/uploads\/2025\/09\/Branding-3.jpg 1456w, https:\/\/www.sisinternational.com\/wp-content\/uploads\/2025\/09\/Branding-3-300x168.jpg 300w, https:\/\/www.sisinternational.com\/wp-content\/uploads\/2025\/09\/Branding-3-1024x574.jpg 1024w, https:\/\/www.sisinternational.com\/wp-content\/uploads\/2025\/09\/Branding-3-768x430.jpg 768w, https:\/\/www.sisinternational.com\/wp-content\/uploads\/2025\/09\/Branding-3-18x10.jpg 18w\" sizes=\"auto, (max-width: 1456px) 100vw, 1456px\"><\/figure>\n\n\n\n<p><\/p>\n\n\n\n<p>This market research provides valuable insights into consumer preferences, market trends, and competitor strategies, enabling businesses to make informed decisions about their brand marketing toolkit.&nbsp;Moreover, <a href=\"https:\/\/www.sisinternational.com\/pl\/zapewnienie-ze-klienci-zapamietaja-twoja-wiadomosc\/\" title=\"Aktywacja marki Badania rynku\"  data-wpil-monitor-id=\"2275\">narz\u0119dzia do marketingu marki badania rynku<\/a> helps businesses identify the most cost-effective and high-impact tools and channels for reaching their target audience.&nbsp;<\/p>\n\n\n\n<p>Podobnie pomaga firmom identyfikowa\u0107 pojawiaj\u0105ce si\u0119 trendy, technologie i najlepsze praktyki w marketingu marki, co pozwala im wyprzedza\u0107 trendy i odr\u00f3\u017cnia\u0107 si\u0119 od konkurencji. Jednak badania rynku przynosz\u0105 firmom wiele innych korzy\u015bci, w tym:<\/p>\n\n\n\n<ul class=\"wp-block-list\">\n<li><strong>Podejmowanie \u015bwiadomych decyzji:<\/strong> <a href=\"https:\/\/www.sisinternational.com\/pl\/badania-marki-sis-i-lojalnosc-klientow\/\" title=\"Badania rynku marek i lojalno\u015b\u0107 klient\u00f3w\"  data-wpil-monitor-id=\"2512\">Brand marketing toolkit market research<\/a> provides businesses with actionable insights into consumer preferences, market trends, and competitor strategies, enabling them to make informed decisions about their brand marketing toolkit.<\/li>\n\n\n\n<li><strong>Zoptymalizowane przydzielanie zasob\u00f3w:<\/strong> Dzi\u0119ki okre\u015bleniu najbardziej op\u0142acalnych i skutecznych narz\u0119dzi oraz kana\u0142\u00f3w dotarcia do grupy docelowej firmy mog\u0105 zoptymalizowa\u0107 sw\u00f3j bud\u017cet marketingowy i osi\u0105gn\u0105\u0107 lepsze wyniki przy mniejszych nak\u0142adach inwestycyjnych.<\/li>\n\n\n\n<li><strong>Enhanced <\/strong><a href=\"https:\/\/www.sisinternational.com\/pl\/thin-slicing-in-marketing-a-review-of-blink\/\" title=\"Thin-Slicing in Marketing: Book Review of &#8220;Blink&#8221;\"  data-wpil-monitor-id=\"1631\">Brand Visibility and Engagement: Market<\/a> research helps businesses understand which tools and channels are most effective at reaching and engaging their audience, allowing them to tailor their toolkit to maximize brand exposure and interaction.<\/li>\n\n\n\n<li><strong>Mierzalne wyniki:<\/strong> Dostarcza firmom cennych danych i spostrze\u017ce\u0144, aby mierzy\u0107 i monitorowa\u0107 wydajno\u015b\u0107 dzia\u0142a\u0144 marketingowych marki. Poprzez \u015bledzenie kluczowych wska\u017anik\u00f3w, takich jak \u015bwiadomo\u015b\u0107 marki, zaanga\u017cowanie klient\u00f3w i wska\u017aniki konwersji, firmy mog\u0105 ocenia\u0107 skuteczno\u015b\u0107 swojego zestawu narz\u0119dzi i wprowadza\u0107 zmiany w razie potrzeby, aby zoptymalizowa\u0107 wydajno\u015b\u0107.<\/li>\n<\/ul>\n\n\n\n<h2 class=\"wp-block-heading\">Kto korzysta z Brand Marketing Toolkit Badania rynku<\/h2>\n\n\n\n<p><strong>Marketing Professionals<\/strong> are central in leveraging <a href=\"https:\/\/www.sisinternational.com\/pl\/rynek-reklamy-cyfrowej\/\" title=\"Marketing i reklama w erze cyfrowej\"  data-wpil-monitor-id=\"1829\">brand<\/a> marketing toolkit market research to develop and execute effective marketing strategies. By understanding consumer preferences, market trends, and competitor strategies, marketing professionals can tailor their toolkit to maximize brand visibility, engagement, and conversion.<\/p>\n\n\n\n<p>Similarly, <strong>Brand Managers<\/strong> provide brand managers with insights into the most effective tools and strategies for promoting their brand, allowing them to make informed decisions about brand messaging, creative assets, and marketing channels.<\/p>\n\n\n\n<p>Furthermore, <strong>Advertising Agencies<\/strong> leverage market research to deepen consumer preferences, market dynamics, and competitor strategies, enabling them to develop compelling campaigns that drive brand awareness, engagement, and loyalty. <strong>Product Managers<\/strong> also use <a href=\"https:\/\/www.sisinternational.com\/pl\/rozwiazania\/rozwiazania-w-zakresie-brandingu-i-badan-klientow\/badania-rynku-roznicowania-marki\/\" title=\"Badania rynku r\u00f3\u017cnicowania marek\"  data-wpil-monitor-id=\"2846\">narz\u0119dzia do marketingu marki badania rynku<\/a> to identify the most effective tools and strategies for promoting their products, enabling them to optimize product positioning, messaging, and distribution channels to maximize sales and market share.<\/p>\n\n\n\n<h2 class=\"wp-block-heading\">Oczekiwane wyniki bada\u0144 rynkowych zestawu narz\u0119dzi do marketingu marki SIS<\/h2>\n\n\n\n<figure class=\"gb-block-image gb-block-image-2b862c5a\"><img loading=\"lazy\" decoding=\"async\" width=\"1456\" height=\"816\" class=\"gb-image gb-image-2b862c5a\" src=\"https:\/\/www.sisinternational.com\/wp-content\/uploads\/2025\/09\/Branding-4.jpg\" alt=\"SIS Mi\u0119dzynarodowe badania rynku i strategia\" title=\"Branding (4)\" srcset=\"https:\/\/www.sisinternational.com\/wp-content\/uploads\/2025\/09\/Branding-4.jpg 1456w, https:\/\/www.sisinternational.com\/wp-content\/uploads\/2025\/09\/Branding-4-300x168.jpg 300w, https:\/\/www.sisinternational.com\/wp-content\/uploads\/2025\/09\/Branding-4-1024x574.jpg 1024w, https:\/\/www.sisinternational.com\/wp-content\/uploads\/2025\/09\/Branding-4-768x430.jpg 768w, https:\/\/www.sisinternational.com\/wp-content\/uploads\/2025\/09\/Branding-4-18x10.jpg 18w\" sizes=\"auto, (max-width: 1456px) 100vw, 1456px\"><\/figure>\n\n\n\n<p><\/p>\n\n\n\n<p>Implementing a comprehensive <a href=\"https:\/\/www.sisinternational.com\/pl\/ekspertyza\/branze\/market-research-for-aging-brands\/\" title=\"Badania rynku dla starzej\u0105cych si\u0119 marek\"  data-wpil-monitor-id=\"3702\">narz\u0119dzia do marketingu marki badania rynku<\/a> can lead to a range of positive outcomes for businesses \u2013 and here are some expected results that businesses can anticipate from utilizing our brand marketing toolkit:<\/p>\n\n\n\n<ul class=\"wp-block-list\">\n<li><strong>Lepsze zaanga\u017cowanie klienta:<\/strong> Anga\u017cuj\u0105ce taktyki marketingowe i przekonuj\u0105ce tre\u015bci mog\u0105 sprzyja\u0107 g\u0142\u0119bszym relacjom z klientami, co prowadzi do zwi\u0119kszonego zaanga\u017cowania. Interaktywne kampanie, spersonalizowane wiadomo\u015bci i inicjatywy budowania spo\u0142eczno\u015bci mog\u0105 zach\u0119ca\u0107 klient\u00f3w do interakcji z mark\u0105, uczestniczenia w rozmowach i dzielenia si\u0119 swoimi do\u015bwiadczeniami z innymi, ostatecznie wzmacniaj\u0105c lojalno\u015b\u0107 wobec marki i jej or\u0119downictwo.<\/li>\n\n\n\n<li><strong>Lepsze postrzeganie marki:<\/strong> Dobrze wykonany zestaw narz\u0119dzi marketingowych marki mo\u017ce kszta\u0142towa\u0107 postrzeganie marki przez konsument\u00f3w, pozycjonuj\u0105c j\u0105 jako renomowany, godny zaufania i po\u017c\u0105dany wyb\u00f3r na rynku. Sp\u00f3jny branding, przekonuj\u0105ce opowiadanie historii i pozytywne do\u015bwiadczenia z mark\u0105 mog\u0105 przyczyni\u0107 si\u0119 do korzystnego wizerunku marki, wyr\u00f3\u017cnienia si\u0119 na tle konkurencji i zwi\u0119kszenia postrzeganej warto\u015bci w\u015br\u00f3d klient\u00f3w.<\/li>\n\n\n\n<li><strong>Wi\u0119ksza liczba pozyskanych klient\u00f3w:<\/strong> Skuteczne strategie marketingowe i ukierunkowane kampanie mog\u0105 przyci\u0105gn\u0105\u0107 nowych klient\u00f3w do marki, rozszerzaj\u0105c jej baz\u0119 klient\u00f3w i nap\u0119dzaj\u0105c wzrost przychod\u00f3w. Poprzez identyfikowanie i docieranie do potencjalnych klient\u00f3w za po\u015brednictwem r\u00f3\u017cnych kana\u0142\u00f3w marketingowych, firmy mog\u0105 generowa\u0107 leady, piel\u0119gnowa\u0107 relacje i przekszta\u0142ca\u0107 potencjalnych klient\u00f3w w p\u0142ac\u0105cych klient\u00f3w, ostatecznie zwi\u0119kszaj\u0105c sprzeda\u017c i udzia\u0142 w rynku.<\/li>\n\n\n\n<li><strong>Wi\u0119ksza retencja klient\u00f3w:<\/strong> Building strong relationships with existing customers is essential for fostering loyalty and maximizing customer lifetime value. A comprehensive <a href=\"https:\/\/www.sisinternational.com\/pl\/marketing-lojalnosciowy\/\" title=\"Badania rynku lojalno\u015bciowego\"  data-wpil-monitor-id=\"2007\">narz\u0119dzia do marketingu marki badania rynku<\/a> can include retention strategies such as loyalty programs, personalized communication, and exceptional customer service, which can help businesses retain customers, reduce churn, and encourage repeat purchases over time.<\/li>\n<\/ul>\n\n\n\n<h2 class=\"wp-block-heading\">Mo\u017cliwo\u015bci<\/h2>\n\n\n\n<p>Engaging in <a href=\"https:\/\/www.sisinternational.com\/pl\/ekspertyza\/branze\/brand-market-research\/\" title=\"Badania rynku marki\"  data-wpil-monitor-id=\"6730\">brand<\/a> marketing toolkit market research presents several opportunities for businesses to enhance their marketing strategies and achieve their brand objectives:<\/p>\n\n\n\n<ul class=\"wp-block-list\">\n<li><strong>Optymalizacja kana\u0142\u00f3w marketingowych:<\/strong> Through market research, businesses can determine which marketing channels and tactics are most effective at reaching their target audience.&nbsp;<\/li>\n\n\n\n<li><strong>Poprawa pozycjonowania produktu:<\/strong> This market research can help businesses understand how their products are perceived in the market and identify opportunities for improvement.&nbsp;<\/li>\n\n\n\n<li><strong>Ekspansja na nowe rynki:<\/strong> Market research enables businesses to assess the feasibility of expanding into new geographic regions or target demographics.&nbsp;<\/li>\n<\/ul>\n\n\n\n<h2 class=\"wp-block-heading\">Wyzwania<\/h2>\n\n\n\n<figure class=\"gb-block-image gb-block-image-32d273f5\"><img loading=\"lazy\" decoding=\"async\" width=\"1456\" height=\"816\" class=\"gb-image gb-image-32d273f5\" src=\"https:\/\/www.sisinternational.com\/wp-content\/uploads\/2025\/09\/Branding-5.jpg\" alt=\"SIS Mi\u0119dzynarodowe badania rynku i strategia\" title=\"Branding (5)\" srcset=\"https:\/\/www.sisinternational.com\/wp-content\/uploads\/2025\/09\/Branding-5.jpg 1456w, https:\/\/www.sisinternational.com\/wp-content\/uploads\/2025\/09\/Branding-5-300x168.jpg 300w, https:\/\/www.sisinternational.com\/wp-content\/uploads\/2025\/09\/Branding-5-1024x574.jpg 1024w, https:\/\/www.sisinternational.com\/wp-content\/uploads\/2025\/09\/Branding-5-768x430.jpg 768w, https:\/\/www.sisinternational.com\/wp-content\/uploads\/2025\/09\/Branding-5-18x10.jpg 18w\" sizes=\"auto, (max-width: 1456px) 100vw, 1456px\"><\/figure>\n\n\n\n<p><\/p>\n\n\n\n<p>Chwila <a href=\"https:\/\/www.sisinternational.com\/pl\/co-to-jest-public-relations\/\" title=\"Public Relations i badania rynku\"  data-wpil-monitor-id=\"7411\">narz\u0119dzia do marketingu marki badania rynku<\/a> offers numerous benefits, businesses may also encounter several challenges along the way, including:<\/p>\n\n\n\n<ul class=\"wp-block-list\">\n<li><strong>Przeci\u0105\u017cenie danymi:<\/strong> Maj\u0105c mn\u00f3stwo danych z r\u00f3\u017cnych \u017ar\u00f3de\u0142, firmy mog\u0105 mie\u0107 trudno\u015bci z przeszukiwaniem szumu i wyci\u0105ganiem praktycznych wniosk\u00f3w. Zarz\u0105dzanie i analizowanie du\u017cych wolumen\u00f3w danych mo\u017ce by\u0107 czasoch\u0142onne i wymaga\u0107 du\u017cych zasob\u00f3w, a tak\u017ce zaawansowanych narz\u0119dzi analitycznych i wiedzy specjalistycznej.<\/li>\n\n\n\n<li><strong>Zmiana zachowa\u0144 konsument\u00f3w:<\/strong> Zachowania konsument\u00f3w nieustannie ewoluuj\u0105, nap\u0119dzane przez post\u0119p technologiczny, zmiany kulturowe i zmiany ekonomiczne. Nad\u0105\u017canie za tymi zmianami i zrozumienie ich implikacji dla marketingu marki mo\u017ce by\u0107 trudne, wymagaj\u0105c od firm ci\u0105g\u0142ego monitorowania trend\u00f3w i dostosowywania swoich strategii.<\/li>\n\n\n\n<li><strong>Integracja i koordynacja:<\/strong> Skuteczny zestaw narz\u0119dzi marketingowych marki wymaga koordynacji i integracji w r\u00f3\u017cnych dzia\u0142ach i funkcjach organizacji. Zapewnienie zgodno\u015bci mi\u0119dzy marketingiem, sprzeda\u017c\u0105, rozwojem produktu i innymi zespo\u0142ami mo\u017ce by\u0107 trudne, szczeg\u00f3lnie w wi\u0119kszych organizacjach o z\u0142o\u017conych strukturach i konkuruj\u0105cych priorytetach.<\/li>\n<\/ul>\n\n\n\n<h2 class=\"wp-block-heading\">W jaki spos\u00f3b zestaw narz\u0119dzi do marketingu marki SIS International Badania rynku pomagaj\u0105 firmom<\/h2>\n\n\n\n<p>Na <a href=\"https:\/\/www.linkedin.com\/company\/sisinternationalresearch\/\" target=\"_blank\" rel=\"noopener\">SIS Mi\u0119dzynarodowy<\/a>, we distinguish ourselves in brand marketing toolkit market research through our commitment to delivering actionable insights, customized solutions, and exceptional client service. Here are some key factors that set us apart:<\/p>\n\n\n\n<ul class=\"wp-block-list\">\n<li><strong>Podej\u015bcie strategiczne:<\/strong> We take a strategic approach to brand marketing toolkit market research, focusing on understanding our clients&#8217; business objectives, target audience, and competitive landscape.&nbsp;<\/li>\n\n\n\n<li><strong>Rozwi\u0105zania dostosowane do potrzeb:<\/strong> Rozumiemy, \u017ce ka\u017cda firma jest wyj\u0105tkowa i potrzebne s\u0105 rozwi\u0105zania nie tylko uniwersalne. Dlatego dostosowujemy nasze metodologie badawcze, narz\u0119dzia i produkty do konkretnych potrzeb i cel\u00f3w ka\u017cdego klienta.<\/li>\n\n\n\n<li><strong>Wiedza i do\u015bwiadczenie:<\/strong> Dzi\u0119ki dziesi\u0119cioleciom do\u015bwiadczenia w badaniach rynku i doradztwie strategicznym nasz zesp\u00f3\u0142 ekspert\u00f3w wnosi bogactwo wiedzy i do\u015bwiadczenia do ka\u017cdego projektu. Od weteran\u00f3w bran\u017cy po specjalist\u00f3w przedmiotowych, cz\u0142onkowie naszego zespo\u0142u posiadaj\u0105 umiej\u0119tno\u015bci i spostrze\u017cenia, aby sprosta\u0107 nawet najbardziej z\u0142o\u017conym wyzwaniom badawczym i dostarczy\u0107 imponuj\u0105ce wyniki.<\/li>\n\n\n\n<li><strong>Zasi\u0119g globalny:<\/strong> With a global network of offices and partners spanning six continents, we have the reach and capabilities to conduct <a href=\"https:\/\/www.sisinternational.com\/pl\/ekspertyza\/bulk-chemicals-market-research\/\" title=\"Bulk Chemicals Market Research\" data-wpil-monitor-id=\"2132\">research in markets<\/a> worldwide.&nbsp;<\/li>\n\n\n\n<li><strong>Zaawansowana analityka:<\/strong> Wykorzystujemy zaawansowane narz\u0119dzia analityczne i metodologie, aby wyodr\u0119bni\u0107 znacz\u0105ce spostrze\u017cenia ze z\u0142o\u017conych zestaw\u00f3w danych. Od modelowania predykcyjnego i analizy segmentacji po analiz\u0119 sentyment\u00f3w i wizualizacj\u0119 danych, stosujemy najnowocze\u015bniejsze techniki, aby odkrywa\u0107 ukryte wzorce, trendy i korelacje, kt\u00f3re nap\u0119dzaj\u0105 strategiczne podejmowanie decyzji.<\/li>\n<\/ul>\n\n\n\n<h2 class=\"wp-block-heading\">Lokalizacja naszego obiektu w Nowym Jorku<\/h2>\n\n\n\n<p>\n\n\n\n<iframe loading=\"lazy\" src=\"https:\/\/www.google.com\/maps\/embed?pb=!1m18!1m12!1m3!1d3022.976188376966!2d-73.99130312499956!3d40.740549471389315!2m3!1f0!2f0!3f0!3m2!1i1024!2i768!4f13.1!3m3!1m2!1s0x89c259a15798c731%3A0xd695d09bdd495f25!2s11%20E%2022nd%20St%20FL%202%2C%20New%20York%2C%20NY%2010010%2C%20USA!5e0!3m2!1sen!2spe!4v1726171763526!5m2!1sen!2spe\" width=\"600\" height=\"450\" allowfullscreen=\"allowfullscreen\" data-mce-fragment=\"1\"><\/iframe>\n\n\n\n<\/p>\n\n\n\n<h3 class=\"wp-block-heading\">11 E 22nd Street, pi\u0119tro 2, Nowy Jork, NY 10010 T: +1(212) 505-6805<\/h3>\n\n\n\n<hr class=\"wp-block-separator has-alpha-channel-opacity\"\/>\n\n\n\n<h2 class=\"wp-block-heading\"><span style=\"font-weight: 400;\">O firmie SIS International<\/span><\/h2>\n\n\n\n<p><a href=\"https:\/\/www.sisinternational.com\/pl\/\"><span style=\"font-weight: 400;\">SIS Mi\u0119dzynarodowy<\/span><\/a><span style=\"font-weight: 400;\"> oferuje badania ilo\u015bciowe, jako\u015bciowe i strategiczne. Dostarczamy dane, narz\u0119dzia, strategie, raporty i spostrze\u017cenia do podejmowania decyzji. Prowadzimy r\u00f3wnie\u017c wywiady, ankiety, grupy fokusowe i inne metody i podej\u015bcia do bada\u0144 rynku.<\/span><a href=\"https:\/\/www.sisinternational.com\/pl\/o-moich-miedzynarodowych-badaniach\/contact-sis-international-market-research\/\"><span style=\"font-weight: 400;\"> Skontaktuj si\u0119 z nami<\/span><\/a><span style=\"font-weight: 400;\"> dla Twojego kolejnego projektu badania rynku.<\/span><\/p>\n\n\n\n<p><\/p>","protected":false},"excerpt":{"rendered":"<p>Badania rynku w ramach zestawu narz\u0119dzi marketingu marki obejmuj\u0105 analiz\u0119 narz\u0119dzi, strategii i taktyk maj\u0105cych na celu skuteczn\u0105 promocj\u0119 marki.<\/p>","protected":false},"author":1,"featured_media":69130,"parent":14457,"menu_order":30,"comment_status":"closed","ping_status":"closed","template":"","meta":{"_uag_custom_page_level_css":"","footnotes":""},"class_list":["post-46852","page","type-page","status-publish","has-post-thumbnail"],"uagb_featured_image_src":{"full":["https:\/\/www.sisinternational.com\/wp-content\/uploads\/2025\/09\/Branding-1.jpg",1456,816,false],"thumbnail":["https:\/\/www.sisinternational.com\/wp-content\/uploads\/2025\/09\/Branding-1-150x150.jpg",150,150,true],"medium":["https:\/\/www.sisinternational.com\/wp-content\/uploads\/2025\/09\/Branding-1-300x168.jpg",300,168,true],"medium_large":["https:\/\/www.sisinternational.com\/wp-content\/uploads\/2025\/09\/Branding-1-768x430.jpg",768,430,true],"large":["https:\/\/www.sisinternational.com\/wp-content\/uploads\/2025\/09\/Branding-1-1024x574.jpg",1024,574,true],"1536x1536":["https:\/\/www.sisinternational.com\/wp-content\/uploads\/2025\/09\/Branding-1.jpg",1456,816,false],"2048x2048":["https:\/\/www.sisinternational.com\/wp-content\/uploads\/2025\/09\/Branding-1.jpg",1456,816,false],"trp-custom-language-flag":["https:\/\/www.sisinternational.com\/wp-content\/uploads\/2025\/09\/Branding-1-18x10.jpg",18,10,true]},"uagb_author_info":{"display_name":"Ruth Stanat","author_link":"https:\/\/www.sisinternational.com\/pl\/author\/expert\/"},"uagb_comment_info":0,"uagb_excerpt":"Brand marketing toolkit market research involves analyzing tools, strategies, and tactics to promote the brand effectively.","_links":{"self":[{"href":"https:\/\/www.sisinternational.com\/pl\/wp-json\/wp\/v2\/pages\/46852","targetHints":{"allow":["GET"]}}],"collection":[{"href":"https:\/\/www.sisinternational.com\/pl\/wp-json\/wp\/v2\/pages"}],"about":[{"href":"https:\/\/www.sisinternational.com\/pl\/wp-json\/wp\/v2\/types\/page"}],"author":[{"embeddable":true,"href":"https:\/\/www.sisinternational.com\/pl\/wp-json\/wp\/v2\/users\/1"}],"replies":[{"embeddable":true,"href":"https:\/\/www.sisinternational.com\/pl\/wp-json\/wp\/v2\/comments?post=46852"}],"version-history":[{"count":23,"href":"https:\/\/www.sisinternational.com\/pl\/wp-json\/wp\/v2\/pages\/46852\/revisions"}],"predecessor-version":[{"id":81054,"href":"https:\/\/www.sisinternational.com\/pl\/wp-json\/wp\/v2\/pages\/46852\/revisions\/81054"}],"up":[{"embeddable":true,"href":"https:\/\/www.sisinternational.com\/pl\/wp-json\/wp\/v2\/pages\/14457"}],"wp:featuredmedia":[{"embeddable":true,"href":"https:\/\/www.sisinternational.com\/pl\/wp-json\/wp\/v2\/media\/69130"}],"wp:attachment":[{"href":"https:\/\/www.sisinternational.com\/pl\/wp-json\/wp\/v2\/media?parent=46852"}],"curies":[{"name":"wp","href":"https:\/\/api.w.org\/{rel}","templated":true}]}}