{"id":46784,"date":"2024-03-12T20:22:05","date_gmt":"2024-03-13T00:22:05","guid":{"rendered":"https:\/\/www.sisinternational.com\/?page_id=46784"},"modified":"2026-03-16T23:49:31","modified_gmt":"2026-03-17T03:49:31","slug":"doradztwo-w-zakresie-utrzymania-klienta-w-uslugach-finansowych","status":"publish","type":"page","link":"https:\/\/www.sisinternational.com\/pl\/rozwiazania\/doradztwo-strategiczne\/financial-services-consulting\/doradztwo-w-zakresie-utrzymania-klienta-w-uslugach-finansowych\/","title":{"rendered":"Doradztwo w zakresie utrzymania klient\u00f3w w sektorze us\u0142ug finansowych"},"content":{"rendered":"<h1 class=\"wp-block-heading\">Doradztwo w zakresie utrzymania klient\u00f3w w sektorze us\u0142ug finansowych<\/h1>\n\n\n\n<figure class=\"gb-block-image gb-block-image-415c335a\"><img loading=\"lazy\" decoding=\"async\" width=\"1456\" height=\"816\" class=\"gb-image gb-image-415c335a\" src=\"https:\/\/www.sisinternational.com\/wp-content\/uploads\/2025\/08\/Finance-12.jpg\" alt=\"SIS Mi\u0119dzynarodowe badania rynku i strategia\" title=\"Finance (12)\" srcset=\"https:\/\/www.sisinternational.com\/wp-content\/uploads\/2025\/08\/Finance-12.jpg 1456w, https:\/\/www.sisinternational.com\/wp-content\/uploads\/2025\/08\/Finance-12-300x168.jpg 300w, https:\/\/www.sisinternational.com\/wp-content\/uploads\/2025\/08\/Finance-12-1024x574.jpg 1024w, https:\/\/www.sisinternational.com\/wp-content\/uploads\/2025\/08\/Finance-12-768x430.jpg 768w, https:\/\/www.sisinternational.com\/wp-content\/uploads\/2025\/08\/Finance-12-18x10.jpg 18w\" sizes=\"auto, (max-width: 1456px) 100vw, 1456px\"><\/figure>\n\n\n\n<p><\/p>\n\n\n\n<hr class=\"wp-block-separator has-alpha-channel-opacity\"\/>\n\n\n\n<p>Wraz z przesyceniem rynku opcjami i coraz wi\u0119ksz\u0105 liczb\u0105 klient\u00f3w maj\u0105cych mo\u017cliwo\u015b\u0107 zmiany dostawc\u00f3w, zdolno\u015b\u0107 do skutecznego utrzymania istniej\u0105cej klienteli sta\u0142a si\u0119 strategicznym imperatywem. Dlatego doradztwo w zakresie utrzymania klient\u00f3w w us\u0142ugach finansowych oferuje dostosowane podej\u015bcie do rozwi\u0105zania tego wyzwania. Dostarcza organizacjom spostrze\u017ce\u0144, strategii i narz\u0119dzi niezb\u0119dnych do budowania trwa\u0142ych relacji z baz\u0105 klient\u00f3w.<\/p>\n\n\n\n<h2 class=\"wp-block-heading\">Zrozumienie doradztwa w zakresie utrzymania klient\u00f3w w sektorze us\u0142ug finansowych<\/h2>\n\n\n\n<p><a href=\"https:\/\/www.sisinternational.com\/pl\/financial-services-consulting\/\" title=\"Financial Services Consulting\"  data-wpil-monitor-id=\"2961\">Financial services customer retention consulting<\/a> involves the comprehensive analysis, planning, and implementation of strategies to reduce customer churn and maximize customer lifetime value. It encompasses various activities, including analyzing customer data, identifying retention drivers and pain points, designing targeted retention campaigns, and optimizing customer engagement processes.<\/p>\n\n\n\n<h2 class=\"wp-block-heading\">Znaczenie doradztwa w zakresie utrzymania klient\u00f3w w us\u0142ugach finansowych<\/h2>\n\n\n\n<p>Retaining existing customers is more cost-effective than acquiring new ones and provides a higher return on investment over the long term. Financial <a href=\"https:\/\/www.sisinternational.com\/pl\/rozwiazania\/podroze-turystyka-hotelarstwo-doradztwo\/concierge-services-consulting\/\" title=\"Us\u0142ugi Concierge Doradztwo\"  data-wpil-monitor-id=\"4676\">services customer retention consulting<\/a> helps organizations recognize the value of their existing customer base and empowers them to invest in strategies that nurture and strengthen those relationships.<\/p>\n\n\n\n<p>Moreover, this consulting enables financial institutions to stay ahead of shifting market dynamics and anticipate customer needs, ensuring they remain top-of-mind and preferred providers in a crowded marketplace. Organizations can unlock additional revenue streams by fostering loyalty and advocacy among their customer base, increasing market share, and driving sustainable growth.<\/p>\n\n\n\n<p>W ka\u017cdym razie oferuje przedsi\u0119biorstwom wiele innych korzy\u015bci, w tym:<\/p>\n\n\n\n<ul class=\"wp-block-list\">\n<li><strong>Wi\u0119ksza lojalno\u015b\u0107 klient\u00f3w:<\/strong> Organizations can cultivate stronger customer relationships by implementing tailored retention strategies, leading to increased loyalty and reduced churn rates.<\/li>\n\n\n\n<li><strong>Poprawa satysfakcji klienta:<\/strong> Consulting initiatives can enhance overall customer satisfaction by identifying and resolving pain points in the customer journey, resulting in higher retention rates and positive word-of-mouth referrals.<\/li>\n\n\n\n<li><strong>Przewaga konkurencyjna:<\/strong> Organizations prioritizing customer retention gain a competitive edge by fostering deeper connections with their customers and differentiating themselves from market competitors.<\/li>\n\n\n\n<li><strong>Podejmowanie decyzji w oparciu o dane:<\/strong> Doradztwo w zakresie utrzymania klient\u00f3w opiera si\u0119 na analizie danych i spostrze\u017ceniach, kt\u00f3re pomagaj\u0105 podejmowa\u0107 strategiczne decyzje. Dzi\u0119ki temu organizacje mog\u0105 dociera\u0107 do warto\u015bciowych klient\u00f3w, personalizowa\u0107 interakcje i skutecznie optymalizowa\u0107 dzia\u0142ania zwi\u0105zane z utrzymaniem klient\u00f3w.<\/li>\n\n\n\n<li><strong>Ci\u0105g\u0142e doskonalenie:<\/strong> Inicjatywy konsultingowe u\u0142atwiaj\u0105 tworzenie kultury ci\u0105g\u0142ego doskonalenia poprzez dostarczanie organizacjom praktycznych informacji zwrotnych i rekomendacji dotycz\u0105cych udoskonalania strategii retencji w oparciu o zmieniaj\u0105ce si\u0119 potrzeby klient\u00f3w i trendy rynkowe.<\/li>\n<\/ul>\n\n\n\n<h2 class=\"wp-block-heading\">Kto korzysta z us\u0142ug finansowych Konsultacje dotycz\u0105ce utrzymania klienta<\/h2>\n\n\n\n<p>Banks leverage customer retention consulting to deepen customer relationships, increase cross-selling opportunities, and reduce attrition rates in an increasingly competitive banking landscape. Credit Unions also rely on customer retention consulting to strengthen member loyalty, improve member satisfaction, and drive member engagement, ultimately enhancing their overall financial health and longevity.<\/p>\n\n\n\n<p>Ponadto firmy ubezpieczeniowe zajmuj\u0105 si\u0119 doradztwem w zakresie utrzymania klient\u00f3w, aby zwi\u0119kszy\u0107 lojalno\u015b\u0107 posiadaczy polis, zminimalizowa\u0107 liczb\u0119 zaniedba\u0144 i zwi\u0119kszy\u0107 warto\u015b\u0107 klienta na przestrzeni ca\u0142ego jego \u017cycia poprzez spersonalizowan\u0105 komunikacj\u0119 i us\u0142ugi o warto\u015bci dodanej.<\/p>\n\n\n\n<p>In addition, Investment Firms seek customer retention consulting to build enduring relationships with their clients, foster trust and loyalty, and differentiate their offerings in a crowded market, ultimately driving assets under management and revenue growth. Lastly, <a href=\"https:\/\/www.sisinternational.com\/pl\/rozwiazania\/doradztwo-strategiczne-fintech-badania\/fintech-go-to-market-consulting\/\" title=\"Doradztwo w zakresie wprowadzania FinTech na rynek\"  data-wpil-monitor-id=\"5883\">Fintech Startups utilize customer retention consulting<\/a> to establish a loyal customer base, drive user adoption and engagement, and compete effectively with traditional financial institutions by delivering innovative, customer-centric solutions.<\/p>\n\n\n\n<h2 class=\"wp-block-heading\">Kiedy przeprowadza\u0107 konsultacje dotycz\u0105ce utrzymania klient\u00f3w w sektorze us\u0142ug finansowych<\/h2>\n\n\n\n<p>Okre\u015blenie optymalnego czasu na konsultacje dotycz\u0105ce utrzymania klient\u00f3w w us\u0142ugach finansowych ma kluczowe znaczenie dla maksymalizacji ich skuteczno\u015bci i zapewnienia namacalnych rezultat\u00f3w. Kilka kluczowych czynnik\u00f3w wp\u0142ywa na to, kiedy organizacje powinny anga\u017cowa\u0107 si\u0119 w inicjatywy konsultingowe dotycz\u0105ce utrzymania:<\/p>\n\n\n\n<ul class=\"wp-block-list\">\n<li><strong>Przegl\u0105dy okresowe:<\/strong> Regularne przegl\u0105dy wska\u017anik\u00f3w retencji klient\u00f3w, takich jak wska\u017aniki odej\u015b\u0107, warto\u015b\u0107 klienta w ca\u0142ym okresie jego \u017cycia i wyniki satysfakcji klienta, mog\u0105 by\u0107 sygna\u0142em, kiedy nadszed\u0142 czas na skorzystanie ze wsparcia konsultingowego. Organizacje mog\u0105 planowa\u0107 spotkania konsultingowe co roku lub dwa razy w roku, aby oceni\u0107 i ponownie skalibrowa\u0107 swoje strategie retencji.<\/li>\n\n\n\n<li><strong>Wydarzenia wyzwalaj\u0105ce:<\/strong> Istotne wydarzenia w organizacji, takie jak zmiany w kierownictwie, zmiany strategii biznesowej czy fuzje i przej\u0119cia, mog\u0105 wi\u0105za\u0107 si\u0119 z konieczno\u015bci\u0105 przeprowadzenia konsultacji w zakresie utrzymania klient\u00f3w, aby dostosowa\u0107 dzia\u0142ania maj\u0105ce na celu utrzymanie klient\u00f3w do nowych cel\u00f3w i priorytet\u00f3w.<\/li>\n\n\n\n<li><strong>Zmiany na rynku:<\/strong> Czynniki zewn\u0119trzne, takie jak zmiany dynamiki rynku, pojawiaj\u0105ce si\u0119 zagro\u017cenia ze strony konkurencji lub zmiany wymog\u00f3w regulacyjnych, mog\u0105 sk\u0142oni\u0107 organizacje do poszukiwania pomocy konsultingowej w celu odpowiedniego dostosowania strategii retencji i utrzymania przewagi nad konkurencj\u0105.<\/li>\n\n\n\n<li><strong>Opinie klient\u00f3w:<\/strong> Opinie klient\u00f3w, zebrane za pomoc\u0105 ankiet, recenzji lub bezpo\u015brednich interakcji, mog\u0105 s\u0142u\u017cy\u0107 jako cenny wska\u017anik tego, kiedy potrzebne jest doradztwo w zakresie utrzymania klienta. Spadek zadowolenia klient\u00f3w lub wzrost liczby skarg klient\u00f3w mo\u017ce sygnalizowa\u0107 potrzeb\u0119 interwencji.<\/li>\n\n\n\n<li><strong>Ulepszenia technologiczne:<\/strong> Wdra\u017canie nowych technologii lub modernizacja istniej\u0105cych system\u00f3w mo\u017ce stwarza\u0107 mo\u017cliwo\u015bci optymalizacji wysi\u0142k\u00f3w na rzecz utrzymania klient\u00f3w. Wsparcie konsultingowe mo\u017ce pom\u00f3c organizacjom skutecznie wykorzysta\u0107 te technologie w celu poprawy do\u015bwiadcze\u0144 klient\u00f3w i zwi\u0119kszenia utrzymania.<\/li>\n<\/ul>\n\n\n\n<h2 class=\"wp-block-heading\">Oczekiwane rezultaty naszych us\u0142ug konsultingowych w zakresie utrzymania klient\u00f3w w sektorze us\u0142ug finansowych<\/h2>\n\n\n\n<figure class=\"gb-block-image gb-block-image-b32aae23\"><img loading=\"lazy\" decoding=\"async\" width=\"1456\" height=\"816\" class=\"gb-image gb-image-b32aae23\" src=\"https:\/\/www.sisinternational.com\/wp-content\/uploads\/2025\/08\/Finance-20.jpg\" alt=\"SIS Mi\u0119dzynarodowe badania rynku i strategia\" title=\"Finance (20)\" srcset=\"https:\/\/www.sisinternational.com\/wp-content\/uploads\/2025\/08\/Finance-20.jpg 1456w, https:\/\/www.sisinternational.com\/wp-content\/uploads\/2025\/08\/Finance-20-300x168.jpg 300w, https:\/\/www.sisinternational.com\/wp-content\/uploads\/2025\/08\/Finance-20-1024x574.jpg 1024w, https:\/\/www.sisinternational.com\/wp-content\/uploads\/2025\/08\/Finance-20-768x430.jpg 768w, https:\/\/www.sisinternational.com\/wp-content\/uploads\/2025\/08\/Finance-20-18x10.jpg 18w\" sizes=\"auto, (max-width: 1456px) 100vw, 1456px\"><\/figure>\n\n\n\n<p><\/p>\n\n\n\n<p>Wdro\u017cenie kompleksowego doradztwa w zakresie utrzymania klient\u00f3w w us\u0142ugach finansowych mo\u017ce przynie\u015b\u0107 znacz\u0105ce i mierzalne rezultaty dla organizacji, przyczyniaj\u0105c si\u0119 do zwi\u0119kszenia satysfakcji klienta, lojalno\u015bci i d\u0142ugoterminowej rentowno\u015bci. Oto oczekiwane rezultaty:<\/p>\n\n\n\n<ul class=\"wp-block-list\">\n<li><strong>Wi\u0119ksza lojalno\u015b\u0107 klient\u00f3w:<\/strong> Loyal customers are likelier to continue doing business with an organization and advocate for its products and services. Consulting initiatives can strengthen the bond between customers and the organization through targeted retention strategies, leading to increased loyalty and lifetime value.<\/li>\n\n\n\n<li><strong>Wzrost przychod\u00f3w:<\/strong> Retaining existing customers is often more cost-effective than acquiring new ones. Financial services customer retention consulting can contribute to revenue growth over time by reducing churn and increasing customer lifetime value.<\/li>\n\n\n\n<li><strong>Pozytywna reputacja marki:<\/strong> Delivering exceptional customer experiences and demonstrating commitment to customer satisfaction can enhance the organization&#8217;s reputation in the marketplace. Consulting initiatives prioritizing customer retention build a positive brand image and foster trust among stakeholders.<\/li>\n\n\n\n<li><strong>D\u0142ugoterminowy zr\u00f3wnowa\u017cony wzrost:<\/strong> Zr\u00f3wnowa\u017cony wzrost wymaga lojalnej i zadowolonej bazy klient\u00f3w. Konsultacje w zakresie utrzymania klient\u00f3w w us\u0142ugach finansowych stanowi\u0105 podstaw\u0119 d\u0142ugoterminowego sukcesu poprzez nawi\u0105zywanie silnych relacji z klientami i nap\u0119dzanie sta\u0142ych strumieni przychod\u00f3w.<\/li>\n<\/ul>\n\n\n\n<h2 class=\"wp-block-heading\">Mo\u017cliwo\u015bci<\/h2>\n\n\n\n<p>W dzisiejszym konkurencyjnym krajobrazie firmy z sektora us\u0142ug finansowych stoj\u0105 w obliczu rosn\u0105cej presji, aby utrzyma\u0107 baz\u0119 klient\u00f3w w obliczu zmieniaj\u0105cej si\u0119 dynamiki rynku i zmieniaj\u0105cych si\u0119 preferencji konsument\u00f3w. Konsultacje w zakresie utrzymania klient\u00f3w w sektorze us\u0142ug finansowych stwarzaj\u0105 firmom kilka mo\u017cliwo\u015bci zwi\u0119kszenia konkurencyjno\u015bci i nap\u0119dzania zr\u00f3wnowa\u017conego wzrostu:<\/p>\n\n\n\n<ul class=\"wp-block-list\">\n<li><strong>Wzrost przychod\u00f3w:<\/strong> Financial services customer retention consulting enables businesses to optimize their marketing spend and allocate resources more efficiently toward initiatives that drive revenue growth.\u00a0<\/li>\n\n\n\n<li><strong>Przewaga konkurencyjna:<\/strong> In today&#8217;s crowded marketplace, customer experience has emerged as a key differentiator for financial services firms.\u00a0<\/li>\n\n\n\n<li><strong>Innowacyjne rozwi\u0105zania:<\/strong> Financial services customer retention consulting empowers businesses to stay ahead of the curve by leveraging innovative technologies and strategies to meet their customers&#8217; evolving needs.\u00a0<\/li>\n<\/ul>\n\n\n\n<h2 class=\"wp-block-heading\">Wyzwania<\/h2>\n\n\n\n<p>While there are numerous opportunities associated with <a href=\"https:\/\/www.sisinternational.com\/pl\/financial-services-consulting\/financial-services-customer-satisfaction\/\" title=\"Financial Services Customer Satisfaction\"  data-wpil-monitor-id=\"943\">customer retention consulting in the financial services<\/a> sector, businesses also face several challenges that need to be addressed to maximize the effectiveness of their retention efforts:<\/p>\n\n\n\n<ul class=\"wp-block-list\">\n<li><strong>Zgodno\u015b\u0107 z przepisami:<\/strong> Bran\u017ca us\u0142ug finansowych jest \u015bci\u015ble regulowana, z rygorystycznymi wymogami dotycz\u0105cymi prywatno\u015bci i bezpiecze\u0144stwa danych. Firmy musz\u0105 porusza\u0107 si\u0119 po z\u0142o\u017conym krajobrazie regulacyjnym, aby zapewni\u0107 zgodno\u015b\u0107 z przepisami, takimi jak GDPR, CCPA i r\u00f3\u017cnymi przepisami bran\u017cowymi.<\/li>\n\n\n\n<li><strong>Konkurencja i nasycenie rynku:<\/strong> Bran\u017ca us\u0142ug finansowych jest bardzo konkurencyjna, a wielu graczy rywalizuje o udzia\u0142 w rynku. Przedsi\u0119biorstwa staj\u0105 w obliczu silnej konkurencji ze strony tradycyjnych bank\u00f3w, startup\u00f3w fintech i niekonwencjonalnych graczy wchodz\u0105cych na rynek.<\/li>\n\n\n\n<li><strong>Wdra\u017canie i integracja technologii:<\/strong> Wdro\u017cenie skutecznych strategii retencji klient\u00f3w cz\u0119sto wymaga wykorzystania zaawansowanych technologii, takich jak AI, uczenie maszynowe i analityka predykcyjna. Jednak wiele firm potrzebuje pomocy w zakresie wdra\u017cania i integracji technologii. Starsze systemy, odizolowane dane i bezw\u0142adno\u015b\u0107 organizacyjna mog\u0105 utrudnia\u0107 wdra\u017canie innowacyjnych rozwi\u0105za\u0144 retencyjnych.<\/li>\n<\/ul>\n\n\n\n<h2 class=\"wp-block-heading\">W jaki spos\u00f3b doradztwo w zakresie utrzymania klient\u00f3w w sektorze us\u0142ug finansowych firmy SIS International pomaga firmom<\/h2>\n\n\n\n<p>Na <a href=\"https:\/\/www.linkedin.com\/company\/sisinternationalresearch\/posts\/?feedView=all\" target=\"_blank\" rel=\"noopener\">SIS<\/a>, our approach to financial services customer retention consulting is grounded in a deep understanding of the unique challenges and opportunities within the industry. We employ a strategic framework tailored to each client&#8217;s needs and objectives, leveraging our expertise and industry insights to deliver impactful solutions.<\/p>\n\n\n\n<ul class=\"wp-block-list\">\n<li><strong>Kompleksowa analiza:<\/strong> We begin by conducting a thorough analysis of the client&#8217;s customer base, including segmentation, behavior patterns, and key touchpoints.\u00a0<\/li>\n\n\n\n<li><strong><a class=\"wpil_keyword_link\" href=\"https:\/\/www.sisinternational.com\/pl\/rozwiazania\/rozwiazania-w-zakresie-brandingu-i-badan-klientow\/mapowanie-sciezki-klienta\/\" title=\"Mapowanie \u015bcie\u017cki klienta\" data-wpil-keyword-link=\"linked\" data-wpil-monitor-id=\"592\">Mapowanie \u015bcie\u017cki klienta<\/a>:<\/strong> Zrozumienie \u015bcie\u017cki klienta jest niezb\u0119dne do zaprojektowania skutecznych strategii retencji. Mapujemy kompleksowe do\u015bwiadczenie klienta, identyfikuj\u0105c punkty zapalne, momenty prawdy i obszary optymalizacji.<\/li>\n\n\n\n<li><strong>Wnioski oparte na danych:<\/strong> We extract actionable insights from the client&#8217;s data sources by leveraging advanced analytics and data mining techniques.\u00a0<\/li>\n\n\n\n<li><strong>Rozwi\u0105zania dostosowane do potrzeb:<\/strong> Wierzymy w spersonalizowane podej\u015bcie do utrzymania klient\u00f3w, uznaj\u0105c, \u017ce jeden rozmiar nie pasuje do wszystkich. Nasi konsultanci \u015bci\u015ble wsp\u00f3\u0142pracuj\u0105 z klientami, aby opracowa\u0107 dostosowane rozwi\u0105zania, kt\u00f3re rozwi\u0105zuj\u0105 konkretne wyzwania i wykorzystuj\u0105 wyj\u0105tkowe mo\u017cliwo\u015bci w obr\u0119bie ich bazy klient\u00f3w.<\/li>\n\n\n\n<li><strong>Ci\u0105g\u0142a optymalizacja:<\/strong> Utrzymanie klienta to ci\u0105g\u0142y proces, kt\u00f3ry wymaga ci\u0105g\u0142ego monitorowania i optymalizacji. Ustalamy metryki wydajno\u015bci i KPI, aby \u015bledzi\u0107 skuteczno\u015b\u0107 naszych inicjatyw, co pozwala nam dostosowywa\u0107 i udoskonala\u0107 nasze podej\u015bcie w czasie, aby uzyska\u0107 maksymalny wp\u0142yw.<\/li>\n\n\n\n<li><strong>Wsp\u00f3\u0142praca partnerska:<\/strong> Relacje z naszymi klientami postrzegamy jako prawdziwe partnerstwa zbudowane na zaufaniu, wsp\u00f3\u0142pracy i wsp\u00f3lnych celach. Nasi konsultanci pracuj\u0105 r\u0119ka w r\u0119k\u0119 z klientami przez ca\u0142y czas trwania wsp\u00f3\u0142pracy, zapewniaj\u0105c wskaz\u00f3wki, wiedz\u0119 specjalistyczn\u0105 i wsparcie na ka\u017cdym etapie.<\/li>\n<\/ul>\n\n\n\n<h2 class=\"wp-block-heading\">Lokalizacja naszego obiektu w Nowym Jorku<\/h2>\n\n\n\n<p>  <iframe loading=\"lazy\" src=\"https:\/\/www.google.com\/maps\/embed?pb=!1m18!1m12!1m3!1d3022.976188376966!2d-73.99130312499956!3d40.740549471389315!2m3!1f0!2f0!3f0!3m2!1i1024!2i768!4f13.1!3m3!1m2!1s0x89c259a15798c731%3A0xd695d09bdd495f25!2s11%20E%2022nd%20St%20FL%202%2C%20New%20York%2C%20NY%2010010%2C%20USA!5e0!3m2!1sen!2spe!4v1726171763526!5m2!1sen!2spe\" width=\"600\" height=\"450\" allowfullscreen=\"allowfullscreen\" data-mce-fragment=\"1\"><\/iframe>  <\/p>\n\n\n\n<h3 class=\"wp-block-heading\">11 E 22nd Street, pi\u0119tro 2, Nowy Jork, NY 10010 T: +1(212) 505-6805<\/h3>\n\n\n\n<hr class=\"wp-block-separator has-alpha-channel-opacity\"\/>\n\n\n\n<h2 class=\"wp-block-heading\"><span style=\"font-weight: 400;\">O firmie SIS International<\/span><\/h2>\n\n\n\n<p><a href=\"https:\/\/www.sisinternational.com\/pl\/\"><span style=\"font-weight: 400;\">SIS Mi\u0119dzynarodowy<\/span><\/a><span style=\"font-weight: 400;\"> oferuje badania ilo\u015bciowe, jako\u015bciowe i strategiczne. Dostarczamy dane, narz\u0119dzia, strategie, raporty i spostrze\u017cenia do podejmowania decyzji. Prowadzimy r\u00f3wnie\u017c wywiady, ankiety, grupy fokusowe i inne metody i podej\u015bcia do bada\u0144 rynku.<\/span><a href=\"https:\/\/www.sisinternational.com\/pl\/o-moich-miedzynarodowych-badaniach\/contact-sis-international-market-research\/\"><span style=\"font-weight: 400;\"> Skontaktuj si\u0119 z nami<\/span><\/a><span style=\"font-weight: 400;\"> dla Twojego kolejnego projektu badania rynku.<\/span><\/p>","protected":false},"excerpt":{"rendered":"<p>Doradztwo w zakresie utrzymania klient\u00f3w w sektorze us\u0142ug finansowych dotyczy strategii utrzymania klient\u00f3w i zwi\u0119kszania ich warto\u015bci w cyklu \u017cycia.<\/p>","protected":false},"author":1,"featured_media":62822,"parent":55793,"menu_order":72,"comment_status":"closed","ping_status":"closed","template":"","meta":{"footnotes":""},"class_list":["post-46784","page","type-page","status-publish","has-post-thumbnail"],"_links":{"self":[{"href":"https:\/\/www.sisinternational.com\/pl\/wp-json\/wp\/v2\/pages\/46784","targetHints":{"allow":["GET"]}}],"collection":[{"href":"https:\/\/www.sisinternational.com\/pl\/wp-json\/wp\/v2\/pages"}],"about":[{"href":"https:\/\/www.sisinternational.com\/pl\/wp-json\/wp\/v2\/types\/page"}],"author":[{"embeddable":true,"href":"https:\/\/www.sisinternational.com\/pl\/wp-json\/wp\/v2\/users\/1"}],"replies":[{"embeddable":true,"href":"https:\/\/www.sisinternational.com\/pl\/wp-json\/wp\/v2\/comments?post=46784"}],"version-history":[{"count":14,"href":"https:\/\/www.sisinternational.com\/pl\/wp-json\/wp\/v2\/pages\/46784\/revisions"}],"predecessor-version":[{"id":79569,"href":"https:\/\/www.sisinternational.com\/pl\/wp-json\/wp\/v2\/pages\/46784\/revisions\/79569"}],"up":[{"embeddable":true,"href":"https:\/\/www.sisinternational.com\/pl\/wp-json\/wp\/v2\/pages\/55793"}],"wp:featuredmedia":[{"embeddable":true,"href":"https:\/\/www.sisinternational.com\/pl\/wp-json\/wp\/v2\/media\/62822"}],"wp:attachment":[{"href":"https:\/\/www.sisinternational.com\/pl\/wp-json\/wp\/v2\/media?parent=46784"}],"curies":[{"name":"wp","href":"https:\/\/api.w.org\/{rel}","templated":true}]}}