{"id":46567,"date":"2024-02-28T18:11:01","date_gmt":"2024-02-28T23:11:01","guid":{"rendered":"https:\/\/www.sisinternational.com\/?page_id=46567"},"modified":"2026-01-26T18:52:15","modified_gmt":"2026-01-26T23:52:15","slug":"badania-rynku-fintech-dla-malych-i-srednich-przedsiebiorstw-oraz-doradztwo-strategiczne","status":"publish","type":"page","link":"https:\/\/www.sisinternational.com\/pl\/rozwiazania\/doradztwo-strategiczne-fintech-badania\/badania-rynku-fintech-dla-malych-i-srednich-przedsiebiorstw-oraz-doradztwo-strategiczne\/","title":{"rendered":"Badania rynku Fintech dla M\u015aP i doradztwo strategiczne"},"content":{"rendered":"<h1 class=\"wp-block-heading\">Badania rynku Fintech dla M\u015aP i doradztwo strategiczne<\/h1>\n\n\n\n<figure class=\"gb-block-image gb-block-image-3d2828ce\"><img loading=\"lazy\" decoding=\"async\" width=\"1456\" height=\"816\" class=\"gb-image gb-image-3d2828ce\" src=\"https:\/\/www.sisinternational.com\/wp-content\/uploads\/2025\/10\/SME-Fintech-3.jpg\" alt=\"SIS Mi\u0119dzynarodowe badania rynku i strategia\" title=\"SME Fintech (3)\" srcset=\"https:\/\/www.sisinternational.com\/wp-content\/uploads\/2025\/10\/SME-Fintech-3.jpg 1456w, https:\/\/www.sisinternational.com\/wp-content\/uploads\/2025\/10\/SME-Fintech-3-300x168.jpg 300w, https:\/\/www.sisinternational.com\/wp-content\/uploads\/2025\/10\/SME-Fintech-3-1024x574.jpg 1024w, https:\/\/www.sisinternational.com\/wp-content\/uploads\/2025\/10\/SME-Fintech-3-768x430.jpg 768w, https:\/\/www.sisinternational.com\/wp-content\/uploads\/2025\/10\/SME-Fintech-3-18x10.jpg 18w\" sizes=\"auto, (max-width: 1456px) 100vw, 1456px\"><\/figure>\n\n\n\n<p><\/p>\n\n\n\n<hr class=\"wp-block-separator has-alpha-channel-opacity\"\/>\n\n\n\n<p>Czy ma\u0142e i \u015brednie przedsi\u0119biorstwa (M\u015aP) skutecznie wykorzystuj\u0105 moc technologii finansowej (fintech) do nap\u0119dzania swojego wzrostu? Wraz z szybk\u0105 ewolucj\u0105 finans\u00f3w cyfrowych pytanie to staje si\u0119 coraz bardziej pilne, a badania rynku i doradztwo strategiczne s\u0105 niezb\u0119dnymi narz\u0119dziami dla MSP do nap\u0119dzania wzrostu i g\u0142\u0119bokiego zrozumienia rynku.<\/p>\n\n\n\n<h2 class=\"wp-block-heading\">Czym jest badanie rynku i doradztwo strategiczne w zakresie technologii finansowych dla M\u015aP?<\/h2>\n\n\n\n<p>SME f<a href=\"https:\/\/sisaisolutions.com\/application-of-ai-in-fintech\/\" target=\"_blank\" rel=\"noopener\">intech market research<\/a> and strategy consulting assist small and medium-sized enterprises navigate the complex intersection of financial technology and business strategy. Consultants in this field provide invaluable insights and guidance to SMEs seeking to optimize their use of fintech solutions in payments, lending, insurance, or other domains.<\/p>\n\n\n\n<h2 class=\"wp-block-heading\">Dlaczego badania rynku i doradztwo strategiczne dla M\u015aP w zakresie technologii finansowych s\u0105 tak wa\u017cne?<\/h2>\n\n\n\n<p>First and foremost, conducting thorough SME <a class=\"wpil_keyword_link\" href=\"https:\/\/www.sisinternational.com\/pl\/rozwiazania\/doradztwo-strategiczne\/fintech-market-research\/\" title=\"Badania rynku FinTech\" data-wpil-keyword-link=\"linked\" data-wpil-monitor-id=\"282\">fintech market research<\/a> and strategy consulting is essential for SMEs to understand the fintech landscape deeply, including emerging trends, key players, regulatory frameworks, and potential opportunities and threats.&nbsp;<\/p>\n\n\n\n<p>Moreover, consultants work closely with SMEs to develop customized <a href=\"https:\/\/www.sisinternational.com\/pl\/rozwiazania\/doradztwo-strategiczne\/scenario-planning\/\" title=\"Doradztwo strategiczne w zakresie planowania scenariuszy\" data-wpil-monitor-id=\"7110\">strategies<\/a> aligned with their business goals, financial capabilities, and risk tolerance.&nbsp;In any case, embarking on an SME <a href=\"https:\/\/www.sisinternational.com\/pl\/fintech-market-research-trends\/\" title=\"Trendy w badaniach rynku Fintech\" data-wpil-monitor-id=\"2852\">fintech market research<\/a> and strategy consulting journey brings forth many benefits for businesses aiming to thrive in today&#8217;s digital age. Its benefits include:<\/p>\n\n\n\n<ul class=\"wp-block-list\">\n<li><strong>Podejmowanie \u015bwiadomych decyzji:<\/strong> Dzi\u0119ki badaniom rynku i doradztwu M\u015aP zyskuj\u0105 cenne informacje na temat trend\u00f3w w dziedzinie technologii finansowych, co pozwala im podejmowa\u0107 \u015bwiadome decyzje dotycz\u0105ce wdra\u017cania technologii i inwestycji.<\/li>\n\n\n\n<li><strong>\u0141agodzenie ryzyka:<\/strong> By identifying potential risks and regulatory challenges early on, <a href=\"https:\/\/www.sisinternational.com\/pl\/rozwiazania\/doradztwo-strategiczne-fintech-badania\/fintech-go-to-market-consulting\/\" title=\"Doradztwo w zakresie wprowadzania FinTech na rynek\" data-wpil-monitor-id=\"5866\">consultants help SMEs navigate the fintech<\/a> landscape more effectively, minimizing the likelihood of costly setbacks.<\/li>\n\n\n\n<li><strong>Zwi\u0119kszona wydajno\u015b\u0107:<\/strong> Wdro\u017cenie rozwi\u0105za\u0144 fintech rekomendowanych przez firmy konsultingowe usprawnia procesy biznesowe, zwi\u0119kszaj\u0105c efektywno\u015b\u0107 operacyjn\u0105 i obni\u017caj\u0105c koszty.<\/li>\n\n\n\n<li><strong>Przewaga konkurencyjna:<\/strong> Strategiczne wykorzystanie technologii finansowych daje ma\u0142ym i \u015brednim przedsi\u0119biorstwom przewag\u0119 konkurencyjn\u0105, umo\u017cliwiaj\u0105c im zr\u00f3\u017cnicowanie oferty, przyci\u0105gni\u0119cie klient\u00f3w i zwi\u0119kszenie udzia\u0142u w rynku.<\/li>\n<\/ul>\n\n\n\n<h2 class=\"wp-block-heading\">Kto korzysta z us\u0142ug SME Fintech Market Research i Strategy Consulting<\/h2>\n\n\n\n<figure class=\"wp-block-image\"><img decoding=\"async\" src=\"https:\/\/www.sisinternational.com\/wp-content\/uploads\/2025\/02\/Fintech-21.jpeg\" alt=\"SIS Mi\u0119dzynarodowe badania rynku i strategia\" class=\"wp-image-56164\"><\/figure>\n\n\n\n<p><\/p>\n\n\n\n<p><strong>Small and Medium-Sized Enterprises<\/strong> often need more resources and expertise to navigate the complex fintech landscape independently.&nbsp;<\/p>\n\n\n\n<p>Ponadto, <strong>startups<\/strong> seeking to disrupt traditional financial services can leverage consulting services to refine their business models, identify market opportunities, and secure funding from investors. Similarly, <strong>financial Institutions<\/strong> such as banks and credit unions are increasingly turning to SME <a href=\"https:\/\/www.sisinternational.com\/pl\/fintech-trends-2025\/\" title=\"FinTech Trends\" data-wpil-monitor-id=\"6648\">fintech market research and strategy<\/a> consulting to enhance their offerings and stay competitive.<\/p>\n\n\n\n<p><strong>Investors and Venture Capitalists<\/strong> looking to capitalize on the growing fintech market also rely on consulting firms for due diligence and market analysis before making investment decisions. Consultants provide insights into market trends, competitive landscapes, and potential risks.<\/p>\n\n\n\n<h2 class=\"wp-block-heading\">Oczekiwane rezultaty naszych bada\u0144 rynku Fintech dla M\u015aP i doradztwa strategicznego<\/h2>\n\n\n\n<figure class=\"gb-block-image gb-block-image-4c3ee88c\"><img loading=\"lazy\" decoding=\"async\" width=\"1456\" height=\"816\" class=\"gb-image gb-image-4c3ee88c\" src=\"https:\/\/www.sisinternational.com\/wp-content\/uploads\/2025\/10\/SME-Fintech-1.jpg\" alt=\"SIS Mi\u0119dzynarodowe badania rynku i strategia\" title=\"SME Fintech (1)\" srcset=\"https:\/\/www.sisinternational.com\/wp-content\/uploads\/2025\/10\/SME-Fintech-1.jpg 1456w, https:\/\/www.sisinternational.com\/wp-content\/uploads\/2025\/10\/SME-Fintech-1-300x168.jpg 300w, https:\/\/www.sisinternational.com\/wp-content\/uploads\/2025\/10\/SME-Fintech-1-1024x574.jpg 1024w, https:\/\/www.sisinternational.com\/wp-content\/uploads\/2025\/10\/SME-Fintech-1-768x430.jpg 768w, https:\/\/www.sisinternational.com\/wp-content\/uploads\/2025\/10\/SME-Fintech-1-18x10.jpg 18w\" sizes=\"auto, (max-width: 1456px) 100vw, 1456px\"><\/figure>\n\n\n\n<p><\/p>\n\n\n\n<p>Zaanga\u017cowanie si\u0119 w badania rynku technologii finansowych i doradztwo strategiczne dla M\u015aP przynosi przedsi\u0119biorstwom szereg korzy\u015bci, w tym:<\/p>\n\n\n\n<ul class=\"wp-block-list\">\n<li><strong>Poprawa efektywno\u015bci operacyjnej:<\/strong> Wdra\u017caj\u0105c zalecane rozwi\u0105zania fintech, M\u015aP mog\u0105 usprawni\u0107 swoje dzia\u0142ania, zautomatyzowa\u0107 procesy manualne i zmniejszy\u0107 obci\u0105\u017cenia administracyjne, co prze\u0142o\u017cy si\u0119 na oszcz\u0119dno\u015bci koszt\u00f3w i wzrost produktywno\u015bci.<\/li>\n\n\n\n<li><strong>Lepsze do\u015bwiadczenia klient\u00f3w:<\/strong> Leveraging fintech enables SMEs to offer innovative products and services tailored to meet their customers&#8217; evolving needs, leading to higher levels of customer satisfaction, loyalty, and retention.<\/li>\n\n\n\n<li><strong>Zwi\u0119kszona przewaga konkurencyjna:<\/strong> Dzi\u0119ki wyprzedzaniu trend\u00f3w w dziedzinie technologii finansowych i wdra\u017caniu transformacji cyfrowej ma\u0142e i \u015brednie przedsi\u0119biorstwa mog\u0105 wyr\u00f3\u017cni\u0107 si\u0119 na tle konkurencji, przyci\u0105gn\u0105\u0107 nowych klient\u00f3w i zwi\u0119kszy\u0107 udzia\u0142 w rynku.<\/li>\n\n\n\n<li><strong>Dost\u0119p do nowych rynk\u00f3w:<\/strong> Rozwi\u0105zania Fintech, takie jak platformy handlu elektronicznego, systemy p\u0142atno\u015bci cyfrowych i aplikacje bankowo\u015bci mobilnej, u\u0142atwiaj\u0105 dost\u0119p do rynk\u00f3w globalnych, umo\u017cliwiaj\u0105c M\u015aP dotarcie do klient\u00f3w spoza tradycyjnych granic geograficznych.<\/li>\n\n\n\n<li><strong>Ograniczanie ryzyka i zgodno\u015b\u0107:<\/strong> Through strategic consulting, SMEs can navigate regulatory challenges and mitigate compliance risks associated with fintech adoption.\u00a0<\/li>\n<\/ul>\n\n\n\n<h2 class=\"wp-block-heading\">Mo\u017cliwo\u015bci w zakresie bada\u0144 rynku Fintech dla M\u015aP i doradztwa strategicznego dla przedsi\u0119biorstw<\/h2>\n\n\n\n<p>Badanie mo\u017cliwo\u015bci w zakresie bada\u0144 rynku technologii finansowych i doradztwa strategicznego dla M\u015aP odkrywa wiele dr\u00f3g, na kt\u00f3rych firmy mog\u0105 si\u0119 rozwija\u0107 i osi\u0105ga\u0107 sukcesy:<\/p>\n\n\n\n<ul class=\"wp-block-list\">\n<li><strong>Ekspansja rynkowa:<\/strong> Konsultanci pomagaj\u0105 ma\u0142ym i \u015brednim przedsi\u0119biorstwom w wykorzystaniu rozwi\u0105za\u0144 fintech w celu rozszerzenia ich zasi\u0119gu rynkowego, dotarcia do nowych segment\u00f3w klient\u00f3w i rynk\u00f3w geograficznych, do kt\u00f3rych wcze\u015bniej nie mo\u017cna by\u0142o dotrze\u0107 za po\u015brednictwem tradycyjnych kana\u0142\u00f3w.<\/li>\n\n\n\n<li><strong>Innowacja produktowa:<\/strong> Dzi\u0119ki badaniom rynku i doradztwu strategicznemu ma\u0142e i \u015brednie przedsi\u0119biorstwa mog\u0105 wykorzysta\u0107 technologie finansowe do udoskonalenia swojej oferty produkt\u00f3w, wprowadzenia nowych funkcji, funkcjonalno\u015bci i us\u0142ug o warto\u015bci dodanej, kt\u00f3re przypadn\u0105 do gustu klientom i wyr\u00f3\u017cni\u0105 je na tle konkurencji.<\/li>\n\n\n\n<li><strong>Efektywno\u015b\u0107 operacyjna:<\/strong> Rozwi\u0105zania Fintech usprawniaj\u0105 procesy wewn\u0119trzne, automatyzuj\u0105 powtarzalne zadania i optymalizuj\u0105 alokacj\u0119 zasob\u00f3w, co przek\u0142ada si\u0119 na zwi\u0119kszon\u0105 wydajno\u015b\u0107 operacyjn\u0105, redukcj\u0119 koszt\u00f3w i popraw\u0119 wynik\u00f3w finansowych.<\/li>\n\n\n\n<li><strong>Zarz\u0105dzanie ryzykiem:<\/strong> Konsultanci pomagaj\u0105 ma\u0142ym i \u015brednim przedsi\u0119biorstwom porusza\u0107 si\u0119 po zawi\u0142o\u015bciach regulacyjnych i ogranicza\u0107 ryzyko zwi\u0105zane z wdra\u017caniem technologii finansowych, zapewniaj\u0105c zgodno\u015b\u0107 z wymogami prawnymi i chroni\u0105c si\u0119 przed potencjalnymi zagro\u017ceniami dla ci\u0105g\u0142o\u015bci dzia\u0142ania firmy.<\/li>\n\n\n\n<li><strong>Mo\u017cliwo\u015bci partnerstwa:<\/strong> Firmy konsultingowe u\u0142atwiaj\u0105 strategiczne partnerstwa i wsp\u00f3\u0142prac\u0119 mi\u0119dzy M\u015aP a dostawcami technologii finansowych, umo\u017cliwiaj\u0105c dost\u0119p do innowacyjnych technologii, wsp\u00f3\u0142dzielonych zasob\u00f3w i nowych \u017ar\u00f3de\u0142 przychod\u00f3w.<\/li>\n<\/ul>\n\n\n\n<h2 class=\"wp-block-heading\">Wyzwania dla bada\u0144 rynku Fintech dla M\u015aP i doradztwa strategicznego dla przedsi\u0119biorstw<\/h2>\n\n\n\n<p>Pomimo wielu mo\u017cliwo\u015bci, badania rynku technologii finansowych i doradztwo strategiczne dla M\u015aP stwarzaj\u0105 r\u00f3wnie\u017c przedsi\u0119biorstwom szereg wyzwa\u0144, w tym:<\/p>\n\n\n\n<ul class=\"wp-block-list\">\n<li><strong>Z\u0142o\u017cono\u015b\u0107 krajobrazu Fintech:<\/strong> Szybkie tempo innowacji technologicznych i rozprzestrzenianie si\u0119 rozwi\u0105za\u0144 fintechowych utrudniaj\u0105 firmom poruszanie si\u0119 w skomplikowanym \u015brodowisku opcji, ocen\u0119 ich przydatno\u015bci i identyfikacj\u0119 rozwi\u0105za\u0144 najbardziej efektywnych dla ich konkretnych potrzeb.<\/li>\n\n\n\n<li><strong>Zgodno\u015b\u0107 z przepisami:<\/strong> Zgodno\u015b\u0107 z ewoluuj\u0105cymi wymogami regulacyjnymi stanowi powa\u017cne wyzwanie dla firm przyjmuj\u0105cych rozwi\u0105zania fintech. Poruszanie si\u0119 po ramach regulacyjnych, zapewnianie bezpiecze\u0144stwa danych i \u0142agodzenie ryzyka zgodno\u015bci wymaga specjalistycznej wiedzy i zasob\u00f3w.<\/li>\n\n\n\n<li><strong>Integracja i wdro\u017cenie:<\/strong> Integracja nowych rozwi\u0105za\u0144 fintech z istniej\u0105cymi systemami i przep\u0142ywami pracy mo\u017ce by\u0107 skomplikowana i czasoch\u0142onna. Firmy musz\u0105 zapewni\u0107 bezproblemow\u0105 integracj\u0119, interoperacyjno\u015b\u0107 danych i adopcj\u0119 przez u\u017cytkownik\u00f3w, aby w pe\u0142ni wykorzysta\u0107 zalety adopcji fintech.<\/li>\n\n\n\n<li><strong>Zagro\u017cenia cyberbezpiecze\u0144stwa:<\/strong> Rosn\u0105ca digitalizacja niesie ze sob\u0105 zwi\u0119kszone ryzyko cyberbezpiecze\u0144stwa, w tym naruszenia danych, cyberataki i oszustwa. Firmy musz\u0105 wdro\u017cy\u0107 solidne \u015brodki cyberbezpiecze\u0144stwa, aby chroni\u0107 poufne informacje, dane klient\u00f3w i transakcje finansowe przed zagro\u017ceniami bezpiecze\u0144stwa.<\/li>\n<\/ul>\n\n\n\n<h2 class=\"wp-block-heading\">Co wyr\u00f3\u017cnia firm\u0119 SIS SME Fintech Market Research and Strategy Consulting?<\/h2>\n\n\n\n<figure class=\"gb-block-image gb-block-image-80ccc030\"><img loading=\"lazy\" decoding=\"async\" width=\"1456\" height=\"816\" class=\"gb-image gb-image-80ccc030\" src=\"https:\/\/www.sisinternational.com\/wp-content\/uploads\/2025\/10\/SME-Fintech-2.jpg\" alt=\"SIS Mi\u0119dzynarodowe badania rynku i strategia\" title=\"SME Fintech (2)\" srcset=\"https:\/\/www.sisinternational.com\/wp-content\/uploads\/2025\/10\/SME-Fintech-2.jpg 1456w, https:\/\/www.sisinternational.com\/wp-content\/uploads\/2025\/10\/SME-Fintech-2-300x168.jpg 300w, https:\/\/www.sisinternational.com\/wp-content\/uploads\/2025\/10\/SME-Fintech-2-1024x574.jpg 1024w, https:\/\/www.sisinternational.com\/wp-content\/uploads\/2025\/10\/SME-Fintech-2-768x430.jpg 768w, https:\/\/www.sisinternational.com\/wp-content\/uploads\/2025\/10\/SME-Fintech-2-18x10.jpg 18w\" sizes=\"auto, (max-width: 1456px) 100vw, 1456px\"><\/figure>\n\n\n\n<p><\/p>\n\n\n\n<p><a href=\"https:\/\/www.linkedin.com\/company\/sisinternationalresearch\/posts\/?feedView=all\" target=\"_blank\" rel=\"noopener\">SIS<\/a> SME fintech market research and strategy consulting stand out for several distinctive features that set it apart from traditional consulting approaches:<\/p>\n\n\n\n<ul class=\"wp-block-list\">\n<li><strong>Podej\u015bcie zorientowane na klienta:<\/strong> SIS consulting mocno podkre\u015bla zrozumienie unikalnych potrzeb, wyzwa\u0144 i aspiracji ka\u017cdego klienta. Konsultanci stosuj\u0105 podej\u015bcie dostosowane do indywidualnych potrzeb, opracowuj\u0105c rozwi\u0105zania dostosowane do cel\u00f3w biznesowych klienta i dynamiki bran\u017cy.<\/li>\n\n\n\n<li><strong>Perspektywa holistyczna:<\/strong> Rather than focusing solely on technology or strategy in isolation, SIS consulting takes a holistic view of the client&#8217;s business, considering factors such as market trends, regulatory requirements, competitive landscape, and organizational culture.\u00a0<\/li>\n\n\n\n<li><strong>Innowacyjne rozwi\u0105zania:<\/strong> SIS consultants leverage cutting-edge fintech solutions and creative methodologies to drive business transformation and unlock new growth opportunities.\u00a0<\/li>\n\n\n\n<li><strong>Wsp\u00f3\u0142praca partnerska:<\/strong> Eksperci SIS wspieraj\u0105 wsp\u00f3\u0142prac\u0119 partnersk\u0105 mi\u0119dzy konsultantami a klientami, opart\u0105 na zaufaniu, przejrzysto\u015bci i otwartej komunikacji. Konsultanci \u015bci\u015ble wsp\u00f3\u0142pracuj\u0105 z klientami w ca\u0142ym procesie konsultingowym, prosz\u0105c o opinie, dziel\u0105c si\u0119 spostrze\u017ceniami i wsp\u00f3\u0142tworz\u0105c rozwi\u0105zania, kt\u00f3re zapewniaj\u0105 namacaln\u0105 warto\u015b\u0107.<\/li>\n\n\n\n<li><strong>D\u0142ugoterminowy wp\u0142yw:<\/strong> SIS priorytetowo traktuje rozwi\u0105zania, kt\u00f3re zapewniaj\u0105 klientom zr\u00f3wnowa\u017cony, d\u0142ugoterminowy wp\u0142yw. Konsultanci skupiaj\u0105 si\u0119 na budowaniu zdolno\u015bci, wzmacnianiu odporno\u015bci i nap\u0119dzaniu ci\u0105g\u0142ego doskonalenia, aby zapewni\u0107 klientom dobr\u0105 pozycj\u0119 do sukcesu w ci\u0105gle zmieniaj\u0105cym si\u0119 krajobrazie fintech.<\/li>\n<\/ul>\n\n\n\n<h2 class=\"wp-block-heading\">Lokalizacja naszego obiektu w Nowym Jorku<\/h2>\n\n\n\n<p>  <iframe loading=\"lazy\" src=\"https:\/\/www.google.com\/maps\/embed?pb=!1m18!1m12!1m3!1d3022.976188376966!2d-73.99130312499956!3d40.740549471389315!2m3!1f0!2f0!3f0!3m2!1i1024!2i768!4f13.1!3m3!1m2!1s0x89c259a15798c731%3A0xd695d09bdd495f25!2s11%20E%2022nd%20St%20FL%202%2C%20New%20York%2C%20NY%2010010%2C%20USA!5e0!3m2!1sen!2spe!4v1726171763526!5m2!1sen!2spe\" width=\"600\" height=\"450\" allowfullscreen=\"allowfullscreen\" data-mce-fragment=\"1\"><\/iframe>  <\/p>\n\n\n\n<h3 class=\"wp-block-heading\">11 E 22nd Street, pi\u0119tro 2, Nowy Jork, NY 10010 T: +1(212) 505-6805<\/h3>\n\n\n\n<hr class=\"wp-block-separator has-alpha-channel-opacity\"\/>\n\n\n\n<h2 class=\"wp-block-heading\"><span style=\"font-weight: 400;\">O firmie SIS International<\/span><\/h2>\n\n\n\n<p><a href=\"https:\/\/www.sisinternational.com\/pl\/\"><span style=\"font-weight: 400;\">SIS Mi\u0119dzynarodowy<\/span><\/a><span style=\"font-weight: 400;\"> oferuje badania ilo\u015bciowe, jako\u015bciowe i strategiczne. Dostarczamy dane, narz\u0119dzia, strategie, raporty i spostrze\u017cenia do podejmowania decyzji. Prowadzimy r\u00f3wnie\u017c wywiady, ankiety, grupy fokusowe i inne metody i podej\u015bcia do bada\u0144 rynku.<\/span><a href=\"https:\/\/www.sisinternational.com\/pl\/o-moich-miedzynarodowych-badaniach\/contact-sis-international-market-research\/\"><span style=\"font-weight: 400;\"> Skontaktuj si\u0119 z nami<\/span><\/a><span style=\"font-weight: 400;\"> dla Twojego kolejnego projektu badania rynku.<\/span><\/p>","protected":false},"excerpt":{"rendered":"<p>Badania rynku technologii finansowych i doradztwo strategiczne dla M\u015aP pomagaj\u0105 M\u015aP w zakresie technologii finansowych i przedsi\u0119biorstwom \u015bledzi\u0107 trendy rynkowe i formu\u0142owa\u0107 strategie.<\/p>","protected":false},"author":1,"featured_media":71806,"parent":27462,"menu_order":71,"comment_status":"closed","ping_status":"closed","template":"","meta":{"footnotes":""},"class_list":["post-46567","page","type-page","status-publish","has-post-thumbnail"],"_links":{"self":[{"href":"https:\/\/www.sisinternational.com\/pl\/wp-json\/wp\/v2\/pages\/46567","targetHints":{"allow":["GET"]}}],"collection":[{"href":"https:\/\/www.sisinternational.com\/pl\/wp-json\/wp\/v2\/pages"}],"about":[{"href":"https:\/\/www.sisinternational.com\/pl\/wp-json\/wp\/v2\/types\/page"}],"author":[{"embeddable":true,"href":"https:\/\/www.sisinternational.com\/pl\/wp-json\/wp\/v2\/users\/1"}],"replies":[{"embeddable":true,"href":"https:\/\/www.sisinternational.com\/pl\/wp-json\/wp\/v2\/comments?post=46567"}],"version-history":[{"count":17,"href":"https:\/\/www.sisinternational.com\/pl\/wp-json\/wp\/v2\/pages\/46567\/revisions"}],"predecessor-version":[{"id":80674,"href":"https:\/\/www.sisinternational.com\/pl\/wp-json\/wp\/v2\/pages\/46567\/revisions\/80674"}],"up":[{"embeddable":true,"href":"https:\/\/www.sisinternational.com\/pl\/wp-json\/wp\/v2\/pages\/27462"}],"wp:featuredmedia":[{"embeddable":true,"href":"https:\/\/www.sisinternational.com\/pl\/wp-json\/wp\/v2\/media\/71806"}],"wp:attachment":[{"href":"https:\/\/www.sisinternational.com\/pl\/wp-json\/wp\/v2\/media?parent=46567"}],"curies":[{"name":"wp","href":"https:\/\/api.w.org\/{rel}","templated":true}]}}