{"id":46321,"date":"2024-02-23T23:06:13","date_gmt":"2024-02-24T04:06:13","guid":{"rendered":"https:\/\/www.sisinternational.com\/?page_id=46321"},"modified":"2026-01-24T14:24:57","modified_gmt":"2026-01-24T19:24:57","slug":"badania-rynku-ukladow-elektronicznych","status":"publish","type":"page","link":"https:\/\/www.sisinternational.com\/pl\/ekspertyza\/badania-rynku-ukladow-elektronicznych\/","title":{"rendered":"Badania rynku uk\u0142ad\u00f3w elektronicznych"},"content":{"rendered":"<h1 class=\"wp-block-heading\">Badania rynku uk\u0142ad\u00f3w elektronicznych<\/h1>\n\n\n\n<figure class=\"gb-block-image gb-block-image-186c5a61\"><img loading=\"lazy\" decoding=\"async\" width=\"1456\" height=\"816\" class=\"gb-image gb-image-186c5a61\" src=\"https:\/\/www.sisinternational.com\/wp-content\/uploads\/2025\/08\/Electronic-Circuits-4.jpg\" alt=\"SIS Mi\u0119dzynarodowe badania rynku i strategia\" title=\"Electronic Circuits (4)\" srcset=\"https:\/\/www.sisinternational.com\/wp-content\/uploads\/2025\/08\/Electronic-Circuits-4.jpg 1456w, https:\/\/www.sisinternational.com\/wp-content\/uploads\/2025\/08\/Electronic-Circuits-4-300x168.jpg 300w, https:\/\/www.sisinternational.com\/wp-content\/uploads\/2025\/08\/Electronic-Circuits-4-1024x574.jpg 1024w, https:\/\/www.sisinternational.com\/wp-content\/uploads\/2025\/08\/Electronic-Circuits-4-768x430.jpg 768w, https:\/\/www.sisinternational.com\/wp-content\/uploads\/2025\/08\/Electronic-Circuits-4-18x10.jpg 18w\" sizes=\"auto, (max-width: 1456px) 100vw, 1456px\"><\/figure>\n\n\n\n<p><\/p>\n\n\n\n<p>Badania rynku uk\u0142ad\u00f3w elektronicznych dostarczaj\u0105 cennych informacji na temat trend\u00f3w konsumenckich, post\u0119pu technologicznego i dynamiki konkurencji, a interesariusze mog\u0105 odkry\u0107 klucze do podejmowania strategicznych decyzji, rozwoju produkt\u00f3w i pozycjonowania na rynku, zapewniaj\u0105c sobie nad\u0105\u017canie za zmianami technologicznymi i przewodzenie im.<\/p>\n\n\n\n<h2 class=\"wp-block-heading\">Czym jest badanie rynku obwod\u00f3w elektronicznych?<\/h2>\n\n\n\n<p>Badania rynku obwod\u00f3w elektronicznych maj\u0105 na celu zrozumienie wszystkich aspekt\u00f3w obwod\u00f3w elektronicznych, w tym ich projektowania, produkcji, zastosowania i dystrybucji. Badania te s\u0105 kluczowe dla firm poruszaj\u0105cych si\u0119 po szybko rozwijaj\u0105cym si\u0119 przemy\u015ble elektronicznym, oferuj\u0105c wgl\u0105d w trendy rynkowe, wymagania konsument\u00f3w i post\u0119p technologiczny.<\/p>\n\n\n\n<p>This market research involves collecting and analyzing data related to the electronic circuits industry. It includes studying various types of circuits, such as integrated circuits (ICs), printed circuit boards (PCBs), and semiconductor devices, and their applications across a wide range of <a href=\"https:\/\/www.sisinternational.com\/pl\/ekspertyza\/cv-z-doswiadczeniem\/cv-z-doswiadczeniem-w-branzy-motoryzacyjnej\/\" title=\"Firma badawcza rynku bran\u017cy motoryzacyjnej\"  data-wpil-monitor-id=\"8200\">industries from consumer electronics to automotive<\/a> and industrial automation.<\/p>\n\n\n\n<p>Furthermore, electronic circuits market research delves into the competitive landscape, identifying key players in the industry, their market shares, and strategies. This <a href=\"https:\/\/www.sisinternational.com\/pl\/zasieg\/badania-rynku-azja\/asia-competitive-intelligence-company\/\" title=\"Azjatycka firma zajmuj\u0105ca si\u0119 wywiadem konkurencyjnym\"  data-wpil-monitor-id=\"8202\">competitive intelligence is invaluable for companies<\/a> looking to position their products effectively, identify gaps in the market, and understand the barriers to entry for new products or technologies.<\/p>\n\n\n\n<h2 class=\"wp-block-heading\">Dlaczego firmy potrzebuj\u0105 bada\u0144 rynku obwod\u00f3w elektronicznych?<\/h2>\n\n\n\n<figure class=\"gb-block-image gb-block-image-b00869bc\"><img loading=\"lazy\" decoding=\"async\" width=\"1456\" height=\"816\" class=\"gb-image gb-image-b00869bc\" src=\"https:\/\/www.sisinternational.com\/wp-content\/uploads\/2025\/08\/Electronic-Circuits-1.jpg\" alt=\"SIS Mi\u0119dzynarodowe badania rynku i strategia\" title=\"Electronic Circuits (1)\" srcset=\"https:\/\/www.sisinternational.com\/wp-content\/uploads\/2025\/08\/Electronic-Circuits-1.jpg 1456w, https:\/\/www.sisinternational.com\/wp-content\/uploads\/2025\/08\/Electronic-Circuits-1-300x168.jpg 300w, https:\/\/www.sisinternational.com\/wp-content\/uploads\/2025\/08\/Electronic-Circuits-1-1024x574.jpg 1024w, https:\/\/www.sisinternational.com\/wp-content\/uploads\/2025\/08\/Electronic-Circuits-1-768x430.jpg 768w, https:\/\/www.sisinternational.com\/wp-content\/uploads\/2025\/08\/Electronic-Circuits-1-18x10.jpg 18w\" sizes=\"auto, (max-width: 1456px) 100vw, 1456px\"><\/figure>\n\n\n\n<p><\/p>\n\n\n\n<p>The electronic circuits industry is at the forefront of technological innovation, with new developments continually emerging. Electronic circuits market research helps businesses understand these technological trends, enabling them to innovate effectively and develop <a href=\"https:\/\/www.sisinternational.com\/pl\/ekspertyza\/cv-z-doswiadczeniem\/badania-rynku-produktow-do-pielegnacji-osobistej\/\" title=\"Badania rynku produkt\u00f3w do piel\u0119gnacji osobistej\"  data-wpil-monitor-id=\"8215\">products that align with future market<\/a> demands.<\/p>\n\n\n\n<p>Ponadto, poniewa\u017c urz\u0105dzenia elektroniczne staj\u0105 si\u0119 coraz bardziej integraln\u0105 cz\u0119\u015bci\u0105 codziennego \u017cycia, zrozumienie preferencji i wymaga\u0144 konsument\u00f3w staje si\u0119 kluczowe. Badania rynku obwod\u00f3w elektronicznych dostarczaj\u0105 wgl\u0105du w potrzeby konsument\u00f3w dotycz\u0105ce funkcjonalno\u015bci, wydajno\u015bci i niezawodno\u015bci, umo\u017cliwiaj\u0105c firmom dostosowywanie swoich produkt\u00f3w do tych potrzeb.<\/p>\n\n\n\n<p>Ponadto badania rynku oferuj\u0105 g\u0142\u0119bokie zanurzenie si\u0119 w krajobrazie konkurencyjnym, ujawniaj\u0105c mocne i s\u0142abe strony konkurent\u00f3w oraz ich strategie. Ta inteligencja jest kluczowa dla opracowania unikalnej propozycji warto\u015bci i identyfikacji niedostatecznie obs\u0142ugiwanych nisz rynkowych.<\/p>\n\n\n\n<h2 class=\"wp-block-heading\">Jakie s\u0105 korzy\u015bci z bada\u0144 rynku obwod\u00f3w elektronicznych?<\/h2>\n\n\n\n<p>Korzy\u015bci p\u0142yn\u0105ce z bada\u0144 rynku uk\u0142ad\u00f3w elektronicznych s\u0105 ogromne i dotycz\u0105 r\u00f3\u017cnych aspekt\u00f3w strategii biznesowej i efektywno\u015bci operacyjnej, takich jak:<\/p>\n\n\n\n<ul class=\"wp-block-list\">\n<li><strong>Ulepszony rozw\u00f3j produktu:<\/strong> Insights into consumer needs and technological advancements enable companies to tailor their <a href=\"https:\/\/www.sisinternational.com\/pl\/rozwiazania\/doradztwo-strategiczne\/minimum-viable-product-market-research\/\" title=\"Minimalne badanie rynku produkt\u00f3w op\u0142acalnych\"  data-wpil-monitor-id=\"8218\">product offerings to meet market<\/a> demands. This can lead to the development of innovative products that differentiate businesses from their competitors and meet the evolving needs of end-users.<\/li>\n\n\n\n<li><strong>Przewaga konkurencyjna:<\/strong> Zrozumienie otoczenia konkurencyjnego, w tym g\u0142\u00f3wnych graczy, udzia\u0142\u00f3w w rynku i strategii, umo\u017cliwia przedsi\u0119biorstwom identyfikacj\u0119 ich unikalnych propozycji warto\u015bci.<\/li>\n\n\n\n<li><strong>\u0141agodzenie ryzyka:<\/strong> Badania rynku obwod\u00f3w elektronicznych pomagaj\u0105 w identyfikacji potencjalnych ryzyk zwi\u0105zanych z trendami rynkowymi, zmianami regulacyjnymi i zak\u0142\u00f3ceniami technologicznymi. Dzi\u0119ki tym informacjom firmy mog\u0105 opracowa\u0107 strategie \u0142agodzenia tych ryzyk, zapewniaj\u0105c d\u0142ugoterminow\u0105 stabilno\u015b\u0107 i wzrost.<\/li>\n\n\n\n<li><strong>Ekspansja rynkowa:<\/strong> Dla firm planuj\u0105cych ekspansj\u0119 geograficzn\u0105 lub wprowadzenie nowych linii produkt\u00f3w badania rynku oferuj\u0105 wgl\u0105d w potencjalne rynki, segmenty klient\u00f3w i kana\u0142y dystrybucji.<\/li>\n\n\n\n<li><strong>Spostrze\u017cenia klient\u00f3w:<\/strong> A deep understanding of customer preferences, purchasing behaviors, and satisfaction drivers allows businesses to <a href=\"https:\/\/www.sisinternational.com\/pl\/kampania-marketingowa-wielokanalowa\/\" title=\"Optymalizacja strategii marketingu wielokana\u0142owego w celu zwi\u0119kszenia penetracji rynku\"  data-wpil-monitor-id=\"8204\">enhance their marketing strategies<\/a>, improve customer engagement, and increase loyalty.<\/li>\n\n\n\n<li><strong>Efektywno\u015b\u0107 operacyjna:<\/strong> Wnioski z bada\u0144 rynku obwod\u00f3w elektronicznych mog\u0105 r\u00f3wnie\u017c wskaza\u0107 obszary do udoskonalenia operacyjnego, od optymalizacji \u0142a\u0144cucha dostaw po procesy produkcyjne. Mo\u017ce to prowadzi\u0107 do redukcji koszt\u00f3w, poprawy mar\u017c i poprawy jako\u015bci produktu.<\/li>\n<\/ul>\n\n\n\n<h2 class=\"wp-block-heading\">Kto korzysta z bada\u0144 rynku obwod\u00f3w elektronicznych<\/h2>\n\n\n\n<p>Badania rynku obwod\u00f3w elektronicznych s\u0105 istotnym zasobem dla r\u00f3\u017cnych interesariuszy w bran\u017cy elektronicznej. Ich spostrze\u017cenia i ustalenia s\u0105 pomocne dla r\u00f3\u017cnych podmiot\u00f3w, od producent\u00f3w i dostawc\u00f3w po inwestor\u00f3w i decydent\u00f3w, kt\u00f3rzy wykorzystuj\u0105 dane do podejmowania decyzji, strategii i polityk.<\/p>\n\n\n\n<ul class=\"wp-block-list\">\n<li><strong>Producenci uk\u0142ad\u00f3w i podzespo\u0142\u00f3w elektronicznych:<\/strong> Producenci polegaj\u0105 na badaniach rynku obwod\u00f3w elektronicznych, aby zrozumie\u0107 obecne wymagania rynku, trendy technologiczne i krajobrazy konkurencyjne. Te spostrze\u017cenia pozwalaj\u0105 im rozwija\u0107 nowe produkty, ulepsza\u0107 istniej\u0105ce oferty i opracowywa\u0107 strategie wej\u015bcia na rynek dla innowacji, zapewniaj\u0105c, \u017ce skutecznie spe\u0142niaj\u0105 potrzeby u\u017cytkownik\u00f3w ko\u0144cowych.<\/li>\n\n\n\n<li><strong>Dostawcy i dystrybutorzy:<\/strong> Dostawcy i dystrybutorzy uk\u0142ad\u00f3w elektronicznych i powi\u0105zanych podzespo\u0142\u00f3w wykorzystuj\u0105 badania rynku uk\u0142ad\u00f3w elektronicznych w celu dostosowania swojego stanu magazynowego, strategii sprzeda\u017cy i sieci dystrybucji do aktualnych wymaga\u0144 rynku.<\/li>\n\n\n\n<li><strong>Tw\u00f3rcy i innowatorzy technologii:<\/strong> Podmioty skupiaj\u0105ce si\u0119 na rozwijaniu nowych technologii i innowacji w sektorze elektroniki polegaj\u0105 na badaniach rynku, aby kierowa\u0107 swoimi dzia\u0142aniami badawczo-rozwojowymi. Wgl\u0105d w pojawiaj\u0105ce si\u0119 trendy, niezaspokojone potrzeby i potencjalne prze\u0142omy technologiczne pomagaj\u0105 im skupi\u0107 swoje projekty rozwojowe na obszarach o najwi\u0119kszym potencjale wp\u0142ywu na rynek i obszarach adopcji.<\/li>\n\n\n\n<li><strong>Inwestorzy i analitycy finansowi:<\/strong> Inwestorzy i analitycy finansowi zainteresowani bran\u017c\u0105 elektroniczn\u0105 wykorzystuj\u0105 badania rynku uk\u0142ad\u00f3w elektronicznych w celu identyfikowania obiecuj\u0105cych mo\u017cliwo\u015bci, oceny wykonalno\u015bci inwestycji i zrozumienia dynamiki rynku.<\/li>\n<\/ul>\n\n\n\n<h2 class=\"wp-block-heading\">Kiedy przeprowadza\u0107 badania rynku uk\u0142ad\u00f3w elektronicznych<\/h2>\n\n\n\n<figure class=\"gb-block-image gb-block-image-22142b42\"><img loading=\"lazy\" decoding=\"async\" width=\"1456\" height=\"816\" class=\"gb-image gb-image-22142b42\" src=\"https:\/\/www.sisinternational.com\/wp-content\/uploads\/2025\/08\/Electronic-Circuits-3.jpg\" alt=\"SIS Mi\u0119dzynarodowe badania rynku i strategia\" title=\"Electronic Circuits (3)\" srcset=\"https:\/\/www.sisinternational.com\/wp-content\/uploads\/2025\/08\/Electronic-Circuits-3.jpg 1456w, https:\/\/www.sisinternational.com\/wp-content\/uploads\/2025\/08\/Electronic-Circuits-3-300x168.jpg 300w, https:\/\/www.sisinternational.com\/wp-content\/uploads\/2025\/08\/Electronic-Circuits-3-1024x574.jpg 1024w, https:\/\/www.sisinternational.com\/wp-content\/uploads\/2025\/08\/Electronic-Circuits-3-768x430.jpg 768w, https:\/\/www.sisinternational.com\/wp-content\/uploads\/2025\/08\/Electronic-Circuits-3-18x10.jpg 18w\" sizes=\"auto, (max-width: 1456px) 100vw, 1456px\"><\/figure>\n\n\n\n<p><\/p>\n\n\n\n<p>Recognizing the critical <a href=\"https:\/\/www.sisinternational.com\/pl\/momenty-prawdy-badania-rynku\/\" title=\"Badania rynku \u201eChwile prawdy\u201d\"  data-wpil-monitor-id=\"986\">moments to invest in market research<\/a> can amplify its benefits, guiding product innovation, market-entry, and competitive strategy with timely, actionable insights.<\/p>\n\n\n\n<ul class=\"wp-block-list\">\n<li><strong>Rozw\u00f3j przedprodukcyjny: <\/strong>Przed opracowaniem nowego obwodu elektronicznego lub linii produkt\u00f3w, przeprowadzenie bada\u0144 rynku obwod\u00f3w elektronicznych mo\u017ce odkry\u0107 niezaspokojone potrzeby, pojawiaj\u0105ce si\u0119 trendy i post\u0119p technologiczny. Ta wst\u0119pna wiedza zapewnia, \u017ce wysi\u0142ki zwi\u0105zane z rozwojem produktu s\u0105 zgodne z wymaganiami rynku, maksymalizuj\u0105c potencjalny sukces.<\/li>\n\n\n\n<li><strong>Przed wej\u015bciem na rynek lub ekspansj\u0105: <\/strong>Market research is critical before entering a new market or expanding within an existing one. It provides a comprehensive understanding of local market conditions, consumer preferences, and regulatory landscapes, facilitating successful <a href=\"https:\/\/www.sisinternational.com\/pl\/rozwiazania\/sis-global-growth\/market-entry-strategy\/\" title=\"Market Entry Consulting\"  data-wpil-monitor-id=\"8198\">strategie wej\u015bcia na rynek<\/a> and minimizing risks.<\/li>\n\n\n\n<li><strong>Podczas planowania strategicznego: <\/strong>Sesje planowania strategicznego korzystaj\u0105 w du\u017cym stopniu z aktualnych bada\u0144 rynku obwod\u00f3w elektronicznych, zapewniaj\u0105c podstaw\u0119 do ustalania realistycznych cel\u00f3w i strategii. Wgl\u0105d w wielko\u015b\u0107 rynku, perspektywy wzrostu i dynamik\u0119 konkurencji informuj\u0105 o d\u0142ugoterminowym planowaniu i alokacji zasob\u00f3w.<\/li>\n\n\n\n<li><strong>W odpowiedzi na zmiany konkurencyjne: <\/strong>Gdy konkurenci wprowadzaj\u0105 nowe produkty, technologie lub wchodz\u0105 na nowe rynki, przeprowadzenie bada\u0144 rynku obwod\u00f3w elektronicznych mo\u017ce pom\u00f3c przedsi\u0119biorstwom zrozumie\u0107 konsekwencje tych zmian i opracowa\u0107 odpowiedni\u0105 strategi\u0119.<\/li>\n<\/ul>\n\n\n\n<h2 class=\"wp-block-heading\">G\u0142\u00f3wni gracze na rynku uk\u0142ad\u00f3w elektronicznych<\/h2>\n\n\n\n<p>Krajobraz rynku uk\u0142ad\u00f3w elektronicznych kszta\u0142tuje kilka dominuj\u0105cych marek, kt\u00f3rym uda\u0142o si\u0119 zdoby\u0107 znacz\u0105cy udzia\u0142 w rynku dzi\u0119ki ci\u0105g\u0142ej innowacji, strategicznemu marketingowi i g\u0142\u0119bokiemu zrozumieniu potrzeb konsument\u00f3w i przemys\u0142u.<\/p>\n\n\n\n<ul class=\"wp-block-list\">\n<li><strong>Korporacja Intel:<\/strong> Intel odgrywa kluczow\u0105 rol\u0119 na rynku uk\u0142ad\u00f3w elektronicznych, szczeg\u00f3lnie w segmentach komputer\u00f3w i serwer\u00f3w. Innowacje Intela w technologii procesor\u00f3w ustanowi\u0142y standardy bran\u017cowe i nadal nap\u0119dzaj\u0105 post\u0119p w wydajno\u015bci obliczeniowej i efektywno\u015bci energetycznej.<\/li>\n\n\n\n<li><strong>Samsung Electronics:<\/strong> Samsung jest wiod\u0105cym graczem na rynku uk\u0142ad\u00f3w elektronicznych, szczeg\u00f3lnie w zakresie uk\u0142ad\u00f3w pami\u0119ci. Zaanga\u017cowanie firmy w badania i rozw\u00f3j zapewni\u0142o jej pozycj\u0119 lidera na rynku pami\u0119ci masowej i komputer\u00f3w mobilnych.<\/li>\n\n\n\n<li><strong>Qualcomm Incorporated:<\/strong> Specjalizuj\u0105c si\u0119 w p\u00f3\u0142przewodnikach i sprz\u0119cie telekomunikacyjnym, Qualcomm jest najbardziej znany ze swoich procesor\u00f3w Snapdragon i chip\u00f3w modemowych, kt\u00f3re s\u0105 integraln\u0105 cz\u0119\u015bci\u0105 rynku komunikacji mobilnej. Innowacje Qualcomm w technologii 5G ugruntowa\u0142y jego pozycj\u0119 jako kluczowego gracza w kolejnej generacji sieci kom\u00f3rkowych.<\/li>\n\n\n\n<li><strong>NVIDIA Corporation:<\/strong> Jako lider w dziedzinie jednostek przetwarzania grafiki (GPU), NVIDIA rozszerzy\u0142a swoj\u0105 dzia\u0142alno\u015b\u0107, aby obj\u0105\u0107 sztuczn\u0105 inteligencj\u0119 i g\u0142\u0119bokie uczenie, autonomiczne pojazdy i technologie centr\u00f3w danych. Procesory graficzne NVIDIA s\u0105 kluczowe dla aplikacji obliczeniowych o wysokiej wydajno\u015bci, nap\u0119dzaj\u0105c post\u0119p w grach, profesjonalnej wizualizacji i sztucznej inteligencji.<\/li>\n<\/ul>\n\n\n\n<h2 class=\"wp-block-heading\">Mo\u017cliwo\u015bci na rynku uk\u0142ad\u00f3w elektronicznych<\/h2>\n\n\n\n<figure class=\"gb-block-image gb-block-image-4bfcfade\"><img loading=\"lazy\" decoding=\"async\" width=\"1456\" height=\"816\" class=\"gb-image gb-image-4bfcfade\" src=\"https:\/\/www.sisinternational.com\/wp-content\/uploads\/2025\/08\/Electronic-Circuits-2.jpg\" alt=\"SIS Mi\u0119dzynarodowe badania rynku i strategia\" title=\"Electronic Circuits (2)\" srcset=\"https:\/\/www.sisinternational.com\/wp-content\/uploads\/2025\/08\/Electronic-Circuits-2.jpg 1456w, https:\/\/www.sisinternational.com\/wp-content\/uploads\/2025\/08\/Electronic-Circuits-2-300x168.jpg 300w, https:\/\/www.sisinternational.com\/wp-content\/uploads\/2025\/08\/Electronic-Circuits-2-1024x574.jpg 1024w, https:\/\/www.sisinternational.com\/wp-content\/uploads\/2025\/08\/Electronic-Circuits-2-768x430.jpg 768w, https:\/\/www.sisinternational.com\/wp-content\/uploads\/2025\/08\/Electronic-Circuits-2-18x10.jpg 18w\" sizes=\"auto, (max-width: 1456px) 100vw, 1456px\"><\/figure>\n\n\n\n<p><\/p>\n\n\n\n<p>W miar\u0119 rozwoju bran\u017c i technologii rynek uk\u0142ad\u00f3w elektronicznych wci\u0105\u017c otwiera nowe mo\u017cliwo\u015bci rozwoju, innowacji i inwestycji strategicznych, a przedsi\u0119biorstwa mog\u0105 wykorzysta\u0107 te mo\u017cliwo\u015bci, aby rozszerzy\u0107 swoj\u0105 obecno\u015b\u0107 na rynku i nap\u0119dza\u0107 post\u0119p technologiczny.<\/p>\n\n\n\n<ul class=\"wp-block-list\">\n<li><strong>Miniaturyzacja i obliczenia o wysokiej wydajno\u015bci:<\/strong> Trwaj\u0105cy trend w kierunku mniejszych, bardziej wydajnych urz\u0105dze\u0144 w elektronice u\u017cytkowej, urz\u0105dzeniach medycznych i zastosowaniach lotniczych nap\u0119dza potrzeb\u0119 miniaturowych, wysoko wydajnych obwod\u00f3w elektronicznych. Stwarza to mo\u017cliwo\u015bci dla firm specjalizuj\u0105cych si\u0119 w zaawansowanych technikach produkcji i materia\u0142ach, kt\u00f3re umo\u017cliwiaj\u0105 produkcj\u0119 kompaktowych obwod\u00f3w o wysokiej g\u0119sto\u015bci.<\/li>\n\n\n\n<li><strong>Internet rzeczy (IoT):<\/strong> The expansion of IoT across sectors such as home automation, industrial control, and smart cities increases the demand for electronic circuits capable of processing, sensing, and communicating data efficiently. Businesses developing and supplying circuits with enhanced connectivity and low power consumption are well-positioned to <a href=\"https:\/\/www.sisinternational.com\/pl\/rozwiazania\/doradztwo-strategiczne-fintech-badania\/capital-markets-market-research\/\" title=\"Rynki kapita\u0142owe Badania rynku\"  data-wpil-monitor-id=\"8212\">capitalize on this growing market<\/a>.<\/li>\n\n\n\n<li><strong>Technologia noszona:<\/strong> Rosn\u0105ca popularno\u015b\u0107 urz\u0105dze\u0144 przeno\u015bnych s\u0142u\u017c\u0105cych do monitorowania stanu zdrowia, \u015bledzenia kondycji fizycznej i osobistej rozrywki otwiera nowe rynki dla elastycznych i lekkich uk\u0142ad\u00f3w elektronicznych.<\/li>\n\n\n\n<li><strong>Elektronika samochodowa:<\/strong> Ten <a href=\"https:\/\/www.sisinternational.com\/pl\/ekspertyza\/branze\/badania-rynku-motoryzacyjnego\/automotive-consumer-research-for-electric-vehicles\/\" title=\"Why Automotive Consumer Research is So Vital Today with the Future of Electric Vehicles\"  data-wpil-monitor-id=\"8206\">automotive industry&#8217;s shift towards electric vehicles<\/a> (EVs) and autonomous driving technologies fuels the demand for advanced electronic circuits. Opportunities exist for businesses developing circuits that support battery management systems, sensor processing, and vehicle-to-everything (V2X) communication.<\/li>\n\n\n\n<li><strong>Systemy Energii Odnawialnej:<\/strong> W miar\u0119 jak gospodarka \u015bwiatowa przechodzi na odnawialne \u017ar\u00f3d\u0142a energii, potrzeba obwod\u00f3w elektronicznych w panelach s\u0142onecznych, turbinach wiatrowych i systemach magazynowania energii stwarza znacz\u0105ce mo\u017cliwo\u015bci. Firmy oferuj\u0105ce rozwi\u0105zania w zakresie konwersji energii, zarz\u0105dzania energi\u0105 i wydajnych system\u00f3w sterowania mog\u0105 wykorzysta\u0107 ten rozwijaj\u0105cy si\u0119 rynek.<\/li>\n<\/ul>","protected":false},"excerpt":{"rendered":"<p>Badania rynku uk\u0142ad\u00f3w elektronicznych maj\u0105 na celu zrozumienie uk\u0142ad\u00f3w elektronicznych, ich projektowania, produkcji, zastosowa\u0144 i dystrybucji.<\/p>","protected":false},"author":1,"featured_media":64799,"parent":14514,"menu_order":411,"comment_status":"closed","ping_status":"closed","template":"","meta":{"footnotes":""},"class_list":["post-46321","page","type-page","status-publish","has-post-thumbnail"],"_links":{"self":[{"href":"https:\/\/www.sisinternational.com\/pl\/wp-json\/wp\/v2\/pages\/46321","targetHints":{"allow":["GET"]}}],"collection":[{"href":"https:\/\/www.sisinternational.com\/pl\/wp-json\/wp\/v2\/pages"}],"about":[{"href":"https:\/\/www.sisinternational.com\/pl\/wp-json\/wp\/v2\/types\/page"}],"author":[{"embeddable":true,"href":"https:\/\/www.sisinternational.com\/pl\/wp-json\/wp\/v2\/users\/1"}],"replies":[{"embeddable":true,"href":"https:\/\/www.sisinternational.com\/pl\/wp-json\/wp\/v2\/comments?post=46321"}],"version-history":[{"count":9,"href":"https:\/\/www.sisinternational.com\/pl\/wp-json\/wp\/v2\/pages\/46321\/revisions"}],"predecessor-version":[{"id":81379,"href":"https:\/\/www.sisinternational.com\/pl\/wp-json\/wp\/v2\/pages\/46321\/revisions\/81379"}],"up":[{"embeddable":true,"href":"https:\/\/www.sisinternational.com\/pl\/wp-json\/wp\/v2\/pages\/14514"}],"wp:featuredmedia":[{"embeddable":true,"href":"https:\/\/www.sisinternational.com\/pl\/wp-json\/wp\/v2\/media\/64799"}],"wp:attachment":[{"href":"https:\/\/www.sisinternational.com\/pl\/wp-json\/wp\/v2\/media?parent=46321"}],"curies":[{"name":"wp","href":"https:\/\/api.w.org\/{rel}","templated":true}]}}