{"id":46312,"date":"2024-02-23T23:07:57","date_gmt":"2024-02-24T04:07:57","guid":{"rendered":"https:\/\/www.sisinternational.com\/?page_id=46312"},"modified":"2026-01-27T15:22:00","modified_gmt":"2026-01-27T20:22:00","slug":"badania-rynku-pieluszek-dla-niemowlat","status":"publish","type":"page","link":"https:\/\/www.sisinternational.com\/pl\/ekspertyza\/badania-rynku-pieluszek-dla-niemowlat\/","title":{"rendered":"Badania rynku pieluch dla niemowl\u0105t"},"content":{"rendered":"<h1 class=\"wp-block-heading\">Badania rynku pieluch dla niemowl\u0105t<\/h1>\n\n\n\n<figure class=\"gb-block-image gb-block-image-29930776\"><img loading=\"lazy\" decoding=\"async\" width=\"1456\" height=\"816\" class=\"gb-image gb-image-29930776\" src=\"https:\/\/www.sisinternational.com\/wp-content\/uploads\/2025\/08\/Baby-diaper-3.jpg\" alt=\"SIS Mi\u0119dzynarodowe badania rynku i strategia\" title=\"Baby diaper (3)\" srcset=\"https:\/\/www.sisinternational.com\/wp-content\/uploads\/2025\/08\/Baby-diaper-3.jpg 1456w, https:\/\/www.sisinternational.com\/wp-content\/uploads\/2025\/08\/Baby-diaper-3-300x168.jpg 300w, https:\/\/www.sisinternational.com\/wp-content\/uploads\/2025\/08\/Baby-diaper-3-1024x574.jpg 1024w, https:\/\/www.sisinternational.com\/wp-content\/uploads\/2025\/08\/Baby-diaper-3-768x430.jpg 768w, https:\/\/www.sisinternational.com\/wp-content\/uploads\/2025\/08\/Baby-diaper-3-18x10.jpg 18w\" sizes=\"auto, (max-width: 1456px) 100vw, 1456px\"><\/figure>\n\n\n\n<p><\/p>\n\n\n\n<hr class=\"wp-block-separator has-alpha-channel-opacity is-style-dots\"\/>\n\n\n\n<p>Podczas gdy rodzice na ca\u0142ym \u015bwiecie szukaj\u0105 tego, co najlepsze dla swoich maluch\u00f3w\u2026 W jaki spos\u00f3b firmy zapewniaj\u0105, \u017ce ich oferta spe\u0142nia i przewy\u017csza ewoluuj\u0105ce standardy bezpiecze\u0144stwa, komfortu i zr\u00f3wnowa\u017conego rozwoju \u015brodowiska? Badania rynku pieluszek dla niemowl\u0105t wy\u0142aniaj\u0105 si\u0119 jako kluczowe narz\u0119dzie w tym d\u0105\u017ceniu, oferuj\u0105c bezcenne spostrze\u017cenia na temat preferencji konsument\u00f3w, trend\u00f3w rynkowych i krajobraz\u00f3w konkurencyjnych.<\/p>\n\n\n\n<p>Badania rynku pieluszek dla niemowl\u0105t to systematyczny proces, kt\u00f3ry gromadzi, analizuje i interpretuje informacje o rynku pieluszek dla niemowl\u0105t, w tym preferencje konsument\u00f3w, wielko\u015b\u0107 rynku, trendy wzrostu, krajobraz konkurencyjny i pojawiaj\u0105ce si\u0119 innowacje. Badania te stanowi\u0105 kamie\u0144 w\u0119gielny dla przedsi\u0119biorstw w bran\u017cy pieluszek, kieruj\u0105c rozwojem produktu, strategiami marketingowymi i podej\u015bciami sprzeda\u017cowymi.<\/p>\n\n\n\n<p>Baby diaper <a href=\"https:\/\/www.sisinternational.com\/pl\/etykietowanie-produktow-odzywczych-azja\/\" title=\"Etykietowanie i badania rynku produkt\u00f3w od\u017cywczych w Azji\"  data-wpil-monitor-id=\"2485\">product market research<\/a> allows businesses to tap into parents evolving preferences, ensuring their offerings resonate with modern consumers&#8217; values and demands. Additionally, comprehensive market research provides insights into competitors\u2019 strategies, strengths, and weaknesses, enabling businesses to identify unique positioning opportunities and differentiate their products effectively.<\/p>\n\n\n\n<p>Market research helps companies identify emerging trends and gaps in the market, guiding the development of innovative products that meet untapped consumer needs or improve upon existing solutions. Moreover, baby diaper <a href=\"https:\/\/www.sisinternational.com\/pl\/ekspertyza\/branze\/product-superiority-market-research\/\" title=\"Badania rynku wy\u017cszo\u015bci produktu\"  data-wpil-monitor-id=\"5792\">product market research<\/a> provides the data and insights to make informed decisions, reducing the likelihood of costly missteps and focusing resources on the most promising opportunities.<\/p>\n\n\n\n<p><\/p>\n\n\n\n<div class=\"wp-block-columns has-global-color-9-color has-text-color has-background has-link-color wp-elements-9a3c7f635b8d54ca1072429f55ed381d is-layout-flex wp-container-core-columns-is-layout-9d6595d7 wp-block-columns-is-layout-flex\" style=\"background-color:#f7f9fa6e\">\n<div class=\"wp-block-column is-layout-flow wp-block-column-is-layout-flow\" style=\"flex-basis:18%\"><\/div>\n\n\n\n<div class=\"wp-block-column is-vertically-aligned-center is-layout-flow wp-block-column-is-layout-flow\" style=\"flex-basis:71.28%\">\n<div class=\"wp-block-rank-math-toc-block aligncenter has-global-color-9-color has-text-color has-link-color wp-elements-6a3db70b2459557d72872911c04a5b33\" style=\"font-size:16px\" id=\"rank-math-toc\"><h2><br><strong>T<\/strong>able of Contents<\/h2><nav><ul><li class=\"\"><a href=\"#however-it-brings-many-other-benefits-for-companies-in-this-industry-including\">Jednak\u017ce niesie ze sob\u0105 wiele innych korzy\u015bci dla firm z tej bran\u017cy, w tym:<\/a><\/li><\/ul><\/nav><\/div>\n<\/div>\n<\/div>\n\n\n\n<p><\/p>\n\n\n\n<h2 class=\"wp-block-heading\" id=\"however-it-brings-many-other-benefits-for-companies-in-this-industry-including\">Jednak\u017ce niesie ze sob\u0105 wiele innych korzy\u015bci dla firm z tej bran\u017cy, w tym:<\/h2>\n\n\n\n<figure class=\"gb-block-image gb-block-image-b99b0b2d\"><img loading=\"lazy\" decoding=\"async\" width=\"1456\" height=\"816\" class=\"gb-image gb-image-b99b0b2d\" src=\"https:\/\/www.sisinternational.com\/wp-content\/uploads\/2025\/08\/Baby-formula-4.jpg\" alt=\"SIS Mi\u0119dzynarodowe badania rynku i strategia\" title=\"Baby formula (4)\" srcset=\"https:\/\/www.sisinternational.com\/wp-content\/uploads\/2025\/08\/Baby-formula-4.jpg 1456w, https:\/\/www.sisinternational.com\/wp-content\/uploads\/2025\/08\/Baby-formula-4-300x168.jpg 300w, https:\/\/www.sisinternational.com\/wp-content\/uploads\/2025\/08\/Baby-formula-4-1024x574.jpg 1024w, https:\/\/www.sisinternational.com\/wp-content\/uploads\/2025\/08\/Baby-formula-4-768x430.jpg 768w, https:\/\/www.sisinternational.com\/wp-content\/uploads\/2025\/08\/Baby-formula-4-18x10.jpg 18w\" sizes=\"auto, (max-width: 1456px) 100vw, 1456px\"><\/figure>\n\n\n\n<ul class=\"wp-block-list\">\n<li><strong>\u015awiadomy rozw\u00f3j produktu:<\/strong> Badania rynku dostarczaj\u0105 cennych informacji na temat potrzeb i preferencji konsument\u00f3w, pomagaj\u0105c w opracowywaniu produkt\u00f3w odpowiadaj\u0105cych na konkretne potrzeby, takie jak wra\u017cliwo\u015b\u0107 sk\u00f3ry, wp\u0142yw na \u015brodowisko czy \u0142atwo\u015b\u0107 u\u017cytkowania.<\/li>\n\n\n\n<li><strong>Udoskonalone strategie marketingowe:<\/strong> Wiedza na temat zachowa\u0144 konsument\u00f3w, czynnik\u00f3w wp\u0142ywaj\u0105cych na decyzje zakupowe i zwyczaj\u00f3w zwi\u0105zanych z konsumpcj\u0105 medi\u00f3w umo\u017cliwia firmom dok\u0142adniejsze dostosowywanie dzia\u0142a\u0144 marketingowych, co przek\u0142ada si\u0119 na dotarcie przekazu do grupy docelowej i wy\u017cszy zwrot z inwestycji.<\/li>\n\n\n\n<li><strong>Redukcja ryzyka:<\/strong> Badania rynku dostarczaj\u0105 przejrzystego obrazu trend\u00f3w rynkowych, wymaga\u0144 konsument\u00f3w i potencjalnych wyzwa\u0144, pomagaj\u0105c przedsi\u0119biorstwom minimalizowa\u0107 ryzyko zwi\u0105zane z wprowadzaniem nowych produkt\u00f3w na rynek, wej\u015bciem na rynek lub istotnymi zmianami strategicznymi.<\/li>\n\n\n\n<li><strong>Przewidywanie przysz\u0142ych trend\u00f3w:<\/strong> Badania rynku pieluszek dla niemowl\u0105t pomagaj\u0105 firmom przewidywa\u0107 przysz\u0142e trendy. Ta przewidywalno\u015b\u0107 jest nieoceniona, aby wyprzedza\u0107 zmiany w bran\u017cy, pojawiaj\u0105ce si\u0119 potrzeby konsument\u00f3w i post\u0119p technologiczny, zapewniaj\u0105c d\u0142ugoterminow\u0105 trafno\u015b\u0107 i wzrost.<\/li>\n\n\n\n<li><strong>Spostrze\u017cenia dotycz\u0105ce ekspansji globalnej:<\/strong> Dla firm planuj\u0105cych ekspansj\u0119 mi\u0119dzynarodow\u0105 badania rynku dostarczaj\u0105 cennych informacji na temat preferencji regionalnych konsument\u00f3w, niuans\u00f3w kulturowych i kwestii regulacyjnych, u\u0142atwiaj\u0105c skuteczne wej\u015bcie na nowe rynki.<\/li>\n<\/ul>\n\n\n\n<p>Baby diaper product market research should be integrated into the business strategy at various product lifecycle stages. So, recognizing the critical <a href=\"https:\/\/www.sisinternational.com\/pl\/momenty-prawdy-badania-rynku\/\" title=\"Badania rynku \u201eChwile prawdy\u201d\"  data-wpil-monitor-id=\"989\">moments to invest in market research<\/a> can significantly amplify its benefits, guiding product innovation, market-entry, and competitive strategy with timely, data-driven insights.<\/p>\n\n\n\n<ul class=\"wp-block-list\">\n<li><strong>Rozw\u00f3j przedprodukcyjny:<\/strong> Przeprowadzenie bada\u0144 rynku pieluszek dla niemowl\u0105t przed opracowaniem nowego produktu pieluchowego mo\u017ce ujawni\u0107 luki w obecnej ofercie rynkowej i zidentyfikowa\u0107 konkretne potrzeby konsument\u00f3w, kt\u00f3re nie s\u0105 zaspokajane. Ta podstawowa wiedza zapewnia, \u017ce wysi\u0142ki zwi\u0105zane z rozwojem produktu s\u0105 zgodne z wymaganiami rynku, maksymalizuj\u0105c potencja\u0142 sukcesu.<\/li>\n\n\n\n<li><strong>Przed wej\u015bciem na rynek lub ekspansj\u0105: <\/strong>Przed wej\u015bciem na nowy rynek geograficzny lub ekspansj\u0105 w ramach istniej\u0105cego, badania rynku mog\u0105 kompleksowo zrozumie\u0107 lokalne preferencje konsument\u00f3w, krajobraz konkurencyjny i otoczenie regulacyjne. Ta inteligencja jest kluczowa dla dostosowywania produkt\u00f3w i strategii marketingowych do lokalnego kontekstu, zmniejszaj\u0105c ryzyko kosztownych pomy\u0142ek.<\/li>\n\n\n\n<li><strong>Podczas iteracji produktu: <\/strong>Badania rynku pieluszek dla niemowl\u0105t s\u0105 nieocenione, gdy rozwa\u017ca si\u0119 aktualizacje lub iteracje istniej\u0105cych produkt\u00f3w. Opinie obecnych u\u017cytkownik\u00f3w, analiza trend\u00f3w rynkowych i ruch\u00f3w konkurencji mog\u0105 informowa\u0107 o ulepszeniach produktu, zapewniaj\u0105c, \u017ce marka pozostanie konkurencyjna i nadal b\u0119dzie spe\u0142nia\u0107 zmieniaj\u0105ce si\u0119 oczekiwania konsument\u00f3w.<\/li>\n\n\n\n<li><strong>Aby podejmowa\u0107 decyzje strategiczne: <\/strong>Decyzje strategiczne, takie jak korekty cen, zmiany marki lub wprowadzanie nowych funkcji, korzystaj\u0105 znacz\u0105co z wgl\u0105du uzyskanego dzi\u0119ki badaniom rynku. Zrozumienie, jak rynek prawdopodobnie odbierze te zmiany, mo\u017ce pom\u00f3c w podejmowaniu skuteczniejszych decyzji.<\/li>\n<\/ul>\n\n\n\n<figure class=\"gb-block-image gb-block-image-0a27e874\"><img loading=\"lazy\" decoding=\"async\" width=\"1456\" height=\"816\" class=\"gb-image gb-image-0a27e874\" src=\"https:\/\/www.sisinternational.com\/wp-content\/uploads\/2025\/08\/Baby-diaper-2.jpg\" alt=\"SIS Mi\u0119dzynarodowe badania rynku i strategia\" title=\"Baby diaper (2)\" srcset=\"https:\/\/www.sisinternational.com\/wp-content\/uploads\/2025\/08\/Baby-diaper-2.jpg 1456w, https:\/\/www.sisinternational.com\/wp-content\/uploads\/2025\/08\/Baby-diaper-2-300x168.jpg 300w, https:\/\/www.sisinternational.com\/wp-content\/uploads\/2025\/08\/Baby-diaper-2-1024x574.jpg 1024w, https:\/\/www.sisinternational.com\/wp-content\/uploads\/2025\/08\/Baby-diaper-2-768x430.jpg 768w, https:\/\/www.sisinternational.com\/wp-content\/uploads\/2025\/08\/Baby-diaper-2-18x10.jpg 18w\" sizes=\"auto, (max-width: 1456px) 100vw, 1456px\"><\/figure>\n\n\n\n<p><\/p>\n\n\n\n<p>Aby badania rynku pieluszek dla niemowl\u0105t by\u0142y naprawd\u0119 skuteczne i przynosi\u0142y praktyczne wnioski, nale\u017cy skrupulatnie przestrzega\u0107 kilku kluczowych czynnik\u00f3w sukcesu. Czynniki te zapewniaj\u0105, \u017ce proces badawczy jest kompleksowy, niezawodny i dostosowany do dostarczania strategicznej warto\u015bci dla firmy. Oto przegl\u0105d tych podstawowych element\u00f3w, a nast\u0119pnie szczeg\u00f3\u0142owa analiza ka\u017cdego z nich:<\/p>\n\n\n\n<ul class=\"wp-block-list\">\n<li><strong>Jasne cele:<\/strong> Define specific, measurable <a href=\"https:\/\/www.sisinternational.com\/pl\/rozwiazania\/badania-rynku-i-doradztwo-strategiczne-w-zakresie-sztucznej-inteligencji\/object-detection-ai-market-research\/\" title=\"Object Detection AI Market Research\"  data-wpil-monitor-id=\"7299\">objectives for the market research<\/a> to ensure that the process is focused and relevant. Clear goals guide the research methodology and analysis, whether it&#8217;s understanding consumer preferences, evaluating market size, or assessing competitive positioning.<\/li>\n\n\n\n<li><strong>Kompleksowe gromadzenie danych:<\/strong> Employ qualitative and <a class=\"wpil_keyword_link\" href=\"https:\/\/www.sisinternational.com\/pl\/co-to-jest-badanie-ilosciowe\/\"   title=\"Czym s\u0105 badania ilo\u015bciowe?\" data-wpil-keyword-link=\"linked\"  data-wpil-monitor-id=\"621\">quantitative research<\/a> methods to gather a broad spectrum of insights. Surveys, focus groups, and sales data analysis can provide a well-rounded view of consumer behaviors, preferences, and trends.<\/li>\n\n\n\n<li><strong>Analiza segmentacji:<\/strong> Zdaj sobie spraw\u0119, \u017ce rynek pieluszek dla niemowl\u0105t nie jest jednorodny. Segmentowanie rynku na podstawie danych demograficznych, zachowa\u0144 lub potrzeb pozwala na bardziej ukierunkowane spostrze\u017cenia i strategie, skuteczniej zaspokajaj\u0105c potrzeby konkretnych grup konsument\u00f3w.<\/li>\n\n\n\n<li><strong>Wywiad konkurencyjny:<\/strong> Opr\u00f3cz bada\u0144 konsumenckich, kluczowe jest g\u0142\u0119bokie zanurzenie si\u0119 w krajobrazie konkurencyjnym. Zrozumienie strategii, mocnych i s\u0142abych stron kluczowych graczy mo\u017ce odkry\u0107 mo\u017cliwo\u015bci zr\u00f3\u017cnicowania i innowacji.<\/li>\n\n\n\n<li><strong>Prognozowanie trend\u00f3w:<\/strong> B\u0105d\u017a na bie\u017c\u0105co z trendami w bran\u017cy, w\u0142\u0105czaj\u0105c do bada\u0144 analizy zorientowane na przysz\u0142o\u015b\u0107. Identyfikacja pojawiaj\u0105cych si\u0119 trend\u00f3w w preferencjach konsument\u00f3w, technologii i zr\u00f3wnowa\u017conym rozwoju mo\u017ce zapewni\u0107 firmie pozycj\u0119 lidera rynku.<\/li>\n\n\n\n<li><strong>Zagadnienia regulacyjne i \u015brodowiskowe:<\/strong> Bior\u0105c pod uwag\u0119 rosn\u0105cy nacisk na zr\u00f3wnowa\u017cony rozw\u00f3j i zdrowie, kluczowe jest zrozumienie otoczenia regulacyjnego i postaw konsument\u00f3w wobec kwestii \u015brodowiskowych. Ta \u015bwiadomo\u015b\u0107 mo\u017ce kierowa\u0107 rozwojem produktu i przekazem marketingowym.<\/li>\n\n\n\n<li><strong>Przydatne informacje:<\/strong> Upewnij si\u0119, \u017ce wyniki bada\u0144 zostan\u0105 prze\u0142o\u017cone na wykonalne strategie biznesowe. Badania rynku informuj\u0105 o podejmowaniu decyzji i planowaniu strategicznym, wi\u0119c spostrze\u017cenia powinny by\u0107 praktyczne i bezpo\u015brednio odnosz\u0105ce si\u0119 do cel\u00f3w biznesowych.<\/li>\n\n\n\n<li><strong>Ci\u0105g\u0142y monitoring i adaptacja:<\/strong> Badania rynku w bran\u017cy pieluszek dla niemowl\u0105t nie powinny by\u0107 postrzegane jako jednorazowa aktywno\u015b\u0107, ale jako ci\u0105g\u0142y proces. Ci\u0105g\u0142y monitoring rynku i zachowa\u0144 konsument\u00f3w pozwala firmom dostosowywa\u0107 strategie w czasie rzeczywistym, utrzymuj\u0105c trafno\u015b\u0107 i konkurencyjno\u015b\u0107.<\/li>\n<\/ul>\n\n\n\n<p>Krajobraz rynku pieluszek dla niemowl\u0105t kszta\u0142tuje kilka dominuj\u0105cych marek, kt\u00f3rym uda\u0142o si\u0119 zdoby\u0107 znacz\u0105cy udzia\u0142 w rynku dzi\u0119ki ci\u0105g\u0142ej innowacji, strategicznemu marketingowi i g\u0142\u0119bokiemu zrozumieniu potrzeb konsument\u00f3w. Poni\u017cej przedstawiono kilku g\u0142\u00f3wnych graczy, kt\u00f3rych strategie i oferty produktowe dostarczaj\u0105 cennych spostrze\u017ce\u0144 na temat dynamiki rynku.<\/p>\n\n\n\n<ul class=\"wp-block-list\">\n<li><strong>Procter &amp; Gamble (Pampersy):<\/strong> Pampers to jedna z najbardziej rozpoznawalnych marek na \u015bwiecie na rynku pieluszek dla niemowl\u0105t. Znana z ci\u0105g\u0142ej innowacji produkt\u00f3w i szeroko zakrojonych bada\u0144 nad piel\u0119gnacj\u0105 niemowl\u0105t, Pampers ugruntowa\u0142a swoj\u0105 pozycj\u0119 w wielu krajach. Oferuje gam\u0119 pieluszek i powi\u0105zanych produkt\u00f3w dostosowanych do etap\u00f3w rozwoju dziecka.<\/li>\n\n\n\n<li><strong>Kimberly-Clark (Huggies):<\/strong> Inn\u0105 wiod\u0105c\u0105 mark\u0105 w bran\u017cy piel\u0119gnacji niemowl\u0105t jest Huggies, nale\u017c\u0105ca do Kimberly-Clark. Huggies zyska\u0142o lojaln\u0105 baz\u0119 klient\u00f3w, skupiaj\u0105c si\u0119 na komforcie, ochronie przed przeciekaniem i zdrowiu sk\u00f3ry. Marka oferuje r\u00f3\u017cnorodne rodzaje pieluszek, w tym specjalistyczne produkty dla noworodk\u00f3w i pieluszki do p\u0142ywania, zaspokajaj\u0105c zr\u00f3\u017cnicowane potrzeby konsument\u00f3w.<\/li>\n\n\n\n<li><strong>Unicharm:<\/strong> Jako jeden z g\u0142\u00f3wnych graczy azjatyckich, Unicharm odnotowa\u0142 znaczny wzrost w segmencie pieluszek dla niemowl\u0105t dzi\u0119ki swoim innowacjom produktowym i silnym strategiom marketingowym. Oferta firmy obejmuje szereg wysokiej jako\u015bci, ch\u0142onnych pieluszek zaprojektowanych tak, aby zapewni\u0107 maksymalny komfort i ochron\u0119 sk\u00f3ry niemowl\u0105t.<\/li>\n<\/ul>\n\n\n\n<p>At SIS, we recognize the critical importance of nuanced, actionable market <a href=\"https:\/\/www.sisinternational.com\/pl\/rozwiazania\/testowanie-smaku\/nowe-badania-nad-produktami-w-nowym-jorku\/\" title=\"Nowe badania produkt\u00f3w w Nowym Jorku\"  data-wpil-monitor-id=\"4113\">research in the highly competitive baby diaper<\/a> product sector. Our methodology is tailored to uncover deep market insights, consumer trends, and competitive dynamics, enabling our clients to make informed strategic decisions, innovate effectively, and achieve sustainable growth.<\/p>\n\n\n\n<figure class=\"gb-block-image gb-block-image-e46e27e2\"><img loading=\"lazy\" decoding=\"async\" width=\"1456\" height=\"816\" class=\"gb-image gb-image-e46e27e2\" src=\"https:\/\/www.sisinternational.com\/wp-content\/uploads\/2025\/08\/Baby-diaper-1.jpg\" alt=\"SIS Mi\u0119dzynarodowe badania rynku i strategia\" title=\"Baby diaper (1)\" srcset=\"https:\/\/www.sisinternational.com\/wp-content\/uploads\/2025\/08\/Baby-diaper-1.jpg 1456w, https:\/\/www.sisinternational.com\/wp-content\/uploads\/2025\/08\/Baby-diaper-1-300x168.jpg 300w, https:\/\/www.sisinternational.com\/wp-content\/uploads\/2025\/08\/Baby-diaper-1-1024x574.jpg 1024w, https:\/\/www.sisinternational.com\/wp-content\/uploads\/2025\/08\/Baby-diaper-1-768x430.jpg 768w, https:\/\/www.sisinternational.com\/wp-content\/uploads\/2025\/08\/Baby-diaper-1-18x10.jpg 18w\" sizes=\"auto, (max-width: 1456px) 100vw, 1456px\"><\/figure>\n\n\n\n<ul class=\"wp-block-list\">\n<li><strong>Indywidualny projekt badawczy:<\/strong> Zaczynamy od \u015bcis\u0142ej wsp\u00f3\u0142pracy z naszymi klientami, aby zrozumie\u0107 ich konkretne wyzwania, cele i pytania. To zrozumienie pozwala nam zaprojektowa\u0107 badanie, kt\u00f3re jest precyzyjnie dostosowane do ich potrzeb, niezale\u017cnie od tego, czy chodzi o eksploracj\u0119 nowych mo\u017cliwo\u015bci rynkowych, ocen\u0119 preferencji konsument\u00f3w, czy analiz\u0119 strategii konkurencji.<\/li>\n\n\n\n<li><strong>R\u00f3\u017cnorodne techniki zbierania danych:<\/strong> Zastosowanie jako\u015bciowych i ilo\u015bciowych metod gromadzenia danych, w tym ankiet, grup fokusowych, wywiad\u00f3w i analizy danych sprzeda\u017cy, pozwala nam na zebranie kompleksowych spostrze\u017ce\u0144. To holistyczne podej\u015bcie zapewnia wszechstronne zrozumienie rynku, od szerokich trend\u00f3w po niuanse zachowa\u0144 konsument\u00f3w.<\/li>\n\n\n\n<li><strong>Zaawansowane narz\u0119dzia analityczne:<\/strong> Wykorzystuj\u0105c najnowsze osi\u0105gni\u0119cia w analityce danych i metodach statystycznych, analizujemy zebrane dane, aby odkry\u0107 wzorce, trendy i spostrze\u017cenia. Ta rygorystyczna analiza stanowi podstaw\u0119 naszych strategicznych rekomendacji, zapewniaj\u0105c, \u017ce s\u0105 one oparte na danych i wykonalne.<\/li>\n\n\n\n<li><strong>Gromadzenie informacji wywiadowczych:<\/strong> Kluczowym elementem naszego podej\u015bcia jest dog\u0142\u0119bna analiza krajobrazu konkurencyjnego. Identyfikujemy kluczowych graczy, ich strategie, mocne i s\u0142abe strony, zapewniaj\u0105c naszym klientom inteligencj\u0119 potrzebn\u0105 do uzyskania przewagi konkurencyjnej.<\/li>\n\n\n\n<li><strong>Wgl\u0105d w zachowania konsument\u00f3w i segmentacja:<\/strong> Zrozumienie u\u017cytkownika ko\u0144cowego jest kluczowe dla naszych bada\u0144. Zag\u0142\u0119biamy si\u0119 w preferencje konsument\u00f3w, zachowania zakupowe i czynniki lojalno\u015bciowe, segmentuj\u0105c rynek, aby skutecznie dostosowywa\u0107 strategie do konkretnych grup konsument\u00f3w.<\/li>\n\n\n\n<li><strong>Innowacje i obserwowanie trend\u00f3w:<\/strong> \u015aledzenie pojawiaj\u0105cych si\u0119 trend\u00f3w, post\u0119p\u00f3w technologicznych i zmian w oczekiwaniach konsument\u00f3w pozwala nam doradza\u0107 naszym klientom w zakresie przysz\u0142ych obszar\u00f3w wzrostu. Ta perspektywa zorientowana na przysz\u0142o\u015b\u0107 jest kluczowa dla utrzymania si\u0119 na czele szybko rozwijaj\u0105cego si\u0119 rynku.<\/li>\n\n\n\n<li><strong>Zalecenia, kt\u00f3re mo\u017cna wdro\u017cy\u0107:<\/strong> Ukoronowaniem naszych bada\u0144 jest zestaw strategicznych, wykonalnych rekomendacji maj\u0105cych na celu kierowanie rozwojem produktu, strategiami marketingowymi i og\u00f3ln\u0105 strategi\u0105 biznesow\u0105. Rekomendacje te s\u0105 dostosowane, aby pom\u00f3c naszym klientom osi\u0105gn\u0105\u0107 ich konkretne cele biznesowe.<\/li>\n\n\n\n<li><strong>Ci\u0105g\u0142e wsparcie i konsultacje:<\/strong> Maj\u0105c \u015bwiadomo\u015b\u0107, \u017ce rynek i preferencje konsument\u00f3w nieustannie ewoluuj\u0105, oferujemy naszym klientom sta\u0142e wsparcie i konsultacje, pomagaj\u0105c im dostosowywa\u0107 strategie do nowych spostrze\u017ce\u0144 i zmian na rynku.<\/li>\n<\/ul>\n\n\n<h2>Lokalizacja naszego obiektu w Nowym Jorku<\/h2>\n<p><!-- \/wp:post-content --> <!-- wp:html --> <iframe loading=\"lazy\" src=\"https:\/\/www.google.com\/maps\/embed?pb=!1m18!1m12!1m3!1d3022.976188376966!2d-73.99130312499956!3d40.740549471389315!2m3!1f0!2f0!3f0!3m2!1i1024!2i768!4f13.1!3m3!1m2!1s0x89c259a15798c731%3A0xd695d09bdd495f25!2s11%20E%2022nd%20St%20FL%202%2C%20New%20York%2C%20NY%2010010%2C%20USA!5e0!3m2!1sen!2spe!4v1726171763526!5m2!1sen!2spe\" width=\"600\" height=\"450\" allowfullscreen=\"allowfullscreen\" data-mce-fragment=\"1\"><\/iframe> <!-- \/wp:html --> <!-- wp:paragraph --><\/p>\n<h3 class=\"wp-block-heading\">11 E 22nd Street, pi\u0119tro 2, Nowy Jork, NY 10010 T: +1(212) 505-6805<\/h3>\n<hr \/>\n<h2><span style=\"font-weight: 400;\">O firmie SIS International<\/span><\/h2>\n<p><a href=\"https:\/\/www.sisinternational.com\/pl\/\"><span style=\"font-weight: 400;\">SIS Mi\u0119dzynarodowy<\/span><\/a><span style=\"font-weight: 400;\"> oferuje badania ilo\u015bciowe, jako\u015bciowe i strategiczne. Dostarczamy dane, narz\u0119dzia, strategie, raporty i spostrze\u017cenia do podejmowania decyzji. Prowadzimy r\u00f3wnie\u017c wywiady, ankiety, grupy fokusowe i inne metody i podej\u015bcia do bada\u0144 rynku.<\/span><a href=\"https:\/\/www.sisinternational.com\/pl\/o-moich-miedzynarodowych-badaniach\/contact-sis-international-market-research\/\"><span style=\"font-weight: 400;\"> Skontaktuj si\u0119 z nami<\/span><\/a><span style=\"font-weight: 400;\"> dla Twojego kolejnego projektu badania rynku.<\/span><\/p>\n<p><!-- wp:heading --><\/p>\n<h2 id=\"about-sis-international\" class=\"wp-block-heading\">\u00a0<\/h2><!-- \/wp:heading -->","protected":false},"excerpt":{"rendered":"<p>Badania rynku pieluszek dla dzieci analizuj\u0105 preferencje konsument\u00f3w, wielko\u015b\u0107 rynku, trendy wzrostu, konkurencj\u0119 i innowacje.<\/p>","protected":false},"author":1,"featured_media":64735,"parent":14514,"menu_order":413,"comment_status":"closed","ping_status":"closed","template":"","meta":{"footnotes":""},"class_list":["post-46312","page","type-page","status-publish","has-post-thumbnail"],"_links":{"self":[{"href":"https:\/\/www.sisinternational.com\/pl\/wp-json\/wp\/v2\/pages\/46312","targetHints":{"allow":["GET"]}}],"collection":[{"href":"https:\/\/www.sisinternational.com\/pl\/wp-json\/wp\/v2\/pages"}],"about":[{"href":"https:\/\/www.sisinternational.com\/pl\/wp-json\/wp\/v2\/types\/page"}],"author":[{"embeddable":true,"href":"https:\/\/www.sisinternational.com\/pl\/wp-json\/wp\/v2\/users\/1"}],"replies":[{"embeddable":true,"href":"https:\/\/www.sisinternational.com\/pl\/wp-json\/wp\/v2\/comments?post=46312"}],"version-history":[{"count":15,"href":"https:\/\/www.sisinternational.com\/pl\/wp-json\/wp\/v2\/pages\/46312\/revisions"}],"predecessor-version":[{"id":80946,"href":"https:\/\/www.sisinternational.com\/pl\/wp-json\/wp\/v2\/pages\/46312\/revisions\/80946"}],"up":[{"embeddable":true,"href":"https:\/\/www.sisinternational.com\/pl\/wp-json\/wp\/v2\/pages\/14514"}],"wp:featuredmedia":[{"embeddable":true,"href":"https:\/\/www.sisinternational.com\/pl\/wp-json\/wp\/v2\/media\/64735"}],"wp:attachment":[{"href":"https:\/\/www.sisinternational.com\/pl\/wp-json\/wp\/v2\/media?parent=46312"}],"curies":[{"name":"wp","href":"https:\/\/api.w.org\/{rel}","templated":true}]}}