{"id":46281,"date":"2024-02-22T14:11:29","date_gmt":"2024-02-22T19:11:29","guid":{"rendered":"https:\/\/www.sisinternational.com\/?page_id=46281"},"modified":"2026-03-24T18:21:53","modified_gmt":"2026-03-24T22:21:53","slug":"badania-rynku-w-stanie-nowy-jork","status":"publish","type":"page","link":"https:\/\/www.sisinternational.com\/pl\/zasieg\/north-america\/zasieg-usa\/badania-rynku-w-stanie-nowy-jork\/","title":{"rendered":"Badania rynku w stanie Nowy Jork"},"content":{"rendered":"<h1 class=\"wp-block-heading\">Badania rynku w stanie Nowy Jork<\/h1>\n\n\n\n<figure class=\"gb-block-image gb-block-image-8e4ccb23\"><img loading=\"lazy\" decoding=\"async\" width=\"1456\" height=\"816\" class=\"gb-image gb-image-8e4ccb23\" src=\"https:\/\/www.sisinternational.com\/wp-content\/uploads\/2025\/09\/New-York-15.jpg\" alt=\"SIS Mi\u0119dzynarodowe badania rynku i strategia\" title=\"New York (15)\" srcset=\"https:\/\/www.sisinternational.com\/wp-content\/uploads\/2025\/09\/New-York-15.jpg 1456w, https:\/\/www.sisinternational.com\/wp-content\/uploads\/2025\/09\/New-York-15-300x168.jpg 300w, https:\/\/www.sisinternational.com\/wp-content\/uploads\/2025\/09\/New-York-15-1024x574.jpg 1024w, https:\/\/www.sisinternational.com\/wp-content\/uploads\/2025\/09\/New-York-15-768x430.jpg 768w, https:\/\/www.sisinternational.com\/wp-content\/uploads\/2025\/09\/New-York-15-18x10.jpg 18w\" sizes=\"auto, (max-width: 1456px) 100vw, 1456px\"><\/figure>\n\n\n\n<hr class=\"wp-block-separator has-alpha-channel-opacity is-style-dots\"\/>\n\n\n\n<p>Badania rynku w stanie Nowy Jork ujawniaj\u0105 preferencje i trendy dynamicznego rynku z pr\u0119\u017cnie rozwijaj\u0105cymi si\u0119 bran\u017cami i ci\u0105gle ewoluuj\u0105cymi zachowaniami konsument\u00f3w\u2026 Co jednak wyr\u00f3\u017cnia ten stan i w jaki spos\u00f3b jego wyj\u0105tkowy krajobraz wp\u0142ywa na badania rynku?<\/p>\n\n\n\n<h2 class=\"wp-block-heading\">What Is New York State market research?<\/h2>\n\n\n\n<p>Badania rynku w stanie Nowy Jork obejmuj\u0105 r\u00f3\u017cne sektory, takie jak finanse, technologia, opieka zdrowotna i turystyka; oraz ich wp\u0142yw na ten stan. Od gwarnych ulic Nowego Jorku po malownicze krajobrazy p\u00f3\u0142nocnej cz\u0119\u015bci stanu Nowy Jork, ka\u017cdy region przyczynia si\u0119 do unikalnego krajobrazu rynkowego stanu, stawiaj\u0105c wyzwania i mo\u017cliwo\u015bci badaczom rynku w celu rozszyfrowania preferencji konsument\u00f3w, trend\u00f3w bran\u017cowych i krajobraz\u00f3w konkurencyjnych.<\/p>\n\n\n\n<h2 class=\"wp-block-heading\">Dlaczego to takie wa\u017cne? <\/h2>\n\n\n\n<p>Actually, New York State is a microcosm of diverse consumer preferences, industry dynamics, and market trends. So, conducting <a href=\"https:\/\/www.sisinternational.com\/pl\/ekspertyza\/branze\/badania-rynku-mediow-rozrywkowych\/how-to-conduct-entertainment-and-film-research-in-new-york\/\" title=\"How to Conduct Entertainment and Film Research in New York\"  data-wpil-monitor-id=\"2119\">badania rynku<\/a> enables businesses to gain a deeper understanding of the unique needs and preferences of New York consumers, thereby tailoring their products, services, and marketing strategies accordingly. Businesses can also identify opportunities for differentiation, innovation, and strategic positioning in the marketplace by analyzing market trends, competitor strategies, and consumer behaviors.<\/p>\n\n\n\n<p>Moreover, New <a href=\"https:\/\/www.sisinternational.com\/pl\/rozwiazania\/doradztwo-strategiczne\/badanie-mozliwosci-wejscia-na-rynek\/badania-wejscia-na-rynek-nowojorski\/\" title=\"Badania wej\u015bcia na rynek nowojorski\"  data-wpil-monitor-id=\"954\">York State market research<\/a> equips decision-makers with the data, insights, and intelligence to make strategic decisions confidently. Whether entering new markets, launching new products, or expanding operations, market research serves as a compass, guiding businesses toward growth and success.<\/p>\n\n\n\n<p>New <a href=\"https:\/\/www.sisinternational.com\/pl\/zasieg\/north-america\/zasieg-usa\/new-york-city-auto-show-market-research\/\" title=\"Badania rynku targ\u00f3w samochodowych w Nowym Jorku\"  data-wpil-monitor-id=\"11426\">York State market research<\/a> offers many benefits for businesses, policymakers, and stakeholders. Here are some key advantages:<\/p>\n\n\n\n<ul class=\"wp-block-list\">\n<li><strong>Segmentacja rynku:<\/strong> Zrozumienie zr\u00f3\u017cnicowanej demografii i preferencji w stanie Nowy Jork pozwala firmom skutecznie segmentowa\u0107 rynki docelowe. Poprzez dostosowywanie produkt\u00f3w, us\u0142ug i strategii marketingowych do konkretnych segment\u00f3w konsument\u00f3w firmy mog\u0105 zwi\u0119kszy\u0107 zadowolenie klient\u00f3w, zwi\u0119kszy\u0107 lojalno\u015b\u0107 wobec marki i nap\u0119dza\u0107 wzrost przychod\u00f3w.<\/li>\n\n\n\n<li><strong>Wywiad konkurencyjny:<\/strong> New York State market research enables businesses to gather competitive intelligence and benchmark their performance against industry rivals. Companies can identify opportunities for differentiation, innovation, and strategic positioning by analyzing competitors&#8217; strategies, strengths, and weaknesses.<\/li>\n\n\n\n<li><strong>Zarz\u0105dzanie ryzykiem:<\/strong> Na dynamicznym i ci\u0105gle zmieniaj\u0105cym si\u0119 rynku, takim jak stan Nowy Jork, badania rynku odgrywaj\u0105 kluczow\u0105 rol\u0119 w zarz\u0105dzaniu ryzykiem. Monitoruj\u0105c trendy rynkowe, zmiany regulacyjne i pojawiaj\u0105ce si\u0119 ryzyka, firmy mog\u0105 proaktywnie identyfikowa\u0107 i \u0142agodzi\u0107 potencjalne zagro\u017cenia dla swoich operacji, zabezpieczaj\u0105c si\u0119 przed stratami finansowymi i szkodami dla reputacji.<\/li>\n\n\n\n<li><strong>Spostrze\u017cenia klient\u00f3w:<\/strong> Badania rynku w stanie Nowy Jork dostarczaj\u0105 cennych informacji na temat zachowa\u0144, preferencji i potrzeb konsument\u00f3w. Poprzez przeprowadzanie ankiet, grup fokusowych i bada\u0144 obserwacyjnych firmy mog\u0105 uzyska\u0107 g\u0142\u0119bsze zrozumienie swojej grupy docelowej, co umo\u017cliwia im opracowywanie produkt\u00f3w, us\u0142ug i kampanii marketingowych, kt\u00f3re znajduj\u0105 odd\u017awi\u0119k u klient\u00f3w i nap\u0119dzaj\u0105 zaanga\u017cowanie.<\/li>\n<\/ul>\n\n\n\n<h2 class=\"wp-block-heading\">Critical Factors for Success<\/h2>\n\n\n\n<p>Success in conducting <a class=\"wpil_keyword_link\" href=\"https:\/\/www.sisinternational.com\/pl\/zasieg\/ameryka\/zasieg-usa\/market-research-in-new-york\/\"   title=\"Market Research in New York\" data-wpil-keyword-link=\"linked\"  data-wpil-monitor-id=\"285\">market research in New York<\/a> State hinges on several critical factors such as:<\/p>\n\n\n\n<ul class=\"wp-block-list\">\n<li><strong>Lokalna wiedza specjalistyczna:<\/strong> Businesses need to leverage local expertise, whether through in-house teams with regional knowledge or by partnering with research firms familiar with the nuances of the New <a href=\"https:\/\/www.sisinternational.com\/pl\/ekspertyza\/branze\/mrna-market-research\/\" title=\"Badania rynku mRNA\"  data-wpil-monitor-id=\"4657\">York market<\/a>.<\/li>\n\n\n\n<li><strong>Jako\u015b\u0107 danych:<\/strong> Wysokiej jako\u015bci dane s\u0105 podstaw\u0105 skutecznych bada\u0144 rynku. Firmy musz\u0105 zbiera\u0107 dok\u0142adne, istotne i aktualne dane, aby informowa\u0107 sw\u00f3j proces podejmowania decyzji. Wi\u0105\u017ce si\u0119 to z wykorzystaniem solidnych metodologii zbierania danych, takich jak ankiety, wywiady i badania obserwacyjne, a tak\u017ce rygorystycznym sprawdzaniem integralno\u015bci zebranych danych.<\/li>\n\n\n\n<li><strong>Dopasowanie strategiczne:<\/strong> New York State market research should closely align with the business&#8217;s strategic objectives and priorities. Businesses must clearly define their goals before embarking on any research initiative, identify key research questions, and outline the desired outcomes.<\/li>\n\n\n\n<li><strong>Podej\u015bcie holistyczne:<\/strong> Skuteczne badania rynku wykraczaj\u0105 poza samo zbieranie danych; obejmuj\u0105 holistyczne podej\u015bcie uwzgl\u0119dniaj\u0105ce wiele czynnik\u00f3w wp\u0142ywaj\u0105cych na dynamik\u0119 rynku. Przedsi\u0119biorstwa musz\u0105 analizowa\u0107 preferencje konsument\u00f3w, strategie konkurencji i trendy ekonomiczne, zmiany regulacyjne i czynniki spo\u0142eczno-kulturowe kszta\u0142tuj\u0105ce krajobraz rynku w Nowym Jorku.<\/li>\n\n\n\n<li><strong>Wsp\u00f3\u0142praca mi\u0119dzyfunkcyjna:<\/strong> Businesses must foster collaboration among marketing, sales, product development, and other relevant teams to ensure research findings are effectively integrated into decision-making.<\/li>\n<\/ul>\n\n\n\n<h2 class=\"wp-block-heading\">The SIS Advantage<\/h2>\n\n\n\n<p>SIS stosuje kompleksowe podej\u015bcie do prowadzenia bada\u0144 rynku w stanie Nowy Jork, wykorzystuj\u0105c nasze do\u015bwiadczenie, zasoby i wiedz\u0119 bran\u017cow\u0105, aby dostarcza\u0107 wp\u0142ywowe spostrze\u017cenia i nap\u0119dza\u0107 warto\u015b\u0107 strategiczn\u0105. Oto przegl\u0105d naszego podej\u015bcia:<\/p>\n\n\n\n<ul class=\"wp-block-list\">\n<li><strong>Dostosowane metodologie:<\/strong> Recognizing the unique characteristics of the New York market, we tailor our research methodologies to meet each client&#8217;s specific needs and objectives. <\/li>\n\n\n\n<li><strong>Zbieranie danych multimodalnych:<\/strong> To capture a holistic view of the New York market landscape, we employ a multi-modal approach. This may include quantitative surveys, qualitative interviews, social media analysis, and secondary data research, allowing us to gather diverse perspectives and triangulate findings for robust analysis.<\/li>\n\n\n\n<li><strong>Rygorystyczna analiza:<\/strong> Nasz zesp\u00f3\u0142 do\u015bwiadczonych analityk\u00f3w przeprowadza wnikliw\u0105 analiz\u0119 zebranych danych, stosuj\u0105c zaawansowane techniki statystyczne, metody kodowania jako\u015bciowego i narz\u0119dzia wizualizacji danych w celu wyci\u0105gni\u0119cia warto\u015bciowych wniosk\u00f3w.<\/li>\n\n\n\n<li><strong>Interpretacja strategiczna:<\/strong> Opr\u00f3cz analizy danych oferujemy strategiczn\u0105 interpretacj\u0119 wynik\u00f3w bada\u0144, pomagaj\u0105c klientom prze\u0142o\u017cy\u0107 spostrze\u017cenia na wykonalne strategie i inicjatywy. Poprzez warsztaty wsp\u00f3\u0142pracy, briefingi dla kadry kierowniczej i strategiczne zaanga\u017cowanie konsultingowe \u015bci\u015ble wsp\u00f3\u0142pracujemy z klientami w celu opracowania dostosowanych rozwi\u0105za\u0144, kt\u00f3re odpowiadaj\u0105 na ich wyj\u0105tkowe wyzwania i wykorzystuj\u0105 szanse rynkowe.<\/li>\n\n\n\n<li><strong>Ci\u0105g\u0142y monitoring:<\/strong> Dynamika rynku w stanie Nowy Jork stale ewoluuje, wymagaj\u0105c sta\u0142ego monitorowania i adaptacji. Oferujemy us\u0142ugi ci\u0105g\u0142ego monitorowania, \u015bledzenia kluczowych wska\u017anik\u00f3w, trend\u00f3w rynkowych i dzia\u0142a\u0144 konkurencji, aby zapewni\u0107 naszym klientom pozostanie poinformowanymi i elastycznymi w podejmowaniu decyzji.<\/li>\n\n\n\n<li><strong>Podej\u015bcie zorientowane na klienta:<\/strong> At the heart of our approach is a commitment to client satisfaction and success. We partner closely with clients throughout the research process, soliciting feedback, addressing concerns, and adapting our approach to meet their evolving needs. <\/li>\n<\/ul>\n\n\n\n<h2 class=\"wp-block-heading\">Mo\u017cliwo\u015bci<\/h2>\n\n\n\n<p>Rynek w stanie Nowy Jork oferuje wiele mo\u017cliwo\u015bci dla przedsi\u0119biorstw z r\u00f3\u017cnych sektor\u00f3w. Oto kilka kluczowych mo\u017cliwo\u015bci wynikaj\u0105cych z bada\u0144 rynku w stanie Nowy Jork:<\/p>\n\n\n\n<ul class=\"wp-block-list\">\n<li><strong>Dost\u0119p do zr\u00f3\u017cnicowanej bazy konsument\u00f3w:<\/strong> Stan Nowy Jork oferuje firmom dost\u0119p do du\u017cej i zr\u00f3\u017cnicowanej bazy klient\u00f3w. Od miejskich millenials\u00f3w w Nowym Jorku po rodziny podmiejskie na Long Island i spo\u0142eczno\u015bci wiejskie w p\u00f3\u0142nocnej cz\u0119\u015bci stanu, firmy mog\u0105 kierowa\u0107 swoje produkty i us\u0142ugi do r\u00f3\u017cnych grup demograficznych i dostosowywa\u0107 je do zr\u00f3\u017cnicowanych potrzeb klient\u00f3w.<\/li>\n\n\n\n<li><strong>Klastry bran\u017cowe:<\/strong> New York State is home to thriving industry clusters in sectors such as finance, technology, healthcare, media, and tourism. <\/li>\n\n\n\n<li><strong>Ekosystem innowacji:<\/strong> New York State boasts a vibrant ecosystem of world-renowned universities, research institutions, and startup incubators that drive technological advancements and entrepreneurship. Businesses can tap into this ecosystem to access cutting-edge research, talent, and funding opportunities, accelerating innovation and fueling growth.<\/li>\n\n\n\n<li><strong>Wspieraj\u0105ce \u015brodowisko biznesowe:<\/strong> Stan Nowy Jork oferuje wspieraj\u0105ce \u015brodowisko biznesowe z inicjatywami maj\u0105cymi na celu wspieranie przedsi\u0119biorczo\u015bci, innowacji i rozwoju gospodarczego. Od zach\u0119t podatkowych i dotacji po inkubatory i akceleratory przedsi\u0119biorczo\u015bci, firmy mog\u0105 wykorzystywa\u0107 zasoby i programy, aby pokonywa\u0107 bariery, uzyskiwa\u0107 dost\u0119p do kapita\u0142u i skuteczniej skalowa\u0107 swoje operacje.<\/li>\n\n\n\n<li><strong>R\u00f3\u017cnorodno\u015b\u0107 kulturowa:<\/strong> New York State&#8217;s rich cultural diversity allows businesses to engage with diverse communities and tap into niche markets. <\/li>\n<\/ul>\n\n\n\n<h2 class=\"wp-block-heading\">Why Conducting New York State market research with SIS International<\/h2>\n\n\n\n<p>SIS distinguishes itself in the New York State market research through expertise, innovation, and a client-centric approach. Here are some key factors that set us apart:<\/p>\n\n\n\n<ul class=\"wp-block-list\">\n<li><strong>Wiedza bran\u017cowa:<\/strong> Dzi\u0119ki wieloletniemu do\u015bwiadczeniu i g\u0142\u0119bokiemu zrozumieniu krajobrazu rynku nowojorskiego nasz zesp\u00f3\u0142 wnosi niezr\u00f3wnane do\u015bwiadczenie bran\u017cowe do ka\u017cdego projektu badawczego. Wykorzystujemy nasz\u0105 wiedz\u0119 na temat lokalnych trend\u00f3w, zachowa\u0144 konsument\u00f3w i dynamiki konkurencji, aby dostarcza\u0107 spostrze\u017cenia, kt\u00f3re nap\u0119dzaj\u0105 strategiczn\u0105 warto\u015b\u0107 dla naszych klient\u00f3w.<\/li>\n\n\n\n<li><strong>Rozwi\u0105zania dostosowane do potrzeb:<\/strong> We offer tailored solutions to meet each client&#8217;s unique needs and objectives. <\/li>\n\n\n\n<li><strong>Innowacyjne podej\u015bcia:<\/strong> At SIS, we embrace innovation and leverage cutting-edge methodologies and technologies to conduct market research. From advanced analytics and machine learning to social media monitoring and predictive modeling, we harness innovation to uncover deep insights and unlock new opportunities for our clients.<\/li>\n\n\n\n<li><strong>Wsp\u00f3\u0142praca z klientem:<\/strong> We believe in the power of collaboration and partner closely with our clients throughout the research process. <\/li>\n\n\n\n<li><strong>Zapewnienie jako\u015bci:<\/strong> Quality is at the forefront of everything we do at SIS. From data collection to analysis to reporting, we adhere to rigorous quality assurance standards to ensure our research findings&#8217; accuracy, reliability, and integrity. Our commitment to quality ensures our clients can trust the insights we provide to inform their decision-making with confidence.<\/li>\n\n\n\n<li><strong>Ci\u0105g\u0142e doskonalenie:<\/strong> We are committed to constant improvement and strive to stay ahead of the curve in the fast-paced world of market research. Through ongoing learning, innovation, and adaptation, we continuously refine our methodologies and approaches to deliver best-in-class research solutions that meet the evolving needs of our clients.<\/li>\n<\/ul>\n\n\n\n<p><\/p>\n\n\n\n<h2 class=\"wp-block-heading\">&nbsp;<\/h2>","protected":false},"excerpt":{"rendered":"<p>Badania rynku w stanie Nowy Jork obejmuj\u0105 badania nad sektorami takimi jak finanse, technologia, opieka zdrowotna i turystyka oraz ich wp\u0142ywem na sytuacj\u0119 w tym stanie.<\/p>","protected":false},"author":1,"featured_media":66481,"parent":19303,"menu_order":76,"comment_status":"closed","ping_status":"closed","template":"","meta":{"footnotes":""},"class_list":["post-46281","page","type-page","status-publish","has-post-thumbnail"],"_links":{"self":[{"href":"https:\/\/www.sisinternational.com\/pl\/wp-json\/wp\/v2\/pages\/46281","targetHints":{"allow":["GET"]}}],"collection":[{"href":"https:\/\/www.sisinternational.com\/pl\/wp-json\/wp\/v2\/pages"}],"about":[{"href":"https:\/\/www.sisinternational.com\/pl\/wp-json\/wp\/v2\/types\/page"}],"author":[{"embeddable":true,"href":"https:\/\/www.sisinternational.com\/pl\/wp-json\/wp\/v2\/users\/1"}],"replies":[{"embeddable":true,"href":"https:\/\/www.sisinternational.com\/pl\/wp-json\/wp\/v2\/comments?post=46281"}],"version-history":[{"count":16,"href":"https:\/\/www.sisinternational.com\/pl\/wp-json\/wp\/v2\/pages\/46281\/revisions"}],"predecessor-version":[{"id":85013,"href":"https:\/\/www.sisinternational.com\/pl\/wp-json\/wp\/v2\/pages\/46281\/revisions\/85013"}],"up":[{"embeddable":true,"href":"https:\/\/www.sisinternational.com\/pl\/wp-json\/wp\/v2\/pages\/19303"}],"wp:featuredmedia":[{"embeddable":true,"href":"https:\/\/www.sisinternational.com\/pl\/wp-json\/wp\/v2\/media\/66481"}],"wp:attachment":[{"href":"https:\/\/www.sisinternational.com\/pl\/wp-json\/wp\/v2\/media?parent=46281"}],"curies":[{"name":"wp","href":"https:\/\/api.w.org\/{rel}","templated":true}]}}