{"id":45566,"date":"2024-01-25T17:40:22","date_gmt":"2024-01-25T22:40:22","guid":{"rendered":"https:\/\/www.sisinternational.com\/?page_id=45566"},"modified":"2026-01-31T00:59:50","modified_gmt":"2026-01-31T05:59:50","slug":"doradztwo-w-zakresie-strategii-hotelowej","status":"publish","type":"page","link":"https:\/\/www.sisinternational.com\/pl\/rozwiazania\/podroze-turystyka-hotelarstwo-doradztwo\/doradztwo-w-zakresie-strategii-hotelowej\/","title":{"rendered":"Doradztwo w zakresie strategii hotelowej"},"content":{"rendered":"<h1 class=\"wp-block-heading fusion-responsive-typography-calculated\">Doradztwo w zakresie strategii hotelowej<\/h1>\n\n\n\n<figure class=\"gb-block-image gb-block-image-a5e70f23\"><img loading=\"lazy\" decoding=\"async\" width=\"1456\" height=\"816\" class=\"gb-image gb-image-a5e70f23\" src=\"https:\/\/www.sisinternational.com\/wp-content\/uploads\/2025\/08\/Strategy-consulting-3.jpg\" alt=\"SIS Mi\u0119dzynarodowe badania rynku i strategia\" title=\"Strategy consulting (3)\" srcset=\"https:\/\/www.sisinternational.com\/wp-content\/uploads\/2025\/08\/Strategy-consulting-3.jpg 1456w, https:\/\/www.sisinternational.com\/wp-content\/uploads\/2025\/08\/Strategy-consulting-3-300x168.jpg 300w, https:\/\/www.sisinternational.com\/wp-content\/uploads\/2025\/08\/Strategy-consulting-3-1024x574.jpg 1024w, https:\/\/www.sisinternational.com\/wp-content\/uploads\/2025\/08\/Strategy-consulting-3-768x430.jpg 768w, https:\/\/www.sisinternational.com\/wp-content\/uploads\/2025\/08\/Strategy-consulting-3-18x10.jpg 18w\" sizes=\"auto, (max-width: 1456px) 100vw, 1456px\"><\/figure>\n\n\n\n<p><\/p>\n\n\n\n<hr class=\"wp-block-separator has-alpha-channel-opacity is-style-dots\"\/>\n\n\n\n<p class=\"fusion-responsive-typography-calculated\">W obliczu ogromnych zmian, jakie zachodz\u0105 w sektorze hotelarskim pod wp\u0142ywem zmieniaj\u0105cych si\u0119 preferencji konsument\u00f3w i post\u0119pu technologicznego, doradztwo w zakresie strategii hotelowych staje si\u0119 kwesti\u0105 priorytetow\u0105 dla hoteli, kt\u00f3re chc\u0105 odnie\u015b\u0107 sukces w tym dynamicznym \u015brodowisku.<\/p>\n\n\n\n<p class=\"fusion-responsive-typography-calculated\">Konsulting strategii hotelowej to strategiczne partnerstwo, kt\u00f3re wyposa\u017ca hotele w spostrze\u017cenia, taktyki i perspektywy do radzenia sobie z ci\u0105gle zmieniaj\u0105cymi si\u0119 wymaganiami bran\u017cy. Chodzi o ponowne wyobra\u017cenie sobie sposobu dzia\u0142ania hoteli, interakcji z klientami i definiowania ich miejsca na rynku globalnym.<\/p>\n\n\n\n<h2 class=\"wp-block-heading\">What Is Hotel Strategy Consulting?<\/h2>\n\n\n\n<p>One of the core aspects of <a title=\"Hotel Przysz\u0142o\u015bci Consulting\" data-wpil-monitor-id=\"7396\" href=\"https:\/\/www.sisinternational.com\/pl\/rozwiazania\/podroze-turystyka-hotelarstwo-doradztwo\/hotel-of-the-future-consulting\/\">doradztwo w zakresie strategii hotelowej<\/a> is its customer-centric approach. Consultants analyze customer preferences, behaviors, and trends to tailor strategies that align with evolving market demands. This involves meticulously examining guest experiences, service quality \u2013 and even the minutiae of customer feedback. <\/p>\n\n\n\n<p>Furthermore, hotel strategy consulting delves into the operational aspects of running a hotel. These strategies are designed to bolster the hotel\u2019s financial health and market standing, from optimizing room pricing and revenue management to improve operational efficiency. <\/p>\n\n\n\n<h2 class=\"wp-block-heading\">Dlaczego doradztwo strategiczne w hotelarstwie jest wa\u017cne?<\/h2>\n\n\n\n<p>Doradztwo w zakresie strategii hotelowej \u0142\u0105czy zewn\u0119trzn\u0105 perspektyw\u0119 z dog\u0142\u0119bn\u0105 wiedz\u0105 bran\u017cow\u0105, aby identyfikowa\u0107 pojawiaj\u0105ce si\u0119 trendy, potencjalne zagro\u017cenia i niewykorzystane mo\u017cliwo\u015bci. Ten szeroki punkt widzenia pozwala hotelom na strategiczne pozycjonowanie si\u0119 na rynku, dostosowywanie si\u0119 do zmian i kapitalizacj\u0119 nowych trend\u00f3w skuteczniej ni\u017c konkurenci.<\/p>\n\n\n\n<p>Ponadto konsultanci pomagaj\u0105 hotelom dog\u0142\u0119bnie zrozumie\u0107 swoich klient\u00f3w, od ich preferencji po proces podejmowania decyzji. Pozwala to im tworzy\u0107 spersonalizowane do\u015bwiadczenia, kt\u00f3re znajd\u0105 odd\u017awi\u0119k u go\u015bci.<\/p>\n\n\n\n<h2 class=\"wp-block-heading\">Jakie s\u0105 korzy\u015bci z doradztwa strategicznego dla hoteli?<\/h2>\n\n\n\n<p>By engaging in this specialized form of consulting, <a href=\"https:\/\/sisaisolutions.com\/application-of-ai-in-hospitality\/\" target=\"_blank\" rel=\"noopener\">hotels<\/a> can expect to gain significant advantages that propel them ahead in the competitive hospitality industry.<\/p>\n\n\n\n<ul class=\"wp-block-list\">\n<li><strong>Zwi\u0119kszona przewaga konkurencyjna:<\/strong> Hotel strategy consulting provides insights and strategies that help hotels differentiate themselves in the market. <\/li>\n\n\n\n<li><strong>Zwi\u0119kszone przychody i rentowno\u015b\u0107:<\/strong> One of the primary goals of hotel strategy consulting is to improve the hotel\u2019s financial performance. <\/li>\n\n\n\n<li><strong>Dostosowanie do trend\u00f3w i zmian rynkowych:<\/strong> Bran\u017ca hotelarska nieustannie ewoluuje. Konsultanci strategii hotelowych trzymaj\u0105 r\u0119k\u0119 na pulsie najnowszych trend\u00f3w i zmian rynkowych, wyposa\u017caj\u0105c hotele w wiedz\u0119 i strategie, aby dostosowa\u0107 si\u0119 i pozosta\u0107 istotnymi.<\/li>\n\n\n\n<li><strong>Efektywno\u015b\u0107 operacyjna:<\/strong> Consultants can significantly improve a <a title=\"Doradztwo w zakresie technologii inteligentnych hoteli\" data-wpil-monitor-id=\"2838\" href=\"https:\/\/www.sisinternational.com\/pl\/rozwiazania\/podroze-turystyka-hotelarstwo-doradztwo\/smart-hotel-technology-consulting\/\">hotel\u2019s<\/a> day-to-day operations by analyzing current operational practices and introducing more efficient methods and technologies. <\/li>\n\n\n\n<li><strong>Strategiczny wzrost i ekspansja:<\/strong> Consultants assist hotels in identifying and pursuing growth opportunities, whether through market expansion, new service offerings, or other strategic initiatives. <\/li>\n<\/ul>\n\n\n\n<h2 class=\"wp-block-heading\">Kiedy przeprowadzi\u0107 doradztwo strategiczne w hotelu?<\/h2>\n\n\n\n<p>Konkretne wska\u017aniki sygnalizuj\u0105, \u017ce mo\u017ce to by\u0107 w\u0142a\u015bciwy czas dla hotelu, aby poszuka\u0107 tego specjalistycznego doradztwa. Na przyk\u0142ad:<\/p>\n\n\n\n<ul class=\"wp-block-list\">\n<li><strong>Rozszerzanie lub restrukturyzacja dzia\u0142alno\u015bci:<\/strong> Gdy hotele rozwa\u017caj\u0105 ekspansj\u0119, czy to poprzez nowe nieruchomo\u015bci, renowacje, czy dywersyfikacj\u0119 us\u0142ug, strategiczne wskaz\u00f3wki staj\u0105 si\u0119 niezb\u0119dne. Konsultacje mog\u0105 pom\u00f3c oceni\u0107 wykonalno\u015b\u0107 tych projekt\u00f3w i opracowa\u0107 plan, kt\u00f3ry maksymalizuje szanse na sukces.<\/li>\n\n\n\n<li><strong>Malej\u0105cy poziom zadowolenia go\u015bci lub spadek przychod\u00f3w:<\/strong> Je\u015bli hotel zauwa\u017cy spadek zadowolenia go\u015bci lub spadek przychod\u00f3w, jest to wyra\u017any wska\u017anik, \u017ce potrzebne s\u0105 zmiany operacyjne lub strategiczne. Konsultacje strategii hotelowych mog\u0105 zidentyfikowa\u0107 podstawowe przyczyny tych problem\u00f3w i zaleci\u0107 skuteczne rozwi\u0105zania.<\/li>\n\n\n\n<li><strong>Rosn\u0105ca konkurencja:<\/strong> Hotele mog\u0105 mie\u0107 trudno\u015bci z utrzymaniem swojej pozycji rynkowej na coraz bardziej konkurencyjnym rynku. Konsultacje strategii hotelowych mog\u0105 zapewni\u0107 \u015bwie\u017ce perspektywy i innowacyjne strategie, kt\u00f3re pomog\u0105 hotelom pozosta\u0107 konkurencyjnymi i istotnymi.<\/li>\n<\/ul>\n\n\n\n<h2 class=\"wp-block-heading\">Pytania, kt\u00f3re nale\u017cy zada\u0107 przed przeprowadzeniem konsultacji strategii hotelowej<\/h2>\n\n\n\n<p>Przed rozpocz\u0119ciem wsp\u00f3\u0142pracy w zakresie doradztwa strategicznego hotelu, konieczne jest zadanie w\u0142a\u015bciwych pyta\u0144, aby zapewni\u0107 sukces i skuteczno\u015b\u0107 procesu konsultacyjnego. Oto kilka kluczowych pyta\u0144, kt\u00f3re nale\u017cy rozwa\u017cy\u0107:<\/p>\n\n\n\n<p><strong>Jakie s\u0105 cele strategiczne hotelu?<\/strong><\/p>\n\n\n\n<p>Understanding the hotel\u2019s overarching goals and objectives is crucial for aligning the consulting engagement with the hotel\u2019s vision and mission. <\/p>\n\n\n\n<p><strong>Jakie s\u0105 obecne wyzwania i problemy?<\/strong><\/p>\n\n\n\n<p>Identifying the hotel\u2019s current challenges, pain points, and areas for improvement provides valuable insights into the underlying issues that need to be addressed. <\/p>\n\n\n\n<p><strong>Jaki jest krajobraz konkurencyjny?<\/strong><\/p>\n\n\n\n<p>Analyzing the competitive landscape helps consultants understand the hotel\u2019s positioning relative to competitors, market trends, and emerging threats. <\/p>\n\n\n\n<p><strong>Jaki jest rynek docelowy i segmentacja klient\u00f3w?<\/strong><\/p>\n\n\n\n<p>Understanding the hotel\u2019s target market and customer segmentation is essential for developing tailored strategies that resonate with the target audience. <\/p>\n\n\n\n<p><strong>Jakie zasoby i mo\u017cliwo\u015bci s\u0105 dost\u0119pne?<\/strong><\/p>\n\n\n\n<p>Assessing the hotel\u2019s resources, capabilities, and organizational readiness is critical for ensuring the feasibility and implementation of recommended strategies. <\/p>\n\n\n\n<p><strong>Jakie kluczowe wska\u017aniki efektywno\u015bci (KPI) b\u0119d\u0105 miar\u0105 sukcesu?<\/strong><\/p>\n\n\n\n<p>Establishing key performance indicators (KPIs) helps track progress, monitor performance, and evaluate the impact of consulting recommendations. <\/p>\n\n\n\n<h2 class=\"wp-block-heading\">Jakie s\u0105 r\u00f3\u017cnice mi\u0119dzy doradztwem strategicznym w zakresie hoteli a tradycyjnymi badaniami rynku?<\/h2>\n\n\n\n<p>Tradycyjne badania rynku koncentruj\u0105 si\u0119 przede wszystkim na gromadzeniu i analizowaniu danych o trendach rynkowych, preferencjach klient\u00f3w i dzia\u0142aniach konkurencji. Chodzi o zrozumienie \u201eco\u201d i \u201edlaczego\u201d dynamiki rynku.<\/p>\n\n\n\n<p>Ponadto doradztwo w zakresie strategii hotelowej cz\u0119sto wi\u0105\u017ce si\u0119 z podej\u015bciem praktycznym. Konsultanci \u015bci\u015ble wsp\u00f3\u0142pracuj\u0105 z kierownictwem i personelem hotelu, zag\u0142\u0119biaj\u0105c si\u0119 w aspekty operacyjne hotelu, aby zidentyfikowa\u0107 obszary wymagaj\u0105ce poprawy i wdro\u017cy\u0107 zmiany. Mo\u017ce to obejmowa\u0107 ponowne zdefiniowanie protoko\u0142\u00f3w us\u0142ug, optymalizacj\u0119 zarz\u0105dzania przychodami lub integracj\u0119 nowych technologii w celu ulepszenia do\u015bwiadcze\u0144 go\u015bci.<\/p>\n\n\n\n<h2 class=\"wp-block-heading\">Oczekiwane rezultaty doradztwa strategicznego SIS International w zakresie hoteli<\/h2>\n\n\n\n<p>Us\u0142ugi konsultingowe w zakresie strategii hotelowych SIS International s\u0105 zaprojektowane tak, aby dostarcza\u0107 namacalne rezultaty, kt\u00f3re nap\u0119dzaj\u0105 sukces biznesowy i maksymalizuj\u0105 zwroty z inwestycji. Oto niekt\u00f3re z oczekiwanych rezultat\u00f3w:<\/p>\n\n\n\n<ul class=\"wp-block-list\">\n<li><strong>Zoptymalizowane wyniki przychod\u00f3w:<\/strong> SIS International\u2019s consulting aims to optimize revenue performance by identifying revenue streams, maximizing pricing strategies, and implementing effective revenue management practices. <\/li>\n\n\n\n<li><strong>Poprawa efektywno\u015bci operacyjnej:<\/strong> We work closely with hotel management teams to identify inefficiencies, streamline processes, and enhance productivity. <\/li>\n\n\n\n<li><strong>Wi\u0119ksza satysfakcja go\u015bci:<\/strong> Our services focus on helping hotels enhance guest satisfaction and loyalty through personalized service, superior guest experiences, and innovative amenities. <\/li>\n<\/ul>\n\n\n\n<h2 class=\"wp-block-heading\">Szanse i wyzwania dla przedsi\u0119biorstw<\/h2>\n\n\n\n<p>Doradztwo w zakresie strategii hotelowych otwiera wiele mo\u017cliwo\u015bci dla firm z bran\u017cy hotelarskiej, umo\u017cliwiaj\u0105c im udoskonalenie ich dzia\u0142alno\u015bci, do\u015bwiadcze\u0144 go\u015bci i og\u00f3lnej pozycji rynkowej. Przyjrzyjmy si\u0119 niekt\u00f3rym z tych kluczowych mo\u017cliwo\u015bci:<\/p>\n\n\n\n<ul class=\"wp-block-list\">\n<li><strong>R\u00f3\u017cnicowanie rynku i budowanie marki:<\/strong> <a title=\"Doradztwo w zakresie identyfikacji marki hotelu\" data-wpil-monitor-id=\"2918\" href=\"https:\/\/www.sisinternational.com\/pl\/rozwiazania\/podroze-turystyka-hotelarstwo-doradztwo\/hotel-brand-identity-consulting\/\">Hotel strategy consulting<\/a> can assist businesses in developing a unique brand identity and market position. <\/li>\n\n\n\n<li><strong>Integracja technologiczna:<\/strong> W bran\u017cy, w kt\u00f3rej coraz wi\u0119ksz\u0105 rol\u0119 odgrywa technologia, doradztwo mo\u017ce pom\u00f3c hotelom zidentyfikowa\u0107 i zintegrowa\u0107 w\u0142a\u015bciwe rozwi\u0105zania technologiczne, takie jak systemy AI, IoT i CRM, w celu usprawnienia dzia\u0142alno\u015bci i obs\u0142ugi go\u015bci.<\/li>\n\n\n\n<li><strong>Zr\u00f3wnowa\u017cone praktyki:<\/strong> Coraz wi\u0119ksz\u0105 wag\u0119 przywi\u0105zuje si\u0119 do zr\u00f3wnowa\u017conego rozwoju, dlatego konsultanci mog\u0105 pom\u00f3c hotelom wdro\u017cy\u0107 przyjazne dla \u015brodowiska praktyki i zasady, kt\u00f3re przynios\u0105 korzy\u015bci \u015brodowisku i b\u0119d\u0105 atrakcyjne dla podr\u00f3\u017cnych dbaj\u0105cych o \u015brodowisko.<\/li>\n\n\n\n<li><strong>Globalna ekspansja i lokalizacja:<\/strong> Konsultanci oferuj\u0105 hotelom, kt\u00f3re my\u015bl\u0105 o ekspansji na nowe rynki, nieocenion\u0105 wiedz\u0119 na temat dynamiki lokalnego rynku, niuans\u00f3w kulturowych i zgodno\u015bci z przepisami, gwarantuj\u0105c skuteczne i dostosowane do potrzeb podej\u015bcie do ka\u017cdego nowego przedsi\u0119wzi\u0119cia.<\/li>\n<\/ul>\n\n\n\n<h2 class=\"wp-block-heading\">Wyzwania dla firm<\/h2>\n\n\n\n<p>Chocia\u017c doradztwo w zakresie strategii hotelowych oferuje wiele korzy\u015bci, wi\u0105\u017ce si\u0119 ono r\u00f3wnie\u017c z wyzwaniami, kt\u00f3rym firmy musz\u0105 stawi\u0107 czo\u0142a. Ich rozpoznanie i podj\u0119cie dzia\u0142a\u0144 jest kluczowe dla skutecznego wdro\u017cenia strategii konsultingowych.<\/p>\n\n\n\n<ul class=\"wp-block-list\">\n<li><strong>Adaptacja do szybkich zmian na rynku:<\/strong> Bran\u017ca hotelarska jest dynamiczna, z cz\u0119stymi zmianami preferencji konsument\u00f3w, post\u0119pem technologicznym i czynnikami ekonomicznymi. Pozostanie elastycznym i reaguj\u0105cym na te zmiany pozostaje powa\u017cnym wyzwaniem dla hoteli.<\/li>\n\n\n\n<li><strong>Integracja nowych technologii:<\/strong> Podczas gdy technologia oferuje ogromne korzy\u015bci, integrowanie nowych system\u00f3w z istniej\u0105cymi operacjami mo\u017ce by\u0107 skomplikowane. Potrzebna jest p\u0142ynna integracja bez zak\u0142\u00f3cania bie\u017c\u0105cych us\u0142ug, szkolenia personelu i adaptacji.<\/li>\n\n\n\n<li><strong>Zr\u00f3wnowa\u017cenie koszt\u00f3w i inwestycji:<\/strong> Inwestowanie w nowe strategie i technologie mo\u017ce by\u0107 kosztowne. Hotele musz\u0105 zr\u00f3wnowa\u017cy\u0107 natychmiastowe koszty z d\u0142ugoterminowymi korzy\u015bciami, zapewniaj\u0105c, \u017ce inwestycje przynosz\u0105 znaczny zwrot z inwestycji (ROI).<\/li>\n\n\n\n<li><strong>Obawy dotycz\u0105ce bezpiecze\u0144stwa danych i prywatno\u015bci:<\/strong> W zwi\u0105zku z coraz powszechniejszym korzystaniem z narz\u0119dzi analitycznych i cyfrowych ochrona danych go\u015bci i przestrzeganie przepis\u00f3w o ochronie prywatno\u015bci staje si\u0119 coraz wi\u0119kszym problemem i wyzwaniem.<\/li>\n\n\n\n<li><strong>Op\u00f3r kulturowy i operacyjny:<\/strong> Czasami w organizacji mo\u017ce pojawi\u0107 si\u0119 op\u00f3r wobec nowych strategii i zmian, zw\u0142aszcza je\u015bli znacz\u0105co zmieniaj\u0105 one przyj\u0119te praktyki lub normy kulturowe.<\/li>\n<\/ul>\n\n\n\n<h2 class=\"wp-block-heading\">W jaki spos\u00f3b us\u0142ugi konsultingowe w zakresie strategii hotelowej firmy SIS International pomagaj\u0105 firmom<\/h2>\n\n\n\n<p>Here\u2019s how SIS International\u2019s expertise and services add value to hotels and hospitality businesses:<\/p>\n\n\n\n<p><strong>Planowanie strategiczne<\/strong><\/p>\n\n\n\n<p>SIS International helps hotels identify growth opportunities, mitigate risks, and develop actionable strategies that drive long-term success by conducting thorough analyses of market trends, competitive landscapes, and internal capabilities.<\/p>\n\n\n\n<p><strong>Analiza rynku i pozycjonowanie<\/strong><\/p>\n\n\n\n<p>SIS International provides in-depth market analysis and positioning strategies to help hotels differentiate themselves in a competitive marketplace. <\/p>\n\n\n\n<p><strong>Doskona\u0142o\u015b\u0107 operacyjna<\/strong><\/p>\n\n\n\n<p>SIS helps hotels streamline operations, reduce costs, and deliver exceptional service that exceeds guest expectations by conducting operational assessments, process optimizations, and staff training initiatives.<\/p>\n\n\n\n<p><strong>Innowacja i integracja technologii<\/strong><\/p>\n\n\n\n<p>We help hotels embrace innovation and technology to stay ahead of market trends and meet evolving guest expectations. By identifying emerging technologies, trends, and best practices, <\/p>\n\n\n\n<p><strong>Partnerstwa wsp\u00f3\u0142pracy<\/strong><\/p>\n\n\n\n<p>SIS fosters partnerships with hotels, vendors, and industry stakeholders to facilitate knowledge sharing, best practices, and industry insights. <\/p>\n\n\n\n<h2 class=\"wp-block-heading\">O firmie SIS International Consulting<\/h2>\n\n\n\n<p>SIS International Consulting specjalizuje si\u0119 w dostarczaniu dostosowanych rozwi\u0105za\u0144 strategicznych dla firm na ca\u0142ym \u015bwiecie. Nasi eksperci konsultanci oferuj\u0105 kompleksowe us\u0142ugi doradcze w zakresie wej\u015bcia na rynek, ekspansji biznesowej, planowania strategicznego i rozwoju organizacyjnego. Wsp\u00f3\u0142pracujemy z klientami, od analizy rynku po wsparcie wdra\u017cania, aby nap\u0119dza\u0107 zr\u00f3wnowa\u017cony wzrost i przewag\u0119 konkurencyjn\u0105. Skontaktuj si\u0119 z nami, aby dowiedzie\u0107 si\u0119, w jaki spos\u00f3b nasza wiedza konsultingowa mo\u017ce wzmocni\u0107 Twoj\u0105 firm\u0119.<\/p>","protected":false},"excerpt":{"rendered":"<p>Doradztwo strategiczne w zakresie hoteli to strategiczne partnerstwo, kt\u00f3re pomaga hotelom dostosowa\u0107 si\u0119 do zmian w bran\u017cy dzi\u0119ki wiedzy i taktykom.<\/p>","protected":false},"author":1,"featured_media":62546,"parent":44644,"menu_order":3,"comment_status":"closed","ping_status":"closed","template":"","meta":{"footnotes":""},"class_list":["post-45566","page","type-page","status-publish","has-post-thumbnail"],"_links":{"self":[{"href":"https:\/\/www.sisinternational.com\/pl\/wp-json\/wp\/v2\/pages\/45566","targetHints":{"allow":["GET"]}}],"collection":[{"href":"https:\/\/www.sisinternational.com\/pl\/wp-json\/wp\/v2\/pages"}],"about":[{"href":"https:\/\/www.sisinternational.com\/pl\/wp-json\/wp\/v2\/types\/page"}],"author":[{"embeddable":true,"href":"https:\/\/www.sisinternational.com\/pl\/wp-json\/wp\/v2\/users\/1"}],"replies":[{"embeddable":true,"href":"https:\/\/www.sisinternational.com\/pl\/wp-json\/wp\/v2\/comments?post=45566"}],"version-history":[{"count":16,"href":"https:\/\/www.sisinternational.com\/pl\/wp-json\/wp\/v2\/pages\/45566\/revisions"}],"predecessor-version":[{"id":82088,"href":"https:\/\/www.sisinternational.com\/pl\/wp-json\/wp\/v2\/pages\/45566\/revisions\/82088"}],"up":[{"embeddable":true,"href":"https:\/\/www.sisinternational.com\/pl\/wp-json\/wp\/v2\/pages\/44644"}],"wp:featuredmedia":[{"embeddable":true,"href":"https:\/\/www.sisinternational.com\/pl\/wp-json\/wp\/v2\/media\/62546"}],"wp:attachment":[{"href":"https:\/\/www.sisinternational.com\/pl\/wp-json\/wp\/v2\/media?parent=45566"}],"curies":[{"name":"wp","href":"https:\/\/api.w.org\/{rel}","templated":true}]}}