{"id":44783,"date":"2024-01-07T12:46:09","date_gmt":"2024-01-07T17:46:09","guid":{"rendered":"https:\/\/www.sisinternational.com\/?page_id=44783"},"modified":"2026-02-19T00:48:04","modified_gmt":"2026-02-19T05:48:04","slug":"automatyzacja-restauracji-sztuczna-inteligencja-doradztwo","status":"publish","type":"page","link":"https:\/\/www.sisinternational.com\/pl\/rozwiazania\/badania-rynku-i-doradztwo-strategiczne-w-zakresie-sztucznej-inteligencji\/automatyzacja-restauracji-sztuczna-inteligencja-doradztwo\/","title":{"rendered":"Doradztwo w zakresie automatyzacji restauracji i sztucznej inteligencji"},"content":{"rendered":"<h1 class=\"wp-block-heading\">Doradztwo w zakresie automatyzacji restauracji i sztucznej inteligencji<\/h1>\n\n\n\n<figure class=\"gb-block-image gb-block-image-7ce1b7fe\"><img loading=\"lazy\" decoding=\"async\" width=\"1456\" height=\"816\" class=\"gb-image gb-image-7ce1b7fe\" src=\"https:\/\/www.sisinternational.com\/wp-content\/uploads\/2025\/10\/Hotel-restaurant-2.jpg\" alt=\"SIS Mi\u0119dzynarodowe badania rynku i strategia\" title=\"Hotel restaurant (2)\" srcset=\"https:\/\/www.sisinternational.com\/wp-content\/uploads\/2025\/10\/Hotel-restaurant-2.jpg 1456w, https:\/\/www.sisinternational.com\/wp-content\/uploads\/2025\/10\/Hotel-restaurant-2-300x168.jpg 300w, https:\/\/www.sisinternational.com\/wp-content\/uploads\/2025\/10\/Hotel-restaurant-2-1024x574.jpg 1024w, https:\/\/www.sisinternational.com\/wp-content\/uploads\/2025\/10\/Hotel-restaurant-2-768x430.jpg 768w, https:\/\/www.sisinternational.com\/wp-content\/uploads\/2025\/10\/Hotel-restaurant-2-18x10.jpg 18w\" sizes=\"auto, (max-width: 1456px) 100vw, 1456px\"><\/figure>\n\n\n\n<p><\/p>\n\n\n\n<p>W dynamicznym \u015bwiecie bran\u017cy restauracyjnej integracja automatyzacji restauracji i doradztwa w zakresie sztucznej inteligencji to rewolucja. Ta innowacyjna mieszanka technologii i sztuki kulinarnej zmienia spos\u00f3b dzia\u0142ania restauracji, oferuj\u0105c rozwi\u0105zania, kt\u00f3re zmieniaj\u0105 krajobraz bran\u017cy hotelarskiej, czyni\u0105c ka\u017cdy aspekt inteligentniejszym, szybszym i bardziej zorientowanym na klienta.<\/p>\n\n\n\n<h2 class=\"wp-block-heading\">Zrozumienie automatyzacji restauracji i doradztwa w zakresie sztucznej inteligencji<\/h2>\n\n\n\n<p>Automatyzacja restauracji i doradztwo w zakresie sztucznej inteligencji to rozwijaj\u0105ca si\u0119 dziedzina, kt\u00f3ra \u0142\u0105czy zaawansowane technologie AI z wyj\u0105tkowymi potrzebami operacyjnymi restauracji. Konsultanci w tej dziedzinie wsp\u00f3\u0142pracuj\u0105 z w\u0142a\u015bcicielami restauracji w celu zidentyfikowania obszar\u00f3w, w kt\u00f3rych AI mo\u017ce doda\u0107 najwi\u0119ksz\u0105 warto\u015b\u0107, takich jak obs\u0142uga klienta, operacje kuchenne lub zarz\u0105dzanie zapasami. Celem jest opracowanie dostosowanych rozwi\u0105za\u0144 AI, kt\u00f3re rozwi\u0105\u017c\u0105 konkretne wyzwania i cele restauracji.<\/p>\n\n\n\n<p>A critical aspect of this <a title=\"Badania rynku us\u0142ug bankowych i doradztwo strategiczne\" href=\"https:\/\/www.sisinternational.com\/pl\/rozwiazania\/doradztwo-strategiczne-fintech-badania\/banking-as-a-service-market-research-and-strategy-consulting\/\" data-wpil-monitor-id=\"9176\">consulting service<\/a> is developing and implementing AI strategies that align with the restaurant\u2019s business model and objectives. This could include integrating AI-powered reservation systems, implementing <a title=\"Badania rynku inteligentnych dom\u00f3w\" href=\"https:\/\/www.sisinternational.com\/pl\/badania-rynku-inteligentnych-domow\/\" data-wpil-monitor-id=\"9169\">smart inventory management solutions<\/a>, or deploying AI for personalized marketing campaigns.<\/p>\n\n\n\n<h2 class=\"wp-block-heading\">Kluczowe czynniki sukcesu w automatyzacji restauracji i doradztwie w zakresie sztucznej inteligencji<\/h2>\n\n\n\n<p>For restaurant automation and artificial intelligence consulting to be effective and deliver tangible results, certain <a title=\"Kluczowe czynniki sukcesu w badaniach rynku motoryzacyjnego\" href=\"https:\/\/www.sisinternational.com\/pl\/kluczowe-czynniki-sukcesu-w-badaniach-rynku-motoryzacyjnego\/\" data-wpil-monitor-id=\"9171\">key success factors<\/a> must be in place. Let&#8217;s explore these crucial elements.<\/p>\n\n\n\n<ul class=\"wp-block-list\">\n<li><strong>Zgodno\u015b\u0107 z celami i strategi\u0105 restauracji:<\/strong> The AI initiatives must be closely aligned with the restaurant&#8217;s overarching goals and business strategies. <\/li>\n\n\n\n<li><strong>Jako\u015b\u0107 i integracja danych:<\/strong> Sukces AI w bran\u017cy restauracyjnej w du\u017cej mierze zale\u017cy od jako\u015bci i integracji danych. Kompleksowe i dok\u0142adne dane z r\u00f3\u017cnych \u017ar\u00f3de\u0142, takich jak systemy POS, opinie klient\u00f3w i logistyka \u0142a\u0144cucha dostaw, maj\u0105 kluczowe znaczenie. Dane te stanowi\u0105 podstaw\u0119 spostrze\u017ce\u0144 i decyzji opartych na AI.<\/li>\n\n\n\n<li><strong>Przyjazne u\u017cytkownikowi rozwi\u0105zania technologiczne:<\/strong> Wdro\u017cone technologie i narz\u0119dzia AI powinny by\u0107 przyjazne dla u\u017cytkownika i \u0142atwe do zrozumienia przez personel restauracji. Nadmiernie skomplikowane systemy mog\u0105 prowadzi\u0107 do oporu i niedostatecznego wykorzystania, niwecz\u0105c potencjalne korzy\u015bci AI.<\/li>\n<\/ul>\n\n\n\n<h2 class=\"wp-block-heading\">Rzeczywisty wp\u0142yw automatyzacji restauracji i doradztwa w zakresie sztucznej inteligencji<\/h2>\n\n\n\n<p>Rozpoczynaj\u0105c automatyzacj\u0119 restauracji i konsultacje w zakresie sztucznej inteligencji, restauracje mog\u0105 spodziewa\u0107 si\u0119 szeregu transformacyjnych skutk\u00f3w. Te zmiany optymalizuj\u0105 bie\u017c\u0105ce operacje, a tak\u017ce toruj\u0105 drog\u0119 przysz\u0142ym post\u0119pom. Oto, czego restauratorzy mog\u0105 oczekiwa\u0107 po w\u0142\u0105czeniu sztucznej inteligencji do swoich strategii biznesowych.<\/p>\n\n\n\n<ul class=\"wp-block-list\">\n<li><strong>Zwi\u0119kszona wydajno\u015b\u0107 operacyjna:<\/strong> Jednym z najwa\u017cniejszych oczekiwa\u0144 jest znaczny wzrost wydajno\u015bci operacyjnej. AI mo\u017ce usprawni\u0107 r\u00f3\u017cne aspekty dzia\u0142alno\u015bci restauracji, takie jak zarz\u0105dzanie kuchni\u0105, przetwarzanie zam\u00f3wie\u0144 i kontrola zapas\u00f3w, co prowadzi do obni\u017cenia koszt\u00f3w operacyjnych i poprawy szybko\u015bci obs\u0142ugi.<\/li>\n\n\n\n<li><strong>Podejmowanie decyzji w oparciu o dane:<\/strong> AI <a title=\"Konsultacje w zakresie nauki o danych i analityki\" data-wpil-monitor-id=\"9173\" href=\"https:\/\/www.sisinternational.com\/pl\/ekspertyza\/branze\/doradztwo-w-zakresie-analityki-danych-naukowych\/\">consulting provides access to sophisticated data analytics<\/a>. This means restaurants can expect to gain deeper insights into their operations, customer preferences, and market trends, enabling them to make more informed and strategic business decisions.<\/li>\n\n\n\n<li><strong>Spersonalizowane do\u015bwiadczenia klient\u00f3w:<\/strong> With AI\u2019s capability to analyze customer data, restaurants can offer personalized dining experiences. <\/li>\n\n\n\n<li><strong>Przewaga konkurencyjna:<\/strong> W wysoce konkurencyjnej bran\u017cy wykorzystanie AI mo\u017ce zapewni\u0107 znaczn\u0105 przewag\u0119. Pozwala restauracjom oferowa\u0107 unikalne us\u0142ugi, optymalizowa\u0107 swoje operacje i szybko reagowa\u0107 na zmiany rynkowe, wyr\u00f3\u017cniaj\u0105c je na tle konkurencji.<\/li>\n\n\n\n<li><strong>Innowacje w ofercie us\u0142ug i produkt\u00f3w:<\/strong> AI otwiera mo\u017cliwo\u015bci innowacji zar\u00f3wno w ofercie us\u0142ug, jak i produkt\u00f3w. Od wprowadzania serwer\u00f3w robotycznych po tworzenie menu generowanych przez AI na podstawie popularnych smak\u00f3w, mo\u017cliwo\u015bci innowacji s\u0105 ogromne i r\u00f3\u017cnorodne.<\/li>\n<\/ul>\n\n\n\n<h2 class=\"wp-block-heading\">Aktualne trendy w automatyzacji restauracji i doradztwie w zakresie sztucznej inteligencji<\/h2>\n\n\n\n<p>Krajobraz automatyzacji restauracji i doradztwa w zakresie sztucznej inteligencji nieustannie ewoluuje. Przyjrzyjmy si\u0119 niekt\u00f3rym obecnym trendom kszta\u0142tuj\u0105cym t\u0119 dynamiczn\u0105 dziedzin\u0119.<\/p>\n\n\n\n<ul class=\"wp-block-list\">\n<li><strong>Personalizacja oparta na sztucznej inteligencji:<\/strong> G\u0142\u00f3wnym trendem jest wykorzystanie AI do personalizacji do\u015bwiadcze\u0144 kulinarnych. Od silnik\u00f3w rekomendacji opartych na AI, kt\u00f3re sugeruj\u0105 pozycje menu na podstawie preferencji klient\u00f3w, po spersonalizowane komunikaty marketingowe, AI umo\u017cliwia restauracjom skuteczniejsze zaspokajanie indywidualnych potrzeb klient\u00f3w.<\/li>\n\n\n\n<li><strong>Lepsza obs\u0142uga klienta dzi\u0119ki chatbotom i asystentom AI:<\/strong> Coraz cz\u0119\u015bciej korzysta si\u0119 z chatbot\u00f3w i asystent\u00f3w AI w obs\u0142udze klienta. Narz\u0119dzia te mog\u0105 obs\u0142ugiwa\u0107 rezerwacje, odpowiada\u0107 na pytania klient\u00f3w i dostarcza\u0107 informacji o menu i ofertach specjalnych, usprawniaj\u0105c interakcj\u0119 z klientami i uwalniaj\u0105c personel do innych zada\u0144.<\/li>\n\n\n\n<li><strong>Automatyzacja w kuchni i przygotowywaniu \u017cywno\u015bci:<\/strong> Coraz popularniejsza jest automatyzacja operacji kuchennych, w tym przygotowywania \u017cywno\u015bci. Urz\u0105dzenia kuchenne z obs\u0142ug\u0105 AI mog\u0105 gotowa\u0107 \u017cywno\u015b\u0107 zgodnie z dok\u0142adnymi specyfikacjami i zarz\u0105dza\u0107 zapasami, zapewniaj\u0105c sp\u00f3jno\u015b\u0107 i wydajno\u015b\u0107 produkcji \u017cywno\u015bci.<\/li>\n\n\n\n<li><strong>Analityka predykcyjna w zarz\u0105dzaniu zapasami i \u0142a\u0144cuchem dostaw:<\/strong> AI is being used to predict inventory needs and manage supply chains more efficiently. <\/li>\n\n\n\n<li><strong>Integracja IoT w dzia\u0142alno\u015bci restauracji:<\/strong> Integracja urz\u0105dze\u0144 IoT (Internet of Things) w restauracjach staje si\u0119 coraz bardziej powszechna. Czujniki i pod\u0142\u0105czone urz\u0105dzenia mog\u0105 \u015bledzi\u0107 temperatur\u0119 \u017cywno\u015bci, monitorowa\u0107 wydajno\u015b\u0107 sprz\u0119tu, a nawet zarz\u0105dza\u0107 zu\u017cyciem energii, przyczyniaj\u0105c si\u0119 do bezpieczniejszych i bardziej wydajnych operacji.<\/li>\n<\/ul>\n\n\n\n<h2 class=\"wp-block-heading\">Mo\u017cliwo\u015bci w zakresie automatyzacji restauracji i doradztwa w zakresie sztucznej inteligencji<\/h2>\n\n\n\n<p>The integration of <a title=\"Doradztwo w zakresie automatyzacji opieki zdrowotnej i sztucznej inteligencji\" href=\"https:\/\/www.sisinternational.com\/pl\/rozwiazania\/badania-rynku-i-doradztwo-strategiczne-w-zakresie-sztucznej-inteligencji\/healthcare-automation-artificial-intelligence-consulting\/\" data-wpil-monitor-id=\"9174\">artificial intelligence in restaurant automation<\/a> presents a host of opportunities for the hospitality industry. These advancements are revolutionizing operational efficiencies and also opening new avenues for customer engagement and business growth.<\/p>\n\n\n\n<ul class=\"wp-block-list\">\n<li><strong>Lepsze do\u015bwiadczenia klient\u00f3w:<\/strong> Jedn\u0105 z najwi\u0119kszych mo\u017cliwo\u015bci jest podniesienie poziomu obs\u0142ugi klienta. AI umo\u017cliwia spersonalizowan\u0105 obs\u0142ug\u0119, od dostosowanych sugestii menu po uwa\u017cn\u0105 obs\u0142ug\u0119 klienta, tworz\u0105c wyj\u0105tkowe i niezapomniane do\u015bwiadczenie kulinarne, kt\u00f3re mo\u017ce prowadzi\u0107 do powtarzalno\u015bci biznesu.<\/li>\n\n\n\n<li><strong>Wydajno\u015b\u0107 operacyjna i redukcja koszt\u00f3w:<\/strong> AI-driven automation in kitchen operations, inventory management, and administrative tasks can significantly enhance operational efficiency. <\/li>\n\n\n\n<li><strong>Spostrze\u017cenia biznesowe oparte na danych:<\/strong> AI mo\u017ce przetwarza\u0107 ogromne ilo\u015bci danych, aby dostarcza\u0107 praktycznych spostrze\u017ce\u0144 na temat preferencji klient\u00f3w, trend\u00f3w rynkowych i wydajno\u015bci operacyjnej. Te spostrze\u017cenia mog\u0105 informowa\u0107 o projektowaniu menu, strategiach promocyjnych i og\u00f3lnych decyzjach biznesowych, prowadz\u0105c do bardziej strategicznych i udanych operacji.<\/li>\n\n\n\n<li><strong>Innowacyjne modele us\u0142ug:<\/strong> Sztuczna inteligencja otwiera mo\u017cliwo\u015bci innowacyjnych modeli obs\u0142ugi w restauracjach, takich jak cyfrowe systemy zamawiania, kioski samoobs\u0142ugowe oparte na sztucznej inteligencji, a nawet kelnerzy-roboty, zapewniaj\u0105c wyj\u0105tkowe i zaawansowane technologicznie doznania kulinarne.<\/li>\n\n\n\n<li><strong>Ulepszone zarz\u0105dzanie zapasami i \u0142a\u0144cuchem dostaw:<\/strong> Dzi\u0119ki sztucznej inteligencji restauracje mog\u0105 lepiej zarz\u0105dza\u0107 zapasami i \u0142a\u0144cuchem dostaw, dok\u0142adniej prognozowa\u0107 popyt, ogranicza\u0107 ilo\u015b\u0107 odpad\u00f3w i zapewnia\u0107 terminowe uzupe\u0142nianie zapas\u00f3w.<\/li>\n<\/ul>\n\n\n\n<h2 class=\"wp-block-heading\">Wyzwania automatyzacji restauracji i doradztwa w zakresie sztucznej inteligencji<\/h2>\n\n\n\n<p>The integration of <a title=\"Doradztwo w zakresie automatyki przemys\u0142owej i sztucznej inteligencji\" href=\"https:\/\/www.sisinternational.com\/pl\/rozwiazania\/badania-rynku-i-doradztwo-strategiczne-w-zakresie-sztucznej-inteligencji\/industrial-automation-artificial-intelligence-consulting\/\" data-wpil-monitor-id=\"9175\">artificial intelligence in restaurant automation<\/a> comes with its own set of challenges. These obstacles must be navigated carefully to ensure successful implementation and realization of AI\u2019s full potential in the restaurant industry.<\/p>\n\n\n\n<ul class=\"wp-block-list\">\n<li><strong>Z\u0142o\u017cono\u015b\u0107 integracji:<\/strong> Integracja AI z istniej\u0105cymi operacjami restauracyjnymi mo\u017ce by\u0107 skomplikowana. Obejmuje nie tylko instalacj\u0119 nowych technologii, ale tak\u017ce bezproblemow\u0105 integracj\u0119 z obecnymi systemami i procesami, co mo\u017ce by\u0107 trudne i czasoch\u0142onne.<\/li>\n\n\n\n<li><strong>Luka w umiej\u0119tno\u015bciach i potrzeby szkoleniowe:<\/strong> Cz\u0119sto wyst\u0119puje luka w umiej\u0119tno\u015bciach efektywnego obs\u0142ugiwania i zarz\u0105dzania systemami AI. Personel restauracji mo\u017ce wymaga\u0107 rozleg\u0142ego szkolenia, aby sprawnie korzysta\u0107 z nowych technologii, co mo\u017ce by\u0107 procesem wymagaj\u0105cym du\u017cych zasob\u00f3w.<\/li>\n\n\n\n<li><strong>Prywatno\u015b\u0107 klienta i bezpiecze\u0144stwo danych:<\/strong> Wraz ze wzrostem wykorzystania AI obawy dotycz\u0105ce prywatno\u015bci i bezpiecze\u0144stwa danych klient\u00f3w staj\u0105 si\u0119 najwa\u017cniejsze. Restauracje musz\u0105 zapewni\u0107 zgodno\u015b\u0107 z przepisami o ochronie danych i bezpieczne przetwarzanie informacji o klientach.<\/li>\n\n\n\n<li><strong>Utrzymanie ludzkiego pierwiastka:<\/strong> W bran\u017cy hotelarskiej czynnik ludzki jest kluczowy. Zr\u00f3wnowa\u017cenie automatyzacji z potrzeb\u0105 osobistej interakcji jest wyzwaniem, poniewa\u017c klienci cz\u0119sto ceni\u0105 sobie osobisty kontakt, kt\u00f3ry towarzyszy do\u015bwiadczeniom kulinarnym.<\/li>\n\n\n\n<li><strong>Pomiar zwrotu z inwestycji (ROI) i wp\u0142ywu:<\/strong> Determining the return on investment (ROI) and the tangible impact of AI and automation on restaurant operations can be challenging. Quantifying <a title=\"Jak poprawi\u0107 zadowolenie klienta i zadowoli\u0107 niezadowolonych klient\u00f3w\" data-wpil-monitor-id=\"9172\" href=\"https:\/\/www.sisinternational.com\/pl\/improving-customer-relations\/\">improvements in customer satisfaction<\/a> or operational efficiency requires careful monitoring and analysis.<\/li>\n<\/ul>\n\n\n\n<h2 class=\"wp-block-heading\">Rozwi\u0105zania SIS: Automatyzacja restauracji i doradztwo w zakresie sztucznej inteligencji<\/h2>\n\n\n\n<p>At SIS, we specialize in providing comprehensive solutions for restaurants seeking to leverage <a title=\"Technology Industry Automation and Artificial Intelligence Consulting\" href=\"https:\/\/www.sisinternational.com\/pl\/rozwiazania\/badania-rynku-i-doradztwo-strategiczne-w-zakresie-sztucznej-inteligencji\/technology-industry-automation-artificial-intelligence-consulting\/\" data-wpil-monitor-id=\"9170\">automation and artificial intelligence technologies<\/a> to optimize their operations and enhance customer experiences. Our restaurant automation and artificial intelligence consulting services are designed to address the unique challenges and opportunities within the hospitality industry, delivering tailored strategies that drive innovation and efficiency. Here&#8217;s how we can help:<\/p>\n\n\n\n<ul class=\"wp-block-list\">\n<li><strong>Analiza strategiczna i rozwi\u0105zania dostosowane do potrzeb:<\/strong> Nasi konsultanci przeprowadzaj\u0105 dog\u0142\u0119bne analizy strategiczne, aby zrozumie\u0107 konkretne cele i wyzwania Twojej restauracji. Nast\u0119pnie opracowujemy dostosowane rozwi\u0105zania AI dostosowane do Twojego modelu biznesowego, niezale\u017cnie od tego, czy chodzi o usprawnienie operacji w kuchni, popraw\u0119 obs\u0142ugi klienta, czy te\u017c wzmocnienie dzia\u0142a\u0144 marketingowych.<\/li>\n\n\n\n<li><strong>Lepsze do\u015bwiadczenia klient\u00f3w:<\/strong> Dzi\u0119ki rozwi\u0105zaniom personalizacji i obs\u0142ugi klienta opartym na sztucznej inteligencji pomagamy tworzy\u0107 niezapomniane do\u015bwiadczenia kulinarne, kt\u00f3re sprawiaj\u0105, \u017ce klienci wracaj\u0105. Od spersonalizowanych rekomendacji menu po chatboty oparte na sztucznej inteligencji do rezerwacji i zapyta\u0144, dbamy o to, aby ka\u017cda interakcja pozostawia\u0142a trwa\u0142e wra\u017cenie.<\/li>\n\n\n\n<li><strong>Wnioski i podejmowanie decyzji oparte na danych:<\/strong> Our AI analytics tools provide valuable insights into customer preferences, market trends, and operational performance. <\/li>\n\n\n\n<li><strong>Szkolenia i wsparcie:<\/strong> Oferujemy kompleksowe programy szkoleniowe, aby zapewni\u0107, \u017ce Twoi pracownicy s\u0105 wyposa\u017ceni w narz\u0119dzia do efektywnego wykorzystywania technologii AI. Nasze sta\u0142e us\u0142ugi wsparcia zapewniaj\u0105 p\u0142ynne wdra\u017canie i rozwi\u0105zuj\u0105 wszelkie wyzwania lub pytania, kt\u00f3re pojawiaj\u0105 si\u0119 po drodze.<\/li>\n\n\n\n<li><strong>Integracja z istniej\u0105cymi systemami:<\/strong> Nasi konsultanci zapewniaj\u0105 bezproblemow\u0105 integracj\u0119 rozwi\u0105za\u0144 AI z istniej\u0105cymi systemami i procesami w Twojej restauracji. Minimalizujemy zak\u0142\u00f3cenia i maksymalizujemy warto\u015b\u0107 Twojej inwestycji, skutecznie wykorzystuj\u0105c Twoj\u0105 obecn\u0105 infrastruktur\u0119.<\/li>\n\n\n\n<li><strong>Monitorowanie i optymalizacja wydajno\u015bci:<\/strong> Ustanawiamy kluczowe wska\u017aniki efektywno\u015bci (KPI), aby monitorowa\u0107 wp\u0142yw naszych rozwi\u0105za\u0144 AI na wydajno\u015b\u0107 Twojej restauracji. Regularne przegl\u0105dy i optymalizacje zapewniaj\u0105, \u017ce Twoje operacje s\u0105 stale ulepszane i dostarczaj\u0105 maksymaln\u0105 warto\u015b\u0107.<\/li>\n<\/ul>\n\n\n\n<p>Nasze d\u0142ugotrwa\u0142e relacje ze specjalistami bran\u017cowymi pozwalaj\u0105 nam pozosta\u0107 na czele automatyzacji restauracji i doradztwa w zakresie sztucznej inteligencji. Zesp\u00f3\u0142 ds. strategii SIS \u015bci\u015ble wsp\u00f3\u0142pracuje z nasz\u0105 globaln\u0105 sieci\u0105 biur, aby dostarcza\u0107 najnowsze spostrze\u017cenia i innowacje w tej dziedzinie, zapewniaj\u0105c, \u017ce Twoja restauracja pozostanie konkurencyjna i odniesie sukces na dzisiejszym dynamicznym rynku.<\/p>","protected":false},"excerpt":{"rendered":"<p>Doradztwo w zakresie automatyzacji restauracji i sztucznej inteligencji Technologia AI jest integrowana w celu usprawnienia dzia\u0142alno\u015bci w bran\u017cy restauracyjnej.<\/p>","protected":false},"author":1,"featured_media":70815,"parent":44406,"menu_order":28,"comment_status":"closed","ping_status":"closed","template":"","meta":{"footnotes":""},"class_list":["post-44783","page","type-page","status-publish","has-post-thumbnail"],"_links":{"self":[{"href":"https:\/\/www.sisinternational.com\/pl\/wp-json\/wp\/v2\/pages\/44783","targetHints":{"allow":["GET"]}}],"collection":[{"href":"https:\/\/www.sisinternational.com\/pl\/wp-json\/wp\/v2\/pages"}],"about":[{"href":"https:\/\/www.sisinternational.com\/pl\/wp-json\/wp\/v2\/types\/page"}],"author":[{"embeddable":true,"href":"https:\/\/www.sisinternational.com\/pl\/wp-json\/wp\/v2\/users\/1"}],"replies":[{"embeddable":true,"href":"https:\/\/www.sisinternational.com\/pl\/wp-json\/wp\/v2\/comments?post=44783"}],"version-history":[{"count":4,"href":"https:\/\/www.sisinternational.com\/pl\/wp-json\/wp\/v2\/pages\/44783\/revisions"}],"predecessor-version":[{"id":83072,"href":"https:\/\/www.sisinternational.com\/pl\/wp-json\/wp\/v2\/pages\/44783\/revisions\/83072"}],"up":[{"embeddable":true,"href":"https:\/\/www.sisinternational.com\/pl\/wp-json\/wp\/v2\/pages\/44406"}],"wp:featuredmedia":[{"embeddable":true,"href":"https:\/\/www.sisinternational.com\/pl\/wp-json\/wp\/v2\/media\/70815"}],"wp:attachment":[{"href":"https:\/\/www.sisinternational.com\/pl\/wp-json\/wp\/v2\/media?parent=44783"}],"curies":[{"name":"wp","href":"https:\/\/api.w.org\/{rel}","templated":true}]}}