{"id":44085,"date":"2023-11-06T14:15:36","date_gmt":"2023-11-06T19:15:36","guid":{"rendered":"https:\/\/www.sisinternational.com\/?page_id=44085"},"modified":"2025-10-19T01:40:43","modified_gmt":"2025-10-19T05:40:43","slug":"badania-rynku-metoda-tabel-krzyzowych","status":"publish","type":"page","link":"https:\/\/www.sisinternational.com\/pl\/ekspertyza\/badania-rynku-metoda-tabel-krzyzowych\/","title":{"rendered":"Badania rynku metod\u0105 tabel krzy\u017cowych"},"content":{"rendered":"<h1 class=\"wp-block-heading\">Badania rynku metod\u0105 tabel krzy\u017cowych<\/h1>\n\n\n\n<figure class=\"gb-block-image gb-block-image-644676f9\"><img loading=\"lazy\" decoding=\"async\" width=\"1456\" height=\"816\" class=\"gb-image gb-image-644676f9\" src=\"https:\/\/www.sisinternational.com\/wp-content\/uploads\/2025\/09\/Quantitative-research-1d4-3.jpg\" alt=\"SIS Mi\u0119dzynarodowe badania rynku i strategia\" title=\"Quantitative research (1d4) (3)\" srcset=\"https:\/\/www.sisinternational.com\/wp-content\/uploads\/2025\/09\/Quantitative-research-1d4-3.jpg 1456w, https:\/\/www.sisinternational.com\/wp-content\/uploads\/2025\/09\/Quantitative-research-1d4-3-300x168.jpg 300w, https:\/\/www.sisinternational.com\/wp-content\/uploads\/2025\/09\/Quantitative-research-1d4-3-1024x574.jpg 1024w, https:\/\/www.sisinternational.com\/wp-content\/uploads\/2025\/09\/Quantitative-research-1d4-3-768x430.jpg 768w, https:\/\/www.sisinternational.com\/wp-content\/uploads\/2025\/09\/Quantitative-research-1d4-3-18x10.jpg 18w\" sizes=\"auto, (max-width: 1456px) 100vw, 1456px\"><\/figure>\n\n\n\n<p><\/p>\n\n\n\n<p>Badania rynku metod\u0105 tabel krzy\u017cowych pomagaj\u0105 firmom uzyska\u0107 g\u0142\u0119bsze spostrze\u017cenia z ogromnych zestaw\u00f3w danych, nadaj\u0105c sens liczbom i trendom, aby podejmowa\u0107 decyzje. Ale czym dok\u0142adnie jest ta technika i dlaczego okazuje si\u0119 nieoceniona dla firm na ca\u0142ym \u015bwiecie?<\/p>\n\n\n\n<h2 class=\"wp-block-heading\">Znaczenie bada\u0144 rynku opartych na tabelach krzy\u017cowych<\/h2>\n\n\n\n<p>Tablica krzy\u017cowa (cz\u0119sto w skr\u00f3cie tablica krzy\u017cowa) to metoda wy\u015bwietlania danych z dw\u00f3ch lub wi\u0119cej zmiennych w formacie tabeli kontyngencji. Zasadniczo ujawnia ona zwi\u0105zek mi\u0119dzy tymi zmiennymi, czyni\u0105c skomplikowane zestawy danych bardziej zrozumia\u0142ymi.<\/p>\n\n\n\n<p>Badania rynku metod\u0105 tabel krzy\u017cowych zyska\u0142y na znaczeniu ze wzgl\u0119du na mo\u017cliwo\u015b\u0107 uwypuklenia wzorc\u00f3w i trend\u00f3w, kt\u00f3re w przeciwnym razie mog\u0142yby pozosta\u0107 ukryte. Na przyk\u0142ad marka mo\u017ce chcie\u0107 zbada\u0107 zwi\u0105zek mi\u0119dzy danymi demograficznymi klient\u00f3w, takimi jak wiek i preferencje dotycz\u0105ce produkt\u00f3w. Korzystaj\u0105c z tabel krzy\u017cowych, mog\u0105 szybko rozszyfrowa\u0107, kt\u00f3re grupy wiekowe preferuj\u0105 konkretne produkty. Uzyskane spostrze\u017cenia s\u0105 o wiele bardziej namacalne i wykonalne w por\u00f3wnaniu z wpatrywaniem si\u0119 w samodzielne zestawy danych.<\/p>\n\n\n\n<p>In marketing scenarios, cross-tabulation enables businesses to segment their audience more precisely. <a href=\"https:\/\/www.sisinternational.com\/pl\/ekspertyza\/branze\/airline-food-in-flight-catering-market-research\/\" title=\"Badania rynku \u017cywno\u015bci i cateringu pok\u0142adowego\"  data-wpil-monitor-id=\"8406\">Marketers can align their campaigns to cater<\/a> to specific demographics based on their observed behavior. Furthermore, this type of research is not confined to just marketing; its applications span across sectors, including health, finance, and social sciences, to name a few.<\/p>\n\n\n\n<h2 class=\"wp-block-heading\">Jakie s\u0105 korzy\u015bci z bada\u0144 rynku metod\u0105 tabelaryczn\u0105?<\/h2>\n\n\n\n<figure class=\"gb-block-image gb-block-image-28920733\"><img loading=\"lazy\" decoding=\"async\" width=\"1456\" height=\"816\" class=\"gb-image gb-image-28920733\" src=\"https:\/\/www.sisinternational.com\/wp-content\/uploads\/2025\/09\/Quantitative-research-20.jpg\" alt=\"SIS Mi\u0119dzynarodowe badania rynku i strategia\" title=\"Quantitative research (20)\" srcset=\"https:\/\/www.sisinternational.com\/wp-content\/uploads\/2025\/09\/Quantitative-research-20.jpg 1456w, https:\/\/www.sisinternational.com\/wp-content\/uploads\/2025\/09\/Quantitative-research-20-300x168.jpg 300w, https:\/\/www.sisinternational.com\/wp-content\/uploads\/2025\/09\/Quantitative-research-20-1024x574.jpg 1024w, https:\/\/www.sisinternational.com\/wp-content\/uploads\/2025\/09\/Quantitative-research-20-768x430.jpg 768w, https:\/\/www.sisinternational.com\/wp-content\/uploads\/2025\/09\/Quantitative-research-20-18x10.jpg 18w\" sizes=\"auto, (max-width: 1456px) 100vw, 1456px\"><\/figure>\n\n\n\n<p><\/p>\n\n\n\n<p>Wykorzystanie bada\u0144 rynku metod\u0105 tabelaryczn\u0105 w procesach biznesowych mo\u017ce przynie\u015b\u0107 znacz\u0105ce korzy\u015bci, usprawniaj\u0105c podejmowanie decyzji i formu\u0142owanie strategii. Oto niekt\u00f3re z najbardziej widocznych zalet:<\/p>\n\n\n\n<p><strong>Ulepszona wizualizacja danych:<\/strong> Tabele wype\u0142nione wierszami i kolumnami surowych danych mog\u0105 by\u0107 trudne do przyswojenia. Tabele krzy\u017cowe zapewniaj\u0105 ustrukturyzowany format, kt\u00f3ry wizualnie przedstawia relacje mi\u0119dzy zmiennymi, u\u0142atwiaj\u0105c identyfikacj\u0119 trend\u00f3w i wzorc\u00f3w.<\/p>\n\n\n\n<p><strong>Efektywna analiza danych:<\/strong> Badania rynku metod\u0105 tabel krzy\u017cowych u\u0142atwiaj\u0105 szybkie por\u00f3wnywanie r\u00f3\u017cnych zmiennych. Oznacza to, \u017ce firmy mog\u0105 szybko dostrzec korelacje lub rozbie\u017cno\u015bci w zestawach danych, co prowadzi do szybszych proces\u00f3w podejmowania decyzji.<\/p>\n\n\n\n<p><strong>Strategiczne spostrze\u017cenia marketingowe:<\/strong> By understanding the relationship between variables such as product preference across different age groups or regions, <a href=\"https:\/\/www.sisinternational.com\/pl\/najlepsza-firma-zajmujaca-sie-strategia-wejscia-na-rynek-b2b\/\" title=\"Najlepsza firma oferuj\u0105ca strategi\u0119 wej\u015bcia na rynek B2B\"  data-wpil-monitor-id=\"8399\">companies can tailor their marketing strategies<\/a> more effectively. This could result in higher engagement rates and increased ROI.<\/p>\n\n\n\n<p><strong>Efektywno\u015b\u0107 kosztowa:<\/strong> Zamiast inwestowa\u0107 w bardziej z\u0142o\u017cone i kosztowne metody badawcze, badania rynku metod\u0105 tabelaryczn\u0105 oferuj\u0105 op\u0142acalny spos\u00f3b wyci\u0105gania praktycznych wniosk\u00f3w z dost\u0119pnych danych.<\/p>\n\n\n\n<p><strong>Informed <\/strong><a href=\"https:\/\/www.sisinternational.com\/pl\/73903-2\/\" title=\"Turn Consumer Flavor Preferences Into Winning Products\"  data-wpil-monitor-id=\"8401\">Product Development: Understanding consumer preferences<\/a>, behaviors, and needs can be streamlined with cross-tabulation. These insights can guide the development of products or services that resonate more deeply with target audiences.<\/p>\n\n\n\n<p><strong>Kampanie marketingowe szyte na miar\u0119:<\/strong> Dzi\u0119ki badaniu rynku metod\u0105 tabel krzy\u017cowych firmy mog\u0105 okre\u015bli\u0107, kt\u00f3re dane demograficzne najbardziej odpowiadaj\u0105 ich produktom lub us\u0142ugom. Oznacza to, \u017ce kampanie marketingowe mog\u0105 by\u0107 precyzyjniej ukierunkowane, zapewniaj\u0105c wydajn\u0105 alokacj\u0119 zasob\u00f3w i dotarcie komunikat\u00f3w do najbardziej podatnych odbiorc\u00f3w.<\/p>\n\n\n\n<p><strong>Analiza predykcyjna:<\/strong> Dysponuj\u0105c danymi historycznymi i tabelami krzy\u017cowymi, przedsi\u0119biorstwa mog\u0105 przewidywa\u0107 przysz\u0142e trendy, co pozwala im wyprzedza\u0107 trendy i proaktywnie dostosowywa\u0107 si\u0119 do zmieniaj\u0105cej si\u0119 dynamiki rynku.<\/p>\n\n\n\n<h2 class=\"wp-block-heading\">Badania rynku w zakresie tabel krzy\u017cowych: nowe trendy<\/h2>\n\n\n\n<p>Cross tabulation is evolving with <a href=\"https:\/\/www.sisinternational.com\/pl\/ekspertyza\/branze\/food-beverage-technology-market-research-food-tech\/\" title=\"Badania rynku technologii \u017cywno\u015bci i napoj\u00f3w | Food Tech\"  data-wpil-monitor-id=\"8402\">technology and changing market<\/a> needs \u2013 and here are some of the emerging trends in cross tabulation market research that are changing how it is conducted today:<\/p>\n\n\n\n<p><strong>Big Data i tabele krzy\u017cowe:<\/strong> Ogromna obj\u0119to\u015b\u0107, r\u00f3\u017cnorodno\u015b\u0107 i pr\u0119dko\u015b\u0107 danych dost\u0119pnych dzisiaj jest ogromna. Narz\u0119dzia typu cross-tab s\u0105 dostosowywane do obs\u0142ugi du\u017cych danych, umo\u017cliwiaj\u0105c tworzenie tabel krzy\u017cowych ogromnych zestaw\u00f3w danych w celu uzyskania g\u0142\u0119bszych spostrze\u017ce\u0144.<\/p>\n\n\n\n<p><strong>Uczenie maszynowe i sztuczna inteligencja:<\/strong> As machine learning and AI tools become more accessible, they&#8217;re being used in tandem with cross-tabulation. These technologies can help identify patterns and relationships that might be missed through traditional analysis. Additionally, cross-tabulation results are being integrated with advanced <a href=\"https:\/\/www.sisinternational.com\/pl\/rozwiazania\/doradztwo-strategiczne\/data-analytics\/\" title=\"Firma zajmuj\u0105ca si\u0119 analiz\u0105 danych\"  data-wpil-monitor-id=\"8404\">data visualization and analytics<\/a> tools. This allows for richer insights and better <a href=\"https:\/\/www.sisinternational.com\/pl\/ekspertyza\/branze\/data-visualization-consulting\/\" title=\"Doradztwo w zakresie wizualizacji danych\"  data-wpil-monitor-id=\"8405\">visualization of data<\/a> relationships.<\/p>\n\n\n\n<p><strong>Automatyczna analiza:<\/strong> Narz\u0119dzia automatyzacji pomagaj\u0105 w automatycznym generowaniu tabel krzy\u017cowych w oparciu o najbardziej trafne i najcz\u0119\u015bciej wyszukiwane kombinacje, redukuj\u0105c prac\u0119 r\u0119czn\u0105 i usprawniaj\u0105c proces badawczy.<\/p>\n\n\n\n<p><strong>Integracja z danymi jako\u015bciowymi:<\/strong> Coraz popularniejsze jest \u0142\u0105czenie danych ilo\u015bciowych (z tabel krzy\u017cowych) z jako\u015bciowymi spostrze\u017ceniami. Zapewnia to bardziej holistyczny obraz rynku, \u0142\u0105cz\u0105c twarde liczby z niuansowanymi spostrze\u017ceniami ludzkimi.<\/p>\n\n\n\n<p><strong>Skup si\u0119 na UX\/UI w narz\u0119dziach typu Cross-Tab:<\/strong> Wraz ze wzrostem liczby u\u017cytkownik\u00f3w narz\u0119dzi typu cross-tab, nie tylko badaczy, ale i innych profesjonalist\u00f3w biznesowych, k\u0142adzie si\u0119 wi\u0119kszy nacisk na udoskonalanie interfejsu u\u017cytkownika i zwi\u0119kszanie komfortu jego u\u017cytkowania.<\/p>\n\n\n\n<h2 class=\"wp-block-heading\">Jakie s\u0105 szanse i wyzwania wynikaj\u0105ce z bada\u0144 rynku metod\u0105 tabelaryczn\u0105 dla przedsi\u0119biorstw?<\/h2>\n\n\n\n<figure class=\"gb-block-image gb-block-image-7d142e1d\"><img loading=\"lazy\" decoding=\"async\" width=\"1456\" height=\"816\" class=\"gb-image gb-image-7d142e1d\" src=\"https:\/\/www.sisinternational.com\/wp-content\/uploads\/2025\/09\/Quantitative-research-1d4-5.jpg\" alt=\"SIS Mi\u0119dzynarodowe badania rynku i strategia\" title=\"Quantitative research (1d4) (5)\" srcset=\"https:\/\/www.sisinternational.com\/wp-content\/uploads\/2025\/09\/Quantitative-research-1d4-5.jpg 1456w, https:\/\/www.sisinternational.com\/wp-content\/uploads\/2025\/09\/Quantitative-research-1d4-5-300x168.jpg 300w, https:\/\/www.sisinternational.com\/wp-content\/uploads\/2025\/09\/Quantitative-research-1d4-5-1024x574.jpg 1024w, https:\/\/www.sisinternational.com\/wp-content\/uploads\/2025\/09\/Quantitative-research-1d4-5-768x430.jpg 768w, https:\/\/www.sisinternational.com\/wp-content\/uploads\/2025\/09\/Quantitative-research-1d4-5-18x10.jpg 18w\" sizes=\"auto, (max-width: 1456px) 100vw, 1456px\"><\/figure>\n\n\n\n<p><\/p>\n\n\n\n<p>Badania rynku metod\u0105 tabel krzy\u017cowych to skarbnica mo\u017cliwo\u015bci dla firm, kt\u00f3re chc\u0105 wykorzysta\u0107 ca\u0142y potencja\u0142 swoich danych. Oto, w jaki spos\u00f3b firmy mog\u0105 wykorzysta\u0107 tabele krzy\u017cowe, aby zwi\u0119kszy\u0107 rentowno\u015b\u0107, produktywno\u015b\u0107 i zasi\u0119g rynkowy \u2013 a tak\u017ce wyzwania, kt\u00f3re musz\u0105 pokona\u0107, przeprowadzaj\u0105c te badania:<\/p>\n\n\n\n<h3 class=\"wp-block-heading\">Mo\u017cliwo\u015bci<\/h3>\n\n\n\n<p><strong>Strategiczne lokowanie produktu:<\/strong> Firmy mog\u0105 podejmowa\u0107 \u015bwiadome decyzje dotycz\u0105ce tego, gdzie magazynowa\u0107 konkretne produkty, analizuj\u0105c zachowania zakupowe w r\u00f3\u017cnych regionach lub sklepach. Mo\u017ce to zoptymalizowa\u0107 sprzeda\u017c i obni\u017cy\u0107 koszty zapas\u00f3w.<\/p>\n\n\n\n<p><strong>Rozszerzanie zasi\u0119gu rynkowego:<\/strong> Cross tabulation market research can identify untapped markets or demographics that might be interested in a business&#8217;s products or services. This opens doors to new <a href=\"https:\/\/www.sisinternational.com\/pl\/ekspertyza\/branze\/video-and-music-streaming-market-research\/\" title=\"Badania rynku streamingu wideo i muzyki\"  data-wpil-monitor-id=\"8403\">marketing campaigns and potential revenue streams<\/a>.<\/p>\n\n\n\n<p><strong>Poprawa jako\u015bci obs\u0142ugi klienta:<\/strong> Dzi\u0119ki dog\u0142\u0119bnemu zrozumieniu r\u00f3\u017cnych segment\u00f3w klient\u00f3w firmy mog\u0105 udoskonali\u0107 obs\u0142ug\u0119 klienta, zapewniaj\u0105c mu wi\u0119ksz\u0105 satysfakcj\u0119 i lojalno\u015b\u0107.<\/p>\n\n\n\n<h3 class=\"wp-block-heading\">Wyzwania<\/h3>\n\n\n\n<figure class=\"gb-block-image gb-block-image-b70be8f3\"><img loading=\"lazy\" decoding=\"async\" width=\"1456\" height=\"816\" class=\"gb-image gb-image-b70be8f3\" src=\"https:\/\/www.sisinternational.com\/wp-content\/uploads\/2025\/09\/Quantitative-research-1d4-1.jpg\" alt=\"SIS Mi\u0119dzynarodowe badania rynku i strategia\" title=\"Quantitative research (1d4) (1)\" srcset=\"https:\/\/www.sisinternational.com\/wp-content\/uploads\/2025\/09\/Quantitative-research-1d4-1.jpg 1456w, https:\/\/www.sisinternational.com\/wp-content\/uploads\/2025\/09\/Quantitative-research-1d4-1-300x168.jpg 300w, https:\/\/www.sisinternational.com\/wp-content\/uploads\/2025\/09\/Quantitative-research-1d4-1-1024x574.jpg 1024w, https:\/\/www.sisinternational.com\/wp-content\/uploads\/2025\/09\/Quantitative-research-1d4-1-768x430.jpg 768w, https:\/\/www.sisinternational.com\/wp-content\/uploads\/2025\/09\/Quantitative-research-1d4-1-18x10.jpg 18w\" sizes=\"auto, (max-width: 1456px) 100vw, 1456px\"><\/figure>\n\n\n\n<p><\/p>\n\n\n\n<p><strong>Z\u0142o\u017cono\u015b\u0107 interpretacji danych:<\/strong> Tabele krzy\u017cowe mog\u0105 tworzy\u0107 tabele z du\u017cymi wolumenami danych. Interpretowanie tych tabel, zw\u0142aszcza tych z wieloma zmiennymi, mo\u017ce by\u0107 skomplikowane i wymaga\u0107 specjalistycznej wiedzy. Podczas gdy tabele krzy\u017cowe mog\u0105 ujawnia\u0107 relacje mi\u0119dzy dwiema zmiennymi, mog\u0105 nie uchwyci\u0107 efekt\u00f3w interakcji mi\u0119dzy wieloma zmiennymi, co mog\u0142oby zapewni\u0107 g\u0142\u0119bsze spostrze\u017cenia.<\/p>\n\n\n\n<p><strong>Ryzyko b\u0142\u0119dnej interpretacji:<\/strong> \u0141atwo jest wyci\u0105ga\u0107 wnioski na podstawie widocznych trend\u00f3w w danych krzy\u017cowych. Jednak bez g\u0142\u0119bokiego zrozumienia zmiennych i og\u00f3lnego kontekstu istnieje ryzyko b\u0142\u0119dnej interpretacji wynik\u00f3w.<\/p>\n\n\n\n<p><strong>Nadmierne poleganie na danych ilo\u015bciowych:<\/strong> While cross tabulation market research is exceptional for analyzing quantitative data, it may not capture qualitative nuances. Businesses must ensure they&#8217;re not neglecting the <a href=\"https:\/\/www.sisinternational.com\/pl\/sampling-techniques-in-qualitative-research-the-complete-guide-to-choosing-the-right-method\/\" title=\"Sampling Techniques in Qualitative Research: The Complete Guide to Choosing the Right Method\"  data-wpil-monitor-id=\"8400\">qualitative insights that other research methods<\/a> might offer. Moreover, businesses might focus too much on the observable patterns in the cross-tabulated data, potentially missing out on underlying factors or trends that aren&#8217;t immediately apparent.<\/p>\n\n\n\n<p><strong>Koszty oprogramowania i szkole\u0144:<\/strong> Skuteczne badania rynku metod\u0105 tabel krzy\u017cowych mog\u0105 wymaga\u0107 zaawansowanego oprogramowania i narz\u0119dzi. Ponadto zapewnienie, \u017ce personel potrafi prawid\u0142owo korzysta\u0107 z tych narz\u0119dzi i interpretowa\u0107 wyniki, mo\u017ce wi\u0105za\u0107 si\u0119 z kosztami szkole\u0144.<\/p>\n\n\n\n<p><\/p>","protected":false},"excerpt":{"rendered":"<p>Badania rynku metod\u0105 tabelaryczn\u0105 pozwalaj\u0105 przedsi\u0119biorstwom wyci\u0105ga\u0107 g\u0142\u0119bsze wnioski ze zbior\u00f3w danych oraz interpretowa\u0107 liczby i trendy w celu podejmowania decyzji.<\/p>","protected":false},"author":1,"featured_media":67013,"parent":14514,"menu_order":403,"comment_status":"closed","ping_status":"closed","template":"","meta":{"footnotes":""},"class_list":["post-44085","page","type-page","status-publish","has-post-thumbnail"],"_links":{"self":[{"href":"https:\/\/www.sisinternational.com\/pl\/wp-json\/wp\/v2\/pages\/44085","targetHints":{"allow":["GET"]}}],"collection":[{"href":"https:\/\/www.sisinternational.com\/pl\/wp-json\/wp\/v2\/pages"}],"about":[{"href":"https:\/\/www.sisinternational.com\/pl\/wp-json\/wp\/v2\/types\/page"}],"author":[{"embeddable":true,"href":"https:\/\/www.sisinternational.com\/pl\/wp-json\/wp\/v2\/users\/1"}],"replies":[{"embeddable":true,"href":"https:\/\/www.sisinternational.com\/pl\/wp-json\/wp\/v2\/comments?post=44085"}],"version-history":[{"count":4,"href":"https:\/\/www.sisinternational.com\/pl\/wp-json\/wp\/v2\/pages\/44085\/revisions"}],"predecessor-version":[{"id":81409,"href":"https:\/\/www.sisinternational.com\/pl\/wp-json\/wp\/v2\/pages\/44085\/revisions\/81409"}],"up":[{"embeddable":true,"href":"https:\/\/www.sisinternational.com\/pl\/wp-json\/wp\/v2\/pages\/14514"}],"wp:featuredmedia":[{"embeddable":true,"href":"https:\/\/www.sisinternational.com\/pl\/wp-json\/wp\/v2\/media\/67013"}],"wp:attachment":[{"href":"https:\/\/www.sisinternational.com\/pl\/wp-json\/wp\/v2\/media?parent=44085"}],"curies":[{"name":"wp","href":"https:\/\/api.w.org\/{rel}","templated":true}]}}