{"id":43806,"date":"2023-10-11T11:14:30","date_gmt":"2023-10-11T15:14:30","guid":{"rendered":"https:\/\/www.sisinternational.com\/?page_id=43806"},"modified":"2026-01-26T17:03:20","modified_gmt":"2026-01-26T22:03:20","slug":"badanie-rynku-sledzenia-reputacji","status":"publish","type":"page","link":"https:\/\/www.sisinternational.com\/pl\/ekspertyza\/badanie-rynku-sledzenia-reputacji\/","title":{"rendered":"Badania rynku \u015bledzenia reputacji"},"content":{"rendered":"<h1 class=\"wp-block-heading\">Badania rynku \u015bledzenia reputacji<\/h1>\n\n\n\n<figure class=\"gb-block-image gb-block-image-cb81ef31\"><img loading=\"lazy\" decoding=\"async\" width=\"1456\" height=\"816\" class=\"gb-image gb-image-cb81ef31\" src=\"https:\/\/www.sisinternational.com\/wp-content\/uploads\/2025\/09\/Package-6.jpg\" alt=\"SIS Mi\u0119dzynarodowe badania rynku i strategia\" title=\"Package (6)\" srcset=\"https:\/\/www.sisinternational.com\/wp-content\/uploads\/2025\/09\/Package-6.jpg 1456w, https:\/\/www.sisinternational.com\/wp-content\/uploads\/2025\/09\/Package-6-300x168.jpg 300w, https:\/\/www.sisinternational.com\/wp-content\/uploads\/2025\/09\/Package-6-1024x574.jpg 1024w, https:\/\/www.sisinternational.com\/wp-content\/uploads\/2025\/09\/Package-6-768x430.jpg 768w, https:\/\/www.sisinternational.com\/wp-content\/uploads\/2025\/09\/Package-6-18x10.jpg 18w\" sizes=\"auto, (max-width: 1456px) 100vw, 1456px\"><\/figure>\n\n\n\n<p><\/p>\n\n\n\n<p>Dzisiaj reputacja online mo\u017ce decydowa\u0107 o powodzeniu lub pora\u017cce firmy. Dlatego badania rynku \u015bledzenia reputacji sta\u0142y si\u0119 kluczowym narz\u0119dziem dla firm, kt\u00f3re chc\u0105 zrozumie\u0107 i zarz\u0105dza\u0107 postrzeganiem swojej marki.<\/p>\n\n\n\n<p>With consumers increasingly relying on online reviews and social media to inform their purchasing decisions, businesses need to stay on top of their reputation to maintain a competitive edge. This is where <a href=\"https:\/\/www.sisinternational.com\/pl\/ekspertyza\/branze\/reputation-market-research\/\" title=\"Badania rynku reputacji\"  data-wpil-monitor-id=\"4076\">badanie rynku \u015bledzenia reputacji<\/a> comes into play, providing valuable insights into consumer sentiment, brand perception, and potential areas for improvement.<\/p>\n\n\n\n<h2 class=\"wp-block-heading\">Czym jest badanie rynku polegaj\u0105ce na \u015bledzeniu reputacji?<\/h2>\n\n\n\n<p>Jest to systematyczne podej\u015bcie do monitorowania i analizowania reputacji firmy w Internecie. Polega ono na zbieraniu i analizowaniu danych z r\u00f3\u017cnych \u017ar\u00f3de\u0142 internetowych, takich jak platformy medi\u00f3w spo\u0142eczno\u015bciowych, witryny z recenzjami i fora internetowe, aby uzyska\u0107 praktyczne informacje na temat tego, jak marka jest postrzegana przez grup\u0119 docelow\u0105.<\/p>\n\n\n\n<p>Dzi\u0119ki \u015bledzeniu i analizowaniu internetowych rozm\u00f3w, nastroj\u00f3w i trend\u00f3w firmy mog\u0105 identyfikowa\u0107 mocne i s\u0142abe strony swojej reputacji, co pozwala im wzmacnia\u0107 wizerunek marki.<\/p>\n\n\n\n<h2 class=\"wp-block-heading\">Znaczenie bada\u0144 rynkowych dotycz\u0105cych \u015bledzenia reputacji<\/h2>\n\n\n\n<p>Reputacja <a href=\"https:\/\/www.sisinternational.com\/pl\/ekspertyza\/branze\/trend-tracking-market-research\/\" title=\"Badania rynku \u015bledzenia trend\u00f3w\"  data-wpil-monitor-id=\"5439\">tracking market research<\/a> is essential for businesses for several reasons. It allows companies to know what consumers are saying about their brands, products, and services. Secondly, reputation tracking market research helps businesses understand the impact of their marketing and PR efforts.<\/p>\n\n\n\n<p>Ponadto umo\u017cliwia firmom identyfikowanie pojawiaj\u0105cych si\u0119 trend\u00f3w i wyprzedzanie konkurencji, poniewa\u017c firmy mog\u0105 dostrzega\u0107 zmiany w preferencjach konsument\u00f3w, przewidywa\u0107 zmiany na rynku i odpowiednio dostosowywa\u0107 swoj\u0105 ofert\u0119.<\/p>\n\n\n\n<p>Dlatego te\u017c, analizuj\u0105c nastroje i \u015bledz\u0105c wzmianki o marce, firmy mog\u0105 ocenia\u0107 skuteczno\u015b\u0107 swoich kampanii i przekaz\u00f3w, podejmuj\u0105c decyzje oparte na danych w celu optymalizacji swoich strategii marketingowych.<\/p>\n\n\n\n<h2 class=\"wp-block-heading\">Korzy\u015bci z badania rynku \u015bledzenia reputacji<\/h2>\n\n\n\n<figure class=\"gb-block-image gb-block-image-04d1f0b0\"><img loading=\"lazy\" decoding=\"async\" width=\"1456\" height=\"816\" class=\"gb-image gb-image-04d1f0b0\" src=\"https:\/\/www.sisinternational.com\/wp-content\/uploads\/2025\/09\/Package-4.jpg\" alt=\"SIS Mi\u0119dzynarodowe badania rynku i strategia\" title=\"Package (4)\" srcset=\"https:\/\/www.sisinternational.com\/wp-content\/uploads\/2025\/09\/Package-4.jpg 1456w, https:\/\/www.sisinternational.com\/wp-content\/uploads\/2025\/09\/Package-4-300x168.jpg 300w, https:\/\/www.sisinternational.com\/wp-content\/uploads\/2025\/09\/Package-4-1024x574.jpg 1024w, https:\/\/www.sisinternational.com\/wp-content\/uploads\/2025\/09\/Package-4-768x430.jpg 768w, https:\/\/www.sisinternational.com\/wp-content\/uploads\/2025\/09\/Package-4-18x10.jpg 18w\" sizes=\"auto, (max-width: 1456px) 100vw, 1456px\"><\/figure>\n\n\n\n<p><\/p>\n\n\n\n<p>Reputacja firmy mo\u017ce by\u0107 jej najcenniejszym zasobem. Mo\u017ce by\u0107 r\u00f3\u017cnic\u0105 mi\u0119dzy pozyskaniem nowego klienta a utrat\u0105 go na rzecz konkurencji. Dlatego zag\u0142\u0119bienie si\u0119 w korzy\u015bci p\u0142yn\u0105ce z tego badania mo\u017ce ujawni\u0107 g\u0142\u0119boki wp\u0142yw, jaki ma ono na sukces firmy, lojalno\u015b\u0107 wobec marki i og\u00f3ln\u0105 pozycj\u0119 rynkow\u0105 \u2013 a oto niekt\u00f3re z najwa\u017cniejszych korzy\u015bci p\u0142yn\u0105cych z badania rynku \u015bledz\u0105cego reputacj\u0119:<\/p>\n\n\n\n<ul class=\"wp-block-list\">\n<li><strong>Zarz\u0105dzanie kryzysowe:<\/strong> Badania te odgrywaj\u0105 kluczow\u0105 rol\u0119 w zarz\u0105dzaniu kryzysowym. Monitoruj\u0105c nastroje w sieci i wcze\u015bnie identyfikuj\u0105c potencjalne problemy, firmy mog\u0105 proaktywnie reagowa\u0107 na obawy, \u0142agodzi\u0107 negatywn\u0105 reklam\u0119 i chroni\u0107 reputacj\u0119 swojej marki.<\/li>\n\n\n\n<li><strong>Analiza konkurencji:<\/strong> \u015aledzenie i analizowanie internetowych rozm\u00f3w o konkurentach mo\u017ce zapewni\u0107 firmom cenne informacje na temat ich mocnych i s\u0142abych stron oraz pozycji rynkowej. Informacje te mog\u0105 stanowi\u0107 podstaw\u0119 strategii konkurencyjnych i pom\u00f3c firmom wyr\u00f3\u017cni\u0107 si\u0119 na rynku.<\/li>\n\n\n\n<li><strong>Pomiar wydajno\u015bci:<\/strong> Dzi\u0119ki \u015bledzeniu wzmianek o marce, sentymentu i innych wska\u017anik\u00f3w reputacji firmy mog\u0105 mierzy\u0107 wp\u0142yw swoich dzia\u0142a\u0144 marketingowych i PR. Pozwala to na podejmowanie decyzji na podstawie danych i ci\u0105g\u0142e doskonalenie strategii marki.<\/li>\n<\/ul>\n\n\n\n<h2 class=\"wp-block-heading\">Mo\u017cliwo\u015bci w badaniu rynku \u015bledzenia reputacji dla firm<\/h2>\n\n\n\n<p>Te specjalistyczne badania nie tylko monitoruj\u0105 postrzeganie marki, ale otwieraj\u0105 drzwi do proaktywnego zaanga\u017cowania, ekspansji rynkowej i innowacji. Dla firm nurkowanie w tych mo\u017cliwo\u015bciach mo\u017ce zwi\u0119kszy\u0107 zaufanie klient\u00f3w, odporno\u015b\u0107 na kryzysy i trwa\u0142e przyw\u00f3dztwo rynkowe.<\/p>\n\n\n\n<ul class=\"wp-block-list\">\n<li><strong>Spersonalizowane zaanga\u017cowanie klienta:<\/strong> Dzi\u0119ki zrozumieniu nastroj\u00f3w i preferencji klient\u00f3w poprzez badanie rynku \u015bledzenia reputacji firmy mog\u0105 personalizowa\u0107 swoje interakcje i komunikacj\u0119 z klientami. Prowadzi to do lepszego zaanga\u017cowania klient\u00f3w, zwi\u0119kszonej lojalno\u015bci i lepszego postrzegania marki.<\/li>\n\n\n\n<li><strong>Kampanie marketingowe ukierunkowane:<\/strong> Badania rynku dostarczaj\u0105 firmom wgl\u0105du w zainteresowania, potrzeby i bol\u0105czki ich grupy docelowej. Informacje te umo\u017cliwiaj\u0105 firmom tworzenie ukierunkowanych kampanii marketingowych, kt\u00f3re znajduj\u0105 odd\u017awi\u0119k u ich klient\u00f3w, co skutkuje wy\u017cszymi wska\u017anikami konwersji i lepszym ROI.<\/li>\n\n\n\n<li><strong>Ulepszanie produkt\u00f3w i us\u0142ug:<\/strong> Analizuj\u0105c opinie klient\u00f3w i rozmowy online, firmy mog\u0105 identyfikowa\u0107 obszary wymagaj\u0105ce poprawy w swoich produktach lub us\u0142ugach. Badania rynku \u015bledzenia reputacji pomagaj\u0105 firmom zrozumie\u0107 oczekiwania klient\u00f3w, umo\u017cliwiaj\u0105c im podejmowanie \u015bwiadomych decyzji w celu ulepszenia ich ofert.<\/li>\n\n\n\n<li><strong>Zapobieganie kryzysom i zarz\u0105dzanie kryzysowe:<\/strong> To badanie rynku pozwala firmom proaktywnie identyfikowa\u0107 potencjalne problemy, rozwi\u0105zywa\u0107 problemy klient\u00f3w i skutecznie zarz\u0105dza\u0107 kryzysami. Monitoruj\u0105c rozmowy online, firmy mog\u0105 wykrywa\u0107 wczesne sygna\u0142y ostrzegawcze i podejmowa\u0107 odpowiednie dzia\u0142ania w celu ochrony swojej reputacji.<\/li>\n\n\n\n<li><strong>Analiza konkurencji i r\u00f3\u017cnicowanie:<\/strong> Badania rynku pomagaj\u0105 firmom zrozumie\u0107 mocne i s\u0142abe strony konkurent\u00f3w oraz ich pozycj\u0119 na rynku. Informacje te mog\u0105 by\u0107 wykorzystane do zr\u00f3\u017cnicowania ich produkt\u00f3w lub us\u0142ug, identyfikacji luk na rynku i uzyskania przewagi konkurencyjnej.<\/li>\n<\/ul>\n\n\n\n<h2 class=\"wp-block-heading\">Wyzwania w badaniach rynkowych dotycz\u0105cych \u015bledzenia reputacji<\/h2>\n\n\n\n<p>Badania rynku polegaj\u0105ce na \u015bledzeniu reputacji oferuj\u0105 liczne mo\u017cliwo\u015bci, ale przedsi\u0119biorstwa musz\u0105 r\u00f3wnie\u017c stawia\u0107 czo\u0142a licznym wyzwaniom w prowadzeniu skutecznych bada\u0144, takim jak:<\/p>\n\n\n\n<ul class=\"wp-block-list\">\n<li><strong>Przeci\u0105\u017cenie danymi i szum:<\/strong> The abundance of online data and noise can make it challenging to extract meaningful insights from <a href=\"https:\/\/www.sisinternational.com\/pl\/ekspertyza\/branze\/what-is-drilling-and-extraction-equipment\/\" title=\"Badania rynku sprz\u0119tu wiertniczego i wydobywczego\"  data-wpil-monitor-id=\"3161\">badanie rynku \u015bledzenia reputacji<\/a>. Businesses need to employ sophisticated analytics tools and techniques to filter out irrelevant information and focus on the most valuable data.<\/li>\n\n\n\n<li><strong>Analiza sentymentu i kontekstu:<\/strong> Dok\u0142adna interpretacja sentymentu i zrozumienie kontekstu rozm\u00f3w online mo\u017ce by\u0107 trudne. Rozr\u00f3\u017cnienie prawdziwych opinii klient\u00f3w od spamu lub fa\u0142szywych recenzji wymaga zaawansowanych algorytm\u00f3w analizy sentymentu i ludzkiej wiedzy specjalistycznej.<\/li>\n\n\n\n<li><strong>R\u00f3\u017cnice kulturowe i j\u0119zykowe:<\/strong> Badania rynku \u015bledzenia reputacji cz\u0119sto obejmuj\u0105 analiz\u0119 danych z r\u00f3\u017cnych region\u00f3w i kultur. R\u00f3\u017cnice kulturowe i j\u0119zykowe mog\u0105 mie\u0107 wp\u0142yw na interpretacj\u0119 sentymentu i kontekstu, co wymaga zniuansowanego podej\u015bcia do analizy danych.<\/li>\n<\/ul>\n\n\n\n<h2 class=\"wp-block-heading\">Przysz\u0142e perspektywy bada\u0144 rynku \u015bledzenia reputacji<\/h2>\n\n\n\n<figure class=\"gb-block-image gb-block-image-393d2b5c\"><img loading=\"lazy\" decoding=\"async\" width=\"1456\" height=\"816\" class=\"gb-image gb-image-393d2b5c\" src=\"https:\/\/www.sisinternational.com\/wp-content\/uploads\/2025\/09\/Package-5.jpg\" alt=\"SIS Mi\u0119dzynarodowe badania rynku i strategia\" title=\"Package (5)\" srcset=\"https:\/\/www.sisinternational.com\/wp-content\/uploads\/2025\/09\/Package-5.jpg 1456w, https:\/\/www.sisinternational.com\/wp-content\/uploads\/2025\/09\/Package-5-300x168.jpg 300w, https:\/\/www.sisinternational.com\/wp-content\/uploads\/2025\/09\/Package-5-1024x574.jpg 1024w, https:\/\/www.sisinternational.com\/wp-content\/uploads\/2025\/09\/Package-5-768x430.jpg 768w, https:\/\/www.sisinternational.com\/wp-content\/uploads\/2025\/09\/Package-5-18x10.jpg 18w\" sizes=\"auto, (max-width: 1456px) 100vw, 1456px\"><\/figure>\n\n\n\n<p><\/p>\n\n\n\n<p>W miar\u0119 post\u0119pu technologii i ewolucji zachowa\u0144 konsument\u00f3w oczekuje si\u0119, \u017ce badania rynku \u015bledzenia reputacji stan\u0105 si\u0119 jeszcze bardziej wyrafinowane. Niekt\u00f3re kluczowe trendy i wydarzenia, na kt\u00f3re warto zwr\u00f3ci\u0107 uwag\u0119 w przysz\u0142o\u015bci, to:<\/p>\n\n\n\n<ul class=\"wp-block-list\">\n<li><strong>Sztuczna inteligencja (AI) i uczenie maszynowe (ML):<\/strong> AI and ML technologies will play an increasingly significant role in <a href=\"https:\/\/www.sisinternational.com\/pl\/ekspertyza\/branze\/medical-technology-med-tech-market-research\/\" title=\"Badania rynku technologii medycznych (Med Tech)\"  data-wpil-monitor-id=\"4193\">badanie rynku \u015bledzenia reputacji<\/a>. These technologies can automate data collection, sentiment analysis, and trend identification, enabling businesses to gain valuable insights more efficiently.<\/li>\n\n\n\n<li><strong>Rozpoznawanie g\u0142osu i obrazu:<\/strong> With the rise of voice assistants and visual content, <a href=\"https:\/\/www.sisinternational.com\/pl\/ekspertyza\/branze\/diagnostic-imaging-market-research\/\" title=\"Badania rynku diagnostyki obrazowej\"  data-wpil-monitor-id=\"6367\">market research will incorporate voice and image<\/a> recognition technologies. This will allow businesses to analyze audio and visual data, providing a more comprehensive understanding of consumer sentiment and brand perception.<\/li>\n\n\n\n<li><strong>Analityka predykcyjna:<\/strong> Zaawansowane mo\u017cliwo\u015bci analityki predykcyjnej umo\u017cliwi\u0105 firmom prognozowanie trend\u00f3w zwi\u0105zanych z reputacj\u0105 i podejmowanie proaktywnych decyzji. Obejmuje to przewidywanie zmian nastroj\u00f3w klient\u00f3w, identyfikacj\u0119 potencjalnych ryzyk reputacyjnych i optymalizacj\u0119 strategii marki w czasie rzeczywistym.<\/li>\n\n\n\n<li><strong>Ulepszona wizualizacja danych:<\/strong> Narz\u0119dzia do wizualizacji danych b\u0119d\u0105 nadal ewoluowa\u0107, umo\u017cliwiaj\u0105c firmom analizowanie i prezentowanie danych \u015bledzenia reputacji w bardziej anga\u017cuj\u0105cych i praktycznych formatach. U\u0142atwi to podejmowanie lepszych decyzji i komunikacj\u0119 spostrze\u017ce\u0144 pomi\u0119dzy r\u00f3\u017cnymi interesariuszami.<\/li>\n\n\n\n<li><strong>Przetwarzanie j\u0119zyka naturalnego (NLP):<\/strong> NLP to technologia, kt\u00f3ra umo\u017cliwia komputerom rozumienie i interpretowanie j\u0119zyka ludzkiego. NLP jest u\u017cywane do analizowania i kategoryzowania rozm\u00f3w i nastroj\u00f3w online, zapewniaj\u0105c firmom g\u0142\u0119bsze zrozumienie opinii i percepcji konsument\u00f3w.<\/li>\n<\/ul>","protected":false},"excerpt":{"rendered":"<p>Reputacja online tworzy lub niszczy biznes. Badania rynku \u015bledzenia reputacji s\u0105 kluczowym narz\u0119dziem dla firm w zarz\u0105dzaniu postrzeganiem marki.<\/p>","protected":false},"author":1,"featured_media":69142,"parent":14514,"menu_order":398,"comment_status":"closed","ping_status":"closed","template":"","meta":{"footnotes":""},"class_list":["post-43806","page","type-page","status-publish","has-post-thumbnail"],"_links":{"self":[{"href":"https:\/\/www.sisinternational.com\/pl\/wp-json\/wp\/v2\/pages\/43806","targetHints":{"allow":["GET"]}}],"collection":[{"href":"https:\/\/www.sisinternational.com\/pl\/wp-json\/wp\/v2\/pages"}],"about":[{"href":"https:\/\/www.sisinternational.com\/pl\/wp-json\/wp\/v2\/types\/page"}],"author":[{"embeddable":true,"href":"https:\/\/www.sisinternational.com\/pl\/wp-json\/wp\/v2\/users\/1"}],"replies":[{"embeddable":true,"href":"https:\/\/www.sisinternational.com\/pl\/wp-json\/wp\/v2\/comments?post=43806"}],"version-history":[{"count":8,"href":"https:\/\/www.sisinternational.com\/pl\/wp-json\/wp\/v2\/pages\/43806\/revisions"}],"predecessor-version":[{"id":79950,"href":"https:\/\/www.sisinternational.com\/pl\/wp-json\/wp\/v2\/pages\/43806\/revisions\/79950"}],"up":[{"embeddable":true,"href":"https:\/\/www.sisinternational.com\/pl\/wp-json\/wp\/v2\/pages\/14514"}],"wp:featuredmedia":[{"embeddable":true,"href":"https:\/\/www.sisinternational.com\/pl\/wp-json\/wp\/v2\/media\/69142"}],"wp:attachment":[{"href":"https:\/\/www.sisinternational.com\/pl\/wp-json\/wp\/v2\/media?parent=43806"}],"curies":[{"name":"wp","href":"https:\/\/api.w.org\/{rel}","templated":true}]}}