{"id":43777,"date":"2023-10-10T18:36:13","date_gmt":"2023-10-10T22:36:13","guid":{"rendered":"https:\/\/www.sisinternational.com\/?page_id=43777"},"modified":"2026-01-27T16:38:54","modified_gmt":"2026-01-27T21:38:54","slug":"badania-rynku-doswiadczen-klientow-hotelowych","status":"publish","type":"page","link":"https:\/\/www.sisinternational.com\/pl\/ekspertyza\/badania-rynku-doswiadczen-klientow-hotelowych\/","title":{"rendered":"Badania rynku do\u015bwiadcze\u0144 klient\u00f3w hotelowych"},"content":{"rendered":"<h1 class=\"wp-block-heading\">Badania rynku do\u015bwiadcze\u0144 klient\u00f3w hotelowych<\/h1>\n\n\n\n<figure class=\"gb-block-image gb-block-image-91d34be2\"><img loading=\"lazy\" decoding=\"async\" width=\"1456\" height=\"816\" class=\"gb-image gb-image-91d34be2\" src=\"https:\/\/www.sisinternational.com\/wp-content\/uploads\/2025\/08\/hotel-1.jpg\" alt=\"SIS Mi\u0119dzynarodowe badania rynku i strategia\" title=\"hotel (1)\" srcset=\"https:\/\/www.sisinternational.com\/wp-content\/uploads\/2025\/08\/hotel-1.jpg 1456w, https:\/\/www.sisinternational.com\/wp-content\/uploads\/2025\/08\/hotel-1-300x168.jpg 300w, https:\/\/www.sisinternational.com\/wp-content\/uploads\/2025\/08\/hotel-1-1024x574.jpg 1024w, https:\/\/www.sisinternational.com\/wp-content\/uploads\/2025\/08\/hotel-1-768x430.jpg 768w, https:\/\/www.sisinternational.com\/wp-content\/uploads\/2025\/08\/hotel-1-18x10.jpg 18w\" sizes=\"auto, (max-width: 1456px) 100vw, 1456px\"><\/figure>\n\n\n\n<p><\/p>\n\n\n\n<p>W bran\u017cy, w kt\u00f3rej ka\u017cdy szczeg\u00f3\u0142 ma znaczenie, zrozumienie do\u015bwiadcze\u0144 go\u015bci nie jest tylko korzystne \u2013 jest niezb\u0119dne. Dlatego zapewnienie wyj\u0105tkowych do\u015bwiadcze\u0144 klient\u00f3w jest kluczowe dla hoteli, aby si\u0119 wyr\u00f3\u017cnia\u0107 i prosperowa\u0107. To w\u0142a\u015bnie tutaj badania rynku do\u015bwiadcze\u0144 klient\u00f3w hoteli odgrywaj\u0105 kluczow\u0105 rol\u0119.<\/p>\n\n\n\n<p>Dzi\u0119ki zrozumieniu kluczowych czynnik\u00f3w wp\u0142ywaj\u0105cych na pozytywne do\u015bwiadczenia klient\u00f3w hotele mog\u0105 podejmowa\u0107 \u015bwiadome decyzje i wdra\u017ca\u0107 strategie maj\u0105ce na celu zwi\u0119kszenie zadowolenia i lojalno\u015bci go\u015bci.<\/p>\n\n\n\n<h2 class=\"wp-block-heading\">Znaczenie bada\u0144 rynku do\u015bwiadcze\u0144 klient\u00f3w hotelowych<\/h2>\n\n\n\n<p>How do guests truly feel during their stay at a hotel? Hotel customer <a href=\"https:\/\/www.sisinternational.com\/pl\/ekspertyza\/cv-z-doswiadczeniem\/cv-ze-stazem-w-zakresie-studiow-etnograficznych\/\" title=\"Do\u015bwiadczenie w badaniach rynku etnograficznego\"  data-wpil-monitor-id=\"6350\">experience market research<\/a> regularly answers this question and uncovers insights that can elevate service standards, refine amenities, and create unforgettable stays that lead to loyal patronage.<\/p>\n\n\n\n<p>Thus, <a href=\"https:\/\/www.sisinternational.com\/pl\/ekspertyza\/branze\/hotel-furniture-market-research\/\" title=\"Badania rynku mebli hotelowych\"  data-wpil-monitor-id=\"7191\">badania rynku do\u015bwiadcze\u0144 klient\u00f3w hotelowych<\/a> emerges as a cornerstone in this endeavor, providing businesses with insights that go beyond mere satisfaction metrics. It analyzes guest preferences to understand what guests truly value. It goes beyond basic amenities and delves into nuanced preferences, be it the ambiance of a room, the promptness of service, or the quality of in-house dining.<\/p>\n\n\n\n<p>Badania te pozwalaj\u0105 r\u00f3wnie\u017c firmom por\u00f3wnywa\u0107 swoje oferty z konkurencj\u0105, identyfikuj\u0105c obszary mocnych stron i potencjalnych ulepsze\u0144. Ponadto pomagaj\u0105 analizowa\u0107 ca\u0142\u0105 \u015bcie\u017ck\u0119 klienta, od rezerwacji do kasy, podkre\u015blaj\u0105c punkty tarcia lub obszary, w kt\u00f3rych go\u015bcie mog\u0105 napotka\u0107 wyzwania.<\/p>\n\n\n\n<h2 class=\"wp-block-heading\">Korzy\u015bci z bada\u0144 rynku do\u015bwiadcze\u0144 klient\u00f3w hotelowych<\/h2>\n\n\n\n<figure class=\"gb-block-image gb-block-image-ab492934\"><img loading=\"lazy\" decoding=\"async\" width=\"1456\" height=\"816\" class=\"gb-image gb-image-ab492934\" src=\"https:\/\/www.sisinternational.com\/wp-content\/uploads\/2025\/08\/hotel-22.jpg\" alt=\"SIS Mi\u0119dzynarodowe badania rynku i strategia\" title=\"hotel (22)\" srcset=\"https:\/\/www.sisinternational.com\/wp-content\/uploads\/2025\/08\/hotel-22.jpg 1456w, https:\/\/www.sisinternational.com\/wp-content\/uploads\/2025\/08\/hotel-22-300x168.jpg 300w, https:\/\/www.sisinternational.com\/wp-content\/uploads\/2025\/08\/hotel-22-1024x574.jpg 1024w, https:\/\/www.sisinternational.com\/wp-content\/uploads\/2025\/08\/hotel-22-768x430.jpg 768w, https:\/\/www.sisinternational.com\/wp-content\/uploads\/2025\/08\/hotel-22-18x10.jpg 18w\" sizes=\"auto, (max-width: 1456px) 100vw, 1456px\"><\/figure>\n\n\n\n<p><\/p>\n\n\n\n<p>W bran\u017cy tak skoncentrowanej na go\u015bciach jak hotelarstwo zrozumienie i optymalizacja do\u015bwiadcze\u0144 klient\u00f3w s\u0105 najwa\u017cniejsze. Badania rynku do\u015bwiadcze\u0144 klient\u00f3w hotelowych s\u0105 kluczowym narz\u0119dziem dla hoteli, kt\u00f3re chc\u0105 odnie\u015b\u0107 sukces w konkurencyjnym otoczeniu. Poprzez dog\u0142\u0119bne zbadanie podr\u00f3\u017cy i percepcji go\u015bci, ta forma bada\u0144 oferuje hotelarzom wiele korzy\u015bci, takich jak:<\/p>\n\n\n\n<ul class=\"wp-block-list\">\n<li><strong>Poprawa zadowolenia go\u015bci:<\/strong> Dzi\u0119ki zrozumieniu potrzeb go\u015bci, preferencji i punkt\u00f3w zapalnych hotele mog\u0105 wprowadza\u0107 zmiany, kt\u00f3re prowadz\u0105 do zwi\u0119kszonego zadowolenia go\u015bci. Opinie mog\u0105 wskaza\u0107 obszary, w kt\u00f3rych szkolenie personelu mo\u017ce by\u0107 potrzebne lub gdzie protoko\u0142y us\u0142ug mo\u017cna ulepszy\u0107, zapewniaj\u0105c go\u015bciom sp\u00f3jn\u0105 i wysokiej jako\u015bci obs\u0142ug\u0119.<\/li>\n\n\n\n<li><strong>Zwi\u0119kszone przychody:<\/strong> Lepsze zrozumienie preferencji go\u015bci mo\u017ce pom\u00f3c w strategii upsellingu i cross-sellingu, co prowadzi do zwi\u0119kszenia wydatk\u00f3w na go\u015bcia na us\u0142ugi takie jak posi\u0142ki, zabiegi spa i ulepszenia pokoi. Ponadto informacje zwrotne mog\u0105 uwypukli\u0107 obszary nieefektywno\u015bci operacyjnej, takie jak powolne procesy meldowania si\u0119 lub op\u00f3\u017anienia w obs\u0142udze pokoju, umo\u017cliwiaj\u0105c kierownictwu usprawnienie operacji.<\/li>\n\n\n\n<li><strong>Lojalno\u015b\u0107 i retencja:<\/strong> Dzia\u0142aj\u0105c na podstawie spostrze\u017ce\u0144 z bada\u0144 rynku, hotele mog\u0105 zwi\u0119kszy\u0107 lojalno\u015b\u0107 go\u015bci i obni\u017cy\u0107 koszty zwi\u0105zane z pozyskiwaniem nowych klient\u00f3w. Ponadto spostrze\u017cenia dotycz\u0105ce danych demograficznych, preferencji i zachowa\u0144 go\u015bci mog\u0105 pom\u00f3c w ukierunkowanych kampaniach marketingowych, czyni\u0105c je bardziej skutecznymi i zapewniaj\u0105c wy\u017cszy zwrot z inwestycji.<\/li>\n\n\n\n<li><strong>Przewaga konkurencyjna:<\/strong> Na nasyconym rynku zrozumienie do\u015bwiadcze\u0144 go\u015bci mo\u017ce uwypukli\u0107 unikalne punkty sprzeda\u017cy i wyr\u00f3\u017cniki, kt\u00f3re wyr\u00f3\u017cniaj\u0105 hotel na tle konkurencji. Dzi\u0119ki wgl\u0105dowi opartemu na danych hotelarze mog\u0105 podejmowa\u0107 bardziej \u015bwiadome decyzje dotycz\u0105ce renowacji, dodawania us\u0142ug, wdra\u017cania technologii i innych znacz\u0105cych inwestycji.<\/li>\n\n\n\n<li><strong>Zaufanie interesariuszy:<\/strong> Dla sieci hotelowych lub obiekt\u00f3w poszukuj\u0105cych inwestor\u00f3w rzetelne badania rynku mog\u0105 dostarczy\u0107 danych, kt\u00f3re wzmocni\u0105 zaufanie interesariuszy co do kierunku rozwoju biznesu i jego potencjalnej rentowno\u015bci.<\/li>\n<\/ul>\n\n\n\n<h2 class=\"wp-block-heading\">Kluczowe czynniki wp\u0142ywaj\u0105ce na do\u015bwiadczenia klient\u00f3w hotelowych<\/h2>\n\n\n\n<p>Kilka kluczowych czynnik\u00f3w wp\u0142ywa na og\u00f3lne wra\u017cenia klient\u00f3w w hotelach. Rozumiej\u0105c i ustalaj\u0105c priorytety tych czynnik\u00f3w, hotele mog\u0105 tworzy\u0107 strategie, aby przekroczy\u0107 oczekiwania go\u015bci i uzyska\u0107 pozytywne recenzje.<\/p>\n\n\n\n<ul class=\"wp-block-list\">\n<li><strong>Doskona\u0142a obs\u0142uga klienta:<\/strong> Obs\u0142uga klienta jest kamieniem w\u0119gielnym bran\u017cy hotelarskiej. Dobrze wyszkoleni, uprzejmi i uwa\u017cni pracownicy mog\u0105 mie\u0107 znacz\u0105cy wp\u0142yw na zadowolenie go\u015bci. Skuteczna obs\u0142uga klienta obejmuje szybkie odpowiedzi na zapytania, spersonalizowane interakcje i ch\u0119\u0107 wychodzenia poza swoje obowi\u0105zki, aby sprosta\u0107 potrzebom go\u015bci.<\/li>\n\n\n\n<li><strong>Bezproblemowy proces zameldowania i wymeldowania:<\/strong> The check-in and check-out <a href=\"https:\/\/www.sisinternational.com\/pl\/b2b-customer-experience-the-ultimate-guide-to-building-loyalty-that-lasts\/\" title=\"B2B Customer Experience: The Ultimate Guide to Building Loyalty That Lasts\"  data-wpil-monitor-id=\"507\">experiences greatly influence guests&#8217; first and last<\/a> impressions of a hotel. Streamlining these processes, reducing waiting times, and offering self-check-in options can enhance the overall guest experience.<\/li>\n\n\n\n<li><strong>Komfortowe zakwaterowanie:<\/strong> Wygodne i dobrze wyposa\u017cone pokoje s\u0105 niezb\u0119dne dla pozytywnych do\u015bwiadcze\u0144 go\u015bci. Czysto\u015b\u0107, wygodne \u0142\u00f3\u017cka, wysokiej jako\u015bci udogodnienia i funkcjonalna technologia przyczyniaj\u0105 si\u0119 do zadowolenia go\u015bci.<\/li>\n\n\n\n<li><strong>Do\u015bwiadczenia kulinarne:<\/strong> Oferta gastronomiczna jest kluczowym elementem ca\u0142o\u015bciowego do\u015bwiadczenia hotelowego. Zapewnienie szeregu wysokiej jako\u015bci opcji gastronomicznych, w tym obs\u0142ugi pokoju, restauracji na miejscu i wyboru \u015bniada\u0144, mo\u017ce znacz\u0105co wp\u0142yn\u0105\u0107 na zadowolenie go\u015bci.<\/li>\n\n\n\n<li><strong>Skuteczna komunikacja:<\/strong> Jasna i skuteczna komunikacja mi\u0119dzy hotelem a go\u015b\u0107mi jest kluczowa. Obejmuje to dostarczanie dok\u0142adnych informacji o udogodnieniach hotelowych, us\u0142ugach i lokalnych atrakcjach. Wykorzystanie platform cyfrowych, takich jak aplikacje mobilne lub tablety w pokojach, mo\u017ce u\u0142atwi\u0107 bezproblemow\u0105 komunikacj\u0119.<\/li>\n\n\n\n<li><strong>Personalizacja i dostosowanie:<\/strong> Go\u015bcie doceniaj\u0105 spersonalizowane do\u015bwiadczenia, kt\u00f3re odpowiadaj\u0105 ich indywidualnym preferencjom. Hotele mog\u0105 wykorzystywa\u0107 dane go\u015bci, aby oferowa\u0107 dostosowane rekomendacje, preferencje dotycz\u0105ce pokoi i spersonalizowane us\u0142ugi, aby stworzy\u0107 niezapomniany i wyj\u0105tkowy pobyt.<\/li>\n\n\n\n<li><strong>Stosunek jako\u015bci do ceny:<\/strong> Go\u015bcie oczekuj\u0105 warto\u015bci za swoje pieni\u0105dze, niezale\u017cnie od kategorii hotelu. Oferowanie konkurencyjnych cen, przejrzyste rozliczenia i dostarczanie obiecanych us\u0142ug przyczyniaj\u0105 si\u0119 do zadowolenia go\u015bci.<\/li>\n<\/ul>\n\n\n\n<h2 class=\"wp-block-heading\">Mo\u017cliwo\u015bci w badaniach rynku do\u015bwiadcze\u0144 klient\u00f3w hotelowych<\/h2>\n\n\n\n<figure class=\"gb-block-image gb-block-image-9914a4d9\"><img loading=\"lazy\" decoding=\"async\" width=\"1456\" height=\"816\" class=\"gb-image gb-image-9914a4d9\" src=\"https:\/\/www.sisinternational.com\/wp-content\/uploads\/2025\/08\/hotel-13.jpg\" alt=\"SIS Mi\u0119dzynarodowe badania rynku i strategia\" title=\"hotel (13)\" srcset=\"https:\/\/www.sisinternational.com\/wp-content\/uploads\/2025\/08\/hotel-13.jpg 1456w, https:\/\/www.sisinternational.com\/wp-content\/uploads\/2025\/08\/hotel-13-300x168.jpg 300w, https:\/\/www.sisinternational.com\/wp-content\/uploads\/2025\/08\/hotel-13-1024x574.jpg 1024w, https:\/\/www.sisinternational.com\/wp-content\/uploads\/2025\/08\/hotel-13-768x430.jpg 768w, https:\/\/www.sisinternational.com\/wp-content\/uploads\/2025\/08\/hotel-13-18x10.jpg 18w\" sizes=\"auto, (max-width: 1456px) 100vw, 1456px\"><\/figure>\n\n\n\n<p><\/p>\n\n\n\n<p>Hotel customer <a href=\"https:\/\/www.sisinternational.com\/pl\/financial-services-consulting\/financial-services-customer-satisfaction\/\" title=\"Financial Services Customer Satisfaction\"  data-wpil-monitor-id=\"7514\">experience market research<\/a> is more than just a tool to assess guest satisfaction; it&#8217;s a gateway to several opportunities for businesses in the hospitality sector. Therefore, by tapping into the rich insights offered by this research, businesses can position themselves for growth, innovation, and sustained success.<\/p>\n\n\n\n<h3 class=\"wp-block-heading\">Oto niekt\u00f3re z kluczowych mo\u017cliwo\u015bci ujawnionych w wyniku bada\u0144 rynku do\u015bwiadcze\u0144 klient\u00f3w hotelowych:<\/h3>\n\n\n\n<ul class=\"wp-block-list\">\n<li><strong>Innowacje produktowe i us\u0142ugowe:<\/strong> Rozumiej\u0105c preferencje, potrzeby i bol\u0105czki go\u015bci, firmy mog\u0105 opracowywa\u0107 nowe produkty lub us\u0142ugi dostosowane do tych potrzeb. Mo\u017ce to obejmowa\u0107 wprowadzanie sterowania pokojem opartego na technologii lub tworzenie unikalnych lokalnych do\u015bwiadcze\u0144 dla go\u015bci.<\/li>\n\n\n\n<li><strong>Marketing ukierunkowany i promocje:<\/strong> Wnioski z bada\u0144 rynku dotycz\u0105cych do\u015bwiadcze\u0144 klient\u00f3w hotelowych pozwalaj\u0105 przedsi\u0119biorstwom udoskonali\u0107 strategie marketingowe, zapewniaj\u0105c, \u017ce kampanie trafi\u0105 do grupy docelowej, co przek\u0142ada si\u0119 na wy\u017cszy wska\u017anik konwersji i zwrotu z inwestycji.<\/li>\n\n\n\n<li><strong>Ekspansja strategiczna:<\/strong> Dla firm, kt\u00f3re chc\u0105 si\u0119 rozwija\u0107, badanie to dostarcza danych na temat tego, co potencjalni go\u015bcie na nowych rynkach lub segmentach ceni\u0105 najbardziej. Dzi\u0119ki temu ekspansje lub nowe otwarcia nieruchomo\u015bci s\u0105 zgodne z wymaganiami rynku.<\/li>\n\n\n\n<li><strong>Dywersyfikacja \u017ar\u00f3de\u0142 przychod\u00f3w:<\/strong> Dzi\u0119ki zrozumieniu szerszych potrzeb i preferencji go\u015bci hotele mog\u0105 identyfikowa\u0107 mo\u017cliwo\u015bci wprowadzenia dodatkowych \u017ar\u00f3de\u0142 dochodu, takich jak programy wellness, starannie dobrane wycieczki lub specjalne oferty kulinarne.<\/li>\n\n\n\n<li><strong>Ulepszone do\u015bwiadczenia cyfrowe:<\/strong> W miar\u0119 jak punkty styku cyfrowego odgrywaj\u0105 coraz wi\u0119ksz\u0105 rol\u0119 w procesie obs\u0142ugi go\u015bcia, wnioski z bada\u0144 rynku mog\u0105 okaza\u0107 si\u0119 pomocne przy opracowywaniu przyjaznych dla u\u017cytkownika aplikacji, stron internetowych i us\u0142ug cyfrowego konsjer\u017ca.<\/li>\n\n\n\n<li><strong>Mo\u017cliwo\u015bci partnerstwa i wsp\u00f3\u0142pracy:<\/strong> Zrozumienie zainteresowa\u0144 i preferencji go\u015bci mo\u017ce otworzy\u0107 mo\u017cliwo\u015bci nawi\u0105zania strategicznych partnerstw, czy to z lokalnymi atrakcjami, organizatorami wydarze\u0144, czy nawet firmami technologicznymi, w celu ulepszenia do\u015bwiadcze\u0144 go\u015bci.<\/li>\n<\/ul>","protected":false},"excerpt":{"rendered":"<p>Zapewnienie wyj\u0105tkowego do\u015bwiadczenia klienta jest kluczowe dla hoteli, aby si\u0119 wyr\u00f3\u017cnia\u0107 i rozwija\u0107. Badania rynku do\u015bwiadcze\u0144 klient\u00f3w hotelowych s\u0105 kluczowe.<\/p>","protected":false},"author":1,"featured_media":63501,"parent":14514,"menu_order":389,"comment_status":"closed","ping_status":"closed","template":"","meta":{"footnotes":""},"class_list":["post-43777","page","type-page","status-publish","has-post-thumbnail"],"_links":{"self":[{"href":"https:\/\/www.sisinternational.com\/pl\/wp-json\/wp\/v2\/pages\/43777","targetHints":{"allow":["GET"]}}],"collection":[{"href":"https:\/\/www.sisinternational.com\/pl\/wp-json\/wp\/v2\/pages"}],"about":[{"href":"https:\/\/www.sisinternational.com\/pl\/wp-json\/wp\/v2\/types\/page"}],"author":[{"embeddable":true,"href":"https:\/\/www.sisinternational.com\/pl\/wp-json\/wp\/v2\/users\/1"}],"replies":[{"embeddable":true,"href":"https:\/\/www.sisinternational.com\/pl\/wp-json\/wp\/v2\/comments?post=43777"}],"version-history":[{"count":7,"href":"https:\/\/www.sisinternational.com\/pl\/wp-json\/wp\/v2\/pages\/43777\/revisions"}],"predecessor-version":[{"id":81141,"href":"https:\/\/www.sisinternational.com\/pl\/wp-json\/wp\/v2\/pages\/43777\/revisions\/81141"}],"up":[{"embeddable":true,"href":"https:\/\/www.sisinternational.com\/pl\/wp-json\/wp\/v2\/pages\/14514"}],"wp:featuredmedia":[{"embeddable":true,"href":"https:\/\/www.sisinternational.com\/pl\/wp-json\/wp\/v2\/media\/63501"}],"wp:attachment":[{"href":"https:\/\/www.sisinternational.com\/pl\/wp-json\/wp\/v2\/media?parent=43777"}],"curies":[{"name":"wp","href":"https:\/\/api.w.org\/{rel}","templated":true}]}}