{"id":43741,"date":"2023-10-04T21:56:26","date_gmt":"2023-10-05T01:56:26","guid":{"rendered":"https:\/\/www.sisinternational.com\/?page_id=43741"},"modified":"2026-01-25T18:11:42","modified_gmt":"2026-01-25T23:11:42","slug":"badania-rynku-baterii-mev","status":"publish","type":"page","link":"https:\/\/www.sisinternational.com\/pl\/ekspertyza\/badania-rynku-baterii-mev\/","title":{"rendered":"Badania rynku akumulator\u00f3w MEV"},"content":{"rendered":"<h1 class=\"wp-block-heading\">Badania rynku akumulator\u00f3w MEV<\/h1>\n\n\n\n<figure class=\"gb-block-image gb-block-image-3a7f3545\"><img loading=\"lazy\" decoding=\"async\" width=\"1456\" height=\"816\" class=\"gb-image gb-image-3a7f3545\" src=\"https:\/\/www.sisinternational.com\/wp-content\/uploads\/2025\/08\/Electric-vehicle-17.jpg\" alt=\"SIS Mi\u0119dzynarodowe badania rynku i strategia\" title=\"Electric vehicle (17)\" srcset=\"https:\/\/www.sisinternational.com\/wp-content\/uploads\/2025\/08\/Electric-vehicle-17.jpg 1456w, https:\/\/www.sisinternational.com\/wp-content\/uploads\/2025\/08\/Electric-vehicle-17-300x168.jpg 300w, https:\/\/www.sisinternational.com\/wp-content\/uploads\/2025\/08\/Electric-vehicle-17-1024x574.jpg 1024w, https:\/\/www.sisinternational.com\/wp-content\/uploads\/2025\/08\/Electric-vehicle-17-768x430.jpg 768w, https:\/\/www.sisinternational.com\/wp-content\/uploads\/2025\/08\/Electric-vehicle-17-18x10.jpg 18w\" sizes=\"auto, (max-width: 1456px) 100vw, 1456px\"><\/figure>\n\n\n\n<p><\/p>\n\n\n\n<p>Czy kiedykolwiek zastanawia\u0142e\u015b si\u0119, co nap\u0119dza cich\u0105 rewolucj\u0119 na naszych drogach? \u0141agodne hybrydowe pojazdy elektryczne (MEV) zmieniaj\u0105 zasady gry, p\u0142ynnie \u0142\u0105cz\u0105c pojazdy konwencjonalne z ich w pe\u0142ni elektrycznymi odpowiednikami. Jednak aby naprawd\u0119 zrozumie\u0107 i wykorzysta\u0107 ten rynek, firmy polegaj\u0105 na badaniach rynku akumulator\u00f3w MEV, aby zrozumie\u0107 z\u0142o\u017cono\u015b\u0107 technologii, okre\u015bli\u0107 dynamik\u0119 rynku i prognozowa\u0107 przysz\u0142e trajektorie.<\/p>\n\n\n\n<h2 class=\"wp-block-heading\">Czym jest badanie rynku akumulator\u00f3w MEV?<\/h2>\n\n\n\n<p>MEV <a class=\"wpil_keyword_link\" href=\"https:\/\/www.sisinternational.com\/pl\/ekspertyza\/branze\/battery-market-research\/\"   title=\"Badania rynku baterii\" data-wpil-keyword-link=\"linked\"  data-wpil-monitor-id=\"315\">battery market research<\/a> is a systematic study to understand the nuances of the battery systems used in MEVs. Unlike fully electric vehicles that rely solely on batteries for propulsion, MEVs utilize a combination of traditional combustion engines and electric systems, with batteries playing a pivotal role in enhancing fuel efficiency and reducing emissions.<\/p>\n\n\n\n<h3 class=\"wp-block-heading\">Istota bada\u0144 rynku akumulator\u00f3w MEV polega na:<\/h3>\n\n\n\n<p>Dynamika rynku: analiza dynamiki popytu i poda\u017cy, zrozumienie czynnik\u00f3w wp\u0142ywaj\u0105cych na wzrost rynku i ocena potencja\u0142u przysz\u0142ej ekspansji.<\/p>\n\n\n\n<ul class=\"wp-block-list\">\n<li><strong>Preferencje konsument\u00f3w:<\/strong> Zag\u0142\u0119bianie si\u0119 w zachowania konsument\u00f3w, preferencje i wzorce zakupowe. Zrozumienie, co sk\u0142ania konsument\u00f3w do wyboru pojazd\u00f3w MEV i jak\u0105 rol\u0119 odgrywaj\u0105 baterie w tych decyzjach.<\/li>\n\n\n\n<li><strong>Analiza konkurencji:<\/strong> Badanie g\u0142\u00f3wnych graczy na rynku, ich ofert, udzia\u0142\u00f3w w rynku, strategii i prognozowanie potencjalnych zmian w dominacji rynkowej.<\/li>\n\n\n\n<li><strong>Krajobraz regulacyjny:<\/strong> Zrozumienie globalnych i regionalnych ram regulacyjnych, kt\u00f3re maj\u0105 wp\u0142yw na specyfikacje akumulator\u00f3w, produkcj\u0119 i wdra\u017canie w pojazdach MEV.<\/li>\n\n\n\n<li><strong>Czynniki ekonomiczne:<\/strong> Badanie struktur koszt\u00f3w, strategii cenowych, mo\u017cliwo\u015bci inwestycyjnych i potencjalnych przeszk\u00f3d finansowych w produkcji i marketingu akumulator\u00f3w MEV.<\/li>\n<\/ul>\n\n\n\n<h2 class=\"wp-block-heading\">Znaczenie bada\u0144 rynku akumulator\u00f3w MEV<\/h2>\n\n\n\n<figure class=\"gb-block-image gb-block-image-1272200a\"><img loading=\"lazy\" decoding=\"async\" width=\"1456\" height=\"816\" class=\"gb-image gb-image-1272200a\" src=\"https:\/\/www.sisinternational.com\/wp-content\/uploads\/2025\/08\/Electric-vehicle-13.jpg\" alt=\"SIS Mi\u0119dzynarodowe badania rynku i strategia\" title=\"Electric vehicle (13)\" srcset=\"https:\/\/www.sisinternational.com\/wp-content\/uploads\/2025\/08\/Electric-vehicle-13.jpg 1456w, https:\/\/www.sisinternational.com\/wp-content\/uploads\/2025\/08\/Electric-vehicle-13-300x168.jpg 300w, https:\/\/www.sisinternational.com\/wp-content\/uploads\/2025\/08\/Electric-vehicle-13-1024x574.jpg 1024w, https:\/\/www.sisinternational.com\/wp-content\/uploads\/2025\/08\/Electric-vehicle-13-768x430.jpg 768w, https:\/\/www.sisinternational.com\/wp-content\/uploads\/2025\/08\/Electric-vehicle-13-18x10.jpg 18w\" sizes=\"auto, (max-width: 1456px) 100vw, 1456px\"><\/figure>\n\n\n\n<p><\/p>\n\n\n\n<p>MEV <a href=\"https:\/\/www.sisinternational.com\/pl\/ekspertyza\/lfp-battery-market-research\/\" title=\"Badania rynku baterii LFP\"  data-wpil-monitor-id=\"11421\">battery market research<\/a> plays a central role in understanding the market \u2013 and here&#8217;s why it is so important for stakeholders:<\/p>\n\n\n\n<ul class=\"wp-block-list\">\n<li><strong>Nap\u0119dzanie innowacji:<\/strong> By identifying current technological limitations and gauging consumer preferences, <a href=\"https:\/\/www.sisinternational.com\/pl\/ekspertyza\/branze\/fuel-transport-market-research\/\" title=\"Badania rynku transportu paliw\"  data-wpil-monitor-id=\"3374\">market research fuels<\/a> innovation. It highlights areas where R&amp;D can potentially lead to breakthroughs, ensuring battery technologies evolve to meet market demands.<\/li>\n\n\n\n<li><strong>Pozycjonowanie strategiczne:<\/strong> Zrozumienie dynamiki rynku, krajobraz\u00f3w konkurencyjnych i przysz\u0142ych prognoz pozwala firmom optymalnie pozycjonowa\u0107 swoje produkty i strategie. Umo\u017cliwia im to zdobywanie udzia\u0142\u00f3w w rynku, identyfikowanie niszowych segment\u00f3w i przewidywanie pojawiaj\u0105cych si\u0119 trend\u00f3w.<\/li>\n\n\n\n<li><strong>Zarz\u0105dzanie ryzykiem:<\/strong> Sektor motoryzacyjny jest pe\u0142en wyzwa\u0144, od waha\u0144 cen surowc\u00f3w po ewoluuj\u0105ce ramy regulacyjne. Badania rynku pomagaj\u0105 wcze\u015bnie identyfikowa\u0107 potencjalne ryzyka, umo\u017cliwiaj\u0105c interesariuszom opracowanie strategii \u0142agodzenia i odpowiednie dostosowanie.<\/li>\n\n\n\n<li><strong>\u015awiadoma inwestycja:<\/strong> For investors, this <a href=\"https:\/\/www.sisinternational.com\/pl\/ekspertyza\/branze\/bioinformatics-market-research\/\" title=\"Badania rynku bioinformatycznego\"  data-wpil-monitor-id=\"4680\">badania<\/a> provides a clear picture of the market&#8217;s potential, guiding them on where, when, and how to invest. By spotlighting growth areas and flagging potential pitfalls, it ensures investment decisions are grounded in robust data.<\/li>\n\n\n\n<li><strong>Podej\u015bcie zorientowane na konsumenta:<\/strong> Badania rynku baterii MEV zapewniaj\u0105 dog\u0142\u0119bny wgl\u0105d w preferencje, zachowania i punkty zapalne konsument\u00f3w. Dzi\u0119ki temu oferta produkt\u00f3w jest dostosowana do odbiorc\u00f3w docelowych, co zwi\u0119ksza wska\u017aniki akceptacji i adopcji.<\/li>\n\n\n\n<li><strong>Przygotowanie na przysz\u0142o\u015b\u0107:<\/strong> Dzi\u0119ki badaniom rynku akumulator\u00f3w MEV interesariusze mog\u0105 wyprzedza\u0107 trendy, przygotowywa\u0107 si\u0119 na przysz\u0142e zmiany i wykorzystywa\u0107 pojawiaj\u0105ce si\u0119 szanse.<\/li>\n<\/ul>\n\n\n\n<h2 class=\"wp-block-heading\">Kluczowi gracze na rynku akumulator\u00f3w MEV<\/h2>\n\n\n\n<p>Rynek akumulator\u00f3w MEV charakteryzuje si\u0119 mieszank\u0105 dobrze ugruntowanych gigant\u00f3w i wschodz\u0105cych innowator\u00f3w. Ci kluczowi gracze nap\u0119dzaj\u0105 post\u0119p, kszta\u0142tuj\u0105 trendy w bran\u017cy i wyznaczaj\u0105 krajobraz konkurencyjny. Oto przegl\u0105d kilku znanych firm na arenie akumulator\u00f3w MEV:<\/p>\n\n\n\n<ul class=\"wp-block-list\">\n<li><strong>LG Chem:<\/strong> Maj\u0105ca siedzib\u0119 w Korei Po\u0142udniowej firma LG Chem jest \u015bwiatowym liderem w produkcji baterii litowo-jonowych do pojazd\u00f3w elektrycznych, w tym MEV. Jej specjalizacja obejmuje badania, rozw\u00f3j i produkcj\u0119 na du\u017c\u0105 skal\u0119.<\/li>\n\n\n\n<li><strong>Panasonic:<\/strong> Wsp\u00f3\u0142pracuj\u0105c z g\u0142\u00f3wnymi producentami samochod\u00f3w, takimi jak Tesla, Panasonic ugruntowa\u0142 swoj\u0105 pozycj\u0119 jako pot\u0119\u017cna marka w dziedzinie akumulator\u00f3w EV i MEV. Ich akumulatory s\u0105 znane ze swojej niezawodno\u015bci i wydajno\u015bci.<\/li>\n\n\n\n<li><strong>Samsung SDI:<\/strong> Inny po\u0142udniowokorea\u0144ski gigant, Samsung SDI, przesuwa granice technologii akumulator\u00f3w. Ich post\u0119py w zakresie g\u0119sto\u015bci energii i czas\u00f3w \u0142adowania s\u0105 szczeg\u00f3lnie istotne dla segmentu MEV.<\/li>\n\n\n\n<li><strong>Innowacja SK:<\/strong> Wschodz\u0105ca pot\u0119ga, SK Innovation, stale zwi\u0119ksza swoje moce produkcyjne baterii. Ich skupienie na zr\u00f3wnowa\u017conym rozwoju i bateriach o wysokiej wydajno\u015bci sprawia, \u017ce s\u0105 znan\u0105 mark\u0105 na rynku baterii MEV.<\/li>\n<\/ul>\n\n\n\n<h2 class=\"wp-block-heading\">Mo\u017cliwo\u015bci ods\u0142oni\u0119te przez badania rynku akumulator\u00f3w MEV<\/h2>\n\n\n\n<figure class=\"gb-block-image gb-block-image-f67fe4ec\"><img loading=\"lazy\" decoding=\"async\" width=\"1456\" height=\"816\" class=\"gb-image gb-image-f67fe4ec\" src=\"https:\/\/www.sisinternational.com\/wp-content\/uploads\/2025\/08\/Electric-vehicle-16.jpg\" alt=\"SIS Mi\u0119dzynarodowe badania rynku i strategia\" title=\"Electric vehicle (16)\" srcset=\"https:\/\/www.sisinternational.com\/wp-content\/uploads\/2025\/08\/Electric-vehicle-16.jpg 1456w, https:\/\/www.sisinternational.com\/wp-content\/uploads\/2025\/08\/Electric-vehicle-16-300x168.jpg 300w, https:\/\/www.sisinternational.com\/wp-content\/uploads\/2025\/08\/Electric-vehicle-16-1024x574.jpg 1024w, https:\/\/www.sisinternational.com\/wp-content\/uploads\/2025\/08\/Electric-vehicle-16-768x430.jpg 768w, https:\/\/www.sisinternational.com\/wp-content\/uploads\/2025\/08\/Electric-vehicle-16-18x10.jpg 18w\" sizes=\"auto, (max-width: 1456px) 100vw, 1456px\"><\/figure>\n\n\n\n<p><\/p>\n\n\n\n<p>Wzrost i dynamika rynku akumulator\u00f3w MEV stwarzaj\u0105 szereg mo\u017cliwo\u015bci. Korzystaj\u0105c z bada\u0144 rynkowych, przedsi\u0119biorstwa, inwestorzy i inni interesariusze mog\u0105 odkry\u0107 te ukryte pere\u0142ki. Oto rzut oka na potencjalne mo\u017cliwo\u015bci tych bada\u0144:<\/p>\n\n\n\n<ul class=\"wp-block-list\">\n<li><strong>Rynki wschodz\u0105ce:<\/strong> Podczas gdy dojrza\u0142e rynki mog\u0105 mie\u0107 ugruntowanych graczy i bazy klient\u00f3w, rynki wschodz\u0105ce cz\u0119sto maj\u0105 niewykorzystany potencja\u0142. Badania rynku akumulator\u00f3w MEV mog\u0105 wskaza\u0107 kraje lub regiony, w kt\u00f3rych MEV zyskuj\u0105 popularno\u015b\u0107, oferuj\u0105c wczesne korzy\u015bci wej\u015bcia.<\/li>\n\n\n\n<li><strong>Post\u0119p technologiczny:<\/strong> Ci\u0105g\u0142e badania cz\u0119sto prowadz\u0105 do odkrywania nowych chemii baterii, ulepszonych g\u0119sto\u015bci energii lub szybszych rozwi\u0105za\u0144 \u0142adowania. Dzi\u0119ki \u015bledzeniu tych innowacji producenci mog\u0105 integrowa\u0107 najnowocze\u015bniejsze technologie ze swoimi ofertami.<\/li>\n\n\n\n<li><strong>Inicjatywy na rzecz zr\u00f3wnowa\u017conego rozwoju:<\/strong> Wraz z globalnym d\u0105\u017ceniem do bardziej ekologicznych rozwi\u0105za\u0144 ro\u015bnie zapotrzebowanie na przyjazne dla \u015brodowiska baterie. Badania rynku baterii MEV mog\u0105 pom\u00f3c przedsi\u0119biorstwom analizowa\u0107 zr\u00f3wnowa\u017cone procesy produkcyjne, mo\u017cliwo\u015bci recyklingu i wdra\u017canie materia\u0142\u00f3w odnawialnych.<\/li>\n\n\n\n<li><strong>Partnerstwa i wsp\u00f3\u0142praca:<\/strong> Badania mog\u0105 ujawni\u0107 potencjalne synergie mi\u0119dzy producentami baterii, producentami pojazd\u00f3w, a nawet firmami technologicznymi. Wsp\u00f3\u0142praca ta mo\u017ce przyspieszy\u0107 prace badawczo-rozwojowe, zoptymalizowa\u0107 \u0142a\u0144cuchy dostaw i rozszerzy\u0107 zasi\u0119g rynkowy.<\/li>\n\n\n\n<li><strong>Rozwi\u0105zania dostosowane do potrzeb:<\/strong> R\u00f3\u017cne rynki mog\u0105 mie\u0107 r\u00f3\u017cne potrzeby w zale\u017cno\u015bci od klimatu, wzorc\u00f3w jazdy i infrastruktury. Badania rynku akumulator\u00f3w MEV mog\u0105 pom\u00f3c firmom w dostosowywaniu swoich produkt\u00f3w do konkretnych wymaga\u0144 regionalnych.<\/li>\n\n\n\n<li><strong>Zach\u0119ty regulacyjne:<\/strong> Wiele rz\u0105d\u00f3w oferuje zach\u0119ty dla zr\u00f3wnowa\u017conych rozwi\u0105za\u0144 motoryzacyjnych. Kompleksowe badania mog\u0105 uwypukli\u0107 te korzy\u015bci, umo\u017cliwiaj\u0105c firmom wykorzystanie ulg podatkowych, dotacji lub subsydi\u00f3w.<\/li>\n\n\n\n<li><strong>Us\u0142ugi posprzeda\u017cowe:<\/strong> Poza pocz\u0105tkow\u0105 sprzeda\u017c\u0105 istnieje ogromny rynek konserwacji, modernizacji i wymiany akumulator\u00f3w. Badania rynku akumulator\u00f3w MEV mog\u0105 pom\u00f3c firmom wykorzysta\u0107 ten powtarzaj\u0105cy si\u0119 strumie\u0144 przychod\u00f3w.<\/li>\n\n\n\n<li><strong>Strategie dywersyfikacji:<\/strong> Dla firm dzia\u0142aj\u0105cych w szerszym sektorze motoryzacyjnym lub energetycznym wnioski z bada\u0144 rynku akumulator\u00f3w do pojazd\u00f3w MEV mog\u0105 okaza\u0107 si\u0119 wskaz\u00f3wk\u0105 w opracowywaniu strategii dywersyfikacji, otwieraj\u0105c nowe \u017ar\u00f3d\u0142a przychod\u00f3w i wzrostu.<\/li>\n<\/ul>\n\n\n\n<h2 class=\"wp-block-heading\">Wyzwania ujawnione przez badania rynku akumulator\u00f3w MEV<\/h2>\n\n\n\n<p>Badania rynku dzia\u0142aj\u0105 jak reflektor, ujawniaj\u0105c wyzwania, kt\u00f3rym interesariusze musz\u0105 stawi\u0107 czo\u0142a, aby osi\u0105gn\u0105\u0107 trwa\u0142y sukces. Oto krytyczne wyzwania, kt\u00f3re takie badania wysuwaj\u0105 na pierwszy plan:<\/p>\n\n\n\n<ul class=\"wp-block-list\">\n<li><strong>Ograniczenia \u0142a\u0144cucha dostaw:<\/strong> Surowce takie jak lit, kobalt i nikiel s\u0105 niezb\u0119dne do produkcji baterii. Badania rynku baterii MEV mog\u0105 zidentyfikowa\u0107 te w\u0105skie gard\u0142a, co sk\u0142oni firmy do poszukiwania alternatywnych \u017ar\u00f3de\u0142 lub materia\u0142\u00f3w.<\/li>\n\n\n\n<li><strong>Przeszkody regulacyjne:<\/strong> Poniewa\u017c rz\u0105dy na ca\u0142ym \u015bwiecie stawiaj\u0105 zr\u00f3wnowa\u017cony rozw\u00f3j i bezpiecze\u0144stwo na pierwszym miejscu, przepisy dotycz\u0105ce produkcji, utylizacji i wydajno\u015bci baterii staj\u0105 si\u0119 coraz bardziej rygorystyczne. Badania rynku baterii MEV mog\u0105 ujawni\u0107 te ewoluuj\u0105ce standardy, zapewniaj\u0105c zgodno\u015b\u0107 firm.<\/li>\n\n\n\n<li><strong>Sceptycyzm konsument\u00f3w:<\/strong> Wielu potencjalnych nabywc\u00f3w pozostaje sceptycznych co do \u017cywotno\u015bci baterii, wydajno\u015bci w ekstremalnych warunkach i koszt\u00f3w wymiany. Aby rozwi\u0105za\u0107 te problemy, potrzebne s\u0105 ukierunkowane kampanie informacyjne oparte na spostrze\u017ceniach badawczych.<\/li>\n\n\n\n<li><strong>Luki w infrastrukturze:<\/strong> Sukces MEV w du\u017cej mierze zale\u017cy od infrastruktury pomocniczej, takiej jak stacje \u0142adowania. Badania rynku akumulator\u00f3w MEV mog\u0105 wskaza\u0107 regiony, w kt\u00f3rych rozw\u00f3j infrastruktury pozostaje w tyle, co stwarza wyzwania dla powszechnego przyj\u0119cia MEV.<\/li>\n\n\n\n<li><strong>Wysokie koszty pocz\u0105tkowe:<\/strong> Prace badawczo-rozwojowe, zaawansowane materia\u0142y i procesy produkcyjne mog\u0105 zwi\u0119kszy\u0107 koszty akumulator\u00f3w MEV. Mo\u017ce to stanowi\u0107 barier\u0119 wej\u015bcia na rynek dla nowych graczy i stanowi\u0107 wyzwanie dla przyst\u0119pno\u015bci cenowej konsument\u00f3w.<\/li>\n\n\n\n<li><strong>Nowe konkurencyjne technologie:<\/strong> Technologie takie jak ogniwa paliwowe wodorowe mog\u0105 w przysz\u0142o\u015bci konkurowa\u0107 z bateriami. Badania rynku baterii MEV mog\u0105 dostarczy\u0107 informacji na temat tych potencjalnych zak\u0142\u00f3caczy rynku, pomagaj\u0105c firmom przygotowa\u0107 si\u0119 i dostosowa\u0107.<\/li>\n<\/ul>","protected":false},"excerpt":{"rendered":"<p>Pojazdy MEV wykorzystuj\u0105 zar\u00f3wno silniki spalinowe, jak i systemy elektryczne, przy czym akumulatory zwi\u0119kszaj\u0105 wydajno\u015b\u0107 i redukuj\u0105 emisj\u0119.<\/p>","protected":false},"author":1,"featured_media":63491,"parent":14514,"menu_order":382,"comment_status":"closed","ping_status":"closed","template":"","meta":{"footnotes":""},"class_list":["post-43741","page","type-page","status-publish","has-post-thumbnail"],"_links":{"self":[{"href":"https:\/\/www.sisinternational.com\/pl\/wp-json\/wp\/v2\/pages\/43741","targetHints":{"allow":["GET"]}}],"collection":[{"href":"https:\/\/www.sisinternational.com\/pl\/wp-json\/wp\/v2\/pages"}],"about":[{"href":"https:\/\/www.sisinternational.com\/pl\/wp-json\/wp\/v2\/types\/page"}],"author":[{"embeddable":true,"href":"https:\/\/www.sisinternational.com\/pl\/wp-json\/wp\/v2\/users\/1"}],"replies":[{"embeddable":true,"href":"https:\/\/www.sisinternational.com\/pl\/wp-json\/wp\/v2\/comments?post=43741"}],"version-history":[{"count":7,"href":"https:\/\/www.sisinternational.com\/pl\/wp-json\/wp\/v2\/pages\/43741\/revisions"}],"predecessor-version":[{"id":85008,"href":"https:\/\/www.sisinternational.com\/pl\/wp-json\/wp\/v2\/pages\/43741\/revisions\/85008"}],"up":[{"embeddable":true,"href":"https:\/\/www.sisinternational.com\/pl\/wp-json\/wp\/v2\/pages\/14514"}],"wp:featuredmedia":[{"embeddable":true,"href":"https:\/\/www.sisinternational.com\/pl\/wp-json\/wp\/v2\/media\/63491"}],"wp:attachment":[{"href":"https:\/\/www.sisinternational.com\/pl\/wp-json\/wp\/v2\/media?parent=43741"}],"curies":[{"name":"wp","href":"https:\/\/api.w.org\/{rel}","templated":true}]}}