{"id":43293,"date":"2023-09-01T16:23:54","date_gmt":"2023-09-01T20:23:54","guid":{"rendered":"https:\/\/www.sisinternational.com\/?page_id=43293"},"modified":"2026-01-26T17:13:39","modified_gmt":"2026-01-26T22:13:39","slug":"badania-rynku-zarzadzania-bezpieczenstwem","status":"publish","type":"page","link":"https:\/\/www.sisinternational.com\/pl\/ekspertyza\/badania-rynku-zarzadzania-bezpieczenstwem\/","title":{"rendered":"Badania rynku zarz\u0105dzania bezpiecze\u0144stwem"},"content":{"rendered":"<h1 class=\"wp-block-heading\">Badania rynku zarz\u0105dzania bezpiecze\u0144stwem<\/h1>\n\n\n\n<figure class=\"gb-block-image gb-block-image-dcdec37e\"><img loading=\"lazy\" decoding=\"async\" width=\"1456\" height=\"816\" class=\"gb-image gb-image-dcdec37e\" src=\"https:\/\/www.sisinternational.com\/wp-content\/uploads\/2025\/10\/Financial-Service-Change-Management-1.jpg\" alt=\"SIS Mi\u0119dzynarodowe badania rynku i strategia\" title=\"Financial Service Change Management (1)\" srcset=\"https:\/\/www.sisinternational.com\/wp-content\/uploads\/2025\/10\/Financial-Service-Change-Management-1.jpg 1456w, https:\/\/www.sisinternational.com\/wp-content\/uploads\/2025\/10\/Financial-Service-Change-Management-1-300x168.jpg 300w, https:\/\/www.sisinternational.com\/wp-content\/uploads\/2025\/10\/Financial-Service-Change-Management-1-1024x574.jpg 1024w, https:\/\/www.sisinternational.com\/wp-content\/uploads\/2025\/10\/Financial-Service-Change-Management-1-768x430.jpg 768w, https:\/\/www.sisinternational.com\/wp-content\/uploads\/2025\/10\/Financial-Service-Change-Management-1-18x10.jpg 18w\" sizes=\"auto, (max-width: 1456px) 100vw, 1456px\"><\/figure>\n\n\n\n<p><\/p>\n\n\n\n<p>Badania rynku zarz\u0105dzania bezpiecze\u0144stwem dostarczaj\u0105 interesariuszom wgl\u0105du w wielko\u015b\u0107, trendy wzrostu i niuanse rynku, a tak\u017ce podkre\u015blaj\u0105 post\u0119p technologiczny, dynamik\u0119 konkurencji i ewoluuj\u0105ce ramy regulacyjne. Badania te pomagaj\u0105 przedsi\u0119biorstwom, decydentom i liderom bran\u017cy podejmowa\u0107 \u015bwiadome decyzje, kt\u00f3re nap\u0119dzaj\u0105 wzrost, innowacyjno\u015b\u0107 i standardy bezpiecze\u0144stwa.<\/p>\n\n\n\n<p>Dlatego te\u017c badania rynku w zakresie zarz\u0105dzania bezpiecze\u0144stwem stanowi\u0105 odzwierciedlenie szerszych zmian biznesowych i kulturowych, kt\u00f3re mog\u0105 mie\u0107 wp\u0142yw na przedsi\u0119biorstwa na ca\u0142ym \u015bwiecie.<\/p>\n\n\n\n<h2 class=\"wp-block-heading\">Czym s\u0105 badania rynku w zakresie zarz\u0105dzania bezpiecze\u0144stwem i dlaczego s\u0105 tak wa\u017cne?<\/h2>\n\n\n\n<p>Bezpiecze\u0144stwo <a href=\"https:\/\/www.sisinternational.com\/pl\/rozwiazania\/legal-market-research\/law-firm-spend-management-market-research\/\" title=\"Zarz\u0105dzanie wydatkami w kancelarii prawnej Badania rynku\"  data-wpil-monitor-id=\"2321\">management market research<\/a> is the process of analyzing and interpreting data related to the safety management industry such as industry trends, competitive landscape, regulatory environment, technological innovations, customer segmentation, demand analysis, and distribution channels, among others.<\/p>\n\n\n\n<p>Bezpiecze\u0144stwo <a href=\"https:\/\/www.sisinternational.com\/pl\/ekspertyza\/branze\/badania-rynku-zarzadzania-ruchem-drogowym\/\" title=\"Badania rynku zarz\u0105dzania ruchem\"  data-wpil-monitor-id=\"3265\">management market research<\/a> is critically important for several reasons, especially considering the nature of the industry and its direct impact on people&#8217;s well-being, organizational success, and societal functions. Here&#8217;s why it holds such importance:<\/p>\n\n\n\n<ul class=\"wp-block-list\">\n<li><strong>Zgodno\u015b\u0107 z przepisami:<\/strong> Przepisy bezpiecze\u0144stwa mog\u0105 si\u0119 r\u00f3\u017cni\u0107 w zale\u017cno\u015bci od regionu, bran\u017cy i czasu. Bycie na bie\u017c\u0105co ze zmianami regulacyjnymi jest kluczowe dla firm, aby zapewni\u0107 zgodno\u015b\u0107 ich produkt\u00f3w i us\u0142ug, zmniejszaj\u0105c ryzyko konsekwencji prawnych i potencjalne szkody dla ich reputacji.<\/li>\n\n\n\n<li><strong>Przewaga konkurencyjna:<\/strong> Zrozumienie sytuacji konkurencyjnej pozwala przedsi\u0119biorstwom zidentyfikowa\u0107 luki na rynku, dostosowa\u0107 swoj\u0105 ofert\u0119 i wyr\u00f3\u017cni\u0107 si\u0119, uzyskuj\u0105c w ten spos\u00f3b przewag\u0119 konkurencyjn\u0105.<\/li>\n\n\n\n<li><strong>Nap\u0119d innowacyjny:<\/strong> W miar\u0119 rozwoju technologii i najlepszych praktyk przedsi\u0119biorstwa mog\u0105 identyfikowa\u0107 nowe mo\u017cliwo\u015bci innowacji w zarz\u0105dzaniu bezpiecze\u0144stwem, co pozwoli im utrzyma\u0107 si\u0119 w czo\u0142\u00f3wce bran\u017cy.<\/li>\n\n\n\n<li><strong>\u0141agodzenie ryzyka:<\/strong> Safety inherently revolves around minimizing risks. <a href=\"https:\/\/www.sisinternational.com\/pl\/ekspertyza\/branze\/road-safety-market-research\/\" title=\"Badania rynku bezpiecze\u0144stwa ruchu drogowego\"  data-wpil-monitor-id=\"4727\">Safety management market research<\/a> helps businesses understand potential risks in their operations and strategies, allowing them to take preemptive actions.<\/li>\n\n\n\n<li><strong>Spe\u0142nianie potrzeb klient\u00f3w:<\/strong> Dzi\u0119ki zrozumieniu wymaga\u0144, preferencji i problem\u00f3w klient\u00f3w firmy mog\u0105 opracowywa\u0107 rozwi\u0105zania, kt\u00f3re bezpo\u015brednio odpowiadaj\u0105 potrzebom rynku, zapewniaj\u0105c tym samym wi\u0119ksz\u0105 satysfakcj\u0119 i lojalno\u015b\u0107 klient\u00f3w.<\/li>\n\n\n\n<li><strong>Zaufanie interesariuszy:<\/strong> Wykazanie si\u0119 dog\u0142\u0119bn\u0105 znajomo\u015bci\u0105 kwestii bezpiecze\u0144stwa i proaktywne reagowanie na obawy mo\u017ce zwi\u0119kszy\u0107 zaufanie w\u015br\u00f3d interesariuszy, od klient\u00f3w i pracownik\u00f3w po inwestor\u00f3w i partner\u00f3w.<\/li>\n\n\n\n<li><strong>Marketing dostosowany do potrzeb:<\/strong> Wiedza o segmentach rynku, ich preferencjach i zachowaniach pozwala przedsi\u0119biorstwom opracowywa\u0107 skuteczniejsze strategie marketingowe i komunikacyjne.<\/li>\n\n\n\n<li><strong>D\u0142ugoterminowy wzrost i zr\u00f3wnowa\u017cony rozw\u00f3j:<\/strong> An organization that consistently aligns its <a href=\"https:\/\/www.sisinternational.com\/pl\/globalny-kryzys-talentow-biala-ksiega-autorstwa-ruth-stanat\/\" title=\"Badania rynku zarz\u0105dzania talentami\"  data-wpil-monitor-id=\"2194\">strategies with market research<\/a> insights is more likely to achieve long-term growth and sustainability in the dynamic safety management industry.<\/li>\n<\/ul>\n\n\n\n<h2 class=\"wp-block-heading\">Korzy\u015bci z przeprowadzania bada\u0144 rynku zarz\u0105dzania bezpiecze\u0144stwem<\/h2>\n\n\n\n<figure class=\"gb-block-image gb-block-image-2646483c\"><img loading=\"lazy\" decoding=\"async\" width=\"1456\" height=\"816\" class=\"gb-image gb-image-2646483c\" src=\"https:\/\/www.sisinternational.com\/wp-content\/uploads\/2025\/10\/Human-Resources-and-Talent-Management-2.jpg\" alt=\"SIS Mi\u0119dzynarodowe badania rynku i strategia\" title=\"Human Resources and Talent Management (2)\" srcset=\"https:\/\/www.sisinternational.com\/wp-content\/uploads\/2025\/10\/Human-Resources-and-Talent-Management-2.jpg 1456w, https:\/\/www.sisinternational.com\/wp-content\/uploads\/2025\/10\/Human-Resources-and-Talent-Management-2-300x168.jpg 300w, https:\/\/www.sisinternational.com\/wp-content\/uploads\/2025\/10\/Human-Resources-and-Talent-Management-2-1024x574.jpg 1024w, https:\/\/www.sisinternational.com\/wp-content\/uploads\/2025\/10\/Human-Resources-and-Talent-Management-2-768x430.jpg 768w, https:\/\/www.sisinternational.com\/wp-content\/uploads\/2025\/10\/Human-Resources-and-Talent-Management-2-18x10.jpg 18w\" sizes=\"auto, (max-width: 1456px) 100vw, 1456px\"><\/figure>\n\n\n\n<p><\/p>\n\n\n\n<p>Safety management ensures the well-being of personnel, assets, and operations. Thus, conducting market research can provide invaluable insights and advantages. Here are some of the primary <a href=\"https:\/\/www.sisinternational.com\/pl\/ekspertyza\/branze\/pharmacy-benefit-manager-pbm-market-research\/\" title=\"Badania rynku w zakresie \u015bwiadcze\u0144 farmaceutycznych (PBM)\"  data-wpil-monitor-id=\"4230\">benefits of undertaking safety management market research<\/a>:<\/p>\n\n\n\n<ul class=\"wp-block-list\">\n<li><strong>Podejmowanie \u015bwiadomych decyzji:<\/strong> Dzi\u0119ki zrozumieniu trend\u00f3w, wymaga\u0144 i wyzwa\u0144 rynkowych przedsi\u0119biorstwa mog\u0105 podejmowa\u0107 \u015bwiadome decyzje dotycz\u0105ce rozwoju produkt\u00f3w, oferty us\u0142ug i zmian operacyjnych.<\/li>\n\n\n\n<li><strong>Identification of <\/strong><a href=\"https:\/\/www.sisinternational.com\/pl\/ekspertyza\/branze\/badania-rynku-zarzadzania-flota\/\" title=\"Badania rynku zarz\u0105dzania flot\u0105\"  data-wpil-monitor-id=\"5902\">Market Opportunities: Safety management market research<\/a> can uncover untapped or underserved market segments, allowing businesses to position their safety management solutions effectively.<\/li>\n\n\n\n<li><strong>Przewaga konkurencyjna:<\/strong> Dog\u0142\u0119bne zrozumienie otoczenia konkurencyjnego mo\u017ce dostarczy\u0107 informacji na temat dzia\u0142a\u0144 konkurent\u00f3w, umo\u017cliwiaj\u0105c firmom wyr\u00f3\u017cnienie swojej oferty i utrzymanie przewagi.<\/li>\n\n\n\n<li><strong>Zgodno\u015b\u0107 ze standardami regulacyjnymi:<\/strong> Bezpiecze\u0144stwo <a href=\"https:\/\/www.sisinternational.com\/pl\/ekspertyza\/branze\/waste-management-market-research\/\" title=\"Badania rynku gospodarki odpadami\"  data-wpil-monitor-id=\"5952\">management market research<\/a> helps businesses stay updated with changing regulations, ensuring compliance and avoiding potential legal repercussions.<\/li>\n\n\n\n<li><strong>Lepsze relacje z klientami:<\/strong> Dzi\u0119ki zrozumieniu potrzeb i oczekiwa\u0144 u\u017cytkownik\u00f3w ko\u0144cowych firmy mog\u0105 dostosowywa\u0107 swoje rozwi\u0105zania w zakresie bezpiecze\u0144stwa, co przek\u0142ada si\u0119 na wi\u0119ksz\u0105 satysfakcj\u0119 i lojalno\u015b\u0107 klient\u00f3w.<\/li>\n\n\n\n<li><strong>Prognozowanie i planowanie strategiczne:<\/strong> Bezpiecze\u0144stwo <a href=\"https:\/\/www.sisinternational.com\/pl\/rozwiazania\/rozwiazania-w-zakresie-badan-jakosciowych-i-ilosciowych\/facilities-management-market-research\/\" title=\"Badania rynku zarz\u0105dzania obiektami\"  data-wpil-monitor-id=\"6447\">management market research<\/a> offers data-driven projections about the future of the safety management market, enabling businesses to strategize for both short-term and long-term objectives.<\/li>\n\n\n\n<li><strong>Efektywno\u015b\u0107 kosztowa:<\/strong> Identyfikuj\u0105c najbardziej dochodowe segmenty rynku i poznaj\u0105c preferencje klient\u00f3w, przedsi\u0119biorstwa mog\u0105 optymalizowa\u0107 swoje wydatki marketingowe i operacyjne.<\/li>\n\n\n\n<li><strong>Zrozumienie niuans\u00f3w kulturowych i regionalnych:<\/strong> Praktyki zarz\u0105dzania bezpiecze\u0144stwem mog\u0105 si\u0119 r\u00f3\u017cni\u0107 w zale\u017cno\u015bci od czynnik\u00f3w kulturowych lub regionalnych. Badania rynku zarz\u0105dzania bezpiecze\u0144stwem dostarczaj\u0105 wgl\u0105du w te niuanse, umo\u017cliwiaj\u0105c lepsz\u0105 lokalizacj\u0119 rozwi\u0105za\u0144.<\/li>\n<\/ul>\n\n\n\n<h2 class=\"wp-block-heading\">Aktualne trendy w badaniach rynku zarz\u0105dzania bezpiecze\u0144stwem<\/h2>\n\n\n\n<p>Kilka trend\u00f3w kszta\u0142tuje bran\u017c\u0119 zarz\u0105dzania bezpiecze\u0144stwem i, co za tym idzie, charakter bada\u0144 w tej dziedzinie. Oto spojrzenie na obecne trendy, kt\u00f3re obserwowano w badaniach rynku zarz\u0105dzania bezpiecze\u0144stwem:<\/p>\n\n\n\n<ul class=\"wp-block-list\">\n<li><strong>Integracja zaawansowanych technologii:<\/strong> Rozwi\u0105zania do zarz\u0105dzania bezpiecze\u0144stwem coraz cz\u0119\u015bciej wykorzystuj\u0105 sztuczn\u0105 inteligencj\u0119 do analizy predykcyjnej, identyfikuj\u0105c potencjalne zagro\u017cenia, zanim si\u0119 pojawi\u0105. Podobnie IoT umo\u017cliwia monitorowanie sprz\u0119tu i \u015brodowisk w czasie rzeczywistym.<\/li>\n\n\n\n<li><strong>Podejmowanie decyzji w oparciu o dane:<\/strong> Wykorzystanie du\u017cych zbior\u00f3w danych i analiz w zarz\u0105dzaniu bezpiecze\u0144stwem pomaga zrozumie\u0107 wzorce, przewidywa\u0107 potencjalne zagro\u017cenia i optymalizowa\u0107 protoko\u0142y bezpiecze\u0144stwa.<\/li>\n\n\n\n<li><strong>Protok\u00f3\u0142 bezpiecze\u0144stwa pracy zdalnej:<\/strong> Wraz z rozwojem pracy zdalnej zacz\u0119to zwraca\u0107 wi\u0119ksz\u0105 uwag\u0119 na zapewnienie bezpiecze\u0144stwa pracownikom pracuj\u0105cym w domowych biurach, co obejmuje r\u00f3\u017cne aspekty \u2014 od ergonomii po bezpiecze\u0144stwo cyfrowe.<\/li>\n\n\n\n<li><strong>Globalizacja i standaryzacja:<\/strong> Poniewa\u017c przedsi\u0119biorstwa dzia\u0142aj\u0105 na skal\u0119 globaln\u0105, ro\u015bnie potrzeba ujednolicenia protoko\u0142\u00f3w bezpiecze\u0144stwa w r\u00f3\u017cnych regionach w celu zapewnienia sp\u00f3jnych standard\u00f3w bezpiecze\u0144stwa.<\/li>\n\n\n\n<li><strong>Zaanga\u017cowanie i informacja zwrotna od pracownik\u00f3w:<\/strong> Pracownicy aktywniej uczestnicz\u0105 w opracowywaniu protoko\u0142\u00f3w bezpiecze\u0144stwa, co pozwala im upewni\u0107 si\u0119, \u017ce podejmowane \u015brodki s\u0105 oparte na rzeczywistych do\u015bwiadczeniach i potrzebach.<\/li>\n\n\n\n<li><strong>Szkolenia z zakresu rzeczywisto\u015bci wirtualnej (VR) i rozszerzonej (AR):<\/strong> Rzeczywisto\u015b\u0107 wirtualna i rozszerzona s\u0105 wykorzystywane w szkoleniach z zakresu bezpiecze\u0144stwa, umo\u017cliwiaj\u0105c pracownikom symulowanie scenariuszy awaryjnych i \u0107wiczenie reakcji bez nara\u017cania si\u0119 na ryzyko w rzeczywistych warunkach.<\/li>\n<\/ul>\n\n\n\n<h2 class=\"wp-block-heading\">Przysz\u0142e perspektywy bada\u0144 rynku zarz\u0105dzania bezpiecze\u0144stwem<\/h2>\n\n\n\n<figure class=\"gb-block-image gb-block-image-6dc1e08f\"><img loading=\"lazy\" decoding=\"async\" width=\"1456\" height=\"816\" class=\"gb-image gb-image-6dc1e08f\" src=\"https:\/\/www.sisinternational.com\/wp-content\/uploads\/2025\/10\/Management-Consulting-Automation-4.jpg\" alt=\"SIS Mi\u0119dzynarodowe badania rynku i strategia\" title=\"Management Consulting Automation (4)\" srcset=\"https:\/\/www.sisinternational.com\/wp-content\/uploads\/2025\/10\/Management-Consulting-Automation-4.jpg 1456w, https:\/\/www.sisinternational.com\/wp-content\/uploads\/2025\/10\/Management-Consulting-Automation-4-300x168.jpg 300w, https:\/\/www.sisinternational.com\/wp-content\/uploads\/2025\/10\/Management-Consulting-Automation-4-1024x574.jpg 1024w, https:\/\/www.sisinternational.com\/wp-content\/uploads\/2025\/10\/Management-Consulting-Automation-4-768x430.jpg 768w, https:\/\/www.sisinternational.com\/wp-content\/uploads\/2025\/10\/Management-Consulting-Automation-4-18x10.jpg 18w\" sizes=\"auto, (max-width: 1456px) 100vw, 1456px\"><\/figure>\n\n\n\n<p><\/p>\n\n\n\n<p>Przysz\u0142e perspektywy bada\u0144 rynku zarz\u0105dzania bezpiecze\u0144stwem wskazuj\u0105 na ewoluuj\u0105cy krajobraz nap\u0119dzany technologi\u0105, globalnymi wyzwaniami i wzmo\u017conym skupieniem na kompleksowym dobrostanie. Oto projekcja na przysz\u0142o\u015b\u0107 bada\u0144 rynku zarz\u0105dzania bezpiecze\u0144stwem:<\/p>\n\n\n\n<ul class=\"wp-block-list\">\n<li><strong>Nacisk na kompleksowe zdrowie pracownika:<\/strong> Opr\u00f3cz zdrowia fizycznego i psychicznego, holistyczne dobre samopoczucie pracownik\u00f3w stanie si\u0119 najwa\u017cniejsze. Obejmuje to takie aspekty, jak dobre samopoczucie finansowe, r\u00f3wnowaga mi\u0119dzy \u017cyciem zawodowym a prywatnym i wi\u0119zi spo\u0142eczne.<\/li>\n\n\n\n<li><strong>Globalna standaryzacja protoko\u0142\u00f3w bezpiecze\u0144stwa:<\/strong> W miar\u0119 jak przedsi\u0119biorstwa rozszerzaj\u0105 swoj\u0105 dzia\u0142alno\u015b\u0107 na ca\u0142y \u015bwiat, coraz wi\u0119ksz\u0105 wag\u0119 b\u0119dzie przywi\u0105zywano do powszechnie akceptowanych standard\u00f3w bezpiecze\u0144stwa, aby zapewni\u0107 sp\u00f3jno\u015b\u0107 mi\u0119dzy pa\u0144stwami.<\/li>\n\n\n\n<li><strong>Zdecentralizowane \u015brodowiska pracy:<\/strong> Przej\u015bcie na zdalny i hybrydowy model pracy b\u0119dzie wymaga\u0142o nowych protoko\u0142\u00f3w bezpiecze\u0144stwa, obejmuj\u0105cych zabezpieczenia cyfrowe, ergonomiczn\u0105 konfiguracj\u0119 domu i wsparcie zdrowia psychicznego.<\/li>\n\n\n\n<li><strong>AR i VR w szkoleniach w miejscu pracy:<\/strong> Udoskonalone symulacje wirtualne stan\u0105 si\u0119 norm\u0105 w szkoleniach, zw\u0142aszcza w zawodach obarczonych wysokim ryzykiem, gwarantuj\u0105c pracownikom dobre przygotowanie bez nara\u017cania ich na niebezpiecze\u0144stwa w \u015bwiecie rzeczywistym.<\/li>\n\n\n\n<li><strong>Zmiany klimatyczne i protoko\u0142y bezpiecze\u0144stwa:<\/strong> W obliczu coraz wi\u0119kszych skutk\u00f3w zmian klimatycznych przedsi\u0119biorstwa b\u0119d\u0105 musia\u0142y uwzgl\u0119dni\u0107 zmiany \u015brodowiskowe w swoich protoko\u0142ach bezpiecze\u0144stwa, zw\u0142aszcza w takich bran\u017cach jak rolnictwo, budownictwo i logistyka.<\/li>\n\n\n\n<li><strong>Wzmocniona ochrona sygnalist\u00f3w:<\/strong> Wprowadzone zostan\u0105 bardziej rygorystyczne systemy i \u015brodki ochrony, dzi\u0119ki kt\u00f3rym sygnali\u015bci b\u0119d\u0105 mogli zg\u0142asza\u0107 nieprawid\u0142owo\u015bci bez obawy przed odwetem.<\/li>\n\n\n\n<li><strong>Ekosystemy bezpiecze\u0144stwa oparte na wsp\u00f3\u0142pracy:<\/strong> Przedsi\u0119biorstwa, organy regulacyjne, dostawcy technologii i pracownicy b\u0119d\u0105 ze sob\u0105 \u015bci\u015blej wsp\u00f3\u0142pracowa\u0107, tworz\u0105c zintegrowane ekosystemy bezpiecze\u0144stwa, w kt\u00f3rych informacje i najlepsze praktyki b\u0119d\u0105 si\u0119 p\u0142ynnie wymienia\u0107.<\/li>\n\n\n\n<li><strong>Ci\u0105g\u0142a nauka:<\/strong> Bior\u0105c pod uwag\u0119 szybkie tempo post\u0119pu technologicznego, nacisk b\u0119dzie po\u0142o\u017cony na ci\u0105g\u0142\u0105 nauk\u0119 i unowocze\u015bnianie protoko\u0142\u00f3w bezpiecze\u0144stwa, aby utrzyma\u0107 si\u0119 na bie\u017c\u0105co.<\/li>\n<\/ul>","protected":false},"excerpt":{"rendered":"<p>Badania rynku w zakresie zarz\u0105dzania bezpiecze\u0144stwem dostarczaj\u0105 informacji na temat rynku, trend\u00f3w wzrostu i zmian regulacyjnych, a tak\u017ce post\u0119pu technologicznego i konkurencji.<\/p>","protected":false},"author":1,"featured_media":71747,"parent":14514,"menu_order":347,"comment_status":"closed","ping_status":"closed","template":"","meta":{"footnotes":""},"class_list":["post-43293","page","type-page","status-publish","has-post-thumbnail"],"_links":{"self":[{"href":"https:\/\/www.sisinternational.com\/pl\/wp-json\/wp\/v2\/pages\/43293","targetHints":{"allow":["GET"]}}],"collection":[{"href":"https:\/\/www.sisinternational.com\/pl\/wp-json\/wp\/v2\/pages"}],"about":[{"href":"https:\/\/www.sisinternational.com\/pl\/wp-json\/wp\/v2\/types\/page"}],"author":[{"embeddable":true,"href":"https:\/\/www.sisinternational.com\/pl\/wp-json\/wp\/v2\/users\/1"}],"replies":[{"embeddable":true,"href":"https:\/\/www.sisinternational.com\/pl\/wp-json\/wp\/v2\/comments?post=43293"}],"version-history":[{"count":11,"href":"https:\/\/www.sisinternational.com\/pl\/wp-json\/wp\/v2\/pages\/43293\/revisions"}],"predecessor-version":[{"id":80030,"href":"https:\/\/www.sisinternational.com\/pl\/wp-json\/wp\/v2\/pages\/43293\/revisions\/80030"}],"up":[{"embeddable":true,"href":"https:\/\/www.sisinternational.com\/pl\/wp-json\/wp\/v2\/pages\/14514"}],"wp:featuredmedia":[{"embeddable":true,"href":"https:\/\/www.sisinternational.com\/pl\/wp-json\/wp\/v2\/media\/71747"}],"wp:attachment":[{"href":"https:\/\/www.sisinternational.com\/pl\/wp-json\/wp\/v2\/media?parent=43293"}],"curies":[{"name":"wp","href":"https:\/\/api.w.org\/{rel}","templated":true}]}}