{"id":43152,"date":"2023-08-21T21:36:24","date_gmt":"2023-08-22T01:36:24","guid":{"rendered":"https:\/\/www.sisinternational.com\/?page_id=43152"},"modified":"2026-01-26T18:30:39","modified_gmt":"2026-01-26T23:30:39","slug":"badanie-rynku-ankieta-centrum-handlowego","status":"publish","type":"page","link":"https:\/\/www.sisinternational.com\/pl\/ekspertyza\/badanie-rynku-ankieta-centrum-handlowego\/","title":{"rendered":"Badanie rynku ankietowego w centrum handlowym"},"content":{"rendered":"<h1 class=\"wp-block-heading\">Badanie rynku ankietowego w centrum handlowym<\/h1>\n\n\n\n<figure class=\"gb-block-image gb-block-image-624d12d4\"><img loading=\"lazy\" decoding=\"async\" width=\"1456\" height=\"816\" class=\"gb-image gb-image-624d12d4\" src=\"https:\/\/www.sisinternational.com\/wp-content\/uploads\/2025\/08\/Mall-survey-4.jpg\" alt=\"SIS Mi\u0119dzynarodowe badania rynku i strategia\" title=\"Mall survey (4)\" srcset=\"https:\/\/www.sisinternational.com\/wp-content\/uploads\/2025\/08\/Mall-survey-4.jpg 1456w, https:\/\/www.sisinternational.com\/wp-content\/uploads\/2025\/08\/Mall-survey-4-300x168.jpg 300w, https:\/\/www.sisinternational.com\/wp-content\/uploads\/2025\/08\/Mall-survey-4-1024x574.jpg 1024w, https:\/\/www.sisinternational.com\/wp-content\/uploads\/2025\/08\/Mall-survey-4-768x430.jpg 768w, https:\/\/www.sisinternational.com\/wp-content\/uploads\/2025\/08\/Mall-survey-4-18x10.jpg 18w\" sizes=\"auto, (max-width: 1456px) 100vw, 1456px\"><\/figure>\n\n\n\n<hr class=\"wp-block-separator has-alpha-channel-opacity is-style-dots\"\/>\n\n\n\n<p>Centra handlowe s\u0105 centrami interakcji i handlu konsumenckiego. Nie s\u0105 tylko miejscami zakup\u00f3w; s\u0105 centrami do\u015bwiadczalnymi, w kt\u00f3rych konsumenci wchodz\u0105 w interakcje z markami. Dlatego zrozumienie zachowa\u0144, preferencji i bol\u0105czek konsument\u00f3w w tych plac\u00f3wkach jest najwa\u017cniejsze dla operator\u00f3w centr\u00f3w handlowych, sprzedawc\u00f3w detalicznych i marek, kt\u00f3re chc\u0105 zmaksymalizowa\u0107 sw\u00f3j wp\u0142yw i zwroty.<\/p>\n\n\n\n<p>That&#8217;s why stakeholders rely on mall <a class=\"wpil_keyword_link\" href=\"https:\/\/www.sisinternational.com\/pl\/rozwiazania\/rozwiazania-w-zakresie-badan-jakosciowych-i-ilosciowych\/survey-market-research\/\"   title=\"Badanie rynku ankietowego\" data-wpil-keyword-link=\"linked\"  data-wpil-monitor-id=\"335\">survey market research<\/a> to capture shoppers&#8217; motivations and desires. The feedback from these surveys helps in understanding the current state of affairs, forecasting emerging trends, and adapting to the ever-evolving retail landscape.<\/p>\n\n\n\n<h2 class=\"wp-block-heading\">Dlaczego firmy przeprowadzaj\u0105 badania rynku w centrach handlowych?<\/h2>\n\n\n\n<p>In the modern era of digitization and a significant shift towards online shopping, shopping malls are facing a real challenge. That&#8217;s why mall <a href=\"https:\/\/www.sisinternational.com\/pl\/membership-survey-market-research\/\" title=\"Membership Survey Market Research\"  data-wpil-monitor-id=\"3590\">survey market research<\/a> becomes pivotal in ensuring that these physical spaces remain relevant, vibrant, and profitable. Some benefits of this research are:<\/p>\n\n\n\n<ul class=\"wp-block-list\">\n<li><strong>Zrozumie\u0107 konsumenta:<\/strong> A deep understanding of the consumer lies at the heart of any successful retail strategy. What are their buying habits? Which amenities or services do they value most in a mall setting? By conducting mall surveys, businesses can tap into the mindset of their primary audience.<\/li>\n\n\n\n<li><strong>Optymalizacja do\u015bwiadcze\u0144 zakupowych:<\/strong> Feedback from surveys can help mall operators and retailers pinpoint areas for improvement. The insights gained can drive enhancements that directly uplift the shopper&#8217;s experience.<\/li>\n\n\n\n<li><strong>Adaptacja do zmieniaj\u0105cych si\u0119 trend\u00f3w:<\/strong> The retail industry is dynamic. What&#8217;s trending today might become obsolete tomorrow. Mall <a href=\"https:\/\/www.sisinternational.com\/pl\/ekspertyza\/branze\/hotel-survey-market-research\/\" title=\"Badania rynku ankiet hotelowych\"  data-wpil-monitor-id=\"6259\">survey market research<\/a> can help identify emerging trends, allowing businesses to stay ahead of the curve and adapt in real time.<\/li>\n\n\n\n<li><strong>Ocena dzia\u0142a\u0144 marketingowych:<\/strong> Badania ankietowe pozwalaj\u0105 oceni\u0107 skuteczno\u015b\u0107 dzia\u0142a\u0144 marketingowych i promocyjnych, gwarantuj\u0105c, \u017ce inwestycje w te obszary przynios\u0105 znacz\u0105cy zwrot.<\/li>\n\n\n\n<li><strong>\u0141agodzenie ryzyka:<\/strong> Dzi\u0119ki zrozumieniu potencjalnych problem\u00f3w, obszar\u00f3w niezadowolenia lub nieefektywno\u015bci operacyjnej za pomoc\u0105 bada\u0144 rynku przeprowadzanych w centrach handlowych, centra handlowe mog\u0105 proaktywnie rozwi\u0105zywa\u0107 problemy, minimalizuj\u0105c w ten spos\u00f3b ryzyko zwi\u0105zane z niezadowoleniem klient\u00f3w lub stratami operacyjnymi.<\/li>\n\n\n\n<li><strong>Utrzymanie konkurencyjno\u015bci:<\/strong> Differentiation is key in the competitive retail landscape. Through mall survey market research, malls can identify unique value propositions, tailor offerings, and curate experiences that set them apart from competitors.<\/li>\n\n\n\n<li><strong>Budowanie lojalno\u015bci:<\/strong> Anga\u017cowanie si\u0119 w kontakty z konsumentami, docenianie ich opinii i dokonywanie widocznych zmian na podstawie ich danych wej\u015bciowych mo\u017ce sprzyja\u0107 poczuciu lojalno\u015bci. Kupuj\u0105cy ch\u0119tniej wracaj\u0105 do miejsc, w kt\u00f3rych czuj\u0105 si\u0119 wys\u0142uchani i docenieni.<\/li>\n<\/ul>\n\n\n\n<h2 class=\"wp-block-heading\">Mo\u017cliwo\u015bci w badaniu rynku ankiet w centrach handlowych<\/h2>\n\n\n\n<figure class=\"gb-block-image gb-block-image-22c8c582\"><img loading=\"lazy\" decoding=\"async\" width=\"1456\" height=\"816\" class=\"gb-image gb-image-22c8c582\" src=\"https:\/\/www.sisinternational.com\/wp-content\/uploads\/2025\/08\/Mall-survey-2.jpg\" alt=\"SIS Mi\u0119dzynarodowe badania rynku i strategia\" title=\"Mall survey (2)\" srcset=\"https:\/\/www.sisinternational.com\/wp-content\/uploads\/2025\/08\/Mall-survey-2.jpg 1456w, https:\/\/www.sisinternational.com\/wp-content\/uploads\/2025\/08\/Mall-survey-2-300x168.jpg 300w, https:\/\/www.sisinternational.com\/wp-content\/uploads\/2025\/08\/Mall-survey-2-1024x574.jpg 1024w, https:\/\/www.sisinternational.com\/wp-content\/uploads\/2025\/08\/Mall-survey-2-768x430.jpg 768w, https:\/\/www.sisinternational.com\/wp-content\/uploads\/2025\/08\/Mall-survey-2-18x10.jpg 18w\" sizes=\"auto, (max-width: 1456px) 100vw, 1456px\"><\/figure>\n\n\n\n<p><\/p>\n\n\n\n<p>Obszar bada\u0144 rynku ankietowych centr\u00f3w handlowych jest pe\u0142en mo\u017cliwo\u015bci. Wraz z transformacj\u0105 bran\u017cy detalicznej i ewolucj\u0105 roli fizycznych centr\u00f3w handlowych, ro\u015bnie potrzeba dog\u0142\u0119bnych spostrze\u017ce\u0144, aby porusza\u0107 si\u0119 po tym dynamicznym krajobrazie. Oto niekt\u00f3re z mo\u017cliwo\u015bci, z kt\u00f3rych mog\u0105 skorzysta\u0107 interesariusze:<\/p>\n\n\n\n<ul class=\"wp-block-list\">\n<li><strong>Integracja technologiczna:<\/strong> Dzi\u0119ki rozwojowi technologii dost\u0119pnych jest wiele narz\u0119dzi cyfrowych i platform, kt\u00f3re mo\u017cna w\u0142\u0105czy\u0107 do ankiet przeprowadzanych w centrach handlowych. Nale\u017c\u0105 do nich m.in. analizy oparte na sztucznej inteligencji, ankiety z wykorzystaniem rzeczywisto\u015bci rozszerzonej (AR), a nawet rzeczywisto\u015b\u0107 wirtualna (VR) pozwalaj\u0105ca odtwarza\u0107 i ocenia\u0107 potencjalne do\u015bwiadczenia w centrach handlowych.<\/li>\n\n\n\n<li><strong>Mechanizmy sprz\u0119\u017cenia zwrotnego w czasie rzeczywistym:<\/strong> Centra handlowe mog\u0105 wprowadzi\u0107 systemy informacji zwrotnej w czasie rzeczywistym, umo\u017cliwiaj\u0105c kupuj\u0105cym natychmiastowe dzielenie si\u0119 swoimi do\u015bwiadczeniami. Natychmiastowa informacja zwrotna mo\u017ce prowadzi\u0107 do szybkich dzia\u0142a\u0144 koryguj\u0105cych, poprawiaj\u0105c do\u015bwiadczenia kupuj\u0105cych.<\/li>\n\n\n\n<li><strong>Mo\u017cliwo\u015bci personalizacji:<\/strong> Analizuj\u0105c wyniki ankiet, centra handlowe mog\u0105 dostosowywa\u0107 ofert\u0119 do indywidualnych preferencji klient\u00f3w, oferuj\u0105c np. spersonalizowane promocje, zaproszenia na wydarzenia lub korzy\u015bci z program\u00f3w lojalno\u015bciowych.<\/li>\n\n\n\n<li><strong>Analiza zakup\u00f3w do\u015bwiadczalnych:<\/strong> Centra handlowe coraz bardziej koncentruj\u0105 si\u0119 na dostarczaniu do\u015bwiadcze\u0144 wykraczaj\u0105cych poza zakupy. Ankiety mog\u0105 ocenia\u0107 skuteczno\u015b\u0107 i atrakcyjno\u015b\u0107 tych do\u015bwiadcze\u0144, niezale\u017cnie od tego, czy s\u0105 to instalacje artystyczne, wydarzenia typu pop-up, warsztaty czy inne anga\u017cuj\u0105ce dzia\u0142ania.<\/li>\n\n\n\n<li><strong>Integracja online i offline:<\/strong> Zrozumienie, w jaki spos\u00f3b klienci przechodz\u0105 mi\u0119dzy zakupami online i offline, mo\u017ce okaza\u0107 si\u0119 kluczowe.<\/li>\n\n\n\n<li><strong>Mo\u017cliwo\u015bci wsp\u00f3\u0142pracy badawczej:<\/strong> Centra handlowe mog\u0105 wsp\u00f3\u0142pracowa\u0107 z markami, instytucjami badawczymi, a nawet uniwersytetami, aby prowadzi\u0107 wsp\u00f3lne badania. Taka wsp\u00f3\u0142praca mo\u017ce przynie\u015b\u0107 zr\u00f3\u017cnicowan\u0105 wiedz\u0119 specjalistyczn\u0105, prowadz\u0105c do bardziej dog\u0142\u0119bnych spostrze\u017ce\u0144.<\/li>\n<\/ul>\n\n\n\n<h2 class=\"wp-block-heading\">Wyzwania w badaniach rynku ankiet w centrach handlowych<\/h2>\n\n\n\n<figure class=\"gb-block-image gb-block-image-0dafc84c\"><img loading=\"lazy\" decoding=\"async\" width=\"1456\" height=\"816\" class=\"gb-image gb-image-0dafc84c\" src=\"https:\/\/www.sisinternational.com\/wp-content\/uploads\/2025\/08\/Mall-survey-1.jpg\" alt=\"SIS Mi\u0119dzynarodowe badania rynku i strategia\" title=\"Mall survey (1)\" srcset=\"https:\/\/www.sisinternational.com\/wp-content\/uploads\/2025\/08\/Mall-survey-1.jpg 1456w, https:\/\/www.sisinternational.com\/wp-content\/uploads\/2025\/08\/Mall-survey-1-300x168.jpg 300w, https:\/\/www.sisinternational.com\/wp-content\/uploads\/2025\/08\/Mall-survey-1-1024x574.jpg 1024w, https:\/\/www.sisinternational.com\/wp-content\/uploads\/2025\/08\/Mall-survey-1-768x430.jpg 768w, https:\/\/www.sisinternational.com\/wp-content\/uploads\/2025\/08\/Mall-survey-1-18x10.jpg 18w\" sizes=\"auto, (max-width: 1456px) 100vw, 1456px\"><\/figure>\n\n\n\n<p><\/p>\n\n\n\n<p>Wraz ze zmianami w krajobrazie handlu detalicznego i ewolucj\u0105 zachowa\u0144 konsument\u00f3w, badacze napotykaj\u0105 na wiele przeszk\u00f3d w przechwytywaniu i interpretowaniu potrzebnych im danych. Oto niekt\u00f3re z g\u0142\u00f3wnych wyzwa\u0144:<\/p>\n\n\n\n<ul class=\"wp-block-list\">\n<li><strong>Zr\u00f3\u017cnicowane dane demograficzne:<\/strong> Centra handlowe przyci\u0105gaj\u0105 szerok\u0105 gam\u0119 odwiedzaj\u0105cych, w r\u00f3\u017cnym wieku, o r\u00f3\u017cnym pochodzeniu kulturowym, klasach ekonomicznych i preferencjach zakupowych. Zaprojektowanie ankiety, kt\u00f3ra b\u0119dzie odpowiada\u0107 tak zr\u00f3\u017cnicowanej grupie demograficznej, mo\u017ce by\u0107 trudne.<\/li>\n\n\n\n<li><strong>Zmiana zachowa\u0144 konsument\u00f3w:<\/strong> Spos\u00f3b, w jaki konsumenci robi\u0105 zakupy i czego oczekuj\u0105 od fizycznych przestrzeni handlowych, nieustannie ewoluuje. Nad\u0105\u017canie za tymi zmianami i dbanie o to, aby ankiety by\u0142y aktualne, to nieustanne wyzwanie.<\/li>\n\n\n\n<li><strong>Zm\u0119czenie badaniem:<\/strong> Kupuj\u0105cy s\u0105 cz\u0119sto zalewani pro\u015bbami o opinie na r\u00f3\u017cnych platformach. Mo\u017ce to prowadzi\u0107 do zm\u0119czenia ankiet\u0105, w kt\u00f3rej respondenci albo nie decyduj\u0105 si\u0119 na udzia\u0142, albo udzielaj\u0105 pospiesznych i mniej przemy\u015blanych odpowiedzi.<\/li>\n\n\n\n<li><strong>Rozwa\u017cania etyczne:<\/strong> Ochrona prywatno\u015bci respondent\u00f3w, zapewnienie bezpiecze\u0144stwa danych i zarz\u0105dzanie \u015bwiadom\u0105 zgod\u0105 mog\u0105 stanowi\u0107 wyzwanie, szczeg\u00f3lnie w obliczu rygorystycznych przepis\u00f3w dotycz\u0105cych ochrony danych w wielu regionach.<\/li>\n\n\n\n<li><strong>Zmiany czasowe:<\/strong> Opinie konsument\u00f3w mog\u0105 si\u0119 r\u00f3\u017cni\u0107 w zale\u017cno\u015bci od pory roku, \u015bwi\u0105t, wydarze\u0144 promocyjnych, a nawet pory dnia. Uwzgl\u0119dnienie tych zmian w celu uzyskania dok\u0142adnych spostrze\u017ce\u0144 mo\u017ce by\u0107 trudne.<\/li>\n\n\n\n<li><strong>Interpretacja danych jako\u015bciowych:<\/strong> Podczas gdy dane ilo\u015bciowe umo\u017cliwiaj\u0105 bardziej bezpo\u015bredni\u0105 analiz\u0119, informacje jako\u015bciowe, takie jak odpowiedzi otwarte, mog\u0105 by\u0107 subiektywne i trudne do zinterpretowania i skategoryzowania.<\/li>\n<\/ul>\n\n\n\n<div style=\"height:100px\" aria-hidden=\"true\" class=\"wp-block-spacer\"><\/div>\n\n\n<div class=\"gb-container gb-container-497dace3\">\n\n<div class=\"wp-block-group is-nowrap is-layout-flex wp-container-core-group-is-layout-ad2f72ca wp-block-group-is-layout-flex\"><div class=\"gb-container gb-container-5aed01c2\">\n\n<h3 class=\"gb-headline gb-headline-da10e16b gb-headline-text\">Ready to explore the insights that drive smarter decisions?<\/h3>\n\n\n\n<p class=\"has-base-3-color has-text-color has-link-color wp-elements-6feca161098eb3009a944b0807219eaf\">Contact our Research experts today.<\/p>\n\n\n\n<a class=\"gb-button gb-button-422680e1 smooth-scroll\" href=\"https:\/\/www.sisinternational.com\/pl\/skontaktuj-sie-z-nami\/\" target=\"_blank\" rel=\"noopener noreferrer\" aria-label=\"Nasze pokrycie\"><span class=\"gb-button-text\">Skontaktuj si\u0119 z nami<\/span><span class=\"gb-icon\"><svg aria-hidden=\"true\" role=\"img\" height=\"1em\" width=\"1em\" viewbox=\"0 0 256 512\" xmlns=\"http:\/\/www.w3.org\/2000\/svg\"><path fill=\"currentColor\" d=\"M224.3 273l-136 136c-9.4 9.4-24.6 9.4-33.9 0l-22.6-22.6c-9.4-9.4-9.4-24.6 0-33.9l96.4-96.4-96.4-96.4c-9.4-9.4-9.4-24.6 0-33.9L54.3 103c9.4-9.4 24.6-9.4 33.9 0l136 136c9.5 9.4 9.5 24.6.1 34z\"><\/path><\/svg><\/span><\/a>\n\n\n\n<p class=\"gb-headline gb-headline-c446f412 gb-headline-text\"><\/p>\n\n<\/div><\/div>\n\n<\/div>\n\n\n<div style=\"height:100px\" aria-hidden=\"true\" class=\"wp-block-spacer\"><\/div>\n\n\n\n<h2 class=\"wp-block-heading\">Przysz\u0142o\u015b\u0107<\/h2>\n\n\n\n<p>Mall survey market research is influenced by evolving consumer behaviors, technological advancements, and global economic dynamics. Here&#8217;s a vision of what the future may hold for this type of <a href=\"https:\/\/www.sisinternational.com\/pl\/rozwiazania\/badania-rynku-i-doradztwo-strategiczne-w-zakresie-sztucznej-inteligencji\/computer-vision-ai-market-research\/\" title=\"Computer Vision AI Market Research\"  data-wpil-monitor-id=\"6909\">badania<\/a> in the near future:<\/p>\n\n\n\n<ul class=\"wp-block-list\">\n<li><strong>Integracja zaawansowanych technologii:<\/strong> AI i uczenie maszynowe (ML) zostan\u0105 wykorzystane do szybkiej analizy ogromnych zestaw\u00f3w danych, wyprowadzenia wzorc\u00f3w i przewidywania przysz\u0142ych zachowa\u0144 zakupowych. Ponadto AR i VR mog\u0105 by\u0107 wykorzystywane w ankietach w celu odtworzenia konkretnych scenariuszy zakupowych, zbierania reakcji lub oceny potencjalnych ulepsze\u0144 centr\u00f3w handlowych.<\/li>\n\n\n\n<li><strong>Analiza danych w czasie rzeczywistym:<\/strong> Wraz z w\u0142\u0105czaniem urz\u0105dze\u0144 IoT i inteligentnych technologii do centr\u00f3w handlowych, gromadzenie danych w czasie rzeczywistym i analiza stan\u0105 si\u0119 bardziej powszechne. Mo\u017ce to zapewni\u0107 natychmiastowy wgl\u0105d w ruchy, zachowania i preferencje kupuj\u0105cych.<\/li>\n\n\n\n<li><strong>Zbieranie opinii wielokana\u0142owych:<\/strong> Opr\u00f3cz bada\u0144 ankietowych przeprowadzanych bezpo\u015brednio w centrum handlowym, nast\u0105pi p\u0142ynna integracja mechanizm\u00f3w informacji zwrotnej online i offline, co pozwoli uzyska\u0107 bardziej ca\u0142o\u015bciowy obraz \u015bcie\u017cki zakupowej klienta, co znacznie u\u0142atwi badanie rynku centr\u00f3w handlowych.<\/li>\n\n\n\n<li><strong>Pomiary spersonalizowane:<\/strong> Dzi\u0119ki wykorzystaniu sztucznej inteligencji i analizy danych ankiety b\u0119d\u0105 bardziej spersonalizowane, a zadawane im pytania b\u0119d\u0105 kierowane do okre\u015blonych segment\u00f3w klient\u00f3w, co pozwoli na uzyskanie bardziej warto\u015bciowych informacji.<\/li>\n\n\n\n<li><strong>Inicjatywy badawcze oparte na wsp\u00f3\u0142pracy:<\/strong> Centra handlowe mog\u0105 \u015bci\u015ble wsp\u00f3\u0142pracowa\u0107 z markami, \u015brodowiskami akademickimi, a nawet urbanistami, aby uzyska\u0107 informacje, kt\u00f3re przynios\u0105 korzy\u015bci nie tylko ekosystemowi handlu detalicznego, ale i szerszej spo\u0142eczno\u015bci.<\/li>\n\n\n\n<li><strong>Pog\u0142\u0119bione badania demograficzne:<\/strong> Zrozumienie niuans\u00f3w r\u00f3\u017cnych grup demograficznych, od pokolenia Z do pokolenia wy\u017cu demograficznego, od mieszka\u0144c\u00f3w do turyst\u00f3w zagranicznych, b\u0119dzie kluczowe. Doprowadzi to do bardziej dog\u0142\u0119bnych, segmentowanych inicjatyw badawczych.<\/li>\n<\/ul>\n\n\n<h2>Lokalizacja naszego obiektu w Nowym Jorku<\/h2>\n<p><!-- \/wp:post-content --> <!-- wp:html --> <iframe loading=\"lazy\" src=\"https:\/\/www.google.com\/maps\/embed?pb=!1m18!1m12!1m3!1d3022.976188376966!2d-73.99130312499956!3d40.740549471389315!2m3!1f0!2f0!3f0!3m2!1i1024!2i768!4f13.1!3m3!1m2!1s0x89c259a15798c731%3A0xd695d09bdd495f25!2s11%20E%2022nd%20St%20FL%202%2C%20New%20York%2C%20NY%2010010%2C%20USA!5e0!3m2!1sen!2spe!4v1726171763526!5m2!1sen!2spe\" width=\"600\" height=\"450\" allowfullscreen=\"allowfullscreen\" data-mce-fragment=\"1\"><\/iframe> <!-- \/wp:html --> <!-- wp:paragraph --><\/p>\n<h3 class=\"wp-block-heading\">11 E 22nd Street, pi\u0119tro 2, Nowy Jork, NY 10010 T: +1(212) 505-6805<\/h3>\n<hr \/>\n<h2><span style=\"font-weight: 400;\">O firmie SIS International<\/span><\/h2>\n<p><a href=\"https:\/\/www.sisinternational.com\/pl\/\"><span style=\"font-weight: 400;\">SIS Mi\u0119dzynarodowy<\/span><\/a><span style=\"font-weight: 400;\"> oferuje badania ilo\u015bciowe, jako\u015bciowe i strategiczne. Dostarczamy dane, narz\u0119dzia, strategie, raporty i spostrze\u017cenia do podejmowania decyzji. Prowadzimy r\u00f3wnie\u017c wywiady, ankiety, grupy fokusowe i inne metody i podej\u015bcia do bada\u0144 rynku.<\/span><a href=\"https:\/\/www.sisinternational.com\/pl\/o-moich-miedzynarodowych-badaniach\/contact-sis-international-market-research\/\"><span style=\"font-weight: 400;\"> Skontaktuj si\u0119 z nami<\/span><\/a><span style=\"font-weight: 400;\"> dla Twojego kolejnego projektu badania rynku.<\/span><\/p>\n<h2>\u00a0<\/h2>","protected":false},"excerpt":{"rendered":"<p>Badania rynku centr\u00f3w handlowych odgrywaj\u0105 kluczow\u0105 rol\u0119 w zapewnieniu, \u017ce centra handlowe pozostan\u0105 istotne, dynamiczne i dochodowe.<\/p>","protected":false},"author":1,"featured_media":63378,"parent":14514,"menu_order":333,"comment_status":"closed","ping_status":"closed","template":"","meta":{"footnotes":""},"class_list":["post-43152","page","type-page","status-publish","has-post-thumbnail"],"_links":{"self":[{"href":"https:\/\/www.sisinternational.com\/pl\/wp-json\/wp\/v2\/pages\/43152","targetHints":{"allow":["GET"]}}],"collection":[{"href":"https:\/\/www.sisinternational.com\/pl\/wp-json\/wp\/v2\/pages"}],"about":[{"href":"https:\/\/www.sisinternational.com\/pl\/wp-json\/wp\/v2\/types\/page"}],"author":[{"embeddable":true,"href":"https:\/\/www.sisinternational.com\/pl\/wp-json\/wp\/v2\/users\/1"}],"replies":[{"embeddable":true,"href":"https:\/\/www.sisinternational.com\/pl\/wp-json\/wp\/v2\/comments?post=43152"}],"version-history":[{"count":9,"href":"https:\/\/www.sisinternational.com\/pl\/wp-json\/wp\/v2\/pages\/43152\/revisions"}],"predecessor-version":[{"id":80480,"href":"https:\/\/www.sisinternational.com\/pl\/wp-json\/wp\/v2\/pages\/43152\/revisions\/80480"}],"up":[{"embeddable":true,"href":"https:\/\/www.sisinternational.com\/pl\/wp-json\/wp\/v2\/pages\/14514"}],"wp:featuredmedia":[{"embeddable":true,"href":"https:\/\/www.sisinternational.com\/pl\/wp-json\/wp\/v2\/media\/63378"}],"wp:attachment":[{"href":"https:\/\/www.sisinternational.com\/pl\/wp-json\/wp\/v2\/media?parent=43152"}],"curies":[{"name":"wp","href":"https:\/\/api.w.org\/{rel}","templated":true}]}}