{"id":43137,"date":"2023-08-21T16:56:11","date_gmt":"2023-08-21T20:56:11","guid":{"rendered":"https:\/\/www.sisinternational.com\/?page_id=43137"},"modified":"2026-02-15T16:49:52","modified_gmt":"2026-02-15T21:49:52","slug":"badania-rynku-rebrandingu-hoteli","status":"publish","type":"page","link":"https:\/\/www.sisinternational.com\/pl\/ekspertyza\/badania-rynku-rebrandingu-hoteli\/","title":{"rendered":"Badania rynku rebrandingu hoteli"},"content":{"rendered":"<h1 class=\"wp-block-heading\">Badania rynku rebrandingu hoteli<\/h1>\n\n\n\n<figure class=\"gb-block-image gb-block-image-f1da408e\"><img loading=\"lazy\" decoding=\"async\" width=\"1456\" height=\"816\" class=\"gb-image gb-image-f1da408e\" src=\"https:\/\/www.sisinternational.com\/wp-content\/uploads\/2025\/08\/Hotel-furniture-11.jpg\" alt=\"SIS Mi\u0119dzynarodowe badania rynku i strategia\" title=\"Hotel furniture (11)\" srcset=\"https:\/\/www.sisinternational.com\/wp-content\/uploads\/2025\/08\/Hotel-furniture-11.jpg 1456w, https:\/\/www.sisinternational.com\/wp-content\/uploads\/2025\/08\/Hotel-furniture-11-300x168.jpg 300w, https:\/\/www.sisinternational.com\/wp-content\/uploads\/2025\/08\/Hotel-furniture-11-1024x574.jpg 1024w, https:\/\/www.sisinternational.com\/wp-content\/uploads\/2025\/08\/Hotel-furniture-11-768x430.jpg 768w, https:\/\/www.sisinternational.com\/wp-content\/uploads\/2025\/08\/Hotel-furniture-11-18x10.jpg 18w\" sizes=\"auto, (max-width: 1456px) 100vw, 1456px\"><\/figure>\n\n\n\n<p><\/p>\n\n\n\n<hr class=\"wp-block-separator has-alpha-channel-opacity is-style-dots\"\/>\n\n\n\n<p>Rebranding hotelu to co\u015b wi\u0119cej ni\u017c przeprojektowane logo; to strategiczna transformacja, kt\u00f3ra ma na celu uczynienie marki bardziej konkurencyjn\u0105 i atrakcyjn\u0105 dla jej konsument\u00f3w. To w\u0142a\u015bnie tutaj pojawia si\u0119 krytyczna rola bada\u0144 rynku rebrandingu hoteli.<\/p>\n\n\n\n<p>Badania rynku w zakresie zmiany wizerunku hoteli pomagaj\u0105 globalnym przedsi\u0119biorstwom unowocze\u015bni\u0107 mark\u0119 i dotrze\u0107 do nowej grupy odbiorc\u00f3w dzi\u0119ki zmianom, kt\u00f3re pozwalaj\u0105 im nad\u0105\u017ca\u0107 za zmianami na rynku.<\/p>\n\n\n\n<h2 class=\"wp-block-heading\">Dlaczego badania rynku dotycz\u0105ce rebrandingu hoteli s\u0105 tak wa\u017cne?<\/h2>\n\n\n\n<figure class=\"gb-block-image gb-block-image-ed76ab28\"><img loading=\"lazy\" decoding=\"async\" width=\"1456\" height=\"816\" class=\"gb-image gb-image-ed76ab28\" src=\"https:\/\/www.sisinternational.com\/wp-content\/uploads\/2025\/08\/hotel-24.jpg\" alt=\"SIS Mi\u0119dzynarodowe badania rynku i strategia\" title=\"hotel (24)\" srcset=\"https:\/\/www.sisinternational.com\/wp-content\/uploads\/2025\/08\/hotel-24.jpg 1456w, https:\/\/www.sisinternational.com\/wp-content\/uploads\/2025\/08\/hotel-24-300x168.jpg 300w, https:\/\/www.sisinternational.com\/wp-content\/uploads\/2025\/08\/hotel-24-1024x574.jpg 1024w, https:\/\/www.sisinternational.com\/wp-content\/uploads\/2025\/08\/hotel-24-768x430.jpg 768w, https:\/\/www.sisinternational.com\/wp-content\/uploads\/2025\/08\/hotel-24-18x10.jpg 18w\" sizes=\"auto, (max-width: 1456px) 100vw, 1456px\"><\/figure>\n\n\n\n<p><\/p>\n\n\n\n<p>Rebranding hotelu to strategiczna transformacja maj\u0105ca na celu dostosowanie to\u017csamo\u015bci hotelu do obecnej dynamiki rynku, przysz\u0142ych aspiracji i zmieniaj\u0105cych si\u0119 oczekiwa\u0144 go\u015bci.<\/p>\n\n\n\n<p>However, beneath this transformation lies several considerations, risks, and opportunities, each of which holds the power to shape the trajectory and outcome of the rebranding endeavor. This is where hotel <a class=\"wpil_keyword_link\" href=\"https:\/\/www.sisinternational.com\/pl\/rozwiazania\/rozwiazania-w-zakresie-brandingu-i-badan-klientow\/rebranding-badania-rynku\/\" title=\"Rebranding bada\u0144 rynkowych\" data-wpil-keyword-link=\"linked\" data-wpil-monitor-id=\"336\">rebranding badania rynku<\/a> becomes an irreplaceable resource to take into account before making any modifications to the brand.<\/p>\n\n\n\n<p>Some of the elements that make hotel <a href=\"https:\/\/www.sisinternational.com\/pl\/ekspertyza\/branze\/motorcycle-rebrand-market-research\/\" title=\"Badania rynku rebrandingu motocykli\" data-wpil-monitor-id=\"4700\">rebranding badania rynku<\/a> an indispensable tool include:<\/p>\n\n\n\n<ul class=\"wp-block-list\">\n<li><strong>Zmieniaj\u0105ca si\u0119 demografia:<\/strong> As the generational composition of travelers changes, so do their preferences, values, and expectations. <a href=\"https:\/\/www.sisinternational.com\/pl\/ekspertyza\/branze\/hotel-furniture-market-research\/\" title=\"Badania rynku mebli hotelowych\" data-wpil-monitor-id=\"7202\">Hotel rebranding market research<\/a> provides valuable perspectives into these evolving dynamics, ensuring that rebranding resonates with both existing and emerging customer segments.<\/li>\n\n\n\n<li><strong>P\u0119tla sprz\u0119\u017cenia zwrotnego:<\/strong> Poprzedni go\u015bcie dostarczaj\u0105 cennych informacji zwrotnych na temat tego, co im si\u0119 podoba\u0142o, a czego im brakowa\u0142o w ich do\u015bwiadczeniach hotelowych. Ta informacja zwrotna staje si\u0119 podstaw\u0105, na kt\u00f3rej formu\u0142owane s\u0105 strategie rebrandingu w badaniach rynku.<\/li>\n\n\n\n<li><strong>Pozycjonowanie:<\/strong> Understanding where the hotel currently stands in the market compared to competitors is crucial. <a href=\"https:\/\/www.sisinternational.com\/pl\/rozwiazania\/podroze-turystyka-hotelarstwo-doradztwo\/boutique-hotel-rebranding\/\" title=\"Rebranding hotelu butikowego\" data-wpil-monitor-id=\"2904\">hotel<\/a> rebranding market research can also spotlight areas where competitors are underperforming, providing an opportunity for the hotel to fill those gaps through its rebranding efforts.<\/li>\n\n\n\n<li><strong>Podejmowanie \u015bwiadomych decyzji:<\/strong> Rather than relying on intuition, decisions backed by concrete data minimize risks of missteps or oversights during the rebranding process. <\/li>\n\n\n\n<li><strong>Priorytetyzacja:<\/strong> Badania rynku rebrandingu hoteli pomagaj\u0105 w ustaleniu jasnych priorytet\u00f3w, zapewniaj\u0105c, \u017ce najbardziej wp\u0142ywowe elementy procesu rebrandingu zostan\u0105 zaj\u0119te w pierwszej kolejno\u015bci. Zrozumienie, kt\u00f3re aspekty marki wymagaj\u0105 gruntownego remontu, a kt\u00f3re drobnych poprawek, zapewnia optymalne przydzielenie zasob\u00f3w.<\/li>\n\n\n\n<li><strong>Konsystencja:<\/strong> Comprehensive hotel rebranding market research ensures that all elements of the rebranding, from visual elements to guest experiences, convey a consistent and cohesive brand message.<\/li>\n<\/ul>\n\n\n\n<p><\/p>","protected":false},"excerpt":{"rendered":"<p>Hotel rebranding is a Strategic transformation that aligns a hotel&#8217;s identity with market dynamics, aspirations, and guest expectations.<\/p>","protected":false},"author":1,"featured_media":63584,"parent":14514,"menu_order":330,"comment_status":"closed","ping_status":"closed","template":"","meta":{"footnotes":""},"class_list":["post-43137","page","type-page","status-publish","has-post-thumbnail"],"_links":{"self":[{"href":"https:\/\/www.sisinternational.com\/pl\/wp-json\/wp\/v2\/pages\/43137","targetHints":{"allow":["GET"]}}],"collection":[{"href":"https:\/\/www.sisinternational.com\/pl\/wp-json\/wp\/v2\/pages"}],"about":[{"href":"https:\/\/www.sisinternational.com\/pl\/wp-json\/wp\/v2\/types\/page"}],"author":[{"embeddable":true,"href":"https:\/\/www.sisinternational.com\/pl\/wp-json\/wp\/v2\/users\/1"}],"replies":[{"embeddable":true,"href":"https:\/\/www.sisinternational.com\/pl\/wp-json\/wp\/v2\/comments?post=43137"}],"version-history":[{"count":10,"href":"https:\/\/www.sisinternational.com\/pl\/wp-json\/wp\/v2\/pages\/43137\/revisions"}],"predecessor-version":[{"id":82701,"href":"https:\/\/www.sisinternational.com\/pl\/wp-json\/wp\/v2\/pages\/43137\/revisions\/82701"}],"up":[{"embeddable":true,"href":"https:\/\/www.sisinternational.com\/pl\/wp-json\/wp\/v2\/pages\/14514"}],"wp:featuredmedia":[{"embeddable":true,"href":"https:\/\/www.sisinternational.com\/pl\/wp-json\/wp\/v2\/media\/63584"}],"wp:attachment":[{"href":"https:\/\/www.sisinternational.com\/pl\/wp-json\/wp\/v2\/media?parent=43137"}],"curies":[{"name":"wp","href":"https:\/\/api.w.org\/{rel}","templated":true}]}}