{"id":43035,"date":"2023-08-10T18:53:29","date_gmt":"2023-08-10T22:53:29","guid":{"rendered":"https:\/\/www.sisinternational.com\/?page_id=43035"},"modified":"2026-01-27T16:38:50","modified_gmt":"2026-01-27T21:38:50","slug":"czym-jest-doradztwo-strategiczne","status":"publish","type":"page","link":"https:\/\/www.sisinternational.com\/pl\/rozwiazania\/doradztwo-strategiczne\/czym-jest-doradztwo-strategiczne\/","title":{"rendered":"Czym jest doradztwo strategiczne?"},"content":{"rendered":"<h1 class=\"wp-block-heading\">Czym jest doradztwo strategiczne?<\/h1>\n\n\n\n<figure class=\"gb-block-image gb-block-image-0f87a777\"><img loading=\"lazy\" decoding=\"async\" width=\"1456\" height=\"816\" class=\"gb-image gb-image-0f87a777\" src=\"https:\/\/www.sisinternational.com\/wp-content\/uploads\/2025\/10\/Strategy-consulting-1.jpg\" alt=\"SIS Mi\u0119dzynarodowe badania rynku i strategia\" title=\"Strategy consulting (1)\" srcset=\"https:\/\/www.sisinternational.com\/wp-content\/uploads\/2025\/10\/Strategy-consulting-1.jpg 1456w, https:\/\/www.sisinternational.com\/wp-content\/uploads\/2025\/10\/Strategy-consulting-1-300x168.jpg 300w, https:\/\/www.sisinternational.com\/wp-content\/uploads\/2025\/10\/Strategy-consulting-1-1024x574.jpg 1024w, https:\/\/www.sisinternational.com\/wp-content\/uploads\/2025\/10\/Strategy-consulting-1-768x430.jpg 768w, https:\/\/www.sisinternational.com\/wp-content\/uploads\/2025\/10\/Strategy-consulting-1-18x10.jpg 18w\" sizes=\"auto, (max-width: 1456px) 100vw, 1456px\"><\/figure>\n\n\n\n<p><\/p>\n\n\n\n<p>Doradztwo strategiczne pomaga organizacjom projektowa\u0107 i wdra\u017ca\u0107 solidne strategie, kt\u00f3re usprawniaj\u0105 dzia\u0142alno\u015b\u0107, zwi\u0119kszaj\u0105 wydajno\u015b\u0107 i pozwalaj\u0105 osi\u0105gn\u0105\u0107 cele biznesowe.<\/p>\n\n\n\n<p>Wyr\u00f3\u017cnia si\u0119 w bran\u017cy konsultingowej ze wzgl\u0119du na szczeg\u00f3lne ukierunkowanie na pomoc firmom w podejmowaniu decyzji na wysokim szczeblu, kt\u00f3re definiuj\u0105 ich trajektori\u0119 rynkow\u0105 i pomagaj\u0105 im pokona\u0107 wszelkie wyzwania, z kt\u00f3rymi mog\u0105 si\u0119 zmierzy\u0107 w trakcie rozwoju, zw\u0142aszcza w czasach recesji gospodarczej i niestabilno\u015bci rynk\u00f3w.<\/p>\n\n\n\n<h2 class=\"wp-block-heading\">Zrozumienie strategii konsultingowej<\/h2>\n\n\n\n<p>Doradztwo strategiczne to profesjonalna us\u0142uga wspomagaj\u0105ca organizacje w podejmowaniu strategicznych decyzji na wysokim szczeblu.<\/p>\n\n\n\n<p>These decisions often involve defining the company&#8217;s direction, identifying potential growth opportunities, understanding market dynamics, and aligning business operations with strategic goals. In corporate strategy, for instance, <a href=\"https:\/\/www.sisinternational.com\/pl\/ekspertyza\/branze\/franchise-market-research-consulting-company\/\" title=\"Firma badawczo-konsultingowa rynku franczyzowego\"  data-wpil-monitor-id=\"9793\">consultants might help a company<\/a> determine which markets to enter or how to allocate resources effectively. In digital strategy, they might guide a firm on how to leverage technology for growth or optimize its digital presence.<\/p>\n\n\n\n<p>To, co odr\u00f3\u017cnia doradztwo strategiczne od innych form doradztwa, to skupienie si\u0119 na d\u0142ugoterminowym planowaniu na wysokim szczeblu. Zamiast zajmowa\u0107 si\u0119 konkretnymi problemami funkcjonalnymi lub natychmiastowymi wyzwaniami, konsultanci strategiczni koncentruj\u0105 si\u0119 na szerszym obrazie, opracowuj\u0105c strategie, kt\u00f3re mog\u0105 kszta\u0142towa\u0107 przysz\u0142o\u015b\u0107 firmy.<\/p>\n\n\n\n<h2 class=\"wp-block-heading\">Kluczowa rola konsultanta strategicznego<\/h2>\n\n\n\n<p>A <a href=\"https:\/\/www.sisinternational.com\/pl\/rozwiazania\/doradztwo-strategiczne-fintech-badania\/business-interruption-insurance-market-research-strategy-consulting\/\" title=\"Badania rynku ubezpiecze\u0144 na wypadek przerwy w dzia\u0142alno\u015bci i doradztwo strategiczne\"  data-wpil-monitor-id=\"9788\">strategy consultant<\/a> assists organizations in analyzing their business models, identifying areas for improvement, and formulating strategies that align with their objectives and market dynamics.<\/p>\n\n\n\n<p>Przeprowadzaj\u0105 dog\u0142\u0119bne analizy r\u00f3\u017cnych czynnik\u00f3w, takich jak bie\u017c\u0105ce strategie firmy, pozycja rynkowa, konkurencja i trendy bran\u017cowe. Wi\u0105\u017ce si\u0119 to ze zbieraniem i analizowaniem danych, przeprowadzaniem wywiad\u00f3w z personelem firmy \u2013 i ewentualnym anga\u017cowaniem klient\u00f3w lub dostawc\u00f3w.<\/p>\n\n\n\n<p>Once they have a comprehensive understanding of the client&#8217;s business, <a href=\"https:\/\/www.sisinternational.com\/pl\/rozwiazania\/doradztwo-strategiczne\/scenario-planning\/\" title=\"Doradztwo strategiczne w zakresie planowania scenariuszy\"  data-wpil-monitor-id=\"7096\">strategy consultants formulate strategic plans<\/a> designed to achieve specific goals, such as market penetration, cost reduction, revenue growth, or digital transformation.<\/p>\n\n\n\n<h2 class=\"wp-block-heading\">Umiej\u0119tno\u015bci konsultanta strategicznego<\/h2>\n\n\n\n<figure class=\"gb-block-image gb-block-image-1b02ca92\"><img loading=\"lazy\" decoding=\"async\" width=\"1456\" height=\"816\" class=\"gb-image gb-image-1b02ca92\" src=\"https:\/\/www.sisinternational.com\/wp-content\/uploads\/2025\/08\/Strategy-consulting-6.jpg\" alt=\"SIS Mi\u0119dzynarodowe badania rynku i strategia\" title=\"Strategy consulting (6)\" srcset=\"https:\/\/www.sisinternational.com\/wp-content\/uploads\/2025\/08\/Strategy-consulting-6.jpg 1456w, https:\/\/www.sisinternational.com\/wp-content\/uploads\/2025\/08\/Strategy-consulting-6-300x168.jpg 300w, https:\/\/www.sisinternational.com\/wp-content\/uploads\/2025\/08\/Strategy-consulting-6-1024x574.jpg 1024w, https:\/\/www.sisinternational.com\/wp-content\/uploads\/2025\/08\/Strategy-consulting-6-768x430.jpg 768w, https:\/\/www.sisinternational.com\/wp-content\/uploads\/2025\/08\/Strategy-consulting-6-18x10.jpg 18w\" sizes=\"auto, (max-width: 1456px) 100vw, 1456px\"><\/figure>\n\n\n\n<p><\/p>\n\n\n\n<p>Dobry konsultant strategiczny powinien dysponowa\u0107 solidnymi umiej\u0119tno\u015bciami, m.in. my\u015bleniem analitycznym, rozwi\u0105zywaniem problem\u00f3w, doskona\u0142\u0105 komunikacj\u0105 oraz g\u0142\u0119bokim zrozumieniem dynamiki biznesu i rynku.<\/p>\n\n\n\n<p>Do najwa\u017cniejszych umiej\u0119tno\u015bci konsultanta strategicznego nale\u017c\u0105:<\/p>\n\n\n\n<ul class=\"wp-block-list\">\n<li><strong>Zarz\u0105dzanie interesariuszami:<\/strong> Zdolno\u015b\u0107 do nawi\u0105zywania i zarz\u0105dzania relacjami na r\u00f3\u017cnych szczeblach organizacji, od kadry kierowniczej wy\u017cszego szczebla po zespo\u0142y operacyjne.<\/li>\n\n\n\n<li><strong>Zarz\u0105dzanie projektami:<\/strong> Koordynuj r\u00f3\u017cne aspekty projektu strategicznego, dbaj\u0105c o dotrzymanie termin\u00f3w i efektywne wykorzystanie zasob\u00f3w.<\/li>\n\n\n\n<li><strong>Umiej\u0119tno\u015bci interpersonalne:<\/strong> Umiej\u0119tno\u015b\u0107 pracy w zr\u00f3\u017cnicowanych zespo\u0142ach, rozumienia r\u00f3\u017cnych perspektyw i motywowania cz\u0142onk\u00f3w zespo\u0142u.<\/li>\n\n\n\n<li><strong>Adaptowalno\u015b\u0107 i elastyczno\u015b\u0107:<\/strong> Bior\u0105c pod uwag\u0119 szybko\u015b\u0107 i dynamik\u0119 dzia\u0142alno\u015bci gospodarczej, kluczowa jest umiej\u0119tno\u015b\u0107 dostosowywania si\u0119 do zmieniaj\u0105cych si\u0119 warunk\u00f3w i odpowiedniego modyfikowania strategii.<\/li>\n\n\n\n<li><strong>Os\u0105d etyczny i uczciwo\u015b\u0107:<\/strong> Oferuj obiektywne rekomendacje, kt\u00f3re s\u0105 zgodne zar\u00f3wno z celami klienta, jak i jego wzgl\u0119dami etycznymi.<\/li>\n\n\n\n<li><strong>Wiedza finansowa:<\/strong> Zrozum sprawozdania finansowe, wykonuj modele finansowe i interpretuj wska\u017aniki finansowe, aby podejmowa\u0107 strategiczne decyzje.<\/li>\n\n\n\n<li><strong>Umiej\u0119tno\u015bci technologiczne:<\/strong> Znajomo\u015b\u0107 najnowszych narz\u0119dzi analitycznych, oprogramowania i platform wspomagaj\u0105cych gromadzenie, analiz\u0119 i prezentacj\u0119 danych.<\/li>\n\n\n\n<li><strong>Ci\u0105g\u0142a nauka:<\/strong> B\u0105d\u017a na bie\u017c\u0105co z najnowszymi trendami w bran\u017cy, zmianami na rynku i nowymi technologiami, aby m\u00f3c udziela\u0107 \u015bwiadomych rekomendacji.<\/li>\n\n\n\n<li><strong>Umiej\u0119tno\u015bci negocjacyjne:<\/strong> Umiej\u0119tno\u015b\u0107 rozwi\u0105zywania nieporozumie\u0144 i konflikt\u00f3w oraz osi\u0105gania rozwi\u0105za\u0144 korzystnych dla obu stron.<\/li>\n\n\n\n<li><strong>Kreatywno\u015b\u0107 i innowacyjno\u015b\u0107:<\/strong> Opr\u00f3cz analizy danych i istniej\u0105cych proces\u00f3w konsultanci ds. strategii cz\u0119sto musz\u0105 my\u015ble\u0107 nieszablonowo, aby identyfikowa\u0107 nowe rozwi\u0105zania lub \u015bcie\u017cki rozwoju.<\/li>\n\n\n\n<li><strong>\u015awiadomo\u015b\u0107 kulturowa:<\/strong> Dla konsultant\u00f3w pracuj\u0105cych z klientami mi\u0119dzynarodowymi lub w zr\u00f3\u017cnicowanym \u015brodowisku zrozumienie niuans\u00f3w kulturowych i wra\u017cliwo\u015bci mo\u017ce mie\u0107 kluczowe znaczenie.<\/li>\n<\/ul>\n\n\n\n<h2 class=\"wp-block-heading\">Korzy\u015bci z doradztwa strategicznego<\/h2>\n\n\n\n<p>Jedn\u0105 z najcenniejszych zalet doradztwa strategicznego jest mo\u017cliwo\u015b\u0107 podejmowania \u015bwiadomych decyzji strategicznych, ukierunkowanych na d\u0142ugoterminowy sukces organizacji i generowanie znacznego zwrotu z inwestycji.<\/p>\n\n\n\n<ul class=\"wp-block-list\">\n<li>Doradztwo strategiczne dostarcza spostrze\u017ce\u0144, kt\u00f3re mog\u0142yby zosta\u0107 pomini\u0119te wewn\u0119trznie z powodu stronniczo\u015bci operacyjnej lub braku zasob\u00f3w.<\/li>\n\n\n\n<li>Another benefit is the potential for improved business performance. By identifying gaps in current strategies and proposing optimal solutions, <a href=\"https:\/\/www.sisinternational.com\/pl\/zasieg\/ameryka\/badania-rynku-na-karaibach\/karaibska-firma-konsultingowa-w-zakresie-strategii\/\" title=\"Firma konsultingowa Caribbean Strategy\"  data-wpil-monitor-id=\"9779\">strategy consultants can help companies<\/a> enhance their operations, increase efficiency, and boost profitability. For instance, a well-devised <a href=\"https:\/\/www.sisinternational.com\/pl\/ekspertyza\/branze\/digital-identity-market-research-strategy-consulting\/\" title=\"Badania rynku to\u017csamo\u015bci cyfrowej i doradztwo strategiczne\"  data-wpil-monitor-id=\"9791\">digital strategy<\/a> could lead to more effective online marketing, resulting in increased sales and customer engagement.<\/li>\n\n\n\n<li>Doradztwo strategiczne mo\u017ce r\u00f3wnie\u017c sprzyja\u0107 innowacjom. Wnosz\u0105c \u015bwie\u017ce perspektywy i stosuj\u0105c swoj\u0105 szerok\u0105 wiedz\u0119 na temat r\u00f3\u017cnych bran\u017c i rynk\u00f3w, konsultanci mog\u0105 stymulowa\u0107 innowacyjne my\u015blenie, prowadz\u0105ce do nowych produkt\u00f3w, us\u0142ug lub modeli biznesowych.<\/li>\n\n\n\n<li>Mo\u017ce pom\u00f3c w zarz\u0105dzaniu zmian\u0105. Niezale\u017cnie od tego, czy firma przechodzi fuzj\u0119, przej\u0119cie lub znacz\u0105c\u0105 zmian\u0119 w swoim modelu biznesowym, konsultanci mog\u0105 udzieli\u0107 wskaz\u00f3wek, jak p\u0142ynnie i skutecznie porusza\u0107 si\u0119 po tych zmianach.<\/li>\n<\/ul>\n\n\n\n<h2 class=\"wp-block-heading\">Wyzwania w doradztwie strategicznym<\/h2>\n\n\n\n<figure class=\"gb-block-image gb-block-image-9c0b4665\"><img loading=\"lazy\" decoding=\"async\" width=\"1456\" height=\"816\" class=\"gb-image gb-image-9c0b4665\" src=\"https:\/\/www.sisinternational.com\/wp-content\/uploads\/2025\/08\/Strategy-consulting-31.jpg\" alt=\"SIS Mi\u0119dzynarodowe badania rynku i strategia\" title=\"Strategy consulting (31)\" srcset=\"https:\/\/www.sisinternational.com\/wp-content\/uploads\/2025\/08\/Strategy-consulting-31.jpg 1456w, https:\/\/www.sisinternational.com\/wp-content\/uploads\/2025\/08\/Strategy-consulting-31-300x168.jpg 300w, https:\/\/www.sisinternational.com\/wp-content\/uploads\/2025\/08\/Strategy-consulting-31-1024x574.jpg 1024w, https:\/\/www.sisinternational.com\/wp-content\/uploads\/2025\/08\/Strategy-consulting-31-768x430.jpg 768w, https:\/\/www.sisinternational.com\/wp-content\/uploads\/2025\/08\/Strategy-consulting-31-18x10.jpg 18w\" sizes=\"auto, (max-width: 1456px) 100vw, 1456px\"><\/figure>\n\n\n\n<ul class=\"wp-block-list\">\n<li>Wdra\u017canie plan\u00f3w strategicznych. Nawet najbardziej przemy\u015blane strategie mog\u0105 zawie\u015b\u0107, je\u015bli nie zostan\u0105 odpowiednio wykonane. Mo\u017ce to by\u0107 spowodowane r\u00f3\u017cnymi czynnikami, takimi jak brak akceptacji kluczowych interesariuszy, niewystarczaj\u0105ce zasoby lub nieprzewidziane zmiany rynkowe.<\/li>\n\n\n\n<li>Kolejnym wyzwaniem jest <a href=\"https:\/\/www.sisinternational.com\/pl\/rozwiazania\/doradztwo-strategiczne-fintech-badania\/financial-service-change-management-market-research-strategy-consulting\/\" title=\"Zarz\u0105dzanie zmian\u0105 w us\u0142ugach finansowych Badania rynku i doradztwo strategiczne\"  data-wpil-monitor-id=\"9781\">managing the complexity of strategy consulting<\/a>. Formulating strategic plans often requires dealing with a high degree of uncertainty and making decisions based on incomplete information. Furthermore, consultants must consider a wide range of factors and potential scenarios, making the task complex and demanding.<\/li>\n\n\n\n<li>Zachowanie obiektywizmu mo\u017ce r\u00f3wnie\u017c stanowi\u0107 wyzwanie. Podczas gdy konsultanci ds. strategii s\u0105 zewn\u0119trzni w stosunku do organizacji i idealnie bezstronni, mog\u0105 by\u0107 pod wp\u0142ywem swoich wcze\u015bniejszych do\u015bwiadcze\u0144 lub z g\u00f3ry przyj\u0119tych pogl\u0105d\u00f3w.<\/li>\n<\/ul>\n\n\n\n<h2 class=\"wp-block-heading\">Doradztwo strategiczne: aktualne trendy<\/h2>\n\n\n\n<p>\u015awiat doradztwa strategicznego nie jest statyczny i nieustannie ewoluuje w odpowiedzi na zmiany w otoczeniu biznesowym. Obecnie na kszta\u0142t tej dziedziny wp\u0142ywa kilka trend\u00f3w, takich jak:<\/p>\n\n\n\n<ul class=\"wp-block-list\">\n<li><strong>Transformacja cyfrowa:<\/strong> Businesses across industries are leveraging digital technologies to improve their operations, customer experiences, and competitive positioning. Strategy consultants are increasingly helping companies navigate their digital transformation journeys, advising on the use of <a href=\"https:\/\/www.sisinternational.com\/pl\/rozwiazania\/badania-rynku-i-doradztwo-strategiczne-w-zakresie-sztucznej-inteligencji\/technology-industry-automation-artificial-intelligence-consulting\/\" title=\"Technology Industry Automation and Artificial Intelligence Consulting\"  data-wpil-monitor-id=\"9783\">technologies such as artificial intelligence<\/a>, data analytics, cloud computing, and blockchain.<\/li>\n\n\n\n<li><strong>Doradztwo w zakresie zr\u00f3wnowa\u017conego rozwoju, \u015brodowiska, kwestii spo\u0142ecznych i \u0142adu korporacyjnego (ESG):<\/strong> As the importance of ESG factors gains recognition, companies are seeking strategic guidance on integrating sustainability into their business models. <a href=\"https:\/\/www.sisinternational.com\/pl\/corporate-sustainability-strategies-a-siemens-case-study\/\" title=\"Strategie zr\u00f3wnowa\u017conego rozwoju przedsi\u0119biorstw: studium przypadku firmy Siemens\"  data-wpil-monitor-id=\"7500\">Strategy consultants<\/a> are offering ESG consulting to help businesses improve their sustainability performance and capitalize on related opportunities.<\/li>\n\n\n\n<li><strong>Strategie oparte na danych:<\/strong> Pojawienie si\u0119 du\u017cych zbior\u00f3w danych i zaawansowanych narz\u0119dzi analitycznych umo\u017cliwi\u0142o firmom opieranie swoich strategii na dok\u0142adniejszych i bardziej szczeg\u00f3\u0142owych spostrze\u017ceniach. Konsultanci pomagaj\u0105 firmom wykorzystywa\u0107 te narz\u0119dzia do formu\u0142owania strategii opartych na danych, kt\u00f3re s\u0105 bardziej responsywne na dynamik\u0119 rynku.<\/li>\n\n\n\n<li><strong>Zwi\u0119kszona specjalizacja:<\/strong> Doradztwo strategiczne staje si\u0119 coraz bardziej wyspecjalizowane, a konsultanci oferuj\u0105 fachowe porady w niszowych obszarach, takich jak strategia cyfrowa, strategia \u0142a\u0144cucha dostaw lub strategie specyficzne dla danej bran\u017cy.<\/li>\n<\/ul>\n\n\n\n<h2 class=\"wp-block-heading\">Przysz\u0142o\u015b\u0107 doradztwa strategicznego<\/h2>\n\n\n\n<figure class=\"gb-block-image gb-block-image-7a0578b4\"><img loading=\"lazy\" decoding=\"async\" width=\"1456\" height=\"816\" class=\"gb-image gb-image-7a0578b4\" src=\"https:\/\/www.sisinternational.com\/wp-content\/uploads\/2025\/10\/AI-Strategy-Consulting-3.jpg\" alt=\"SIS Mi\u0119dzynarodowe badania rynku i strategia\" title=\"AI Strategy Consulting (3)\" srcset=\"https:\/\/www.sisinternational.com\/wp-content\/uploads\/2025\/10\/AI-Strategy-Consulting-3.jpg 1456w, https:\/\/www.sisinternational.com\/wp-content\/uploads\/2025\/10\/AI-Strategy-Consulting-3-300x168.jpg 300w, https:\/\/www.sisinternational.com\/wp-content\/uploads\/2025\/10\/AI-Strategy-Consulting-3-1024x574.jpg 1024w, https:\/\/www.sisinternational.com\/wp-content\/uploads\/2025\/10\/AI-Strategy-Consulting-3-768x430.jpg 768w, https:\/\/www.sisinternational.com\/wp-content\/uploads\/2025\/10\/AI-Strategy-Consulting-3-18x10.jpg 18w\" sizes=\"auto, (max-width: 1456px) 100vw, 1456px\"><\/figure>\n\n\n\n<p><\/p>\n\n\n\n<p>Przysz\u0142o\u015b\u0107 doradztwa strategicznego wygl\u0105da dynamicznie. Nowe trendy i post\u0119p technologiczny maj\u0105 kszta\u0142towa\u0107 t\u0119 dziedzin\u0119 na kilka sposob\u00f3w.<\/p>\n\n\n\n<p>One such trend is the increasing emphasis on digital transformation. As technology becomes more integrated into business operations, strategy consultants will play a critical role in guiding firms through digital strategy formulation and implementation. This could involve everything from advising on <a href=\"https:\/\/www.sisinternational.com\/pl\/rozwiazania\/doradztwo-strategiczne\/data-analytics\/\" title=\"Firma zajmuj\u0105ca si\u0119 analiz\u0105 danych\"  data-wpil-monitor-id=\"9786\">data analytics<\/a> for strategic decision-making to guiding companies on the use of AI or blockchain in their operations.<\/p>\n\n\n\n<p>Sustainability is another area that is likely to feature prominently in future strategy consulting. As businesses face growing pressure to reduce their environmental footprint, consultants will need to help them devise <a href=\"https:\/\/www.sisinternational.com\/pl\/best-practices-in-retail\/\" title=\"Najlepsze praktyki w handlu detalicznym\"  data-wpil-monitor-id=\"9776\">strategies<\/a> that not only improve their sustainability performance but also capitalize on the opportunities that green practices can offer.<\/p>\n\n\n\n<p>Rola danych w doradztwie strategicznym r\u00f3wnie\u017c ma wzrosn\u0105\u0107. Wraz ze wzrostem big data i zaawansowanej analityki konsultanci ds. strategii b\u0119d\u0105 coraz bardziej polega\u0107 na spostrze\u017ceniach opartych na danych, aby formu\u0142owa\u0107 swoje rekomendacje. B\u0119dzie to wymaga\u0142o od nich rozwini\u0119cia silnych umiej\u0119tno\u015bci analizy danych i g\u0142\u0119bokiego zrozumienia narz\u0119dzi analitycznych.<\/p>\n\n\n\n<p>Na koniec, w miar\u0119 jak gospodarka \u015bwiatowa staje si\u0119 coraz bardziej powi\u0105zana, doradztwo strategiczne b\u0119dzie musia\u0142o przyj\u0105\u0107 bardziej globaln\u0105 perspektyw\u0119. Oznacza to zrozumienie niuans\u00f3w r\u00f3\u017cnych rynk\u00f3w i pomoc firmom w poruszaniu si\u0119 po zawi\u0142o\u015bciach operacji mi\u0119dzynarodowych.<\/p>","protected":false},"excerpt":{"rendered":"<p>Doradztwo strategiczne pomaga organizacjom wdra\u017ca\u0107 strategie, kt\u00f3re usprawniaj\u0105 dzia\u0142alno\u015b\u0107, zwi\u0119kszaj\u0105 wydajno\u015b\u0107 i osi\u0105gaj\u0105 cele biznesowe.<\/p>","protected":false},"author":1,"featured_media":71983,"parent":14567,"menu_order":28,"comment_status":"closed","ping_status":"closed","template":"","meta":{"footnotes":""},"class_list":["post-43035","page","type-page","status-publish","has-post-thumbnail"],"_links":{"self":[{"href":"https:\/\/www.sisinternational.com\/pl\/wp-json\/wp\/v2\/pages\/43035","targetHints":{"allow":["GET"]}}],"collection":[{"href":"https:\/\/www.sisinternational.com\/pl\/wp-json\/wp\/v2\/pages"}],"about":[{"href":"https:\/\/www.sisinternational.com\/pl\/wp-json\/wp\/v2\/types\/page"}],"author":[{"embeddable":true,"href":"https:\/\/www.sisinternational.com\/pl\/wp-json\/wp\/v2\/users\/1"}],"replies":[{"embeddable":true,"href":"https:\/\/www.sisinternational.com\/pl\/wp-json\/wp\/v2\/comments?post=43035"}],"version-history":[{"count":6,"href":"https:\/\/www.sisinternational.com\/pl\/wp-json\/wp\/v2\/pages\/43035\/revisions"}],"predecessor-version":[{"id":81626,"href":"https:\/\/www.sisinternational.com\/pl\/wp-json\/wp\/v2\/pages\/43035\/revisions\/81626"}],"up":[{"embeddable":true,"href":"https:\/\/www.sisinternational.com\/pl\/wp-json\/wp\/v2\/pages\/14567"}],"wp:featuredmedia":[{"embeddable":true,"href":"https:\/\/www.sisinternational.com\/pl\/wp-json\/wp\/v2\/media\/71983"}],"wp:attachment":[{"href":"https:\/\/www.sisinternational.com\/pl\/wp-json\/wp\/v2\/media?parent=43035"}],"curies":[{"name":"wp","href":"https:\/\/api.w.org\/{rel}","templated":true}]}}