{"id":43014,"date":"2023-08-10T16:09:31","date_gmt":"2023-08-10T20:09:31","guid":{"rendered":"https:\/\/www.sisinternational.com\/?page_id=43014"},"modified":"2026-01-25T19:30:53","modified_gmt":"2026-01-26T00:30:53","slug":"badania-rynku-tallahassee-floryda","status":"publish","type":"page","link":"https:\/\/www.sisinternational.com\/pl\/zasieg\/north-america\/zasieg-usa\/badania-rynku-tallahassee-floryda\/","title":{"rendered":"Badania rynku w Tallahassee, Floryda"},"content":{"rendered":"<h1 class=\"wp-block-heading\">Badania rynku w Tallahassee, Floryda<\/h1>\n\n\n\n<figure class=\"gb-block-image gb-block-image-fc929c56\"><img loading=\"lazy\" decoding=\"async\" width=\"1456\" height=\"816\" class=\"gb-image gb-image-fc929c56\" src=\"https:\/\/www.sisinternational.com\/wp-content\/uploads\/2025\/09\/Tallahassee-Florida-3.jpg\" alt=\"SIS Mi\u0119dzynarodowe badania rynku i strategia\" title=\"Tallahassee, Florida (3)\" srcset=\"https:\/\/www.sisinternational.com\/wp-content\/uploads\/2025\/09\/Tallahassee-Florida-3.jpg 1456w, https:\/\/www.sisinternational.com\/wp-content\/uploads\/2025\/09\/Tallahassee-Florida-3-300x168.jpg 300w, https:\/\/www.sisinternational.com\/wp-content\/uploads\/2025\/09\/Tallahassee-Florida-3-1024x574.jpg 1024w, https:\/\/www.sisinternational.com\/wp-content\/uploads\/2025\/09\/Tallahassee-Florida-3-768x430.jpg 768w, https:\/\/www.sisinternational.com\/wp-content\/uploads\/2025\/09\/Tallahassee-Florida-3-18x10.jpg 18w\" sizes=\"auto, (max-width: 1456px) 100vw, 1456px\"><\/figure>\n\n\n\n<p><\/p>\n\n\n\n<hr class=\"wp-block-separator has-alpha-channel-opacity is-style-dots\"\/>\n\n\n\n<p>Tallahassee, stolica Florydy, oferuje z\u0142o\u017cone \u015brodowisko biznesowe, kt\u00f3re wymaga niuansowego zrozumienia. Dlatego te\u017c prowadzenie bada\u0144 rynkowych w Tallahassee obejmuje mieszank\u0119 tradycyjnych metodologii i innowacyjnych podej\u015b\u0107 dostosowanych do charakterystycznej struktury demograficznej, ekonomicznej i kulturowej regionu.<\/p>\n\n\n\n<p>W miar\u0119 jak przedsi\u0119biorstwa staraj\u0105 si\u0119 rozwija\u0107, rozszerza\u0107 dzia\u0142alno\u015b\u0107, a nawet wchodzi\u0107 na rynek w Tallahassee, konieczne staje si\u0119 zrozumienie zawi\u0142o\u015bci tamtejszych konsument\u00f3w, bran\u017c i krajobraz\u00f3w konkurencyjnych.<\/p>\n\n\n\n<p><\/p>\n\n\n\n<div class=\"wp-block-columns has-global-color-9-color has-text-color has-background has-link-color wp-elements-d4049a4b74a0782b113f049cc7e6be00 is-layout-flex wp-container-core-columns-is-layout-9d6595d7 wp-block-columns-is-layout-flex\" style=\"background-color:#f7f9fa6e\">\n<div class=\"wp-block-column is-layout-flow wp-block-column-is-layout-flow\" style=\"flex-basis:18%\"><\/div>\n\n\n\n<div class=\"wp-block-column is-vertically-aligned-center is-layout-flow wp-block-column-is-layout-flow\" style=\"flex-basis:71.28%\">\n<div class=\"wp-block-rank-math-toc-block aligncenter has-global-color-9-color has-text-color has-link-color wp-elements-f397d3e4e1139b2003f0900a83e9a1be\" style=\"font-size:16px\" id=\"rank-math-toc\"><h2><br><strong>T<\/strong>able of Contents<\/h2><nav><ul><li class=\"\"><a href=\"#tallahassee-economic-overview\">Przegl\u0105d ekonomiczny Tallahassee<\/a><\/li><li class=\"\"><a href=\"#the-role-of-market-research-in-tallahassee\">Rola bada\u0144 rynkowych w Tallahassee<\/a><\/li><li class=\"\"><a href=\"#market-research-in-tallahassee-current-trends\">Badania rynku w Tallahassee: aktualne trendy<\/a><\/li><li class=\"\"><a href=\"#prospects-of-market-research-in-tallahassee\">Perspektywy bada\u0144 rynku w Tallahassee<\/a><\/li><\/ul><\/nav><\/div>\n<\/div>\n<\/div>\n\n\n\n<p><\/p>\n\n\n\n<h2 class=\"wp-block-heading\" id=\"tallahassee-economic-overview\">Przegl\u0105d ekonomiczny Tallahassee<\/h2>\n\n\n\n<p>Tallahassee prezentuje t\u0119tni\u0105cy \u017cyciem krajobraz biznesowy, kt\u00f3ry charakteryzuje si\u0119 zr\u00f3\u017cnicowan\u0105 mieszank\u0105 bran\u017c. Kluczowe sektory nap\u0119dzaj\u0105ce gospodark\u0119 miasta to rz\u0105d, edukacja, opieka zdrowotna, handel, budownictwo i technologia.<\/p>\n\n\n\n<p>Sektor rz\u0105dowy, ze wzgl\u0119du na status Tallahassee jako stolicy stanu, wnosi znacz\u0105cy wk\u0142ad do lokalnej gospodarki. Miasto jest siedzib\u0105 kilku agencji stanowych i organ\u00f3w ustawodawczych, co sprawia, \u017ce administracja publiczna jest wa\u017cnym sektorem, w tym Florida Department of Education i Florida Department of Health.<\/p>\n\n\n\n<p><a href=\"https:\/\/www.sisinternational.com\/pl\/rise-in-education-sector-during-recession\/\" title=\"Rise in Education Sector during Recession\"  data-wpil-monitor-id=\"2003\">Education is another robust sector<\/a>, with Tallahassee hosting Florida State University, Florida A&amp;M University, and Tallahassee Community College. These institutions not only boost local employment but also contribute to the city&#8217;s educated workforce and innovation potential.<\/p>\n\n\n\n<p>Sektor opieki zdrowotnej, w kt\u00f3rym pracuj\u0105 tacy duzi pracodawcy jak Tallahassee Memorial Healthcare i Capital Regional Medical Center, r\u00f3wnie\u017c odgrywa znacz\u0105c\u0105 rol\u0119 w gospodarce miasta.<\/p>\n\n\n\n<p>W ostatnich latach Tallahassee odnotowa\u0142o r\u00f3wnie\u017c wzrost w sektorze technologii, z gwa\u0142townym wzrostem liczby startup\u00f3w technologicznych i centr\u00f3w innowacji. Obecno\u015b\u0107 National High Magnetic Field Laboratory i Innovation Park of Tallahassee podkre\u015bla zaanga\u017cowanie miasta w innowacje technologiczne.<\/p>\n\n\n\n<p>Bran\u017ca turystyczna Tallahassee to tak\u017ce silny sektor, kt\u00f3ry warto wzi\u0105\u0107 pod uwag\u0119 ze wzgl\u0119du na bogate zabytki historyczne, kulturowe i przyrodnicze. Do g\u0142\u00f3wnych atrakcji turystycznych nale\u017c\u0105 m.in. Kapitol Stanowy Florydy, Misja San Luis de Apalachee, Muzeum Tallahassee, Muzeum Historii Florydy, Park Stanowy Alfred B. Maclay Gardens, Muzeum Samochod\u00f3w Tallahassee.<\/p>\n\n\n\n<p>Bior\u0105c pod uwag\u0119 zr\u00f3\u017cnicowanie krajobrazu biznesowego, badania rynku w Tallahassee stanowi\u0105 dla przedsi\u0119biorstw kluczowe narz\u0119dzie pozwalaj\u0105ce im zorientowa\u0107 si\u0119 w lokalnej gospodarce, zrozumie\u0107 trendy bran\u017cowe i podejmowa\u0107 \u015bwiadome decyzje strategiczne, kt\u00f3re pomagaj\u0105 im umocni\u0107 swoj\u0105 obecno\u015b\u0107 w tym rozwijaj\u0105cym si\u0119 mie\u015bcie.<\/p>\n\n\n\n<h2 class=\"wp-block-heading\" id=\"the-role-of-market-research-in-tallahassee\">Rola bada\u0144 rynkowych w Tallahassee<\/h2>\n\n\n\n<figure class=\"gb-block-image gb-block-image-4c4a2284\"><img loading=\"lazy\" decoding=\"async\" width=\"1456\" height=\"816\" class=\"gb-image gb-image-4c4a2284\" src=\"https:\/\/www.sisinternational.com\/wp-content\/uploads\/2025\/09\/Tallahassee-Florida-4.jpg\" alt=\"Badania rynku w Tallahassee, Floryda\" title=\"Tallahassee, Florida (4)\" srcset=\"https:\/\/www.sisinternational.com\/wp-content\/uploads\/2025\/09\/Tallahassee-Florida-4.jpg 1456w, https:\/\/www.sisinternational.com\/wp-content\/uploads\/2025\/09\/Tallahassee-Florida-4-300x168.jpg 300w, https:\/\/www.sisinternational.com\/wp-content\/uploads\/2025\/09\/Tallahassee-Florida-4-1024x574.jpg 1024w, https:\/\/www.sisinternational.com\/wp-content\/uploads\/2025\/09\/Tallahassee-Florida-4-768x430.jpg 768w, https:\/\/www.sisinternational.com\/wp-content\/uploads\/2025\/09\/Tallahassee-Florida-4-18x10.jpg 18w\" sizes=\"auto, (max-width: 1456px) 100vw, 1456px\" \/><\/figure>\n\n\n\n<p><\/p>\n\n\n\n<p>Dostarczaj\u0105c dog\u0142\u0119bnej wiedzy na temat zachowa\u0144 konsument\u00f3w, trend\u00f3w rynkowych i dynamiki bran\u017cy, badania rynku w Tallahassee pomagaj\u0105 przedsi\u0119biorstwom podejmowa\u0107 decyzje w oparciu o dane i opracowywa\u0107 skuteczne strategie.<\/p>\n\n\n\n<p>Here are some of the <a href=\"https:\/\/www.sisinternational.com\/pl\/zasieg\/ameryka\/zasieg-usa\/key-west-florida-market-research\/\" title=\"Badania rynku Key West Florida\"  data-wpil-monitor-id=\"3996\">key ways market research<\/a> contributes to Tallahassee&#8217;s business landscape:<\/p>\n\n\n\n<ul class=\"wp-block-list\">\n<li><strong>Identyfikacja szans biznesowych:<\/strong> Badania rynku w Tallahassee pomagaj\u0105 zidentyfikowa\u0107 luki na rynku, pojawiaj\u0105ce si\u0119 potrzeby konsument\u00f3w i obszary potencjalnego wzrostu w bran\u017cach w mie\u015bcie. Informacje te mog\u0105 pom\u00f3c firmom w wprowadzaniu nowych produkt\u00f3w, wchodzeniu na nowe rynki lub udoskonalaniu ich oferty w Tallahassee.<\/li>\n\n\n\n<li><strong>Zrozumienie konkurencji:<\/strong> W konkurencyjnym \u015brodowisku biznesowym Tallahassee zrozumienie mocnych i s\u0142abych stron konkurent\u00f3w mo\u017ce da\u0107 firmom znaczn\u0105 przewag\u0119. Badania rynku dostarczaj\u0105 t\u0119 inteligencj\u0119 konkurencyjn\u0105, pozwalaj\u0105c firmom r\u00f3\u017cnicowa\u0107 swoje oferty i opracowywa\u0107 strategie konkurencyjne.<\/li>\n\n\n\n<li><strong>Wgl\u0105d w zachowania konsument\u00f3w:<\/strong> Zrozumienie preferencji konsument\u00f3w, zachowa\u0144 zakupowych i postaw jest kluczowe dla firm. Badania rynku w Tallahassee oferuj\u0105 te spostrze\u017cenia, umo\u017cliwiaj\u0105c firmom dostosowywanie swoich produkt\u00f3w, strategii marketingowych i obs\u0142ugi klienta do oczekiwa\u0144 konsument\u00f3w.<\/li>\n\n\n\n<li><strong>Ocena wynik\u00f3w biznesowych:<\/strong> Firmy mog\u0105 wykorzystywa\u0107 badania rynku do oceny swoich wynik\u00f3w, mierzenia wp\u0142ywu swoich strategii i oceny zadowolenia klient\u00f3w. Mo\u017ce to s\u0142u\u017cy\u0107 do wprowadzania ulepsze\u0144 biznesowych i dostosowa\u0144 strategii.<\/li>\n<\/ul>\n\n\n\n<p><\/p>\n\n\n\n<!DOCTYPE html>\n<html lang=\"en\">\n<head>\n    <meta charset=\"UTF-8\">\n    <meta name=\"viewport\" content=\"width=device-width, initial-scale=1.0\">\n    <title>Tallahassee, FL Market Data<\/title>\n    <style>\n        \/* Responsive Table & SIS International-inspired Styling\n          - Uses corporate blue and a clean, sans-serif font.\n          - Fully responsive design ensures no page distortion on any device.\n        *\/\n        \n        .sis-table-container {\n            font-family: -apple-system, BlinkMacSystemFont, \"Segoe UI\", Roboto, Helvetica, Arial, sans-serif;\n            margin: 2em 0;\n            width: 100%;\n            \/* Allows horizontal scroll on small screens to prevent page distortion *\/\n            overflow-x: auto;\n            -webkit-overflow-scrolling: touch; \/* Smooth scrolling on iOS *\/\n        }\n\n        .sis-table-container h3 {\n            font-size: 1.5rem; \/* 24px *\/\n            font-weight: 600;\n            color: #333;\n            margin-bottom: 0.75em;\n            padding: 0;\n        }\n\n        .sis-table {\n            width: 100%;\n            border-collapse: collapse;\n            min-width: 550px; \/* Ensures table structure holds, container scrolls if needed *\/\n        }\n\n        .sis-table th,\n        .sis-table td {\n            padding: 12px 15px;\n            text-align: left;\n            line-height: 1.5;\n        }\n\n        \/* Header Styling *\/\n        .sis-table thead th {\n            background-color: #005cbf; \/* SIS corporate blue *\/\n            color: #ffffff;\n            font-weight: 600;\n            font-size: 0.9rem; \n            text-transform: uppercase;\n            letter-spacing: 0.5px;\n        }\n\n        \/* Body Styling *\/\n        .sis-table tbody tr {\n            border-bottom: 1px solid #ddd;\n        }\n\n        .sis-table tbody tr:nth-of-type(even) {\n            background-color: #f8f8f8; \/* Light gray alternate rows *\/\n        }\n\n        .sis-table tbody tr:last-of-type {\n            border-bottom: 2px solid #005cbf; \/* Match header blue *\/\n        }\n\n        .sis-table td {\n            color: #444;\n            font-size: 0.95rem; \n            vertical-align: top;\n        }\n        \n        \/* Align data cells *\/\n        .sis-table td:nth-child(2) {\n            text-align: right;\n            white-space: nowrap; \/* Prevents long numbers from wrapping *\/\n        }\n         .sis-table th:nth-child(2) {\n            text-align: right;\n        }\n\n        .sis-table-container .source-caption {\n            margin-top: 10px;\n            font-size: 0.85rem; \n            color: #555;\n            font-style: italic;\n        }\n\n        .sis-table-container .source-caption a {\n            color: #005cbf; \/* Match brand blue *\/\n            text-decoration: none;\n        }\n\n        .sis-table-container .source-caption a:hover {\n            text-decoration: underline;\n        }\n    <\/style>\n<\/head>\n<body>\n\n    <!-- \n      HTML for WordPress:\n      Copy and paste the code from .sis-table-container start to end into a Custom HTML block.\n    -->\n    <div class=\"sis-table-container\">\n        \n        <h3>Tallahassee (Leon County) Key Economic and Demographic Indicators<\/h3>\n\n        <table class=\"sis-table\">\n            <thead>\n                <tr>\n                    <th>Indicator<\/th>\n                    <th>Value (Recent Estimate)<\/th>\n                <\/tr>\n            <\/thead>\n            <tbody>\n                <tr>\n                    <td>Leon County Population<\/td>\n                    <td>~300,000<\/td>\n                <\/tr>\n                <tr>\n                    <td>Population with Bachelor&#8217;s Degree or Higher<\/td>\n                    <td>~48%<\/td>\n                <\/tr>\n                <tr>\n                    <td>Median Household Income<\/td>\n                    <td>~$65,000<\/td>\n                <\/tr>\n                 <tr>\n                    <td>Employment in Government Sector<\/td>\n                    <td>~30% of Total Employment<\/td>\n                <\/tr>\n                 <tr>\n                    <td>Student Population (FSU &#038; FAMU)<\/td>\n                    <td>Exceeding 50,000<\/td>\n                <\/tr>\n            <\/tbody>\n        <\/table>\n\n        <p class=\"source-caption\">\n             Source: Data derived from the <a href=\"https:\/\/www.census.gov\/quickfacts\/fact\/table\/leoncountyflorida\/PST045223\" target=\"_blank\" rel=\"noopener noreferrer\">U.S. Census Bureau QuickFacts<\/a> I <a href=\"https:\/\/data.bls.gov\/pdq\/querytool.jsp?survey=la\" target=\"_blank\" rel=\"noopener noreferrer\">Bureau of Labor Statistics (BLS)<\/a>, focused on recent periods.\n        <\/p>\n\n    <\/div>\n\n<\/body>\n<\/html>\n\n\n\n<h2 class=\"wp-block-heading\" id=\"market-research-in-tallahassee-current-trends\">Badania rynku w Tallahassee: aktualne trendy<\/h2>\n\n\n\n<ul class=\"wp-block-list\">\n<li><strong>Transformacja cyfrowa:<\/strong> Wraz z rozwojem startup\u00f3w technologicznych i wdra\u017caniem rozwi\u0105za\u0144 cyfrowych w r\u00f3\u017cnych bran\u017cach, badania rynku w Tallahassee coraz bardziej koncentruj\u0105 si\u0119 na zrozumieniu zachowa\u0144 cyfrowych konsument\u00f3w, rynk\u00f3w internetowych i wp\u0142ywu transformacji cyfrowej na r\u00f3\u017cne sektory, takie jak budownictwo i opieka zdrowotna.<\/li>\n\n\n\n<li><strong>Badania nad zr\u00f3wnowa\u017conym rozwojem:<\/strong> Bior\u0105c pod uwag\u0119 rosn\u0105ce zainteresowanie konsument\u00f3w zr\u00f3wnowa\u017conym rozwojem i rozw\u00f3j ekologicznych firm w Tallahassee, badania rynku koncentruj\u0105 si\u0119 na zrozumieniu postaw konsument\u00f3w wobec zr\u00f3wnowa\u017conego rozwoju, potencja\u0142u rynkowego produkt\u00f3w przyjaznych dla \u015brodowiska i wp\u0142ywu zielonych inicjatyw na postrzeganie marki.<\/li>\n\n\n\n<li><strong>Spostrze\u017cenia dotycz\u0105ce sektora edukacji:<\/strong> W mie\u015bcie dzia\u0142aj\u0105 du\u017ce uniwersytety, dlatego te\u017c istnieje zapotrzebowanie na badania dotycz\u0105ce trend\u00f3w studenckich, op\u0142acalno\u015bci program\u00f3w nauczania i przysz\u0142o\u015bci szkolnictwa wy\u017cszego.<\/li>\n\n\n\n<li><strong>Znaczenie ekologiczne i rolnicze:<\/strong> Dzi\u0119ki rozleg\u0142ym terenom zielonym, parkom i pobliskim regionom nadmorskim coraz wi\u0119kszy nacisk k\u0142adzie si\u0119 na zr\u00f3wnowa\u017cone praktyki, agroturystyk\u0119 oraz przyjazne dla \u015brodowiska produkty i us\u0142ugi.<\/li>\n\n\n\n<li><strong>Badania sektora publicznego:<\/strong> Bior\u0105c pod uwag\u0119 rol\u0119 Tallahassee jako stolicy stanu, istnieje sta\u0142e zapotrzebowanie na badania dotycz\u0105ce polityki publicznej, us\u0142ug publicznych i wp\u0142ywu zmian legislacyjnych na r\u00f3\u017cne ga\u0142\u0119zie przemys\u0142u.<\/li>\n\n\n\n<li><strong>Analiza rynku nieruchomo\u015bci:<\/strong> With fluctuations in the housing market and development projects in the city, <a href=\"https:\/\/www.sisinternational.com\/pl\/ekspertyza\/branze\/commercial-real-estate-market-research\/\" title=\"Badania rynku nieruchomo\u015bci komercyjnych\" data-wpil-monitor-id=\"5686\">market research focusing on real estate<\/a> trends, housing demands, and the impact of urban development is prominent.<\/li>\n<\/ul>\n\n\n\n<h2 class=\"wp-block-heading\" id=\"prospects-of-market-research-in-tallahassee\">Perspektywy bada\u0144 rynku w Tallahassee<\/h2>\n\n\n\n<figure class=\"gb-block-image gb-block-image-095bd72b\"><img loading=\"lazy\" decoding=\"async\" width=\"1456\" height=\"816\" class=\"gb-image gb-image-095bd72b\" src=\"https:\/\/www.sisinternational.com\/wp-content\/uploads\/2025\/09\/Tallahassee-Florida-5.jpg\" alt=\"Badania rynku w Tallahassee, Floryda\" title=\"Tallahassee, Florida (5)\" srcset=\"https:\/\/www.sisinternational.com\/wp-content\/uploads\/2025\/09\/Tallahassee-Florida-5.jpg 1456w, https:\/\/www.sisinternational.com\/wp-content\/uploads\/2025\/09\/Tallahassee-Florida-5-300x168.jpg 300w, https:\/\/www.sisinternational.com\/wp-content\/uploads\/2025\/09\/Tallahassee-Florida-5-1024x574.jpg 1024w, https:\/\/www.sisinternational.com\/wp-content\/uploads\/2025\/09\/Tallahassee-Florida-5-768x430.jpg 768w, https:\/\/www.sisinternational.com\/wp-content\/uploads\/2025\/09\/Tallahassee-Florida-5-18x10.jpg 18w\" sizes=\"auto, (max-width: 1456px) 100vw, 1456px\" \/><\/figure>\n\n\n\n<p><\/p>\n\n\n\n<p>W miar\u0119 rozwoju Tallahassee, firmy zaczynaj\u0105 dostrzega\u0107 fascynuj\u0105ce mo\u017cliwo\u015bci, jakie oferuje miasto. Oto niekt\u00f3re z najbardziej obiecuj\u0105cych aspekt\u00f3w wed\u0142ug bada\u0144 rynkowych w Tallahassee:<\/p>\n\n\n\n<ul class=\"wp-block-list\">\n<li><strong>R\u00f3\u017cnorodna gobelinowa struktura demograficzna:<\/strong> Niepowtarzalna mieszanka student\u00f3w, profesjonalist\u00f3w, emeryt\u00f3w i rodzin w Tallahassee nadal b\u0119dzie oferowa\u0107 bogat\u0105 palet\u0119 dla firm. Zr\u00f3\u017cnicowanie demograficzne miasta zapewnia mn\u00f3stwo miejsca na strategie ukierunkowania na nisze i segmentacji.<\/li>\n\n\n\n<li><strong>Educational and <a href=\"https:\/\/www.sisinternational.com\/pl\/zasieg\/ameryka\/zasieg-usa\/badania-rynku-tampa-floryda\/\" title=\"Badania rynku w Tampa, Floryda\" data-wpil-monitor-id=\"4134\">Badania<\/a> Institutions:<\/strong> Miasto, w kt\u00f3rym znajduj\u0105 si\u0119 szanowane instytucje, takie jak Florida State University i Florida A&amp;M University, jest tyglem bada\u0144, innowacji i zorientowanej na technologi\u0119 populacji millenials\u00f3w. Stwarza to perspektywy dla firm, kt\u00f3re celuj\u0105 w narz\u0119dzia edukacyjne, produkty technologiczne i us\u0142ugi zorientowane na student\u00f3w.<\/li>\n\n\n\n<li><strong>Ewoluuj\u0105cy krajobraz komercyjny:<\/strong> Wraz ze wzrostem liczby startup\u00f3w, centr\u00f3w technologicznych i przestrzeni coworkingowych ro\u015bnie zapotrzebowanie na rozwi\u0105zania B2B, rozw\u00f3j infrastruktury i us\u0142ugi na poziomie korporacyjnym.<\/li>\n\n\n\n<li><strong>Stolica kulturalna:<\/strong> Od festiwali muzycznych po wystawy sztuki \u2013 t\u0119tni\u0105ca \u017cyciem scena kulturalna Tallahassee stanowi atrakcyjny rynek dla sektora rozrywki, hotelarstwa i turystyki.<\/li>\n\n\n\n<li><strong>Strategiczne po\u0142o\u017cenie:<\/strong> Tallahassee, po\u0142o\u017cone w p\u00f3\u0142nocno-zachodniej Florydzie, jest strategicznym punktem wej\u015bcia dla firm, kt\u00f3re chc\u0105 rozszerzy\u0107 swoj\u0105 dzia\u0142alno\u015b\u0107 na Floryd\u0119 lub nawet na s\u0105siednie stany.<\/li>\n\n\n\n<li><strong>Nieruchomo\u015bci i rozw\u00f3j miast:<\/strong> Wraz ze wzrostem populacji i rozrostem miast ro\u015bnie zapotrzebowanie na mieszkania, powierzchnie komercyjne i rozw\u00f3j infrastruktury. Badania rynku mog\u0105 odkry\u0107 trendy, preferencje i potencjalne obszary wzrostu w tym sektorze.<\/li>\n\n\n\n<li><strong>Centrum Rz\u0105du i Polityki:<\/strong> B\u0119d\u0105c stolic\u0105 stanu, Tallahassee jest centrum dzia\u0142a\u0144 rz\u0105dowych. To otwiera mo\u017cliwo\u015bci dla wi\u0119kszej liczby firm w zakresie doradztwa, us\u0142ug prawnych i public relations, szczeg\u00f3lnie tych skupiaj\u0105cych si\u0119 na or\u0119downictwie politycznym.<\/li>\n<\/ul>\n\n\n<h2>Lokalizacja naszego obiektu w Nowym Jorku<\/h2>\n<p><!-- \/wp:post-content --> <!-- wp:html --> <iframe loading=\"lazy\" src=\"https:\/\/www.google.com\/maps\/embed?pb=!1m18!1m12!1m3!1d3022.976188376966!2d-73.99130312499956!3d40.740549471389315!2m3!1f0!2f0!3f0!3m2!1i1024!2i768!4f13.1!3m3!1m2!1s0x89c259a15798c731%3A0xd695d09bdd495f25!2s11%20E%2022nd%20St%20FL%202%2C%20New%20York%2C%20NY%2010010%2C%20USA!5e0!3m2!1sen!2spe!4v1726171763526!5m2!1sen!2spe\" width=\"600\" height=\"450\" allowfullscreen=\"allowfullscreen\" data-mce-fragment=\"1\"><\/iframe> <!-- \/wp:html --> <!-- wp:paragraph --><\/p>\n<h3 class=\"wp-block-heading\">11 E 22nd Street, pi\u0119tro 2, Nowy Jork, NY 10010 T: +1(212) 505-6805<\/h3>\n<hr \/>\n<h2><span style=\"font-weight: 400;\">O firmie SIS International<\/span><\/h2>\n<p><a href=\"https:\/\/www.sisinternational.com\/pl\/\"><span style=\"font-weight: 400;\">SIS Mi\u0119dzynarodowy<\/span><\/a><span style=\"font-weight: 400;\"> oferuje badania ilo\u015bciowe, jako\u015bciowe i strategiczne. Dostarczamy dane, narz\u0119dzia, strategie, raporty i spostrze\u017cenia do podejmowania decyzji. Prowadzimy r\u00f3wnie\u017c wywiady, ankiety, grupy fokusowe i inne metody i podej\u015bcia do bada\u0144 rynku.<\/span><a href=\"https:\/\/www.sisinternational.com\/pl\/o-moich-miedzynarodowych-badaniach\/contact-sis-international-market-research\/\"><span style=\"font-weight: 400;\"> Skontaktuj si\u0119 z nami<\/span><\/a><span style=\"font-weight: 400;\"> dla Twojego kolejnego projektu badania rynku.<\/span><\/p>\n<p>\u00a0<\/p>","protected":false},"excerpt":{"rendered":"<p>W Tallahassee dzia\u0142a zr\u00f3\u017cnicowana grupa bran\u017c, obejmuj\u0105ca administracj\u0119 publiczn\u0105, edukacj\u0119, opiek\u0119 zdrowotn\u0105, handel, budownictwo i technologi\u0119.<\/p>","protected":false},"author":1,"featured_media":66718,"parent":19303,"menu_order":71,"comment_status":"closed","ping_status":"closed","template":"","meta":{"_uag_custom_page_level_css":"","footnotes":""},"class_list":["post-43014","page","type-page","status-publish","has-post-thumbnail"],"uagb_featured_image_src":{"full":["https:\/\/www.sisinternational.com\/wp-content\/uploads\/2025\/09\/Tallahassee-Florida-3.jpg",1456,816,false],"thumbnail":["https:\/\/www.sisinternational.com\/wp-content\/uploads\/2025\/09\/Tallahassee-Florida-3-150x150.jpg",150,150,true],"medium":["https:\/\/www.sisinternational.com\/wp-content\/uploads\/2025\/09\/Tallahassee-Florida-3-300x168.jpg",300,168,true],"medium_large":["https:\/\/www.sisinternational.com\/wp-content\/uploads\/2025\/09\/Tallahassee-Florida-3-768x430.jpg",768,430,true],"large":["https:\/\/www.sisinternational.com\/wp-content\/uploads\/2025\/09\/Tallahassee-Florida-3-1024x574.jpg",1024,574,true],"1536x1536":["https:\/\/www.sisinternational.com\/wp-content\/uploads\/2025\/09\/Tallahassee-Florida-3.jpg",1456,816,false],"2048x2048":["https:\/\/www.sisinternational.com\/wp-content\/uploads\/2025\/09\/Tallahassee-Florida-3.jpg",1456,816,false],"trp-custom-language-flag":["https:\/\/www.sisinternational.com\/wp-content\/uploads\/2025\/09\/Tallahassee-Florida-3-18x10.jpg",18,10,true]},"uagb_author_info":{"display_name":"Ruth Stanat","author_link":"https:\/\/www.sisinternational.com\/pl\/author\/expert\/"},"uagb_comment_info":0,"uagb_excerpt":"Tallahassee has a diverse mix of industries, including government, education, healthcare, trade, construction, and technology.","_links":{"self":[{"href":"https:\/\/www.sisinternational.com\/pl\/wp-json\/wp\/v2\/pages\/43014","targetHints":{"allow":["GET"]}}],"collection":[{"href":"https:\/\/www.sisinternational.com\/pl\/wp-json\/wp\/v2\/pages"}],"about":[{"href":"https:\/\/www.sisinternational.com\/pl\/wp-json\/wp\/v2\/types\/page"}],"author":[{"embeddable":true,"href":"https:\/\/www.sisinternational.com\/pl\/wp-json\/wp\/v2\/users\/1"}],"replies":[{"embeddable":true,"href":"https:\/\/www.sisinternational.com\/pl\/wp-json\/wp\/v2\/comments?post=43014"}],"version-history":[{"count":9,"href":"https:\/\/www.sisinternational.com\/pl\/wp-json\/wp\/v2\/pages\/43014\/revisions"}],"predecessor-version":[{"id":79386,"href":"https:\/\/www.sisinternational.com\/pl\/wp-json\/wp\/v2\/pages\/43014\/revisions\/79386"}],"up":[{"embeddable":true,"href":"https:\/\/www.sisinternational.com\/pl\/wp-json\/wp\/v2\/pages\/19303"}],"wp:featuredmedia":[{"embeddable":true,"href":"https:\/\/www.sisinternational.com\/pl\/wp-json\/wp\/v2\/media\/66718"}],"wp:attachment":[{"href":"https:\/\/www.sisinternational.com\/pl\/wp-json\/wp\/v2\/media?parent=43014"}],"curies":[{"name":"wp","href":"https:\/\/api.w.org\/{rel}","templated":true}]}}