{"id":43001,"date":"2023-08-10T14:46:17","date_gmt":"2023-08-10T18:46:17","guid":{"rendered":"https:\/\/www.sisinternational.com\/?page_id=43001"},"modified":"2026-01-26T18:39:11","modified_gmt":"2026-01-26T23:39:11","slug":"badania-rynku-jacksonville","status":"publish","type":"page","link":"https:\/\/www.sisinternational.com\/pl\/zasieg\/north-america\/zasieg-usa\/badania-rynku-jacksonville\/","title":{"rendered":"Badania rynku w Jacksonville na Florydzie"},"content":{"rendered":"<h1 class=\"wp-block-heading\">Badania rynku w Jacksonville na Florydzie<\/h1>\n\n\n\n<p><\/p>\n\n\n\n<figure class=\"gb-block-image gb-block-image-43f43915\"><img loading=\"lazy\" decoding=\"async\" width=\"1456\" height=\"816\" class=\"gb-image gb-image-43f43915\" src=\"https:\/\/www.sisinternational.com\/wp-content\/uploads\/2025\/09\/Jacksonville-Florida-1.jpg\" alt=\"SIS Mi\u0119dzynarodowe badania rynku i strategia\" title=\"Jacksonville Florida (1)\" srcset=\"https:\/\/www.sisinternational.com\/wp-content\/uploads\/2025\/09\/Jacksonville-Florida-1.jpg 1456w, https:\/\/www.sisinternational.com\/wp-content\/uploads\/2025\/09\/Jacksonville-Florida-1-300x168.jpg 300w, https:\/\/www.sisinternational.com\/wp-content\/uploads\/2025\/09\/Jacksonville-Florida-1-1024x574.jpg 1024w, https:\/\/www.sisinternational.com\/wp-content\/uploads\/2025\/09\/Jacksonville-Florida-1-768x430.jpg 768w, https:\/\/www.sisinternational.com\/wp-content\/uploads\/2025\/09\/Jacksonville-Florida-1-18x10.jpg 18w\" sizes=\"auto, (max-width: 1456px) 100vw, 1456px\"><\/figure>\n\n\n\n<p><\/p>\n\n\n\n<p>W t\u0119tni\u0105cym \u017cyciem mie\u015bcie Jacksonville na Florydzie firmy mierz\u0105 si\u0119 ze z\u0142o\u017conym, konkurencyjnym krajobrazem ukszta\u0142towanym przez mieszank\u0119 tradycyjnych i wschodz\u0105cych bran\u017c. Sukces w takim \u015brodowisku wymaga czego\u015b wi\u0119cej ni\u017c tylko \u015bwietnego produktu lub us\u0142ugi \u2013 wymaga g\u0142\u0119bokiego zrozumienia rynku i jego dynamiki.<\/p>\n\n\n\n<p>Z tego powodu badania rynku w Jacksonville s\u0105 niezb\u0119dnym narz\u0119dziem pozwalaj\u0105cym na uzyskanie jasnych informacji i przewidywanie sytuacji konkurencyjnej.<\/p>\n\n\n\n<h2 class=\"wp-block-heading\">Zrozumienie \u015brodowiska biznesowego Jacksonville<\/h2>\n\n\n\n<p>Jacksonville has a dynamic and diversified business environment. The city&#8217;s strategic location, robust infrastructure, skilled workforce, and favorable business climate contribute to strong economic growth and business attractiveness.<\/p>\n\n\n\n<p>Tradycyjnie gospodarka Jacksonville by\u0142a w du\u017cym stopniu kszta\u0142towana przez takie sektory, jak logistyka i dystrybucja, us\u0142ugi finansowe, opieka zdrowotna i obronno\u015b\u0107.<\/p>\n\n\n\n<p>Na przyk\u0142ad sektor opieki zdrowotnej w Jacksonville obejmuje takie znane nazwiska jak Mayo Clinic i Baptist Health. Du\u017ce firmy us\u0142ug finansowych, takie jak Florida Capital Bank i Bank of America, r\u00f3wnie\u017c prowadz\u0105 znacz\u0105ce operacje w Jacksonville, korzystaj\u0105c z puli wykwalifikowanych talent\u00f3w i wspieraj\u0105cego \u015brodowiska regulacyjnego.<\/p>\n\n\n\n<p>In addition to these established sectors, Jacksonville has seen growth in emerging industries such as technology and advanced manufacturing. The city&#8217;s commitment to fostering innovation and technological advancement has attracted numerous startups and tech companies, further diversifying its business landscape.<\/p>\n\n\n\n<h2 class=\"wp-block-heading\">Znaczenie bada\u0144 rynku w Jacksonville<\/h2>\n\n\n\n<p><a href=\"https:\/\/www.sisinternational.com\/pl\/zasieg\/ameryka\/zasieg-usa\/key-west-florida-market-research\/\" title=\"Badania rynku Key West Florida\"  data-wpil-monitor-id=\"4000\">Market research in Jacksonville is key<\/a> to the growth and development of local businesses and companies willing to enter this market.<\/p>\n\n\n\n<p>Firstly, understanding the local market conditions and preferences is critical. By conducting market research, businesses can pinpoint exactly what residents and other local businesses want in terms of products, services, and experiences. This ensures that the offerings are tailored to the unique characteristics and needs of the Jacksonville community.<\/p>\n\n\n\n<p>Po drugie, badania rynku w Jacksonville pomagaj\u0105 w redukcji ryzyka. Przed dokonaniem znacz\u0105cych inwestycji lub wprowadzeniem nowych produkt\u00f3w firmy mog\u0105 oceni\u0107 potencjalny odbi\u00f3r i popyt w Jacksonville.<\/p>\n\n\n\n<p>Ponadto badania rynku s\u0105 pomocne w identyfikowaniu i analizowaniu konkurent\u00f3w w obszarze Jacksonville. Pomagaj\u0105 firmom zrozumie\u0107, kim s\u0105 kluczowi gracze, co oferuj\u0105 i jak wchodz\u0105 w interakcj\u0119 z rynkiem. To strategiczne pozycjonowanie pozwala im wykroi\u0107 unikaln\u0105 nisz\u0119 lub nawet odkry\u0107 niezagospodarowane segmenty rynku.<\/p>\n\n\n\n<p>Na koniec, badania rynku w Jacksonville mog\u0105 da\u0107 firmom wgl\u0105d w przysz\u0142e trendy. Poprzez identyfikacj\u0119 wzorc\u00f3w i zmian w zachowaniach konsument\u00f3w firmy mog\u0105 przewidywa\u0107 przysz\u0142e potrzeby i preferencje. Ta dalekowzroczno\u015b\u0107 pozwala im na innowacje i bycie pionierami we wprowadzaniu nowych produkt\u00f3w lub us\u0142ug, kt\u00f3rych rynek Jacksonville wkr\u00f3tce b\u0119dzie wymaga\u0142.<\/p>\n\n\n\n<h2 class=\"wp-block-heading\">Badania rynku w Jacksonville: aktualne trendy<\/h2>\n\n\n\n<p>Badania rynku w Jacksonville, podobnie jak w wielu innych miastach na \u015bwiecie, przechodz\u0105 znacz\u0105c\u0105 transformacj\u0119, poniewa\u017c firmy dostosowuj\u0105 si\u0119 do zmieniaj\u0105cej si\u0119 dynamiki rynku, post\u0119pu technologicznego i zmieniaj\u0105cych si\u0119 zachowa\u0144 konsument\u00f3w. Oto kilka kluczowych trend\u00f3w kszta\u0142tuj\u0105cych badania rynku w Jacksonville:<\/p>\n\n\n\n<ul class=\"wp-block-list\">\n<li><strong>Skup si\u0119 na spostrze\u017ceniach konsument\u00f3w:<\/strong> Wraz ze wzrostem konkurencji w Jacksonville zrozumienie zachowa\u0144 i preferencji konsument\u00f3w nigdy nie by\u0142o wa\u017cniejsze. Coraz wi\u0119kszy nacisk k\u0142adzie si\u0119 na badania dotycz\u0105ce wgl\u0105du w potrzeby konsument\u00f3w, aby informowa\u0107 o strategiach rozwoju produkt\u00f3w, marketingu i obs\u0142ugi klienta.<\/li>\n\n\n\n<li><strong>Wykorzystanie zaawansowanej analityki:<\/strong> Firmy wykorzystuj\u0105 zaawansowane techniki analityczne, takie jak analityka predykcyjna i uczenie maszynowe, aby uzyska\u0107 g\u0142\u0119bsze spostrze\u017cenia z danych bada\u0144 rynku. Te metody mog\u0105 pom\u00f3c firmom prognozowa\u0107 przysz\u0142e trendy i podejmowa\u0107 proaktywne decyzje strategiczne.<\/li>\n\n\n\n<li><strong>Rosn\u0105ce znaczenie wywiadu konkurencyjnego:<\/strong> W dynamicznym \u015brodowisku biznesowym Jacksonville, obserwowanie konkurencji jest kluczowe. Firmy inwestuj\u0105 wi\u0119cej w badania wywiadu konkurencyjnego, aby zrozumie\u0107 strategie i wyniki swoich konkurent\u00f3w.<\/li>\n\n\n\n<li><strong>Zr\u00f3wnowa\u017cony rozw\u00f3j i \u015bwiadomo\u015b\u0107 ekologiczna:<\/strong> Coraz wi\u0119kszy nacisk k\u0142adzie si\u0119 na zr\u00f3wnowa\u017cone praktyki biznesowe i przyjazne dla \u015brodowiska produkty. Coraz wi\u0119cej bada\u0144 dotyczy tego, w jaki spos\u00f3b firmy mog\u0105 dostosowa\u0107 si\u0119 do tych warto\u015bci i czego oczekuj\u0105 konsumenci w tym zakresie.<\/li>\n\n\n\n<li><strong>Zr\u00f3\u017cnicowane dane demograficzne:<\/strong> Populacja Jacksonville jest zr\u00f3\u017cnicowana pod wzgl\u0119dem wieku, rasy i pochodzenia spo\u0142eczno-ekonomicznego. Coraz wi\u0119cej bada\u0144 jest ukierunkowanych na zrozumienie konkretnych grup demograficznych, ich preferencji i zachowa\u0144.<\/li>\n\n\n\n<li><strong>Zbieranie danych w czasie rzeczywistym:<\/strong> Narz\u0119dzia zapewniaj\u0105ce analiz\u0119 i spostrze\u017cenia w czasie rzeczywistym, takie jak monitorowanie medi\u00f3w spo\u0142eczno\u015bciowych i mechanizmy natychmiastowej informacji zwrotnej, staj\u0105 si\u0119 niezast\u0105pione.<\/li>\n\n\n\n<li><strong>Analiza do\u015bwiadczalna:<\/strong> There&#8217;s an increasing emphasis on understanding consumer experiences\u2014not just what they buy, but how they feel and what they desire, in a holistic sense.<\/li>\n\n\n\n<li><strong>Infrastruktura i rozw\u00f3j miast:<\/strong> As Jacksonville grows, so do its infrastructure needs. Research focused on future urban planning, housing demand, and transportation needs is critical.<\/li>\n\n\n\n<li><strong>Wra\u017cliwo\u015b\u0107 kulturowa i integracja:<\/strong> Firmy bardziej skupiaj\u0105 si\u0119 na inkluzywno\u015bci i wra\u017cliwo\u015bci kulturowej. Badania rynku s\u0105 wykorzystywane w celu zapewnienia, \u017ce produkty, us\u0142ugi i komunikaty marketingowe s\u0105 inkluzywne i rezonuj\u0105 z r\u00f3\u017cnorodn\u0105 populacj\u0105 Jacksonville.<\/li>\n<\/ul>\n\n\n\n<h2 class=\"wp-block-heading\">Perspektywy bada\u0144 rynku w Jacksonville<\/h2>\n\n\n\n<figure class=\"gb-block-image gb-block-image-e779719e\"><img loading=\"lazy\" decoding=\"async\" width=\"1456\" height=\"816\" class=\"gb-image gb-image-e779719e\" src=\"https:\/\/www.sisinternational.com\/wp-content\/uploads\/2025\/09\/Jacksonville-Florida-2.jpg\" alt=\"SIS Mi\u0119dzynarodowe badania rynku i strategia\" title=\"Jacksonville Florida (2)\" srcset=\"https:\/\/www.sisinternational.com\/wp-content\/uploads\/2025\/09\/Jacksonville-Florida-2.jpg 1456w, https:\/\/www.sisinternational.com\/wp-content\/uploads\/2025\/09\/Jacksonville-Florida-2-300x168.jpg 300w, https:\/\/www.sisinternational.com\/wp-content\/uploads\/2025\/09\/Jacksonville-Florida-2-1024x574.jpg 1024w, https:\/\/www.sisinternational.com\/wp-content\/uploads\/2025\/09\/Jacksonville-Florida-2-768x430.jpg 768w, https:\/\/www.sisinternational.com\/wp-content\/uploads\/2025\/09\/Jacksonville-Florida-2-18x10.jpg 18w\" sizes=\"auto, (max-width: 1456px) 100vw, 1456px\"><\/figure>\n\n\n\n<p><\/p>\n\n\n\n<p>Looking ahead, <a href=\"https:\/\/www.linkedin.com\/pulse\/how-market-research-enables-growth-ruth-stanat-phekf\/\" target=\"_blank\" rel=\"noopener\"><span style=\"font-weight: 400;\">badania rynku<\/span><\/a> w Jacksonville jest gotowy do dalszego rozwoju w odpowiedzi na nowe technologie, zmieniaj\u0105ce si\u0119 potrzeby biznesowe i zmiany w zachowaniu konsument\u00f3w. Oto, czego mo\u017cna si\u0119 spodziewa\u0107:<\/p>\n\n\n\n<ul class=\"wp-block-list\">\n<li><strong>Dywersyfikacja gospodarcza:<\/strong> As the city delves into fintech, health tech, logistics, and more, market research will be crucial to understanding these sectors in depth.<\/li>\n\n\n\n<li><strong>Nieruchomo\u015bci i planowanie urbanistyczne:<\/strong> W miar\u0119 rozwoju miasta b\u0119dzie ros\u0142o zapotrzebowanie na badania dotycz\u0105ce trend\u00f3w na rynku nieruchomo\u015bci, rozwoju obszar\u00f3w miejskich i potrzeb spo\u0142eczno\u015bci. Badania te pomog\u0105 w kszta\u0142towaniu przysz\u0142ej infrastruktury i projekt\u00f3w mieszkaniowych miasta.<\/li>\n\n\n\n<li><strong>Turystyka i hotelarstwo:<\/strong> Jacksonville&#8217;s coastal location and historical sites offer opportunities for growth. Research in this sector can identify new trends, traveler preferences, and potential investment opportunities.<\/li>\n\n\n\n<li><strong>Badania \u015brodowiskowe:<\/strong> Bior\u0105c pod uwag\u0119 przybrze\u017cne po\u0142o\u017cenie Jacksonville, ro\u015bnie zainteresowanie zr\u00f3wnowa\u017conym rozwojem, odporno\u015bci\u0105 na zmiany klimatu i zielonymi inicjatywami. Badania rynku mog\u0105 pom\u00f3c firmom i decydentom w zakresie nastroj\u00f3w spo\u0142ecznych i najlepszych praktyk.<\/li>\n\n\n\n<li><strong>Innowacje w opiece zdrowotnej:<\/strong> Obecno\u015b\u0107 w regionie renomowanych plac\u00f3wek s\u0142u\u017cby zdrowia i rosn\u0105ca liczba os\u00f3b starszych stwarza mo\u017cliwo\u015bci prowadzenia bada\u0144 nad technologiami medycznymi, rozwi\u0105zaniami w zakresie opieki nad osobami starszymi oraz trendami w zakresie zdrowia i dobrego samopoczucia.<\/li>\n\n\n\n<li><strong>Post\u0119p cyfrowy i technologiczny:<\/strong> W miar\u0119 rozwoju sfery cyfrowej kluczowe znaczenie b\u0119dzie mia\u0142o zrozumienie lokalnego krajobrazu technologicznego, zachowa\u0144 w zakresie handlu elektronicznego i wdra\u017cania nowych technologii.<\/li>\n\n\n\n<li><strong>Edukacja i si\u0142a robocza:<\/strong> Dzi\u0119ki instytucjom takim jak University of North Florida istnieje potencja\u0142 do prowadzenia bada\u0144 skupionych na trendach edukacyjnych, zachowaniach student\u00f3w i zmieniaj\u0105cych si\u0119 potrzebach rynku pracy.<\/li>\n\n\n\n<li><strong>Mobilno\u015b\u0107 i transport:<\/strong> As the city grows, so does its mobility needs. <a href=\"https:\/\/www.sisinternational.com\/pl\/transport-ambulansowy\/\" title=\"Badania rynku transportu ambulansowego\" data-wpil-monitor-id=\"6970\">Research on public transportation<\/a> preferences, vehicular trends, and sustainable mobility options will be in demand.<\/li>\n\n\n\n<li><strong>Wzrost bada\u0144 rynku mobilnego:<\/strong> Wraz ze wzrostem wykorzystania smartfon\u00f3w i aplikacji mobilnych badania rynku mobilnego stan\u0105 si\u0119 bardziej powszechne. Mog\u0105 one obejmowa\u0107 ankiety mobilne, badania oparte na lokalizacji i dane dotycz\u0105ce korzystania z aplikacji.<\/li>\n\n\n\n<li><strong>Nacisk na badania dotycz\u0105ce do\u015bwiadcze\u0144 klient\u00f3w:<\/strong> W miar\u0119 jak przedsi\u0119biorstwa d\u0105\u017c\u0105 do wyr\u00f3\u017cnienia si\u0119 poprzez zapewnianie klientom doskona\u0142ej obs\u0142ugi, badania nad \u015bcie\u017ckami klienta, jego zadowoleniem i preferencjami b\u0119d\u0105 zyskiwa\u0107 na znaczeniu.<\/li>\n\n\n\n<li><strong>Badania nad zr\u00f3wnowa\u017conym rozwojem i wp\u0142ywem spo\u0142ecznym:<\/strong> W miar\u0119 jak konsumenci staj\u0105 si\u0119 bardziej \u015bwiadomi zr\u00f3wnowa\u017conego rozwoju i kwestii spo\u0142ecznych, firmy b\u0119d\u0105 musia\u0142y zrozumie\u0107 ich postawy, zachowania i oczekiwania w tych obszarach. Wed\u0142ug bada\u0144 rynkowych w Jacksonville, badania nad tymi tematami prawdopodobnie wzrosn\u0105.<\/li>\n<\/ul>\n\n\n\n<h2 class=\"wp-block-heading\"><strong>O firmie SIS International<\/strong><\/h2>\n\n\n\n<p><a href=\"https:\/\/www.sisinternational.com\/pl\/\"><span style=\"font-weight: 400;\">SIS Mi\u0119dzynarodowy<\/span><\/a><span style=\"font-weight: 400;\"> oferuje badania ilo\u015bciowe, jako\u015bciowe i strategiczne. Dostarczamy dane, narz\u0119dzia, strategie, raporty i spostrze\u017cenia do podejmowania decyzji. Prowadzimy r\u00f3wnie\u017c wywiady, ankiety, grupy fokusowe i inne metody i podej\u015bcia do bada\u0144 rynku.<\/span><a href=\"https:\/\/www.sisinternational.com\/pl\/o-moich-miedzynarodowych-badaniach\/contact-sis-international-market-research\/\"><span style=\"font-weight: 400;\"> Skontaktuj si\u0119 z nami<\/span><\/a><span style=\"font-weight: 400;\"> dla Twojego kolejnego projektu badania rynku.<\/span><\/p>\n\n\n\n<h2 class=\"wp-block-heading\">&nbsp;<\/h2>","protected":false},"excerpt":{"rendered":"<p>Jacksonville&#8217;s strategic location, infrastructure, workforce, and business climate make it a strong and attractive option for businesses.<\/p>","protected":false},"author":1,"featured_media":66578,"parent":19303,"menu_order":69,"comment_status":"closed","ping_status":"closed","template":"","meta":{"footnotes":""},"class_list":["post-43001","page","type-page","status-publish","has-post-thumbnail"],"_links":{"self":[{"href":"https:\/\/www.sisinternational.com\/pl\/wp-json\/wp\/v2\/pages\/43001","targetHints":{"allow":["GET"]}}],"collection":[{"href":"https:\/\/www.sisinternational.com\/pl\/wp-json\/wp\/v2\/pages"}],"about":[{"href":"https:\/\/www.sisinternational.com\/pl\/wp-json\/wp\/v2\/types\/page"}],"author":[{"embeddable":true,"href":"https:\/\/www.sisinternational.com\/pl\/wp-json\/wp\/v2\/users\/1"}],"replies":[{"embeddable":true,"href":"https:\/\/www.sisinternational.com\/pl\/wp-json\/wp\/v2\/comments?post=43001"}],"version-history":[{"count":7,"href":"https:\/\/www.sisinternational.com\/pl\/wp-json\/wp\/v2\/pages\/43001\/revisions"}],"predecessor-version":[{"id":80537,"href":"https:\/\/www.sisinternational.com\/pl\/wp-json\/wp\/v2\/pages\/43001\/revisions\/80537"}],"up":[{"embeddable":true,"href":"https:\/\/www.sisinternational.com\/pl\/wp-json\/wp\/v2\/pages\/19303"}],"wp:featuredmedia":[{"embeddable":true,"href":"https:\/\/www.sisinternational.com\/pl\/wp-json\/wp\/v2\/media\/66578"}],"wp:attachment":[{"href":"https:\/\/www.sisinternational.com\/pl\/wp-json\/wp\/v2\/media?parent=43001"}],"curies":[{"name":"wp","href":"https:\/\/api.w.org\/{rel}","templated":true}]}}