{"id":42998,"date":"2023-08-10T14:35:57","date_gmt":"2023-08-10T18:35:57","guid":{"rendered":"https:\/\/www.sisinternational.com\/?page_id=42998"},"modified":"2026-01-27T15:19:59","modified_gmt":"2026-01-27T20:19:59","slug":"badania-rynku-gainesville-florida","status":"publish","type":"page","link":"https:\/\/www.sisinternational.com\/pl\/zasieg\/north-america\/zasieg-usa\/badania-rynku-gainesville-florida\/","title":{"rendered":"Badania rynku w Gainesville na Florydzie"},"content":{"rendered":"<h1 class=\"wp-block-heading\">Badania rynku w Gainesville na Florydzie<\/h1>\n\n\n\n<figure class=\"gb-block-image gb-block-image-eca7b8c1\"><img loading=\"lazy\" decoding=\"async\" width=\"1456\" height=\"816\" class=\"gb-image gb-image-eca7b8c1\" src=\"https:\/\/www.sisinternational.com\/wp-content\/uploads\/2025\/09\/Gainesville-Florida-3.jpg\" alt=\"SIS Mi\u0119dzynarodowe badania rynku i strategia\" title=\"Gainesville, Florida (3)\" srcset=\"https:\/\/www.sisinternational.com\/wp-content\/uploads\/2025\/09\/Gainesville-Florida-3.jpg 1456w, https:\/\/www.sisinternational.com\/wp-content\/uploads\/2025\/09\/Gainesville-Florida-3-300x168.jpg 300w, https:\/\/www.sisinternational.com\/wp-content\/uploads\/2025\/09\/Gainesville-Florida-3-1024x574.jpg 1024w, https:\/\/www.sisinternational.com\/wp-content\/uploads\/2025\/09\/Gainesville-Florida-3-768x430.jpg 768w, https:\/\/www.sisinternational.com\/wp-content\/uploads\/2025\/09\/Gainesville-Florida-3-18x10.jpg 18w\" sizes=\"auto, (max-width: 1456px) 100vw, 1456px\"><\/figure>\n\n\n\n<p><\/p>\n\n\n\n<hr class=\"wp-block-separator has-alpha-channel-opacity is-style-dots\"\/>\n\n\n\n<p>Gainesville to tygiel innowacyjnych przedsi\u0119biorstw, r\u00f3\u017cnorodnych kultur i g\u0142\u0119boko zakorzenionych tradycji. W miar\u0119 rozwoju krajobraz rynkowy Gainesville przedstawia wyj\u0105tkowe wyzwania i mo\u017cliwo\u015bci dla firm, inwestor\u00f3w i interesariuszy.<\/p>\n\n\n\n<p>Dlatego badania rynku w Gainesville sta\u0142y si\u0119 niezast\u0105pionym kompasem, kt\u00f3ry pomaga firmom zrozumie\u0107 zawi\u0142o\u015bci tej rozwijaj\u0105cej si\u0119 gospodarki.<\/p>\n\n\n\n<p><\/p>\n\n\n\n<div class=\"wp-block-columns has-global-color-9-color has-text-color has-background has-link-color wp-elements-65031784257b85026b27f30ee0558114 is-layout-flex wp-container-core-columns-is-layout-9d6595d7 wp-block-columns-is-layout-flex\" style=\"background-color:#f7f9fa6e\">\n<div class=\"wp-block-column is-layout-flow wp-block-column-is-layout-flow\" style=\"flex-basis:18%\"><\/div>\n\n\n\n<div class=\"wp-block-column is-vertically-aligned-center is-layout-flow wp-block-column-is-layout-flow\" style=\"flex-basis:71.28%\">\n<div class=\"wp-block-rank-math-toc-block aligncenter has-global-color-9-color has-text-color has-link-color wp-elements-8401f05c0808dd95d86023df755c9409\" style=\"font-size:16px\" id=\"rank-math-toc\"><h2><br><strong>T<\/strong>able of Contents<\/h2><nav><ul><li class=\"\"><a href=\"#understanding-gainesvilles-business-environment\">Zrozumienie \u015brodowiska biznesowego Gainesville<\/a><\/li><li class=\"\"><a href=\"#role-of-market-research-in-gainesville-florida\">Rola bada\u0144 rynku w Gainesville na Florydzie<\/a><\/li><li class=\"\"><a href=\"#market-research-in-gainesville-florida-current-trends\">Badania rynku w Gainesville na Florydzie: aktualne trendy<\/a><\/li><li class=\"\"><a href=\"#the-future-of-market-research-in-gainesville-florida\">Przysz\u0142o\u015b\u0107 bada\u0144 rynkowych w Gainesville na Florydzie<\/a><\/li><\/ul><\/nav><\/div>\n<\/div>\n<\/div>\n\n\n\n<p><\/p>\n\n\n\n<h2 class=\"wp-block-heading\" id=\"understanding-gainesvilles-business-environment\">Zrozumienie \u015brodowiska biznesowego Gainesville<\/h2>\n\n\n\n<p>Gainesville mo\u017ce pochwali\u0107 si\u0119 bogat\u0105 mieszank\u0105 bran\u017c, rozwijaj\u0105cym si\u0119 ekosystemem startup\u00f3w i du\u017c\u0105 liczb\u0105 utalentowanych pracownik\u00f3w, w du\u017cej mierze wspieranych przez University of Florida i Santa Fe College w sektorze edukacji.<\/p>\n\n\n\n<p>Je\u015bli chodzi o opiek\u0119 zdrowotn\u0105, szpital UF Health Shands jest jednym z najwi\u0119kszych pracodawc\u00f3w, nap\u0119dzaj\u0105cym lokaln\u0105 gospodark\u0119 i generuj\u0105cym szereg dzia\u0142alno\u015bci pomocniczych.<\/p>\n\n\n\n<p>Ponadto scena technologiczna Gainesville rozwija si\u0119, cz\u0119\u015bciowo dzi\u0119ki Innovation Hub na University of Florida, kt\u00f3ry oferuje wsparcie dla startup\u00f3w i przedsi\u0119biorc\u00f3w. W rezultacie wzros\u0142a liczba firm technologicznych specjalizuj\u0105cych si\u0119 w takich obszarach jak biotechnologia, rozw\u00f3j oprogramowania i marketing cyfrowy.<\/p>\n\n\n\n<p>Ponadto w Gainesville kwitnie turystyka, a w okolicy znajduje si\u0119 wiele atrakcyjnych turystycznie miejsc, takich jak:<\/p>\n\n\n\n<ul class=\"wp-block-list\">\n<li><strong>Uniwersytet Florydy:<\/strong> Ten du\u017cy, presti\u017cowy uniwersytet jest domem dla dru\u017cyny Florida Gators, a jego pi\u0119kny kampus jest g\u0142\u00f3wn\u0105 atrakcj\u0105 dla odwiedzaj\u0105cych. Popularnymi atrakcjami s\u0105 r\u00f3wnie\u017c Florida Museum of Natural History i Harn Museum of Art.<\/li>\n\n\n\n<li><strong>Park stanowy Paynes Prairie Preserve:<\/strong> Ten rozleg\u0142y obszar naturalny na po\u0142udnie od Gainesville jest rajem dla dzikich zwierz\u0105t, a odwiedzaj\u0105cy mog\u0105 w\u0119drowa\u0107, je\u017adzi\u0107 na rowerze lub konno po licznych szlakach parku. Wie\u017ca obserwacyjna parku oferuje spektakularne widoki na preri\u0119 i zamieszkuj\u0105ce j\u0105 aligatory i dzikie konie.<\/li>\n\n\n\n<li><strong>Geologiczny Park Stanowy Devil&#039;s Millhopper:<\/strong> Park ten zawdzi\u0119cza swoj\u0105 nazw\u0119 du\u017cemu lejowi krasowemu, kt\u00f3ry stworzy\u0142 na swoim dnie unikalny miniaturowy las deszczowy. Zwiedzaj\u0105cy mog\u0105 zej\u015b\u0107 po schodach do leju krasowego, aby do\u015bwiadczy\u0107 tego naturalnego cudu.<\/li>\n\n\n\n<li><strong>Ogr\u00f3d botaniczny Kanapaha:<\/strong> Te pi\u0119kne ogrody prezentuj\u0105 r\u00f3\u017cnorodn\u0105 kolekcj\u0119 ro\u015blin i s\u0105 szczeg\u00f3lnie znane z du\u017cego gaju bambusowego i ogrodu zio\u0142owego. Ogrody te s\u0105 r\u00f3wnie\u017c gospodarzami corocznego Spring Garden Festival.<\/li>\n\n\n\n<li><strong>Historyczne centrum Gainesville:<\/strong> Serce Gainesville, ta okolica jest pe\u0142na sklep\u00f3w, restauracji i zabytkowych budynk\u00f3w. Bo Diddley Plaza, plenerowa przestrze\u0144 eventowa, cz\u0119sto organizuje wydarzenia spo\u0142eczno\u015bciowe i koncerty.<\/li>\n\n\n\n<li><strong>Teatr Hipodrom:<\/strong> Ten zabytkowy budynek w centrum Gainesville jest teatrem regionalnym, w kt\u00f3rym odbywaj\u0105 si\u0119 przedstawienia teatralne, pokazy film\u00f3w i wystawy, przyczyniaj\u0105c si\u0119 do dynamicznego \u017cycia artystycznego miasta.<\/li>\n<\/ul>\n\n\n\n<p>Jednak zrozumienie niuans\u00f3w tego zr\u00f3\u017cnicowanego krajobrazu biznesowego wymaga dog\u0142\u0119bnego i systematycznego podej\u015bcia poprzez badania rynku w Gainesville, oferuj\u0105ce istotne informacje na temat zachowa\u0144 konsument\u00f3w, trend\u00f3w w bran\u017cy i dynamiki konkurencji.<\/p>\n\n\n\n<h2 class=\"wp-block-heading\" id=\"role-of-market-research-in-gainesville-florida\">Rola bada\u0144 rynku w Gainesville na Florydzie<\/h2>\n\n\n\n<figure class=\"gb-block-image gb-block-image-6fb906d6\"><img loading=\"lazy\" decoding=\"async\" width=\"1456\" height=\"816\" class=\"gb-image gb-image-6fb906d6\" src=\"https:\/\/www.sisinternational.com\/wp-content\/uploads\/2025\/09\/Gainesville-Florida-4.jpg\" alt=\"SIS Mi\u0119dzynarodowe badania rynku i strategia\" title=\"Gainesville, Florida (4)\" srcset=\"https:\/\/www.sisinternational.com\/wp-content\/uploads\/2025\/09\/Gainesville-Florida-4.jpg 1456w, https:\/\/www.sisinternational.com\/wp-content\/uploads\/2025\/09\/Gainesville-Florida-4-300x168.jpg 300w, https:\/\/www.sisinternational.com\/wp-content\/uploads\/2025\/09\/Gainesville-Florida-4-1024x574.jpg 1024w, https:\/\/www.sisinternational.com\/wp-content\/uploads\/2025\/09\/Gainesville-Florida-4-768x430.jpg 768w, https:\/\/www.sisinternational.com\/wp-content\/uploads\/2025\/09\/Gainesville-Florida-4-18x10.jpg 18w\" sizes=\"auto, (max-width: 1456px) 100vw, 1456px\"><\/figure>\n\n\n\n<p><\/p>\n\n\n\n<p>Badania rynku w Gainesville s\u0105 niezb\u0119dne dla rozwijaj\u0105cego si\u0119 \u015brodowiska biznesowego. Dostarczanie dog\u0142\u0119bnych informacji na temat zachowa\u0144 konsument\u00f3w, trend\u00f3w rynkowych i dynamiki bran\u017cy umo\u017cliwia firmom podejmowanie \u015bwiadomych decyzji strategicznych i utrzymanie konkurencyjno\u015bci. Badania rynku w Gainesville pomagaj\u0105 w szczeg\u00f3lno\u015bci:<\/p>\n\n\n\n<ul class=\"wp-block-list\">\n<li><strong>Planowanie strategiczne:<\/strong> Badania rynku pomagaj\u0105 firmom identyfikowa\u0107 szanse i zagro\u017cenia na rynku Gainesville. Mo\u017ce to pom\u00f3c w opracowaniu strategii biznesowych, od rozwoju produktu po plany wej\u015bcia na rynek i ekspansji.<\/li>\n\n\n\n<li><strong>Zrozumienie konsumenta:<\/strong> Badaj\u0105c preferencje, zwyczaje zakupowe i postawy lokalnych konsument\u00f3w, firmy mog\u0105 dostosowywa\u0107 swoje produkty i us\u0142ugi do lokalnych potrzeb, zwi\u0119kszaj\u0105c tym samym zadowolenie i lojalno\u015b\u0107 klient\u00f3w.<\/li>\n\n\n\n<li><strong>Analiza konkurencji:<\/strong> <a href=\"https:\/\/www.sisinternational.com\/pl\/new-york-and-florida-real-estate-competitors\/\" title=\"Konkurenci na rynku nieruchomo\u015bci w Nowym Jorku i na Florydzie\"  data-wpil-monitor-id=\"1441\">Market research offers insights into the strategies<\/a> and performance of competitors, enabling businesses to benchmark their performance and identify areas for improvement through market research in Gainesville.<\/li>\n\n\n\n<li><strong>Zarz\u0105dzanie ryzykiem:<\/strong> W dynamicznie zmieniaj\u0105cym si\u0119 otoczeniu biznesowym, takim jak w Gainesville, badania rynku mog\u0105 pom\u00f3c firmom przewidywa\u0107 zmiany i reagowa\u0107 proaktywnie, zmniejszaj\u0105c w ten spos\u00f3b ryzyko biznesowe.<\/li>\n\n\n\n<li><strong>Innowacja:<\/strong> Badania rynku mog\u0105 wywo\u0142a\u0107 innowacj\u0119 poprzez identyfikacj\u0119 luk na rynku lub niezaspokojonych potrzeb klient\u00f3w. Jest to szczeg\u00f3lnie istotne w rozwijaj\u0105cej si\u0119 scenie technologicznej Gainesville, gdzie zrozumienie potrzeb i zachowa\u0144 u\u017cytkownik\u00f3w mo\u017ce nap\u0119dza\u0107 rozw\u00f3j innowacyjnych rozwi\u0105za\u0144.<\/li>\n<\/ul>\n\n\n\n<p><\/p>\n\n\n\n<!DOCTYPE html>\n<html lang=\"en\">\n<head>\n    <meta charset=\"UTF-8\">\n    <meta name=\"viewport\" content=\"width=device-width, initial-scale=1.0\">\n    <title>Gainesville Market Data<\/title>\n    <style>\n        \/* Responsive Table & SIS International-inspired Styling\n          - Uses corporate blue and a clean, sans-serif font.\n          - Fully responsive design ensures no page distortion on any device.\n        *\/\n        \n        .sis-table-container {\n            font-family: -apple-system, BlinkMacSystemFont, \"Segoe UI\", Roboto, Helvetica, Arial, sans-serif;\n            margin: 2em 0;\n            width: 100%;\n            \/* Allows horizontal scroll on small screens to prevent page distortion *\/\n            overflow-x: auto;\n            -webkit-overflow-scrolling: touch; \/* Smooth scrolling on iOS *\/\n        }\n\n        .sis-table-container h3 {\n            font-size: 1.5rem; \/* 24px *\/\n            font-weight: 600;\n            color: #333;\n            margin-bottom: 0.75em;\n            padding: 0;\n        }\n\n        .sis-table {\n            width: 100%;\n            border-collapse: collapse;\n            min-width: 550px; \/* Ensures table structure holds, container scrolls if needed *\/\n        }\n\n        .sis-table th,\n        .sis-table td {\n            padding: 12px 15px;\n            text-align: left;\n            line-height: 1.5;\n        }\n\n        \/* Header Styling *\/\n        .sis-table thead th {\n            background-color: #005cbf; \/* SIS corporate blue *\/\n            color: #ffffff;\n            font-weight: 600;\n            font-size: 0.9rem; \n            text-transform: uppercase;\n            letter-spacing: 0.5px;\n        }\n\n        \/* Body Styling *\/\n        .sis-table tbody tr {\n            border-bottom: 1px solid #ddd;\n        }\n\n        .sis-table tbody tr:nth-of-type(even) {\n            background-color: #f8f8f8; \/* Light gray alternate rows *\/\n        }\n\n        .sis-table tbody tr:last-of-type {\n            border-bottom: 2px solid #005cbf; \/* Match header blue *\/\n        }\n\n        .sis-table td {\n            color: #444;\n            font-size: 0.95rem; \n            vertical-align: top;\n        }\n        \n        \/* Align data cells *\/\n        .sis-table td:nth-child(2) {\n            text-align: right;\n            white-space: nowrap; \/* Prevents long numbers from wrapping *\/\n        }\n         .sis-table th:nth-child(2) {\n            text-align: right;\n        }\n\n        .sis-table-container .source-caption {\n            margin-top: 10px;\n            font-size: 0.85rem; \n            color: #555;\n            font-style: italic;\n        }\n\n        .sis-table-container .source-caption a {\n            color: #005cbf; \/* Match brand blue *\/\n            text-decoration: none;\n        }\n\n        .sis-table-container .source-caption a:hover {\n            text-decoration: underline;\n        }\n    <\/style>\n<\/head>\n<body>\n\n    <!-- \n      HTML for WordPress:\n      Copy and paste the code from .sis-table-container start to end into a Custom HTML block.\n    -->\n    <div class=\"sis-table-container\">\n        \n        <h3>Gainesville Key Economic and Academic Indicators<\/h3>\n\n        <table class=\"sis-table\">\n            <thead>\n                <tr>\n                    <th>Indicator<\/th>\n                    <th>Value (Recent Estimate)<\/th>\n                <\/tr>\n            <\/thead>\n            <tbody>\n                <tr>\n                    <td>Alachua County Population<\/td>\n                    <td>~280,000<\/td>\n                <\/tr>\n                <tr>\n                    <td>Student Enrollment (University of Florida)<\/td>\n                    <td>Over 60,000<\/td>\n                <\/tr>\n                <tr>\n                    <td>Population with Bachelor&#8217;s Degree or Higher<\/td>\n                    <td>~45% (Alachua County)<\/td>\n                <\/tr>\n                 <tr>\n                    <td>Median Household Income<\/td>\n                    <td>~$61,000<\/td>\n                <\/tr>\n                 <tr>\n                    <td>Largest Employment Sectors<\/td>\n                    <td>Education, Health Care, Retail Trade<\/td>\n                <\/tr>\n            <\/tbody>\n        <\/table>\n\n        <p class=\"source-caption\">\n             Source: Data derived from the <a href=\"https:\/\/data.census.gov\/cedsci\/\" target=\"_blank\" rel=\"noopener noreferrer\">U.S. Census Bureau<\/a> I <a href=\"https:\/\/irp.aa.ufl.edu\/ir-data\/enrollment\/\" target=\"_blank\" rel=\"noopener noreferrer\">University of Florida Institutional Research<\/a> reports from recent periods.\n        <\/p>\n\n    <\/div>\n\n<\/body>\n<\/html>\n\n\n\n<p><\/p>\n\n\n\n<h2 class=\"wp-block-heading\" id=\"market-research-in-gainesville-florida-current-trends\">Badania rynku w Gainesville na Florydzie: aktualne trendy<\/h2>\n\n\n\n<p>Badania rynku w Gainesville do\u015bwiadczaj\u0105 kilku znacz\u0105cych trend\u00f3w, poniewa\u017c firmy dostosowuj\u0105 si\u0119 do zmian w technologii, zachowaniach konsument\u00f3w i og\u00f3lnym krajobrazie biznesowym. Oto niekt\u00f3re z obecnych trend\u00f3w obserwowanych w badaniach rynku w Gainesville:<\/p>\n\n\n\n<ul class=\"wp-block-list\">\n<li><strong>Ekosystem startup\u00f3w:<\/strong> Dzi\u0119ki swoim uniwersyteckim korzeniom Gainesville sta\u0142o si\u0119 gor\u0105cym punktem dla startup\u00f3w, szczeg\u00f3lnie w sektorach technologii i biotechnologii. Badania rynku koncentruj\u0105 si\u0119 na zrozumieniu potrzeb, wyzwa\u0144 i trajektorii wzrostu tych rodz\u0105cych si\u0119 przedsi\u0119biorstw.<\/li>\n\n\n\n<li><strong>Synergia akademicko-przemys\u0142owa:<\/strong> Poniewa\u017c Uniwersytet Florydzki odgrywa kluczow\u0105 rol\u0119 w rozwoju miasta, obserwuje si\u0119 coraz wi\u0119ksz\u0105 tendencj\u0119 do badania wsp\u00f3\u0142pracy mi\u0119dzy \u015brodowiskiem akademickim a przemys\u0142em, zw\u0142aszcza w kontek\u015bcie komercjalizacji bada\u0144 naukowych.<\/li>\n\n\n\n<li><strong>Dynamika rynku nieruchomo\u015bci:<\/strong> Wraz ze wzrostem liczby przedsi\u0119biorstw i m\u0142odych profesjonalist\u00f3w nap\u0142ywaj\u0105cych do miasta, ro\u015bnie zainteresowanie trendami na rynku nieruchomo\u015bci, popytem na mieszkania i rozwojem infrastruktury.<\/li>\n\n\n\n<li><strong>Zaanga\u017cowanie cyfrowe i wdra\u017canie technologii:<\/strong> Obszar cyfrowy, od preferencji w zakresie handlu elektronicznego po korzystanie z platform technologicznych, jest poddawany wnikliwej analizie, aby zrozumie\u0107 cyfrowy puls miasta i jego gotowo\u015b\u0107 na technologie przysz\u0142o\u015bci.<\/li>\n\n\n\n<li><strong>Opieka zdrowotna i badania medyczne:<\/strong> Given the city&#8217;s prominent healthcare institutions and research facilities, there&#8217;s a significant focus on <a href=\"https:\/\/www.sisinternational.com\/pl\/cyberbezpieczenstwo-opieka-zdrowotna\/\" title=\"Badania rynku cyberbezpiecze\u0144stwa w opiece zdrowotnej\" data-wpil-monitor-id=\"7281\">market research within healthcare<\/a> innovations, patient care trends, and medical technology adoption.<\/li>\n\n\n\n<li><strong>Preferencje kulturalne i rekreacyjne:<\/strong> Bogata oferta kulturalna i rekreacyjna Gainesville sprawia, \u017ce prowadzone s\u0105 ci\u0105g\u0142e badania dotycz\u0105ce zaanga\u017cowania kulturalnego mieszka\u0144c\u00f3w, ich wybor\u00f3w rozrywkowych i trend\u00f3w w stylu \u017cycia.<\/li>\n\n\n\n<li><strong>Transport i mobilno\u015b\u0107:<\/strong> Wraz z rozwojem miasta coraz wa\u017cniejsze staje si\u0119 zrozumienie potrzeb transportu publicznego, trend\u00f3w w dziedzinie pojazd\u00f3w i zr\u00f3wnowa\u017conych opcji mobilno\u015bci.<\/li>\n\n\n\n<li><strong>Skupienie lokalne:<\/strong> Bior\u0105c pod uwag\u0119 charakterystyczn\u0105 mieszank\u0119 bran\u017c i unikaln\u0105 struktur\u0119 demograficzn\u0105 Gainesville, wiele firm koncentruje swoje wysi\u0142ki badawcze na rynku lokalnym, aby zrozumie\u0107 specyficzne potrzeby i zachowania rynku Gainesville.<\/li>\n\n\n\n<li><strong>Analiza nastroj\u00f3w konsument\u00f3w:<\/strong> W miar\u0119 jak zmieniaj\u0105 si\u0119 preferencje konsument\u00f3w, firmy zwracaj\u0105 coraz wi\u0119ksz\u0105 uwag\u0119 na analiz\u0119 nastroj\u00f3w, aby dowiedzie\u0107 si\u0119 wi\u0119cej o ich nastawieniu i emocjach w stosunku do swoich produkt\u00f3w i marek.<\/li>\n\n\n\n<li><strong>Wywiad konkurencyjny:<\/strong> Na konkurencyjnym rynku biznesowym Gainesville firmy inwestuj\u0105 w badania rynku, aby dowiedzie\u0107 si\u0119 wi\u0119cej na temat strategii konkurencji i utrzyma\u0107 przewag\u0119.<\/li>\n<\/ul>\n\n\n\n<h2 class=\"wp-block-heading\" id=\"the-future-of-market-research-in-gainesville-florida\">Przysz\u0142o\u015b\u0107 bada\u0144 rynkowych w Gainesville na Florydzie<\/h2>\n\n\n\n<figure class=\"gb-block-image gb-block-image-077a382e\"><img loading=\"lazy\" decoding=\"async\" width=\"1456\" height=\"816\" class=\"gb-image gb-image-077a382e\" src=\"https:\/\/www.sisinternational.com\/wp-content\/uploads\/2025\/09\/Gainesville-Florida-1.jpg\" alt=\"SIS Mi\u0119dzynarodowe badania rynku i strategia\" title=\"Gainesville, Florida (1)\" srcset=\"https:\/\/www.sisinternational.com\/wp-content\/uploads\/2025\/09\/Gainesville-Florida-1.jpg 1456w, https:\/\/www.sisinternational.com\/wp-content\/uploads\/2025\/09\/Gainesville-Florida-1-300x168.jpg 300w, https:\/\/www.sisinternational.com\/wp-content\/uploads\/2025\/09\/Gainesville-Florida-1-1024x574.jpg 1024w, https:\/\/www.sisinternational.com\/wp-content\/uploads\/2025\/09\/Gainesville-Florida-1-768x430.jpg 768w, https:\/\/www.sisinternational.com\/wp-content\/uploads\/2025\/09\/Gainesville-Florida-1-18x10.jpg 18w\" sizes=\"auto, (max-width: 1456px) 100vw, 1456px\"><\/figure>\n\n\n\n<p><\/p>\n\n\n\n<p>W miar\u0119 jak firmy nadal dostrzegaj\u0105 warto\u015b\u0107 spostrze\u017ce\u0144 opartych na danych, oczekuje si\u0119, \u017ce popyt na zaawansowane badania rynku w Gainesville wzro\u015bnie. Oto kilka przewidywanych trend\u00f3w:<\/p>\n\n\n\n<ul class=\"wp-block-list\">\n<li><strong>Integracja AI i Big Data:<\/strong> Rozw\u00f3j startup\u00f3w technologicznych i akademickie skupienie miasta na technologii sugeruj\u0105 przysz\u0142o\u015b\u0107, w kt\u00f3rej AI i big data b\u0119d\u0105 odgrywa\u0107 centraln\u0105 rol\u0119 w badaniach rynku. Spostrze\u017cenia oparte na danych stan\u0105 si\u0119 bardziej precyzyjne, umo\u017cliwiaj\u0105c firmom podejmowanie bardziej \u015bwiadomych decyzji.<\/li>\n\n\n\n<li><strong>Prze\u0142omy w biotechnologii:<\/strong> Bior\u0105c pod uwag\u0119 potencja\u0142 badawczy Uniwersytetu Florydy i rozwijaj\u0105cy si\u0119 sektor biotechnologiczny, mo\u017cna spodziewa\u0107 si\u0119 wzrostu liczby bada\u0144 rynkowych dostosowanych do zmieniaj\u0105cych si\u0119 potrzeb bran\u017cy biotechnologicznej, w tym bada\u0144 klinicznych, wska\u017anik\u00f3w wdra\u017cania technologii i strategii wej\u015bcia na rynek globalny.<\/li>\n\n\n\n<li><strong>Platformy bada\u0144 wsp\u00f3\u0142pracy:<\/strong> W przysz\u0142o\u015bci mo\u017ce powsta\u0107 wi\u0119cej platform wsp\u00f3\u0142pracy, na kt\u00f3rych instytucje akademickie, przedsi\u0119biorstwa i organizacje spo\u0142eczne b\u0119d\u0105 wsp\u00f3lnie prowadzi\u0107 badania, wykorzystuj\u0105c mocne strony ka\u017cdej ze stron.<\/li>\n\n\n\n<li><strong>Praca zdalna i cyfrowy nomadyzm:<\/strong> Wraz z rozwojem pracy zdalnej, badania nad potencja\u0142em Gainesville jako o\u015brodka dla cyfrowych nomad\u00f3w oraz infrastrukturalnymi i spo\u0142eczno-ekonomicznymi skutkami tej zmiany mog\u0105 sta\u0107 si\u0119 znacz\u0105ce.<\/li>\n\n\n\n<li><strong>Wi\u0119kszy nacisk na badania w czasie rzeczywistym:<\/strong> Szybko\u015b\u0107, z jak\u0105 rozwijaj\u0105 si\u0119 rynki, wymaga analizy danych w czasie rzeczywistym. Firmy b\u0119d\u0105 coraz cz\u0119\u015bciej polega\u0107 na badaniach rynku w czasie rzeczywistym, aby wyprzedza\u0107 trendy i podejmowa\u0107 szybkie decyzje strategiczne.<\/li>\n\n\n\n<li><strong>Integracja r\u00f3\u017cnych \u017ar\u00f3de\u0142 danych:<\/strong> Przysz\u0142o\u015b\u0107 bada\u0144 rynku w Gainesville b\u0119dzie opiera\u0107 si\u0119 na wi\u0119kszej integracji r\u00f3\u017cnych \u017ar\u00f3de\u0142 danych, takich jak media spo\u0142eczno\u015bciowe, opinie klient\u00f3w i dane operacyjne, co pozwoli na uzyskanie kompleksowego obrazu rynku.<\/li>\n\n\n\n<li><strong>Badania zr\u00f3wnowa\u017conego rozwoju i wp\u0142ywu spo\u0142ecznego:<\/strong> W miar\u0119 jak przedsi\u0119biorstwa w Gainesville staj\u0105 si\u0119 coraz bardziej \u015bwiadome spo\u0142ecznie, b\u0119dzie ros\u0142o zapotrzebowanie na badania rynku oceniaj\u0105ce wp\u0142yw spo\u0142eczny i postawy konsument\u00f3w wobec zr\u00f3wnowa\u017conego rozwoju.<\/li>\n<\/ul>\n\n\n<h2>Lokalizacja naszego obiektu w Nowym Jorku<\/h2>\n<p><!-- \/wp:post-content --> <!-- wp:html --> <iframe loading=\"lazy\" src=\"https:\/\/www.google.com\/maps\/embed?pb=!1m18!1m12!1m3!1d3022.976188376966!2d-73.99130312499956!3d40.740549471389315!2m3!1f0!2f0!3f0!3m2!1i1024!2i768!4f13.1!3m3!1m2!1s0x89c259a15798c731%3A0xd695d09bdd495f25!2s11%20E%2022nd%20St%20FL%202%2C%20New%20York%2C%20NY%2010010%2C%20USA!5e0!3m2!1sen!2spe!4v1726171763526!5m2!1sen!2spe\" width=\"600\" height=\"450\" allowfullscreen=\"allowfullscreen\" data-mce-fragment=\"1\"><\/iframe> <!-- \/wp:html --> <!-- wp:paragraph --><\/p>\n<h3 class=\"wp-block-heading\">11 E 22nd Street, pi\u0119tro 2, Nowy Jork, NY 10010 T: +1(212) 505-6805<\/h3>\n<hr \/>\n<h2><span style=\"font-weight: 400;\">O firmie SIS International<\/span><\/h2>\n<p><a href=\"https:\/\/www.sisinternational.com\/pl\/\"><span style=\"font-weight: 400;\">SIS Mi\u0119dzynarodowy<\/span><\/a><span style=\"font-weight: 400;\"> oferuje badania ilo\u015bciowe, jako\u015bciowe i strategiczne. Dostarczamy dane, narz\u0119dzia, strategie, raporty i spostrze\u017cenia do podejmowania decyzji. Prowadzimy r\u00f3wnie\u017c wywiady, ankiety, grupy fokusowe i inne metody i podej\u015bcia do bada\u0144 rynku.<\/span><a href=\"https:\/\/www.sisinternational.com\/pl\/o-moich-miedzynarodowych-badaniach\/contact-sis-international-market-research\/\"><span style=\"font-weight: 400;\"> Skontaktuj si\u0119 z nami<\/span><\/a><span style=\"font-weight: 400;\"> dla Twojego kolejnego projektu badania rynku.<\/span><\/p>\n<p><!-- wp:heading --><\/p>\n\n<!-- wp:paragraph -->\n<p>\u00a0<\/p>\n<!-- \/wp:paragraph -->\n\n<!-- wp:paragraph -->\n<p>&nbsp;<\/p>\n<!-- \/wp:paragraph -->\n\n<!-- wp:paragraph -->\n<p>&nbsp;<\/p>\n<!-- \/wp:paragraph --><!-- \/wp:heading -->","protected":false},"excerpt":{"rendered":"<p>Gainesville&#8217;s market landscape presents unique challenges and opportunities for businesses, investors, and stakeholders alike.<\/p>","protected":false},"author":1,"featured_media":66536,"parent":19303,"menu_order":68,"comment_status":"closed","ping_status":"closed","template":"","meta":{"footnotes":""},"class_list":["post-42998","page","type-page","status-publish","has-post-thumbnail"],"_links":{"self":[{"href":"https:\/\/www.sisinternational.com\/pl\/wp-json\/wp\/v2\/pages\/42998","targetHints":{"allow":["GET"]}}],"collection":[{"href":"https:\/\/www.sisinternational.com\/pl\/wp-json\/wp\/v2\/pages"}],"about":[{"href":"https:\/\/www.sisinternational.com\/pl\/wp-json\/wp\/v2\/types\/page"}],"author":[{"embeddable":true,"href":"https:\/\/www.sisinternational.com\/pl\/wp-json\/wp\/v2\/users\/1"}],"replies":[{"embeddable":true,"href":"https:\/\/www.sisinternational.com\/pl\/wp-json\/wp\/v2\/comments?post=42998"}],"version-history":[{"count":7,"href":"https:\/\/www.sisinternational.com\/pl\/wp-json\/wp\/v2\/pages\/42998\/revisions"}],"predecessor-version":[{"id":80929,"href":"https:\/\/www.sisinternational.com\/pl\/wp-json\/wp\/v2\/pages\/42998\/revisions\/80929"}],"up":[{"embeddable":true,"href":"https:\/\/www.sisinternational.com\/pl\/wp-json\/wp\/v2\/pages\/19303"}],"wp:featuredmedia":[{"embeddable":true,"href":"https:\/\/www.sisinternational.com\/pl\/wp-json\/wp\/v2\/media\/66536"}],"wp:attachment":[{"href":"https:\/\/www.sisinternational.com\/pl\/wp-json\/wp\/v2\/media?parent=42998"}],"curies":[{"name":"wp","href":"https:\/\/api.w.org\/{rel}","templated":true}]}}