{"id":42915,"date":"2023-07-26T12:00:52","date_gmt":"2023-07-26T16:00:52","guid":{"rendered":"https:\/\/www.sisinternational.com\/?page_id=42915"},"modified":"2025-10-29T17:35:22","modified_gmt":"2025-10-29T21:35:22","slug":"badania-rynku-naples-floryda","status":"publish","type":"page","link":"https:\/\/www.sisinternational.com\/pl\/zasieg\/north-america\/zasieg-usa\/badania-rynku-naples-floryda\/","title":{"rendered":"Badania rynku w Naples na Florydzie"},"content":{"rendered":"<h1 class=\"wp-block-heading\">Badania rynku w Naples na Florydzie<\/h1>\n\n\n\n<figure class=\"gb-block-image gb-block-image-b35bdb69\"><img loading=\"lazy\" decoding=\"async\" width=\"1456\" height=\"816\" class=\"gb-image gb-image-b35bdb69\" src=\"https:\/\/www.sisinternational.com\/wp-content\/uploads\/2025\/09\/Naples-Florida-4.jpg\" alt=\"SIS Mi\u0119dzynarodowe badania rynku i strategia\" title=\"Naples, Florida (4)\" srcset=\"https:\/\/www.sisinternational.com\/wp-content\/uploads\/2025\/09\/Naples-Florida-4.jpg 1456w, https:\/\/www.sisinternational.com\/wp-content\/uploads\/2025\/09\/Naples-Florida-4-300x168.jpg 300w, https:\/\/www.sisinternational.com\/wp-content\/uploads\/2025\/09\/Naples-Florida-4-1024x574.jpg 1024w, https:\/\/www.sisinternational.com\/wp-content\/uploads\/2025\/09\/Naples-Florida-4-768x430.jpg 768w, https:\/\/www.sisinternational.com\/wp-content\/uploads\/2025\/09\/Naples-Florida-4-18x10.jpg 18w\" sizes=\"auto, (max-width: 1456px) 100vw, 1456px\"><\/figure>\n\n\n\n<p><\/p>\n\n\n\n<hr class=\"wp-block-separator has-alpha-channel-opacity is-style-dots\"\/>\n\n\n\n<p>Krajobraz strategii biznesowych i podejmowania decyzji staje si\u0119 coraz bardziej zorientowany na dane \u2013 i Naples na Florydzie nie jest tu wyj\u0105tkiem.<\/p>\n\n\n\n<p>Od lokalnych M\u015aP po globalne konglomeraty, organizacje rozumiej\u0105 znaczenie analizy rynku, aby porusza\u0107 si\u0119 po jego zawi\u0142o\u015bciach. Z tego powodu badania rynku w Neapolu sta\u0142y si\u0119 czym\u015b wi\u0119cej ni\u017c tylko dobrym narz\u0119dziem strategicznym \u2013 i s\u0105 obecnie niezb\u0119dnym elementem ka\u017cdego solidnego planu biznesowego.<\/p>\n\n\n\n<p><\/p>\n\n\n\n<div class=\"wp-block-columns has-global-color-9-color has-text-color has-background has-link-color wp-elements-6256118dcc002a9f44d8a3fbd925de12 is-layout-flex wp-container-core-columns-is-layout-9d6595d7 wp-block-columns-is-layout-flex\" style=\"background-color:#f7f9fa6e\">\n<div class=\"wp-block-column is-layout-flow wp-block-column-is-layout-flow\" style=\"flex-basis:18%\"><\/div>\n\n\n\n<div class=\"wp-block-column is-vertically-aligned-center is-layout-flow wp-block-column-is-layout-flow\" style=\"flex-basis:71.28%\">\n<div class=\"wp-block-rank-math-toc-block aligncenter has-global-color-9-color has-text-color has-link-color wp-elements-1263cee8700e281a83730e501110397b\" style=\"font-size:16px\" id=\"rank-math-toc\"><h2><br><strong>T<\/strong>able of Contents<\/h2><nav><ul><li class=\"\"><a href=\"#overview-of-naples-economy\">Przegl\u0105d gospodarki Neapolu<\/a><\/li><li class=\"\"><a href=\"#why-is-it-crucial-to-conduct-market-research-in-naples\">Dlaczego tak wa\u017cne jest przeprowadzenie bada\u0144 rynku w Neapolu?<\/a><\/li><li class=\"\"><a href=\"#market-research-in-naples-its-current-trends\">Badania rynku w Neapolu: aktualne trendy<\/a><\/li><li class=\"\"><a href=\"#opportunities-and-challenges-in-conducting-market-research-in-naples\">Mo\u017cliwo\u015bci i wyzwania w prowadzeniu bada\u0144 rynku w Neapolu<\/a><\/li><li class=\"\"><a href=\"#future-prospects-of-market-research-in-naples\">Przysz\u0142e perspektywy bada\u0144 rynku w Neapolu<\/a><\/li><\/ul><\/nav><\/div>\n<\/div>\n<\/div>\n\n\n\n<p><\/p>\n\n\n\n<h2 class=\"wp-block-heading\" id=\"overview-of-naples-economy\">Przegl\u0105d gospodarki Neapolu<\/h2>\n\n\n\n<p>Jednym z kluczowych element\u00f3w struktury gospodarczej miasta jest przemys\u0142 turystyczny. Unikalne i popularne pla\u017ce Neapolu, pola golfowe i luksusowe zakupy sprawiaj\u0105, \u017ce jest to popularny cel podr\u00f3\u017cy dla turyst\u00f3w. Sezonowy wzrost populacji, kt\u00f3ry wi\u0105\u017ce si\u0119 z t\u0105 turystyk\u0105, ma du\u017cy wp\u0142yw na lokaln\u0105 gospodark\u0119 i wp\u0142ywa na zachowania konsument\u00f3w.<\/p>\n\n\n\n<p>Neapol jest r\u00f3wnie\u017c domem dla rosn\u0105cej liczby emeryt\u00f3w. Ta starzej\u0105ca si\u0119 populacja znacz\u0105co wp\u0142ywa na sektor opieki zdrowotnej, kt\u00f3ry jest kolejnym kluczowym sektorem w mie\u015bcie. Dostawcy us\u0142ug opieki zdrowotnej, od szpitali po us\u0142ugi opieki domowej, stanowi\u0105 znaczn\u0105 cz\u0119\u015b\u0107 lokalnej gospodarki.<\/p>\n\n\n\n<p>Similarly, real estate is another significant contributor to Naples&#8217; economy, fueled by the city&#8217;s attractiveness as a retirement destination and a vacation hotspot. The high-end <a href=\"https:\/\/www.sisinternational.com\/pl\/ekspertyza\/branze\/commercial-real-estate-market-research\/\" title=\"Badania rynku nieruchomo\u015bci komercyjnych\"  data-wpil-monitor-id=\"9798\">real estate market<\/a> caters to affluent residents and second-home buyers, influencing the retail sector, particularly luxury goods and services.<\/p>\n\n\n\n<h2 class=\"wp-block-heading\" id=\"why-is-it-crucial-to-conduct-market-research-in-naples\">Dlaczego tak wa\u017cne jest przeprowadzenie bada\u0144 rynku w Neapolu?<\/h2>\n\n\n\n<figure class=\"gb-block-image gb-block-image-d62b6d00\"><img loading=\"lazy\" decoding=\"async\" width=\"1456\" height=\"816\" class=\"gb-image gb-image-d62b6d00\" src=\"https:\/\/www.sisinternational.com\/wp-content\/uploads\/2025\/09\/Naples-Florida-2.jpg\" alt=\"SIS Mi\u0119dzynarodowe badania rynku i strategia\" title=\"Naples, Florida (2)\" srcset=\"https:\/\/www.sisinternational.com\/wp-content\/uploads\/2025\/09\/Naples-Florida-2.jpg 1456w, https:\/\/www.sisinternational.com\/wp-content\/uploads\/2025\/09\/Naples-Florida-2-300x168.jpg 300w, https:\/\/www.sisinternational.com\/wp-content\/uploads\/2025\/09\/Naples-Florida-2-1024x574.jpg 1024w, https:\/\/www.sisinternational.com\/wp-content\/uploads\/2025\/09\/Naples-Florida-2-768x430.jpg 768w, https:\/\/www.sisinternational.com\/wp-content\/uploads\/2025\/09\/Naples-Florida-2-18x10.jpg 18w\" sizes=\"auto, (max-width: 1456px) 100vw, 1456px\"><\/figure>\n\n\n\n<p><\/p>\n\n\n\n<p>Badania rynku s\u0105 niezb\u0119dne, aby w pe\u0142ni zrozumie\u0107 krajobraz biznesowy ka\u017cdego miasta. Ale w Neapolu s\u0105 jeszcze bardziej krytyczne z kilku powod\u00f3w:<\/p>\n\n\n\n<ul class=\"wp-block-list\">\n<li><strong>Zrozumienie preferencji klient\u00f3w w Neapolu:<\/strong> Z gospodark\u0105 kszta\u0142towan\u0105 przez zamo\u017cnych mieszka\u0144c\u00f3w, znaczn\u0105 populacj\u0119 emeryt\u00f3w i sezonowych turyst\u00f3w, Neapol mo\u017ce pochwali\u0107 si\u0119 unikaln\u0105 mieszank\u0105 konsument\u00f3w. Dlatego badania rynku w Neapolu s\u0105 kluczowe dla zrozumienia r\u00f3\u017cnorodnych preferencji, zachowa\u0144 i potrzeb tych r\u00f3\u017cnych segment\u00f3w klient\u00f3w.<\/li>\n\n\n\n<li><strong>Poruszanie si\u0119 po konkurencyjnym krajobrazie:<\/strong> Bior\u0105c pod uwag\u0119 r\u00f3\u017cnorodno\u015b\u0107 bran\u017c w Neapolu \u2013 od opieki zdrowotnej i nieruchomo\u015bci po turystyk\u0119 i technologi\u0119 \u2013 firmy staj\u0105 w obliczu konkurencji z r\u00f3\u017cnych stron. Jednak badania rynku w Neapolu pomagaj\u0105 firmom zrozumie\u0107 swoich konkurent\u00f3w, zidentyfikowa\u0107 ich unikalne propozycje sprzeda\u017cy i okre\u015bli\u0107 ich pozycj\u0119 rynkow\u0105.<\/li>\n\n\n\n<li><strong>Enhancing <\/strong><a href=\"https:\/\/www.sisinternational.com\/pl\/ekspertyza\/branze\/food-beverage-voice-of-the-customer-market-research\/\" title=\"Badania rynku \u017cywno\u015bci i napoj\u00f3w G\u0142os klienta\"  data-wpil-monitor-id=\"9801\">Customer Satisfaction: Through market research<\/a>, businesses can gain a deeper understanding of their customer&#8217;s needs and preferences. This knowledge can guide efforts to improve product offerings, customer service, and overall customer experience, leading to increased customer satisfaction and loyalty.<\/li>\n\n\n\n<li><strong>Podejmowanie \u015bwiadomych decyzji biznesowych:<\/strong> By providing robust and reliable data, market research can support informed decision-making. Whether it&#8217;s determining the viability of a new product or choosing the best location for a new store, <a href=\"https:\/\/www.sisinternational.com\/pl\/publikacje\/scalable-business-market-research-7-ways-to-build-a-scalable-business\/\" title=\"Skalowalne badania rynku biznesowego: 7 sposob\u00f3w na zbudowanie skalowalnego biznesu\"  data-wpil-monitor-id=\"9802\">market research can help businesses<\/a> make decisions that are grounded in data rather than guesswork.<\/li>\n<\/ul>\n\n\n\n<p><\/p>\n\n\n\n<!DOCTYPE html>\n<html lang=\"en\">\n<head>\n    <meta charset=\"UTF-8\">\n    <meta name=\"viewport\" content=\"width=device-width, initial-scale=1.0\">\n    <title>Naples, FL Market Data<\/title>\n    <style>\n        \/* Responsive Table & SIS International-inspired Styling\n          - Uses a corporate blue and clean, sans-serif fonts.\n          - Fully responsive with horizontal scroll on small screens to prevent page distortion.\n        *\/\n        \n        .sis-table-container {\n            font-family: -apple-system, BlinkMacSystemFont, \"Segoe UI\", Roboto, Helvetica, Arial, sans-serif;\n            margin: 2em 0;\n            width: 100%;\n            \/* Allows horizontal scroll on small screens if needed *\/\n            overflow-x: auto;\n            -webkit-overflow-scrolling: touch; \/* Smooth scrolling on iOS *\/\n        }\n\n        .sis-table-container h3 {\n            font-size: 1.5rem; \/* 24px *\/\n            font-weight: 600;\n            color: #333;\n            margin-bottom: 0.75em;\n            padding: 0;\n        }\n\n        .sis-table {\n            width: 100%;\n            border-collapse: collapse;\n            min-width: 550px; \/* Ensures layout preservation, container scrolls if needed *\/\n        }\n\n        .sis-table th,\n        .sis-table td {\n            padding: 12px 15px;\n            text-align: left;\n            line-height: 1.5;\n        }\n\n        \/* Header Styling *\/\n        .sis-table thead th {\n            background-color: #005cbf; \/* SIS corporate blue *\/\n            color: #ffffff;\n            font-weight: 600;\n            font-size: 0.9rem; \/* 14.4px *\/\n            text-transform: uppercase;\n            letter-spacing: 0.5px;\n        }\n\n        \/* Body Styling *\/\n        .sis-table tbody tr {\n            border-bottom: 1px solid #ddd;\n        }\n\n        .sis-table tbody tr:nth-of-type(even) {\n            background-color: #f8f8f8; \/* Light gray alternate rows *\/\n        }\n\n        .sis-table tbody tr:last-of-type {\n            border-bottom: 2px solid #005cbf; \/* Match header blue *\/\n        }\n\n        .sis-table td {\n            color: #444;\n            font-size: 0.95rem; \/* 15.2px *\/\n            vertical-align: top;\n        }\n        \n        \/* Align data cells *\/\n        .sis-table td:nth-child(2) {\n            text-align: right;\n            white-space: nowrap;\n        }\n         .sis-table th:nth-child(2) {\n            text-align: right;\n        }\n\n\n        .sis-table-container .source-caption {\n            margin-top: 10px;\n            font-size: 0.85rem; \/* 13.6px *\/\n            color: #555;\n            font-style: italic;\n        }\n\n        .sis-table-container .source-caption a {\n            color: #005cbf; \/* Match brand blue *\/\n            text-decoration: none;\n        }\n\n        .sis-table-container .source-caption a:hover {\n            text-decoration: underline;\n        }\n    <\/style>\n<\/head>\n<body>\n\n    <!-- \n      HTML for WordPress:\n      Copy and paste the code from .sis-table-container start to end into a Custom HTML block.\n    -->\n    <div class=\"sis-table-container\">\n        \n        <h3>Naples, Florida (Collier County) Key Market Demographics<\/h3>\n\n        <table class=\"sis-table\">\n            <thead>\n                <tr>\n                    <th>Indicator<\/th>\n                    <th>Value (Recent Estimate)<\/th>\n                <\/tr>\n            <\/thead>\n            <tbody>\n                <tr>\n                    <td>County Population (Collier)<\/td>\n                    <td>~390,000<\/td>\n                <\/tr>\n                <tr>\n                    <td>Median Household Income<\/td>\n                    <td>~$81,000<\/td>\n                <\/tr>\n                <tr>\n                    <td>Median Home Value<\/td>\n                    <td>~$410,000<\/td>\n                <\/tr>\n                 <tr>\n                    <td>Population aged 65 years and over<\/td>\n                    <td>~30%<\/td>\n                <\/tr>\n                 <tr>\n                    <td>Unemployment Rate (Collier County)<\/td>\n                    <td>~3.5%<\/td>\n                <\/tr>\n            <\/tbody>\n        <\/table>\n\n        <p class=\"source-caption\">\n             Source: Data derived from the <a href=\"https:\/\/www.census.gov\/quickfacts\/fact\/table\/colliercountyflorida\/PST045223\" target=\"_blank\" rel=\"noopener noreferrer\">U.S. Census Bureau QuickFacts<\/a> I <a href=\"https:\/\/www.bls.gov\/eag\/eag.fl_naples_md.htm\" target=\"_blank\" rel=\"noopener noreferrer\">Bureau of Labor Statistics (BLS)<\/a>, covering recent years.\n        <\/p>\n\n    <\/div>\n\n<\/body>\n<\/html>\n\n\n\n\n<p><\/p>\n\n\n\n<h2 class=\"wp-block-heading\" id=\"market-research-in-naples-its-current-trends\">Badania rynku w Neapolu: aktualne trendy<\/h2>\n\n\n\n<p>W miar\u0119 jak krajobraz biznesowy Neapolu ewoluuje, firmy wykorzystuj\u0105 te trendy, aby uzyska\u0107 g\u0142\u0119bszy wgl\u0105d w swoich klient\u00f3w, rynki i konkurent\u00f3w. Oto niekt\u00f3re z obecnych trend\u00f3w w badaniach rynku w Neapolu:<\/p>\n\n\n\n<ul class=\"wp-block-list\">\n<li><strong>Digitalizacja:<\/strong> Poniewa\u017c technologia cyfrowa nadal przenika ka\u017cdy aspekt biznesu, badania rynku w Neapolu coraz bardziej staj\u0105 si\u0119 cyfrowe. Firmy wykorzystuj\u0105 narz\u0119dzia cyfrowe do ankiet, sonda\u017cy i s\u0142uchania medi\u00f3w spo\u0142eczno\u015bciowych, aby zbiera\u0107 informacje na temat zachowa\u0144 klient\u00f3w i trend\u00f3w rynkowych.<\/li>\n\n\n\n<li><strong>Analiza predykcyjna:<\/strong> Dzi\u0119ki danym i zaawansowanej analityce firmy mog\u0105 przewidywa\u0107 przysz\u0142e trendy i zachowania klient\u00f3w. To przysz\u0142o\u015bciowe podej\u015bcie pozwala firmom by\u0107 proaktywnymi, podejmuj\u0105c strategiczne decyzje w oparciu o przysz\u0142e przewidywania.<\/li>\n\n\n\n<li><strong><a href=\"https:\/\/www.sisinternational.com\/pl\/handel-stacjonarny-i-rewolucja-mobilna\/\" title=\"Badania rynku detalicznego w telefonach kom\u00f3rkowych\" data-wpil-monitor-id=\"9800\">mobile market research<\/a>:<\/strong> Poniewa\u017c wi\u0119kszo\u015b\u0107 przegl\u0105dania Internetu odbywa si\u0119 teraz na urz\u0105dzeniach mobilnych, badania rynku mobilnego s\u0105 coraz popularniejsze. Firmy wykorzystuj\u0105 ankiety mobilne, badania oparte na lokalizacji i dane o korzystaniu z urz\u0105dze\u0144 mobilnych, aby uzyska\u0107 wgl\u0105d w zachowania klient\u00f3w.<\/li>\n<\/ul>\n\n\n\n<h2 class=\"wp-block-heading\" id=\"opportunities-and-challenges-in-conducting-market-research-in-naples\">Mo\u017cliwo\u015bci i wyzwania w prowadzeniu bada\u0144 rynku w Neapolu<\/h2>\n\n\n\n<figure class=\"gb-block-image gb-block-image-65ef9f55\"><img loading=\"lazy\" decoding=\"async\" width=\"1456\" height=\"816\" class=\"gb-image gb-image-65ef9f55\" src=\"https:\/\/www.sisinternational.com\/wp-content\/uploads\/2025\/09\/Naples-Florida-1.jpg\" alt=\"SIS Mi\u0119dzynarodowe badania rynku i strategia\" title=\"Naples, Florida (1)\" srcset=\"https:\/\/www.sisinternational.com\/wp-content\/uploads\/2025\/09\/Naples-Florida-1.jpg 1456w, https:\/\/www.sisinternational.com\/wp-content\/uploads\/2025\/09\/Naples-Florida-1-300x168.jpg 300w, https:\/\/www.sisinternational.com\/wp-content\/uploads\/2025\/09\/Naples-Florida-1-1024x574.jpg 1024w, https:\/\/www.sisinternational.com\/wp-content\/uploads\/2025\/09\/Naples-Florida-1-768x430.jpg 768w, https:\/\/www.sisinternational.com\/wp-content\/uploads\/2025\/09\/Naples-Florida-1-18x10.jpg 18w\" sizes=\"auto, (max-width: 1456px) 100vw, 1456px\"><\/figure>\n\n\n\n<p><\/p>\n\n\n\n<p>Podobnie jak ka\u017cda dzia\u0142alno\u015b\u0107 biznesowa, prowadzenie bada\u0144 rynku w Neapolu wi\u0105\u017ce si\u0119 z szeregiem wyj\u0105tkowych wyzwa\u0144 i mo\u017cliwo\u015bci.<\/p>\n\n\n\n<h3 class=\"wp-block-heading\">Mo\u017cliwo\u015bci:<\/h3>\n\n\n\n<ul class=\"wp-block-list\">\n<li><strong>Kwitn\u0105cy krajobraz biznesowy:<\/strong> Neapol jest domem dla kwitn\u0105cego krajobrazu biznesowego z r\u00f3\u017cnorodnym wachlarzem bran\u017c. Daje to firmom wiele mo\u017cliwo\u015bci anga\u017cowania si\u0119 w r\u00f3\u017cne rodzaje bada\u0144 rynku.<\/li>\n\n\n\n<li><strong>Coraz wi\u0119kszy nacisk na do\u015bwiadczenie klienta:<\/strong> Poniewa\u017c przedsi\u0119biorstwa w Neapolu przywi\u0105zuj\u0105 coraz wi\u0119ksz\u0105 wag\u0119 do poprawy jako\u015bci obs\u0142ugi klienta, pojawiaj\u0105 si\u0119 mo\u017cliwo\u015bci przeprowadzenia bardziej dog\u0142\u0119bnych i wyspecjalizowanych bada\u0144 rynku skupionych na kliencie.<\/li>\n\n\n\n<li><strong>Dost\u0119p do bogactwa danych:<\/strong> Dzi\u0119ki upowszechnieniu technologii cyfrowych przedsi\u0119biorstwa zyskuj\u0105 dost\u0119p do ogromnej liczby danych, co otwiera mo\u017cliwo\u015bci przeprowadzania bardziej kompleksowych i szczeg\u00f3\u0142owych bada\u0144 rynku.<\/li>\n<\/ul>\n\n\n\n<h3 class=\"wp-block-heading\">Wyzwania:<\/h3>\n\n\n\n<ul class=\"wp-block-list\">\n<li><strong>Sezonowe zmiany populacji:<\/strong> Naples is known for its fluctuating population, with a significant increase in residents during the winter months. This presents a challenge for <a href=\"https:\/\/www.sisinternational.com\/pl\/b2b-market-research-strategies-and-techniques\/\" title=\"B2B Market Research Strategies and Techniques\" data-wpil-monitor-id=\"9803\">market research as it requires strategies<\/a> to accurately account for these variations.<\/li>\n\n\n\n<li><strong>Zr\u00f3\u017cnicowane dane demograficzne:<\/strong> Neapol go\u015bci zr\u00f3\u017cnicowan\u0105 grup\u0119 demograficzn\u0105, od emeryt\u00f3w po m\u0142ode rodziny i pracuj\u0105cych profesjonalist\u00f3w. Zrozumienie zr\u00f3\u017cnicowanych potrzeb i preferencji tych odr\u0119bnych grup mo\u017ce by\u0107 skomplikowane.<\/li>\n\n\n\n<li><strong>Szybkie zmiany na rynku:<\/strong> Wraz z rozwojem bran\u017cy technologicznej i szybk\u0105 ewolucj\u0105 nawyk\u00f3w konsument\u00f3w, firmy musz\u0105 by\u0107 na bie\u017c\u0105co i szybko si\u0119 dostosowywa\u0107. Wymaga to ci\u0105g\u0142ych i aktualnych bada\u0144 rynku.<\/li>\n<\/ul>\n\n\n\n<h2 class=\"wp-block-heading\" id=\"future-prospects-of-market-research-in-naples\">Przysz\u0142e perspektywy bada\u0144 rynku w Neapolu<\/h2>\n\n\n\n<figure class=\"gb-block-image gb-block-image-61384dc3\"><img loading=\"lazy\" decoding=\"async\" width=\"1456\" height=\"816\" class=\"gb-image gb-image-61384dc3\" src=\"https:\/\/www.sisinternational.com\/wp-content\/uploads\/2025\/09\/Naples-Florida-5.jpg\" alt=\"SIS Mi\u0119dzynarodowe badania rynku i strategia\" title=\"Naples, Florida (5)\" srcset=\"https:\/\/www.sisinternational.com\/wp-content\/uploads\/2025\/09\/Naples-Florida-5.jpg 1456w, https:\/\/www.sisinternational.com\/wp-content\/uploads\/2025\/09\/Naples-Florida-5-300x168.jpg 300w, https:\/\/www.sisinternational.com\/wp-content\/uploads\/2025\/09\/Naples-Florida-5-1024x574.jpg 1024w, https:\/\/www.sisinternational.com\/wp-content\/uploads\/2025\/09\/Naples-Florida-5-768x430.jpg 768w, https:\/\/www.sisinternational.com\/wp-content\/uploads\/2025\/09\/Naples-Florida-5-18x10.jpg 18w\" sizes=\"auto, (max-width: 1456px) 100vw, 1456px\"><\/figure>\n\n\n\n<p><\/p>\n\n\n\n<p>Badania rynku w Neapolu s\u0105 na dobrej drodze, aby kontynuowa\u0107 swoj\u0105 trajektori\u0119 wzrostu i innowacji. Nap\u0119dzane post\u0119pem technologicznym, zmieniaj\u0105cym si\u0119 zachowaniem konsument\u00f3w i potrzeb\u0105 bardziej praktycznych spostrze\u017ce\u0144, przysz\u0142o\u015b\u0107 bada\u0144 rynku w tym regionie przedstawia szereg obiecuj\u0105cych perspektyw:<\/p>\n\n\n\n<ul class=\"wp-block-list\">\n<li><strong>Integracja sztucznej inteligencji i uczenia maszynowego:<\/strong> AI and machine learning will increasingly become a part of <a href=\"https:\/\/www.sisinternational.com\/pl\/rozwiazania\/badania-rynku-i-doradztwo-strategiczne-w-zakresie-sztucznej-inteligencji\/natural-language-processing-ai-market-research\/\" title=\"Badania rynku sztucznej inteligencji w zakresie przetwarzania j\u0119zyka naturalnego\" data-wpil-monitor-id=\"9799\">market research processes<\/a>, from data collection to analysis. These technologies can process large data sets quickly, recognize patterns, and offer predictive insights, all of which can dramatically enhance the quality of market research outcomes.<\/li>\n\n\n\n<li><strong>Nacisk na do\u015bwiadczenie klienta:<\/strong> As businesses seek to differentiate themselves in a crowded marketplace, there will be a growing focus on improving the customer experience. Market research in Naples is essential to understand local customer needs and preferences, <a href=\"https:\/\/www.sisinternational.com\/pl\/rozwiazania\/rozwiazania-w-zakresie-brandingu-i-badan-klientow\/mapowanie-sciezki-klienta\/\" title=\"Mapowanie \u015bcie\u017cki klienta\" data-wpil-monitor-id=\"9796\">mapping customer journeys<\/a>, and enhancing customer satisfaction.<\/li>\n\n\n\n<li><strong>Badania wielokana\u0142owe:<\/strong> Poniewa\u017c klienci anga\u017cuj\u0105 si\u0119 w dzia\u0142alno\u015b\u0107 firm za po\u015brednictwem r\u00f3\u017cnych kana\u0142\u00f3w, potrzeba bada\u0144 wielokana\u0142owych b\u0119dzie si\u0119 nasila\u0107. Ten rodzaj bada\u0144 zapewnia holistyczny obraz do\u015bwiadcze\u0144 klient\u00f3w we wszystkich punktach styku, pomagaj\u0105c firmom udoskonali\u0107 ich og\u00f3ln\u0105 strategi\u0119.<\/li>\n\n\n\n<li><strong>Skup si\u0119 na zr\u00f3wnowa\u017conym rozwoju:<\/strong> W miar\u0119 jak spo\u0142ecze\u0144stwo staje si\u0119 coraz bardziej \u015bwiadome znaczenia zr\u00f3wnowa\u017conego rozwoju, firmy b\u0119d\u0105 wykorzystywa\u0107 badania rynku, aby zrozumie\u0107 nastawienie klient\u00f3w do praktyk i produkt\u00f3w przyjaznych dla \u015brodowiska. Informacje te pomog\u0105 firmom w opracowywaniu bardziej zr\u00f3wnowa\u017conych praktyk i produkt\u00f3w.<\/li>\n<\/ul>\n\n\n<h2>Lokalizacja naszego obiektu w Nowym Jorku<\/h2>\n<p><!-- \/wp:post-content --> <!-- wp:html --> <iframe loading=\"lazy\" src=\"https:\/\/www.google.com\/maps\/embed?pb=!1m18!1m12!1m3!1d3022.976188376966!2d-73.99130312499956!3d40.740549471389315!2m3!1f0!2f0!3f0!3m2!1i1024!2i768!4f13.1!3m3!1m2!1s0x89c259a15798c731%3A0xd695d09bdd495f25!2s11%20E%2022nd%20St%20FL%202%2C%20New%20York%2C%20NY%2010010%2C%20USA!5e0!3m2!1sen!2spe!4v1726171763526!5m2!1sen!2spe\" width=\"600\" height=\"450\" allowfullscreen=\"allowfullscreen\" data-mce-fragment=\"1\"><\/iframe> <!-- \/wp:html --> <!-- wp:paragraph --><\/p>\n<h3 class=\"wp-block-heading\">11 E 22nd Street, pi\u0119tro 2, Nowy Jork, NY 10010 T: +1(212) 505-6805<\/h3>\n<hr \/>\n<h2><span style=\"font-weight: 400;\">O firmie SIS International<\/span><\/h2>\n<p><a href=\"https:\/\/www.sisinternational.com\/pl\/\"><span style=\"font-weight: 400;\">SIS Mi\u0119dzynarodowy<\/span><\/a><span style=\"font-weight: 400;\"> offers Quantitative, Qualitative, and Strategy Research. We provide data, tools, strategies, reports, and insights for decision-making. We also conduct interviews, surveys, focus groups, and other <a href=\"https:\/\/www.sisinternational.com\/pl\/quantitative-market-research-methods-and-techniques\/\" title=\"Quantitative Market Research Methods and Techniques\" data-wpil-monitor-id=\"9797\">Market Research methods<\/a> and approaches.<\/span><a href=\"https:\/\/www.sisinternational.com\/pl\/o-moich-miedzynarodowych-badaniach\/contact-sis-international-market-research\/\"><span style=\"font-weight: 400;\"> Skontaktuj si\u0119 z nami<\/span><\/a><span style=\"font-weight: 400;\"> dla Twojego kolejnego projektu badania rynku.<\/span><\/p>\n<p><!-- wp:heading --><\/p>\n<h2 id=\"about-sis-international\" class=\"wp-block-heading\">\u00a0<\/h2>\n\n<!-- \/wp:heading -->","protected":false},"excerpt":{"rendered":"<p>Market Research in Naples shows bright prospects for growth and innovation. Technology, consumer behavior, and insights shape Naple&#8217;s future.<\/p>","protected":false},"author":1,"featured_media":66682,"parent":19303,"menu_order":63,"comment_status":"closed","ping_status":"closed","template":"","meta":{"footnotes":""},"class_list":["post-42915","page","type-page","status-publish","has-post-thumbnail"],"_links":{"self":[{"href":"https:\/\/www.sisinternational.com\/pl\/wp-json\/wp\/v2\/pages\/42915","targetHints":{"allow":["GET"]}}],"collection":[{"href":"https:\/\/www.sisinternational.com\/pl\/wp-json\/wp\/v2\/pages"}],"about":[{"href":"https:\/\/www.sisinternational.com\/pl\/wp-json\/wp\/v2\/types\/page"}],"author":[{"embeddable":true,"href":"https:\/\/www.sisinternational.com\/pl\/wp-json\/wp\/v2\/users\/1"}],"replies":[{"embeddable":true,"href":"https:\/\/www.sisinternational.com\/pl\/wp-json\/wp\/v2\/comments?post=42915"}],"version-history":[{"count":5,"href":"https:\/\/www.sisinternational.com\/pl\/wp-json\/wp\/v2\/pages\/42915\/revisions"}],"predecessor-version":[{"id":81629,"href":"https:\/\/www.sisinternational.com\/pl\/wp-json\/wp\/v2\/pages\/42915\/revisions\/81629"}],"up":[{"embeddable":true,"href":"https:\/\/www.sisinternational.com\/pl\/wp-json\/wp\/v2\/pages\/19303"}],"wp:featuredmedia":[{"embeddable":true,"href":"https:\/\/www.sisinternational.com\/pl\/wp-json\/wp\/v2\/media\/66682"}],"wp:attachment":[{"href":"https:\/\/www.sisinternational.com\/pl\/wp-json\/wp\/v2\/media?parent=42915"}],"curies":[{"name":"wp","href":"https:\/\/api.w.org\/{rel}","templated":true}]}}