{"id":42898,"date":"2023-07-20T21:24:06","date_gmt":"2023-07-21T01:24:06","guid":{"rendered":"https:\/\/www.sisinternational.com\/?page_id=42898"},"modified":"2026-01-27T16:35:02","modified_gmt":"2026-01-27T21:35:02","slug":"karaibska-firma-badawcza-rynku","status":"publish","type":"page","link":"https:\/\/www.sisinternational.com\/pl\/zasieg\/badania-rynku-na-karaibach\/karaibska-firma-badawcza-rynku\/","title":{"rendered":"Firma badawcza rynku karaibskiego"},"content":{"rendered":"<h1 class=\"wp-block-heading\">Firma badawcza rynku karaibskiego<\/h1>\n\n\n\n<figure class=\"gb-block-image gb-block-image-2a7df5bf\"><img loading=\"lazy\" decoding=\"async\" width=\"1456\" height=\"816\" class=\"gb-image gb-image-2a7df5bf\" src=\"https:\/\/www.sisinternational.com\/wp-content\/uploads\/2025\/09\/Dutch-Caribbean-1.jpg\" alt=\"SIS Mi\u0119dzynarodowe badania rynku i strategia\" title=\"Dutch Caribbean (1)\" srcset=\"https:\/\/www.sisinternational.com\/wp-content\/uploads\/2025\/09\/Dutch-Caribbean-1.jpg 1456w, https:\/\/www.sisinternational.com\/wp-content\/uploads\/2025\/09\/Dutch-Caribbean-1-300x168.jpg 300w, https:\/\/www.sisinternational.com\/wp-content\/uploads\/2025\/09\/Dutch-Caribbean-1-1024x574.jpg 1024w, https:\/\/www.sisinternational.com\/wp-content\/uploads\/2025\/09\/Dutch-Caribbean-1-768x430.jpg 768w, https:\/\/www.sisinternational.com\/wp-content\/uploads\/2025\/09\/Dutch-Caribbean-1-18x10.jpg 18w\" sizes=\"auto, (max-width: 1456px) 100vw, 1456px\"><\/figure>\n\n\n\n<p><\/p>\n\n\n\n<hr class=\"wp-block-separator has-alpha-channel-opacity is-style-dots\"\/>\n\n\n\n<p>Karaiby oferuj\u0105 firmom wyj\u0105tkowy zestaw mo\u017cliwo\u015bci. Jednak skorzystanie z tych perspektyw wymaga g\u0142\u0119bokiego i niuansowego zrozumienia dynamiki rynku regionu, kt\u00f3re mo\u017ce zapewni\u0107 jedynie oddany personel Caribbean Market Research Company.<\/p>\n\n\n\n<p>Dzi\u0119ki wykwalifikowanemu wsparciu globalna firma mo\u017ce dysponowa\u0107 niezb\u0119dn\u0105 wiedz\u0105 na temat rynku karaibskiego, opart\u0105 na systematycznych, obiektywnych i wyczerpuj\u0105cych badaniach.<\/p>\n\n\n\n<h2 class=\"wp-block-heading\">Czym zajmuje si\u0119 firma zajmuj\u0105ca si\u0119 badaniami rynku karaibskiego?<\/h2>\n\n\n\n<p>A <a href=\"https:\/\/www.sisinternational.com\/pl\/zasieg\/ameryka\/badania-rynku-na-karaibach\/badania-rynku-holenderski-karaibski\/\" title=\"Badania rynku na Karaibach Holenderskich\"  data-wpil-monitor-id=\"5818\">Badania rynku karaibskiego<\/a> Company provides customized services that enable businesses to understand the region&#8217;s complex market environment, with an emphasis on the markets that best fit the company&#8217;s needs and have the greatest potential for future growth.<\/p>\n\n\n\n<p>Dzi\u0119ki prowadzeniu dog\u0142\u0119bnych i dostosowanych do potrzeb bada\u0144 firmy te dostarczaj\u0105 cennych informacji na temat zachowa\u0144 konsument\u00f3w, trend\u00f3w rynkowych, otoczenia konkurencyjnego i niuans\u00f3w regulacyjnych charakterystycznych dla regionu Karaib\u00f3w.<\/p>\n\n\n\n<h2 class=\"wp-block-heading\">Znaczenie bada\u0144 rynkowych na Karaibach<\/h2>\n\n\n\n<figure class=\"gb-block-image gb-block-image-a03178db\"><img loading=\"lazy\" decoding=\"async\" width=\"1456\" height=\"816\" class=\"gb-image gb-image-a03178db\" src=\"https:\/\/www.sisinternational.com\/wp-content\/uploads\/2025\/09\/Dutch-Caribbean-4.jpg\" alt=\"SIS Mi\u0119dzynarodowe badania rynku i strategia\" title=\"Dutch Caribbean (4)\" srcset=\"https:\/\/www.sisinternational.com\/wp-content\/uploads\/2025\/09\/Dutch-Caribbean-4.jpg 1456w, https:\/\/www.sisinternational.com\/wp-content\/uploads\/2025\/09\/Dutch-Caribbean-4-300x168.jpg 300w, https:\/\/www.sisinternational.com\/wp-content\/uploads\/2025\/09\/Dutch-Caribbean-4-1024x574.jpg 1024w, https:\/\/www.sisinternational.com\/wp-content\/uploads\/2025\/09\/Dutch-Caribbean-4-768x430.jpg 768w, https:\/\/www.sisinternational.com\/wp-content\/uploads\/2025\/09\/Dutch-Caribbean-4-18x10.jpg 18w\" sizes=\"auto, (max-width: 1456px) 100vw, 1456px\"><\/figure>\n\n\n\n<p><\/p>\n\n\n\n<p>Market research is a fundamental pillar for any business seeking to succeed in a competitive environment \u2013 and the Caribbean region is no exception. A Caribbean <a href=\"https:\/\/www.sisinternational.com\/pl\/zasieg\/ameryka\/zasieg-usa\/firma-badawcza-rynku-atlanta\/\" title=\"Firma badawcza rynku w Atlancie\"  data-wpil-monitor-id=\"6418\">Market Research Company<\/a> plays an essential role in helping businesses understand the intricacies of this diverse market.<\/p>\n\n\n\n<h3 class=\"wp-block-heading\">Przyk\u0142adowo, niekt\u00f3re z najwa\u017cniejszych element\u00f3w, jakie mo\u017ce uzyska\u0107 firma, to:<\/h3>\n\n\n\n<ul class=\"wp-block-list\">\n<li><strong>G\u0142\u0119bokie zrozumienie rynku:<\/strong> Firma badawcza rynku karaibskiego zapewnia przedsi\u0119biorstwom jasny obraz tego wyj\u0105tkowego rynku. Identyfikuje kluczowe cechy demograficzne i spo\u0142eczno-ekonomiczne, preferencje konsument\u00f3w i trendy, kt\u00f3re wp\u0142ywaj\u0105 na dynamik\u0119 rynku.<\/li>\n\n\n\n<li><strong>Kierowanie strategi\u0105 biznesow\u0105:<\/strong> The insights <a href=\"https:\/\/www.sisinternational.com\/pl\/rozwiazania\/badania-rynku-i-doradztwo-strategiczne-w-zakresie-sztucznej-inteligencji\/generative-ai-market-research\/\" title=\"Generative AI Market Research\"  data-wpil-monitor-id=\"2044\">generated by a Caribbean Market Research<\/a> Company can significantly influence a business&#8217;s strategic decisions. These insights can guide aspects like product development, pricing, marketing and sales strategies \u2013 and even business expansion plans in the Caribbean region.<\/li>\n\n\n\n<li><strong>\u0141agodzenie ryzyka:<\/strong> Wej\u015bcie na nowy rynek lub wprowadzenie nowego produktu zawsze wi\u0105\u017ce si\u0119 z ryzykiem. W zwi\u0105zku z tym kompleksowe badania rynku mog\u0105 pom\u00f3c z\u0142agodzi\u0107 te ryzyka, dostarczaj\u0105c opartych na danych spostrze\u017ce\u0144 na temat potencjalnych wyzwa\u0144 i mo\u017cliwo\u015bci. Mog\u0105 pom\u00f3c globalnym przedsi\u0119biorstwom zrozumie\u0107 krajobraz konkurencyjny, otoczenie regulacyjne i potencjalne bariery wej\u015bcia.<\/li>\n\n\n\n<li><strong>Identyfikacja szans:<\/strong> Firma zajmuj\u0105ca si\u0119 badaniami rynku na Karaibach mo\u017ce identyfikowa\u0107 i kwantyfikowa\u0107 mo\u017cliwo\u015bci rynkowe, kt\u00f3re firmy mog\u0105 przeoczy\u0107. Obejmuje to nowe segmenty klient\u00f3w, niezagospodarowane obszary geograficzne, nisze rynkowe i pojawiaj\u0105ce si\u0119 trendy, kt\u00f3re mo\u017cna wykorzysta\u0107 do wzrostu.<\/li>\n\n\n\n<li><strong>Budowanie zrozumienia klienta:<\/strong> Zrozumienie zachowa\u0144, preferencji i potrzeb klient\u00f3w jest kluczem do oferowania produkt\u00f3w i us\u0142ug, kt\u00f3re znajduj\u0105 odd\u017awi\u0119k u odbiorc\u00f3w docelowych na dowolnym rynku karaibskim. Firmy zajmuj\u0105ce si\u0119 badaniami rynku dostarczaj\u0105 szczeg\u00f3\u0142owych informacji o klientach, ich drodze zakupowej i czynnikach wp\u0142ywaj\u0105cych na ich decyzje zakupowe.<\/li>\n\n\n\n<li><strong>Monitorowanie zmian na rynku:<\/strong> Like any other, the Caribbean market is dynamic and subject to change. Regular market <a href=\"https:\/\/www.sisinternational.com\/pl\/ekspertyza\/cv-z-doswiadczeniem\/badania-marki\/\" title=\"Firma badawcza marki\"  data-wpil-monitor-id=\"6315\">research helps companies<\/a> keep track of market trends, competitors&#8217; strategies, changes in consumer behavior, and other factors that could affect the business, ensuring positive long-term performance.<\/li>\n<\/ul>\n\n\n\n<h2 class=\"wp-block-heading\">Mo\u017cliwo\u015bci i wyzwania dla karaibskiej firmy badawczej rynku<\/h2>\n\n\n\n<h3 class=\"wp-block-heading\">Mo\u017cliwo\u015bci:<\/h3>\n\n\n\n<ul class=\"wp-block-list\">\n<li><strong>R\u00f3\u017cnorodny rynek:<\/strong> Zr\u00f3\u017cnicowany rynek karaibski oferuje wiele mo\u017cliwo\u015bci inwestycyjnych, zw\u0142aszcza w takich sektorach jak finanse i turystyka, ale tak\u017ce w innych sektorach, kt\u00f3re nie wykorzysta\u0142y jeszcze w pe\u0142ni swojego potencja\u0142u, a kt\u00f3re oferuj\u0105 du\u017ce mo\u017cliwo\u015bci wzrostu dzi\u0119ki cyfryzacji i automatyzacji operacyjnej.<\/li>\n\n\n\n<li><strong>Bran\u017ca turystyczna:<\/strong> Silny przemys\u0142 turystyczny regionu stwarza mo\u017cliwo\u015bci bada\u0144 rynkowych zwi\u0105zanych z zachowaniami turyst\u00f3w, ich preferencjami i wzorcami wydatk\u00f3w. Zrozumienie tej dynamiki mo\u017ce by\u0107 kluczowe dla przedsi\u0119biorstw dzia\u0142aj\u0105cych w tej bran\u017cy lub nastawionych na ni\u0105.<\/li>\n\n\n\n<li><strong>Sektory wschodz\u0105ce:<\/strong> W miar\u0119 rozwoju gospodarki karaibskiej pojawiaj\u0105 si\u0119 nowe sektory, takie jak energia odnawialna, us\u0142ugi cyfrowe i agrobiznes, kt\u00f3re otwieraj\u0105 nowe mo\u017cliwo\u015bci bada\u0144 i analiz.<\/li>\n<\/ul>\n\n\n\n<p><\/p>\n\n\n\n<!DOCTYPE html>\n<html lang=\"en\">\n<head>\n    <meta charset=\"UTF-8\">\n    <meta name=\"viewport\" content=\"width=device-width, initial-scale=1.0\">\n    <title>Caribbean Key Market Sector Data<\/title>\n    <style>\n        \/* Responsive Table & SIS International-inspired Styling\n          - Uses a corporate blue and clean, sans-serif fonts.\n          - Fully responsive with horizontal scroll on small screens to prevent page distortion.\n        *\/\n        \n        .sis-table-container {\n            font-family: -apple-system, BlinkMacSystemFont, \"Segoe UI\", Roboto, Helvetica, Arial, sans-serif;\n            margin: 2em 0;\n            width: 100%;\n            \/* Allows horizontal scroll on small screens *\/\n            overflow-x: auto;\n            -webkit-overflow-scrolling: touch; \/* Smooth scrolling on iOS *\/\n        }\n\n        .sis-table-container h3 {\n            font-size: 1.5rem; \/* 24px *\/\n            font-weight: 600;\n            color: #333;\n            margin-bottom: 0.75em;\n            padding: 0;\n        }\n\n        .sis-table {\n            width: 100%;\n            border-collapse: collapse;\n            min-width: 650px; \/* Ensures layout preservation, container scrolls if needed *\/\n        }\n\n        .sis-table th,\n        .sis-table td {\n            padding: 12px 15px;\n            text-align: left;\n            line-height: 1.5;\n        }\n        \n        \/* Make country names visible without wrapping on mobile *\/\n        .sis-table td:first-child,\n        .sis-table th:first-child {\n            white-space: nowrap; \n        }\n\n        \/* Header Styling *\/\n        .sis-table thead th {\n            background-color: #005cbf; \/* SIS corporate blue *\/\n            color: #ffffff;\n            font-weight: 600;\n            font-size: 0.9rem; \/* 14.4px *\/\n            text-transform: uppercase;\n            letter-spacing: 0.5px;\n        }\n\n        \/* Body Styling *\/\n        .sis-table tbody tr {\n            border-bottom: 1px solid #ddd;\n        }\n\n        .sis-table tbody tr:nth-of-type(even) {\n            background-color: #f8f8f8; \/* Light gray alternate rows *\/\n        }\n\n        .sis-table tbody tr:last-of-type {\n            border-bottom: 2px solid #005cbf; \/* Match header blue *\/\n        }\n\n        .sis-table td {\n            color: #444;\n            font-size: 0.95rem; \/* 15.2px *\/\n            vertical-align: top;\n        }\n        \n        \/* Center-align data for better comparison *\/\n        .sis-table td:not(:first-child) {\n            text-align: center;\n        }\n        .sis-table th:not(:first-child) {\n            text-align: center;\n        }\n\n\n        .sis-table-container .source-caption {\n            margin-top: 10px;\n            font-size: 0.85rem; \/* 13.6px *\/\n            color: #555;\n            font-style: italic;\n        }\n\n        .sis-table-container .source-caption a {\n            color: #005cbf; \/* Match brand blue *\/\n            text-decoration: none;\n        }\n\n        .sis-table-container .source-caption a:hover {\n            text-decoration: underline;\n        }\n    <\/style>\n<\/head>\n<body>\n\n    <!-- \n      HTML for WordPress:\n      Copy and paste the code from .sis-table-container start to end into a Custom HTML block.\n    -->\n    <div class=\"sis-table-container\">\n        \n        <h3>Economic Sector Dependence in Major Caribbean Markets<\/h3>\n\n        <table class=\"sis-table\">\n            <thead>\n                <tr>\n                    <th>Major Economic Sector<\/th>\n                    <th>Barbados (Tourism-Led)<\/th>\n                    <th>Jamaica (Diversifying Economy)<\/th> \n                    <th><a href=\"https:\/\/www.sisinternational.com\/pl\/zasieg\/ameryka\/badania-rynku-na-karaibach\/badania-rynku-trynidad-tobago\/\" title=\"Badania rynku w Trynidadzie i Tobago\"  data-wpil-monitor-id=\"6200\">Trinidad &#038; Tobago<\/a> (Energy-Led)<\/th> \n                <\/tr>\n            <\/thead>\n            <tbody>\n                <tr>\n                    <td>Tourism &#038; Travel Contribution to GDP<\/td>\n                    <td>Very High (Over 35% direct\/indirect)<\/td>\n                    <td>High (Approx. 20-25% direct\/indirect)<\/td>\n                    <td>Low (Under 8%)<\/td>\n                <\/tr>\n                <tr>\n                    <td>Financial &#038; Business Services<\/td>\n                    <td>Medium (Key offshore sector)<\/td>\n                    <td>Medium (Focus on BPOs and logistics)<\/td>\n                    <td>Medium (Regional banking hub)<\/td>\n                <\/tr>\n                <tr>\n                    <td>Hydrocarbons (Oil &#038; Gas)<\/td>\n                    <td>Minimal (Focus on renewables)<\/td>\n                    <td>Minimal<\/td>\n                    <td>Very High (Dominant sector)<\/td>\n                <\/tr>\n                <tr>\n                    <td>Manufacturing &#038; Industry<\/td>\n                    <td>Low<\/td>\n                    <td>Medium (Food processing, construction)<\/td>\n                    <td>High (Petrochemicals, steel)<\/td>\n                <\/tr>\n            <\/tbody>\n        <\/table>\n\n        <p class=\"source-caption\">\n             Source: Data derived from recent economic assessments by the <a href=\"https:\/\/www.worldbank.org\/\" target=\"_blank\" rel=\"noopener noreferrer\">World Bank<\/a> i <a href=\"https:\/\/www.caribank.org\/\" target=\"_blank\" rel=\"noopener noreferrer\">Caribbean Development Bank (CDB)<\/a> on GDP sectoral contributions and national account statistics.\n        <\/p>\n\n    <\/div>\n\n<\/body>\n<\/html>\n\n\n\n\n<p><\/p>\n\n\n\n<h3 class=\"wp-block-heading\">Wyzwania:<\/h3>\n\n\n\n<ul class=\"wp-block-list\">\n<li><strong>Fragmentacja rynku:<\/strong> The Caribbean is formed by several independent nations, each with its own characteristics. This fragmentation of the <a href=\"https:\/\/www.sisinternational.com\/pl\/ekspertyza\/branze\/butane-market-research\/\" title=\"Badania rynku butanu\" data-wpil-monitor-id=\"3038\">market can make comprehensive research<\/a> more complex and time-consuming. In addition, the multiplicity of languages and cultures spoken in the Caribbean can make successful market entry difficult.<\/li>\n\n\n\n<li><strong>Dost\u0119pno\u015b\u0107 danych:<\/strong> Pozyskanie wiarygodnych i aktualnych danych mo\u017ce by\u0107 czasami trudne, szczeg\u00f3lnie w przypadku mniejszych wysp i obszar\u00f3w s\u0142abiej rozwini\u0119tych, gdzie dane nie s\u0105 cz\u0119sto aktualizowane, a informacje publiczne nie s\u0105 w pe\u0142ni wiarygodne.<\/li>\n\n\n\n<li><strong>Podzia\u0142 cyfrowy:<\/strong> Podczas gdy transformacja cyfrowa oferuje nowe narz\u0119dzia badawcze, w niekt\u00f3rych cz\u0119\u015bciach Karaib\u00f3w nadal istnieje podzia\u0142 cyfrowy. Mo\u017ce to ograniczy\u0107 zasi\u0119g i skuteczno\u015b\u0107 cyfrowych metod badawczych.<\/li>\n<\/ul>\n\n\n\n<h2 class=\"wp-block-heading\">Kluczowe rynki dla bada\u0144<\/h2>\n\n\n\n<ul class=\"wp-block-list\">\n<li><strong>Brytyjskie Wyspy Dziewicze:<\/strong> The British Virgin Islands boast an economy driven predominantly by tourism and financial services, contributing the largest shares of the territory&#8217;s GDP. The British Virgin Islands also have a growing offshore incorporation sector, attracting international businesses. Therefore, a Caribbean <a href=\"https:\/\/www.sisinternational.com\/pl\/swiatowy-dzien-autyzmu\/\" title=\"Badania rynku autyzmu\" data-wpil-monitor-id=\"7439\">Market Research Company could focus on studying<\/a> trends and behaviors related to these sectors.<\/li>\n\n\n\n<li><strong>Wyspy Kajmany:<\/strong> Znane jako wiod\u0105cy globalny raj podatkowy, Kajmany maj\u0105 wyrafinowany sektor us\u0142ug finansowych, obok kwitn\u0105cego przemys\u0142u turystycznego. Badania rynku tutaj mog\u0105 koncentrowa\u0107 si\u0119 na trendach w us\u0142ugach finansowych, w tym funduszach inwestycyjnych, bankowo\u015bci i ubezpieczeniach.<\/li>\n\n\n\n<li><strong>Holenderskie Karaiby:<\/strong> Holenderskie Karaiby, obejmuj\u0105ce rynki takie jak Aruba, Bonaire i Cura\u00e7ao, oferuj\u0105 szereg mo\u017cliwo\u015bci bada\u0144 rynkowych. Ka\u017cda wyspa ma swoje unikalne cechy, ale turystyka, transport morski i rafinacja ropy naftowej to powszechne sektory w ca\u0142ym regionie. Na przyk\u0142ad rynki takie jak Cura\u00e7ao specjalizuj\u0105 si\u0119 w us\u0142ugach finansowych, podczas gdy Aruba jest pot\u0119g\u0105 w sektorze turystycznym, a posiadanie eksperckich lokalnych danych i spostrze\u017ce\u0144 mo\u017ce stanowi\u0107 r\u00f3\u017cnic\u0119 mi\u0119dzy udanym wej\u015bciem na rynek a nieop\u0142acaln\u0105 inwestycj\u0105.<\/li>\n\n\n\n<li><strong>Wyspy Turks i Caicos:<\/strong> Gospodarka Turks i Caicos w du\u017cym stopniu zale\u017cy od turystyki, rozwoju nieruchomo\u015bci i us\u0142ug finansowych offshore. Badania rynku w tym kontek\u015bcie mog\u0105 obejmowa\u0107 badanie zachowa\u0144 turyst\u00f3w i inwestor\u00f3w w nieruchomo\u015bci, trend\u00f3w w sektorze budowlanym i praktyk bankowo\u015bci offshore. Wyspy odnotowuj\u0105 r\u00f3wnie\u017c wzrost turystyki luksusowej, co czyni ten obszar cennym do zbadania.<\/li>\n\n\n\n<li><strong>Wyspy Dziewicze Stan\u00f3w Zjednoczonych:<\/strong> Turystyka jest kluczowym sektorem na Wyspach Dziewiczych Stan\u00f3w Zjednoczonych, ale produkcja, w tym rafinacja ropy naftowej i destylacja rumu, r\u00f3wnie\u017c odgrywa znacz\u0105c\u0105 rol\u0119. Firma zajmuj\u0105ca si\u0119 badaniami rynku karaibskiego mo\u017ce bada\u0107 r\u00f3\u017cne obszary: od trend\u00f3w turystycznych i zachowa\u0144 bran\u017cy hotelarskiej po praktyki bran\u017cy produkcyjnej i dynamik\u0119 rynku.<\/li>\n\n\n\n<li><strong>Trynidad i Tobago:<\/strong> Gospodarka Trynidadu i Tobago jest jedn\u0105 z najbardziej zr\u00f3\u017cnicowanych na Karaibach, z silnymi sektorami w przemy\u015ble naftowym i gazowym, produkcji, turystyce i przemy\u015ble kreatywnym. Badania rynku mog\u0105 obejmowa\u0107 badanie trend\u00f3w w przemy\u015ble naftowym i gazowym, zrozumienie dynamiki rynku produkcyjnego, zachowa\u0144 turyst\u00f3w i rozwijaj\u0105cego si\u0119 sektora kreatywnego i kulturalnego.<\/li>\n<\/ul>\n\n\n\n<h2 class=\"wp-block-heading\">Perspektywy na przysz\u0142o\u015b\u0107 dla karaibskiej firmy badawczej rynku<\/h2>\n\n\n\n<figure class=\"gb-block-image gb-block-image-152e925c\"><img loading=\"lazy\" decoding=\"async\" width=\"1456\" height=\"816\" class=\"gb-image gb-image-152e925c\" src=\"https:\/\/www.sisinternational.com\/wp-content\/uploads\/2025\/09\/Dutch-Caribbean-4-1.jpg\" alt=\"SIS Mi\u0119dzynarodowe badania rynku i strategia\" title=\"Dutch Caribbean 4\" srcset=\"https:\/\/www.sisinternational.com\/wp-content\/uploads\/2025\/09\/Dutch-Caribbean-4-1.jpg 1456w, https:\/\/www.sisinternational.com\/wp-content\/uploads\/2025\/09\/Dutch-Caribbean-4-1-300x168.jpg 300w, https:\/\/www.sisinternational.com\/wp-content\/uploads\/2025\/09\/Dutch-Caribbean-4-1-1024x574.jpg 1024w, https:\/\/www.sisinternational.com\/wp-content\/uploads\/2025\/09\/Dutch-Caribbean-4-1-768x430.jpg 768w, https:\/\/www.sisinternational.com\/wp-content\/uploads\/2025\/09\/Dutch-Caribbean-4-1-18x10.jpg 18w\" sizes=\"auto, (max-width: 1456px) 100vw, 1456px\"><\/figure>\n\n\n\n<ul class=\"wp-block-list\">\n<li><strong>Rosn\u0105ce zapotrzebowanie na informacje rynkowe:<\/strong> Poniewa\u017c coraz wi\u0119cej firm dostrzega potencja\u0142 rynku karaibskiego, zapotrzebowanie na szczeg\u00f3\u0142owe informacje rynkowe wzro\u015bnie. Firmy z r\u00f3\u017cnych bran\u017c b\u0119d\u0105 d\u0105\u017cy\u0107 do zrozumienia unikalnych aspekt\u00f3w rynku karaibskiego, co b\u0119dzie motorem wzrostu dla firm zajmuj\u0105cych si\u0119 badaniami rynku w regionie.<\/li>\n\n\n\n<li><strong>Transformacja cyfrowa:<\/strong> Przyspieszenie tempa transformacji cyfrowej na Karaibach stwarza znacz\u0105c\u0105 szans\u0119. W miar\u0119 jak coraz wi\u0119cej konsument\u00f3w korzysta z Internetu, bogactwo danych staje si\u0119 dost\u0119pne do analizy. Cyfrowe metody badawcze stan\u0105 si\u0119 coraz bardziej krytyczne, zapewniaj\u0105c bogate, bie\u017c\u0105ce spostrze\u017cenia na temat zachowa\u0144 konsument\u00f3w i trend\u00f3w rynkowych.<\/li>\n\n\n\n<li><strong>Rynki i sektory wschodz\u0105ce:<\/strong> The Caribbean economy is diversifying, with sectors such as renewable energy, digital services, and agri-business showing strong growth potential. As a result, a Caribbean Market <a href=\"https:\/\/www.sisinternational.com\/pl\/fmcg-market-in-vietnam\/\" title=\"Rynek FMCG w Wietnamie\" data-wpil-monitor-id=\"2446\">Research Company<\/a> helps in understanding these emerging markets and guiding businesses to tap into these opportunities.<\/li>\n<\/ul>","protected":false},"excerpt":{"rendered":"<p>Firma zajmuj\u0105ca si\u0119 badaniami rynku karaibskiego pomaga przedsi\u0119biorstwom zrozumie\u0107 ich wyj\u0105tkowe i z\u0142o\u017cone rynki docelowe pod k\u0105tem przysz\u0142ej ekspansji.<\/p>","protected":false},"author":1,"featured_media":66255,"parent":33287,"menu_order":24,"comment_status":"closed","ping_status":"closed","template":"","meta":{"footnotes":""},"class_list":["post-42898","page","type-page","status-publish","has-post-thumbnail"],"_links":{"self":[{"href":"https:\/\/www.sisinternational.com\/pl\/wp-json\/wp\/v2\/pages\/42898","targetHints":{"allow":["GET"]}}],"collection":[{"href":"https:\/\/www.sisinternational.com\/pl\/wp-json\/wp\/v2\/pages"}],"about":[{"href":"https:\/\/www.sisinternational.com\/pl\/wp-json\/wp\/v2\/types\/page"}],"author":[{"embeddable":true,"href":"https:\/\/www.sisinternational.com\/pl\/wp-json\/wp\/v2\/users\/1"}],"replies":[{"embeddable":true,"href":"https:\/\/www.sisinternational.com\/pl\/wp-json\/wp\/v2\/comments?post=42898"}],"version-history":[{"count":12,"href":"https:\/\/www.sisinternational.com\/pl\/wp-json\/wp\/v2\/pages\/42898\/revisions"}],"predecessor-version":[{"id":81070,"href":"https:\/\/www.sisinternational.com\/pl\/wp-json\/wp\/v2\/pages\/42898\/revisions\/81070"}],"up":[{"embeddable":true,"href":"https:\/\/www.sisinternational.com\/pl\/wp-json\/wp\/v2\/pages\/33287"}],"wp:featuredmedia":[{"embeddable":true,"href":"https:\/\/www.sisinternational.com\/pl\/wp-json\/wp\/v2\/media\/66255"}],"wp:attachment":[{"href":"https:\/\/www.sisinternational.com\/pl\/wp-json\/wp\/v2\/media?parent=42898"}],"curies":[{"name":"wp","href":"https:\/\/api.w.org\/{rel}","templated":true}]}}