{"id":42893,"date":"2023-07-20T20:43:58","date_gmt":"2023-07-21T00:43:58","guid":{"rendered":"https:\/\/www.sisinternational.com\/?page_id=42893"},"modified":"2026-01-26T16:47:54","modified_gmt":"2026-01-26T21:47:54","slug":"karaibska-firma-konsultingowa-w-zakresie-zarzadzania","status":"publish","type":"page","link":"https:\/\/www.sisinternational.com\/pl\/zasieg\/badania-rynku-na-karaibach\/karaibska-firma-konsultingowa-w-zakresie-zarzadzania\/","title":{"rendered":"Firma konsultingowa Caribbean Management"},"content":{"rendered":"<h1 class=\"wp-block-heading\">Firma konsultingowa Caribbean Management<\/h1>\n\n\n\n<figure class=\"gb-block-image gb-block-image-60aca058\"><img loading=\"lazy\" decoding=\"async\" width=\"1456\" height=\"816\" class=\"gb-image gb-image-60aca058\" src=\"https:\/\/www.sisinternational.com\/wp-content\/uploads\/2025\/09\/Dutch-Caribbean-2.jpg\" alt=\"SIS Mi\u0119dzynarodowe badania rynku i strategia\" title=\"Dutch Caribbean (2)\" srcset=\"https:\/\/www.sisinternational.com\/wp-content\/uploads\/2025\/09\/Dutch-Caribbean-2.jpg 1456w, https:\/\/www.sisinternational.com\/wp-content\/uploads\/2025\/09\/Dutch-Caribbean-2-300x168.jpg 300w, https:\/\/www.sisinternational.com\/wp-content\/uploads\/2025\/09\/Dutch-Caribbean-2-1024x574.jpg 1024w, https:\/\/www.sisinternational.com\/wp-content\/uploads\/2025\/09\/Dutch-Caribbean-2-768x430.jpg 768w, https:\/\/www.sisinternational.com\/wp-content\/uploads\/2025\/09\/Dutch-Caribbean-2-18x10.jpg 18w\" sizes=\"auto, (max-width: 1456px) 100vw, 1456px\"><\/figure>\n\n\n\n<p><\/p>\n\n\n\n<hr class=\"wp-block-separator has-alpha-channel-opacity is-style-dots\"\/>\n\n\n\n<p>Karaiby, jako region o unikalnym po\u0142\u0105czeniu rynk\u00f3w wschodz\u0105cych i rozwini\u0119tych, oferuj\u0105 wiele mo\u017cliwo\u015bci firmom chc\u0105cym odnale\u017a\u0107 si\u0119 w tamtejszym specyficznym krajobrazie gospodarczym, kulturowym i regulacyjnym.<\/p>\n\n\n\n<p>Jednak aby odblokowa\u0107 te mo\u017cliwo\u015bci i pokona\u0107 zwi\u0105zane z nimi wyzwania, firmy cz\u0119sto potrzebuj\u0105 pomocy eksperta-partnera, kt\u00f3ry rozumie z\u0142o\u017cono\u015b\u0107 tego dynamicznego regionu. Z tego powodu partner taki jak ekspert Caribbean Management Consulting Company mo\u017ce by\u0107 r\u00f3\u017cnic\u0105 mi\u0119dzy stabilnym biznesem w regionie a nieudanym wej\u015bciem na jeden z tych rynk\u00f3w.<\/p>\n\n\n\n<div class=\"wp-block-columns has-global-color-9-color has-text-color has-background has-link-color wp-elements-74a36e93fa5bf71a7063821cfc357653 is-layout-flex wp-container-core-columns-is-layout-9d6595d7 wp-block-columns-is-layout-flex\" style=\"background-color:#f7f9fa6e\">\n<div class=\"wp-block-column is-layout-flow wp-block-column-is-layout-flow\" style=\"flex-basis:18%\"><\/div>\n\n\n\n<div class=\"wp-block-column is-vertically-aligned-center is-layout-flow wp-block-column-is-layout-flow\" style=\"flex-basis:71.28%\">\n<div class=\"wp-block-rank-math-toc-block aligncenter has-global-color-9-color has-text-color has-link-color wp-elements-74bafc36ad6b0773fda60c2e0b78f1bc\" style=\"font-size:16px\" id=\"rank-math-toc\"><h2><br><strong>T<\/strong>able of Contents<\/h2><nav><ul><li class=\"\"><a href=\"#the-significance-of-a-caribbean-management-consulting-company\">Znaczenie karaibskiej firmy konsultingowej<\/a><\/li><li class=\"\"><a href=\"#what-kind-of-services-does-a-caribbean-management-consulting-company-provide\">Jakiego rodzaju us\u0142ugi \u015bwiadczy firma konsultingowa z siedzib\u0105 na Karaibach?<\/a><\/li><li class=\"\"><a href=\"#leveraging-opportunities-in-the-caribbean\">Wykorzystanie mo\u017cliwo\u015bci na Karaibach<\/a><\/li><li class=\"\"><a href=\"#challenges-of-the-caribbean-markets\">Wyzwania rynk\u00f3w karaibskich<\/a><\/li><\/ul><\/nav><\/div>\n<\/div>\n<\/div>\n\n\n\n<h2 class=\"wp-block-heading\" id=\"the-significance-of-a-caribbean-management-consulting-company\">Znaczenie karaibskiej firmy konsultingowej<\/h2>\n\n\n\n<figure class=\"gb-block-image gb-block-image-18a7d35c\"><img loading=\"lazy\" decoding=\"async\" width=\"1456\" height=\"816\" class=\"gb-image gb-image-18a7d35c\" src=\"https:\/\/www.sisinternational.com\/wp-content\/uploads\/2025\/09\/Caribbran-5.jpg\" alt=\"SIS Mi\u0119dzynarodowe badania rynku i strategia\" title=\"Caribbran (5)\" srcset=\"https:\/\/www.sisinternational.com\/wp-content\/uploads\/2025\/09\/Caribbran-5.jpg 1456w, https:\/\/www.sisinternational.com\/wp-content\/uploads\/2025\/09\/Caribbran-5-300x168.jpg 300w, https:\/\/www.sisinternational.com\/wp-content\/uploads\/2025\/09\/Caribbran-5-1024x574.jpg 1024w, https:\/\/www.sisinternational.com\/wp-content\/uploads\/2025\/09\/Caribbran-5-768x430.jpg 768w, https:\/\/www.sisinternational.com\/wp-content\/uploads\/2025\/09\/Caribbran-5-18x10.jpg 18w\" sizes=\"auto, (max-width: 1456px) 100vw, 1456px\"><\/figure>\n\n\n\n<p><\/p>\n\n\n\n<p class=\"p1\">Poniewa\u017c krajobraz biznesowy staje si\u0119 coraz bardziej globalny, kluczowe jest uzyskanie jak najwi\u0119kszej ilo\u015bci lokalnych spostrze\u017ce\u0144, aby dostosowa\u0107 produkty i us\u0142ugi do lokalnych standard\u00f3w. W tym miejscu wkracza Caribbean Management Consulting Company.<\/p>\n\n\n\n<p>Firma Caribbean Management Consulting Company zapewnia przedsi\u0119biorstwom strategiczne wskaz\u00f3wki i praktyczne rozwi\u0105zania dostosowane do wyj\u0105tkowego \u015brodowiska regionu. Ich us\u0142ugi obejmuj\u0105 rozw\u00f3j strategii biznesowych i usprawnienia wydajno\u015bci operacyjnej, a tak\u017ce technologi\u0119 i strategi\u0119 cyfrow\u0105 \u2013 wszystko po to, aby umo\u017cliwi\u0107 przedsi\u0119biorstwom rozw\u00f3j na rynkach karaibskich.<\/p>\n\n\n\n<p>Ponadto, w miar\u0119 jak gospodarka Karaib\u00f3w dywersyfikuje si\u0119 i pojawiaj\u0105 si\u0119 nowe sektory, firmy zwracaj\u0105 si\u0119 do firm doradztwa zarz\u0105dzania, aby pomog\u0142y im zbada\u0107 te nowe mo\u017cliwo\u015bci\u2026 A firma doradztwa zarz\u0105dzania na Karaibach zapewnia wiedz\u0119 specjalistyczn\u0105 potrzebn\u0105 do identyfikacji potencjalnych obszar\u00f3w wzrostu, oceny ryzyka i opracowania strategii wej\u015bcia na rynek lub ekspansji.<\/p>\n\n\n\n<h2 class=\"wp-block-heading\" id=\"what-kind-of-services-does-a-caribbean-management-consulting-company-provide\">Jakiego rodzaju us\u0142ugi \u015bwiadczy firma konsultingowa z siedzib\u0105 na Karaibach?<\/h2>\n\n\n\n<p>Us\u0142ugi Caribbean Management Consulting Company s\u0105 r\u00f3\u017cnorodne, obejmuj\u0105 r\u00f3\u017cne aspekty dzia\u0142alno\u015bci biznesowej, strategii i zarz\u0105dzania. Celem jest zapewnienie kompleksowych, dostosowanych rozwi\u0105za\u0144, kt\u00f3re odpowiadaj\u0105 na konkretne potrzeby i wyzwania zwi\u0105zane z dzia\u0142alno\u015bci\u0105 w karaibskim \u015brodowisku biznesowym.<\/p>\n\n\n\n<p><\/p>\n\n\n\n<!DOCTYPE html>\n<html lang=\"en\">\n<head>\n    <meta charset=\"UTF-8\">\n    <meta name=\"viewport\" content=\"width=device-width, initial-scale=1.0\">\n    <title>Caribbean Economic &#038; Investment Indicators<\/title>\n    <style>\n        \/* Responsive Table & SIS International-inspired Styling\n          - Uses a corporate blue and clean, sans-serif fonts.\n          - Fully responsive with horizontal scroll on small screens to prevent page distortion.\n        *\/\n        \n        .sis-table-container {\n            font-family: -apple-system, BlinkMacSystemFont, \"Segoe UI\", Roboto, Helvetica, Arial, sans-serif;\n            margin: 2em 0;\n            width: 100%;\n            \/* Allows horizontal scroll on small screens *\/\n            overflow-x: auto;\n            -webkit-overflow-scrolling: touch; \/* Smooth scrolling on iOS *\/\n        }\n\n        .sis-table-container h3 {\n            font-size: 1.5rem; \/* 24px *\/\n            font-weight: 600;\n            color: #333;\n            margin-bottom: 0.75em;\n            padding: 0;\n        }\n\n        .sis-table {\n            width: 100%;\n            border-collapse: collapse;\n            min-width: 600px; \/* Ensures layout preservation, container scrolls if needed *\/\n        }\n\n        .sis-table th,\n        .sis-table td {\n            padding: 12px 15px;\n            text-align: left;\n            line-height: 1.5;\n             \/* Prevent line breaks within cells *\/\n            white-space: nowrap;\n        }\n\n        \/* Header Styling *\/\n        .sis-table thead th {\n            background-color: #005cbf; \/* SIS corporate blue *\/\n            color: #ffffff;\n            font-weight: 600;\n            font-size: 0.9rem; \/* 14.4px *\/\n            text-transform: uppercase;\n            letter-spacing: 0.5px;\n        }\n\n        \/* Body Styling *\/\n        .sis-table tbody tr {\n            border-bottom: 1px solid #ddd;\n        }\n\n        .sis-table tbody tr:nth-of-type(even) {\n            background-color: #f8f8f8; \/* Light gray alternate rows *\/\n        }\n\n        .sis-table tbody tr:last-of-type {\n            border-bottom: 2px solid #005cbf; \/* Match header blue *\/\n        }\n\n        .sis-table td {\n            color: #444;\n            font-size: 0.95rem; \/* 15.2px *\/\n        }\n        \n        \/* Right-align numerical data *\/\n        .sis-table td:nth-child(2),\n        .sis-table td:nth-child(3) {\n            text-align: right;\n        }\n         .sis-table th:nth-child(2),\n         .sis-table th:nth-child(3) {\n            text-align: right;\n        }\n\n\n        .sis-table-container .source-caption {\n            margin-top: 10px;\n            font-size: 0.85rem; \/* 13.6px *\/\n            color: #555;\n            font-style: italic;\n        }\n\n        .sis-table-container .source-caption a {\n            color: #005cbf; \/* Match brand blue *\/\n            text-decoration: none;\n        }\n\n        .sis-table-container .source-caption a:hover {\n            text-decoration: underline;\n        }\n    <\/style>\n<\/head>\n<body>\n\n    <!-- \n      HTML for WordPress:\n      Copy and paste the code from .sis-table-container start to end into a Custom HTML block.\n    -->\n    <div class=\"sis-table-container\">\n        \n        <h3>Caribbean Economic Growth &#038; Investment Indicators<\/h3>\n\n        <table class=\"sis-table\">\n            <thead>\n                <tr>\n                    <th>Country<\/th>\n                    <th>Recent GDP Growth (Annual %)<\/th>\n                    <th>FDI, Net Inflows (% of GDP)<\/th> \n                <\/tr>\n            <\/thead>\n            <tbody>\n                <tr>\n                    <td>Dominican Republic<\/td>\n                    <td>2.4%<\/td>\n                    <td>3.5%<\/td>\n                <\/tr>\n                <tr>\n                    <td>Jamajka<\/td>\n                    <td>1.9%<\/td>\n                    <td>4.1%<\/td>\n                <\/tr>\n                <tr>\n                    <td>The Bahamas<\/td>\n                    <td>4.3%<\/td>\n                    <td>3.9%<\/td>\n                <\/tr>\n                 <tr>\n                    <td><a href=\"https:\/\/www.sisinternational.com\/pl\/zasieg\/ameryka\/badania-rynku-na-karaibach\/badania-rynku-trynidad-tobago\/\" title=\"Badania rynku w Trynidadzie i Tobago\"  data-wpil-monitor-id=\"6208\">Trinidad and Tobago<\/a><\/td>\n                    <td>2.1%<\/td>\n                    <td>2.8%<\/td>\n                <\/tr>\n                 <tr>\n                    <td>Barbados<\/td>\n                    <td>4.4%<\/td>\n                    <td>3.1%<\/td>\n                <\/tr>\n            <\/tbody>\n        <\/table>\n\n        <p class=\"source-caption\">\n             Note: Data reflects figures for 2023. Source: <a href=\"https:\/\/data.worldbank.org\/indicator\/\" target=\"_blank\" rel=\"noopener noreferrer\">World Bank Data<\/a> (Indicators: NY.GDP.MKTP.KD.ZG, BX.KLT.DINV.WD.GD.ZS), accessed October 2025.\n        <\/p>\n\n    <\/div>\n\n<\/body>\n<\/html>\n\n\n\n\n<p><\/p>\n\n\n\n<h3 class=\"wp-block-heading\">Oto kilka najwa\u017cniejszych us\u0142ug oferowanych przez te firmy:<\/h3>\n\n\n\n<ul class=\"wp-block-list\">\n<li><strong>Rozw\u00f3j strategii biznesowej:<\/strong> Us\u0142uga ta obejmuje tworzenie solidnych strategii biznesowych, kt\u00f3re s\u0105 zgodne z celami firmy i realiami rynku karaibskiego. Mo\u017ce obejmowa\u0107 analiz\u0119 konkurencji, segmentacj\u0119 rynku, strategie wzrostu i planowanie awaryjne maj\u0105ce na celu wykorzystanie szans i wyzwa\u0144 konkretnego rynku, na kt\u00f3ry firma kieruje swoj\u0105 ofert\u0119.<\/li>\n\n\n\n<li><strong>Poprawa efektywno\u015bci operacyjnej:<\/strong> Firma Caribbean Management Consulting Company pomaga korporacjom usprawnia\u0107 ich dzia\u0142alno\u015b\u0107, aby zwi\u0119kszy\u0107 wydajno\u015b\u0107 i produktywno\u015b\u0107 w oparciu o dog\u0142\u0119bn\u0105 wiedz\u0119 na temat lokalnej kultury i preferencji konsument\u00f3w. Mo\u017ce to obejmowa\u0107 przeprojektowanie proces\u00f3w, zarz\u0105dzanie \u0142a\u0144cuchem dostaw, strategie redukcji koszt\u00f3w i \u015brodki kontroli jako\u015bci przy jednoczesnym przestrzeganiu wszystkich lokalnych przepis\u00f3w.<\/li>\n\n\n\n<li><strong>Zarz\u0105dzanie zasobami ludzkimi:<\/strong> Firma Caribbean Management Consulting Company dostarcza strategie efektywnego zarz\u0105dzania zasobami ludzkimi, uznaj\u0105c, \u017ce rynki karaibskie s\u0105 znacznie mniejsze ni\u017c te oferowane na g\u0142\u00f3wnych rynkach \u015bwiata. Dlatego te\u017c specjalistyczna wiedza i do\u015bwiadczenie s\u0105 potrzebne, aby pozyska\u0107 wyspecjalizowane talenty, kt\u00f3re dor\u00f3wnaj\u0105 globalnej sile roboczej.<\/li>\n\n\n\n<li><strong>Technologia i strategia cyfrowa:<\/strong> W erze szybkiej transformacji cyfrowej firma Caribbean Management Consulting Company pomaga globalnym przedsi\u0119biorstwom wykorzysta\u0107 technologi\u0119 do usprawnienia ich dzia\u0142alno\u015bci. Us\u0142ugi mog\u0105 obejmowa\u0107 oceny gotowo\u015bci cyfrowej, strategie transformacji cyfrowej, planowanie infrastruktury IT i \u015brodki cyberbezpiecze\u0144stwa.<\/li>\n\n\n\n<li><strong>Zarz\u0105dzanie ryzykiem:<\/strong> Bior\u0105c pod uwag\u0119 zmienno\u015b\u0107 globalnego \u015brodowiska biznesowego, Caribbean Management Consulting Companies \u015bwiadczy us\u0142ugi w zakresie identyfikacji ryzyka, jego oceny i strategii ograniczania. Obejmuje to r\u00f3\u017cne rodzaje ryzyka, w tym finansowe, operacyjne, polityczne i reputacyjne. Zapewnia r\u00f3wnie\u017c, \u017ce przyj\u0119te strategie s\u0105 zr\u00f3wnowa\u017cone w perspektywie d\u0142ugoterminowej i mog\u0105 przezwyci\u0119\u017cy\u0107 wyzwania pojawiaj\u0105ce si\u0119 na rynkach karaibskich.<\/li>\n\n\n\n<li><strong>Zgodno\u015b\u0107 z przepisami:<\/strong> Bior\u0105c pod uwag\u0119 zr\u00f3\u017cnicowanie przepis\u00f3w obowi\u0105zuj\u0105cych w krajach karaibskich, te firmy konsultingowe pomagaj\u0105 przedsi\u0119biorstwom zapewni\u0107 zgodno\u015b\u0107 z przepisami, ograniczaj\u0105c w ten spos\u00f3b ryzyko prawne.<\/li>\n<\/ul>\n\n\n\n<h2 class=\"wp-block-heading\" id=\"leveraging-opportunities-in-the-caribbean\">Wykorzystanie mo\u017cliwo\u015bci na Karaibach<\/h2>\n\n\n\n<ul class=\"wp-block-list\">\n<li><strong>Turystyka i hotelarstwo:<\/strong> Naturalne pi\u0119kno i bogactwo kulturowe Karaib\u00f3w sprawiaj\u0105, \u017ce jest to g\u0142\u00f3wny cel podr\u00f3\u017cy turystycznych. Nowe trendy, takie jak ekoturystyka, turystyka dziedzictwa kulturowego i turystyka wellness, stwarzaj\u0105 mo\u017cliwo\u015bci dywersyfikacji i innowacji w tym sektorze, z kt\u00f3rych wiele globalnych firm mo\u017ce skorzysta\u0107, aby zdywersyfikowa\u0107 swoj\u0105 dzia\u0142alno\u015b\u0107 na Karaibach.<\/li>\n\n\n\n<li><strong>Us\u0142ugi finansowe:<\/strong> Wiele kraj\u00f3w karaibskich jest powszechnie uznawanych za wa\u017cne centra finansowe offshore. Firmy, kt\u00f3re chc\u0105 porusza\u0107 si\u0119 po tym z\u0142o\u017conym sektorze, mog\u0105 skorzysta\u0107 z bran\u017cowej wiedzy specjalistycznej karaibskiej firmy konsultingowej, zw\u0142aszcza na rynkach takich jak Wyspy Dziewicze lub Bahamy, kt\u00f3re maj\u0105 korzystne przepisy finansowe dla inwestor\u00f3w offshore.<\/li>\n\n\n\n<li><strong>Transformacja cyfrowa:<\/strong> Karaiby do\u015bwiadczaj\u0105 gwa\u0142townego wzrostu transformacji cyfrowej w r\u00f3\u017cnych sektorach, od handlu elektronicznego i technologii finansowych po cyfrow\u0105 opiek\u0119 zdrowotn\u0105 i prac\u0119 zdaln\u0105. Ta zmiana stwarza firmom mo\u017cliwo\u015bci innowacji, dotarcia do nowych klient\u00f3w i usprawnienia ich dzia\u0142alno\u015bci w regionie o silnym potencjale wzrostu.<\/li>\n\n\n\n<li><strong>Zielona Energia:<\/strong> Dzi\u0119ki obfitemu nas\u0142onecznieniu i wiatrowi Karaiby maj\u0105 ogromny potencja\u0142 w zakresie energii odnawialnej. Wraz ze zmian\u0105 \u015bwiatowych trend\u00f3w na zr\u00f3wnowa\u017cony rozw\u00f3j, pojawiaj\u0105 si\u0119 du\u017ce mo\u017cliwo\u015bci dla firm zajmuj\u0105cych si\u0119 energi\u0105 s\u0142oneczn\u0105, wiatrow\u0105 i innymi technologiami energii odnawialnej na niemal niezbadanym rynku.<\/li>\n\n\n\n<li><strong>Agrobiznes:<\/strong> Zr\u00f3\u017cnicowany klimat i \u017cyzna gleba Karaib\u00f3w sprawiaj\u0105, \u017ce nadaj\u0105 si\u0119 one do r\u00f3\u017cnych dzia\u0142a\u0144 rolniczych. Istnieje potencja\u0142 wzrostu i innowacji w takich obszarach jak rolnictwo ekologiczne, uprawy specjalistyczne i przetw\u00f3rstwo rolne.<\/li>\n\n\n\n<li><strong>Produkcja i eksport:<\/strong> Caribbean countries offer opportunities for manufacturing, particularly in sectors like textiles, food processing, and pharmaceuticals. The proximity to major <a href=\"https:\/\/www.sisinternational.com\/pl\/zasieg\/badania-rynku-afryka\/market-research-in-south-africa\/\" title=\"Badania rynku w Republice Po\u0142udniowej Afryki\" data-wpil-monitor-id=\"6835\">markets in North and South<\/a> America is an advantage for companies seeking to manufacture products for export at reasonable prices.<\/li>\n<\/ul>\n\n\n\n<h2 class=\"wp-block-heading\" id=\"challenges-of-the-caribbean-markets\">Wyzwania rynk\u00f3w karaibskich<\/h2>\n\n\n\n<figure class=\"gb-block-image gb-block-image-b13420ff\"><img loading=\"lazy\" decoding=\"async\" width=\"1456\" height=\"816\" class=\"gb-image gb-image-b13420ff\" src=\"https:\/\/www.sisinternational.com\/wp-content\/uploads\/2025\/09\/Dutch-Caribbean-5.jpg\" alt=\"SIS Mi\u0119dzynarodowe badania rynku i strategia\" title=\"Dutch Caribbean (5)\" srcset=\"https:\/\/www.sisinternational.com\/wp-content\/uploads\/2025\/09\/Dutch-Caribbean-5.jpg 1456w, https:\/\/www.sisinternational.com\/wp-content\/uploads\/2025\/09\/Dutch-Caribbean-5-300x168.jpg 300w, https:\/\/www.sisinternational.com\/wp-content\/uploads\/2025\/09\/Dutch-Caribbean-5-1024x574.jpg 1024w, https:\/\/www.sisinternational.com\/wp-content\/uploads\/2025\/09\/Dutch-Caribbean-5-768x430.jpg 768w, https:\/\/www.sisinternational.com\/wp-content\/uploads\/2025\/09\/Dutch-Caribbean-5-18x10.jpg 18w\" sizes=\"auto, (max-width: 1456px) 100vw, 1456px\"><\/figure>\n\n\n\n<p><\/p>\n\n\n\n<p>Chocia\u017c Karaiby maj\u0105 ogromny potencja\u0142 biznesowy, to r\u00f3wnie\u017c stanowi\u0105 wyj\u0105tkowy zestaw wyzwa\u0144, z kt\u00f3rymi firmy musz\u0105 si\u0119 zmierzy\u0107, aby odnie\u015b\u0107 sukces. Firma Caribbean Management Consulting Company odgrywa kluczow\u0105 rol\u0119 w pomaganiu firmom w skutecznym rozwi\u0105zywaniu tych wyzwa\u0144, takich jak:<\/p>\n\n\n\n<ul class=\"wp-block-list\">\n<li><strong>\u015arodowisko regulacyjne:<\/strong> Karaiby obejmuj\u0105 wiele niezale\u017cnych pa\u0144stw, z kt\u00f3rych ka\u017cde ma w\u0142asny krajobraz regulacyjny. Te firmy konsultingowe mog\u0105 przeprowadzi\u0107 przedsi\u0119biorstwa przez ten z\u0142o\u017cony wachlarz przepis\u00f3w, zapewniaj\u0105c zgodno\u015b\u0107, a jednocze\u015bnie optymalizuj\u0105c wydajno\u015b\u0107 operacyjn\u0105. Na przyk\u0142ad mog\u0105 pom\u00f3c w nawigacji po zmianach politycznych, takich jak wyj\u015bcie kilku z tych pa\u0144stw ze Wsp\u00f3lnoty Narod\u00f3w lub zarz\u0105dza\u0107 zmianami politycznymi i gospodarczymi, kt\u00f3re si\u0119 z tym wi\u0105\u017c\u0105, wykorzystuj\u0105c wszystkie okazje inwestycyjne, kt\u00f3re pojawiaj\u0105 si\u0119 po drodze.<\/li>\n\n\n\n<li><strong>Logistyka i infrastruktura:<\/strong> Ograniczona infrastruktura i logistyka mog\u0105 stanowi\u0107 wyzwanie dla \u0142a\u0144cuch\u00f3w dostaw i operacji. Wi\u0119kszo\u015b\u0107 tych rynk\u00f3w utrzymuje s\u0142abo rozwini\u0119t\u0105 infrastruktur\u0119, kt\u00f3ra mo\u017ce utrudnia\u0107 operacje. Te firmy konsultingowe pomagaj\u0105 przedsi\u0119biorstwom projektowa\u0107 innowacyjne rozwi\u0105zania i strategie w celu z\u0142agodzenia tych wyzwa\u0144.<\/li>\n\n\n\n<li><strong>Wra\u017cliwo\u015b\u0107 na zmiany klimatu:<\/strong> Podatno\u015b\u0107 Karaib\u00f3w na kl\u0119ski \u017cywio\u0142owe, takie jak huragany, mo\u017ce zak\u0142\u00f3ci\u0107 dzia\u0142alno\u015b\u0107 biznesow\u0105. Dzi\u0119ki strategicznemu planowaniu i zarz\u0105dzaniu ryzykiem te firmy konsultingowe pomagaj\u0105 firmom budowa\u0107 plany odporno\u015bci i ci\u0105g\u0142o\u015bci.<\/li>\n\n\n\n<li><strong>Zarz\u0105dzanie zasobami ludzkimi:<\/strong> Przyci\u0105ganie i zatrzymywanie talent\u00f3w mo\u017ce by\u0107 trudne w niekt\u00f3rych regionach Karaib\u00f3w. Te firmy zapewniaj\u0105 strategie skutecznego zarz\u0105dzania zasobami ludzkimi, od pozyskiwania talent\u00f3w po rozw\u00f3j i zatrzymywanie.<\/li>\n\n\n\n<li><strong>Zr\u00f3wnowa\u017cony rozw\u00f3j i CSR:<\/strong> Od przedsi\u0119biorstw coraz cz\u0119\u015bciej oczekuje si\u0119 spo\u0142ecznej odpowiedzialno\u015bci i zr\u00f3wnowa\u017conego rozwoju. Szczeg\u00f3lnie na rynkach karaibskich, gdzie wska\u017anik ub\u00f3stwa jest wysoki, a spo\u0142eczno\u015bci oczekuj\u0105 silnej CSR.\u00a0<\/li>\n<\/ul>\n\n\n\n<p><\/p>\n\n\n<h2>Lokalizacja naszego obiektu w Nowym Jorku<\/h2>\n<p><!-- \/wp:post-content --> <!-- wp:html --> <iframe loading=\"lazy\" src=\"https:\/\/www.google.com\/maps\/embed?pb=!1m18!1m12!1m3!1d3022.976188376966!2d-73.99130312499956!3d40.740549471389315!2m3!1f0!2f0!3f0!3m2!1i1024!2i768!4f13.1!3m3!1m2!1s0x89c259a15798c731%3A0xd695d09bdd495f25!2s11%20E%2022nd%20St%20FL%202%2C%20New%20York%2C%20NY%2010010%2C%20USA!5e0!3m2!1sen!2spe!4v1726171763526!5m2!1sen!2spe\" width=\"600\" height=\"450\" allowfullscreen=\"allowfullscreen\" data-mce-fragment=\"1\"><\/iframe> <!-- \/wp:html --> <!-- wp:paragraph --><\/p>\n<h3 class=\"wp-block-heading\">11 E 22nd Street, pi\u0119tro 2, Nowy Jork, NY 10010 T: +1(212) 505-6805<\/h3>\n<hr \/>\n<h2><span style=\"font-weight: 400;\">O firmie SIS International<\/span><\/h2>\n<p><a href=\"https:\/\/www.sisinternational.com\/pl\/\"><span style=\"font-weight: 400;\">SIS Mi\u0119dzynarodowy<\/span><\/a><span style=\"font-weight: 400;\"> oferuje badania ilo\u015bciowe, jako\u015bciowe i strategiczne. Dostarczamy dane, narz\u0119dzia, strategie, raporty i spostrze\u017cenia do podejmowania decyzji. Prowadzimy r\u00f3wnie\u017c wywiady, ankiety, grupy fokusowe i inne metody i podej\u015bcia do bada\u0144 rynku.<\/span><a href=\"https:\/\/www.sisinternational.com\/pl\/o-moich-miedzynarodowych-badaniach\/contact-sis-international-market-research\/\"><span style=\"font-weight: 400;\"> Skontaktuj si\u0119 z nami<\/span><\/a><span style=\"font-weight: 400;\"> dla Twojego kolejnego projektu badania rynku.<\/span><\/p>\n<p><!-- wp:heading --><\/p>\n<h2 id=\"about-sis-international\" class=\"wp-block-heading\">\u00a0<\/h2><!-- \/wp:heading -->","protected":false},"excerpt":{"rendered":"<p>Firma konsultingowa z bran\u017cy zarz\u0105dzania na Karaibach oferuje dostosowane do potrzeb strategie, dzia\u0142ania, technologie i doradztwo cyfrowe, aby wspiera\u0107 regionalne przedsi\u0119biorstwa.<\/p>","protected":false},"author":1,"featured_media":66256,"parent":33287,"menu_order":23,"comment_status":"closed","ping_status":"closed","template":"","meta":{"footnotes":""},"class_list":["post-42893","page","type-page","status-publish","has-post-thumbnail"],"_links":{"self":[{"href":"https:\/\/www.sisinternational.com\/pl\/wp-json\/wp\/v2\/pages\/42893","targetHints":{"allow":["GET"]}}],"collection":[{"href":"https:\/\/www.sisinternational.com\/pl\/wp-json\/wp\/v2\/pages"}],"about":[{"href":"https:\/\/www.sisinternational.com\/pl\/wp-json\/wp\/v2\/types\/page"}],"author":[{"embeddable":true,"href":"https:\/\/www.sisinternational.com\/pl\/wp-json\/wp\/v2\/users\/1"}],"replies":[{"embeddable":true,"href":"https:\/\/www.sisinternational.com\/pl\/wp-json\/wp\/v2\/comments?post=42893"}],"version-history":[{"count":8,"href":"https:\/\/www.sisinternational.com\/pl\/wp-json\/wp\/v2\/pages\/42893\/revisions"}],"predecessor-version":[{"id":80411,"href":"https:\/\/www.sisinternational.com\/pl\/wp-json\/wp\/v2\/pages\/42893\/revisions\/80411"}],"up":[{"embeddable":true,"href":"https:\/\/www.sisinternational.com\/pl\/wp-json\/wp\/v2\/pages\/33287"}],"wp:featuredmedia":[{"embeddable":true,"href":"https:\/\/www.sisinternational.com\/pl\/wp-json\/wp\/v2\/media\/66256"}],"wp:attachment":[{"href":"https:\/\/www.sisinternational.com\/pl\/wp-json\/wp\/v2\/media?parent=42893"}],"curies":[{"name":"wp","href":"https:\/\/api.w.org\/{rel}","templated":true}]}}