{"id":42836,"date":"2023-05-08T13:15:26","date_gmt":"2023-05-08T17:15:26","guid":{"rendered":"https:\/\/www.sisinternational.com\/?page_id=42836"},"modified":"2026-01-27T15:19:56","modified_gmt":"2026-01-27T20:19:56","slug":"badania-rynku-przekasek-slonych","status":"publish","type":"page","link":"https:\/\/www.sisinternational.com\/pl\/ekspertyza\/badania-rynku-przekasek-slonych\/","title":{"rendered":"Badania rynku przek\u0105sek s\u0142onych"},"content":{"rendered":"<h1 class=\"wp-block-heading\">Badania rynku przek\u0105sek s\u0142onych<\/h1>\n\n\n\n<figure class=\"gb-block-image gb-block-image-e5c7f0ef\"><img loading=\"lazy\" decoding=\"async\" width=\"1456\" height=\"816\" class=\"gb-image gb-image-e5c7f0ef\" src=\"https:\/\/www.sisinternational.com\/wp-content\/uploads\/2025\/08\/Snacks-4.jpg\" alt=\"SIS Mi\u0119dzynarodowe badania rynku i strategia\" title=\"Snacks (4)\" srcset=\"https:\/\/www.sisinternational.com\/wp-content\/uploads\/2025\/08\/Snacks-4.jpg 1456w, https:\/\/www.sisinternational.com\/wp-content\/uploads\/2025\/08\/Snacks-4-300x168.jpg 300w, https:\/\/www.sisinternational.com\/wp-content\/uploads\/2025\/08\/Snacks-4-1024x574.jpg 1024w, https:\/\/www.sisinternational.com\/wp-content\/uploads\/2025\/08\/Snacks-4-768x430.jpg 768w, https:\/\/www.sisinternational.com\/wp-content\/uploads\/2025\/08\/Snacks-4-18x10.jpg 18w\" sizes=\"auto, (max-width: 1456px) 100vw, 1456px\"><\/figure>\n\n\n\n<p><\/p>\n\n\n\n<p>Badania rynku s\u0142onych przek\u0105sek to proces pozyskiwania i analizowania informacji na temat bran\u017cy s\u0142onych przek\u0105sek, takich jak preferencje klient\u00f3w, trendy rynkowe, aktywno\u015b\u0107 konkurencji i inne aspekty, kt\u00f3re mog\u0105 mie\u0107 wp\u0142yw na bran\u017c\u0119. Firmy mog\u0105 uzyska\u0107 dok\u0142adniejsze i bardziej szczeg\u00f3\u0142owe zrozumienie bran\u017cy, stosuj\u0105c liczne metodologie badawcze, kt\u00f3re mog\u0105 pom\u00f3c w podejmowaniu decyzji biznesowych i zmniejszy\u0107 ryzyko kosztownych b\u0142\u0119d\u00f3w.<\/p>\n\n\n\n<h2 class=\"wp-block-heading\">Przegl\u0105d rynku<\/h2>\n\n\n\n<p>Rynek s\u0142onych przek\u0105sek to wysoce konkurencyjna i dynamiczna bran\u017ca, kt\u00f3ra jest nap\u0119dzana przez po\u0142\u0105czenie zmieniaj\u0105cych si\u0119 preferencji konsument\u00f3w, innowacji i strategii marketingowych. Rynek ten sk\u0142ada si\u0119 z r\u00f3\u017cnorodnej gamy produkt\u00f3w, kt\u00f3re s\u0105 spo\u017cywane jako przek\u0105ski i zazwyczaj maj\u0105 wysok\u0105 zawarto\u015b\u0107 sodu i t\u0142uszczu. Produkty te sta\u0142y si\u0119 integraln\u0105 cz\u0119\u015bci\u0105 codziennej rutyny wielu konsument\u00f3w, co czyni je kluczowym elementem ca\u0142ego przemys\u0142u spo\u017cywczego.<\/p>\n\n\n\n<h2 class=\"wp-block-heading\">Produkty w sklepie Salty Snacks Market<\/h2>\n\n\n\n<h3 class=\"wp-block-heading\">Konsumenci mog\u0105 wybiera\u0107 spo\u015br\u00f3d r\u00f3\u017cnych produkt\u00f3w w bran\u017cy s\u0142onych przek\u0105sek. Do najpopularniejszych nale\u017c\u0105:<\/h3>\n\n\n\n<ul class=\"wp-block-list\">\n<li>Chipsy ziemniaczane to cienkie plasterki ziemniak\u00f3w sma\u017cone na g\u0142\u0119bokim t\u0142uszczu do uzyskania chrupko\u015bci. Wyst\u0119puj\u0105 w szerokiej gamie smak\u00f3w, w tym zwyk\u0142ych, solonych, barbecue, a tak\u017ce ze \u015bmietan\u0105 i cebul\u0105.<\/li>\n\n\n\n<li>Chipsy tortilli s\u0105 zazwyczaj spo\u017cywane z sals\u0105, guacamole lub dipem serowym i s\u0105 wytwarzane z tortilli kukurydzianych. S\u0105 dost\u0119pne w r\u00f3\u017cnych kszta\u0142tach i smakach.<\/li>\n\n\n\n<li>Popcorn to rodzaj kukurydzy, kt\u00f3ra puchnie i p\u0119cznieje po podgrzaniu. Jest to popularna przek\u0105ska oferowana w r\u00f3\u017cnych smakach, takich jak mas\u0142o, ser i karmel.<\/li>\n\n\n\n<li>Precle to pieczywo, kt\u00f3re zwykle jest zwijane w struktur\u0119 przypominaj\u0105c\u0105 w\u0119ze\u0142. Dost\u0119pne s\u0105 w r\u00f3\u017cnych smakach, w tym solonym, czosnkowym i miodowo-musztardowym.<\/li>\n\n\n\n<li>Krakersy to cienkie, chrupi\u0105ce ciasteczka sk\u0142adaj\u0105ce si\u0119 g\u0142\u00f3wnie z m\u0105ki, wody i oleju. Mo\u017cna je kupi\u0107 w r\u00f3\u017cnych wariantach, w tym zwyk\u0142e, serowe i sezamowe.<\/li>\n\n\n\n<li>Orzechy to \u017cywno\u015b\u0107 zawieraj\u0105ca du\u017co bia\u0142ka i dobrych t\u0142uszcz\u00f3w. Te s\u0142one przek\u0105ski obejmuj\u0105 orzeszki ziemne, migda\u0142y i nerkowce.<\/li>\n<\/ul>\n\n\n\n<h2 class=\"wp-block-heading\">Metodologia bada\u0144 rynku<\/h2>\n\n\n\n<figure class=\"gb-block-image gb-block-image-1b681ca9\"><img loading=\"lazy\" decoding=\"async\" width=\"1456\" height=\"816\" class=\"gb-image gb-image-1b681ca9\" src=\"https:\/\/www.sisinternational.com\/wp-content\/uploads\/2025\/08\/Snacks-3.jpg\" alt=\"SIS Mi\u0119dzynarodowe badania rynku i strategia\" title=\"Snacks (3)\" srcset=\"https:\/\/www.sisinternational.com\/wp-content\/uploads\/2025\/08\/Snacks-3.jpg 1456w, https:\/\/www.sisinternational.com\/wp-content\/uploads\/2025\/08\/Snacks-3-300x168.jpg 300w, https:\/\/www.sisinternational.com\/wp-content\/uploads\/2025\/08\/Snacks-3-1024x574.jpg 1024w, https:\/\/www.sisinternational.com\/wp-content\/uploads\/2025\/08\/Snacks-3-768x430.jpg 768w, https:\/\/www.sisinternational.com\/wp-content\/uploads\/2025\/08\/Snacks-3-18x10.jpg 18w\" sizes=\"auto, (max-width: 1456px) 100vw, 1456px\"><\/figure>\n\n\n\n<p><\/p>\n\n\n\n<p>Using various methods to perform Salty <a class=\"wpil_keyword_link\" href=\"https:\/\/www.sisinternational.com\/pl\/ekspertyza\/branze\/badania-rynku-przekasek\/\"   title=\"Badania rynku przek\u0105sek\" data-wpil-keyword-link=\"linked\"  data-wpil-monitor-id=\"346\">Badania rynku przek\u0105sek<\/a> provides insights into a more comprehensive and precise market overview. Each research method has advantages and disadvantages, and combining techniques can help overcome any single approach&#8217;s limitations.<\/p>\n\n\n\n<h3 class=\"wp-block-heading\">Poni\u017cej przedstawiono kilka przyk\u0142ad\u00f3w metod badawczych stosowanych w gromadzeniu danych i strategii badania rynku s\u0142onych przek\u0105sek:<\/h3>\n\n\n\n<p><strong>Metody bada\u0144 ilo\u015bciowych<\/strong><\/p>\n\n\n\n<ul class=\"wp-block-list\">\n<li>Ankiety mog\u0105 zbiera\u0107 znaczne ilo\u015bci danych z pr\u00f3by populacji docelowej przy u\u017cyciu ilo\u015bciowych metod badawczych. Na przyk\u0142ad firma produkuj\u0105ca s\u0142one przek\u0105ski mo\u017ce przeprowadzi\u0107 ankiet\u0119, aby dowiedzie\u0107 si\u0119 o preferencjach konsument\u00f3w, takich jak ulubione smaki, opakowania i ceny.<\/li>\n\n\n\n<li>Prognozowanie sprzeda\u017cy to ilo\u015bciowa strategia badawcza, kt\u00f3ra wykorzystuje dane historyczne i modele statystyczne do przewidywania przysz\u0142ej sprzeda\u017cy. Producent s\u0142onych przek\u0105sek mo\u017ce wykorzysta\u0107 prognozowanie sprzeda\u017cy do przewidywania popytu na nowy produkt.<\/li>\n\n\n\n<li>Dane ilo\u015bciowe na temat postaw i zachowa\u0144 klient\u00f3w mo\u017cna zebra\u0107 za pomoc\u0105 analizy medi\u00f3w spo\u0142eczno\u015bciowych. Na przyk\u0142ad firma mo\u017ce wykorzysta\u0107 analiz\u0119 medi\u00f3w spo\u0142eczno\u015bciowych do \u015bledzenia liczby wzmianek i pozytywnego lub negatywnego nastawienia do swojej marki lub produkt\u00f3w.<\/li>\n\n\n\n<li>Eksperymenty mog\u0105 by\u0107 wykorzystywane do testowania hipotez i oceny wp\u0142ywu r\u00f3\u017cnych zmiennych na zachowanie konsumenta. Firmy mog\u0105 przeprowadza\u0107 eksperymenty, aby sprawdzi\u0107, jak projekt opakowania wp\u0142ywa na decyzje zakupowe konsument\u00f3w.<\/li>\n<\/ul>\n\n\n\n<p><strong>Metody bada\u0144 jako\u015bciowych<\/strong><\/p>\n\n\n\n<ul class=\"wp-block-list\">\n<li>Wywiady pog\u0142\u0119bione to interakcje jeden na jeden z konsumentami w celu uzyskania szerokiego wgl\u0105du w ich przekonania i zachowania. Firmy mog\u0105 przeprowadza\u0107 wywiady pog\u0142\u0119bione z konsumentami, aby dowiedzie\u0107 si\u0119 o ich nawykach \u017cywieniowych i preferencjach.<\/li>\n\n\n\n<li>Dane jako\u015bciowe na temat preferencji i zachowa\u0144 klient\u00f3w mo\u017cna zbiera\u0107 za po\u015brednictwem for\u00f3w internetowych i spo\u0142eczno\u015bci. Na przyk\u0142ad firma produkuj\u0105ca s\u0142one przek\u0105ski mo\u017ce obserwowa\u0107 fora internetowe i spo\u0142eczno\u015bci, aby zbiera\u0107 informacje na temat postaw konsument\u00f3w wobec swoich produkt\u00f3w lub dostrzega\u0107 rozwijaj\u0105ce si\u0119 trendy.<\/li>\n\n\n\n<li>Obserwacje w sklepie obejmuj\u0105 obserwacj\u0119 klient\u00f3w w warunkach detalicznych w celu uzyskania jako\u015bciowych danych na temat ich zachowa\u0144 i preferencji. Na przyk\u0142ad firma mo\u017ce przeprowadza\u0107 obserwacje w sklepie, aby lepiej zrozumie\u0107, w jaki spos\u00f3b klienci wchodz\u0105 w interakcje z jej produktami i zidentyfikowa\u0107 obszary do rozwoju.<\/li>\n\n\n\n<li>Badania etnograficzne obejmuj\u0105 obserwacj\u0119 i interakcj\u0119 z konsumentami w ich naturalnym kontek\u015bcie, aby dowiedzie\u0107 si\u0119 wi\u0119cej o ich zachowaniach i preferencjach. Producent s\u0142onych przek\u0105sek m\u00f3g\u0142by przeprowadzi\u0107 badania etnograficzne, obserwuj\u0105c konsument\u00f3w w sklepie spo\u017cywczym, aby zobaczy\u0107, jak podejmuj\u0105 decyzje o zakupie s\u0142onych przek\u0105sek.<\/li>\n<\/ul>\n\n\n\n<p>Combining these methods can help to triangulate the findings and provide a more nuanced understanding of the market. Additionally, using multiple methods can help validate the findings and ensure the data and strategies in <a href=\"https:\/\/www.sisinternational.com\/pl\/alternatywne-metody-badawcze-i-wizyty-domowe\/\" title=\"Alternatywne metody badawcze i wizyty domowe\u00a0\"  data-wpil-monitor-id=\"853\">badania rynku przek\u0105sek s\u0142onych<\/a> are reliable and accurate.<\/p>\n\n\n\n<h2 class=\"wp-block-heading\">Kto powinien przeprowadzi\u0107 badanie rynku przek\u0105sek s\u0142onych?<\/h2>\n\n\n\n<figure class=\"gb-block-image gb-block-image-3d53b0ae\"><img loading=\"lazy\" decoding=\"async\" width=\"1456\" height=\"816\" class=\"gb-image gb-image-3d53b0ae\" src=\"https:\/\/www.sisinternational.com\/wp-content\/uploads\/2025\/08\/Snacks-1.jpg\" alt=\"SIS Mi\u0119dzynarodowe badania rynku i strategia\" title=\"Snacks (1)\" srcset=\"https:\/\/www.sisinternational.com\/wp-content\/uploads\/2025\/08\/Snacks-1.jpg 1456w, https:\/\/www.sisinternational.com\/wp-content\/uploads\/2025\/08\/Snacks-1-300x168.jpg 300w, https:\/\/www.sisinternational.com\/wp-content\/uploads\/2025\/08\/Snacks-1-1024x574.jpg 1024w, https:\/\/www.sisinternational.com\/wp-content\/uploads\/2025\/08\/Snacks-1-768x430.jpg 768w, https:\/\/www.sisinternational.com\/wp-content\/uploads\/2025\/08\/Snacks-1-18x10.jpg 18w\" sizes=\"auto, (max-width: 1456px) 100vw, 1456px\"><\/figure>\n\n\n\n<ul class=\"wp-block-list\">\n<li>Producenci i wytw\u00f3rcy s\u0142onych przek\u0105sek, kt\u00f3rzy musz\u0105 zrozumie\u0107 gusta konsument\u00f3w i trendy rynkowe, aby m\u00f3c opracowywa\u0107 nowe towary i udoskonala\u0107 istniej\u0105ce.<\/li>\n\n\n\n<li>Badania rynku dostarczaj\u0105 dystrybutorom i sprzedawcom detalicznym s\u0142onych przek\u0105sek informacji, dzi\u0119ki kt\u00f3rym mog\u0105 optymalizowa\u0107 zapasy i strategie cenowe, poznaj\u0105c popyt na r\u00f3\u017cne rodzaje przek\u0105sek.<\/li>\n\n\n\n<li>Firmy marketingowe i reklamowe, kt\u00f3re sprzedaj\u0105 s\u0142one przek\u0105ski, musz\u0105 zrozumie\u0107 zachowania i gusta konsument\u00f3w, aby m\u00f3c projektowa\u0107 skuteczne kampanie.<\/li>\n\n\n\n<li>Packaging firms that build packaging for <a href=\"https:\/\/www.sisinternational.com\/pl\/rozwiazania\/doradztwo-strategiczne\/lead-generation-techniques\/\" title=\"Firma generuj\u0105ca potencjalnych klient\u00f3w\"  data-wpil-monitor-id=\"6754\">salty snack<\/a> goods must understand consumer preferences and industry trends in order to generate new and appealing packaging designs.<\/li>\n\n\n\n<li>Dostawcy surowc\u00f3w i sk\u0142adnik\u00f3w wykorzystywanych w s\u0142onych przek\u0105skach, kt\u00f3rzy musz\u0105 oceni\u0107 popyt i ceny r\u00f3\u017cnych typ\u00f3w komponent\u00f3w, aby udoskonali\u0107 sw\u00f3j \u0142a\u0144cuch dostaw.<\/li>\n\n\n\n<li>Organy regulacyjne odpowiedzialne za bezpiecze\u0144stwo i etykietowanie s\u0142onych przek\u0105sek musz\u0105 rozumie\u0107 praktyki bran\u017cowe i trendy konsumenckie, aby m\u00f3c formu\u0142owa\u0107 odpowiednie przepisy i normy.<\/li>\n\n\n\n<li>Inwestorzy i akcjonariusze dzia\u0142aj\u0105cy w bran\u017cy przek\u0105sek s\u0142onych, kt\u00f3rzy chc\u0105 podejmowa\u0107 \u015bwiadome decyzje inwestycyjne, rozumiej\u0105c trendy rynkowe i zachowania konsument\u00f3w.<\/li>\n<\/ul>\n\n\n\n<h2 class=\"wp-block-heading\">O badaniu rynku s\u0142onych przek\u0105sek<\/h2>\n\n\n\n<p>Conducting Salty Snacks Market Research can provide numerous advantages to businesses in the industry. Companies can produce goods that better match the needs of their target market by acquiring a better understanding of consumer preferences and behavior. Data and <a href=\"https:\/\/www.sisinternational.com\/pl\/jak-rozwinac-swoj-biznes\/\" title=\"Jak rozwija\u0107 sw\u00f3j biznes\"  data-wpil-monitor-id=\"7272\">strategies in salty snacks market research<\/a> can also assist businesses in identifying new trends and staying ahead of the competition. Furthermore, market research can guide pricing and marketing strategies, allowing businesses to maximize sales and profits.<\/p>\n\n\n\n<p>W dzisiejszym wysoce konkurencyjnym \u015brodowisku biznesowym kluczowe jest, aby firmy by\u0142y na szczycie i szybko reagowa\u0142y na zmiany na rynku. Badania rynku Salty Snacks dostarczaj\u0105 spostrze\u017ce\u0144, kt\u00f3re mog\u0105 pom\u00f3c firmom w\u0142a\u015bnie to zrobi\u0107. Poprzez prowadzenie bada\u0144 rynku firmy mog\u0105 lepiej zrozumie\u0107 potrzeby i preferencje konsument\u00f3w oraz odpowiednio dostosowa\u0107 swoje produkty i us\u0142ugi.<\/p>","protected":false},"excerpt":{"rendered":"<p>Analizujemy preferencje klient\u00f3w, trendy rynkowe i dzia\u0142ania konkurencji, aby przeprowadzi\u0107 badanie rynku przek\u0105sek s\u0142onych.<\/p>","protected":false},"author":1,"featured_media":63861,"parent":14514,"menu_order":313,"comment_status":"closed","ping_status":"closed","template":"","meta":{"footnotes":""},"class_list":["post-42836","page","type-page","status-publish","has-post-thumbnail"],"_links":{"self":[{"href":"https:\/\/www.sisinternational.com\/pl\/wp-json\/wp\/v2\/pages\/42836","targetHints":{"allow":["GET"]}}],"collection":[{"href":"https:\/\/www.sisinternational.com\/pl\/wp-json\/wp\/v2\/pages"}],"about":[{"href":"https:\/\/www.sisinternational.com\/pl\/wp-json\/wp\/v2\/types\/page"}],"author":[{"embeddable":true,"href":"https:\/\/www.sisinternational.com\/pl\/wp-json\/wp\/v2\/users\/1"}],"replies":[{"embeddable":true,"href":"https:\/\/www.sisinternational.com\/pl\/wp-json\/wp\/v2\/comments?post=42836"}],"version-history":[{"count":7,"href":"https:\/\/www.sisinternational.com\/pl\/wp-json\/wp\/v2\/pages\/42836\/revisions"}],"predecessor-version":[{"id":80919,"href":"https:\/\/www.sisinternational.com\/pl\/wp-json\/wp\/v2\/pages\/42836\/revisions\/80919"}],"up":[{"embeddable":true,"href":"https:\/\/www.sisinternational.com\/pl\/wp-json\/wp\/v2\/pages\/14514"}],"wp:featuredmedia":[{"embeddable":true,"href":"https:\/\/www.sisinternational.com\/pl\/wp-json\/wp\/v2\/media\/63861"}],"wp:attachment":[{"href":"https:\/\/www.sisinternational.com\/pl\/wp-json\/wp\/v2\/media?parent=42836"}],"curies":[{"name":"wp","href":"https:\/\/api.w.org\/{rel}","templated":true}]}}