{"id":42636,"date":"2023-05-01T19:13:15","date_gmt":"2023-05-01T23:13:15","guid":{"rendered":"https:\/\/www.sisinternational.com\/?page_id=42636"},"modified":"2026-01-24T21:00:29","modified_gmt":"2026-01-25T02:00:29","slug":"badania-rynku-stacji-benzynowych","status":"publish","type":"page","link":"https:\/\/www.sisinternational.com\/pl\/ekspertyza\/badania-rynku-stacji-benzynowych\/","title":{"rendered":"Badania rynku stacji benzynowych"},"content":{"rendered":"<h1 class=\"wp-block-heading\">Badania rynku stacji benzynowych<\/h1>\n\n\n\n<figure class=\"gb-block-image gb-block-image-90f9f5d8\"><img loading=\"lazy\" decoding=\"async\" width=\"1456\" height=\"816\" class=\"gb-image gb-image-90f9f5d8\" src=\"https:\/\/www.sisinternational.com\/wp-content\/uploads\/2025\/08\/Gas-station-2.jpg\" alt=\"SIS Mi\u0119dzynarodowe badania rynku i strategia\" title=\"Gas station (2)\" srcset=\"https:\/\/www.sisinternational.com\/wp-content\/uploads\/2025\/08\/Gas-station-2.jpg 1456w, https:\/\/www.sisinternational.com\/wp-content\/uploads\/2025\/08\/Gas-station-2-300x168.jpg 300w, https:\/\/www.sisinternational.com\/wp-content\/uploads\/2025\/08\/Gas-station-2-1024x574.jpg 1024w, https:\/\/www.sisinternational.com\/wp-content\/uploads\/2025\/08\/Gas-station-2-768x430.jpg 768w, https:\/\/www.sisinternational.com\/wp-content\/uploads\/2025\/08\/Gas-station-2-18x10.jpg 18w\" sizes=\"auto, (max-width: 1456px) 100vw, 1456px\"><\/figure>\n\n\n\n<p><\/p>\n\n\n\n<p>Stacje benzynowe musz\u0105 by\u0107 w stanie szybko reagowa\u0107 na zmieniaj\u0105ce si\u0119 trendy rynkowe lub zmiany w wymaganiach klient\u00f3w. Dlatego te\u017c, aby pozosta\u0107 konkurencyjnym w tym ci\u0105gle zmieniaj\u0105cym si\u0119 krajobrazie, w\u0142a\u015bciciele stacji benzynowych powinni priorytetowo traktowa\u0107 inwestowanie w badania rynku, kt\u00f3re dostarczaj\u0105 u\u017cytecznych informacji o potrzebach ich klient\u00f3w i trendach w bran\u017cy.<\/p>\n\n\n\n<p>W rezultacie badania rynku stacji benzynowych pozwalaj\u0105 lepiej zrozumie\u0107, jak wa\u017cne jest zrozumienie tego rynku i identyfikacja mo\u017cliwo\u015bci wzrostu.<\/p>\n\n\n\n<h2 class=\"wp-block-heading\">Badania rynku stacji benzynowych: kluczowe trendy rynkowe i osoby wp\u0142ywaj\u0105ce na rynek<\/h2>\n\n\n\n<p>Bran\u017ca stacji benzynowych jest pod wp\u0142ywem kilku kluczowych trend\u00f3w i czynnik\u00f3w, kt\u00f3re kszta\u0142tuj\u0105 krajobraz konkurencyjny i zachowania konsument\u00f3w. Identyfikacja i zrozumienie tych trend\u00f3w jest niezb\u0119dne dla przedsi\u0119biorstw, aby mog\u0142y podejmowa\u0107 \u015bwiadome decyzje i pozosta\u0107 konkurencyjnymi.<\/p>\n\n\n\n<h3 class=\"wp-block-heading\">Poni\u017cej przedstawiamy niekt\u00f3re z najwa\u017cniejszych trend\u00f3w rynkowych i czynnik\u00f3w wp\u0142ywaj\u0105cych na bran\u017c\u0119 stacji benzynowych:<\/h3>\n\n\n\n<ul class=\"wp-block-list\">\n<li><strong>Wahania cen paliw:<\/strong> Znaczenie zmian cen paliw wraz ze zmianami na \u015bwiatowych rynkach ropy naftowej ma du\u017cy wp\u0142yw na stacje benzynowe. Wp\u0142ywa na decyzje zakupowe lub poziomy konsumpcji, a tak\u017ce na og\u00f3lne wyniki finansowe.<\/li>\n\n\n\n<li><strong>Post\u0119p technologiczny:<\/strong> The emergence of electric vehicles (EVs), hydrogen, and biofuel alternatives are playing a significant role in determining <a href=\"https:\/\/www.sisinternational.com\/pl\/rozwiazania\/oil-and-gas-pipeline-market-research\/\" title=\"Oil and Gas Pipeline Market Research\"  data-wpil-monitor-id=\"2164\">badania rynku stacji benzynowych<\/a>.<\/li>\n\n\n\n<li><strong>Zmieniaj\u0105ce si\u0119 preferencje konsument\u00f3w:<\/strong> Consumer preferences are changing towards eco-friendly fuel alternatives. The key for gasoline retailers in meeting shifting customer requirements lies in conducting regular <a href=\"https:\/\/www.sisinternational.com\/pl\/asian-retail-market\/\" title=\"Badania rynku detalicznego w Azji\"  data-wpil-monitor-id=\"2683\">badania rynku stacji benzynowych<\/a> to keep up with these trends.<\/li>\n\n\n\n<li><strong>Obawy i przepisy dotycz\u0105ce ochrony \u015brodowiska:<\/strong> Aby sprosta\u0107 wymaganiom nowych przepis\u00f3w ochrony \u015brodowiska, operatorzy chc\u0105cy przyci\u0105gn\u0105\u0107 klient\u00f3w dbaj\u0105cych o \u015brodowisko musz\u0105 je bezwzgl\u0119dnie przestrzega\u0107.<\/li>\n\n\n\n<li><strong>\u0179r\u00f3d\u0142a przychod\u00f3w pozapaliwowych:<\/strong> Zapewniaj\u0105c myjnie samochodowe i inne us\u0142ugi, takie jak sklepy typu convenience i punkty gastronomiczne, stacje benzynowe staraj\u0105 si\u0119 rozszerzy\u0107 swoje \u017ar\u00f3d\u0142a przychod\u00f3w. Je\u015bli zostan\u0105 one w\u0142a\u015bciwie zidentyfikowane i wykorzystane przez sprzedawc\u00f3w benzyny poszukuj\u0105cych wi\u0119kszych zysk\u00f3w z dzia\u0142alno\u015bci swoich firm, istnieje znaczny potencja\u0142 w alternatywnych formach dochodu poza tradycyjn\u0105 sprzeda\u017c\u0105 paliw.<\/li>\n\n\n\n<li><strong>Przej\u015bcie w stron\u0119 digitalizacji:<\/strong> Dzi\u0119ki post\u0119powi technologicznemu w sektorze sprzeda\u017cy detalicznej paliw wzros\u0142o wykorzystanie aplikacji mobilnych oraz wdra\u017canie program\u00f3w lojalno\u015bciowych w po\u0142\u0105czeniu z taktykami marketingu cyfrowego.<\/li>\n<\/ul>\n\n\n\n<h2 class=\"wp-block-heading\">Potencjalne korzy\u015bci z przeprowadzania bada\u0144 rynku stacji benzynowych<\/h2>\n\n\n\n<figure class=\"gb-block-image gb-block-image-04e0ff32\"><img loading=\"lazy\" decoding=\"async\" width=\"1456\" height=\"816\" class=\"gb-image gb-image-04e0ff32\" src=\"https:\/\/www.sisinternational.com\/wp-content\/uploads\/2025\/08\/Gas-station-4.jpg\" alt=\"SIS Mi\u0119dzynarodowe badania rynku i strategia\" title=\"Gas station (4)\" srcset=\"https:\/\/www.sisinternational.com\/wp-content\/uploads\/2025\/08\/Gas-station-4.jpg 1456w, https:\/\/www.sisinternational.com\/wp-content\/uploads\/2025\/08\/Gas-station-4-300x168.jpg 300w, https:\/\/www.sisinternational.com\/wp-content\/uploads\/2025\/08\/Gas-station-4-1024x574.jpg 1024w, https:\/\/www.sisinternational.com\/wp-content\/uploads\/2025\/08\/Gas-station-4-768x430.jpg 768w, https:\/\/www.sisinternational.com\/wp-content\/uploads\/2025\/08\/Gas-station-4-18x10.jpg 18w\" sizes=\"auto, (max-width: 1456px) 100vw, 1456px\"><\/figure>\n\n\n\n<ul class=\"wp-block-list\">\n<li><a href=\"https:\/\/www.sisinternational.com\/pl\/ekspertyza\/branze\/oil-and-gas-market-research\/\" title=\"Badania rynku ropy naftowej i gazu\"  data-wpil-monitor-id=\"3085\">Gas station market research<\/a> provides an opportunity for gas station operators to gain insight into the behaviors and requirements of their customers. Through analyzing this data, businesses are able to create effective advertising campaigns aimed at both acquiring new clients and retaining current ones.<\/li>\n\n\n\n<li>Informacje uzyskane w wyniku kompleksowych bada\u0144 rynku pozwalaj\u0105 przedsi\u0119biorstwom podejmowa\u0107 lepsze decyzje dotycz\u0105ce strategii cenowych i oferty produkt\u00f3w.<\/li>\n\n\n\n<li>Aby zidentyfikowa\u0107 obszary r\u00f3\u017cnicowania i poprawy, stacje benzynowe musz\u0105 zrozumie\u0107 krajobraz konkurencyjny, co obejmuje analiz\u0119 mocnych i s\u0142abych stron konkurent\u00f3w. Wykorzystanie takich szczeg\u00f3\u0142\u00f3w pomaga w tworzeniu niezr\u00f3wnanych punkt\u00f3w sprzeda\u017cy.<\/li>\n\n\n\n<li>Wykorzystuj\u0105c badania rynku stacji benzynowych do analizy takich czynnik\u00f3w jak lokalna konkurencja i informacje demograficzne, przedsi\u0119biorstwa mog\u0105 okre\u015bli\u0107 optymalne lokalizacje nowych stacji benzynowych lub oceni\u0107 skuteczno\u015b\u0107 obecnych lokalizacji.<\/li>\n\n\n\n<li>Badania rynku stacji benzynowych mog\u0105 pom\u00f3c w odkryciu perspektyw zarobkowych niezwi\u0105zanych ze sprzeda\u017c\u0105 benzyny, takich jak sklepy ca\u0142odobowe i myjnie samochodowe.<\/li>\n\n\n\n<li>Proces przeprowadzania dog\u0142\u0119bnych bada\u0144 marketingowych mo\u017ce prowadzi\u0107 do zidentyfikowania mo\u017cliwych dr\u00f3g rozwoju, takich jak niezaspokojone potrzeby klient\u00f3w lub nowe rynki. Przedsi\u0119biorstwa mog\u0105 zwi\u0119kszy\u0107 zar\u00f3wno swoje udzia\u0142y w rynku, jak i osi\u0105gn\u0105\u0107 trwa\u0142y post\u0119p w przysz\u0142o\u015bci.<\/li>\n\n\n\n<li>Operatorzy stacji benzynowych mog\u0105 ogranicza\u0107 zagro\u017cenia i opracowywa\u0107 taktyki pokonywania przeszk\u00f3d, przeprowadzaj\u0105c szczeg\u00f3\u0142owe badania rynku stacji benzynowych, kt\u00f3re pozwalaj\u0105 zidentyfikowa\u0107 potencjalne zagro\u017cenia i problemy rynkowe.<\/li>\n<\/ul>\n\n\n\n<h2 class=\"wp-block-heading\">Wyzwania<\/h2>\n\n\n\n<ul class=\"wp-block-list\">\n<li>Na bran\u017c\u0119 stacji benzynowych wp\u0142ywaj\u0105 m.in. ceny paliw, warunki ekonomiczne i szybki post\u0119p technologiczny.<\/li>\n\n\n\n<li>Praca z poufnymi informacjami, takimi jak strategie cenowe lub dane klient\u00f3w, utrudnia zbieranie dok\u0142adnych i wiarygodnych danych.<\/li>\n\n\n\n<li>Ochrona \u015brodowiska, protoko\u0142y bezpiecze\u0144stwa oraz zasady poufno\u015bci wymagaj\u0105 \u015bcis\u0142ego przestrzegania, a naukowcy musz\u0105 stawi\u0107 czo\u0142a wyzwaniu uwzgl\u0119dnienia tych regulacji przy jednoczesnym zapewnieniu zgodno\u015bci z przepisami.<\/li>\n\n\n\n<li>Aby pozosta\u0107 konkurencyjnym w bran\u017cy stacji benzynowych, firmy musz\u0105 cz\u0119sto dostosowywa\u0107 swoje strategie. Utrzymanie przewagi konkurencyjnej wymaga \u015bledzenia dzia\u0142a\u0144 konkurencji i strategii marketingowych pomimo wyzwa\u0144 i zaanga\u017cowania czasowego.<\/li>\n\n\n\n<li>Przeprowadzenie szczeg\u00f3\u0142owej analizy rynku wymaga znacznego przydzia\u0142u cennych aktyw\u00f3w, takich jak do\u015bwiadczona si\u0142a robocza, czas i kapita\u0142. Mniejszym podmiotom gospodarczym cz\u0119sto brakuje niezb\u0119dnych \u015brodk\u00f3w wymaganych do przeprowadzenia intensywnych bada\u0144 marketingowych.<\/li>\n\n\n\n<li>Okre\u015blenie warto\u015bci niekt\u00f3rych element\u00f3w bran\u017cy stacji benzynowych, takich jak satysfakcja klienta czy postrzeganie marki, mo\u017ce stanowi\u0107 wyzwanie.<\/li>\n<\/ul>\n\n\n\n<h2 class=\"wp-block-heading\">Perspektywy na przysz\u0142o\u015b\u0107<\/h2>\n\n\n\n<figure class=\"gb-block-image gb-block-image-531a479b\"><img loading=\"lazy\" decoding=\"async\" width=\"1456\" height=\"816\" class=\"gb-image gb-image-531a479b\" src=\"https:\/\/www.sisinternational.com\/wp-content\/uploads\/2025\/08\/Gas-station-1.jpg\" alt=\"SIS Mi\u0119dzynarodowe badania rynku i strategia\" title=\"Gas station (1)\" srcset=\"https:\/\/www.sisinternational.com\/wp-content\/uploads\/2025\/08\/Gas-station-1.jpg 1456w, https:\/\/www.sisinternational.com\/wp-content\/uploads\/2025\/08\/Gas-station-1-300x168.jpg 300w, https:\/\/www.sisinternational.com\/wp-content\/uploads\/2025\/08\/Gas-station-1-1024x574.jpg 1024w, https:\/\/www.sisinternational.com\/wp-content\/uploads\/2025\/08\/Gas-station-1-768x430.jpg 768w, https:\/\/www.sisinternational.com\/wp-content\/uploads\/2025\/08\/Gas-station-1-18x10.jpg 18w\" sizes=\"auto, (max-width: 1456px) 100vw, 1456px\"><\/figure>\n\n\n\n<p><\/p>\n\n\n\n<p>Pod wp\u0142ywem r\u00f3\u017cnych czynnik\u00f3w, takich jak ewoluuj\u0105ce preferencje konsument\u00f3w i post\u0119p technologiczny wraz z trosk\u0105 o \u015brodowisko, przysz\u0142e perspektywy bada\u0144 rynku stacji benzynowych prawdopodobnie ulegn\u0105 znacznym zmianom. Aby zrozumie\u0107, jak badania rynku stacji benzynowych b\u0119d\u0105 ewoluowa\u0107 w przysz\u0142o\u015bci, wa\u017cne jest rozwa\u017cenie nast\u0119puj\u0105cych kluczowych czynnik\u00f3w:<\/p>\n\n\n\n<ul class=\"wp-block-list\">\n<li>Alternatywne paliwa, takie jak ogniwa paliwowe wodorowe i biopaliwa, staj\u0105 si\u0119 coraz bardziej popularne ze wzgl\u0119du na rosn\u0105ce obawy dotycz\u0105ce zmiany klimatu i zanieczyszczenia powietrza. Aby zrozumie\u0107 nastawienie konsument\u00f3w do paliw alternatywnych i ich przyj\u0119cia, kluczowe znaczenie maj\u0105 badania rynku stacji benzynowych.<\/li>\n\n\n\n<li>Wdro\u017cenie zaawansowanych analiz wraz z wdra\u017caniem nowych technologii, takich jak systemy p\u0142atno\u015bci cyfrowych i urz\u0105dzenia IoT, b\u0119dzie nadal zmienia\u0107 stacje benzynowe, poprawiaj\u0105c jako\u015b\u0107 obs\u0142ugi klient\u00f3w i zwi\u0119kszaj\u0105c przychody.<\/li>\n\n\n\n<li>Coraz popularniejsze w\u015br\u00f3d stacji benzynowych staje si\u0119 rozszerzanie oferty sklep\u00f3w typu convenience w celu przyci\u0105gni\u0119cia klient\u00f3w i uzyskania dodatkowych przychod\u00f3w. Badania rynku stacji benzynowych odgrywaj\u0105 kluczow\u0105 rol\u0119 w okre\u015blaniu zar\u00f3wno preferencji klient\u00f3w, jak i potencjalnych obszar\u00f3w wzrostu.<\/li>\n\n\n\n<li>W bran\u017cy stacji benzynowych, w kt\u00f3rej panuje coraz wi\u0119ksza konkurencja, zapewnienie klientom wyj\u0105tkowego do\u015bwiadczenia jest kwesti\u0105 kluczow\u0105, aby ich zatrzyma\u0107 i przyci\u0105gn\u0105\u0107.<\/li>\n\n\n\n<li>To reduce their carbon footprint and satisfy the rising need for environmentally friendly goods and services, businesses may emphasize sustainability and environmental impact more in <a href=\"https:\/\/www.sisinternational.com\/pl\/biopaliwa-w-przemysle-lotniczym\/\" title=\"Badania rynku zr\u00f3wnowa\u017conego rozwoju linii lotniczych\"  data-wpil-monitor-id=\"2444\">badania rynku stacji benzynowych<\/a> in the future. Moreover, comprehensive market research can provide valuable insights into identifying the best practices as well as understanding consumer preferences and potential growth opportunities within this area.<\/li>\n\n\n\n<li>Incentives for alternative fuel vehicles and government regulations and policies such as emission standards and fuel economy requirements can have a significant impact on the <a href=\"https:\/\/www.sisinternational.com\/pl\/understanding-the-eu-emissions-trading-scheme-an-sis-report\/\" title=\"Emissions Trading Market Research\"  data-wpil-monitor-id=\"1732\">badania rynku stacji benzynowych<\/a>. To understand the implications of these policies and develop strategies for adapting to the changing regulatory landscape, it will be crucial to conduct regular market research.<\/li>\n\n\n\n<li>Ewolucja bran\u017cy stacji benzynowych mo\u017ce skutkowa\u0107 nowymi modelami biznesowymi, w tym us\u0142ugami tankowania opartymi na subskrypcji lub dostaw\u0105 paliwa na \u017c\u0105danie, a tak\u017ce mo\u017cliwe jest, \u017ce strategiczne partnerstwa z detalistami i dostawcami us\u0142ug stan\u0105 si\u0119 bardziej powszechne. Przeprowadzenie bada\u0144 rynku stacji benzynowych jest niezb\u0119dne do okre\u015blenia wykonalno\u015bci i potencja\u0142u tych nowych modeli biznesowych.<\/li>\n<\/ul>","protected":false},"excerpt":{"rendered":"<p>Badania rynku stacji benzynowych pozwalaj\u0105 lepiej zrozumie\u0107, jak wa\u017cne jest zrozumienie rynku i identyfikacja mo\u017cliwo\u015bci rozwoju.<\/p>","protected":false},"author":1,"featured_media":63840,"parent":14514,"menu_order":293,"comment_status":"closed","ping_status":"closed","template":"","meta":{"footnotes":""},"class_list":["post-42636","page","type-page","status-publish","has-post-thumbnail"],"_links":{"self":[{"href":"https:\/\/www.sisinternational.com\/pl\/wp-json\/wp\/v2\/pages\/42636","targetHints":{"allow":["GET"]}}],"collection":[{"href":"https:\/\/www.sisinternational.com\/pl\/wp-json\/wp\/v2\/pages"}],"about":[{"href":"https:\/\/www.sisinternational.com\/pl\/wp-json\/wp\/v2\/types\/page"}],"author":[{"embeddable":true,"href":"https:\/\/www.sisinternational.com\/pl\/wp-json\/wp\/v2\/users\/1"}],"replies":[{"embeddable":true,"href":"https:\/\/www.sisinternational.com\/pl\/wp-json\/wp\/v2\/comments?post=42636"}],"version-history":[{"count":8,"href":"https:\/\/www.sisinternational.com\/pl\/wp-json\/wp\/v2\/pages\/42636\/revisions"}],"predecessor-version":[{"id":77383,"href":"https:\/\/www.sisinternational.com\/pl\/wp-json\/wp\/v2\/pages\/42636\/revisions\/77383"}],"up":[{"embeddable":true,"href":"https:\/\/www.sisinternational.com\/pl\/wp-json\/wp\/v2\/pages\/14514"}],"wp:featuredmedia":[{"embeddable":true,"href":"https:\/\/www.sisinternational.com\/pl\/wp-json\/wp\/v2\/media\/63840"}],"wp:attachment":[{"href":"https:\/\/www.sisinternational.com\/pl\/wp-json\/wp\/v2\/media?parent=42636"}],"curies":[{"name":"wp","href":"https:\/\/api.w.org\/{rel}","templated":true}]}}