{"id":42600,"date":"2023-04-30T17:27:55","date_gmt":"2023-04-30T21:27:55","guid":{"rendered":"https:\/\/www.sisinternational.com\/?page_id=42600"},"modified":"2025-10-18T19:08:20","modified_gmt":"2025-10-18T23:08:20","slug":"badania-rynku-ciso","status":"publish","type":"page","link":"https:\/\/www.sisinternational.com\/pl\/ekspertyza\/badania-rynku-ciso\/","title":{"rendered":"Badania rynku CISO"},"content":{"rendered":"<h1 class=\"wp-block-heading\">Badania rynku CISO<\/h1>\n\n\n\n<figure class=\"gb-block-image gb-block-image-19648e25\"><img loading=\"lazy\" decoding=\"async\" width=\"1456\" height=\"816\" class=\"gb-image gb-image-19648e25\" src=\"https:\/\/www.sisinternational.com\/wp-content\/uploads\/2025\/08\/Cibersecurity-security-1.jpg\" alt=\"SIS Mi\u0119dzynarodowe badania rynku i strategia\" title=\"Cibersecurity security (1)\" srcset=\"https:\/\/www.sisinternational.com\/wp-content\/uploads\/2025\/08\/Cibersecurity-security-1.jpg 1456w, https:\/\/www.sisinternational.com\/wp-content\/uploads\/2025\/08\/Cibersecurity-security-1-300x168.jpg 300w, https:\/\/www.sisinternational.com\/wp-content\/uploads\/2025\/08\/Cibersecurity-security-1-1024x574.jpg 1024w, https:\/\/www.sisinternational.com\/wp-content\/uploads\/2025\/08\/Cibersecurity-security-1-768x430.jpg 768w, https:\/\/www.sisinternational.com\/wp-content\/uploads\/2025\/08\/Cibersecurity-security-1-18x10.jpg 18w\" sizes=\"auto, (max-width: 1456px) 100vw, 1456px\"><\/figure>\n\n\n\n<p><\/p>\n\n\n\n<p>W miar\u0119 jak spo\u0142ecze\u0144stwo staje si\u0119 coraz bardziej powi\u0105zane z technologi\u0105, ochrona poufnych informacji staje si\u0119 dla organizacji priorytetem. Za bezpiecze\u0144stwo informacji odpowiada dyrektor ds. bezpiecze\u0144stwa informacji (CISO).<\/p>\n\n\n\n<p>CISO odpowiada za ochron\u0119 danych i tworzenie bezpiecznych system\u00f3w, kt\u00f3re mog\u0105 wytrzyma\u0107 cyberzagro\u017cenia i potencjalne naruszenia. Ze wzgl\u0119du na znaczenie tej roli, zapotrzebowanie na wykwalifikowanych i do\u015bwiadczonych CISO ro\u015bnie. Dla organizacji, kt\u00f3re chc\u0105 obsadzi\u0107 to stanowisko lub dla profesjonalist\u00f3w, kt\u00f3rzy chc\u0105 wej\u015b\u0107 w t\u0119 dziedzin\u0119, kluczowe jest zrozumienie krajobrazu bada\u0144 rynku CISO, aby uzyska\u0107 cenne informacje na temat trend\u00f3w rekrutacyjnych, oczekiwa\u0144 p\u0142acowych oraz niezb\u0119dnych umiej\u0119tno\u015bci i do\u015bwiadczenia wymaganych do odniesienia sukcesu w tej krytycznej roli.<\/p>\n\n\n\n<h2 class=\"wp-block-heading\">Czym jest CISO Market Research?<\/h2>\n\n\n\n<p>Badania rynku CISO obejmuj\u0105 metodyczny proces gromadzenia, analizowania i rozumienia danych dotycz\u0105cych CISO. Badania te zazwyczaj obejmuj\u0105 wiele aspekt\u00f3w zawodu CISO, w tym potrzeb\u0119 wykwalifikowanych CISO, konkretne kwalifikacje i umiej\u0119tno\u015bci, kt\u00f3re s\u0105 niezb\u0119dne, r\u00f3\u017cne bran\u017ce zatrudniaj\u0105ce CISO, panuj\u0105ce trendy w zakresie wynagrodze\u0144 oraz trudno\u015bci i perspektywy, z jakimi CISO spotykaj\u0105 si\u0119 na swoich stanowiskach.<\/p>\n\n\n\n<h3 class=\"wp-block-heading\">Badania rynku CISO pomagaj\u0105 w szczeg\u00f3lno\u015bci organizacjom, profesjonalistom i interesariuszom w bran\u017cy cyberbezpiecze\u0144stwa:<\/h3>\n\n\n\n<ul class=\"wp-block-list\">\n<li>Understand the current <a href=\"https:\/\/www.sisinternational.com\/pl\/zasieg\/ameryka\/zasieg-usa\/badania-rynku-w-stanie-nowy-jork\/\" title=\"Badania rynku w stanie Nowy Jork\"  data-wpil-monitor-id=\"8446\">state of the CISO job market<\/a>, including the size, growth rate, and geographic distribution of demand for CISOs.<\/li>\n\n\n\n<li>Identyfikuj nowe trendy i wyzwania w obszarze cyberbezpiecze\u0144stwa, kt\u00f3re mog\u0105 mie\u0107 wp\u0142yw na rol\u0119 i obowi\u0105zki CISO.<\/li>\n\n\n\n<li>Okre\u015bl najwa\u017cniejsze umiej\u0119tno\u015bci i kwalifikacje potrzebne CISO do odniesienia sukcesu na swoim stanowisku, a tak\u017ce wyzwania zwi\u0105zane z rekrutacj\u0105 i utrzymaniem najbardziej utalentowanych pracownik\u00f3w.<\/li>\n\n\n\n<li>Oce\u0144 skuteczno\u015b\u0107 istniej\u0105cych program\u00f3w szkoleniowych i rozwojowych CISO i zidentyfikuj mo\u017cliwo\u015bci udoskonalenia.<\/li>\n\n\n\n<li>Inform strategic decision-making related to <a href=\"https:\/\/www.sisinternational.com\/pl\/rozwiazania\/doradztwo-strategiczne-fintech-badania\/investment-technology-market-research\/\" title=\"Badania rynku technologii inwestycyjnych\"  data-wpil-monitor-id=\"8447\">investments in cybersecurity technologies<\/a>, personnel, and initiatives.<\/li>\n<\/ul>\n\n\n\n<h2 class=\"wp-block-heading\">Znaczenie bada\u0144 rynkowych CISO w obecnym krajobrazie biznesowym<\/h2>\n\n\n\n<figure class=\"gb-block-image gb-block-image-56a7052e\"><img loading=\"lazy\" decoding=\"async\" width=\"1456\" height=\"816\" class=\"gb-image gb-image-56a7052e\" src=\"https:\/\/www.sisinternational.com\/wp-content\/uploads\/2025\/08\/Cibersecurity-security-7.jpg\" alt=\"SIS Mi\u0119dzynarodowe badania rynku i strategia\" title=\"Cibersecurity security (7)\" srcset=\"https:\/\/www.sisinternational.com\/wp-content\/uploads\/2025\/08\/Cibersecurity-security-7.jpg 1456w, https:\/\/www.sisinternational.com\/wp-content\/uploads\/2025\/08\/Cibersecurity-security-7-300x168.jpg 300w, https:\/\/www.sisinternational.com\/wp-content\/uploads\/2025\/08\/Cibersecurity-security-7-1024x574.jpg 1024w, https:\/\/www.sisinternational.com\/wp-content\/uploads\/2025\/08\/Cibersecurity-security-7-768x430.jpg 768w, https:\/\/www.sisinternational.com\/wp-content\/uploads\/2025\/08\/Cibersecurity-security-7-18x10.jpg 18w\" sizes=\"auto, (max-width: 1456px) 100vw, 1456px\"><\/figure>\n\n\n\n<p><\/p>\n\n\n\n<p>Dzisiejszy krajobraz biznesowy jest n\u0119kany przez rosn\u0105c\u0105 liczb\u0119 coraz bardziej z\u0142o\u017conych cyberzagro\u017ce\u0144 i narusze\u0144 danych. W zwi\u0105zku z tym dla firm niezwykle wa\u017cne jest pe\u0142ne zrozumienie bada\u0144 rynku CISO w celu ochrony ich zasob\u00f3w cyfrowych. Oto kilka kluczowych powod\u00f3w, dla kt\u00f3rych badania rynku CISO s\u0105 kluczowe w obecnym \u015brodowisku biznesowym:<\/p>\n\n\n\n<ul class=\"wp-block-list\">\n<li><strong>Identyfikacja potrzeb w zakresie talent\u00f3w:<\/strong> Badania rynku CISO pomagaj\u0105 organizacjom zidentyfikowa\u0107 konkretne umiej\u0119tno\u015bci i kwalifikacje wymagane dla udanego CISO. Dzi\u0119ki informowaniu si\u0119 o trendach rynkowych firmy mog\u0105 mie\u0107 pewno\u015b\u0107, \u017ce rekrutuj\u0105 i zatrzymuj\u0105 najbardziej wykwalifikowanych kandydat\u00f3w, aby chroni\u0107 swoje zasoby cyfrowe.<\/li>\n\n\n\n<li><strong>Wyprzedzanie pojawiaj\u0105cych si\u0119 zagro\u017ce\u0144:<\/strong> Badania rynku CISO dostarczaj\u0105 informacji na temat pojawiaj\u0105cych si\u0119 zagro\u017ce\u0144, nowych technologii i najnowszych strategii cyberbezpiecze\u0144stwa. Dzi\u0119ki aktualizowaniu si\u0119 na bie\u017c\u0105co z tymi wydarzeniami organizacje mog\u0105 przewidywa\u0107 zagro\u017cenia i reagowa\u0107 na nie skuteczniej, minimalizuj\u0105c ryzyko kosztownych narusze\u0144 danych i cyberatak\u00f3w.<\/li>\n\n\n\n<li><strong>Podejmowanie decyzji inwestycyjnych:<\/strong> Badania rynku CISO pomagaj\u0105 organizacjom podejmowa\u0107 decyzje w oparciu o dane podczas przydzielania zasob\u00f3w na inicjatywy z zakresu cyberbezpiecze\u0144stwa, zapewniaj\u0105c w ten spos\u00f3b inwestowanie w najskuteczniejsze rozwi\u0105zania i personel.<\/li>\n<\/ul>\n\n\n\n<h2 class=\"wp-block-heading\">Nowe trendy<\/h2>\n\n\n\n<p>The CISO <a href=\"https:\/\/www.sisinternational.com\/pl\/rozwiazania\/sis-global-growth\/emerging-markets-strategy-consulting\/\" title=\"Emerging Markets Strategy Consulting\"  data-wpil-monitor-id=\"8448\">market is experiencing several emerging<\/a> trends that are shaping the cybersecurity landscape. Some of the key emerging trends in CISO market research are:<\/p>\n\n\n\n<ul class=\"wp-block-list\">\n<li><strong>Rozw\u00f3j sztucznej inteligencji (AI) i uczenia maszynowego (ML):<\/strong> Technologie AI i ML s\u0105 coraz cz\u0119\u015bciej wykorzystywane do ulepszania \u015brodk\u00f3w cyberbezpiecze\u0144stwa, umo\u017cliwiaj\u0105c organizacjom skuteczniejsze wykrywanie i reagowanie na zagro\u017cenia. CISO musz\u0105 by\u0107 na bie\u017c\u0105co z najnowszymi osi\u0105gni\u0119ciami w dziedzinie AI i ML, aby mie\u0107 pewno\u015b\u0107, \u017ce ich organizacje skutecznie wykorzystuj\u0105 te technologie.<\/li>\n\n\n\n<li><strong>Wi\u0119kszy nacisk na prywatno\u015b\u0107 danych i zgodno\u015b\u0107 z przepisami:<\/strong> Wraz z wprowadzeniem przepis\u00f3w, takich jak GDPR i CCPA, organizacje staj\u0105 teraz w obliczu zwi\u0119kszonej kontroli w zakresie praktyk ochrony danych. CISO musz\u0105 priorytetowo traktowa\u0107 prywatno\u015b\u0107 danych i zgodno\u015b\u0107, aby unikn\u0105\u0107 wysokich kar i szk\u00f3d dla reputacji.<\/li>\n\n\n\n<li><strong>Luka w umiej\u0119tno\u015bciach w zakresie cyberbezpiecze\u0144stwa:<\/strong> Popyt na wykwalifikowanych specjalist\u00f3w ds. cyberbezpiecze\u0144stwa nadal przewy\u017csza poda\u017c, tworz\u0105c luk\u0119 w talentach w bran\u017cy. CISO musz\u0105 opracowa\u0107 innowacyjne strategie rekrutacji, zatrzymywania i szkolenia talent\u00f3w ds. cyberbezpiecze\u0144stwa, aby sprosta\u0107 temu wyzwaniu. Poniewa\u017c b\u0142\u0105d ludzki pozostaje znacz\u0105cym czynnikiem w naruszeniach danych, CISO k\u0142ad\u0105 wi\u0119kszy nacisk na szkolenia pracownik\u00f3w w zakresie cyberbezpiecze\u0144stwa i programy \u015bwiadomo\u015bciowe.<\/li>\n\n\n\n<li><strong>Wzrost zapotrzebowania na CISO:<\/strong> Wraz ze wzrostem znaczenia cyberbezpiecze\u0144stwa w organizacjach ka\u017cdej wielko\u015bci, ro\u015bnie zapotrzebowanie na dyrektor\u00f3w ds. bezpiecze\u0144stwa informacji (CISO), kt\u00f3rzy b\u0119d\u0105 pe\u0142ni\u0107 wiod\u0105c\u0105 rol\u0119 w opracowywaniu i wdra\u017caniu kompleksowych strategii bezpiecze\u0144stwa.<\/li>\n\n\n\n<li><strong>Coraz wi\u0119ksza uwaga po\u015bwi\u0119cona zagro\u017ceniom wewn\u0119trznym:<\/strong> Dyrektorzy ds. bezpiecze\u0144stwa informacji (CISO) coraz bardziej koncentruj\u0105 si\u0119 na wykrywaniu i zapobieganiu zagro\u017ceniom wewn\u0119trznym, zar\u00f3wno z\u0142o\u015bliwym, jak i niezamierzonym, poprzez wdra\u017canie solidnych narz\u0119dzi u\u017cytkownik\u00f3w.<\/li>\n<\/ul>\n\n\n\n<h2 class=\"wp-block-heading\">Przysz\u0142o\u015b\u0107<\/h2>\n\n\n\n<figure class=\"gb-block-image gb-block-image-e9024cc4\"><img loading=\"lazy\" decoding=\"async\" width=\"1456\" height=\"816\" class=\"gb-image gb-image-e9024cc4\" src=\"https:\/\/www.sisinternational.com\/wp-content\/uploads\/2025\/08\/Cibersecurity-security-9.jpg\" alt=\"SIS Mi\u0119dzynarodowe badania rynku i strategia\" title=\"Cibersecurity security (9)\" srcset=\"https:\/\/www.sisinternational.com\/wp-content\/uploads\/2025\/08\/Cibersecurity-security-9.jpg 1456w, https:\/\/www.sisinternational.com\/wp-content\/uploads\/2025\/08\/Cibersecurity-security-9-300x168.jpg 300w, https:\/\/www.sisinternational.com\/wp-content\/uploads\/2025\/08\/Cibersecurity-security-9-1024x574.jpg 1024w, https:\/\/www.sisinternational.com\/wp-content\/uploads\/2025\/08\/Cibersecurity-security-9-768x430.jpg 768w, https:\/\/www.sisinternational.com\/wp-content\/uploads\/2025\/08\/Cibersecurity-security-9-18x10.jpg 18w\" sizes=\"auto, (max-width: 1456px) 100vw, 1456px\"><\/figure>\n\n\n\n<p><\/p>\n\n\n\n<p>The ever-evolving digital arena and the emergence of advanced cyber threats will lead to significant <a href=\"https:\/\/www.sisinternational.com\/pl\/rozwiazania\/business-transformation-market-research\/\" title=\"Badania rynku transformacji biznesowej\"  data-wpil-monitor-id=\"8449\">transformations in the CISO market<\/a>. To prepare for the future, both organizations and cybersecurity professionals must gain an in-depth understanding of the potential changes in the CISO market. Here are some prospects for the future of CISO market research:<\/p>\n\n\n\n<ul class=\"wp-block-list\">\n<li><strong>Continued <\/strong><a href=\"https:\/\/www.sisinternational.com\/pl\/rozwiazania\/podroze-turystyka-hotelarstwo-doradztwo\/tour-guide-company-market-research\/\" title=\"Badania rynku firm przewodnik\u00f3w turystycznych\"  data-wpil-monitor-id=\"8450\">market growth: As companies<\/a> continue to prioritize cybersecurity, the need for capable and seasoned CISOs is projected to steadily increase. This recognition of the significance of robust cybersecurity leadership is anticipated to intensify the competition for top CISO talent and result in higher compensation packages.<\/li>\n\n\n\n<li><strong>Ewoluuj\u0105ca rola CISO:<\/strong> W miar\u0119 jak krajobraz bezpiecze\u0144stwa ewoluuje, oczekiwania stawiane CISO r\u00f3wnie\u017c ulegn\u0105 zmianie. Ci liderzy b\u0119d\u0105 musieli skupi\u0107 si\u0119 na planowaniu strategicznym, zarz\u0105dzaniu ryzykiem i wsp\u00f3\u0142pracy mi\u0119dzy funkcjami, aby zapewni\u0107, \u017ce ich organizacje s\u0105 dobrze chronione przed rosn\u0105cymi zagro\u017ceniami. CISO b\u0119d\u0105 musieli opanowa\u0107 konkretne dziedziny, takie jak bezpiecze\u0144stwo w chmurze, zabezpieczanie infrastruktury krytycznej lub przestrzeganie przepis\u00f3w reguluj\u0105cych prywatno\u015b\u0107 danych.<\/li>\n\n\n\n<li><strong>Wi\u0119kszy nacisk na automatyzacj\u0119 i sztuczn\u0105 inteligencj\u0119:<\/strong> W dzisiejszym ci\u0105gle ewoluuj\u0105cym krajobrazie cyberbezpiecze\u0144stwa organizacje zwracaj\u0105 si\u0119 ku technologiom AI i automatyzacji, aby wzmocni\u0107 swoje systemy obronne. W rezultacie CISO musz\u0105 by\u0107 na bie\u017c\u0105co z najnowszymi osi\u0105gni\u0119ciami i upewni\u0107 si\u0119, \u017ce ich zespo\u0142y skutecznie wykorzystuj\u0105 te narz\u0119dzia.<\/li>\n\n\n\n<li><strong>Rosn\u0105ce zapotrzebowanie na kompetencje mi\u0119kkie:<\/strong> Rola CISO ewoluuje i rozszerza si\u0119 poza wiedz\u0119 techniczn\u0105. Obecnie od CISO oczekuje si\u0119 dobrze rozwini\u0119tych umiej\u0119tno\u015bci mi\u0119kkich, w tym skutecznej komunikacji, przyw\u00f3dztwa i zdolno\u015bci negocjacyjnych. Ten trend jest nap\u0119dzany rosn\u0105c\u0105 potrzeb\u0105 wsp\u00f3\u0142pracy i pracy zespo\u0142owej mi\u0119dzy CISO a r\u00f3\u017cnymi interesariuszami w ca\u0142ej organizacji. Aby odnie\u015b\u0107 sukces w tej roli, CISO musz\u0105 posiada\u0107 siln\u0105 r\u00f3wnowag\u0119 umiej\u0119tno\u015bci technicznych i mi\u0119kkich, przy czym te ostatnie staj\u0105 si\u0119 coraz bardziej krytyczne dla sukcesu.<\/li>\n<\/ul>\n\n\n\n<p><a href=\"https:\/\/www.sisinternational.com\/pl\/sis-przedstawia-platforme-do-nauki-o-danych-i-analizy-ilosciowej\/\" title=\"SIS przedstawia platform\u0119 Data Science i Quantitative Analytics\"  data-wpil-monitor-id=\"8443\">SIS International offers Quantitative<\/a>, Qualitative, and Strategy Research. We provide data, tools, strategies, reports and insights for decision-making. We conduct interviews, surveys, <a href=\"https:\/\/www.sisinternational.com\/pl\/rozwiazania\/badania-rynku-w-grupie-fokusowej\/\" title=\"Badania rynku w grupie fokusowej\"  data-wpil-monitor-id=\"8444\">focus groups and many other Market Research<\/a> methods and approaches. Contact us for your <a href=\"https:\/\/www.sisinternational.com\/pl\/ekspertyza\/branze\/next-generation-technologies-market-research\/\" title=\"Badania rynku technologii nowej generacji\"  data-wpil-monitor-id=\"8445\">next Market Research<\/a> project.<\/p>\n\n\n\n<p><\/p>\n\n\n\n<p><\/p>","protected":false},"excerpt":{"rendered":"<p>Badania rynku CISO pozwalaj\u0105 uzyska\u0107 cenne informacje na temat trend\u00f3w rekrutacyjnych, oczekiwa\u0144 p\u0142acowych oraz niezb\u0119dnych umiej\u0119tno\u015bci i do\u015bwiadczenia.<\/p>","protected":false},"author":1,"featured_media":64037,"parent":14514,"menu_order":279,"comment_status":"closed","ping_status":"closed","template":"","meta":{"footnotes":""},"class_list":["post-42600","page","type-page","status-publish","has-post-thumbnail"],"_links":{"self":[{"href":"https:\/\/www.sisinternational.com\/pl\/wp-json\/wp\/v2\/pages\/42600","targetHints":{"allow":["GET"]}}],"collection":[{"href":"https:\/\/www.sisinternational.com\/pl\/wp-json\/wp\/v2\/pages"}],"about":[{"href":"https:\/\/www.sisinternational.com\/pl\/wp-json\/wp\/v2\/types\/page"}],"author":[{"embeddable":true,"href":"https:\/\/www.sisinternational.com\/pl\/wp-json\/wp\/v2\/users\/1"}],"replies":[{"embeddable":true,"href":"https:\/\/www.sisinternational.com\/pl\/wp-json\/wp\/v2\/comments?post=42600"}],"version-history":[{"count":4,"href":"https:\/\/www.sisinternational.com\/pl\/wp-json\/wp\/v2\/pages\/42600\/revisions"}],"predecessor-version":[{"id":81417,"href":"https:\/\/www.sisinternational.com\/pl\/wp-json\/wp\/v2\/pages\/42600\/revisions\/81417"}],"up":[{"embeddable":true,"href":"https:\/\/www.sisinternational.com\/pl\/wp-json\/wp\/v2\/pages\/14514"}],"wp:featuredmedia":[{"embeddable":true,"href":"https:\/\/www.sisinternational.com\/pl\/wp-json\/wp\/v2\/media\/64037"}],"wp:attachment":[{"href":"https:\/\/www.sisinternational.com\/pl\/wp-json\/wp\/v2\/media?parent=42600"}],"curies":[{"name":"wp","href":"https:\/\/api.w.org\/{rel}","templated":true}]}}