{"id":42586,"date":"2023-04-29T22:25:09","date_gmt":"2023-04-30T02:25:09","guid":{"rendered":"https:\/\/www.sisinternational.com\/?page_id=42586"},"modified":"2026-03-12T13:28:31","modified_gmt":"2026-03-12T17:28:31","slug":"badania-rynku-ciast","status":"publish","type":"page","link":"https:\/\/www.sisinternational.com\/pl\/rozwiazania\/badania-rynku-przemyslu-spozywczego-i-napojow\/badania-rynku-ciast\/","title":{"rendered":"Badania rynku ciast"},"content":{"rendered":"<h1 class=\"wp-block-heading\">Badania rynku ciast<\/h1>\n\n\n\n<figure class=\"gb-block-image gb-block-image-87a748d3\"><img loading=\"lazy\" decoding=\"async\" width=\"1456\" height=\"816\" class=\"gb-image gb-image-87a748d3\" src=\"https:\/\/www.sisinternational.com\/wp-content\/uploads\/2025\/08\/Cake-4.jpg\" alt=\"SIS Mi\u0119dzynarodowe badania rynku i strategia\" title=\"Cake (4)\" srcset=\"https:\/\/www.sisinternational.com\/wp-content\/uploads\/2025\/08\/Cake-4.jpg 1456w, https:\/\/www.sisinternational.com\/wp-content\/uploads\/2025\/08\/Cake-4-300x168.jpg 300w, https:\/\/www.sisinternational.com\/wp-content\/uploads\/2025\/08\/Cake-4-1024x574.jpg 1024w, https:\/\/www.sisinternational.com\/wp-content\/uploads\/2025\/08\/Cake-4-768x430.jpg 768w, https:\/\/www.sisinternational.com\/wp-content\/uploads\/2025\/08\/Cake-4-18x10.jpg 18w\" sizes=\"auto, (max-width: 1456px) 100vw, 1456px\"><\/figure>\n\n\n\n<p><\/p>\n\n\n\n<p>Badania rynku ciast to kluczowy proces, kt\u00f3ry dostarcza wgl\u0105du w przegl\u0105d rynku ciast, segment rynku ciast, ofert\u0119 produkt\u00f3w na rynku ciast i czynniki nap\u0119dzaj\u0105ce rynek bran\u017cy ciast. Zrozumienie danych i strategii w badaniach rynku ciast jest kluczowe dla podmiot\u00f3w w bran\u017cy, aby zachowa\u0107 konkurencyjno\u015b\u0107 i sprosta\u0107 ci\u0105gle zmieniaj\u0105cym si\u0119 potrzebom konsument\u00f3w. Wraz ze wzrostem popytu na wysokiej jako\u015bci, niedrogie ciasta, rynek ciast jest gotowy na ci\u0105g\u0142y wzrost i rozw\u00f3j w nadchodz\u0105cych latach.<\/p>\n\n\n\n<h2 class=\"wp-block-heading\">Przegl\u0105d rynku ciast<\/h2>\n\n\n\n<p>Bran\u017ca cukiernicza to dynamiczny i rozwijaj\u0105cy si\u0119 sektor, kt\u00f3ry oferuje konsumentom szerok\u0105 gam\u0119 produkt\u00f3w. Rynek cukierniczy to wysoce konkurencyjny rynek z wieloma graczami, od du\u017cych korporacji mi\u0119dzynarodowych po ma\u0142e lokalne piekarnie. Rynek cukierniczy jest nap\u0119dzany rosn\u0105cym popytem na wysokiej jako\u015bci, niedrogie ciasta, kt\u00f3re s\u0105 dost\u0119pne w r\u00f3\u017cnych smakach i wzorach.<\/p>\n\n\n\n<h2 class=\"wp-block-heading\">Przegl\u0105d produktu<\/h2>\n\n\n\n<p>Oferta produkt\u00f3w na rynku ciast obejmuje szerok\u0105 gam\u0119 ciast, kt\u00f3re odpowiadaj\u0105 r\u00f3\u017cnym gustom i preferencjom. Oferta produkt\u00f3w na rynku ciast obejmuje ciasta premium, zwyk\u0142e ciasta i ciasta bud\u017cetowe. Ciasta premium to produkty wysokiej jako\u015bci, kt\u00f3re oferuj\u0105 wyj\u0105tkowe i wyrafinowane smaki i wzory. Zwyk\u0142e ciasta to najpopularniejsze ciasta, kt\u00f3re s\u0105 szeroko dost\u0119pne na rynku. Ciasta bud\u017cetowe to niedrogie produkty, na kt\u00f3re sta\u0107 szersz\u0105 grup\u0119 konsument\u00f3w. Oferta produkt\u00f3w na rynku ciast r\u00f3\u017cni si\u0119 w zale\u017cno\u015bci od segmentu rynku ciast i grupy docelowej.<\/p>\n\n\n\n<p>Czynniki nap\u0119dzaj\u0105ce rynek bran\u017cy cukierniczej to czynniki wp\u0142ywaj\u0105ce na wzrost i rozw\u00f3j rynku ciast.<\/p>\n\n\n\n<h2 class=\"wp-block-heading\">Segment rynku ciast<\/h2>\n\n\n\n<p>Segmenting the industry is an essential aspect of cake market research. The cake market is segmented based on the type of cake, the occasion, and the distribution channel. The type of cake includes sponge cakes, cheesecakes, fruit cakes, and others. The occasion includes birthdays, weddings, festivals, and others. The distribution channel includes supermarkets, hypermarkets, online stores, and others. <a href=\"https:\/\/www.sisinternational.com\/pl\/studium-przypadku-sis-wglad-w-sklep-na-calym-swiecie\/\" title=\"Wgl\u0105d w zachowania klient\u00f3w w sklepie \u2014 studium przypadku badania rynku\"  data-wpil-monitor-id=\"9733\">Market research provides insights<\/a> into the various market segments that way, industry players can tailor their products and marketing strategies to meet the needs of specific target audiences.<\/p>\n\n\n\n<h2 class=\"wp-block-heading\">Sterowniki bran\u017cowe<\/h2>\n\n\n\n<figure class=\"gb-block-image gb-block-image-c3b6ba03\"><img loading=\"lazy\" decoding=\"async\" width=\"1456\" height=\"816\" class=\"gb-image gb-image-c3b6ba03\" src=\"https:\/\/www.sisinternational.com\/wp-content\/uploads\/2025\/08\/Cake-1.jpg\" alt=\"SIS Mi\u0119dzynarodowe badania rynku i strategia\" title=\"Cake (1)\" srcset=\"https:\/\/www.sisinternational.com\/wp-content\/uploads\/2025\/08\/Cake-1.jpg 1456w, https:\/\/www.sisinternational.com\/wp-content\/uploads\/2025\/08\/Cake-1-300x168.jpg 300w, https:\/\/www.sisinternational.com\/wp-content\/uploads\/2025\/08\/Cake-1-1024x574.jpg 1024w, https:\/\/www.sisinternational.com\/wp-content\/uploads\/2025\/08\/Cake-1-768x430.jpg 768w, https:\/\/www.sisinternational.com\/wp-content\/uploads\/2025\/08\/Cake-1-18x10.jpg 18w\" sizes=\"auto, (max-width: 1456px) 100vw, 1456px\"><\/figure>\n\n\n\n<p><\/p>\n\n\n\n<h3 class=\"wp-block-heading\">Badania rynku dostarczaj\u0105 informacji na temat czynnik\u00f3w nap\u0119dzaj\u0105cych rynek bran\u017cy cukierniczej, do kt\u00f3rych zaliczaj\u0105 si\u0119 mi\u0119dzy innymi:<\/h3>\n\n\n\n<ul class=\"wp-block-list\">\n<li>Rosn\u0105cy popyt na ciasta. Rosn\u0105ca populacja, urbanizacja i rosn\u0105ca \u015bwiadomo\u015b\u0107 ciast jako formy przyjemno\u015bci nap\u0119dzaj\u0105 popyt na ciasta.<\/li>\n\n\n\n<li>Zmieniaj\u0105ce si\u0119 preferencje konsument\u00f3w. Konsumenci domagaj\u0105 si\u0119 zdrowszych opcji ciast, unikalnych i innowacyjnych smak\u00f3w oraz spersonalizowanych ciast, kt\u00f3re odpowiadaj\u0105 ich indywidualnym gustom i preferencjom.<\/li>\n\n\n\n<li>Zwi\u0119kszenie dochodu rozporz\u0105dzalnego. Wraz ze wzrostem dochodu rozporz\u0105dzalnego konsumenci ch\u0119tniej wydaj\u0105 pieni\u0105dze na ciasta premium i produkty wysokiej jako\u015bci.<\/li>\n\n\n\n<li>Technological advancements. The cake industry is leveraging advanced equipment, software, and <a href=\"https:\/\/www.sisinternational.com\/pl\/ekspertyza\/branze\/digital-identity-market-research-strategy-consulting\/\" title=\"Badania rynku to\u017csamo\u015bci cyfrowej i doradztwo strategiczne\"  data-wpil-monitor-id=\"9729\">digital marketing strategies<\/a> to improve the quality of cakes and reach a wider audience.<\/li>\n\n\n\n<li>Przesuni\u0119cie w stron\u0119 sprzeda\u017cy online. Coraz bardziej widoczna jest tendencja do sprzeda\u017cy ciast online, poniewa\u017c konsumenci coraz cz\u0119\u015bciej szukaj\u0105 wygody robienia zakup\u00f3w w domu i otrzymywania zam\u00f3wie\u0144 za po\u015brednictwem us\u0142ug dostawy.<\/li>\n\n\n\n<li><a href=\"https:\/\/www.sisinternational.com\/pl\/rozwiazania\/rozwiazania-w-zakresie-brandingu-i-badan-klientow\/co-to-jest-marketing-influencerski\/\" title=\"Czym jest Influencer Marketing? Marketing w mediach spo\u0142eczno\u015bciowych?\"  data-wpil-monitor-id=\"9731\">Influence of social media<\/a>. Social media channels are playing an increasingly important role in shaping consumer preferences and driving demand for cakes through the sharing of cake-related content, reviews, and recommendations.<\/li>\n\n\n\n<li>Rosn\u0105ca konkurencja. Bran\u017ca cukiernicza staje si\u0119 bardzo konkurencyjna, poniewa\u017c na rynek wchodz\u0105 nowe firmy, a te ugruntowane staraj\u0105 si\u0119 wyr\u00f3\u017cni\u0107 poprzez innowacyjne produkty, strategie marketingowe i do\u015bwiadczenia klient\u00f3w.<\/li>\n<\/ul>\n\n\n\n<h2 class=\"wp-block-heading\">Metodologie<\/h2>\n\n\n\n<p>Istnieje wiele metodologii badawczych, kt\u00f3re mo\u017cna wykorzysta\u0107 podczas przeprowadzania bada\u0144 rynkowych dotycz\u0105cych ciast. W tych procedurach badawczych uwzgl\u0119dniono metody ilo\u015bciowe i jako\u015bciowe.<\/p>\n\n\n\n<h3 class=\"wp-block-heading\">Oto pi\u0119\u0107 istotnych metodologii badawczych dla bran\u017cy cukierniczej, wraz z przyk\u0142adami:<\/h3>\n\n\n\n<ol class=\"wp-block-list\">\n<li>Using questionnaires to capture data and strategies in cake market research from a sample of individuals, surveys are a <a href=\"https:\/\/www.sisinternational.com\/pl\/quantitative-market-research-methods-and-techniques\/\" title=\"Quantitative Market Research Methods and Techniques\"  data-wpil-monitor-id=\"9724\">quantitative research method<\/a>. In the cake industry, surveys can be used to collect data on consumer preferences, purchasing patterns, and product satisfaction. For instance, a survey can be conducted to determine which variety of cake is the most well-liked among consumers in a particular region.<\/li>\n\n\n\n<li>Data analysis is a quantitative <a href=\"https:\/\/www.sisinternational.com\/pl\/b2b-market-research-strategies-and-techniques\/\" title=\"B2B Market Research Strategies and Techniques\"  data-wpil-monitor-id=\"9727\">research strategy that employs statistical techniques<\/a> to analyze numerical data. In the cake industry, data analysis can be used to comprehend sales trends, consumer behavior, and other crucial market metrics. For instance, data analysis can be used to determine the most popular cake flavors among consumers in a particular region.<\/li>\n\n\n\n<li>Interviews are a <a href=\"https:\/\/www.sisinternational.com\/pl\/sampling-techniques-in-qualitative-research-the-complete-guide-to-choosing-the-right-method\/\" title=\"Sampling Techniques in Qualitative Research: The Complete Guide to Choosing the Right Method\"  data-wpil-monitor-id=\"9725\">qualitative research method<\/a> involving one-on-one conversations between a researcher and a participant. In the cake industry, interviews can be used to gain a deeper knowledge of consumer behavior, purchasing preferences, and opinions regarding various cake products. For instance, professional cake decorators can be interviewed to gain insight into their perspectives on the latest cake industry trends.<\/li>\n\n\n\n<li>Another qualitative research method that can be used is utilizing focus groups, where a group of people is gathered to discuss their opinions, attitudes, and experiences regarding a specific cake product. <a href=\"https:\/\/www.sisinternational.com\/pl\/focus-groups-that-deliver-real-voices-real-insight-real-advantage\/\" title=\"Focus Groups That Deliver Real Voices, Real Insight, Real Advantage\"  data-wpil-monitor-id=\"9736\">Grupy fokusowe<\/a> can be utilized in the cake industry to gain insight into consumer preferences, flavors, and opinions regarding specific cake products. For instance, a focus group can be used to determine why gluten-free pastries are becoming increasingly popular among consumers.<\/li>\n\n\n\n<li>Obserwacje to jako\u015bciowa metoda badawcza obejmuj\u0105ca obserwacj\u0119 i rejestrowanie zachowa\u0144 w ich naturalnym \u015brodowisku. Obserwacje mog\u0105 by\u0107 wykorzystywane w przemy\u015ble cukierniczym do zrozumienia zachowa\u0144 i preferencji konsument\u00f3w w piekarni lub sklepie z ciastami. Obserwacje mog\u0105 by\u0107 wykorzystywane na przyk\u0142ad do okre\u015blenia, w jaki spos\u00f3b klienci wchodz\u0105 w interakcje z r\u00f3\u017cnymi produktami cukierniczymi w piekarni lub sklepie z ciastami.<\/li>\n<\/ol>\n\n\n\n<p>\u0141\u0105cz\u0105c te metody, g\u0142\u00f3wni gracze i liderzy bran\u017cy cukierniczej mog\u0105 uzyska\u0107 dane i strategie bada\u0144 rynku ciast, kt\u00f3re mog\u0105 dostarczy\u0107 cennych informacji na temat zachowa\u0144 konsument\u00f3w, ich preferencji i dynamiki rynku.<\/p>\n\n\n\n<h2 class=\"wp-block-heading\">O badaniu rynku ciast<\/h2>\n\n\n\n<figure class=\"gb-block-image gb-block-image-fe41981b\"><img loading=\"lazy\" decoding=\"async\" width=\"1456\" height=\"816\" class=\"gb-image gb-image-fe41981b\" src=\"https:\/\/www.sisinternational.com\/wp-content\/uploads\/2025\/08\/Cake-3.jpg\" alt=\"SIS Mi\u0119dzynarodowe badania rynku i strategia\" title=\"Cake (3)\" srcset=\"https:\/\/www.sisinternational.com\/wp-content\/uploads\/2025\/08\/Cake-3.jpg 1456w, https:\/\/www.sisinternational.com\/wp-content\/uploads\/2025\/08\/Cake-3-300x168.jpg 300w, https:\/\/www.sisinternational.com\/wp-content\/uploads\/2025\/08\/Cake-3-1024x574.jpg 1024w, https:\/\/www.sisinternational.com\/wp-content\/uploads\/2025\/08\/Cake-3-768x430.jpg 768w, https:\/\/www.sisinternational.com\/wp-content\/uploads\/2025\/08\/Cake-3-18x10.jpg 18w\" sizes=\"auto, (max-width: 1456px) 100vw, 1456px\"><\/figure>\n\n\n\n<p><\/p>\n\n\n\n<p>Cake market research can benefit various stakeholders in the cake industry, including cake manufacturers, cake suppliers, cake retailers, and consumers. <a href=\"https:\/\/www.sisinternational.com\/pl\/ekspertyza\/branze\/food-beverage-manufacturing-market-research\/\" title=\"Badania rynku produkcji \u017cywno\u015bci i napoj\u00f3w\"  data-wpil-monitor-id=\"9726\">Market research provides insights so manufacturers<\/a> and suppliers can gain better understanding into consumer preferences, trends, and behaviors to develop new products that meet the evolving needs of the market. Retailers can use <a href=\"https:\/\/www.sisinternational.com\/pl\/discounting-at-super-luxury-retailers\/\" title=\"Obni\u017cki cen w sklepach luksusowych\"  data-wpil-monitor-id=\"2104\">market research to improve their marketing strategies<\/a> and product offerings to attract and retain customers. For consumers, market research can help to ensure that they have access to high-quality and affordable cake products that meet their preferences and needs.<\/p>\n\n\n\n<p>Ultimately, the benefits of cake <a href=\"https:\/\/www.sisinternational.com\/pl\/non-profit-market-research\/\" title=\"Badania rynku non-profit\"  data-wpil-monitor-id=\"1011\">market research include increased profitability<\/a>, improved customer satisfaction, and a better understanding of the market dynamics, which can help to inform decision-making and drive growth in the cake industry.<\/p>","protected":false},"excerpt":{"rendered":"<p>Wraz ze wzrostem popytu na wysokiej jako\u015bci ciasta w przyst\u0119pnej cenie, rynek ciast jest gotowy na dalszy wzrost i rozw\u00f3j w nadchodz\u0105cych latach.<\/p>","protected":false},"author":1,"featured_media":63933,"parent":22018,"menu_order":274,"comment_status":"closed","ping_status":"closed","template":"","meta":{"footnotes":""},"class_list":["post-42586","page","type-page","status-publish","has-post-thumbnail"],"_links":{"self":[{"href":"https:\/\/www.sisinternational.com\/pl\/wp-json\/wp\/v2\/pages\/42586","targetHints":{"allow":["GET"]}}],"collection":[{"href":"https:\/\/www.sisinternational.com\/pl\/wp-json\/wp\/v2\/pages"}],"about":[{"href":"https:\/\/www.sisinternational.com\/pl\/wp-json\/wp\/v2\/types\/page"}],"author":[{"embeddable":true,"href":"https:\/\/www.sisinternational.com\/pl\/wp-json\/wp\/v2\/users\/1"}],"replies":[{"embeddable":true,"href":"https:\/\/www.sisinternational.com\/pl\/wp-json\/wp\/v2\/comments?post=42586"}],"version-history":[{"count":6,"href":"https:\/\/www.sisinternational.com\/pl\/wp-json\/wp\/v2\/pages\/42586\/revisions"}],"predecessor-version":[{"id":81620,"href":"https:\/\/www.sisinternational.com\/pl\/wp-json\/wp\/v2\/pages\/42586\/revisions\/81620"}],"up":[{"embeddable":true,"href":"https:\/\/www.sisinternational.com\/pl\/wp-json\/wp\/v2\/pages\/22018"}],"wp:featuredmedia":[{"embeddable":true,"href":"https:\/\/www.sisinternational.com\/pl\/wp-json\/wp\/v2\/media\/63933"}],"wp:attachment":[{"href":"https:\/\/www.sisinternational.com\/pl\/wp-json\/wp\/v2\/media?parent=42586"}],"curies":[{"name":"wp","href":"https:\/\/api.w.org\/{rel}","templated":true}]}}