{"id":42375,"date":"2023-04-14T15:00:51","date_gmt":"2023-04-14T19:00:51","guid":{"rendered":"https:\/\/www.sisinternational.com\/?page_id=42375"},"modified":"2026-01-26T18:17:45","modified_gmt":"2026-01-26T23:17:45","slug":"badania-marketingowe-artykulow-sportowych","status":"publish","type":"page","link":"https:\/\/www.sisinternational.com\/pl\/ekspertyza\/badania-marketingowe-artykulow-sportowych\/","title":{"rendered":"Badania marketingowe artyku\u0142\u00f3w sportowych"},"content":{"rendered":"<h1 class=\"wp-block-heading\">Badania marketingowe artyku\u0142\u00f3w sportowych<\/h1>\n\n\n\n<figure class=\"gb-block-image gb-block-image-6c9229dc\"><img loading=\"lazy\" decoding=\"async\" width=\"1456\" height=\"816\" class=\"gb-image gb-image-6c9229dc\" src=\"https:\/\/www.sisinternational.com\/wp-content\/uploads\/2025\/08\/Golf-sport-6.jpg\" alt=\"SIS Mi\u0119dzynarodowe badania rynku i strategia\" title=\"Golf sport (6)\" srcset=\"https:\/\/www.sisinternational.com\/wp-content\/uploads\/2025\/08\/Golf-sport-6.jpg 1456w, https:\/\/www.sisinternational.com\/wp-content\/uploads\/2025\/08\/Golf-sport-6-300x168.jpg 300w, https:\/\/www.sisinternational.com\/wp-content\/uploads\/2025\/08\/Golf-sport-6-1024x574.jpg 1024w, https:\/\/www.sisinternational.com\/wp-content\/uploads\/2025\/08\/Golf-sport-6-768x430.jpg 768w, https:\/\/www.sisinternational.com\/wp-content\/uploads\/2025\/08\/Golf-sport-6-18x10.jpg 18w\" sizes=\"auto, (max-width: 1456px) 100vw, 1456px\"><\/figure>\n\n\n\n<p><\/p>\n\n\n\n<p>Badania marketingowe artyku\u0142\u00f3w sportowych obejmuj\u0105 pr\u0119\u017cnie rozwijaj\u0105cy si\u0119 globalny przemys\u0142, kt\u00f3ry obejmuje szerok\u0105 gam\u0119 produkt\u00f3w wykorzystywanych w r\u00f3\u017cnych sportach i zaj\u0119ciach rekreacyjnych. Przemys\u0142 ten obs\u0142uguje zr\u00f3\u017cnicowan\u0105 baz\u0119 klient\u00f3w, w tym sportowc\u00f3w, entuzjast\u00f3w sportu, entuzjast\u00f3w fitnessu i u\u017cytkownik\u00f3w rekreacyjnych, i oferuje szerok\u0105 gam\u0119 produkt\u00f3w, takich jak sprz\u0119t sportowy, odzie\u017c, obuwie, akcesoria i sprz\u0119t fitness.<\/p>\n\n\n\n<h2 class=\"wp-block-heading\">Motory bada\u0144 marketingowych w bran\u017cy artyku\u0142\u00f3w sportowych<\/h2>\n\n\n\n<p>Jednym z g\u0142\u00f3wnych czynnik\u00f3w wzrostu bran\u017cy artyku\u0142\u00f3w sportowych i sprz\u0119tu jest rosn\u0105ca globalna \u015bwiadomo\u015b\u0107 i nacisk na zdrowie i sprawno\u015b\u0107 fizyczn\u0105. Wraz ze wzrostem rozpowszechnienia siedz\u0105cego trybu \u017cycia i przewlek\u0142ych problem\u00f3w zdrowotnych, coraz wi\u0119cej os\u00f3b szuka sposob\u00f3w na zaanga\u017cowanie si\u0119 w aktywno\u015b\u0107 fizyczn\u0105, co nap\u0119dza popyt na artyku\u0142y sportowe i sprz\u0119t. Ponadto rosn\u0105ca popularno\u015b\u0107 zorganizowanych sport\u00f3w, trend\u00f3w fitness i zaj\u0119\u0107 rekreacyjnych na \u015bwie\u017cym powietrzu r\u00f3wnie\u017c nap\u0119dza popyt na produkty sportowe i fitness.<\/p>\n\n\n\n<p>Another factor driving the trends in the sporting goods and equipment <a href=\"https:\/\/www.sisinternational.com\/pl\/ekspertyza\/branze\/industrial-focus-groups\/\" title=\"Grupy fokusowe przemys\u0142u\"  data-wpil-monitor-id=\"9917\">industry include increased focus<\/a> on product innovation and development, integration of advanced technologies, and sustainability initiatives. Market research provides insights on manufacturers that are constantly introducing <a href=\"https:\/\/www.sisinternational.com\/pl\/sis-wprowadza-nowe-cyfrowe-rozwiazania-badawcze\/\" title=\"SIS wprowadza nowe rozwi\u0105zania Digital Research\"  data-wpil-monitor-id=\"9909\">innovative<\/a> products with improved performance, comfort, and durability to cater to the evolving needs of consumers. Technology-driven products such as smart wearables, connected fitness equipment, and sports tracking devices are gaining popularity among consumers, providing opportunities for growth.<\/p>\n\n\n\n<p>Lastly, sustainability and eco-friendly practices are becoming increasingly important in the industry, with <a href=\"https:\/\/www.sisinternational.com\/pl\/rozwiazania\/testowanie-smaku\/testowanie-produktow-konsumenckich-w-nowym-jorku\/\" title=\"Testowanie produkt\u00f3w konsumenckich w Nowym Jorku\"  data-wpil-monitor-id=\"9922\">consumers seeking environmentally conscious products<\/a> and brands. Data and strategies in <a href=\"https:\/\/www.sisinternational.com\/pl\/ekspertyza\/branze\/sports-betting-market-research\/\" title=\"Badania rynku zak\u0142ad\u00f3w sportowych\"  data-wpil-monitor-id=\"3990\">Badania marketingowe artyku\u0142\u00f3w sportowych<\/a> help guide companies that are adopting sustainable materials, manufacturing processes, and packaging solutions to reduce their environmental footprint and meet consumer demands for sustainable options.<\/p>\n\n\n\n<h2 class=\"wp-block-heading\">Wyzwania i mo\u017cliwo\u015bci bada\u0144 marketingowych artyku\u0142\u00f3w sportowych<\/h2>\n\n\n\n<h3 class=\"wp-block-heading\">Bran\u017ca r\u00f3wnie\u017c stoi przed wyzwaniami. Badania rynku dostarczaj\u0105 informacji na temat zak\u0142\u00f3ce\u0144 w bran\u017cy, takich jak:<\/h3>\n\n\n\n<ul class=\"wp-block-list\">\n<li>Kl\u0119ski \u017cywio\u0142owe, takie jak huragany, trz\u0119sienia ziemi, powodzie, po\u017cary i tornada, mog\u0105 zak\u0142\u00f3ci\u0107 funkcjonowanie szlak\u00f3w transportowych, uszkodzi\u0107 infrastruktur\u0119 i zak\u0142\u00f3ci\u0107 prac\u0119 zak\u0142ad\u00f3w produkcyjnych, co prowadzi do op\u00f3\u017anie\u0144 lub zak\u0142\u00f3ce\u0144 w przep\u0142ywie towar\u00f3w i us\u0142ug w ca\u0142ym \u0142a\u0144cuchu dostaw.<\/li>\n\n\n\n<li>Zak\u0142\u00f3cenia w transporcie, takie jak strajki pracownicze, zamkni\u0119cie port\u00f3w, niedob\u00f3r przepustowo\u015bci transportowej lub zak\u0142\u00f3cenia w logistyce i us\u0142ugach przewozowych.<\/li>\n\n\n\n<li>Zak\u0142\u00f3cenia w dostawach surowc\u00f3w lub komponent\u00f3w od dostawc\u00f3w, takie jak bankructwa dostawc\u00f3w, op\u00f3\u017anienia w produkcji, problemy z jako\u015bci\u0105 lub napi\u0119cia geopolityczne, mog\u0105 zak\u0142\u00f3ci\u0107 \u0142a\u0144cuch dostaw i mie\u0107 wp\u0142yw na dost\u0119pno\u015b\u0107 towar\u00f3w na potrzeby produkcji lub dystrybucji.<\/li>\n\n\n\n<li>Problemy z jako\u015bci\u0105 i bezpiecze\u0144stwem produkt\u00f3w lub komponent\u00f3w, takie jak wycofywanie produkt\u00f3w z rynku, wycofywanie produkt\u00f3w z rynku z powodu zagro\u017ce\u0144 lub uchybienia w kontroli jako\u015bci, mog\u0105 zak\u0142\u00f3ci\u0107 \u0142a\u0144cuch dostaw, wstrzymuj\u0105c produkcj\u0119, powoduj\u0105c op\u00f3\u017anienia lub wymagaj\u0105c przer\u00f3bek albo wymiany produkt\u00f3w.<\/li>\n\n\n\n<li>Napi\u0119cia geopolityczne, spory handlowe i zmiany polityki mog\u0105 powodowa\u0107 niepewno\u015b\u0107 w handlu \u015bwiatowym, co mo\u017ce prowadzi\u0107 do zak\u0142\u00f3ce\u0144 w \u0142a\u0144cuchach dostaw, zmian w strategiach zaopatrzenia lub op\u00f3\u017anie\u0144 w odprawie celnej.<\/li>\n<\/ul>\n\n\n\n<p>Firmy musz\u0105 rozpoznawa\u0107 i zarz\u0105dza\u0107 potencjalnymi ryzykami w swoich \u0142a\u0144cuchach dostaw, a tak\u017ce tworzy\u0107 plany zapasowe w celu zmniejszenia skutk\u00f3w zak\u0142\u00f3ce\u0144. Mo\u017ce to obejmowa\u0107 dywersyfikacj\u0119 dostawc\u00f3w, tworzenie redundancji w \u0142a\u0144cuchu dostaw, utrzymywanie odpowiednich poziom\u00f3w zapas\u00f3w, ustanawianie kana\u0142\u00f3w komunikacji z dostawcami i partnerami oraz monitorowanie i reagowanie na potencjalne zak\u0142\u00f3cenia w odpowiednim czasie.<\/p>\n\n\n\n<h2 class=\"wp-block-heading\">Segmentacja rynku artyku\u0142\u00f3w sportowych<\/h2>\n\n\n\n<figure class=\"gb-block-image gb-block-image-4aa5acc2\"><img loading=\"lazy\" decoding=\"async\" width=\"1456\" height=\"816\" class=\"gb-image gb-image-4aa5acc2\" src=\"https:\/\/www.sisinternational.com\/wp-content\/uploads\/2025\/08\/Soccer-football-sport-4.jpg\" alt=\"SIS Mi\u0119dzynarodowe badania rynku i strategia\" title=\"Soccer football sport (4)\" srcset=\"https:\/\/www.sisinternational.com\/wp-content\/uploads\/2025\/08\/Soccer-football-sport-4.jpg 1456w, https:\/\/www.sisinternational.com\/wp-content\/uploads\/2025\/08\/Soccer-football-sport-4-300x168.jpg 300w, https:\/\/www.sisinternational.com\/wp-content\/uploads\/2025\/08\/Soccer-football-sport-4-1024x574.jpg 1024w, https:\/\/www.sisinternational.com\/wp-content\/uploads\/2025\/08\/Soccer-football-sport-4-768x430.jpg 768w, https:\/\/www.sisinternational.com\/wp-content\/uploads\/2025\/08\/Soccer-football-sport-4-18x10.jpg 18w\" sizes=\"auto, (max-width: 1456px) 100vw, 1456px\"><\/figure>\n\n\n\n<p><\/p>\n\n\n\n<h3 class=\"wp-block-heading\">Oto r\u00f3\u017cne segmenty rynku podzielone na podstawie r\u00f3\u017cnych kryteri\u00f3w, w tym:<\/h3>\n\n\n\n<ul class=\"wp-block-list\">\n<li><strong>Typ produktu:<\/strong> segmentacja ta opiera si\u0119 na rodzaju artyku\u0142\u00f3w sportowych i sprz\u0119tu. Dane i strategie w badaniach marketingowych artyku\u0142\u00f3w sportowych mog\u0105 obejmowa\u0107 kategorie w tym segmencie, takie jak sprz\u0119t sportowy, odzie\u017c sportowa, obuwie sportowe, akcesoria sportowe i sprz\u0119t fitness.<\/li>\n\n\n\n<li><strong>Kategoria sportowa:<\/strong> opiera si\u0119 na r\u00f3\u017cnych sportach lub zaj\u0119ciach rekreacyjnych. Mo\u017ce obejmowa\u0107 segmenty takie jak sporty zespo\u0142owe (pi\u0142ka no\u017cna, hokej), sporty indywidualne (golf, kr\u0119gle), sporty wodne (p\u0142ywanie, surfing), sporty na \u015bwie\u017cym powietrzu (jazda na rowerze, piesze w\u0119dr\u00f3wki), sporty zimowe (snowboarding, narciarstwo) oraz sprz\u0119t fitness i si\u0142ownia.<\/li>\n\n\n\n<li><strong>Kana\u0142 dystrybucji:<\/strong> ten segment obejmuje towary w oparciu o r\u00f3\u017cne kana\u0142y, przez kt\u00f3re s\u0105 sprzedawane. Mo\u017ce obejmowa\u0107 segmenty takie jak handel detaliczny online, sklepy specjalistyczne, domy towarowe, sklepy z artyku\u0142ami sportowymi, kluby fitness i sportowe i inne.<\/li>\n\n\n\n<li><strong>Dane demograficzne:<\/strong> opiera si\u0119 na cechach konsument\u00f3w, takich jak wiek, p\u0142e\u0107, doch\u00f3d i styl \u017cycia. Na przyk\u0142ad segmenty mog\u0105 obejmowa\u0107 dzieci, m\u0142odzie\u017c, doros\u0142ych i senior\u00f3w lub segmenty oparte na p\u0142ci, poziomie dochod\u00f3w i preferencjach dotycz\u0105cych stylu \u017cycia.<\/li>\n\n\n\n<li><strong>Marka\/Producent:<\/strong> this is categorized based on different brands or manufacturers in the <a href=\"https:\/\/www.sisinternational.com\/pl\/ekspertyza\/branze\/sports-market-research\/\" title=\"Badania rynku sportowego\"  data-wpil-monitor-id=\"9913\">sporting goods market<\/a>. It can include segments such as global brands, regional brands, and local or niche brands.<\/li>\n<\/ul>\n\n\n\n<h2 class=\"wp-block-heading\">Krajobraz konkurencji<\/h2>\n\n\n\n<p>Rynek artyku\u0142\u00f3w sportowych i sprz\u0119tu jest niezwykle konkurencyjny, a liczni krajowi i mi\u0119dzynarodowi konkurenci walcz\u0105 o dominacj\u0119 na rynku. G\u0142\u00f3wni gracze w bran\u017cy to:<\/p>\n\n\n\n<ul class=\"wp-block-list\">\n<li><strong>Nike<\/strong> is a worldwide leader in athletic footwear, apparel, and equipment. This global brand designs, manufactures and <a href=\"https:\/\/www.sisinternational.com\/pl\/ekspertyza\/cv-z-doswiadczeniem\/badania-rynku-produktow-do-pielegnacji-osobistej\/\" title=\"Badania rynku produkt\u00f3w do piel\u0119gnacji osobistej\"  data-wpil-monitor-id=\"9915\">markets a wide range of products<\/a> for various sports, including basketball, running, soccer, and more. Nike is known for its innovative products, strong brand image, and extensive global distribution network.<\/li>\n\n\n\n<li><strong>Adidas AG<\/strong> is a multinational corporation that designs, manufactures, and <a href=\"https:\/\/www.sisinternational.com\/pl\/ekspertyza\/branze\/footwear-market-research\/\" title=\"Badania rynku obuwia\"  data-wpil-monitor-id=\"6812\">markets sports footwear<\/a>, apparel, and accessories. It offers a wide range of products for sports such as soccer, basketball, running, and more. Adidas is known for its cutting-edge technology, performance-oriented products, and global brand presence.<\/li>\n\n\n\n<li><strong>Pod Armour Inc.<\/strong>. to ameryka\u0144ska firma specjalizuj\u0105ca si\u0119 w odzie\u017cy sportowej, obuwiu i akcesoriach. Oferuje ona szereg produkt\u00f3w do uprawiania sport\u00f3w, takich jak pi\u0142ka no\u017cna, koszyk\u00f3wka, golf i inne. Under Armour jest znany ze swojego skupienia na innowacjach, rekomendacjach sportowc\u00f3w i kampaniach marketingowych.<\/li>\n\n\n\n<li><strong>Puma SE<\/strong> to globalna marka sportowa oferuj\u0105ca szerok\u0105 gam\u0119 obuwia, odzie\u017cy i akcesori\u00f3w do uprawiania takich sport\u00f3w jak pi\u0142ka no\u017cna, bieganie, golf i inne. Puma jest znana ze swoich charakterystycznych projekt\u00f3w, produkt\u00f3w zorientowanych na styl \u017cycia i wsp\u00f3\u0142pracy z wybitnymi sportowcami i celebrytami.<\/li>\n\n\n\n<li><strong>Korporacja VF<\/strong> jest kolejnym globalnym konglomeratem odzie\u017cowym i obuwniczym, kt\u00f3ry jest w\u0142a\u015bcicielem kilku znanych marek artyku\u0142\u00f3w sportowych, w tym The North Face, Vans, Timberland i innych. VF Corporation oferuje szerok\u0105 gam\u0119 produkt\u00f3w do sport\u00f3w na \u015bwie\u017cym powietrzu i ekstremalnych, a tak\u017ce jest znana ze swojego silnego portfolio marek i globalnego zasi\u0119gu.<\/li>\n<\/ul>\n\n\n\n<h2 class=\"wp-block-heading\">O wyzwaniach w badaniach marketingowych artyku\u0142\u00f3w sportowych<\/h2>\n\n\n\n<figure class=\"gb-block-image gb-block-image-cdb20530\"><img loading=\"lazy\" decoding=\"async\" width=\"1456\" height=\"816\" class=\"gb-image gb-image-cdb20530\" src=\"https:\/\/www.sisinternational.com\/wp-content\/uploads\/2025\/08\/Soccer-football-sport-6.jpg\" alt=\"SIS Mi\u0119dzynarodowe badania rynku i strategia\" title=\"Soccer football sport (6)\" srcset=\"https:\/\/www.sisinternational.com\/wp-content\/uploads\/2025\/08\/Soccer-football-sport-6.jpg 1456w, https:\/\/www.sisinternational.com\/wp-content\/uploads\/2025\/08\/Soccer-football-sport-6-300x168.jpg 300w, https:\/\/www.sisinternational.com\/wp-content\/uploads\/2025\/08\/Soccer-football-sport-6-1024x574.jpg 1024w, https:\/\/www.sisinternational.com\/wp-content\/uploads\/2025\/08\/Soccer-football-sport-6-768x430.jpg 768w, https:\/\/www.sisinternational.com\/wp-content\/uploads\/2025\/08\/Soccer-football-sport-6-18x10.jpg 18w\" sizes=\"auto, (max-width: 1456px) 100vw, 1456px\"><\/figure>\n\n\n\n<p><\/p>\n\n\n\n<p>Sporting goods and equipment industry is a <a href=\"https:\/\/www.sisinternational.com\/pl\/global-beverage-market\/\" title=\"Global Beverage Market: Market Dynamics, Growth Projections &amp; Consumer Insights\"  data-wpil-monitor-id=\"9911\">dynamic and growing market<\/a> driven by increasing awareness of health and fitness, technological advancements, and changing consumer preferences. However, it also <a href=\"https:\/\/www.sisinternational.com\/pl\/the-new-american-consumers-analysis-trends-facing-us-retailers\/\" title=\"Analiza New American Consumers: Trendy, z kt\u00f3rymi mierz\u0105 si\u0119 ameryka\u0144scy sprzedawcy detaliczni\"  data-wpil-monitor-id=\"9920\">faces challenges and evolving trends<\/a> that require companies to be agile and innovative to stay competitive in this fast-paced industry.<\/p>\n\n\n\n<p>Sporting goods marketing research is crucial for a business executive in the sporting goods industry as it provides valuable data and strategies in Sporting Goods Marketing Research such as insights into customer preferences, market trends, competition analysis, and opportunities for growth. <a href=\"https:\/\/www.sisinternational.com\/pl\/studium-przypadku-sis-wglad-w-sklep-na-calym-swiecie\/\" title=\"Wgl\u0105d w zachowania klient\u00f3w w sklepie \u2014 studium przypadku badania rynku\"  data-wpil-monitor-id=\"9910\">Market research provides insights<\/a> that helps achieve strategic decision-making, target marketing efforts, and tailor products and services to satisfy customers, ultimately driving business success.<\/p>\n\n\n\n<p><\/p>\n\n\n\n<p><\/p>","protected":false},"excerpt":{"rendered":"<p>Badania marketingowe artyku\u0142\u00f3w sportowych obejmuj\u0105 globaln\u0105 bran\u017c\u0119 oferuj\u0105c\u0105 szerok\u0105 gam\u0119 produkt\u00f3w wykorzystywanych w r\u00f3\u017cnych dyscyplinach sportowych i rekreacyjnych.<\/p>","protected":false},"author":1,"featured_media":63668,"parent":14514,"menu_order":256,"comment_status":"closed","ping_status":"closed","template":"","meta":{"footnotes":""},"class_list":["post-42375","page","type-page","status-publish","has-post-thumbnail"],"_links":{"self":[{"href":"https:\/\/www.sisinternational.com\/pl\/wp-json\/wp\/v2\/pages\/42375","targetHints":{"allow":["GET"]}}],"collection":[{"href":"https:\/\/www.sisinternational.com\/pl\/wp-json\/wp\/v2\/pages"}],"about":[{"href":"https:\/\/www.sisinternational.com\/pl\/wp-json\/wp\/v2\/types\/page"}],"author":[{"embeddable":true,"href":"https:\/\/www.sisinternational.com\/pl\/wp-json\/wp\/v2\/users\/1"}],"replies":[{"embeddable":true,"href":"https:\/\/www.sisinternational.com\/pl\/wp-json\/wp\/v2\/comments?post=42375"}],"version-history":[{"count":6,"href":"https:\/\/www.sisinternational.com\/pl\/wp-json\/wp\/v2\/pages\/42375\/revisions"}],"predecessor-version":[{"id":81644,"href":"https:\/\/www.sisinternational.com\/pl\/wp-json\/wp\/v2\/pages\/42375\/revisions\/81644"}],"up":[{"embeddable":true,"href":"https:\/\/www.sisinternational.com\/pl\/wp-json\/wp\/v2\/pages\/14514"}],"wp:featuredmedia":[{"embeddable":true,"href":"https:\/\/www.sisinternational.com\/pl\/wp-json\/wp\/v2\/media\/63668"}],"wp:attachment":[{"href":"https:\/\/www.sisinternational.com\/pl\/wp-json\/wp\/v2\/media?parent=42375"}],"curies":[{"name":"wp","href":"https:\/\/api.w.org\/{rel}","templated":true}]}}