{"id":42373,"date":"2023-04-14T13:56:41","date_gmt":"2023-04-14T17:56:41","guid":{"rendered":"https:\/\/www.sisinternational.com\/?page_id=42373"},"modified":"2026-01-26T16:54:14","modified_gmt":"2026-01-26T21:54:14","slug":"wybierz-usluge-badania-rynku-hotelowego","status":"publish","type":"page","link":"https:\/\/www.sisinternational.com\/pl\/ekspertyza\/wybierz-usluge-badania-rynku-hotelowego\/","title":{"rendered":"Wybierz us\u0142ug\u0119 Badania rynku hotelowego"},"content":{"rendered":"<h1 class=\"wp-block-heading\">Wybierz us\u0142ug\u0119 Badania rynku hotelowego<\/h1>\n\n\n\n<figure class=\"gb-block-image gb-block-image-a964e7b0\"><img loading=\"lazy\" decoding=\"async\" width=\"1456\" height=\"816\" class=\"gb-image gb-image-a964e7b0\" src=\"https:\/\/www.sisinternational.com\/wp-content\/uploads\/2025\/08\/hotel-13.jpg\" alt=\"SIS Mi\u0119dzynarodowe badania rynku i strategia\" title=\"hotel (13)\" srcset=\"https:\/\/www.sisinternational.com\/wp-content\/uploads\/2025\/08\/hotel-13.jpg 1456w, https:\/\/www.sisinternational.com\/wp-content\/uploads\/2025\/08\/hotel-13-300x168.jpg 300w, https:\/\/www.sisinternational.com\/wp-content\/uploads\/2025\/08\/hotel-13-1024x574.jpg 1024w, https:\/\/www.sisinternational.com\/wp-content\/uploads\/2025\/08\/hotel-13-768x430.jpg 768w, https:\/\/www.sisinternational.com\/wp-content\/uploads\/2025\/08\/hotel-13-18x10.jpg 18w\" sizes=\"auto, (max-width: 1456px) 100vw, 1456px\"><\/figure>\n\n\n\n<p><\/p>\n\n\n\n<p>W szybko zmieniaj\u0105cej si\u0119 bran\u017cy hotelarskiej, nad\u0105\u017canie za trendami i oczekiwaniami podr\u00f3\u017cnych jest niezb\u0119dne \u2013 a hotele Select Service s\u0105 ulubionym wyborem turyst\u00f3w o ograniczonym bud\u017cecie, kt\u00f3rzy szukaj\u0105 najwy\u017cszej jako\u015bci zakwaterowania bez wydawania pieni\u0119dzy na luksusy. Oferuj\u0105 one optymalne zakwaterowanie w rozs\u0105dnych cenach, pomijaj\u0105c drogie dodatki.<\/p>\n\n\n\n<p>Dlatego badania rynku hoteli o sklasyfikowanych us\u0142ugach maj\u0105 na celu dostarczenie kompleksowej analizy sektora hoteli o sklasyfikowanych us\u0142ugach, kt\u00f3ry cieszy si\u0119 coraz wi\u0119ksz\u0105 popularno\u015bci\u0105 ze wzgl\u0119du na zr\u00f3wnowa\u017con\u0105 ofert\u0119 niezb\u0119dnych udogodnie\u0144 i us\u0142ug w przyst\u0119pnych cenach.<\/p>\n\n\n\n<h2 class=\"wp-block-heading\">Czym jest badanie rynku hoteli oferuj\u0105cych us\u0142ugi selektywne?<\/h2>\n\n\n\n<p>The in-depth select service <a class=\"wpil_keyword_link\" href=\"https:\/\/www.sisinternational.com\/pl\/ekspertyza\/branze\/badania-rynku-hotelowego\/\"   title=\"Badania rynku hotelowego\" data-wpil-keyword-link=\"linked\"  data-wpil-monitor-id=\"695\">badania rynku hotelowego<\/a> involves the meticulous collection, examination, and understanding of relevant data and information related to the industry. The primary objective of this <a href=\"https:\/\/www.sisinternational.com\/pl\/ekspertyza\/branze\/badania-rynku-nawozow-potasowych\/\" title=\"Badania rynku nawoz\u00f3w potasowych\"  data-wpil-monitor-id=\"3139\">research is to discern the prevailing market<\/a> trends, customer biases, competitive landscape, viable prospects, and challenges potentially affecting the performance and expansion of select service hotels.<\/p>\n\n\n\n<p>With select service <a href=\"https:\/\/www.sisinternational.com\/pl\/rozwiazania\/podroze-turystyka-hotelarstwo-doradztwo\/chain-hotel-market-research\/\" title=\"Badania rynku hoteli sieciowych\"  data-wpil-monitor-id=\"3004\">badania rynku hotelowego<\/a>, stakeholders can strengthen their business strategies by leveraging the results of these hotels&#8217; research.<\/p>\n\n\n\n<h2 class=\"wp-block-heading\">Znaczenie bada\u0144 rynku hoteli oferuj\u0105cych wybrane us\u0142ugi<\/h2>\n\n\n\n<ul class=\"wp-block-list\">\n<li>By utilizing select service <a href=\"https:\/\/www.sisinternational.com\/pl\/ekspertyza\/branze\/hotel-furniture-market-research\/\" title=\"Badania rynku mebli hotelowych\"  data-wpil-monitor-id=\"3828\">badania rynku hotelowego<\/a>, hoteliers can gain insight into the exact requirements and expectations of different customer segments to create personalized offerings that meet their needs. This not only increases guest satisfaction but also enhances service delivery.<\/li>\n\n\n\n<li>Monitoruj\u0105c najnowsze trendy w sektorze hoteli oferuj\u0105cych wybrane us\u0142ugi, takie jak prze\u0142omowe rozwi\u0105zania technologiczne i inicjatywy ekologiczne, hotelarze mog\u0105 zyska\u0107 przewag\u0119 konkurencyjn\u0105, jednocze\u015bnie odpowiadaj\u0105c na zmieniaj\u0105ce si\u0119 potrzeby podr\u00f3\u017cnych.<\/li>\n\n\n\n<li>Comprehensive select <a href=\"https:\/\/www.sisinternational.com\/pl\/ekspertyza\/branze\/badania-rynku-uslug-komunikacyjnych\/\" title=\"Badania rynku us\u0142ug komunikacyjnych\"  data-wpil-monitor-id=\"5695\">service hotel market research<\/a> offers valuable insights into the competitive landscape, unveiling the strengths and weaknesses of prominent players in the industry. These findings enable hoteliers to devise unique and effective strategies that set them apart from their competitors.<\/li>\n\n\n\n<li>Select service <a href=\"https:\/\/www.sisinternational.com\/pl\/ekspertyza\/branze\/hotel-survey-market-research\/\" title=\"Badania rynku ankiet hotelowych\"  data-wpil-monitor-id=\"6264\">badania rynku hotelowego<\/a> helps discover potential chances for development such as rising markets and new niches, in addition to challenges that could influence the industry like financial changes.<br>Dzi\u0119ki badaniom rynku hoteli oferuj\u0105cych wybrane us\u0142ugi hotelarze i inwestorzy mog\u0105 podejmowa\u0107 decyzje w oparciu o dane, aby nap\u0119dza\u0107 rozw\u00f3j bran\u017cy hoteli oferuj\u0105cych wybrane us\u0142ugi.<\/li>\n\n\n\n<li>Monitoruj\u0105c swoje wyniki w stosunku do standard\u00f3w bran\u017cowych i analizuj\u0105c konkurencj\u0119, wybrane hotele us\u0142ugowe mog\u0105 identyfikowa\u0107 obszary do poprawy, aby skonsolidowa\u0107 lepsz\u0105 pozycj\u0119 na rynku. W ten spos\u00f3b mog\u0105 wprowadza\u0107 zmiany, kt\u00f3re rozszerz\u0105 ich pozycj\u0119 jako lider\u00f3w w bran\u017cy hotelarskiej.<\/li>\n<\/ul>\n\n\n\n<h2 class=\"wp-block-heading\">Aktualne trendy w badaniach rynku hoteli oferuj\u0105cych us\u0142ugi selektywne<\/h2>\n\n\n\n<figure class=\"gb-block-image gb-block-image-69a99df0\"><img loading=\"lazy\" decoding=\"async\" width=\"1456\" height=\"816\" class=\"gb-image gb-image-69a99df0\" src=\"https:\/\/www.sisinternational.com\/wp-content\/uploads\/2025\/08\/hotel-14.jpg\" alt=\"SIS Mi\u0119dzynarodowe badania rynku i strategia\" title=\"hotel (14)\" srcset=\"https:\/\/www.sisinternational.com\/wp-content\/uploads\/2025\/08\/hotel-14.jpg 1456w, https:\/\/www.sisinternational.com\/wp-content\/uploads\/2025\/08\/hotel-14-300x168.jpg 300w, https:\/\/www.sisinternational.com\/wp-content\/uploads\/2025\/08\/hotel-14-1024x574.jpg 1024w, https:\/\/www.sisinternational.com\/wp-content\/uploads\/2025\/08\/hotel-14-768x430.jpg 768w, https:\/\/www.sisinternational.com\/wp-content\/uploads\/2025\/08\/hotel-14-18x10.jpg 18w\" sizes=\"auto, (max-width: 1456px) 100vw, 1456px\"><\/figure>\n\n\n\n<p><\/p>\n\n\n\n<p>Odkrywaj\u0105c najnowsze i pojawiaj\u0105ce si\u0119 trendy w hotelach z wybranymi us\u0142ugami, badanie ujawnia szereg czynnik\u00f3w, kt\u00f3re kszta\u0142tuj\u0105 obecn\u0105 dynamik\u0119 bran\u017cy, a tak\u017ce jej przysz\u0142y kierunek. Oto kilka kluczowych przyk\u0142ad\u00f3w:<\/p>\n\n\n\n<ul class=\"wp-block-list\">\n<li><strong>Personalizacja:<\/strong> W tej erze personalizacji podr\u00f3\u017cni nie zadowalaj\u0105 si\u0119 ju\u017c us\u0142ugami og\u00f3lnymi. Hotele oferuj\u0105ce wybrane us\u0142ugi ewoluowa\u0142y, aby sprosta\u0107 tym potrzebom, oferuj\u0105c wysoce spersonalizowane oferty, kt\u00f3re zapewniaj\u0105 zadowolenie go\u015bci.<\/li>\n\n\n\n<li><strong>Integracja technologii:<\/strong> Bran\u017ca hotelarska prze\u017cywa powa\u017cn\u0105 rewolucj\u0119, aby ulepszy\u0107 do\u015bwiadczenia go\u015bci. Inteligentne funkcje pokoju, rozwi\u0105zania p\u0142atno\u015bci zbli\u017ceniowych i mobilne systemy meldowania\/wymeldowywania to tylko niekt\u00f3re sposoby, w jakie ten sektor usprawni\u0142 operacje, zapewniaj\u0105c jednocze\u015bnie go\u015bciom lepsze do\u015bwiadczenia ni\u017c kiedykolwiek wcze\u015bniej.<\/li>\n\n\n\n<li><strong>Zr\u00f3wnowa\u017cony rozw\u00f3j:<\/strong> Wraz ze wzrostem \u015bwiadomo\u015bci ekologicznej wybrane hotele us\u0142ugowe stosuj\u0105 zr\u00f3wnowa\u017cone praktyki, aby przyci\u0105gn\u0105\u0107 ekologicznych podr\u00f3\u017cnik\u00f3w i jeszcze bardziej poprawi\u0107 wizerunek swojej marki. Obejmuje to minimalizacj\u0119 odpad\u00f3w, oszcz\u0119dzanie energii i wykorzystywanie przyjaznych dla \u015brodowiska produkt\u00f3w.<\/li>\n\n\n\n<li><strong>Zdrowie i dobre samopoczucie:<\/strong> Coraz wi\u0119ksze znaczenie zdrowia i dobrego samopoczucia w\u015br\u00f3d podr\u00f3\u017cnych sk\u0142oni\u0142o hotele oferuj\u0105ce wybrane us\u0142ugi do oferowania us\u0142ug, kt\u00f3re stawiaj\u0105 na pierwszym miejscu dobre samopoczucie, takich jak centra fitness i strefy relaksu, pozwalaj\u0105ce uwolni\u0107 si\u0119 od stresu.<\/li>\n\n\n\n<li><strong>Przestrzenie coworkingowe i hybrydowe:<\/strong> W odpowiedzi na trend pracy zdalnej wybrane hotele stworzy\u0142y wielofunkcyjne przestrzenie coworkingowe, aby zapewni\u0107 zar\u00f3wno podr\u00f3\u017cuj\u0105cym w celach biznesowych, jak i wypoczynkowych bardziej elastyczne przestrzenie robocze.<\/li>\n\n\n\n<li><strong>Partnerstwa strategiczne i sojusze:<\/strong> Aby jeszcze lepiej sprosta\u0107 potrzebom klient\u00f3w, wybrane hotele aktywnie nawi\u0105zuj\u0105 korzystne partnerstwa z liniami lotniczymi, wypo\u017cyczalniami samochod\u00f3w i lokalnymi organizatorami wycieczek.<\/li>\n<\/ul>\n\n\n\n<h2 class=\"wp-block-heading\">Mo\u017cliwo\u015bci i wyzwania bada\u0144 rynku hoteli selektywnych<\/h2>\n\n\n\n<p>Badania rynku hoteli Select Service przedstawiaj\u0105 zar\u00f3wno mo\u017cliwo\u015bci, jak i wyzwania dla hotelarzy, inwestor\u00f3w i interesariuszy bran\u017cy. Niekt\u00f3re z najwa\u017cniejszych mo\u017cliwo\u015bci i wyzwa\u0144 to:<\/p>\n\n\n\n<h3 class=\"wp-block-heading\">Mo\u017cliwo\u015bci<\/h3>\n\n\n\n<ul class=\"wp-block-list\">\n<li><strong>Rynki wschodz\u0105ce:<\/strong> Eksploracja rynk\u00f3w wschodz\u0105cych mo\u017ce zapewni\u0107 hotelom us\u0142ugowym wyj\u0105tkowy potencja\u0142 wzrostu i wi\u0119ksz\u0105 baz\u0119 klient\u00f3w.<\/li>\n\n\n\n<li><strong>Post\u0119p technologiczny:<\/strong> Dzi\u0119ki wdra\u017caniu najnowocze\u015bniejszych technologii wybrane hotele mog\u0105 przenie\u015b\u0107 obs\u0142ug\u0119 swoich go\u015bci na wy\u017cszy poziom, usprawniaj\u0105c jednocze\u015bnie swoje dzia\u0142ania i wyprzedzaj\u0105c konkurencj\u0119.<\/li>\n\n\n\n<li><strong>Nisze rynkowe:<\/strong> Poprzez ukierunkowanie i dostosowanie si\u0119 do rynk\u00f3w atrakcyjnych dla os\u00f3b dbaj\u0105cych o \u015brodowisko, biznesowych nomad\u00f3w lub innych odr\u0119bnych segment\u00f3w podr\u00f3\u017cnych, hotele oferuj\u0105ce wybrane us\u0142ugi mog\u0105 stworzy\u0107 wyj\u0105tkow\u0105 ofert\u0119 sprzeda\u017cy i przyci\u0105gn\u0105\u0107 oddanych klient\u00f3w.<\/li>\n\n\n\n<li><strong>Partnerstwa strategiczne:<\/strong> Poprzez wsp\u00f3\u0142prac\u0119 z firmami z pokrewnych bran\u017c wybrane hotele us\u0142ugowe mog\u0105 \u015bwiadczy\u0107 rozszerzone us\u0142ugi swoim klientom, uzyskiwa\u0107 dost\u0119p do niezbadanych rynk\u00f3w i zyskiwa\u0107 przewag\u0119 konkurencyjn\u0105. Sojusze strategiczne to skuteczny spos\u00f3b, w jaki te firmy mog\u0105 wyr\u00f3\u017cni\u0107 si\u0119 z t\u0142umu.<\/li>\n\n\n\n<li><strong>Dostosowywanie si\u0119 do zmieniaj\u0105cych si\u0119 preferencji:<\/strong> Hotele selektywnej obs\u0142ugi s\u0105 zawsze o krok przed konkurencj\u0105, je\u015bli chodzi o wymagania klient\u00f3w i trendy. Dzi\u0119ki temu mog\u0105 nieustannie udoskonala\u0107 swoje us\u0142ugi i udogodnienia, aby sprosta\u0107 oczekiwaniom go\u015bci.<\/li>\n<\/ul>\n\n\n\n<h3 class=\"wp-block-heading\">Wyzwania<\/h3>\n\n\n\n<ul class=\"wp-block-list\">\n<li><strong>Wahania gospodarcze:<\/strong> Bran\u017ca hoteli z us\u0142ugami selektywnymi jest szczeg\u00f3lnie podatna na wahania gospodarcze, kt\u00f3re mog\u0105 znacz\u0105co wp\u0142yn\u0105\u0107 na wydatki konsument\u00f3w i popyt na zakwaterowanie. Dlatego hotele musz\u0105 by\u0107 przygotowane na szybk\u0105 reakcj\u0119, gdy warunki rynkowe niespodziewanie si\u0119 zmieni\u0105.<\/li>\n\n\n\n<li><strong>Konkurs:<\/strong> Aby utrzyma\u0107 sukces, hotele Select Service musz\u0105 wyr\u00f3\u017cnia\u0107 si\u0119 na tle tradycyjnych segment\u00f3w zakwaterowania i nowoczesnych alternatyw, takich jak wynajem wakacyjny i g\u0142\u00f3wne platformy ekonomii wsp\u00f3\u0142dzielenia. Ewolucja ich oferty w celu zaspokojenia trend\u00f3w rynkowych jest niezb\u0119dna, aby pozosta\u0107 istotnym na rynku.<\/li>\n\n\n\n<li><strong>Wyzwania kadrowe:<\/strong> Hotele oferuj\u0105ce wybrane us\u0142ugi mog\u0105 mie\u0107 trudno\u015bci z przyci\u0105ganiem i utrzymywaniem utalentowanego personelu. Na szcz\u0119\u015bcie problem ten mo\u017cna z\u0142agodzi\u0107, oferuj\u0105c konkurencyjne plany wynagrodze\u0144 i korzy\u015bci pracownicze oraz tworz\u0105c optymistyczn\u0105 atmosfer\u0119 pracy.<\/li>\n\n\n\n<li><strong>Zgodno\u015b\u0107 z przepisami:<\/strong> Hotele us\u0142ugowe musz\u0105 ostro\u017cnie podchodzi\u0107 do szeregu przepis\u00f3w i standard\u00f3w bran\u017cowych, aby zapewni\u0107 zgodno\u015b\u0107 z nimi, zapobiegaj\u0105c w ten spos\u00f3b wysokim karom finansowym lub powa\u017cnym szkodom dla reputacji.<\/li>\n<\/ul>\n\n\n\n<h2 class=\"wp-block-heading\">Perspektywy przysz\u0142o\u015bci bada\u0144 rynku hoteli z wybranymi us\u0142ugami<\/h2>\n\n\n\n<figure class=\"gb-block-image gb-block-image-75110c95\"><img loading=\"lazy\" decoding=\"async\" width=\"1456\" height=\"816\" class=\"gb-image gb-image-75110c95\" src=\"https:\/\/www.sisinternational.com\/wp-content\/uploads\/2025\/08\/hotel-12.jpg\" alt=\"SIS Mi\u0119dzynarodowe badania rynku i strategia\" title=\"hotel (12)\" srcset=\"https:\/\/www.sisinternational.com\/wp-content\/uploads\/2025\/08\/hotel-12.jpg 1456w, https:\/\/www.sisinternational.com\/wp-content\/uploads\/2025\/08\/hotel-12-300x168.jpg 300w, https:\/\/www.sisinternational.com\/wp-content\/uploads\/2025\/08\/hotel-12-1024x574.jpg 1024w, https:\/\/www.sisinternational.com\/wp-content\/uploads\/2025\/08\/hotel-12-768x430.jpg 768w, https:\/\/www.sisinternational.com\/wp-content\/uploads\/2025\/08\/hotel-12-18x10.jpg 18w\" sizes=\"auto, (max-width: 1456px) 100vw, 1456px\"><\/figure>\n\n\n\n<p><\/p>\n\n\n\n<p>Przysz\u0142o\u015b\u0107 bada\u0144 rynku hoteli z us\u0142ugami selektywnymi ma by\u0107 determinowana przez kilka trend\u00f3w i czynnik\u00f3w, kt\u00f3re b\u0119d\u0105 kierowa\u0107 jego wzrostem. Niekt\u00f3re g\u0142\u00f3wne elementy, kt\u00f3re prawdopodobnie ukszta\u0142tuj\u0105 ten sektor, to:<\/p>\n\n\n\n<ul class=\"wp-block-list\">\n<li><strong>Ci\u0105g\u0142y nacisk na personalizacj\u0119:<\/strong> W miar\u0119 ewolucji i zmian oczekiwa\u0144 podr\u00f3\u017cnych hotele Select Service powinny priorytetowo traktowa\u0107 personalizacj\u0119 w jak najwi\u0119kszym stopniu. Musz\u0105 wykorzystywa\u0107 informacje oparte na danych i technologi\u0119, aby tworzy\u0107 dostosowane do\u015bwiadczenia, kt\u00f3re zaspokajaj\u0105 indywidualne potrzeby ka\u017cdego go\u015bcia.<\/li>\n\n\n\n<li><strong>Wdra\u017canie zaawansowanych technologii:<\/strong> Wraz z post\u0119pem fali nowoczesnych technologii wybrane hotele us\u0142ugowe prawdopodobnie skorzystaj\u0105 z tego nap\u0142ywu dzi\u0119ki w\u0142asnej integracji AI, IoT i uczenia maszynowego. Technologie te mog\u0105 zrewolucjonizowa\u0107 do\u015bwiadczenia go\u015bci, usprawni\u0107 wydajno\u015b\u0107 operacyjn\u0105 i zapewni\u0107 cenne informacje na temat lepszego podejmowania decyzji za pomoc\u0105 analityki predykcyjnej.<\/li>\n\n\n\n<li><strong>Rozw\u00f3j gospodarki wsp\u00f3\u0142dzielenia:<\/strong> Poniewa\u017c gospodarka wsp\u00f3\u0142dzielenia, taka jak Airbnb, nadal kszta\u0142tuje trendy w bran\u017cy hotelarskiej, hotele oferuj\u0105ce wybrane us\u0142ugi musz\u0105 ewoluowa\u0107, oferuj\u0105c wyj\u0105tkowe propozycje o wysokiej warto\u015bci i wyr\u00f3\u017cniaj\u0105c si\u0119 na tle innych opcji zakwaterowania.<\/li>\n\n\n\n<li><strong>Nacisk na zr\u00f3wnowa\u017cony rozw\u00f3j i odpowiedzialno\u015b\u0107 spo\u0142eczn\u0105:<\/strong> Rosn\u0105ca troska o \u015brodowisko i spo\u0142eczn\u0105 odpowiedzialno\u015b\u0107 biznesu sk\u0142oni hotele oferuj\u0105ce wybrane us\u0142ugi do przyj\u0119cia bardziej zr\u00f3wnowa\u017conych praktyk i zaanga\u017cowania si\u0119 w inicjatywy z zakresu spo\u0142ecznej odpowiedzialno\u015bci biznesu, aby przyci\u0105gn\u0105\u0107 podr\u00f3\u017cnych dbaj\u0105cych o \u015brodowisko i spo\u0142ecze\u0144stwo.<\/li>\n\n\n\n<li><strong>Rosn\u0105cy popyt na podr\u00f3\u017ce pe\u0142ne wra\u017ce\u0144:<\/strong> Poniewa\u017c coraz wi\u0119cej turyst\u00f3w poszukuje wyj\u0105tkowych, oryginalnych wra\u017ce\u0144 podczas podr\u00f3\u017cy, wybrane hotele musz\u0105 wykorzysta\u0107 ten trend i oferowa\u0107 wci\u0105gaj\u0105ce wycieczki lokalne, pozwalaj\u0105ce pozna\u0107 dziedzictwo i atrakcje danego miejsca.<\/li>\n<\/ul>\n\n\n\n<p>SIS International oferuje badania ilo\u015bciowe, jako\u015bciowe i strategiczne. Dostarczamy dane, narz\u0119dzia, strategie, raporty i spostrze\u017cenia do podejmowania decyzji. Przeprowadzamy wywiady, ankiety, grupy fokusowe i wiele innych metod i podej\u015b\u0107 do bada\u0144 rynku. Skontaktuj si\u0119 z nami w sprawie swojego kolejnego projektu bada\u0144 rynku.<\/p>","protected":false},"excerpt":{"rendered":"<p>Hotele o selektywnej obs\u0142udze ciesz\u0105 si\u0119 du\u017cym zainteresowaniem turyst\u00f3w, kt\u00f3rzy szukaj\u0105 wysokiej jako\u015bci zakwaterowania bez wydawania fortuny na luksusy.<\/p>","protected":false},"author":1,"featured_media":63513,"parent":14514,"menu_order":255,"comment_status":"closed","ping_status":"closed","template":"","meta":{"footnotes":""},"class_list":["post-42373","page","type-page","status-publish","has-post-thumbnail"],"_links":{"self":[{"href":"https:\/\/www.sisinternational.com\/pl\/wp-json\/wp\/v2\/pages\/42373","targetHints":{"allow":["GET"]}}],"collection":[{"href":"https:\/\/www.sisinternational.com\/pl\/wp-json\/wp\/v2\/pages"}],"about":[{"href":"https:\/\/www.sisinternational.com\/pl\/wp-json\/wp\/v2\/types\/page"}],"author":[{"embeddable":true,"href":"https:\/\/www.sisinternational.com\/pl\/wp-json\/wp\/v2\/users\/1"}],"replies":[{"embeddable":true,"href":"https:\/\/www.sisinternational.com\/pl\/wp-json\/wp\/v2\/comments?post=42373"}],"version-history":[{"count":9,"href":"https:\/\/www.sisinternational.com\/pl\/wp-json\/wp\/v2\/pages\/42373\/revisions"}],"predecessor-version":[{"id":79848,"href":"https:\/\/www.sisinternational.com\/pl\/wp-json\/wp\/v2\/pages\/42373\/revisions\/79848"}],"up":[{"embeddable":true,"href":"https:\/\/www.sisinternational.com\/pl\/wp-json\/wp\/v2\/pages\/14514"}],"wp:featuredmedia":[{"embeddable":true,"href":"https:\/\/www.sisinternational.com\/pl\/wp-json\/wp\/v2\/media\/63513"}],"wp:attachment":[{"href":"https:\/\/www.sisinternational.com\/pl\/wp-json\/wp\/v2\/media?parent=42373"}],"curies":[{"name":"wp","href":"https:\/\/api.w.org\/{rel}","templated":true}]}}