{"id":42337,"date":"2023-04-12T20:35:49","date_gmt":"2023-04-13T00:35:49","guid":{"rendered":"https:\/\/www.sisinternational.com\/?page_id=42337"},"modified":"2026-01-24T21:08:43","modified_gmt":"2026-01-25T02:08:43","slug":"badania-rynku-nafty","status":"publish","type":"page","link":"https:\/\/www.sisinternational.com\/pl\/ekspertyza\/badania-rynku-nafty\/","title":{"rendered":"Badania rynku nafty"},"content":{"rendered":"<h1 class=\"wp-block-heading\">Badania rynku nafty<\/h1>\n\n\n\n<figure class=\"gb-block-image gb-block-image-aecb47ef\"><img loading=\"lazy\" decoding=\"async\" width=\"1456\" height=\"816\" class=\"gb-image gb-image-aecb47ef\" src=\"https:\/\/www.sisinternational.com\/wp-content\/uploads\/2025\/08\/Oil-1.jpg\" alt=\"SIS Mi\u0119dzynarodowe badania rynku i strategia\" title=\"Oil (1)\" srcset=\"https:\/\/www.sisinternational.com\/wp-content\/uploads\/2025\/08\/Oil-1.jpg 1456w, https:\/\/www.sisinternational.com\/wp-content\/uploads\/2025\/08\/Oil-1-300x168.jpg 300w, https:\/\/www.sisinternational.com\/wp-content\/uploads\/2025\/08\/Oil-1-1024x574.jpg 1024w, https:\/\/www.sisinternational.com\/wp-content\/uploads\/2025\/08\/Oil-1-768x430.jpg 768w, https:\/\/www.sisinternational.com\/wp-content\/uploads\/2025\/08\/Oil-1-18x10.jpg 18w\" sizes=\"auto, (max-width: 1456px) 100vw, 1456px\"><\/figure>\n\n\n\n<p><\/p>\n\n\n\n<hr class=\"wp-block-separator has-alpha-channel-opacity is-style-dots\"\/>\n\n\n\n<p>Nafta znalaz\u0142a szerokie zastosowanie w r\u00f3\u017cnych bran\u017cach, takich jak lotnictwo, ogrzewanie i rolnictwo. Poniewa\u017c globalny popyt na energi\u0119 nadal ro\u015bnie, rynek nafty jest gotowy na znaczny wzrost w przewidywalnej przysz\u0142o\u015bci.<\/p>\n\n\n\n<p>Aby zatem zyska\u0107 przewag\u0119 konkurencyjn\u0105 i wykorzysta\u0107 pojawiaj\u0105ce si\u0119 perspektywy, uczestnicy bran\u017cy i inwestorzy coraz cz\u0119\u015bciej polegaj\u0105 na badaniach rynku nafty, aby podejmowa\u0107 trafniejsze decyzje strategiczne.<\/p>\n\n\n\n<p><\/p>\n\n\n\n<div class=\"wp-block-columns has-global-color-9-color has-text-color has-background has-link-color wp-elements-882d8664f678db2bb428317065c99108 is-layout-flex wp-container-core-columns-is-layout-9d6595d7 wp-block-columns-is-layout-flex\" style=\"background-color:#f7f9fa6e\">\n<div class=\"wp-block-column is-layout-flow wp-block-column-is-layout-flow\" style=\"flex-basis:18%\"><\/div>\n\n\n\n<div class=\"wp-block-column is-vertically-aligned-center is-layout-flow wp-block-column-is-layout-flow\" style=\"flex-basis:71.28%\">\n<div class=\"wp-block-rank-math-toc-block aligncenter has-global-color-9-color has-text-color has-link-color wp-elements-c845c5733136c05186b6e3b59bd6bdff\" style=\"font-size:16px\" id=\"rank-math-toc\"><h2><br><strong>T<\/strong>able of Contents<\/h2><nav><ul><li class=\"\"><a href=\"#what-is-kerosene-market-research\">Czym jest badanie rynku nafty?<\/a><\/li><li class=\"\"><a href=\"#importance-of-kerosene-market-research\">Znaczenie bada\u0144 rynku nafty<\/a><\/li><li class=\"\"><a href=\"#benefits-of-kerosene-market-research\">Korzy\u015bci z bada\u0144 rynku nafty<\/a><\/li><li class=\"\"><a href=\"#limitations\">Ograniczenia<\/a><\/li><li class=\"\"><a href=\"#future-trends\">Przysz\u0142e trendy<\/a><\/li><\/ul><\/nav><\/div>\n<\/div>\n<\/div>\n\n\n\n<p><\/p>\n\n\n\n<h2 class=\"wp-block-heading\" id=\"what-is-kerosene-market-research\">Czym jest badanie rynku nafty?<\/h2>\n\n\n\n<p>Badania rynku nafty polegaj\u0105 na efektywnym gromadzeniu, analizie i interpretacji dog\u0142\u0119bnych danych i informacji na temat produkcji, zu\u017cycia, dystrybucji i popytu na naft\u0119. G\u0142\u00f3wnym celem tego typu bada\u0144 jest dostarczanie cennych informacji i rekomendacji firmom i inwestorom, kt\u00f3rzy chc\u0105 wej\u015b\u0107 na rynek nafty lub si\u0119 na nim rozwija\u0107.<\/p>\n\n\n\n<p>Dog\u0142\u0119bne zrozumienie trend\u00f3w rynkowych, rozpoznanie potencjalnych perspektyw wzrostu, ocena krajobrazu konkurencyjnego i sformu\u0142owanie skutecznych strategii marketingowych i sprzeda\u017cowych s\u0105 integralnymi sk\u0142adnikami udanych bada\u0144 rynkowych w bran\u017cy nafty. Procesy te koncentruj\u0105 si\u0119 na ocenie kluczowych wska\u017anik\u00f3w, takich jak wielko\u015b\u0107 rynku i trendy wzrostu, analiza poda\u017cy i popytu, segmentacja rynku wed\u0142ug zastosowa\u0144 i region\u00f3w oraz ocena krajobrazu konkurencyjnego i przysz\u0142ych perspektyw, mi\u0119dzy innymi.<\/p>\n\n\n\n<h2 class=\"wp-block-heading\" id=\"importance-of-kerosene-market-research\">Znaczenie bada\u0144 rynku nafty<\/h2>\n\n\n\n<ul class=\"wp-block-list\">\n<li>In-depth <a href=\"https:\/\/www.sisinternational.com\/pl\/ekspertyza\/branze\/cultivated-meat-cell-based-meat-market-research\/\" title=\"Badania rynku mi\u0119sa hodowanego (mi\u0119sa na bazie kom\u00f3rek)\"  data-wpil-monitor-id=\"3184\">research into the kerosene market<\/a> can equip businesses and investors with the necessary insights to recognize potential expansion opportunities, including new applications, unexplored markets, and evolving consumer demands.<\/li>\n\n\n\n<li>Prowadz\u0105c badania rynku nafty, przedsi\u0119biorstwa mog\u0105 uzyska\u0107 dog\u0142\u0119bn\u0105 wiedz\u0119 na temat najnowszych trend\u00f3w rynkowych, w tym zmian popytu, cen i polityki regulacyjnej.<br>Dzi\u0119ki pomocy dog\u0142\u0119bnych bada\u0144 rynku interesariusze mog\u0105 okre\u015bli\u0107 udzia\u0142y rynkowe wybitnych graczy, oceni\u0107 ich mocne i s\u0142abe strony oraz rozr\u00f3\u017cni\u0107 ich strategie. Dzi\u0119ki tym informacjom firmy mog\u0105 opracowa\u0107 innowacyjne strategie marketingowe i sprzeda\u017cowe, kt\u00f3re pozwol\u0105 im skutecznie konkurowa\u0107 na rynku.<\/li>\n\n\n\n<li>Przeprowadzenie bada\u0144 rynku nafty pomaga opracowa\u0107 strategie, kt\u00f3re naprawd\u0119 rezonuj\u0105 z klientami docelowymi. Wykorzystuj\u0105c dane i spostrze\u017cenia dostarczone przez te badania, firmy mog\u0105 dostosowa\u0107 swoje dzia\u0142ania marketingowe i sprzeda\u017cowe do konkretnych potrzeb i preferencji grupy docelowej, co ostatecznie nap\u0119dza wzrost i rentowno\u015b\u0107.<\/li>\n\n\n\n<li>Badania te wyposa\u017caj\u0105 firmy i inwestor\u00f3w w kluczowe dane i spostrze\u017cenia u\u0142atwiaj\u0105ce podejmowanie \u015bwiadomych decyzji dotycz\u0105cych inwestycji, fuzji i przej\u0119\u0107 oraz innych inicjatyw strategicznych. Takie podej\u015bcie umo\u017cliwia przedsi\u0119biorstwom \u0142agodzenie potencjalnych ryzyk przy jednoczesnej optymalizacji zysk\u00f3w, zwi\u0119kszaj\u0105c w ten spos\u00f3b ich przewag\u0119 konkurencyjn\u0105 na dynamicznym rynku.<\/li>\n<\/ul>\n\n\n\n<h2 class=\"wp-block-heading\" id=\"benefits-of-kerosene-market-research\">Korzy\u015bci z bada\u0144 rynku nafty<\/h2>\n\n\n\n<figure class=\"gb-block-image gb-block-image-941c3dd2\"><img loading=\"lazy\" decoding=\"async\" width=\"1456\" height=\"816\" class=\"gb-image gb-image-941c3dd2\" src=\"https:\/\/www.sisinternational.com\/wp-content\/uploads\/2025\/08\/Gas-station-5.jpg\" alt=\"SIS Mi\u0119dzynarodowe badania rynku i strategia\" title=\"Gas station (5)\" srcset=\"https:\/\/www.sisinternational.com\/wp-content\/uploads\/2025\/08\/Gas-station-5.jpg 1456w, https:\/\/www.sisinternational.com\/wp-content\/uploads\/2025\/08\/Gas-station-5-300x168.jpg 300w, https:\/\/www.sisinternational.com\/wp-content\/uploads\/2025\/08\/Gas-station-5-1024x574.jpg 1024w, https:\/\/www.sisinternational.com\/wp-content\/uploads\/2025\/08\/Gas-station-5-768x430.jpg 768w, https:\/\/www.sisinternational.com\/wp-content\/uploads\/2025\/08\/Gas-station-5-18x10.jpg 18w\" sizes=\"auto, (max-width: 1456px) 100vw, 1456px\"><\/figure>\n\n\n\n<p><\/p>\n\n\n\n<p>Przeprowadzenie bada\u0144 rynku nafty przynosi przedsi\u0119biorstwom i interesariuszom szereg korzy\u015bci, obejmuj\u0105cych mi\u0119dzy innymi:<\/p>\n\n\n\n<ul class=\"wp-block-list\">\n<li><strong>Skuteczne podejmowanie decyzji:<\/strong> Wykorzystuj\u0105c najnowsze dane rynkowe i spostrze\u017cenia dostarczane przez badania rynku nafty, interesariusze mog\u0105 podejmowa\u0107 \u015bwiadome wybory, kt\u00f3re minimalizuj\u0105 ryzyko i optymalizuj\u0105 zwroty z inwestycji. Takie \u015bwiadome podejmowanie decyzji jest niezb\u0119dne do utrzymania przewagi konkurencyjnej w bran\u017cy i jest znakiem rozpoznawczym udanych firm i inwestor\u00f3w.<\/li>\n\n\n\n<li><strong>Identyfikacja nowych i potencjalnych obszar\u00f3w wzrostu:<\/strong> Ta cenna wiedza otwiera przed przedsi\u0119biorstwami mo\u017cliwo\u015bci zwi\u0119kszenia zasi\u0119gu rynkowego, rozszerzenia \u017ar\u00f3de\u0142 przychod\u00f3w i utrzymania przewagi konkurencyjnej.<\/li>\n\n\n\n<li><strong>Zdob\u0105d\u017a g\u0142\u0119bsze zrozumienie panuj\u0105cych trend\u00f3w rynkowych:<\/strong> Dzi\u0119ki badaniom rynku nafty organizacje mog\u0105 lepiej zrozumie\u0107 zmiany popytu, dynamik\u0119 cen i ramy regulacyjne. Ta bezcenna wiedza pozwala firmom i inwestorom proaktywnie dostosowywa\u0107 swoje strategie i zachowywa\u0107 elastyczno\u015b\u0107 w obliczu zmieniaj\u0105cej si\u0119 dynamiki rynku, zwi\u0119kszaj\u0105c ich konkurencyjno\u015b\u0107 i wzmacniaj\u0105c ich wynik finansowy.<\/li>\n\n\n\n<li><strong>Opracuj skuteczne strategie marketingowe i sprzeda\u017cowe, aby konkurowa\u0107 w bran\u017cy:<\/strong> Przeprowadzaj\u0105c dog\u0142\u0119bn\u0105 analiz\u0119 konkurencji, firmy mog\u0105 uzyska\u0107 cenne informacje na temat udzia\u0142u w rynku, mocnych i s\u0142abych stron oraz strategii kluczowych graczy. Informacje te umo\u017cliwiaj\u0105 im udoskonalenie podej\u015bcia operacyjnego i zwi\u0119kszenie przewagi konkurencyjnej na rynku.<\/li>\n\n\n\n<li><strong>Zdob\u0105d\u017a cenne informacje na temat preferencji, zachowa\u0144 zakupowych i dynamiki podejmowania decyzji przez swoich klient\u00f3w:<\/strong> Posiadaj\u0105c t\u0119 wiedz\u0119, przedsi\u0119biorstwa mog\u0105 dopasowa\u0107 swoje techniki marketingowe i sprzeda\u017cowe do konkretnych potrzeb i preferencji swojej grupy docelowej, maksymalizuj\u0105c w ten spos\u00f3b sw\u00f3j potencja\u0142 biznesowy.<\/li>\n\n\n\n<li><strong>Zrozum otoczenie regulacyjne:<\/strong> Dok\u0142adne badanie rynku nafty mo\u017ce dostarczy\u0107 cennych informacji na temat obowi\u0105zk\u00f3w regulacyjnych i prawnych dotycz\u0105cych produkcji, dystrybucji i u\u017cytkowania nafty.<\/li>\n<\/ul>\n\n\n\n<h2 class=\"wp-block-heading\" id=\"limitations\">Ograniczenia<\/h2>\n\n\n\n<ul class=\"wp-block-list\">\n<li>Zakres bada\u0144 rynku nafty mo\u017ce by\u0107 ograniczony przez sk\u0105p\u0105 dost\u0119pno\u015b\u0107 danych, szczeg\u00f3lnie w regionach o mniej dojrza\u0142ych rynkach. Mo\u017ce to skutkowa\u0107 niekompletnymi lub niedok\u0142adnymi danymi, utrudniaj\u0105c wyci\u0105gni\u0119cie wiarygodnych wniosk\u00f3w.<\/li>\n\n\n\n<li>Wykorzystanie danych historycznych jest powszechnie stosowan\u0105 praktyk\u0105 w badaniach rynku nafty w celu prognozowania przysz\u0142ych trend\u00f3w. Jednak na szybko rozwijaj\u0105cych si\u0119 rynkach dane historyczne nie zawsze s\u0142u\u017c\u0105 do wiarygodnego przewidywania przysz\u0142ych trend\u00f3w.<\/li>\n\n\n\n<li>Zadanie prognozowania popytu na naft\u0119 stwarza nieuniknione wyzwania ze wzgl\u0119du na podatno\u015b\u0107 na wiele zmiennych, takich jak wahania gospodarcze i niestabilno\u015b\u0107 geopolityczna. Czynniki takie jak zak\u0142\u00f3cenia polityki rz\u0105dowej, kl\u0119ski \u017cywio\u0142owe i globalne okoliczno\u015bci gospodarcze mog\u0105 stwarza\u0107 znaczne wyzwania w dok\u0142adnym przewidywaniu trend\u00f3w rynkowych i podejmowaniu \u015bwiadomych decyzji.<\/li>\n<\/ul>\n\n\n\n<p><\/p>\n\n\n\n<!DOCTYPE html>\n<html lang=\"en\">\n<head>\n    <meta charset=\"UTF-8\">\n    <meta name=\"viewport\" content=\"width=device-width, initial-scale=1.0\">\n    <title>AI Blog Banner<\/title>\n    <style>\n        * {\n            margin: 0;\n            padding: 0;\n            box-sizing: border-box;\n        }\n\n        .banner {\n            position: relative;\n            width: 100%;\n            height: 350px;\n            overflow: hidden;\n            display: flex;\n            align-items: center;\n            justify-content: center;\n            font-family: 'Arial', sans-serif;\n            border-radius: 25px;\n        }\n\n        .animated-background {\n            position: absolute;\n            top: 0;\n            left: 0;\n            width: 100%;\n            height: 100%;\n            background: linear-gradient(45deg, #003f6b, #2d5a7b, #003f6b, #2d5a7b);\n            background-size: 400% 400%;\n            animation: gradientMove 8s ease-in-out infinite;\n        }\n\n        .ai-pattern {\n            position: absolute;\n            top: 0;\n            left: 0;\n            width: 100%;\n            height: 100%;\n            opacity: 0.1;\n            background-image: \n                radial-gradient(circle at 20% 20%, rgba(255,255,255,0.3) 2px, transparent 2px),\n                radial-gradient(circle at 80% 80%, rgba(255,255,255,0.2) 1px, transparent 1px),\n                radial-gradient(circle at 40% 60%, rgba(255,255,255,0.15) 1.5px, transparent 1.5px),\n                radial-gradient(circle at 60% 20%, rgba(255,255,255,0.25) 1px, transparent 1px),\n                radial-gradient(circle at 80% 40%, rgba(255,255,255,0.2) 2px, transparent 2px);\n            background-size: 100px 100px, 150px 150px, 80px 80px, 120px 120px, 90px 90px;\n            animation: patternFloat 12s linear infinite;\n        }\n\n        .neural-network {\n            position: absolute;\n            top: 0;\n            left: 0;\n            width: 100%;\n            height: 100%;\n            opacity: 0.08;\n        }\n\n        .neural-line {\n            position: absolute;\n            height: 1px;\n            background: linear-gradient(90deg, transparent, rgba(255,255,255,0.5), transparent);\n            animation: neuralPulse 6s ease-in-out infinite;\n        }\n\n        .neural-line:nth-child(1) {\n            top: 30%;\n            left: 0;\n            width: 60%;\n            animation-delay: 0s;\n        }\n\n        .neural-line:nth-child(2) {\n            top: 50%;\n            right: 0;\n            width: 70%;\n            animation-delay: 2s;\n        }\n\n        .neural-line:nth-child(3) {\n            top: 70%;\n            left: 20%;\n            width: 50%;\n            animation-delay: 4s;\n        }\n\n        .content {\n            position: relative;\n            z-index: 10;\n            text-align: center;\n            color: white !important;\n            max-width: 800px;\n            padding: 30px;\n        }\n\n        .content * {\n            color: white !important;\n        }\n\n        .cta-text {\n            font-size: 1.9rem;\n            font-weight: 700;\n            margin-bottom: 15px;\n            color: white !important;\n            background: linear-gradient(90deg, rgba(255,255,255,0.6), rgba(255,255,255,1), rgba(230,230,230,1), rgba(255,255,255,1), rgba(240,240,240,0.8), rgba(255,255,255,0.6));\n            background-size: 200% 100%;\n            -webkit-background-clip: text;\n            -webkit-text-fill-color: transparent;\n            background-clip: text;\n            animation: shineEffect 10s ease-in-out infinite;\n            line-height: 1.3;\n        }\n\n        .cta-subheading {\n            font-size: 1rem;\n            font-weight: 400;\n            margin-bottom: 25px;\n            color: white !important;\n            line-height: 1.6;\n            opacity: 0.95;\n        }\n\n        .cta-button {\n            background: linear-gradient(135deg, #8a6b0f, #bd9013, #d4a519);\n            border: 2px solid #8a6b0f;\n            color: white !important;\n            padding: 18px 40px;\n            font-size: 1.2rem;\n            font-weight: 600;\n            border-radius: 50px;\n            cursor: pointer;\n            transition: all 0.3s ease;\n            text-decoration: none;\n            display: inline-block;\n            position: relative;\n            overflow: hidden;\n        }\n\n        .cta-button::before {\n            content: '';\n            position: absolute;\n            top: 0;\n            left: -100%;\n            width: 100%;\n            height: 100%;\n            background: linear-gradient(90deg, \n                transparent 0%, \n                rgba(255, 255, 255, 0.3) 25%,\n                rgba(255, 255, 255, 0.6) 50%,\n                rgba(255, 255, 255, 0.3) 75%,\n                transparent 100%);\n            animation: shine 3s ease-in-out infinite;\n        }\n\n        .cta-button:hover {\n            transform: translateY(-3px);\n            box-shadow: 0 10px 25px rgba(0,0,0,0.2);\n            border-color: #bd9013;\n            background: linear-gradient(135deg, #bd9013, #d4a519, #e6b61f);\n        }\n\n        .floating-elements {\n            position: absolute;\n            top: 0;\n            left: 0;\n            width: 100%;\n            height: 100%;\n            pointer-events: none;\n        }\n\n        .floating-circle {\n            position: absolute;\n            border-radius: 50%;\n            background: rgba(255,255,255,0.1);\n            animation: float 8s ease-in-out infinite;\n        }\n\n        .floating-circle:nth-child(1) {\n            width: 80px;\n            height: 80px;\n            top: 20%;\n            left: 10%;\n            animation-delay: 0s;\n        }\n\n        .floating-circle:nth-child(2) {\n            width: 60px;\n            height: 60px;\n            top: 60%;\n            right: 15%;\n            animation-delay: 3s;\n        }\n\n        .floating-circle:nth-child(3) {\n            width: 40px;\n            height: 40px;\n            top: 80%;\n            left: 80%;\n            animation-delay: 6s;\n        }\n\n        .floating-circle:nth-child(4) {\n            width: 70px;\n            height: 70px;\n            top: 10%;\n            right: 20%;\n            animation-delay: 1.5s;\n        }\n\n        .floating-circle:nth-child(5) {\n            width: 50px;\n            height: 50px;\n            top: 75%;\n            left: 30%;\n            animation-delay: 4.5s;\n        }\n\n        @keyframes gradientMove {\n            0% { background-position: 0% 50%; }\n            25% { background-position: 100% 50%; }\n            50% { background-position: 100% 100%; }\n            75% { background-position: 0% 100%; }\n            100% { background-position: 0% 50%; }\n        }\n\n        @keyframes patternFloat {\n            0% { transform: translateX(0) translateY(0); }\n            33% { transform: translateX(30px) translateY(-20px); }\n            66% { transform: translateX(-20px) translateY(10px); }\n            100% { transform: translateX(0) translateY(0); }\n        }\n\n        @keyframes neuralPulse {\n            0%, 100% { opacity: 0.08; }\n            50% { opacity: 0.2; }\n        }\n\n        @keyframes shineEffect {\n            0% { background-position: 200% 0; }\n            100% { background-position: -200% 0; }\n        }\n\n        @keyframes shine {\n            0% {\n                left: -100%;\n            }\n            20%, 100% {\n                left: 100%;\n            }\n        }\n\n        @keyframes float {\n            0%, 100% { transform: translateY(0px) rotate(0deg); }\n            33% { transform: translateY(-30px) rotate(120deg); }\n            66% { transform: translateY(15px) rotate(240deg); }\n        }\n\n        @media (max-width: 768px) {\n            .banner {\n                height: 320px;\n                padding: 30px 0;\n            }\n            \n            .content {\n                padding: 40px 20px;\n            }\n            \n            .cta-text {\n                font-size: 1.3rem;\n                margin-bottom: 12px;\n            }\n            \n            .cta-subheading {\n                font-size: 0.85rem;\n                margin-bottom: 20px;\n            }\n            \n            .cta-button {\n                padding: 14px 28px;\n                font-size: 0.95rem;\n            }\n        }\n    <\/style>\n<\/head>\n<body>\n    <div class=\"banner\">\n        <div class=\"animated-background\"><\/div>\n        \n        <div class=\"ai-pattern\"><\/div>\n        \n        <div class=\"neural-network\">\n            <div class=\"neural-line\"><\/div>\n            <div class=\"neural-line\"><\/div>\n            <div class=\"neural-line\"><\/div>\n        <\/div>\n        \n        <div class=\"floating-elements\">\n            <div class=\"floating-circle\"><\/div>\n            <div class=\"floating-circle\"><\/div>\n            <div class=\"floating-circle\"><\/div>\n            <div class=\"floating-circle\"><\/div>\n            <div class=\"floating-circle\"><\/div>\n        <\/div>\n        \n        <div class=\"content\">\n            <div class=\"cta-text\">Ready to explore the insights that drive smarter decisions?<\/div>\n            <div class=\"cta-subheading\">Contact our Research experts today.<\/div>\n            <a href=\"mailto:Research@sisinternational.com\" class=\"cta-button\">Contact us now!<\/a>\n        <\/div>\n    <\/div>\n<\/body>\n<\/html>\n\n\n\n<p><\/p>\n\n\n\n<h2 class=\"wp-block-heading\" id=\"future-trends\">Przysz\u0142e trendy<\/h2>\n\n\n\n<ul class=\"wp-block-list\">\n<li>Szybkie post\u0119py w technologii produkcji nafty maj\u0105 oznacza\u0107 pocz\u0105tek nowej ery zwi\u0119kszonej wydajno\u015bci operacyjnej i op\u0142acalno\u015bci. Oczekuje si\u0119, \u017ce post\u0119py te doprowadz\u0105 do opracowania usprawnionych proces\u00f3w produkcji nafty, co nieuchronnie doprowadzi do znacznego obni\u017cenia cen i bezprecedensowego wzrostu dost\u0119pno\u015bci.<\/li>\n\n\n\n<li>Rozwijaj\u0105ce si\u0119 gospodarki Azji i Pacyfiku oraz Afryki nap\u0119dzaj\u0105 wzrost popytu na podr\u00f3\u017ce lotnicze, a zatem na naft\u0119. Oczekuje si\u0119, \u017ce rynek nafty b\u0119dzie nadal r\u00f3s\u0142 na rynkach wschodz\u0105cych, nap\u0119dzany tymi czynnikami i rosn\u0105c\u0105 trajektori\u0105 wzrostu gospodarczego w tych regionach.<\/li>\n\n\n\n<li>Rynek nafty jest gotowy na znaczny wp\u0142yw nadchodz\u0105cych zmian regulacyjnych. Przewiduje si\u0119, \u017ce regulacje rz\u0105dowe odegraj\u0105 kluczow\u0105 rol\u0119 w nap\u0119dzaniu tych zmian, szczeg\u00f3lnie w odniesieniu do ewolucji przepis\u00f3w dotycz\u0105cych ochrony \u015brodowiska i potencjalnych zmian w podatkach od konsumpcji nafty.<\/li>\n\n\n\n<li>Obecny trend na rynku nafty wskazuje na przesuni\u0119cie w kierunku digitalizacji, w kt\u00f3rym oczekuje si\u0119, \u017ce technologie cyfrowe przejm\u0105 wa\u017cniejsz\u0105 rol\u0119. Skupiaj\u0105c si\u0119 na \u015bwiadomym podejmowaniu decyzji, firmy i inwestorzy wykorzystuj\u0105 zaawansowane narz\u0119dzia cyfrowe, takie jak analiza danych, aby analizowa\u0107 trendy rynkowe i uzyskiwa\u0107 cenne informacje. To przesuni\u0119cie w kierunku digitalizacji na rynku nafty podkre\u015bla rosn\u0105ce znaczenie wykorzystywania post\u0119pu technologicznego w celu wyprzedzania konkurencji i nap\u0119dzania wzrostu biznesu.<\/li>\n<\/ul>\n\n\n\n<p>SIS International oferuje badania ilo\u015bciowe, jako\u015bciowe i strategiczne. Dostarczamy dane, narz\u0119dzia, strategie, raporty i spostrze\u017cenia do podejmowania decyzji. Przeprowadzamy wywiady, ankiety, grupy fokusowe i wiele innych metod i podej\u015b\u0107 bada\u0144 rynku. Skontaktuj si\u0119 z nami w sprawie swojego kolejnego projektu bada\u0144 rynku.<\/p>\n\n\n<h2>Lokalizacja naszego obiektu w Nowym Jorku<\/h2>\n<p><!-- \/wp:post-content --> <!-- wp:html --> <iframe loading=\"lazy\" src=\"https:\/\/www.google.com\/maps\/embed?pb=!1m18!1m12!1m3!1d3022.976188376966!2d-73.99130312499956!3d40.740549471389315!2m3!1f0!2f0!3f0!3m2!1i1024!2i768!4f13.1!3m3!1m2!1s0x89c259a15798c731%3A0xd695d09bdd495f25!2s11%20E%2022nd%20St%20FL%202%2C%20New%20York%2C%20NY%2010010%2C%20USA!5e0!3m2!1sen!2spe!4v1726171763526!5m2!1sen!2spe\" width=\"600\" height=\"450\" allowfullscreen=\"allowfullscreen\" data-mce-fragment=\"1\"><\/iframe> <!-- \/wp:html --> <!-- wp:paragraph --><\/p>\n<h3 class=\"wp-block-heading\">11 E 22nd Street, pi\u0119tro 2, Nowy Jork, NY 10010 T: +1(212) 505-6805<\/h3>\n<hr \/>\n<h2><span style=\"font-weight: 400;\">O firmie SIS International<\/span><\/h2>\n<p><a href=\"https:\/\/www.sisinternational.com\/pl\/\"><span style=\"font-weight: 400;\">SIS Mi\u0119dzynarodowy<\/span><\/a><span style=\"font-weight: 400;\"> oferuje badania ilo\u015bciowe, jako\u015bciowe i strategiczne. Dostarczamy dane, narz\u0119dzia, strategie, raporty i spostrze\u017cenia do podejmowania decyzji. Prowadzimy r\u00f3wnie\u017c wywiady, ankiety, grupy fokusowe i inne metody i podej\u015bcia do bada\u0144 rynku.<\/span><a href=\"https:\/\/www.sisinternational.com\/pl\/o-moich-miedzynarodowych-badaniach\/contact-sis-international-market-research\/\"><span style=\"font-weight: 400;\"> Skontaktuj si\u0119 z nami<\/span><\/a><span style=\"font-weight: 400;\"> dla Twojego kolejnego projektu badania rynku.<\/span><\/p>","protected":false},"excerpt":{"rendered":"<p>W obliczu stale rosn\u0105cego \u015bwiatowego popytu na energi\u0119, rynek nafty jest gotowy w przewidywalnej przysz\u0142o\u015bci odnotowa\u0107 znaczny wzrost.<\/p>","protected":false},"author":1,"featured_media":63379,"parent":14514,"menu_order":245,"comment_status":"closed","ping_status":"closed","template":"","meta":{"footnotes":""},"class_list":["post-42337","page","type-page","status-publish","has-post-thumbnail"],"_links":{"self":[{"href":"https:\/\/www.sisinternational.com\/pl\/wp-json\/wp\/v2\/pages\/42337","targetHints":{"allow":["GET"]}}],"collection":[{"href":"https:\/\/www.sisinternational.com\/pl\/wp-json\/wp\/v2\/pages"}],"about":[{"href":"https:\/\/www.sisinternational.com\/pl\/wp-json\/wp\/v2\/types\/page"}],"author":[{"embeddable":true,"href":"https:\/\/www.sisinternational.com\/pl\/wp-json\/wp\/v2\/users\/1"}],"replies":[{"embeddable":true,"href":"https:\/\/www.sisinternational.com\/pl\/wp-json\/wp\/v2\/comments?post=42337"}],"version-history":[{"count":9,"href":"https:\/\/www.sisinternational.com\/pl\/wp-json\/wp\/v2\/pages\/42337\/revisions"}],"predecessor-version":[{"id":77473,"href":"https:\/\/www.sisinternational.com\/pl\/wp-json\/wp\/v2\/pages\/42337\/revisions\/77473"}],"up":[{"embeddable":true,"href":"https:\/\/www.sisinternational.com\/pl\/wp-json\/wp\/v2\/pages\/14514"}],"wp:featuredmedia":[{"embeddable":true,"href":"https:\/\/www.sisinternational.com\/pl\/wp-json\/wp\/v2\/media\/63379"}],"wp:attachment":[{"href":"https:\/\/www.sisinternational.com\/pl\/wp-json\/wp\/v2\/media?parent=42337"}],"curies":[{"name":"wp","href":"https:\/\/api.w.org\/{rel}","templated":true}]}}