{"id":42297,"date":"2023-04-11T18:06:04","date_gmt":"2023-04-11T22:06:04","guid":{"rendered":"https:\/\/www.sisinternational.com\/?page_id=42297"},"modified":"2026-01-25T19:05:38","modified_gmt":"2026-01-26T00:05:38","slug":"kosmetyki-w-badaniach-rynku-meksyku","status":"publish","type":"page","link":"https:\/\/www.sisinternational.com\/pl\/zasieg\/latin-america\/badania-rynku-ameryki-lacinskiej\/kosmetyki-w-badaniach-rynku-meksyku\/","title":{"rendered":"Badania rynku kosmetyk\u00f3w w Meksyku"},"content":{"rendered":"<h1 class=\"wp-block-heading p1\">Badania rynku kosmetyk\u00f3w w Meksyku<\/h1>\n\n\n<div class=\"wp-block-image\">\n<figure class=\"aligncenter size-large is-resized\"><img loading=\"lazy\" decoding=\"async\" width=\"1024\" height=\"574\" src=\"https:\/\/www.sisinternational.com\/wp-content\/uploads\/2025\/09\/Cosmetics-in-mexico-3-1024x574.jpg\" alt=\"SIS Mi\u0119dzynarodowe badania rynku i strategia\" class=\"wp-image-66238\" style=\"width:1350px\" srcset=\"https:\/\/www.sisinternational.com\/wp-content\/uploads\/2025\/09\/Cosmetics-in-mexico-3-1024x574.jpg 1024w, https:\/\/www.sisinternational.com\/wp-content\/uploads\/2025\/09\/Cosmetics-in-mexico-3-300x168.jpg 300w, https:\/\/www.sisinternational.com\/wp-content\/uploads\/2025\/09\/Cosmetics-in-mexico-3-768x430.jpg 768w, https:\/\/www.sisinternational.com\/wp-content\/uploads\/2025\/09\/Cosmetics-in-mexico-3-18x10.jpg 18w, https:\/\/www.sisinternational.com\/wp-content\/uploads\/2025\/09\/Cosmetics-in-mexico-3.jpg 1456w\" sizes=\"auto, (max-width: 1024px) 100vw, 1024px\" \/><\/figure>\n<\/div>\n\n\n<p><\/p>\n\n\n\n<p class=\"p2\">Rynek kosmetyk\u00f3w przechodzi\u0142 przez kilka zmian w ci\u0105gu ostatnich dziesi\u0119cioleci, w zale\u017cno\u015bci od wymaga\u0144 konsument\u00f3w, obaw dotycz\u0105cych \u015brodowiska, etyki i rentowno\u015bci. Poniewa\u017c konsumenci s\u0105 coraz lepiej poinformowani o piel\u0119gnacji sk\u00f3ry i kosmetykach w og\u00f3le oraz ro\u015bnie \u015bwiadomo\u015b\u0107 wp\u0142ywu na \u015brodowisko i zwierz\u0119ta, firmy musz\u0105 wymy\u015bla\u0107 innowacyjne produkty i strategie marketingowe, aby wej\u015b\u0107 na ten wysoce konkurencyjny rynek. W zwi\u0105zku z tym badania rynku kosmetyk\u00f3w w Meksyku sta\u0142y si\u0119 niezb\u0119dne dla ka\u017cdej firmy, kt\u00f3ra chce pod\u0105\u017ca\u0107 \u015bcie\u017ck\u0105 sukcesu w tej bran\u017cy.<\/p>\n\n\n\n<h2 class=\"wp-block-heading p2\">Przegl\u0105d bada\u0144 rynku kosmetyk\u00f3w w Meksyku<\/h2>\n\n\n\n<p class=\"p2\">\u015awiat si\u0119 zmienia, a wi\u0119kszo\u015b\u0107 firm zmierza w kierunku bardziej zr\u00f3wnowa\u017conym. Podobnie jak przemys\u0142 kosmetyczny. W 2021 r. senat Meksyku jednog\u0142o\u015bnie zag\u0142osowa\u0142 za zakazem testowania kosmetyk\u00f3w na zwierz\u0119tach, co by\u0142o nie tylko decyzj\u0105 historyczn\u0105, ale Meksyk sta\u0142 si\u0119 r\u00f3wnie\u017c pierwszym krajem w Ameryce P\u00f3\u0142nocnej, kt\u00f3ry to zrobi\u0142.<\/p>\n\n\n\n<p class=\"p2\">Cosmetics play a key role in Mexico\u2019s business world, and thus, conducting market <a href=\"https:\/\/www.sisinternational.com\/pl\/ekspertyza\/branze\/extreme-persona-research\/\" title=\"Badania nad ekstremaln\u0105 person\u0105\"  data-wpil-monitor-id=\"3367\">research is of extreme<\/a> importance for companies looking to build or expand their presence in the cosmetics industry. The country still attracts investors who have established manufacturing and distribution plants there and who use Mexico as their distribution center for Latin America.<\/p>\n\n\n\n<p class=\"p2\">Co wa\u017cniejsze, meksyka\u0144ska klasa \u015brednia znacznie wzros\u0142a w ci\u0105gu ostatnich kilku lat. Podobnie jak jej bud\u017cet wydatk\u00f3w, nie mo\u017cemy te\u017c zapomina\u0107 o wzro\u015bcie poziomu dochodu brutto, kt\u00f3ry ma znacz\u0105cy wp\u0142yw na wzorce i trendy konsumenckie.<\/p>\n\n\n\n<h2 class=\"wp-block-heading p2\">Kluczowe trendy i czynniki nap\u0119dowe w bran\u017cy kosmetycznej<\/h2>\n\n\n\n<p class=\"p2\">Kosmetyki i piel\u0119gnacja osobista stanowi\u0105 istotny podsektor d\u00f3br konsumpcyjnych w Meksyku. Kraj ten znajduje si\u0119 w pierwszej dziesi\u0105tce na \u015bwiecie pod wzgl\u0119dem kosmetyk\u00f3w i produkt\u00f3w do piel\u0119gnacji osobistej. Ponadto jest jednym z najwi\u0119kszych rynk\u00f3w produkt\u00f3w kosmetycznych w Ameryce \u0141aci\u0144skiej.<\/p>\n\n\n\n<p class=\"p2\">Meksyk r\u00f3wnie\u017c importuje du\u017c\u0105 liczb\u0119 produkt\u00f3w kosmetycznych z Korei Po\u0142udniowej, jednak Stany Zjednoczone pozostaj\u0105 najwi\u0119kszym importerem tego kraju.<\/p>\n\n\n\n<h2 class=\"wp-block-heading p2\">Mo\u017cliwo\u015bci w bran\u017cy kosmetycznej<\/h2>\n\n\n\n<p class=\"p2\"><a href=\"https:\/\/www.sisinternational.com\/pl\/market-research-tijuana-mexico\/\" title=\"Market Research in Tijuana, Mexico\"  data-wpil-monitor-id=\"2539\">Mexico\u2019s cosmetics market<\/a> is expected to grow. Moreover, the increasing demand for organic, non-animal-tested, and cruelty-free products makes the Mexican cosmetics market much more attractive to consumers.<\/p>\n\n\n\n<p class=\"p2\">Nie tylko kobiety, ale tak\u017ce m\u0119\u017cczy\u017ani dokonuj\u0105 du\u017cej liczby zakup\u00f3w kosmetyk\u00f3w i produkt\u00f3w do piel\u0119gnacji sk\u00f3ry\/w\u0142os\u00f3w. Rosn\u0105ca \u015bwiadomo\u015b\u0107 pi\u0119kna i wi\u0119ksza r\u00f3\u017cnorodno\u015b\u0107 marek sprawiaj\u0105, \u017ce klienci p\u0142ci m\u0119skiej dokonuj\u0105 wi\u0119kszej liczby zakup\u00f3w online i w sklepach specjalistycznych, supermarketach, aptekach itp.<\/p>\n\n\n\n<p class=\"p2\">W Meksyku r\u00f3\u017cne firmy zajmuj\u0105ce si\u0119 urod\u0105 i piel\u0119gnacj\u0105 s\u0105 bardzo konkurencyjne, co wymusza wiele r\u00f3\u017cnych strategii biznesowych w celu przyci\u0105gni\u0119cia i utrzymania klient\u00f3w; na przyk\u0142ad innowacje produktowe, ekspansja, fuzje, partnerstwa i przej\u0119cia. Budowanie obecno\u015bci online za pomoc\u0105 osobistej strony internetowej lub oferowanie produkt\u00f3w na g\u0142\u00f3wnych platformach sprzeda\u017cy detalicznej online, takich jak Amazon, r\u00f3wnie\u017c odgrywa istotn\u0105 rol\u0119.<\/p>\n\n\n\n<p class=\"p2\">Je\u015bli chodzi o dystrybucj\u0119, sprzeda\u017c bezpo\u015brednia ma najwi\u0119kszy udzia\u0142 w rynku, zaraz za ni\u0105 plasuj\u0105 si\u0119 supermarkety. Je\u015bli chodzi o reklamy, agresywna reklama i sponsorowanie pokaz\u00f3w to najcz\u0119stsze metody.<\/p>\n\n\n\n<h2 class=\"wp-block-heading p2\">Wyzwania w bran\u017cy kosmetycznej w Meksyku<\/h2>\n\n\n\n<p class=\"p2\">Although Mexico\u2019s free trade agreements with most countries are essentially a good thing, they can present a challenge. Thanks to the free trade agreements, consumers can buy cosmetics and skin care products from Europe, North America, and Asia, and as a result, they have a large selection to choose from. This leads to intense competition for any company that is looking at exports to Mexico. The list of companies such as Procter &amp; Gamble, Unilever, Colgate-Palmolive, Est\u00e9e Lauder, Betterware de Mexico, L\u2019OREAL, and more may provide a testing environment for a new enterprise. Consequently, it requires <a href=\"https:\/\/www.sisinternational.com\/pl\/ekspertyza\/branze\/heavy-machinery-market-research\/\" title=\"Badania rynku maszyn ci\u0119\u017ckich\"  data-wpil-monitor-id=\"5393\">heavy investment in marketing<\/a>, online as well as offline. That being said, there is still ample opportunity for international players to enter this market.<\/p>\n\n\n\n<p class=\"p2\">Og\u00f3lnie rzecz bior\u0105c, meksyka\u0144scy konsumenci wydaj\u0105 du\u017co pieni\u0119dzy na produkty kosmetyczne. Maj\u0105c szeroki wyb\u00f3r i wiele produkt\u00f3w produkowanych lokalnie, kupuj\u0105cy maj\u0105 dost\u0119p do ni\u017cszych cen, co cz\u0119sto mo\u017ce spowodowa\u0107, \u017ce dro\u017csze importowane towary pozostan\u0105 na p\u00f3\u0142kach. Kupuj\u0105cy zazwyczaj szukaj\u0105 towar\u00f3w w najlepszych cenach. Mimo to du\u017ca cz\u0119\u015b\u0107 meksyka\u0144skich konsument\u00f3w jest r\u00f3wnie\u017c sk\u0142onna zainwestowa\u0107 w du\u017ce mi\u0119dzynarodowe marki i\/lub aktualne trendy. Pomimo tendencji do poszukiwania niedrogich produkt\u00f3w, nadal istnieje du\u017ce zapotrzebowanie na marki premium i luksusowe, g\u0142\u00f3wnie w\u015br\u00f3d wy\u017cszej klasy \u015bredniej.<\/p>\n\n\n\n<h2 class=\"wp-block-heading p2\">Klastry innowacji do analizy kosmetyk\u00f3w w Meksyku<\/h2>\n\n\n\n<p class=\"p2\">Przemys\u0142 kosmetyczny w Meksyku rozwija si\u0119 dynamicznie i, pomimo du\u017cej konkurencji, du\u017cy popyt na kosmetyki i produkty upi\u0119kszaj\u0105ce stwarza nowe mo\u017cliwo\u015bci.<\/p>\n\n\n\n<p class=\"p2\">Piel\u0119gnacja sk\u00f3ry i kosmetyki dla m\u0119\u017cczyzn to obiecuj\u0105ca nisza, poniewa\u017c zainteresowanie m\u0119\u017cczyzn dbaniem o wygl\u0105d zadbany i m\u0142ody znacznie wzros\u0142o. Podstawowe produkty, takie jak balsam do ust, balsam do r\u0105k, krem pod oczy, tonik, \u015brodek czyszcz\u0105cy, filtr przeciws\u0142oneczny i inne, s\u0105 poszukiwane na tym rynku.<\/p>\n\n\n\n<p class=\"p2\">W ostatnich latach wsz\u0119dzie powstaj\u0105 zak\u0142ady fryzjerskie i specjalistyczne salony zajmuj\u0105ce si\u0119 piel\u0119gnacj\u0105 m\u0119skiej sk\u00f3ry i w\u0142os\u00f3w, oferuj\u0105ce szerok\u0105 gam\u0119 produkt\u00f3w.<\/p>\n\n\n\n<p class=\"p2\">Ponadto wi\u0119ksza \u015bwiadomo\u015b\u0107 ekspozycji na s\u0142o\u0144ce doprowadzi\u0142a r\u00f3wnie\u017c do wi\u0119kszej liczby zakup\u00f3w produkt\u00f3w z filtrem SPF. Obecnie konsumenci zwracaj\u0105 wi\u0119ksz\u0105 uwag\u0119 na kosmetyki chroni\u0105ce sk\u00f3r\u0119. Dlatego te\u017c oczekuje si\u0119, \u017ce kremy przeciws\u0142oneczne i kosmetyki z filtrem przeciws\u0142onecznym zyskaj\u0105 na popularno\u015bci w nadchodz\u0105cych latach.<\/p>\n\n\n\n<p class=\"p2\">Ponadto kosmetyki kolorowe (w tym lakiery do paznokci i produkty do paznokci w og\u00f3le) s\u0105 bardzo modne i stanowi\u0105 dobr\u0105 okazj\u0119 do inwestycji. Nawet przy szerokiej konkurencji mo\u017cna dotrze\u0107 do konsument\u00f3w z atrakcyjnymi trendami i konkurencyjnymi cenami. Konsumenci maj\u0105 r\u00f3wnie\u017c tendencj\u0119 do odkrywania nowych marek (meksyka\u0144skich i mi\u0119dzynarodowych) za po\u015brednictwem samouczk\u00f3w wideo i blog\u00f3w.<\/p>\n\n\n\n<p class=\"p2\">Wreszcie, nie mo\u017cna przeceni\u0107 znaczenia produkt\u00f3w organicznych i naturalnych. Ze wzgl\u0119du na coraz wi\u0119ksze zrozumienie ich korzy\u015bci zdrowotnych, produkty te ciesz\u0105 si\u0119 du\u017cym popytem. Ponadto rynek wega\u0144ski r\u00f3wnie\u017c ro\u015bnie wyk\u0142adniczo, poniewa\u017c coraz wi\u0119cej konsument\u00f3w staje si\u0119 \u015bwiadomych okrucie\u0144stwa wobec zwierz\u0105t i praw zwierz\u0105t i chce dokonywa\u0107 etycznie odpowiedzialnych zakup\u00f3w. Zapotrzebowanie na produkty, kt\u00f3re nie s\u0105 testowane na zwierz\u0119tach i kt\u00f3re nawet nie zawieraj\u0105 sk\u0142adnik\u00f3w zwierz\u0119cych, znacznie wzrasta.<\/p>\n\n\n\n<h2 class=\"wp-block-heading p3\">Przysz\u0142e perspektywy dla kosmetyk\u00f3w w Meksyku<\/h2>\n\n\n\n<p class=\"p2\">Warto\u015b\u0107 rynku kosmetycznego pozostawa\u0142a stabilna w ci\u0105gu ostatnich lat i oczekuje si\u0119, \u017ce b\u0119dzie ros\u0142a. Meksyka\u0144scy konsumenci wydaj\u0105 znaczn\u0105 kwot\u0119 rocznie na kosmetyki, a rosn\u0105cy popyt na naturalne, organiczne, nietestowane na zwierz\u0119tach, nie testowane na zwierz\u0119tach produkty i przyjazne dla \u015brodowiska opakowania prawdopodobnie jeszcze bardziej wzmocni bran\u017c\u0119. Pomimo wysoce konkurencyjnego rynku, daje on okazj\u0119 do inwestycji, nowych wprowadze\u0144 i ekspansji.<\/p>\n\n\n\n<p class=\"p2\">SIS International oferuje badania ilo\u015bciowe, jako\u015bciowe i strategiczne. Dostarczamy dane, narz\u0119dzia, strategie, raporty i spostrze\u017cenia do podejmowania decyzji. Przeprowadzamy wywiady, ankiety, grupy fokusowe i inne metody i podej\u015bcia do bada\u0144 rynku. Skontaktuj si\u0119 z nami w sprawie swojego kolejnego projektu bada\u0144 rynku.<span class=\"Apple-converted-space\">&nbsp;<\/span><\/p>","protected":false},"excerpt":{"rendered":"<p>Kosmetyki odgrywaj\u0105 kluczow\u0105 rol\u0119 w meksyka\u0144skim \u015bwiecie biznesu, st\u0105d te\u017c niezwykle istotne jest przeprowadzanie bada\u0144 rynku.<\/p>","protected":false},"author":1,"featured_media":66238,"parent":14351,"menu_order":28,"comment_status":"closed","ping_status":"closed","template":"","meta":{"footnotes":""},"class_list":["post-42297","page","type-page","status-publish","has-post-thumbnail"],"_links":{"self":[{"href":"https:\/\/www.sisinternational.com\/pl\/wp-json\/wp\/v2\/pages\/42297","targetHints":{"allow":["GET"]}}],"collection":[{"href":"https:\/\/www.sisinternational.com\/pl\/wp-json\/wp\/v2\/pages"}],"about":[{"href":"https:\/\/www.sisinternational.com\/pl\/wp-json\/wp\/v2\/types\/page"}],"author":[{"embeddable":true,"href":"https:\/\/www.sisinternational.com\/pl\/wp-json\/wp\/v2\/users\/1"}],"replies":[{"embeddable":true,"href":"https:\/\/www.sisinternational.com\/pl\/wp-json\/wp\/v2\/comments?post=42297"}],"version-history":[{"count":6,"href":"https:\/\/www.sisinternational.com\/pl\/wp-json\/wp\/v2\/pages\/42297\/revisions"}],"predecessor-version":[{"id":79177,"href":"https:\/\/www.sisinternational.com\/pl\/wp-json\/wp\/v2\/pages\/42297\/revisions\/79177"}],"up":[{"embeddable":true,"href":"https:\/\/www.sisinternational.com\/pl\/wp-json\/wp\/v2\/pages\/14351"}],"wp:featuredmedia":[{"embeddable":true,"href":"https:\/\/www.sisinternational.com\/pl\/wp-json\/wp\/v2\/media\/66238"}],"wp:attachment":[{"href":"https:\/\/www.sisinternational.com\/pl\/wp-json\/wp\/v2\/media?parent=42297"}],"curies":[{"name":"wp","href":"https:\/\/api.w.org\/{rel}","templated":true}]}}