{"id":42278,"date":"2023-04-11T15:40:39","date_gmt":"2023-04-11T19:40:39","guid":{"rendered":"https:\/\/www.sisinternational.com\/?page_id=42278"},"modified":"2026-01-26T19:01:45","modified_gmt":"2026-01-27T00:01:45","slug":"badania-rynku-hoteli-butikowych","status":"publish","type":"page","link":"https:\/\/www.sisinternational.com\/pl\/ekspertyza\/badania-rynku-hoteli-butikowych\/","title":{"rendered":"Badania rynku hoteli butikowych"},"content":{"rendered":"<h1 class=\"wp-block-heading\">Badania rynku hoteli butikowych<\/h1>\n\n\n\n<figure class=\"gb-block-image gb-block-image-53ee1902\"><img loading=\"lazy\" decoding=\"async\" width=\"1456\" height=\"816\" class=\"gb-image gb-image-53ee1902\" src=\"https:\/\/www.sisinternational.com\/wp-content\/uploads\/2025\/08\/hotel-14.jpg\" alt=\"SIS Mi\u0119dzynarodowe badania rynku i strategia\" title=\"hotel (14)\" srcset=\"https:\/\/www.sisinternational.com\/wp-content\/uploads\/2025\/08\/hotel-14.jpg 1456w, https:\/\/www.sisinternational.com\/wp-content\/uploads\/2025\/08\/hotel-14-300x168.jpg 300w, https:\/\/www.sisinternational.com\/wp-content\/uploads\/2025\/08\/hotel-14-1024x574.jpg 1024w, https:\/\/www.sisinternational.com\/wp-content\/uploads\/2025\/08\/hotel-14-768x430.jpg 768w, https:\/\/www.sisinternational.com\/wp-content\/uploads\/2025\/08\/hotel-14-18x10.jpg 18w\" sizes=\"auto, (max-width: 1456px) 100vw, 1456px\"><\/figure>\n\n\n\n<p><\/p>\n\n\n\n<p>Wyr\u00f3\u017cnienie si\u0119 w sektorze hoteli butikowych jest wa\u017cniejsze ni\u017c kiedykolwiek, poniewa\u017c gusta podr\u00f3\u017cnych staj\u0105 si\u0119 coraz bardziej specyficzne, a konkurencja ro\u015bnie. Dlatego hotele butikowe musz\u0105 d\u0105\u017cy\u0107 do zapewnienia spersonalizowanego do\u015bwiadczenia, kt\u00f3re uwzgl\u0119dnia nowoczesne trendy, a jednocze\u015bnie zachowuje stylow\u0105 atmosfer\u0119 i wysokiej klasy udogodnienia.<\/p>\n\n\n\n<p>The key to success lies not only in understanding what customers are searching for but also in being able to anticipate these needs before they arise. With boutique <a href=\"https:\/\/www.sisinternational.com\/pl\/rozwiazania\/podroze-turystyka-hotelarstwo-doradztwo\/chain-hotel-market-research\/\" title=\"Badania rynku hoteli sieciowych\"  data-wpil-monitor-id=\"3008\">badania rynku hotelowego<\/a>, hotels can maintain a competitive edge and thrive in this competitive industry.<\/p>\n\n\n\n<h2 class=\"wp-block-heading\">Czym jest badanie rynku hoteli butikowych?<\/h2>\n\n\n\n<p>Boutique <a href=\"https:\/\/www.sisinternational.com\/pl\/ekspertyza\/branze\/hotel-furniture-market-research\/\" title=\"Badania rynku mebli hotelowych\"  data-wpil-monitor-id=\"3834\">badania rynku hotelowego<\/a> helps businesses gain a competitive edge by uncovering valuable information about the industry such as consumer preferences, competition analysis, and emerging trends. This data is used to inform strategic decisions that fuel revenue growth, improve service offerings, and ultimately position businesses for success in this ever-evolving sector.<\/p>\n\n\n\n<p>Przez <a href=\"https:\/\/www.sisinternational.com\/pl\/ekspertyza\/branze\/resin-market-research\/\" title=\"Badania rynku \u017cywic\"  data-wpil-monitor-id=\"3207\">researching the boutique hotel market<\/a>, companies can gain critical insights into customer demographics, tastes, and needs. Additionally, current trends in technology advancements, shifting consumer habits, and local economic conditions are gathered to identify potential areas of growth and development as well as ways to inform pricing schemes for maximum profitability.<\/p>\n\n\n\n<h2 class=\"wp-block-heading\">Znaczenie bada\u0144 rynku hoteli butikowych<\/h2>\n\n\n\n<p>Boutique <a href=\"https:\/\/www.sisinternational.com\/pl\/ekspertyza\/branze\/hotel-redevelopment-market-research\/\" title=\"Badania rynku przebudowy hoteli\"  data-wpil-monitor-id=\"5703\">badania rynku hotelowego<\/a> equips entrepreneurs with a wealth of information about customer behavior and expectations. By collecting data on guest demographics, industry segmentation, as well as customer satisfaction surveys, boutique hotels gain invaluable knowledge which leads to improvement opportunities and improved decision-making in terms of pricing strategies and service offers.<\/p>\n\n\n\n<p>Furthermore, boutique <a href=\"https:\/\/www.sisinternational.com\/pl\/ekspertyza\/branze\/hotel-survey-market-research\/\" title=\"Badania rynku ankiet hotelowych\"  data-wpil-monitor-id=\"7203\">badania rynku hotelowego<\/a> unveils the competitive environment, allowing hotel owners and investors to comprehend their standing in the industry and determine methods to make themselves stand out from other competitors in a business landscape dominated by players such as Ace Hotels, Kimpton Hotels, Morgans Hotel Group, and The Hoxton.<\/p>\n\n\n\n<p>Wreszcie, badania rynku hoteli butikowych pomagaj\u0105 w opracowywaniu nowych us\u0142ug, docieraniu do konkretnych segment\u00f3w klient\u00f3w i wdra\u017caniu najnowocze\u015bniejszych technologii w celu ulepszenia do\u015bwiadcze\u0144 go\u015bci.<\/p>\n\n\n\n<h2 class=\"wp-block-heading\">Trendy w bran\u017cy hoteli butikowych<\/h2>\n\n\n\n<p>Poniewa\u017c podr\u00f3\u017cni poszukuj\u0105 bardziej niezapomnianych i spersonalizowanych do\u015bwiadcze\u0144, bran\u017ca hoteli butikowych szybko si\u0119 rozwija. Hotele butikowe s\u0142yn\u0105 z szykownej atmosfery, charakterystycznych projekt\u00f3w, przyjaznej obs\u0142ugi i luksusowych udogodnie\u0144 \u2013 wszystko to zosta\u0142o starannie zaprojektowane, aby zapewni\u0107 niezapomniany pobyt.<\/p>\n\n\n\n<p>Dlatego te\u017c, aby pozosta\u0107 konkurencyjnym, badania rynku hoteli butikowych nieustannie dostosowuj\u0105 si\u0119, aby spe\u0142nia\u0107 obecne pragnienia konsument\u00f3w, reagowa\u0107 na zmieniaj\u0105ce si\u0119 warunki rynkowe i wykorzystywa\u0107 zaawansowane technologie. Oto niekt\u00f3re z tych najnowszych prze\u0142omowych trend\u00f3w:<\/p>\n\n\n\n<ul class=\"wp-block-list\">\n<li><strong>Personalizacja i dostosowywanie:<\/strong> Chc\u0105c zapewni\u0107 niezwyk\u0142e, spersonalizowane do\u015bwiadczenia dostosowane do indywidualnych potrzeb i preferencji go\u015bci, bran\u017ca hoteli butikowych rozwin\u0119\u0142a si\u0119 ogromnie. Od osobistych odpraw i dostosowywanych pokoi po starannie wybrane lokalne podr\u00f3\u017ce, te hotele s\u0105 w pe\u0142ni oddane zapewnianiu swoim go\u015bciom wyj\u0105tkowych us\u0142ug przez ca\u0142y czas.<\/li>\n\n\n\n<li><strong>Lokalna immersja i autentyczne do\u015bwiadczenia:<\/strong> Go\u015bcie, kt\u00f3rzy preferuj\u0105 hotele butikowe, szukaj\u0105 niezwyk\u0142ych i autentycznych spotka\u0144, kt\u00f3re pozwol\u0105 im zanurzy\u0107 si\u0119 w lokalnej kulturze. W rezultacie bran\u017ca ta zmierza w kierunku zapewnienia odwiedzaj\u0105cym spersonalizowanych do\u015bwiadcze\u0144, takich jak degustacja regionalnych przysmak\u00f3w i napoj\u00f3w, uczestnictwo w wycieczkach kulturalnych lub zwiedzanie wystaw sztuki.<\/li>\n\n\n\n<li><strong>Zdrowie i dobre samopoczucie:<\/strong> Poniewa\u017c ludzie staj\u0105 si\u0119 coraz bardziej \u015bwiadomi swojego zdrowia i dobrego samopoczucia, bran\u017ca hoteli butikowych odpowiedzia\u0142a w podobny spos\u00f3b, oferuj\u0105c stale rosn\u0105c\u0105 gam\u0119 opcji podr\u00f3\u017cy wellness. Od zaj\u0119\u0107 jogi po zdrowe posi\u0142ki, te us\u0142ugi staj\u0105 si\u0119 coraz bardziej popularne w\u015br\u00f3d podr\u00f3\u017cnych, kt\u00f3rzy stawiaj\u0105 na zr\u00f3wnowa\u017cony styl \u017cycia poza domem.<\/li>\n<\/ul>\n\n\n\n<h2 class=\"wp-block-heading\">Badania rynku hoteli butikowych: szanse i wyzwania<\/h2>\n\n\n\n<p>Dla tych z sektora hoteli butikowych badania rynku oferuj\u0105 mn\u00f3stwo szans i przeszk\u00f3d. Niekt\u00f3re z tych g\u0142\u00f3wnych mo\u017cliwo\u015bci i wyzwa\u0144, kt\u00f3re pojawiaj\u0105 si\u0119 wraz z analiz\u0105 bran\u017cy hoteli butikowych, to:<\/p>\n\n\n\n<h3 class=\"wp-block-heading\">Mo\u017cliwo\u015bci<\/h3>\n\n\n\n<ul class=\"wp-block-list\">\n<li><strong>Okre\u015blenie grupy docelowej:<\/strong> Badania rynku hoteli butikowych s\u0105 niezb\u0119dne do okre\u015blenia grupy docelowej i dostosowania us\u0142ug oraz ofert do potrzeb klient\u00f3w.<\/li>\n\n\n\n<li><strong>Poprawa jako\u015bci obs\u0142ugi go\u015bci:<\/strong> Badania rynku hoteli butikowych daj\u0105 hotelom r\u00f3wnie\u017c szans\u0119 na zidentyfikowanie obszar\u00f3w, w kt\u00f3rych wymagaj\u0105 udoskonalenia, aby zapewni\u0107 wyj\u0105tkowe wra\u017cenia, w tym jako\u015bci us\u0142ug, udogodnie\u0144, spersonalizowanych us\u0142ug i nie tylko.<\/li>\n\n\n\n<li><strong>Developing effective <\/strong><a href=\"https:\/\/www.sisinternational.com\/pl\/rozwoj-miasta-hartford-connecticut\/\" title=\"Badania rynku w Hartford, Connecticut\"  data-wpil-monitor-id=\"1770\">marketing strategies: Boutique hotels<\/a> can capitalize on market research to craft tailored marketing campaigns that will truly speak to their target audience.<\/li>\n\n\n\n<li><strong>Ekspansja na nowe rynki:<\/strong> Delving into boutique hotel market research can reveal opportunities for hotels to develop fresh services, <a href=\"https:\/\/www.sisinternational.com\/pl\/rozwiazania\/grupy-fokusowe\/focus-groups-in-the-uk\/\" title=\"Focus Groups in the uk\"  data-wpil-monitor-id=\"1376\">focus on particular demographic groups<\/a>, and even expand into new areas.<\/li>\n<\/ul>\n\n\n\n<h3 class=\"wp-block-heading\">Wyzwania<\/h3>\n\n\n\n<ul class=\"wp-block-list\">\n<li><strong>Konkurencja ze strony alternatywnych obiekt\u00f3w noclegowych i nowych podmiot\u00f3w:<\/strong> W miar\u0119 jak na rynku pojawia si\u0119 coraz wi\u0119cej platform oferuj\u0105cych us\u0142ugi home-sharingu, wynajmu wakacyjnego i nowych podmiot\u00f3w, hotele butikowe musz\u0105 stawia\u0107 czo\u0142a coraz wi\u0119kszej konkurencji.<\/li>\n\n\n\n<li><strong>Zmienno\u015b\u0107 gospodarcza i niepewno\u015b\u0107 rynkowa:<\/strong> Zmieniaj\u0105ce si\u0119 warunki ekonomiczne i niestabilno\u015b\u0107 rynku mog\u0105 znacz\u0105co ograniczy\u0107 popyt i dochody bran\u017cy hoteli butikowych.<\/li>\n\n\n\n<li><strong>Utrzymanie zr\u00f3\u017cnicowania i reputacji marki:<\/strong> Wraz ze wzrostem liczby hoteli butikowych wyr\u00f3\u017cnienie si\u0119 w\u015br\u00f3d konkurencji i utrzymanie dobrej reputacji mo\u017ce by\u0107 trudne. Dlatego hotele butikowe musz\u0105 by\u0107 na bie\u017c\u0105co i utrzymywa\u0107 dobrze zdefiniowan\u0105 propozycj\u0119 warto\u015bci oraz mark\u0119, kt\u00f3ra rezonuje z ich grup\u0105 docelow\u0105.<\/li>\n<\/ul>\n\n\n\n<h2 class=\"wp-block-heading\">Perspektywy i prognozy na przysz\u0142o\u015b\u0107 dla bran\u017cy hoteli butikowych<\/h2>\n\n\n\n<p>Nap\u0119dzana badaniami rynku hoteli butikowych i zmieniaj\u0105cymi si\u0119 preferencjami konsument\u00f3w, bran\u017ca hoteli butikowych jest gotowa do\u015bwiadczy\u0107 niezwyk\u0142ego wzrostu w nadchodz\u0105cych latach. Oto rzut oka na to, czego firmy mog\u0105 oczekiwa\u0107 od tego rozwijaj\u0105cego si\u0119 sektora:<\/p>\n\n\n\n<ul class=\"wp-block-list\">\n<li><strong>Dalszy wzrost:<\/strong> Bran\u017ca hoteli butikowych jest przygotowana na dalszy wzrost, szczeg\u00f3lnie w regionie Azji i Pacyfiku oraz na Bliskim Wschodzie. Dzi\u0119ki rosn\u0105cemu dochodowi rozporz\u0105dzalnemu, zwi\u0119kszonemu apetytowi na do\u015bwiadczenia podr\u00f3\u017cnicze i zami\u0142owaniu do wyj\u0105tkowych, szytych na miar\u0119 pobyt\u00f3w wakacyjnych, sektor ten prawdopodobnie b\u0119dzie prze\u017cywa\u0142 rozkwit w niedalekiej przysz\u0142o\u015bci.<\/li>\n\n\n\n<li><strong>Integracja zr\u00f3wnowa\u017conego rozwoju:<\/strong> Konsumenci s\u0105 coraz bardziej \u015bwiadomi kwestii zr\u00f3wnowa\u017conego rozwoju, co oznacza, \u017ce hotele butikowe musz\u0105 nadal stosowa\u0107 zr\u00f3wnowa\u017cone praktyki, takie jak stosowanie materia\u0142\u00f3w przyjaznych dla \u015brodowiska i ograniczanie zu\u017cycia energii.<\/li>\n\n\n\n<li><strong>Dostosowane do\u015bwiadczenia:<\/strong> Go\u015bcie hoteli butikowych poszukuj\u0105 ekskluzywnych i dostosowanych do\u015bwiadcze\u0144, kt\u00f3re odpowiadaj\u0105 ich dok\u0142adnym potrzebom. Oczekuje si\u0119, \u017ce bran\u017ca hoteli butikowych wykorzysta dane i technologi\u0119, aby zapewni\u0107 jeszcze bardziej spersonalizowane us\u0142ugi i oferty.<\/li>\n\n\n\n<li><strong>Rozw\u00f3j podr\u00f3\u017cy do\u015bwiadczalnych:<\/strong> Przewiduje si\u0119, \u017ce popularno\u015b\u0107 podr\u00f3\u017cy opartych na prze\u017cyciach b\u0119dzie si\u0119 utrzymywa\u0107, a hotele butikowe b\u0119d\u0105 zapewnia\u0107 wyj\u0105tkowe lokalne spotkania, eksploracj\u0119 kultury i niezwyk\u0142e zaj\u0119cia.<\/li>\n<\/ul>\n\n\n\n<p>SIS International oferuje badania ilo\u015bciowe, jako\u015bciowe i strategiczne. Dostarczamy dane, narz\u0119dzia, strategie, raporty i spostrze\u017cenia do podejmowania decyzji. Przeprowadzamy wywiady, ankiety, grupy fokusowe i wiele innych metod i podej\u015b\u0107 bada\u0144 rynku. Skontaktuj si\u0119 z nami w sprawie swojego kolejnego projektu bada\u0144 rynku.<\/p>","protected":false},"excerpt":{"rendered":"<p>Badania rynku hoteli butikowych pomagaj\u0105 firmom zdoby\u0107 przewag\u0119 poprzez analiz\u0119 preferencji konsument\u00f3w, analiz\u0119 konkurencji i pojawiaj\u0105cych si\u0119 trend\u00f3w.<\/p>","protected":false},"author":1,"featured_media":63514,"parent":14514,"menu_order":233,"comment_status":"closed","ping_status":"closed","template":"","meta":{"footnotes":""},"class_list":["post-42278","page","type-page","status-publish","has-post-thumbnail"],"_links":{"self":[{"href":"https:\/\/www.sisinternational.com\/pl\/wp-json\/wp\/v2\/pages\/42278","targetHints":{"allow":["GET"]}}],"collection":[{"href":"https:\/\/www.sisinternational.com\/pl\/wp-json\/wp\/v2\/pages"}],"about":[{"href":"https:\/\/www.sisinternational.com\/pl\/wp-json\/wp\/v2\/types\/page"}],"author":[{"embeddable":true,"href":"https:\/\/www.sisinternational.com\/pl\/wp-json\/wp\/v2\/users\/1"}],"replies":[{"embeddable":true,"href":"https:\/\/www.sisinternational.com\/pl\/wp-json\/wp\/v2\/comments?post=42278"}],"version-history":[{"count":10,"href":"https:\/\/www.sisinternational.com\/pl\/wp-json\/wp\/v2\/pages\/42278\/revisions"}],"predecessor-version":[{"id":80766,"href":"https:\/\/www.sisinternational.com\/pl\/wp-json\/wp\/v2\/pages\/42278\/revisions\/80766"}],"up":[{"embeddable":true,"href":"https:\/\/www.sisinternational.com\/pl\/wp-json\/wp\/v2\/pages\/14514"}],"wp:featuredmedia":[{"embeddable":true,"href":"https:\/\/www.sisinternational.com\/pl\/wp-json\/wp\/v2\/media\/63514"}],"wp:attachment":[{"href":"https:\/\/www.sisinternational.com\/pl\/wp-json\/wp\/v2\/media?parent=42278"}],"curies":[{"name":"wp","href":"https:\/\/api.w.org\/{rel}","templated":true}]}}