{"id":41915,"date":"2023-03-18T22:53:00","date_gmt":"2023-03-19T02:53:00","guid":{"rendered":"https:\/\/www.sisinternational.com\/?page_id=41915"},"modified":"2025-10-20T23:43:35","modified_gmt":"2025-10-21T03:43:35","slug":"badania-rynku-spedycji-i-logistyki","status":"publish","type":"page","link":"https:\/\/www.sisinternational.com\/pl\/ekspertyza\/badania-rynku-spedycji-i-logistyki\/","title":{"rendered":"Badania rynku spedycji i logistyki"},"content":{"rendered":"<h1 class=\"wp-block-heading\">Badania rynku spedycji i logistyki<\/h1>\n\n\n\n<figure class=\"gb-block-image gb-block-image-d6a35eda\"><img loading=\"lazy\" decoding=\"async\" width=\"1456\" height=\"816\" class=\"gb-image gb-image-d6a35eda\" src=\"https:\/\/www.sisinternational.com\/wp-content\/uploads\/2025\/08\/Dropshipping-1.jpg\" alt=\"SIS Mi\u0119dzynarodowe badania rynku i strategia\" title=\"Dropshipping (1)\" srcset=\"https:\/\/www.sisinternational.com\/wp-content\/uploads\/2025\/08\/Dropshipping-1.jpg 1456w, https:\/\/www.sisinternational.com\/wp-content\/uploads\/2025\/08\/Dropshipping-1-300x168.jpg 300w, https:\/\/www.sisinternational.com\/wp-content\/uploads\/2025\/08\/Dropshipping-1-1024x574.jpg 1024w, https:\/\/www.sisinternational.com\/wp-content\/uploads\/2025\/08\/Dropshipping-1-768x430.jpg 768w, https:\/\/www.sisinternational.com\/wp-content\/uploads\/2025\/08\/Dropshipping-1-18x10.jpg 18w\" sizes=\"auto, (max-width: 1456px) 100vw, 1456px\"><\/figure>\n\n\n\n<p><\/p>\n\n\n\n<p>Dzi\u0119ki przeprowadzeniu kompleksowych bada\u0144 rynku w bran\u017cy spedycji i logistyki przedsi\u0119biorstwa zyskuj\u0105 nieocenion\u0105 wiedz\u0119 na temat najwa\u017cniejszych trend\u00f3w, strategii konkurencyjnych, potencja\u0142u rozwoju oraz przeszk\u00f3d.<\/p>\n\n\n\n<p>Tego typu badania rynku s\u0105 niezb\u0119dne dla ka\u017cdej firmy dzia\u0142aj\u0105cej w tej bran\u017cy, poniewa\u017c pozwalaj\u0105 podejmowa\u0107 \u015bwiadome decyzje dotycz\u0105ce prowadzonej dzia\u0142alno\u015bci i zapobiega\u0107 potencjalnym ryzykom w wysoce konkurencyjnym sektorze.<\/p>\n\n\n\n<h2 class=\"wp-block-heading\">Znaczenie bada\u0144 rynku spedycji i logistyki<\/h2>\n\n\n\n<p>Shipping and logistics market research is a vital tool for businesses within this industry because it allows them to obtain in-depth data that assist decision-makers. Here are a few reasons why shipping and <a href=\"https:\/\/www.sisinternational.com\/pl\/ekspertyza\/branze\/third-party-logistics-market-research\/\" title=\"Badania rynku logistyki zewn\u0119trznej\"  data-wpil-monitor-id=\"4761\">logistics market research<\/a> is so important:<\/p>\n\n\n\n<ul class=\"wp-block-list\">\n<li>Through exhaustive <a href=\"https:\/\/www.sisinternational.com\/pl\/ekspertyza\/branze\/freight-market-research\/\" title=\"Badania rynku frachtowego \u2014 spedycja i wysy\u0142ka\"  data-wpil-monitor-id=\"6484\">badania rynku spedycji i logistyki<\/a>, businesses can correct the course of their operations and strategies by recognizing shifts in customer needs, technology breakthroughs, and fluctuations in demand. Being aware of these changes gives an organization a competitive edge that will subsequently result in higher returns.<\/li>\n\n\n\n<li>Badania rynku spedycji i logistyki mog\u0105 da\u0107 firmom przewag\u0119 poprzez okre\u015blenie mocnych i s\u0142abych stron konkurencji oraz udzia\u0142u w rynku. Informacje te s\u0105 niezb\u0119dne do zaprojektowania skutecznych plan\u00f3w marketingowych, kt\u00f3re pomog\u0105 globalnym firmom uzyska\u0107 przewag\u0119 zmieniaj\u0105c\u0105 zasady gry.<\/li>\n\n\n\n<li>Badania rynku ujawniaj\u0105 firmy z obszarami o wysokim potencjale wzrostu, takimi jak \u015bwie\u017ce rynki, prze\u0142omowe technologie i innowacyjne us\u0142ugi. Dane te mog\u0105 pom\u00f3c firmom rozwija\u0107 swoje operacje, a jednocze\u015bnie zwi\u0119ksza\u0107 strumienie przychod\u00f3w.<\/li>\n\n\n\n<li>Badania rynku spedycji i logistyki pomagaj\u0105 firmom rozpoznawa\u0107 potencjalne zagro\u017cenia i problemy, takie jak zmiany w przepisach, kryzysy gospodarcze i zak\u0142\u00f3cenia w \u0142a\u0144cuchu dostaw. Informacje te daj\u0105 firmom mo\u017cliwo\u015b\u0107 tworzenia plan\u00f3w awaryjnych i zabezpieczania si\u0119 przed zagro\u017ceniami.<\/li>\n<\/ul>\n\n\n\n<h2 class=\"wp-block-heading\">Najlepsze praktyki prowadzenia bada\u0144 rynku spedycji i logistyki<\/h2>\n\n\n\n<figure class=\"gb-block-image gb-block-image-84ccc661\"><img loading=\"lazy\" decoding=\"async\" width=\"1456\" height=\"816\" class=\"gb-image gb-image-84ccc661\" src=\"https:\/\/www.sisinternational.com\/wp-content\/uploads\/2025\/08\/Dropshipping-3.jpg\" alt=\"SIS Mi\u0119dzynarodowe badania rynku i strategia\" title=\"Dropshipping (3)\" srcset=\"https:\/\/www.sisinternational.com\/wp-content\/uploads\/2025\/08\/Dropshipping-3.jpg 1456w, https:\/\/www.sisinternational.com\/wp-content\/uploads\/2025\/08\/Dropshipping-3-300x168.jpg 300w, https:\/\/www.sisinternational.com\/wp-content\/uploads\/2025\/08\/Dropshipping-3-1024x574.jpg 1024w, https:\/\/www.sisinternational.com\/wp-content\/uploads\/2025\/08\/Dropshipping-3-768x430.jpg 768w, https:\/\/www.sisinternational.com\/wp-content\/uploads\/2025\/08\/Dropshipping-3-18x10.jpg 18w\" sizes=\"auto, (max-width: 1456px) 100vw, 1456px\"><\/figure>\n\n\n\n<ul class=\"wp-block-list\">\n<li>Aby uzyska\u0107 dog\u0142\u0119bne zrozumienie rynku spedycji i logistyki, wskazane jest rozwa\u017cenie wielu metod badawczych, takich jak ankiety, grupy fokusowe i wywiady. \u0141\u0105cz\u0105c r\u00f3\u017cne podej\u015bcia w procesie badawczym, firmy mog\u0105 uzyska\u0107 ja\u015bniejszy obraz tego, co dzieje si\u0119 w bran\u017cy.<\/li>\n\n\n\n<li>Zrozumienie og\u00f3lno\u015bwiatowych wzorc\u00f3w i regulacji jest konieczne, aby zagwarantowa\u0107 powodzenie projektu badawczego w tej przestrzeni. \u015aledzenie mi\u0119dzynarodowych trend\u00f3w mo\u017ce nawet zawiera\u0107 istotne spostrze\u017cenia, kt\u00f3re s\u0105 krytyczne dla sukcesu w \u017cegludze lub logistyce.<\/li>\n\n\n\n<li>Dzi\u0119ki wsp\u00f3\u0142pracy z profesjonalistami z bran\u017cy spedycji i logistyki firmy mog\u0105 wykorzysta\u0107 ich wiedz\u0119 i do\u015bwiadczenie, aby zagwarantowa\u0107, \u017ce badania b\u0119d\u0105 zar\u00f3wno istotne, jak i dok\u0142adne.<\/li>\n\n\n\n<li>Sektor transportu i logistyki nieustannie si\u0119 zmienia, a najnowocze\u015bniejsze technologie maj\u0105 na niego ogromny wp\u0142yw. \u015aledzenie tych post\u0119p\u00f3w mo\u017ce pom\u00f3c organizacjom znale\u017a\u0107 innowacyjne mo\u017cliwo\u015bci, a tak\u017ce potencjalne zagro\u017cenia.<\/li>\n\n\n\n<li>Wykorzystuj\u0105c narz\u0119dzia wizualizacji danych, z\u0142o\u017cone informacje mog\u0105 by\u0107 skutecznie prezentowane i \u0142atwiej zrozumia\u0142e. Mo\u017ce to okaza\u0107 si\u0119 nieocenione podczas omawiania wynik\u00f3w bada\u0144 z interesariuszami.<\/li>\n<\/ul>\n\n\n\n<h2 class=\"wp-block-heading\">Trendy rynkowe w badaniach rynku spedycji i logistyki<\/h2>\n\n\n\n<p>Badania rynku spedycji i logistyki ujawniaj\u0105 kilka trend\u00f3w, kt\u00f3re na nowo definiuj\u0105 ten sektor. Oto kilka z jego najwa\u017cniejszych trend\u00f3w:<\/p>\n\n\n\n<ul class=\"wp-block-list\">\n<li>Ogromny wzrost handlu elektronicznego spowodowa\u0142 nadzwyczajne zapotrzebowanie na us\u0142ugi wysy\u0142kowe i logistyczne, aby sprosta\u0107 potrzebom konsument\u00f3w. Zgodnie z obecnymi trendami rynkowymi konsumenci oczekuj\u0105 szybkiej dostawy zakup\u00f3w online. Aby sprosta\u0107 temu wzrostowi popytu, firmy kurierskie po\u015bwi\u0119caj\u0105 wysi\u0142ki na inwestowanie w post\u0119p technologiczny, a tak\u017ce rozw\u00f3j infrastruktury.<\/li>\n\n\n\n<li>Coraz wi\u0119kszy nacisk k\u0142adzie si\u0119 na zr\u00f3wnowa\u017cony rozw\u00f3j, poniewa\u017c klienci i regulatorzy coraz bardziej inwestuj\u0105 w redukcj\u0119 wp\u0142ywu transportu na \u015brodowisko. Aby sprosta\u0107 temu zapotrzebowaniu, firmy logistyczne wprowadzi\u0142y innowacje, wykorzystuj\u0105c paliwa alternatywne i zmniejszaj\u0105c emisje.<\/li>\n\n\n\n<li>Integruj\u0105c technologi\u0119, firmy spedycyjne i logistyczne nie tylko zwi\u0119kszaj\u0105 poziom swojej wydajno\u015bci, ale tak\u017ce obni\u017caj\u0105 koszty. Analityka danych jest obecnie wykorzystywana do optymalizacji \u0142a\u0144cuch\u00f3w dostaw, podczas gdy automatyzacja usprawnia operacje.<\/li>\n\n\n\n<li>Firmy coraz cz\u0119\u015bciej zwracaj\u0105 si\u0119 do zewn\u0119trznych dostawc\u00f3w us\u0142ug logistycznych, aby obni\u017cy\u0107 koszty i zwi\u0119kszy\u0107 wydajno\u015b\u0107. Badania rynku potwierdzaj\u0105, \u017ce jest to rosn\u0105cy trend w \u015bwiecie biznesu.<\/li>\n\n\n\n<li>Firmy z bran\u017cy spedycyjnej i logistycznej rozumiej\u0105, \u017ce do\u015bwiadczenie klienta jest kluczowe dla sukcesu. Dlatego te\u017c inwestuj\u0105 du\u017co w dostarczanie \u015bledzenia przesy\u0142ek w czasie rzeczywistym, niestandardowych opcji dostawy i specjalistycznych us\u0142ug dostosowanych do indywidualnych potrzeb klient\u00f3w.<\/li>\n<\/ul>\n\n\n\n<h2 class=\"wp-block-heading\">Krajobraz konkurencyjny w bran\u017cy spedycji i logistyki<\/h2>\n\n\n\n<p>Transport i logistyka to bardzo konkurencyjny rynek, na kt\u00f3rym niezliczona liczba konkurent\u00f3w walczy o uwag\u0119 konsument\u00f3w. Do najbardziej prominentnych graczy w tej dochodowej bran\u017cy nale\u017c\u0105:<\/p>\n\n\n\n<ul class=\"wp-block-list\">\n<li><strong>DHL<\/strong> oferuje kompleksowe rozwi\u0105zania, w tym transport lotniczy i morski \u0142adunk\u00f3w, us\u0142ugi magazynowe i dystrybucj\u0119. Dzi\u0119ki swojej silnej obecno\u015bci w tej bran\u017cy DHL umo\u017cliwia firmom dostarczanie swoich produkt\u00f3w na ca\u0142ym \u015bwiecie z pewno\u015bci\u0105 siebie.<\/li>\n\n\n\n<li><strong>FedEx<\/strong> jest mi\u0119dzynarodow\u0105 firm\u0105 kuriersk\u0105 \u015bwiadcz\u0105c\u0105 us\u0142ugi dostawcze, kt\u00f3ra zapewnia pe\u0142en zestaw rozwi\u0105za\u0144 wysy\u0142kowych i logistycznych w 220 krajach na ca\u0142ym \u015bwiecie. Od ekspresowej poczty po spedycj\u0119, mo\u017cliwo\u015bci FedEx s\u0105 nieograniczone.<\/li>\n\n\n\n<li><strong>UPS<\/strong> jest znan\u0105 na ca\u0142ym \u015bwiecie firm\u0105 zajmuj\u0105c\u0105 si\u0119 dostaw\u0105 przesy\u0142ek i zarz\u0105dzaniem \u0142a\u0144cuchem dostaw, oferuj\u0105c\u0105 szeroki wachlarz us\u0142ug: od rozwi\u0105za\u0144 dla du\u017cych przedsi\u0119biorstw po obs\u0142ug\u0119 klienta na ma\u0142\u0105 skal\u0119.<\/li>\n\n\n\n<li><strong>Maersk<\/strong> jest du\u0144sk\u0105 firm\u0105 \u017ceglugow\u0105 oferuj\u0105c\u0105 us\u0142ugi transportu kontenerowego i zarz\u0105dzania \u0142a\u0144cuchem dostaw. Stworzy\u0142a ona rozleg\u0142\u0105 sie\u0107 o zasi\u0119gu globalnym.<\/li>\n<\/ul>\n\n\n\n<h2 class=\"wp-block-heading\">Szanse i wyzwania w bran\u017cy spedycyjno-logistycznej<\/h2>\n\n\n\n<figure class=\"gb-block-image gb-block-image-4ceea4dd\"><img loading=\"lazy\" decoding=\"async\" width=\"1456\" height=\"816\" class=\"gb-image gb-image-4ceea4dd\" src=\"https:\/\/www.sisinternational.com\/wp-content\/uploads\/2025\/08\/Dropshipping-2.jpg\" alt=\"SIS Mi\u0119dzynarodowe badania rynku i strategia\" title=\"Dropshipping (2)\" srcset=\"https:\/\/www.sisinternational.com\/wp-content\/uploads\/2025\/08\/Dropshipping-2.jpg 1456w, https:\/\/www.sisinternational.com\/wp-content\/uploads\/2025\/08\/Dropshipping-2-300x168.jpg 300w, https:\/\/www.sisinternational.com\/wp-content\/uploads\/2025\/08\/Dropshipping-2-1024x574.jpg 1024w, https:\/\/www.sisinternational.com\/wp-content\/uploads\/2025\/08\/Dropshipping-2-768x430.jpg 768w, https:\/\/www.sisinternational.com\/wp-content\/uploads\/2025\/08\/Dropshipping-2-18x10.jpg 18w\" sizes=\"auto, (max-width: 1456px) 100vw, 1456px\"><\/figure>\n\n\n\n<p><\/p>\n\n\n\n<p>Badania rynku spedycji i logistyki pokazuj\u0105 szereg trend\u00f3w, kt\u00f3re obecnie u\u0142atwiaj\u0105 lub komplikuj\u0105 dzia\u0142alno\u015b\u0107 firm w tym sektorze. Niekt\u00f3re z najwa\u017cniejszych mo\u017cliwo\u015bci i wyzwa\u0144 s\u0105 nast\u0119puj\u0105ce:<\/p>\n\n\n\n<h3 class=\"wp-block-heading\">Mo\u017cliwo\u015bci<\/h3>\n\n\n\n<ul class=\"wp-block-list\">\n<li>Podczas gdy \u015bwiat poszukuje rozwi\u0105za\u0144 na zmiany klimatyczne, inwestowanie w przyjazne dla \u015brodowiska praktyki transportowe i logistyczne staje si\u0119 coraz wa\u017cniejsze. Firmy, kt\u00f3re wybior\u0105 pojazdy niskoemisyjne lub odnawialne \u017ar\u00f3d\u0142a energii, zyskaj\u0105 przewag\u0119 nad konkurentami, co stworzy siln\u0105 szans\u0119 na wzrost w tym sektorze.<\/li>\n\n\n\n<li><a href=\"https:\/\/www.sisinternational.com\/pl\/rozwiazania\/badania-rynku-i-doradztwo-strategiczne-w-zakresie-sztucznej-inteligencji\/shipping-logistics-automation-ai-consulting\/\" title=\"Shipping and Logistics Automation and AI Consulting\"  data-wpil-monitor-id=\"4377\">Shipping and logistics market research<\/a> reveal that companies that leverage automation, AI, and analytics can reduce operational costs while increasing productivity. By investing in these technological advancements, businesses will be well-prepared to compete in this industry.<\/li>\n\n\n\n<li>Wraz ze gwa\u0142townie rosn\u0105cym popytem na e-commerce, firmy specjalizuj\u0105ce si\u0119 w wysy\u0142ce tego samego dnia maj\u0105 doskona\u0142\u0105 okazj\u0119, aby to wykorzysta\u0107. Ponadto firmy, kt\u00f3re s\u0105 cz\u0119\u015bci\u0105 bran\u017cy e-commerce, mog\u0105 inwestowa\u0107 we w\u0142asn\u0105 sie\u0107 logistyczn\u0105, aby uzyska\u0107 wi\u0119ksz\u0105 kontrol\u0119 nad procesem \u0142a\u0144cucha dostaw.<\/li>\n\n\n\n<li>Firmy, kt\u00f3re inwestuj\u0105 teraz na rynkach wschodz\u0105cych, b\u0119d\u0105 w doskona\u0142ej sytuacji, aby nagradza\u0107 d\u0142ugoterminowy wzrost. Wynika to ze wzrastaj\u0105cego popytu na towary i us\u0142ugi ze strony gospodarek rozwijaj\u0105cych si\u0119.<\/li>\n\n\n\n<li>Satysfakcja klienta szybko ro\u015bnie jako najwy\u017cszy priorytet w transporcie i logistyce. Klienci wymagaj\u0105 pe\u0142nej widoczno\u015bci swoich przesy\u0142ek, ze szczeg\u00f3lnym uwzgl\u0119dnieniem niezawodno\u015bci. Firmy, kt\u00f3re zapewniaj\u0105 klientom pierwszorz\u0119dne do\u015bwiadczenie, b\u0119d\u0105 mog\u0142y si\u0119 wyr\u00f3\u017cni\u0107, a jednocze\u015bnie stworzy\u0107 lojaln\u0105 baz\u0119 klient\u00f3w.<\/li>\n<\/ul>\n\n\n\n<h3 class=\"wp-block-heading\">Wyzwania<\/h3>\n\n\n\n<ul class=\"wp-block-list\">\n<li>W tej bran\u017cy istnieje wiele przepis\u00f3w, a firmy musz\u0105 je spe\u0142nia\u0107. Niedostosowanie si\u0119 do tych przepis\u00f3w mo\u017ce skutkowa\u0107 kosztownymi grzywnami, przed\u0142u\u017conymi op\u00f3\u017anieniami i utrat\u0105 mo\u017cliwo\u015bci biznesowych.<\/li>\n\n\n\n<li>Aktualizacja i pozyskiwanie nowych technologii, aby wyprzedzi\u0107 konkurencj\u0119, mo\u017ce by\u0107 kosztowne. Oznacza to wykorzystanie zaawansowanych system\u00f3w zarz\u0105dzania transportem, optymalizacj\u0119 proces\u00f3w automatyzacji magazyn\u00f3w i wykorzystanie analiz opartych na danych.<\/li>\n\n\n\n<li>S\u0142aba infrastruktura i ograniczenia przepustowo\u015bci mog\u0105 powa\u017cnie utrudnia\u0107 dzia\u0142alno\u015b\u0107 bran\u017cy spedycyjnej i logistycznej. Przestarza\u0142e lub nieodpowiednie porty, drogi i inne obiekty transportowe cz\u0119sto powoduj\u0105 dodatkowe op\u0142aty dla klient\u00f3w, a tak\u017ce op\u00f3\u017anienia w dostawach.<\/li>\n\n\n\n<li>Badania rynku spedycji i logistyki ujawniaj\u0105, \u017ce przepisy dotycz\u0105ce ochrony \u015brodowiska staj\u0105 si\u0119 coraz bardziej rygorystyczne, a firmy z bran\u017cy spedycji i logistyki musz\u0105 si\u0119 upewni\u0107, \u017ce je przestrzegaj\u0105. Obejmuje to stosowanie czystszych paliw, inwestowanie w energooszcz\u0119dne technologie i redukcj\u0119 odpad\u00f3w.<\/li>\n<\/ul>\n\n\n\n<p>SIS International oferuje badania ilo\u015bciowe, jako\u015bciowe i strategiczne. Dostarczamy dane, narz\u0119dzia, strategie, raporty i spostrze\u017cenia do podejmowania decyzji. Przeprowadzamy wywiady, ankiety, grupy fokusowe i wiele innych metod i podej\u015b\u0107 bada\u0144 rynku. Skontaktuj si\u0119 z nami w sprawie swojego kolejnego projektu bada\u0144 rynku.<\/p>","protected":false},"excerpt":{"rendered":"<p>Badania rynku transportu i logistyki dostarczaj\u0105 informacji na temat najwa\u017cniejszych trend\u00f3w, strategii konkurencyjnych, potencja\u0142u rozwojowego i przeszk\u00f3d.<\/p>","protected":false},"author":1,"featured_media":64793,"parent":14514,"menu_order":225,"comment_status":"closed","ping_status":"closed","template":"","meta":{"footnotes":""},"class_list":["post-41915","page","type-page","status-publish","has-post-thumbnail"],"_links":{"self":[{"href":"https:\/\/www.sisinternational.com\/pl\/wp-json\/wp\/v2\/pages\/41915","targetHints":{"allow":["GET"]}}],"collection":[{"href":"https:\/\/www.sisinternational.com\/pl\/wp-json\/wp\/v2\/pages"}],"about":[{"href":"https:\/\/www.sisinternational.com\/pl\/wp-json\/wp\/v2\/types\/page"}],"author":[{"embeddable":true,"href":"https:\/\/www.sisinternational.com\/pl\/wp-json\/wp\/v2\/users\/1"}],"replies":[{"embeddable":true,"href":"https:\/\/www.sisinternational.com\/pl\/wp-json\/wp\/v2\/comments?post=41915"}],"version-history":[{"count":6,"href":"https:\/\/www.sisinternational.com\/pl\/wp-json\/wp\/v2\/pages\/41915\/revisions"}],"predecessor-version":[{"id":80067,"href":"https:\/\/www.sisinternational.com\/pl\/wp-json\/wp\/v2\/pages\/41915\/revisions\/80067"}],"up":[{"embeddable":true,"href":"https:\/\/www.sisinternational.com\/pl\/wp-json\/wp\/v2\/pages\/14514"}],"wp:featuredmedia":[{"embeddable":true,"href":"https:\/\/www.sisinternational.com\/pl\/wp-json\/wp\/v2\/media\/64793"}],"wp:attachment":[{"href":"https:\/\/www.sisinternational.com\/pl\/wp-json\/wp\/v2\/media?parent=41915"}],"curies":[{"name":"wp","href":"https:\/\/api.w.org\/{rel}","templated":true}]}}