{"id":41859,"date":"2023-03-18T14:59:44","date_gmt":"2023-03-18T18:59:44","guid":{"rendered":"https:\/\/www.sisinternational.com\/?page_id=41859"},"modified":"2026-01-24T21:16:21","modified_gmt":"2026-01-25T02:16:21","slug":"badania-rynku-pokazow-testowych-filmow","status":"publish","type":"page","link":"https:\/\/www.sisinternational.com\/pl\/ekspertyza\/badania-rynku-pokazow-testowych-filmow\/","title":{"rendered":"Badania rynku pokaz\u00f3w testowych film\u00f3w"},"content":{"rendered":"<h1 class=\"wp-block-heading\">Badania rynku pokaz\u00f3w testowych film\u00f3w<\/h1>\n\n\n\n<figure class=\"gb-block-image gb-block-image-144c4ca7\"><img loading=\"lazy\" decoding=\"async\" width=\"1456\" height=\"816\" class=\"gb-image gb-image-144c4ca7\" src=\"https:\/\/www.sisinternational.com\/wp-content\/uploads\/2025\/08\/Movie-cinema-3.jpg\" alt=\"SIS Mi\u0119dzynarodowe badania rynku i strategia\" title=\"Movie cinema (3)\" srcset=\"https:\/\/www.sisinternational.com\/wp-content\/uploads\/2025\/08\/Movie-cinema-3.jpg 1456w, https:\/\/www.sisinternational.com\/wp-content\/uploads\/2025\/08\/Movie-cinema-3-300x168.jpg 300w, https:\/\/www.sisinternational.com\/wp-content\/uploads\/2025\/08\/Movie-cinema-3-1024x574.jpg 1024w, https:\/\/www.sisinternational.com\/wp-content\/uploads\/2025\/08\/Movie-cinema-3-768x430.jpg 768w, https:\/\/www.sisinternational.com\/wp-content\/uploads\/2025\/08\/Movie-cinema-3-18x10.jpg 18w\" sizes=\"auto, (max-width: 1456px) 100vw, 1456px\"><\/figure>\n\n\n\n<p><\/p>\n\n\n\n<h2 class=\"wp-block-heading\">Czym jest pokaz testowy filmu?<\/h2>\n\n\n\n<p>A Movie Test Screening is a film preview. Studios host Test Screenings before the film\u2019s general release to gauge audience reaction. Researchers select the preview audience from a cross-section of the population. They ask these viewers to provide feedback in some form, usually in a questionnaire. <a href=\"https:\/\/www.sisinternational.com\/pl\/product-testing-that-turns-ideas-into-market-ready-success\/\" title=\"Product Testing That Turns Ideas into Market-Ready Success\"  data-wpil-monitor-id=\"9994\">Test Screenings are always a good idea<\/a>. The movie\u2019s backers and distributors need this data to see how they can maximize returns. But, few directors take solace in the brutal feedback a group of strangers may give their baby.<\/p>\n\n\n\n<p>The idea of a Movie Test Screening is to get some fresh eyeballs on the project. Screenings ask for input from a select group. This group does not have an emotional attachment to the project. Moreover, it\u2019s a way for creators and financiers to see what\u2019s working and what\u2019s not. It can be tempting to brief your audience with some context, but it\u2019s best to let them develop their perception. There\u2019s another <a href=\"https:\/\/www.sisinternational.com\/pl\/rozwiazania\/rozwiazania-w-zakresie-badan-jakosciowych-i-ilosciowych\/testy-centralnych-lokalizacji-w-nowym-jorku\/\" title=\"Testy w Centralnych Lokalizacjach w Nowym Jorku: Korzy\u015bci dla Test\u00f3w Produkt\u00f3w\"  data-wpil-monitor-id=\"9992\">benefit to watching the Movie Test<\/a> Screening with your audience. You somehow view it through their eyes when you\u2019re with them. You absorb their energy and can now sense when something is off.<\/p>\n\n\n\n<h2 class=\"wp-block-heading\">Dlaczego pokazy pr\u00f3bne film\u00f3w s\u0105 wa\u017cne?<\/h2>\n\n\n\n<figure class=\"gb-block-image gb-block-image-ced1c402\"><img loading=\"lazy\" decoding=\"async\" width=\"1456\" height=\"816\" class=\"gb-image gb-image-ced1c402\" src=\"https:\/\/www.sisinternational.com\/wp-content\/uploads\/2025\/08\/Movie-cinema-5.jpg\" alt=\"SIS Mi\u0119dzynarodowe badania rynku i strategia\" title=\"Movie cinema (5)\" srcset=\"https:\/\/www.sisinternational.com\/wp-content\/uploads\/2025\/08\/Movie-cinema-5.jpg 1456w, https:\/\/www.sisinternational.com\/wp-content\/uploads\/2025\/08\/Movie-cinema-5-300x168.jpg 300w, https:\/\/www.sisinternational.com\/wp-content\/uploads\/2025\/08\/Movie-cinema-5-1024x574.jpg 1024w, https:\/\/www.sisinternational.com\/wp-content\/uploads\/2025\/08\/Movie-cinema-5-768x430.jpg 768w, https:\/\/www.sisinternational.com\/wp-content\/uploads\/2025\/08\/Movie-cinema-5-18x10.jpg 18w\" sizes=\"auto, (max-width: 1456px) 100vw, 1456px\"><\/figure>\n\n\n\n<p><\/p>\n\n\n\n<p>Pokazy testowe to \u015bwietny spos\u00f3b, aby zobaczy\u0107, co widzowie my\u015bl\u0105 o Twoim filmie. Pomagaj\u0105 filmowcom zrozumie\u0107, kim s\u0105 pierwsi u\u017cytkownicy ich filmu. W ten spos\u00f3b mog\u0105 podejmowa\u0107 lepsze decyzje dotycz\u0105ce jego wydania. To dobre \u017ar\u00f3d\u0142o, aby uzyska\u0107 pewne poj\u0119cie o reakcji widz\u00f3w na wersj\u0119 robocz\u0105. Filmowiec mo\u017ce wykorzysta\u0107 opinie z pokazu testowego, aby zmieni\u0107 film przed dat\u0105 premiery.<\/p>\n\n\n\n<p>Pokazy testowe film\u00f3w mog\u0105 powiedzie\u0107 Ci, czy Twoja komedia jest zabawna, czy Tw\u00f3j horror jest straszny. Pomo\u017ce to Tobie, Twojemu producentowi i Twojemu studiu. B\u0119dziesz w stanie zdecydowa\u0107, jak sprawi\u0107, by film spodoba\u0142 si\u0119 jak najwi\u0119kszej liczbie widz\u00f3w. Bez pokaz\u00f3w testowych obszary problemowe w Twoim filmie nie zostan\u0105 sprawdzone. Ale wybieraj publiczno\u015b\u0107 ostro\u017cnie. Z\u0142e pokazy testowe oznaczaj\u0105, \u017ce obszary problemowe mog\u0105 pozosta\u0107 niekwestionowane. Albo, co gorsza, Twoja praca mo\u017ce zosta\u0107 rozdarta na strz\u0119py przez osoby, kt\u00f3re nie s\u0105 najlepszymi s\u0119dziami kina.<\/p>\n\n\n\n<h2 class=\"wp-block-heading\">Dlaczego studia filmowe potrzebuj\u0105 pokaz\u00f3w testowych<\/h2>\n\n\n\n<figure class=\"gb-block-image gb-block-image-9c7a79a3\"><img loading=\"lazy\" decoding=\"async\" width=\"1456\" height=\"816\" class=\"gb-image gb-image-9c7a79a3\" src=\"https:\/\/www.sisinternational.com\/wp-content\/uploads\/2025\/08\/Movie-cinema-6.jpg\" alt=\"SIS Mi\u0119dzynarodowe badania rynku i strategia\" title=\"Movie cinema (6)\" srcset=\"https:\/\/www.sisinternational.com\/wp-content\/uploads\/2025\/08\/Movie-cinema-6.jpg 1456w, https:\/\/www.sisinternational.com\/wp-content\/uploads\/2025\/08\/Movie-cinema-6-300x168.jpg 300w, https:\/\/www.sisinternational.com\/wp-content\/uploads\/2025\/08\/Movie-cinema-6-1024x574.jpg 1024w, https:\/\/www.sisinternational.com\/wp-content\/uploads\/2025\/08\/Movie-cinema-6-768x430.jpg 768w, https:\/\/www.sisinternational.com\/wp-content\/uploads\/2025\/08\/Movie-cinema-6-18x10.jpg 18w\" sizes=\"auto, (max-width: 1456px) 100vw, 1456px\"><\/figure>\n\n\n\n<p><\/p>\n\n\n\n<p>In the past, filmmakers tended to revile Test Screenings. They resented how studio execs would use them to exact changes to their visions. Directors and producers now seem to find comfort in them. Test Screenings have become an integral part of filmmaking in the last few years. Large studios do them, and so do indie producers. Testing methods have become further advanced as more players come onto the scene. <a href=\"https:\/\/www.sisinternational.com\/pl\/ekspertyza\/branze\/badania-rynku-filmowego-tv-film\/\" title=\"Badania rynku telewizyjnego, filmowego i filmowego\"  data-wpil-monitor-id=\"9985\">Market Research often begins before the film<\/a> receives the green light.<\/p>\n\n\n\n<p>Studios altered mega-hits like E.T. \u2013 The Extra-Terrestrial, following Test Screenings. Fatal Attraction and Pretty Woman also underwent many changes after their screenings. Furthermore, the practice has been around for decades \u2013 1939\u2019s The Wizard of Oz had a Test Screening. Comedies benefit from testing more than other genres. These screenings offer many alternate endings and jokes at different levels. Most studios use an outside <a href=\"https:\/\/www.sisinternational.com\/pl\/ekspertyza\/branze\/healthcare-market-research-solutions\/\" title=\"Firma badawcza rynku opieki zdrowotnej\"  data-wpil-monitor-id=\"9983\">Market Research firm<\/a> to run the event. This firm also recruits audience members.<\/p>\n\n\n\n<h2 class=\"wp-block-heading\">Kluczowe czynniki sukcesu w pokazach testowych film\u00f3w<\/h2>\n\n\n\n<p>Several <a href=\"https:\/\/www.sisinternational.com\/pl\/kluczowe-czynniki-sukcesu-w-badaniach-rynku-motoryzacyjnego\/\" title=\"Kluczowe czynniki sukcesu w badaniach rynku motoryzacyjnego\"  data-wpil-monitor-id=\"9990\">factors can influence a movie\u2019s success<\/a>. These factors include the producer, distributor, story, and genre. The promotion frequency, leading actors, and film rating also affect it. The most popular <a href=\"https:\/\/www.sisinternational.com\/pl\/rozwiazania\/rozwiazania-w-zakresie-brandingu-i-badan-klientow\/badania-rynku-testowanie-produktow\/new-product-concept-testing-methods\/\" title=\"New Product Concept Testing Methods\"  data-wpil-monitor-id=\"9988\">method for testing<\/a> your film is organizing a theatrical screening. You then invite people to watch it through promotions and giveaways. The drawback is that theatrical screening is the most expensive option. Are you an indie filmmaker trying to save a few thousand bucks? The next best option is organizing an online Movie Test Screening.<\/p>\n\n\n\n<h2 class=\"wp-block-heading\">O badaniach nad testami filmowymi<\/h2>\n\n\n\n<figure class=\"gb-block-image gb-block-image-d946dadd\"><img loading=\"lazy\" decoding=\"async\" width=\"1456\" height=\"816\" class=\"gb-image gb-image-d946dadd\" src=\"https:\/\/www.sisinternational.com\/wp-content\/uploads\/2025\/08\/Movie-cinema-4.jpg\" alt=\"SIS Mi\u0119dzynarodowe badania rynku i strategia\" title=\"Movie cinema (4)\" srcset=\"https:\/\/www.sisinternational.com\/wp-content\/uploads\/2025\/08\/Movie-cinema-4.jpg 1456w, https:\/\/www.sisinternational.com\/wp-content\/uploads\/2025\/08\/Movie-cinema-4-300x168.jpg 300w, https:\/\/www.sisinternational.com\/wp-content\/uploads\/2025\/08\/Movie-cinema-4-1024x574.jpg 1024w, https:\/\/www.sisinternational.com\/wp-content\/uploads\/2025\/08\/Movie-cinema-4-768x430.jpg 768w, https:\/\/www.sisinternational.com\/wp-content\/uploads\/2025\/08\/Movie-cinema-4-18x10.jpg 18w\" sizes=\"auto, (max-width: 1456px) 100vw, 1456px\"><\/figure>\n\n\n\n<p><\/p>\n\n\n\n<p>Movie Test Screening is a form of <a href=\"https:\/\/www.sisinternational.com\/pl\/tools-and-resources-for-qualitative-market-research\/\" title=\"Tools and Resources for Qualitative Market Research\"  data-wpil-monitor-id=\"9979\">Jako\u015bciowe badania rynku<\/a>. Your audience, in this case, is like a Focus Group, and your questionnaire is like a survey. As with Focus Groups, your Movie Test Screening will have a moderator. You can also view Movie Test Screening as <a href=\"https:\/\/www.sisinternational.com\/pl\/ekspertyza\/branze\/market-research-smartphones-new-mobile-devices\/\" title=\"Badania rynku smartfon\u00f3w\"  data-wpil-monitor-id=\"3264\">Badania wej\u015bcia na rynek<\/a>. Any tweaks made to your film will become part of your Go-to-Market Strategy.<\/p>\n\n\n\n<p><a href=\"https:\/\/www.sisinternational.com\/pl\/skontaktuj-sie-z-nami\/\" title=\"Skontaktuj si\u0119 z nami\"  data-wpil-monitor-id=\"9977\">SIS Mi\u0119dzynarodowe Badania<\/a> provides Movie Test Screening Research. Contact us today to learn more about this and other types of <a href=\"https:\/\/www.sisinternational.com\/pl\/zasieg\/ameryka\/badania-rynku-ameryki-lacinskiej\/badania-rynku-rio-de-janeiro\/\" title=\"Badania rynku w Rio de Janeiro\"  data-wpil-monitor-id=\"3290\">Badania mo\u017cliwo\u015bci rynkowych<\/a>.<\/p>","protected":false},"excerpt":{"rendered":"<p>Pokaz testowy filmu pozwala spojrze\u0107 na projekt \u015bwie\u017cym okiem, aby uzyska\u0107 informacje. Tw\u00f3rcy i finansi\u015bci widz\u0105, co dzia\u0142a, a co nie.<\/p>","protected":false},"author":1,"featured_media":63991,"parent":14514,"menu_order":211,"comment_status":"closed","ping_status":"closed","template":"","meta":{"footnotes":""},"class_list":["post-41859","page","type-page","status-publish","has-post-thumbnail"],"_links":{"self":[{"href":"https:\/\/www.sisinternational.com\/pl\/wp-json\/wp\/v2\/pages\/41859","targetHints":{"allow":["GET"]}}],"collection":[{"href":"https:\/\/www.sisinternational.com\/pl\/wp-json\/wp\/v2\/pages"}],"about":[{"href":"https:\/\/www.sisinternational.com\/pl\/wp-json\/wp\/v2\/types\/page"}],"author":[{"embeddable":true,"href":"https:\/\/www.sisinternational.com\/pl\/wp-json\/wp\/v2\/users\/1"}],"replies":[{"embeddable":true,"href":"https:\/\/www.sisinternational.com\/pl\/wp-json\/wp\/v2\/comments?post=41859"}],"version-history":[{"count":6,"href":"https:\/\/www.sisinternational.com\/pl\/wp-json\/wp\/v2\/pages\/41859\/revisions"}],"predecessor-version":[{"id":81653,"href":"https:\/\/www.sisinternational.com\/pl\/wp-json\/wp\/v2\/pages\/41859\/revisions\/81653"}],"up":[{"embeddable":true,"href":"https:\/\/www.sisinternational.com\/pl\/wp-json\/wp\/v2\/pages\/14514"}],"wp:featuredmedia":[{"embeddable":true,"href":"https:\/\/www.sisinternational.com\/pl\/wp-json\/wp\/v2\/media\/63991"}],"wp:attachment":[{"href":"https:\/\/www.sisinternational.com\/pl\/wp-json\/wp\/v2\/media?parent=41859"}],"curies":[{"name":"wp","href":"https:\/\/api.w.org\/{rel}","templated":true}]}}