{"id":41849,"date":"2023-03-17T21:55:14","date_gmt":"2023-03-18T01:55:14","guid":{"rendered":"https:\/\/www.sisinternational.com\/?page_id=41849"},"modified":"2026-01-24T21:16:22","modified_gmt":"2026-01-25T02:16:22","slug":"badania-rynku-na-sycylii","status":"publish","type":"page","link":"https:\/\/www.sisinternational.com\/pl\/zasieg\/europa\/badania-rynku-na-sycylii\/","title":{"rendered":"Badania rynku na Sycylii"},"content":{"rendered":"<div class=\"gb-container gb-container-6e892913\">\n<div class=\"gb-container gb-container-84642fe0\">\n\n<h1 class=\"wp-block-heading\">Badania rynku na Sycylii<\/h1>\n\n<\/div>\n<\/div>\n\n\n<figure class=\"gb-block-image gb-block-image-e167e93d\"><img loading=\"lazy\" decoding=\"async\" width=\"1456\" height=\"816\" class=\"gb-image gb-image-e167e93d\" src=\"https:\/\/www.sisinternational.com\/wp-content\/uploads\/2025\/09\/Sicily-7.jpg\" alt=\"SIS Mi\u0119dzynarodowe badania rynku i strategia\" title=\"Sicily (7)\" srcset=\"https:\/\/www.sisinternational.com\/wp-content\/uploads\/2025\/09\/Sicily-7.jpg 1456w, https:\/\/www.sisinternational.com\/wp-content\/uploads\/2025\/09\/Sicily-7-300x168.jpg 300w, https:\/\/www.sisinternational.com\/wp-content\/uploads\/2025\/09\/Sicily-7-1024x574.jpg 1024w, https:\/\/www.sisinternational.com\/wp-content\/uploads\/2025\/09\/Sicily-7-768x430.jpg 768w, https:\/\/www.sisinternational.com\/wp-content\/uploads\/2025\/09\/Sicily-7-18x10.jpg 18w\" sizes=\"auto, (max-width: 1456px) 100vw, 1456px\"><\/figure>\n\n\n\n<p><\/p>\n\n\n\n<hr class=\"wp-block-separator has-alpha-channel-opacity is-style-dots\"\/>\n\n\n\n<p class=\"whitespace-pre-wrap break-words\">Wi\u0119kszo\u015b\u0107 konsultant\u00f3w widz\u0105c Sycyli\u0119, my\u015bli o poczt\u00f3wkach i starych filmach. Ja widz\u0119 rynek pulsuj\u0105cy nieodkrytymi mo\u017cliwo\u015bciami. Badania rynku na Sycylii to gra w szachy ekonomiczne o wysok\u0105 stawk\u0119, gdzie ka\u017cdy ruch wymaga g\u0142\u0119bokiej inteligencji kulturowej i strategicznej precyzji.&nbsp;<\/p>\n\n\n\n<p><\/p>\n\n\n\n<p><\/p>\n\n\n\n<p><\/p>\n\n\n\n<h2 class=\"wp-block-heading\">Dlaczego Sycylia jest wa\u017cna?<\/h2>\n\n\n\n<p>Sycylia produkuje najwi\u0119cej owoc\u00f3w cytrusowych we W\u0142oszech. Po\u0142\u00f3w sardynek i tu\u0144czyk\u00f3w to r\u00f3wnie\u017c kluczowe produkty eksportowe. Rafinacja ropy naftowej odbywa si\u0119 w po\u0142udniowo-wschodniej cz\u0119\u015bci wyspy. Rolnictwo i przemys\u0142 s\u0105 wzd\u0142u\u017c wybrze\u017ca. Wn\u0119trze wyspy ma r\u00f3wnie\u017c wiele upraw suchych. Na wyspie prosperuje r\u00f3wnie\u017c handel budowlany. W\u0119drowni sprzedawcy sprzedaj\u0105cy swoje towary charakterystycznymi okrzykami na lokalnych ulicach to kolejna wyj\u0105tkowa cecha Sycylii. Uzupe\u0142niaj\u0105 oni targi i sklepy na \u015bwie\u017cym powietrzu.<\/p>\n\n\n\n<p><\/p>\n\n\n\n<!DOCTYPE html>\n<html lang=\"en\">\n<head>\n    <meta charset=\"UTF-8\">\n    <meta name=\"viewport\" content=\"width=device-width, initial-scale=1.0\">\n    <title>Sicily Market Data<\/title>\n    <style>\n        \/* Responsive Table & SIS International-inspired Styling\n          - Uses corporate blue and a clean, sans-serif font.\n          - Fully responsive design ensures no page distortion on any device.\n        *\/\n        \n        .sis-table-container {\n            font-family: -apple-system, BlinkMacSystemFont, \"Segoe UI\", Roboto, Helvetica, Arial, sans-serif;\n            margin: 2em 0;\n            width: 100%;\n            \/* Allows horizontal scroll on small screens to prevent page distortion *\/\n            overflow-x: auto;\n            -webkit-overflow-scrolling: touch; \/* Smooth scrolling on iOS *\/\n        }\n\n        .sis-table-container h3 {\n            font-size: 1.5rem; \/* 24px *\/\n            font-weight: 600;\n            color: #333;\n            margin-bottom: 0.75em;\n            padding: 0;\n        }\n\n        .sis-table {\n            width: 100%;\n            border-collapse: collapse;\n            min-width: 600px; \/* Ensures table structure holds, container scrolls if needed *\/\n        }\n\n        .sis-table th,\n        .sis-table td {\n            padding: 12px 15px;\n            text-align: left;\n            line-height: 1.5;\n        }\n\n        \/* Header Styling *\/\n        .sis-table thead th {\n            background-color: #005cbf; \/* SIS corporate blue *\/\n            color: #ffffff;\n            font-weight: 600;\n            font-size: 0.9rem; \n            text-transform: uppercase;\n            letter-spacing: 0.5px;\n        }\n\n        \/* Body Styling *\/\n        .sis-table tbody tr {\n            border-bottom: 1px solid #ddd;\n        }\n\n        .sis-table tbody tr:nth-of-type(even) {\n            background-color: #f8f8f8; \/* Light gray alternate rows *\/\n        }\n\n        .sis-table tbody tr:last-of-type {\n            border-bottom: 2px solid #005cbf; \/* Match header blue *\/\n        }\n\n        .sis-table td {\n            color: #444;\n            font-size: 0.95rem; \n            vertical-align: top;\n        }\n        \n        \/* Align data cells *\/\n        .sis-table td:nth-child(2) {\n            text-align: right;\n            white-space: nowrap; \/* Prevents long numbers from wrapping *\/\n        }\n         .sis-table th:nth-child(2) {\n            text-align: right;\n        }\n\n        .sis-table-container .source-caption {\n            margin-top: 10px;\n            font-size: 0.85rem; \n            color: #555;\n            font-style: italic;\n        }\n\n        .sis-table-container .source-caption a {\n            color: #005cbf; \/* Match brand blue *\/\n            text-decoration: none;\n        }\n\n        .sis-table-container .source-caption a:hover {\n            text-decoration: underline;\n        }\n    <\/style>\n<\/head>\n<body>\n\n    <!-- \n      HTML for WordPress:\n      Copy and paste the code from .sis-table-container start to end into a Custom HTML block.\n    -->\n    <div class=\"sis-table-container\">\n        \n        <h3>Sicily, Italy: Key Economic and Tourism Profile<\/h3>\n\n        <table class=\"sis-table\">\n            <thead>\n                <tr>\n                    <th>Indicator<\/th>\n                    <th>Value (Recent Estimate)<\/th>\n                <\/tr>\n            <\/thead>\n            <tbody>\n                <tr>\n                    <td>Regional Population<\/td>\n                    <td>Approximately **4.8 Million** residents<\/td>\n                <\/tr>\n                <tr>\n                    <td>Dominant Economic Sectors<\/td>\n                    <td>**Tourism**, Trade, Agriculture (Wine, Citrus, Olives), and Construction<\/td>\n                <\/tr>\n                <tr>\n                    <td>Tourism Impact<\/td>\n                    <td>Annual tourist nights **exceeding 14 Million**, driven by cultural and coastal appeal<\/td>\n                <\/tr>\n                 <tr>\n                    <td>Agricultural Output<\/td>\n                    <td>Largest Italian region for **organic farming**, significant producer of Mediterranean exports<\/td>\n                <\/tr>\n                 <tr>\n                    <td>Key Infrastructure<\/td>\n                    <td>Important ports (Palermo, Catania) and growing investment in **renewable energy** (wind and solar)<\/td>\n                <\/tr>\n            <\/tbody>\n        <\/table>\n\n        <p class=\"source-caption\">\n             Source: Data compiled from the <a href=\"https:\/\/www.istat.it\/en\/\" target=\"_blank\" rel=\"noopener noreferrer\">Italian National Institute of Statistics (ISTAT)<\/a> and regional economic reports.\n        <\/p>\n\n    <\/div>\n\n<\/body>\n<\/html>\n\n\n\n\n<p><\/p>\n\n\n\n<h2 class=\"wp-block-heading\">Miasta, regiony i dzielnice<\/h2>\n\n\n\n<figure class=\"gb-block-image gb-block-image-055e30fb\"><img loading=\"lazy\" decoding=\"async\" width=\"1456\" height=\"816\" class=\"gb-image gb-image-055e30fb\" src=\"https:\/\/www.sisinternational.com\/wp-content\/uploads\/2025\/09\/Sicily-2.jpg\" alt=\"SIS Mi\u0119dzynarodowe badania rynku i strategia\" title=\"Sicily (2)\" srcset=\"https:\/\/www.sisinternational.com\/wp-content\/uploads\/2025\/09\/Sicily-2.jpg 1456w, https:\/\/www.sisinternational.com\/wp-content\/uploads\/2025\/09\/Sicily-2-300x168.jpg 300w, https:\/\/www.sisinternational.com\/wp-content\/uploads\/2025\/09\/Sicily-2-1024x574.jpg 1024w, https:\/\/www.sisinternational.com\/wp-content\/uploads\/2025\/09\/Sicily-2-768x430.jpg 768w, https:\/\/www.sisinternational.com\/wp-content\/uploads\/2025\/09\/Sicily-2-18x10.jpg 18w\" sizes=\"auto, (max-width: 1456px) 100vw, 1456px\"><\/figure>\n\n\n\n<p><\/p>\n\n\n\n<p>Region Sycylii sk\u0142ada si\u0119 z dziewi\u0119ciu prowincji. Prawie 60 procent populacji wyspy mieszka w Palermo, Katanii i Mesynie. Trapani i Agrigento znajduj\u0105 si\u0119 na zachodzie, a Caltanissetta i Enna w centrum. Syrakuzy i Ragusa znajduj\u0105 si\u0119 na wschodzie. Stolic\u0105 jest Palermo, a Katania zawiera r\u00f3wnie\u017c centralne i regionalne urz\u0119dy rz\u0105dowe oraz g\u0142\u00f3wne o\u015brodki handlowe. R\u00f3\u017cne inne podmioty r\u00f3wnie\u017c maj\u0105 swoje siedziby g\u0142\u00f3wne w tych dw\u00f3ch miastach.<\/p>\n\n\n\n<h2 class=\"wp-block-heading\">Kluczowe bran\u017ce<\/h2>\n\n\n\n<p>Jedn\u0105 z wiod\u0105cych ga\u0142\u0119zi przemys\u0142u Sycylii jest rybo\u0142\u00f3wstwo. Wyspa produkuje r\u00f3wnie\u017c chemikalia, przetworzon\u0105 \u017cywno\u015b\u0107, nawozy, rafinowan\u0105 rop\u0119 naftow\u0105 i gaz ziemny. Inne towary eksportowe to siarka, statki, tekstylia, wino, wyroby sk\u00f3rzane i produkty le\u015bne. G\u0142\u00f3wne uprawy to j\u0119czmie\u0144, pszenica, oliwki i kukurydza. Sycylijczycy uprawiaj\u0105 r\u00f3wnie\u017c migda\u0142y, owoce cytrusowe, bawe\u0142n\u0119 i winogrona. Ponadto hoduj\u0105 os\u0142y, mu\u0142y i owce.<\/p>\n\n\n\n<p><\/p>\n\n\n\n<!DOCTYPE html>\n<html lang=\"en\">\n<head>\n    <meta charset=\"UTF-8\">\n    <meta name=\"viewport\" content=\"width=device-width, initial-scale=1.0\">\n    <title>AI Blog Banner<\/title>\n    <style>\n        * {\n            margin: 0;\n            padding: 0;\n            box-sizing: border-box;\n        }\n\n        .banner {\n            position: relative;\n            width: 100%;\n            height: 350px;\n            overflow: hidden;\n            display: flex;\n            align-items: center;\n            justify-content: center;\n            font-family: 'Arial', sans-serif;\n            border-radius: 25px;\n        }\n\n        .animated-background {\n            position: absolute;\n            top: 0;\n            left: 0;\n            width: 100%;\n            height: 100%;\n            background: linear-gradient(45deg, #003f6b, #2d5a7b, #003f6b, #2d5a7b);\n            background-size: 400% 400%;\n            animation: gradientMove 8s ease-in-out infinite;\n        }\n\n        .ai-pattern {\n            position: absolute;\n            top: 0;\n            left: 0;\n            width: 100%;\n            height: 100%;\n            opacity: 0.1;\n            background-image: \n                radial-gradient(circle at 20% 20%, rgba(255,255,255,0.3) 2px, transparent 2px),\n                radial-gradient(circle at 80% 80%, rgba(255,255,255,0.2) 1px, transparent 1px),\n                radial-gradient(circle at 40% 60%, rgba(255,255,255,0.15) 1.5px, transparent 1.5px),\n                radial-gradient(circle at 60% 20%, rgba(255,255,255,0.25) 1px, transparent 1px),\n                radial-gradient(circle at 80% 40%, rgba(255,255,255,0.2) 2px, transparent 2px);\n            background-size: 100px 100px, 150px 150px, 80px 80px, 120px 120px, 90px 90px;\n            animation: patternFloat 12s linear infinite;\n        }\n\n        .neural-network {\n            position: absolute;\n            top: 0;\n            left: 0;\n            width: 100%;\n            height: 100%;\n            opacity: 0.08;\n        }\n\n        .neural-line {\n            position: absolute;\n            height: 1px;\n            background: linear-gradient(90deg, transparent, rgba(255,255,255,0.5), transparent);\n            animation: neuralPulse 6s ease-in-out infinite;\n        }\n\n        .neural-line:nth-child(1) {\n            top: 30%;\n            left: 0;\n            width: 60%;\n            animation-delay: 0s;\n        }\n\n        .neural-line:nth-child(2) {\n            top: 50%;\n            right: 0;\n            width: 70%;\n            animation-delay: 2s;\n        }\n\n        .neural-line:nth-child(3) {\n            top: 70%;\n            left: 20%;\n            width: 50%;\n            animation-delay: 4s;\n        }\n\n        .content {\n            position: relative;\n            z-index: 10;\n            text-align: center;\n            color: white !important;\n            max-width: 800px;\n            padding: 30px;\n        }\n\n        .content * {\n            color: white !important;\n        }\n\n        .cta-text {\n            font-size: 1.9rem;\n            font-weight: 700;\n            margin-bottom: 15px;\n            color: white !important;\n            background: linear-gradient(90deg, rgba(255,255,255,0.6), rgba(255,255,255,1), rgba(230,230,230,1), rgba(255,255,255,1), rgba(240,240,240,0.8), rgba(255,255,255,0.6));\n            background-size: 200% 100%;\n            -webkit-background-clip: text;\n            -webkit-text-fill-color: transparent;\n            background-clip: text;\n            animation: shineEffect 10s ease-in-out infinite;\n            line-height: 1.3;\n        }\n\n        .cta-subheading {\n            font-size: 1rem;\n            font-weight: 400;\n            margin-bottom: 25px;\n            color: white !important;\n            line-height: 1.6;\n            opacity: 0.95;\n        }\n\n        .cta-button {\n            background: linear-gradient(135deg, #8a6b0f, #bd9013, #d4a519);\n            border: 2px solid #8a6b0f;\n            color: white !important;\n            padding: 18px 40px;\n            font-size: 1.2rem;\n            font-weight: 600;\n            border-radius: 50px;\n            cursor: pointer;\n            transition: all 0.3s ease;\n            text-decoration: none;\n            display: inline-block;\n            position: relative;\n            overflow: hidden;\n        }\n\n        .cta-button::before {\n            content: '';\n            position: absolute;\n            top: 0;\n            left: -100%;\n            width: 100%;\n            height: 100%;\n            background: linear-gradient(90deg, \n                transparent 0%, \n                rgba(255, 255, 255, 0.3) 25%,\n                rgba(255, 255, 255, 0.6) 50%,\n                rgba(255, 255, 255, 0.3) 75%,\n                transparent 100%);\n            animation: shine 3s ease-in-out infinite;\n        }\n\n        .cta-button:hover {\n            transform: translateY(-3px);\n            box-shadow: 0 10px 25px rgba(0,0,0,0.2);\n            border-color: #bd9013;\n            background: linear-gradient(135deg, #bd9013, #d4a519, #e6b61f);\n        }\n\n        .floating-elements {\n            position: absolute;\n            top: 0;\n            left: 0;\n            width: 100%;\n            height: 100%;\n            pointer-events: none;\n        }\n\n        .floating-circle {\n            position: absolute;\n            border-radius: 50%;\n            background: rgba(255,255,255,0.1);\n            animation: float 8s ease-in-out infinite;\n        }\n\n        .floating-circle:nth-child(1) {\n            width: 80px;\n            height: 80px;\n            top: 20%;\n            left: 10%;\n            animation-delay: 0s;\n        }\n\n        .floating-circle:nth-child(2) {\n            width: 60px;\n            height: 60px;\n            top: 60%;\n            right: 15%;\n            animation-delay: 3s;\n        }\n\n        .floating-circle:nth-child(3) {\n            width: 40px;\n            height: 40px;\n            top: 80%;\n            left: 80%;\n            animation-delay: 6s;\n        }\n\n        .floating-circle:nth-child(4) {\n            width: 70px;\n            height: 70px;\n            top: 10%;\n            right: 20%;\n            animation-delay: 1.5s;\n        }\n\n        .floating-circle:nth-child(5) {\n            width: 50px;\n            height: 50px;\n            top: 75%;\n            left: 30%;\n            animation-delay: 4.5s;\n        }\n\n        @keyframes gradientMove {\n            0% { background-position: 0% 50%; }\n            25% { background-position: 100% 50%; }\n            50% { background-position: 100% 100%; }\n            75% { background-position: 0% 100%; }\n            100% { background-position: 0% 50%; }\n        }\n\n        @keyframes patternFloat {\n            0% { transform: translateX(0) translateY(0); }\n            33% { transform: translateX(30px) translateY(-20px); }\n            66% { transform: translateX(-20px) translateY(10px); }\n            100% { transform: translateX(0) translateY(0); }\n        }\n\n        @keyframes neuralPulse {\n            0%, 100% { opacity: 0.08; }\n            50% { opacity: 0.2; }\n        }\n\n        @keyframes shineEffect {\n            0% { background-position: 200% 0; }\n            100% { background-position: -200% 0; }\n        }\n\n        @keyframes shine {\n            0% {\n                left: -100%;\n            }\n            20%, 100% {\n                left: 100%;\n            }\n        }\n\n        @keyframes float {\n            0%, 100% { transform: translateY(0px) rotate(0deg); }\n            33% { transform: translateY(-30px) rotate(120deg); }\n            66% { transform: translateY(15px) rotate(240deg); }\n        }\n\n        @media (max-width: 768px) {\n            .banner {\n                height: 320px;\n                padding: 30px 0;\n            }\n            \n            .content {\n                padding: 40px 20px;\n            }\n            \n            .cta-text {\n                font-size: 1.3rem;\n                margin-bottom: 12px;\n            }\n            \n            .cta-subheading {\n                font-size: 0.85rem;\n                margin-bottom: 20px;\n            }\n            \n            .cta-button {\n                padding: 14px 28px;\n                font-size: 0.95rem;\n            }\n        }\n    <\/style>\n<\/head>\n<body>\n    <div class=\"banner\">\n        <div class=\"animated-background\"><\/div>\n        \n        <div class=\"ai-pattern\"><\/div>\n        \n        <div class=\"neural-network\">\n            <div class=\"neural-line\"><\/div>\n            <div class=\"neural-line\"><\/div>\n            <div class=\"neural-line\"><\/div>\n        <\/div>\n        \n        <div class=\"floating-elements\">\n            <div class=\"floating-circle\"><\/div>\n            <div class=\"floating-circle\"><\/div>\n            <div class=\"floating-circle\"><\/div>\n            <div class=\"floating-circle\"><\/div>\n            <div class=\"floating-circle\"><\/div>\n        <\/div>\n        \n        <div class=\"content\">\n            <div class=\"cta-text\">Ready to explore the insights that drive smarter decisions?<\/div>\n            <div class=\"cta-subheading\">Contact our Research experts today.<\/div>\n            <a href=\"mailto:Research@sisinternational.com\" class=\"cta-button\">Contact us now!<\/a>\n        <\/div>\n    <\/div>\n<\/body>\n<\/html>\n\n\n\n<p><\/p>\n\n\n\n<h2 class=\"wp-block-heading\">Dlaczego firmy potrzebuj\u0105 bada\u0144 rynku na Sycylii?<\/h2>\n\n\n\n<p>Potrzebujesz <a href=\"https:\/\/www.linkedin.com\/pulse\/how-market-research-enables-growth-ruth-stanat-phekf\/\" target=\"_blank\" rel=\"noopener\">Badania rynku<\/a> to start and run a successful business. It tells you your customers\u2019 wants and gives your business direction. <a href=\"https:\/\/www.sisinternational.com\/pl\/zasieg\/ameryka\/badania-rynku-ameryki-lacinskiej\/badania-rynku-rio-de-janeiro\/\" title=\"Badania rynku w Rio de Janeiro\" data-wpil-monitor-id=\"3293\">Badania wej\u015bcia na rynek<\/a> helps assess the following:<\/p>\n\n\n\n<ul class=\"wp-block-list\">\n<li>Czy Tw\u00f3j pomys\u0142 na produkt lub biznes jest wykonalny<\/li>\n\n\n\n<li>Czy Twoja firma mo\u017ce si\u0119 rozwija\u0107 na Sycylii<\/li>\n<\/ul>\n\n\n\n<h2 class=\"wp-block-heading\">Mo\u017cliwo\u015bci i kluczowe czynniki sukcesu w prowadzeniu biznesu na Sycylii<\/h2>\n\n\n\n<figure class=\"gb-block-image gb-block-image-427d0a97\"><img loading=\"lazy\" decoding=\"async\" width=\"1456\" height=\"816\" class=\"gb-image gb-image-427d0a97\" src=\"https:\/\/www.sisinternational.com\/wp-content\/uploads\/2025\/09\/Sicily-4.jpg\" alt=\"SIS Mi\u0119dzynarodowe badania rynku i strategia\" title=\"Sicily (4)\" srcset=\"https:\/\/www.sisinternational.com\/wp-content\/uploads\/2025\/09\/Sicily-4.jpg 1456w, https:\/\/www.sisinternational.com\/wp-content\/uploads\/2025\/09\/Sicily-4-300x168.jpg 300w, https:\/\/www.sisinternational.com\/wp-content\/uploads\/2025\/09\/Sicily-4-1024x574.jpg 1024w, https:\/\/www.sisinternational.com\/wp-content\/uploads\/2025\/09\/Sicily-4-768x430.jpg 768w, https:\/\/www.sisinternational.com\/wp-content\/uploads\/2025\/09\/Sicily-4-18x10.jpg 18w\" sizes=\"auto, (max-width: 1456px) 100vw, 1456px\"><\/figure>\n\n\n\n<p><\/p>\n\n\n\n<p>Najlepszym sposobem na inwestowanie na Sycylii jest oczywi\u015bcie przemys\u0142 turystyczny. Turystyka wspiera bogactwo po\u015bredniej dzia\u0142alno\u015bci gospodarczej. Od ma\u0142ych wynajm\u00f3w wakacyjnych po hotele, Sycylia jest \u015bwietn\u0105 okazj\u0105 inwestycyjn\u0105. Ponadto mo\u017cesz zdoby\u0107 nieruchomo\u015bci po okazyjnych cenach. Wyspa ma r\u00f3wnie\u017c doskona\u0142e po\u0142\u0105czenia lotnicze ze wszystkimi g\u0142\u00f3wnymi miastami europejskimi. Lotniska w Katanii i Palermo \u0142\u0105cz\u0105 si\u0119 niemal wsz\u0119dzie.<\/p>\n\n\n\n<p>Ponadto Sycylia ma osza\u0142amiaj\u0105cy klimat przez ca\u0142y rok. Wyspa ma siln\u0105 to\u017csamo\u015b\u0107, a ludzie rozpoznaj\u0105 jej nazw\u0119: czynniki, kt\u00f3re dzia\u0142aj\u0105 na twoj\u0105 korzy\u015b\u0107. Istnieje potencja\u0142, aby zorganizowa\u0107 wszystko, od wycieczki po ulicznym jedzeniu po nocleg ze \u015bniadaniem.<\/p>\n\n\n\n<p>Mo\u017cliwe jest nawi\u0105zanie udanych relacji biznesowych z sycylijskimi firmami. Nie ma znaczenia, czy sprzedajesz, czy kupujesz. Najlepiej jest pisa\u0107 ca\u0142\u0105 korespondencj\u0119 po w\u0142osku, aby unikn\u0105\u0107 nieporozumie\u0144. Ale wiedz, \u017ce pomy\u0142ki mog\u0105 si\u0119 zdarzy\u0107 nawet w najlepszych warunkach. Najlepiej jest r\u00f3wnie\u017c wcze\u015bniej okre\u015bli\u0107 transakcj\u0119 w jak najwi\u0119kszej liczbie szczeg\u00f3\u0142\u00f3w. Ludzie, z kt\u00f3rymi chcesz wsp\u00f3\u0142pracowa\u0107, mog\u0105 pr\u00f3bowa\u0107 pozna\u0107 ci\u0119 przed omawianiem interes\u00f3w na pierwszych spotkaniach. Uznaj\u0105 to za niegrzeczne, je\u015bli odm\u00f3wisz koktajlu lub fili\u017canki kawy, a dyskusje przy lunchu s\u0105 rutyn\u0105.<\/p>\n\n\n\n<h2 class=\"wp-block-heading\">Lokalizacja naszego obiektu w Nowym Jorku<\/h2>\n\n\n\n<p>  <iframe loading=\"lazy\" src=\"https:\/\/www.google.com\/maps\/embed?pb=!1m18!1m12!1m3!1d3022.976188376966!2d-73.99130312499956!3d40.740549471389315!2m3!1f0!2f0!3f0!3m2!1i1024!2i768!4f13.1!3m3!1m2!1s0x89c259a15798c731%3A0xd695d09bdd495f25!2s11%20E%2022nd%20St%20FL%202%2C%20New%20York%2C%20NY%2010010%2C%20USA!5e0!3m2!1sen!2spe!4v1726171763526!5m2!1sen!2spe\" width=\"600\" height=\"450\" allowfullscreen=\"allowfullscreen\" data-mce-fragment=\"1\"><\/iframe>  <\/p>\n\n\n\n<h3 class=\"wp-block-heading\">11 E 22nd Street, pi\u0119tro 2, Nowy Jork, NY 10010 T: +1(212) 505-6805<\/h3>\n\n\n\n<hr class=\"wp-block-separator has-alpha-channel-opacity\"\/>\n\n\n\n<h2 class=\"wp-block-heading\"><span style=\"font-weight: 400;\">O firmie SIS International<\/span><\/h2>\n\n\n\n<p><a href=\"https:\/\/www.sisinternational.com\/pl\/\"><span style=\"font-weight: 400;\">SIS Mi\u0119dzynarodowy<\/span><\/a><span style=\"font-weight: 400;\"> oferuje badania ilo\u015bciowe, jako\u015bciowe i strategiczne. Dostarczamy dane, narz\u0119dzia, strategie, raporty i spostrze\u017cenia do podejmowania decyzji. Prowadzimy r\u00f3wnie\u017c wywiady, ankiety, grupy fokusowe i inne metody i podej\u015bcia do bada\u0144 rynku.<\/span><a href=\"https:\/\/www.sisinternational.com\/pl\/o-moich-miedzynarodowych-badaniach\/contact-sis-international-market-research\/\"><span style=\"font-weight: 400;\"> Skontaktuj si\u0119 z nami<\/span><\/a><span style=\"font-weight: 400;\"> dla Twojego kolejnego projektu badania rynku.<\/span><\/p>\n\n\n\n<hr class=\"wp-block-separator has-alpha-channel-opacity\"\/>","protected":false},"excerpt":{"rendered":"<p>Wiod\u0105c\u0105 bran\u017c\u0105 na Sycylii jest rybo\u0142\u00f3wstwo. Wyspa produkuje r\u00f3wnie\u017c chemikalia, przetworzon\u0105 \u017cywno\u015b\u0107, nawozy, rafinowan\u0105 rop\u0119 naftow\u0105 i gaz ziemny.<\/p>","protected":false},"author":1,"featured_media":65999,"parent":14510,"menu_order":60,"comment_status":"closed","ping_status":"closed","template":"","meta":{"footnotes":""},"class_list":["post-41849","page","type-page","status-publish","has-post-thumbnail"],"_links":{"self":[{"href":"https:\/\/www.sisinternational.com\/pl\/wp-json\/wp\/v2\/pages\/41849","targetHints":{"allow":["GET"]}}],"collection":[{"href":"https:\/\/www.sisinternational.com\/pl\/wp-json\/wp\/v2\/pages"}],"about":[{"href":"https:\/\/www.sisinternational.com\/pl\/wp-json\/wp\/v2\/types\/page"}],"author":[{"embeddable":true,"href":"https:\/\/www.sisinternational.com\/pl\/wp-json\/wp\/v2\/users\/1"}],"replies":[{"embeddable":true,"href":"https:\/\/www.sisinternational.com\/pl\/wp-json\/wp\/v2\/comments?post=41849"}],"version-history":[{"count":7,"href":"https:\/\/www.sisinternational.com\/pl\/wp-json\/wp\/v2\/pages\/41849\/revisions"}],"predecessor-version":[{"id":77557,"href":"https:\/\/www.sisinternational.com\/pl\/wp-json\/wp\/v2\/pages\/41849\/revisions\/77557"}],"up":[{"embeddable":true,"href":"https:\/\/www.sisinternational.com\/pl\/wp-json\/wp\/v2\/pages\/14510"}],"wp:featuredmedia":[{"embeddable":true,"href":"https:\/\/www.sisinternational.com\/pl\/wp-json\/wp\/v2\/media\/65999"}],"wp:attachment":[{"href":"https:\/\/www.sisinternational.com\/pl\/wp-json\/wp\/v2\/media?parent=41849"}],"curies":[{"name":"wp","href":"https:\/\/api.w.org\/{rel}","templated":true}]}}