{"id":41584,"date":"2023-02-14T20:59:24","date_gmt":"2023-02-14T20:59:24","guid":{"rendered":"https:\/\/www.sisinternational.com\/?page_id=41584"},"modified":"2026-03-12T13:30:32","modified_gmt":"2026-03-12T17:30:32","slug":"badania-rynku-sushi","status":"publish","type":"page","link":"https:\/\/www.sisinternational.com\/pl\/rozwiazania\/badania-rynku-przemyslu-spozywczego-i-napojow\/badania-rynku-sushi\/","title":{"rendered":"Badania rynku sushi"},"content":{"rendered":"<h1 class=\"wp-block-heading\">Badania rynku sushi<\/h1>\n\n\n\n<figure class=\"gb-block-image gb-block-image-bfce47e5\"><img loading=\"lazy\" decoding=\"async\" width=\"1456\" height=\"816\" class=\"gb-image gb-image-bfce47e5\" src=\"https:\/\/www.sisinternational.com\/wp-content\/uploads\/2025\/08\/japanese-food-suchi-13.jpg\" alt=\"SIS Mi\u0119dzynarodowe badania rynku i strategia\" title=\"japanese food suchi (13)\" srcset=\"https:\/\/www.sisinternational.com\/wp-content\/uploads\/2025\/08\/japanese-food-suchi-13.jpg 1456w, https:\/\/www.sisinternational.com\/wp-content\/uploads\/2025\/08\/japanese-food-suchi-13-300x168.jpg 300w, https:\/\/www.sisinternational.com\/wp-content\/uploads\/2025\/08\/japanese-food-suchi-13-1024x574.jpg 1024w, https:\/\/www.sisinternational.com\/wp-content\/uploads\/2025\/08\/japanese-food-suchi-13-768x430.jpg 768w, https:\/\/www.sisinternational.com\/wp-content\/uploads\/2025\/08\/japanese-food-suchi-13-18x10.jpg 18w\" sizes=\"auto, (max-width: 1456px) 100vw, 1456px\"><\/figure>\n\n\n\n<p><\/p>\n\n\n\n<p>Badanie rynku sushi dostarcza wgl\u0105du w r\u00f3\u017cne procesy biznesowe i sektory istotne dla produkcji dania. Badanie rynku sushi dostarcza wgl\u0105du w dane i strategie w bran\u017cy sushi, a tak\u017ce w segment sektora spo\u017cywczego, kt\u00f3ry obejmuje dystrybucj\u0119 sushi sprzedawanego w restauracjach, u r\u00f3\u017cnych sprzedawc\u00f3w detalicznych i przez sprzedawc\u00f3w ulicznych na ca\u0142ym \u015bwiecie.<\/p>\n\n\n\n<p>Market Research provides insights as well on how certain restaurants that serve sushi compare to their competitors in terms of product quality, profits and availability. The Sushi market research&nbsp; can help advise organizations and industry executives in making decisions and creating marketing plans for a more active and profitable business landscape.<\/p>\n\n\n\n<h2 class=\"wp-block-heading\">Co to jest sushi?<\/h2>\n\n\n\n<p>Najpopularniejszym zbo\u017cem spo\u017cywanym na \u015bwiecie jest ry\u017c, kt\u00f3ry zosta\u0142 przetworzony lub zmielony w celu usuni\u0119cia ziarna z innych cz\u0119\u015bci ro\u015bliny. Jednym z najpopularniejszych da\u0144 z ry\u017cu jest sushi.<\/p>\n\n\n\n<p>Sushi to japo\u0144skie danie z ry\u017cu, kt\u00f3re rozprzestrzeni\u0142o si\u0119 na ca\u0142y \u015bwiat i sta\u0142o si\u0119 cz\u0119\u015bci\u0105 globalnej kultury kulinarnej. Sushi wyst\u0119puje w r\u00f3\u017cnych formach. Ugotowany ry\u017c sushi jest \u0142\u0105czony ze specjalnym octem ry\u017cowym. Nast\u0119pnie ry\u017c jest formowany z r\u00f3\u017cnymi dodatkami, takimi jak surowa ryba lub inne skorupiaki. W wersji rolowanej ry\u017c i sk\u0142adniki, takie jak omlet lub og\u00f3rek, s\u0105 zawijane w nori, cienki arkusz przygotowanych wodorost\u00f3w, przy u\u017cyciu specjalnej maty bambusowej.<\/p>\n\n\n\n<h2 class=\"wp-block-heading\">&nbsp;Kr\u00f3tki przegl\u0105d bran\u017cy restauracji sushi<\/h2>\n\n\n\n<figure class=\"gb-block-image gb-block-image-58035a37\"><img loading=\"lazy\" decoding=\"async\" width=\"1456\" height=\"816\" class=\"gb-image gb-image-58035a37\" src=\"https:\/\/www.sisinternational.com\/wp-content\/uploads\/2025\/08\/japanese-food-suchi-5.jpg\" alt=\"SIS Mi\u0119dzynarodowe badania rynku i strategia\" title=\"japanese food suchi (5)\" srcset=\"https:\/\/www.sisinternational.com\/wp-content\/uploads\/2025\/08\/japanese-food-suchi-5.jpg 1456w, https:\/\/www.sisinternational.com\/wp-content\/uploads\/2025\/08\/japanese-food-suchi-5-300x168.jpg 300w, https:\/\/www.sisinternational.com\/wp-content\/uploads\/2025\/08\/japanese-food-suchi-5-1024x574.jpg 1024w, https:\/\/www.sisinternational.com\/wp-content\/uploads\/2025\/08\/japanese-food-suchi-5-768x430.jpg 768w, https:\/\/www.sisinternational.com\/wp-content\/uploads\/2025\/08\/japanese-food-suchi-5-18x10.jpg 18w\" sizes=\"auto, (max-width: 1456px) 100vw, 1456px\"><\/figure>\n\n\n\n<p><\/p>\n\n\n\n<p>The most typical sushi restaurants consist primarily of establishments that provide sushi-style dishes to customers who order and are delivered while sitting by wait staff or through conveyor belt-style delivery and pay after eating. Customers may also purchase <a href=\"https:\/\/www.sisinternational.com\/pl\/mystery-shopping-for-alcoholic-beverages\/\" title=\"Mystery Shopping for Alcoholic Beverages\"  data-wpil-monitor-id=\"896\">alcoholic and other beverages<\/a> from these locations.<\/p>\n\n\n\n<p>Przewiduje si\u0119, \u017ce bran\u017ca sushi b\u0119dzie si\u0119 rozwija\u0107 w nadchodz\u0105cych latach. Bran\u017ca sushi, kt\u00f3ra jest bardzo rozdrobniona i sk\u0142ada si\u0119 g\u0142\u00f3wnie z ma\u0142ych, prowadzonych przez w\u0142a\u015bcicieli firm, radzi\u0142a sobie dobrze pomimo rozwoju innych sklep\u00f3w z \u017cywno\u015bci\u0105 etniczn\u0105 i pojawienia si\u0119 innowacyjnych da\u0144. Zmieniaj\u0105ce si\u0119 wymagania klient\u00f3w zmieni\u0142y dzia\u0142alno\u015b\u0107 operator\u00f3w bran\u017cy sushi. Stworzenie koncepcji zr\u00f3wnowa\u017conego sushi jest wynikiem rosn\u0105cych obaw o spadek populacji ryb i degradacj\u0119 \u015brodowiska. Przewiduje si\u0119, \u017ce w kolejnych latach rynek sushi b\u0119dzie si\u0119 nadal rozwija\u0142 wraz ze zmianami \u015brodowiska. Pod wp\u0142ywem innych czynnik\u00f3w, takich jak podr\u00f3\u017ce, komunikacja, media spo\u0142eczno\u015bciowe, telewizja i reklamy drukowane, wzros\u0142o zainteresowanie japo\u0144sk\u0105 \u017cywno\u015bci\u0105. Przewiduje si\u0119, \u017ce znacz\u0105cy operatorzy bran\u017cy b\u0119d\u0105 si\u0119 rozwija\u0107 na ca\u0142ym \u015bwiecie, aby zwi\u0119kszy\u0107 sw\u00f3j udzia\u0142 w rynku.<\/p>\n\n\n\n<h2 class=\"wp-block-heading\">Czynniki wp\u0142ywaj\u0105ce na globalne badania rynku sushi<\/h2>\n\n\n\n<h3 class=\"wp-block-heading\">Kampanie marketingowe i reklamowe sushi<\/h3>\n\n\n\n<p>Rising marketing campaigns are one of the primary factors driving the global sushi restaurant market over the projected period. The restaurant and food service sectors rely heavily on advertising campaigns and product promotions to increase their sales. Therefore, the sellers in these <a href=\"https:\/\/www.sisinternational.com\/pl\/ekspertyza\/branze\/badania-rynku-ukladow-elektronicznych\/\" title=\"Badania rynku uk\u0142ad\u00f3w elektronicznych\"  data-wpil-monitor-id=\"5049\">markets utilize both electronic<\/a> and print media to advertise their businesses. Due to digitalization and associated advances, the majority of sushi restaurants are concentrating on marketing. Consequently, merchants utilize digital media as a platform for brand promotion. To increase client involvement, they promote enticing promotional offers and images of quick-service cuisine.<\/p>\n\n\n\n<h3 class=\"wp-block-heading\">Nowe Dania Sushi z Wyj\u0105tkowymi Sk\u0142adnikami<\/h3>\n\n\n\n<figure class=\"gb-block-image gb-block-image-a72e8c62\"><img loading=\"lazy\" decoding=\"async\" width=\"1456\" height=\"816\" class=\"gb-image gb-image-a72e8c62\" src=\"https:\/\/www.sisinternational.com\/wp-content\/uploads\/2025\/08\/japanese-food-suchi-1.jpg\" alt=\"SIS Mi\u0119dzynarodowe badania rynku i strategia\" title=\"japanese food suchi (1)\" srcset=\"https:\/\/www.sisinternational.com\/wp-content\/uploads\/2025\/08\/japanese-food-suchi-1.jpg 1456w, https:\/\/www.sisinternational.com\/wp-content\/uploads\/2025\/08\/japanese-food-suchi-1-300x168.jpg 300w, https:\/\/www.sisinternational.com\/wp-content\/uploads\/2025\/08\/japanese-food-suchi-1-1024x574.jpg 1024w, https:\/\/www.sisinternational.com\/wp-content\/uploads\/2025\/08\/japanese-food-suchi-1-768x430.jpg 768w, https:\/\/www.sisinternational.com\/wp-content\/uploads\/2025\/08\/japanese-food-suchi-1-18x10.jpg 18w\" sizes=\"auto, (max-width: 1456px) 100vw, 1456px\"><\/figure>\n\n\n\n<p><\/p>\n\n\n\n<p>Jednym z istotnych trend\u00f3w, kt\u00f3re maj\u0105 nap\u0119dza\u0107 wzrost \u015bwiatowego rynku restauracji sushi w przewidywanym okresie, jest wprowadzenie nowych i pomys\u0142owych da\u0144 sushi. Ponadto rozw\u00f3j technologiczny w restauracjach i rosn\u0105ca popularno\u015b\u0107 japo\u0144skiego jedzenia b\u0119d\u0105 w znacznym stopniu nap\u0119dza\u0107 \u015bwiatowy przemys\u0142 restauracji sushi w kolejnych latach.<\/p>\n\n\n\n<h2 class=\"wp-block-heading\">Badania rynku sushi Analiza krajobrazu konkurencyjnego<\/h2>\n\n\n\n<p>Sushi&nbsp; Market Research gathers information, statistics and data through an array of benchmarking tools to gain more corporate insight.&nbsp; Comparison of a business sector closest rival or to a group of comparable-sized enterprises within the same industry can provide valuable data and strategies in the sushi industry.<\/p>\n\n\n\n<h3 class=\"wp-block-heading\">Badania rynku dostarczaj\u0105 informacji na nast\u0119puj\u0105ce tematy:<\/h3>\n\n\n\n<ul class=\"wp-block-list\">\n<li>Przegl\u0105d korporacyjny<\/li>\n\n\n\n<li>Przychody i aktywa finansowe<\/li>\n\n\n\n<li>potencja\u0142 rynkowy<\/li>\n\n\n\n<li>Inwestycje w badania i rozw\u00f3j<\/li>\n\n\n\n<li>nowe inicjatywy rynkowe<\/li>\n\n\n\n<li>obecno\u015b\u0107 na ca\u0142ym \u015bwiecie<\/li>\n\n\n\n<li>miejsca i obiekty produkcyjne<\/li>\n\n\n\n<li>zdolno\u015b\u0107 produkcyjna<\/li>\n\n\n\n<li>mocne i s\u0142abe strony firmy<\/li>\n\n\n\n<li>Wprowadzenie do produktu<\/li>\n<\/ul>\n\n\n\n<h2 class=\"wp-block-heading\">Globalne czynniki demograficzne rynku sushi<\/h2>\n\n\n\n<figure class=\"gb-block-image gb-block-image-c11ef210\"><img loading=\"lazy\" decoding=\"async\" width=\"1456\" height=\"816\" class=\"gb-image gb-image-c11ef210\" src=\"https:\/\/www.sisinternational.com\/wp-content\/uploads\/2025\/08\/japanese-food-suchi-14.jpg\" alt=\"SIS Mi\u0119dzynarodowe badania rynku i strategia\" title=\"japanese food suchi (14)\" srcset=\"https:\/\/www.sisinternational.com\/wp-content\/uploads\/2025\/08\/japanese-food-suchi-14.jpg 1456w, https:\/\/www.sisinternational.com\/wp-content\/uploads\/2025\/08\/japanese-food-suchi-14-300x168.jpg 300w, https:\/\/www.sisinternational.com\/wp-content\/uploads\/2025\/08\/japanese-food-suchi-14-1024x574.jpg 1024w, https:\/\/www.sisinternational.com\/wp-content\/uploads\/2025\/08\/japanese-food-suchi-14-768x430.jpg 768w, https:\/\/www.sisinternational.com\/wp-content\/uploads\/2025\/08\/japanese-food-suchi-14-18x10.jpg 18w\" sizes=\"auto, (max-width: 1456px) 100vw, 1456px\"><\/figure>\n\n\n\n<p><\/p>\n\n\n\n<p>The competitive landscape of the sushi restaurant market gives information by competitor as well may it be with the major players or close competitor, or to a sushi industry segment of similar sized companies.&nbsp; The sushi industry&nbsp; is also analyzed as per information provided by country or region. Certain countries play key roles to the growth and development of the sushi industry:<\/p>\n\n\n\n<ul class=\"wp-block-list\">\n<li>Azja i Pacyfik zdominowa\u0142y rynek restauracji sushi ze wzgl\u0119du na obecno\u015b\u0107 tam wa\u017cnych firm i du\u017cy popyt na sushi w tym regionie.<\/li>\n\n\n\n<li>Ze wzgl\u0119du na rosn\u0105ce zapotrzebowanie regionu na kuchni\u0119 azjatyck\u0105, przewiduje si\u0119, \u017ce w latach 2021\u20132028 Ameryka P\u00f3\u0142nocna odnotuje znaczny wzrost.<\/li>\n<\/ul>\n\n\n\n<h2 class=\"wp-block-heading\">Globalny rynek sushi G\u0142\u00f3wni gracze<\/h2>\n\n\n\n<p>Krajobraz konkurencyjny rynku restauracji sushi dostarcza informacji o poszczeg\u00f3lnych konkurentach, niezale\u017cnie od tego, czy chodzi o g\u0142\u00f3wnych graczy, czy bliskich konkurent\u00f3w, czy te\u017c o segment bran\u017cy sushi o podobnej wielko\u015bci firmy.<\/p>\n\n\n\n<p><a href=\"https:\/\/www.sisinternational.com\/pl\/ekspertyza\/branze\/over-the-top-media-ott-market-research\/\" title=\"Badania rynku medi\u00f3w OTT (Over the Top Media)\"  data-wpil-monitor-id=\"6213\">Market Research provides insights into the top<\/a> major players in the sushi industry. The comprehensive vendor analysis is aimed at assisting clients enhance their market position, and in accordance with this, this research gives a thorough overview of a number of prominent <a href=\"https:\/\/www.sisinternational.com\/pl\/ekspertyza\/branze\/q-commerce-market-research\/\" title=\"Badania rynku Q-Commerce\"  data-wpil-monitor-id=\"4843\">sushi<\/a> restaurants market suppliers, such as:<\/p>\n\n\n\n<ol class=\"wp-block-list\">\n<li>Sushi Feng<\/li>\n\n\n\n<li>FOOD and LIFE COMPANIES Sp. z o.o.<\/li>\n\n\n\n<li>HAMAZUSHI Co. Ltd.<\/li>\n\n\n\n<li>Innowacyjna Grupa Jadalna<\/li>\n\n\n\n<li>Kappa Create Co. Ltd.<\/li>\n\n\n\n<li>Kura Sushi USA Inc.<\/li>\n\n\n\n<li>Firma cateringowa Maxims Caterers Ltd.<\/li>\n\n\n\n<li>Korporacja Peace Dining Corp.<\/li>\n\n\n\n<li>Sakae Holdings Ltd.<\/li>\n\n\n\n<li>Sushi z wasabi<\/li>\n<\/ol>\n\n\n\n<h2 class=\"wp-block-heading\">O badaniach rynku sushi<\/h2>\n\n\n\n<figure class=\"gb-block-image gb-block-image-ba6e5e35\"><img loading=\"lazy\" decoding=\"async\" width=\"1456\" height=\"816\" class=\"gb-image gb-image-ba6e5e35\" src=\"https:\/\/www.sisinternational.com\/wp-content\/uploads\/2025\/08\/japanese-food-suchi-12.jpg\" alt=\"SIS Mi\u0119dzynarodowe badania rynku i strategia\" title=\"japanese food suchi (12)\" srcset=\"https:\/\/www.sisinternational.com\/wp-content\/uploads\/2025\/08\/japanese-food-suchi-12.jpg 1456w, https:\/\/www.sisinternational.com\/wp-content\/uploads\/2025\/08\/japanese-food-suchi-12-300x168.jpg 300w, https:\/\/www.sisinternational.com\/wp-content\/uploads\/2025\/08\/japanese-food-suchi-12-1024x574.jpg 1024w, https:\/\/www.sisinternational.com\/wp-content\/uploads\/2025\/08\/japanese-food-suchi-12-768x430.jpg 768w, https:\/\/www.sisinternational.com\/wp-content\/uploads\/2025\/08\/japanese-food-suchi-12-18x10.jpg 18w\" sizes=\"auto, (max-width: 1456px) 100vw, 1456px\"><\/figure>\n\n\n\n<p><\/p>\n\n\n\n<p>The sushi market research provides insights into various business sectors vital to the dish&#8217;s production. The <a href=\"https:\/\/www.sisinternational.com\/pl\/ekspertyza\/branze\/condiment-market-research\/\" title=\"Badania rynku przypraw\"  data-wpil-monitor-id=\"3350\">research on the market<\/a> for sushi restaurants includes, but not limited to, the following key points:<\/p>\n\n\n\n<ul class=\"wp-block-list\">\n<li>Wielko\u015b\u0107 bran\u017cy lokali sushi<\/li>\n\n\n\n<li>Perspektywy biznesowe dla restauracji sushi<\/li>\n\n\n\n<li>Ocena rynku sektora restauracji sushi<\/li>\n<\/ul>\n\n\n\n<p>Dane i strategie w bran\u017cy sushi zostan\u0105 zestawione przy u\u017cyciu obiektywnej mieszanki danych pierwotnych i wt\u00f3rnych, a tak\u017ce opinii od lider\u00f3w bran\u017cy. Opr\u00f3cz kompletnego krajobrazu rynku i dostawc\u00f3w, badanie dostarcza analiz\u0119 wiod\u0105cych dostawc\u00f3w. Wyniki badania zapewni\u0105 oceny stabilno\u015bci finansowej, pozycjonowania strategicznego, ryzyka i szans, w\u015br\u00f3d innych czynnik\u00f3w bran\u017cy, kt\u00f3re ka\u017cda firma lub dyrektor musi zna\u0107.<\/p>","protected":false},"excerpt":{"rendered":"<p>Badania rynku sushi dostarczaj\u0105 informacji na temat r\u00f3\u017cnych proces\u00f3w biznesowych i sektor\u00f3w maj\u0105cych kluczowe znaczenie dla produkcji dania.<\/p>","protected":false},"author":1,"featured_media":63219,"parent":22018,"menu_order":189,"comment_status":"closed","ping_status":"closed","template":"","meta":{"footnotes":""},"class_list":["post-41584","page","type-page","status-publish","has-post-thumbnail"],"_links":{"self":[{"href":"https:\/\/www.sisinternational.com\/pl\/wp-json\/wp\/v2\/pages\/41584","targetHints":{"allow":["GET"]}}],"collection":[{"href":"https:\/\/www.sisinternational.com\/pl\/wp-json\/wp\/v2\/pages"}],"about":[{"href":"https:\/\/www.sisinternational.com\/pl\/wp-json\/wp\/v2\/types\/page"}],"author":[{"embeddable":true,"href":"https:\/\/www.sisinternational.com\/pl\/wp-json\/wp\/v2\/users\/1"}],"replies":[{"embeddable":true,"href":"https:\/\/www.sisinternational.com\/pl\/wp-json\/wp\/v2\/comments?post=41584"}],"version-history":[{"count":8,"href":"https:\/\/www.sisinternational.com\/pl\/wp-json\/wp\/v2\/pages\/41584\/revisions"}],"predecessor-version":[{"id":79798,"href":"https:\/\/www.sisinternational.com\/pl\/wp-json\/wp\/v2\/pages\/41584\/revisions\/79798"}],"up":[{"embeddable":true,"href":"https:\/\/www.sisinternational.com\/pl\/wp-json\/wp\/v2\/pages\/22018"}],"wp:featuredmedia":[{"embeddable":true,"href":"https:\/\/www.sisinternational.com\/pl\/wp-json\/wp\/v2\/media\/63219"}],"wp:attachment":[{"href":"https:\/\/www.sisinternational.com\/pl\/wp-json\/wp\/v2\/media?parent=41584"}],"curies":[{"name":"wp","href":"https:\/\/api.w.org\/{rel}","templated":true}]}}