{"id":41580,"date":"2023-02-14T18:37:15","date_gmt":"2023-02-14T18:37:15","guid":{"rendered":"https:\/\/www.sisinternational.com\/?page_id=41580"},"modified":"2026-01-24T18:46:26","modified_gmt":"2026-01-24T23:46:26","slug":"badania-rynku-malych-i-srednich-przedsiebiorstw","status":"publish","type":"page","link":"https:\/\/www.sisinternational.com\/pl\/ekspertyza\/badania-rynku-malych-i-srednich-przedsiebiorstw\/","title":{"rendered":"Badania rynku ma\u0142ych i \u015brednich przedsi\u0119biorstw"},"content":{"rendered":"<h1 class=\"wp-block-heading p1\">Badania rynku ma\u0142ych i \u015brednich przedsi\u0119biorstw<\/h1>\n\n\n\n<figure class=\"gb-block-image gb-block-image-e70ed3cd\"><img loading=\"lazy\" decoding=\"async\" width=\"1456\" height=\"816\" class=\"gb-image gb-image-e70ed3cd\" src=\"https:\/\/www.sisinternational.com\/wp-content\/uploads\/2025\/08\/Small-and-Medium-Enterprise-7.jpg\" alt=\"SIS Mi\u0119dzynarodowe badania rynku i strategia\" title=\"Small and Medium Enterprise (7)\" srcset=\"https:\/\/www.sisinternational.com\/wp-content\/uploads\/2025\/08\/Small-and-Medium-Enterprise-7.jpg 1456w, https:\/\/www.sisinternational.com\/wp-content\/uploads\/2025\/08\/Small-and-Medium-Enterprise-7-300x168.jpg 300w, https:\/\/www.sisinternational.com\/wp-content\/uploads\/2025\/08\/Small-and-Medium-Enterprise-7-1024x574.jpg 1024w, https:\/\/www.sisinternational.com\/wp-content\/uploads\/2025\/08\/Small-and-Medium-Enterprise-7-768x430.jpg 768w, https:\/\/www.sisinternational.com\/wp-content\/uploads\/2025\/08\/Small-and-Medium-Enterprise-7-18x10.jpg 18w\" sizes=\"auto, (max-width: 1456px) 100vw, 1456px\"><\/figure>\n\n\n\n<p><\/p>\n\n\n\n<p class=\"p3\">Ma\u0142e i \u015brednie przedsi\u0119biorstwa s\u0105 motorem nap\u0119dowym wielu gospodarek, wywieraj\u0105c znacz\u0105cy wp\u0142yw na ekspansj\u0119 gospodarcz\u0105. Dlatego te\u017c, aby pozosta\u0107 konkurencyjnym na ci\u0105gle ewoluuj\u0105cym rynku, ma\u0142e i \u015brednie przedsi\u0119biorstwa musz\u0105 kompleksowo rozumie\u0107 swoich klient\u00f3w, konkurencj\u0119 i tendencje bran\u017cowe.<span class=\"Apple-converted-space\">&nbsp;<\/span><\/p>\n\n\n\n<p class=\"p4\">Z tego powodu badania rynku ma\u0142ych i \u015brednich przedsi\u0119biorstw stanowi\u0105 platform\u0119, na kt\u00f3rej firmy mog\u0105 uzyska\u0107 kluczowe dane i wiedz\u0119, pomocne w podejmowaniu decyzji i opracowywaniu skutecznych plan\u00f3w rozwoju.<\/p>\n\n\n\n<h2 class=\"wp-block-heading p5\">Znaczenie i korzy\u015bci p\u0142yn\u0105ce z bada\u0144 rynku ma\u0142ych i \u015brednich przedsi\u0119biorstw w podejmowaniu decyzji biznesowych<\/h2>\n\n\n\n<p class=\"p3\">Conducting small and medium enterprise market research is a vital step to understanding their customers, industry, and competitors. It enables companies to gain <a href=\"https:\/\/www.sisinternational.com\/pl\/rozwiazania\/customer-insights\/\" title=\"Spostrze\u017cenia klient\u00f3w\"  data-wpil-monitor-id=\"8223\">insights into customer<\/a> needs and preferences, recognize market opportunities, assess the competition, and uncover potential for growth.<span class=\"Apple-converted-space\">&nbsp;<\/span><\/p>\n\n\n\n<p class=\"p3\">It is of paramount importance to be aware of the limited resources, high operational costs, and changing customer needs that small and medium enterprises face \u2013 through market research, they can make informed decisions and <a href=\"https:\/\/www.sisinternational.com\/pl\/rozwiazania\/doradztwo-strategiczne\/strategy-development-execution-consulting\/\" title=\"Doradztwo w zakresie opracowywania i realizacji strategii\"  data-wpil-monitor-id=\"8221\">develop effective strategies<\/a> to manage these challenges.<\/p>\n\n\n\n<h3 class=\"wp-block-heading p3\">Poni\u017cej przedstawiono niekt\u00f3re z najwa\u017cniejszych korzy\u015bci wynikaj\u0105cych z bada\u0144 rynku ma\u0142ych i \u015brednich przedsi\u0119biorstw przy podejmowaniu decyzji biznesowych:<\/h3>\n\n\n\n<figure class=\"gb-block-image gb-block-image-9b965e78\"><img loading=\"lazy\" decoding=\"async\" width=\"1456\" height=\"816\" class=\"gb-image gb-image-9b965e78\" src=\"https:\/\/www.sisinternational.com\/wp-content\/uploads\/2025\/08\/Small-and-Medium-Enterprise-3.jpg\" alt=\"SIS Mi\u0119dzynarodowe badania rynku i strategia\" title=\"Small and Medium Enterprise (3)\" srcset=\"https:\/\/www.sisinternational.com\/wp-content\/uploads\/2025\/08\/Small-and-Medium-Enterprise-3.jpg 1456w, https:\/\/www.sisinternational.com\/wp-content\/uploads\/2025\/08\/Small-and-Medium-Enterprise-3-300x168.jpg 300w, https:\/\/www.sisinternational.com\/wp-content\/uploads\/2025\/08\/Small-and-Medium-Enterprise-3-1024x574.jpg 1024w, https:\/\/www.sisinternational.com\/wp-content\/uploads\/2025\/08\/Small-and-Medium-Enterprise-3-768x430.jpg 768w, https:\/\/www.sisinternational.com\/wp-content\/uploads\/2025\/08\/Small-and-Medium-Enterprise-3-18x10.jpg 18w\" sizes=\"auto, (max-width: 1456px) 100vw, 1456px\"><\/figure>\n\n\n\n<ul class=\"wp-block-list\">\n<li>Firmy mog\u0105 zrozumie\u0107 potrzeby, preferencje i zachowania klient\u00f3w. Dzi\u0119ki tym danym ma\u0142e i \u015brednie firmy mog\u0105 dostosowa\u0107 swoje produkty i us\u0142ugi do potrzeb klienta i tworzy\u0107 skuteczne taktyki marketingowe, aby dotrze\u0107 do swojego rynku docelowego.<\/li>\n\n\n\n<li>By conducting small and medium enterprise market research, organizations can gain valuable insights into potential business opportunities. Through leveraging emerging trends, exploring untapped customer segments, and evaluating potential partnerships, they can <a href=\"https:\/\/www.sisinternational.com\/pl\/ekspertyza\/branze\/restaurant-food-menu-optimization-market-research\/\" title=\"Badania rynku optymalizacji menu restauracji i \u017cywno\u015bci\"  data-wpil-monitor-id=\"8222\">optimize their market<\/a> share and drive sustained growth.<\/li>\n\n\n\n<li>Enterprises can leverage small and medium enterprise market research to gain insights into the competitive landscape, and understand their own competitive advantages and disadvantages compared to other players. With this knowledge, small and <a href=\"https:\/\/www.sisinternational.com\/pl\/large-scale-research-for-small-companies\/\" title=\"Badania na du\u017c\u0105 skal\u0119 dla ma\u0142ych firm\"  data-wpil-monitor-id=\"2331\">medium companies can create and execute strategies<\/a> to differentiate themselves and effectively position themselves in a crowded market.<\/li>\n\n\n\n<li>Ma\u0142e i \u015brednie przedsi\u0119biorstwa mog\u0105 wykorzysta\u0107 badania rynku, aby uzyska\u0107 wgl\u0105d klient\u00f3w w wydajno\u015b\u0107 swoich produkt\u00f3w i us\u0142ug. Dzi\u0119ki tym danym mog\u0105 odkry\u0107 obszary do poprawy i zaktualizowa\u0107 swoj\u0105 ofert\u0119, aby lepiej spe\u0142nia\u0107 oczekiwania klient\u00f3w.<\/li>\n\n\n\n<li>Dzi\u0119ki badaniom rynku prowadzonym w ma\u0142ych i \u015brednich przedsi\u0119biorstwach przedsi\u0119biorstwa mog\u0105 podejmowa\u0107 decyzje w oparciu o faktyczne dane, zwi\u0119kszaj\u0105c w ten spos\u00f3b swoje szanse na sukces i przysz\u0142y rozw\u00f3j.<\/li>\n<\/ul>\n\n\n\n<h2 class=\"wp-block-heading p5\">Najlepsze praktyki i cele bada\u0144 rynku ma\u0142ych i \u015brednich przedsi\u0119biorstw<\/h2>\n\n\n\n<p class=\"p3\">Aby stworzy\u0107 udane badanie rynku, konieczne jest ustalenie jasnego problemu badawczego, kt\u00f3ry jest zgodny z celami biznesowymi. Nast\u0119pnie nale\u017cy okre\u015bli\u0107 najbardziej odpowiedni\u0105 metod\u0119 badawcz\u0105 (ankiety, grupy fokusowe, wywiady itp.) oraz populacj\u0119 docelow\u0105 i wielko\u015b\u0107 pr\u00f3by.<\/p>\n\n\n\n<p class=\"p3\">This approach allows consulting firms to <a href=\"https:\/\/www.sisinternational.com\/pl\/zasieg\/europa\/market-research-liverpool-uk\/\" title=\"Badania rynku w Liverpoolu | Grupy fokusowe w Wielkiej Brytanii i zbieranie danych\"  data-wpil-monitor-id=\"8210\">collect the required data<\/a> and draw conclusions based on facts. On the other hand, small and medium enterprises often leverage market research to reach their goals <span class=\"s1\">\u2013<b> <\/b><\/span>a ich najcz\u0119stsze cele to:<\/p>\n\n\n\n<ul class=\"wp-block-list\">\n<li>Zdob\u0105d\u017a dog\u0142\u0119bn\u0105 wiedz\u0119 na temat potrzeb i preferencji swoich klient\u00f3w, aby m\u00f3c tworzy\u0107 produkty i us\u0142ugi spe\u0142niaj\u0105ce ich oczekiwania.<\/li>\n\n\n\n<li>Identify and <a href=\"https:\/\/www.sisinternational.com\/pl\/zasieg\/badania-rynku-azja\/asia-market-opportunities-assessments\/\" title=\"Oceny mo\u017cliwo\u015bci rynkowych w Azji\"  data-wpil-monitor-id=\"8207\">assess potential market opportunities<\/a> to remain competitive and expand their operations.<\/li>\n\n\n\n<li>Zdob\u0105d\u017a przewag\u0119 konkurencyjn\u0105, gromadz\u0105c dane zapewniaj\u0105ce cenny wgl\u0105d w mocne i s\u0142abe strony konkurent\u00f3w. Dzi\u0119ki temu ma\u0142e i \u015brednie przedsi\u0119biorstwa b\u0119d\u0105 mog\u0142y skutecznie oceni\u0107 sytuacj\u0119 konkurencyjn\u0105 i zidentyfikowa\u0107 potencjalne mo\u017cliwo\u015bci.<\/li>\n\n\n\n<li>Oce\u0144 wydajno\u015b\u0107 swoich produkt\u00f3w i us\u0142ug, aby okre\u015bli\u0107 potencjalne obszary udoskonale\u0144 i udoskonali\u0107 swoj\u0105 ofert\u0119 w celu lepszego zaspokojenia potrzeb klient\u00f3w.<\/li>\n<\/ul>\n\n\n\n<h2 class=\"wp-block-heading p5\">Mo\u017cliwo\u015bci bada\u0144 rynku dla ma\u0142ych i \u015brednich przedsi\u0119biorstw<\/h2>\n\n\n\n<ul class=\"wp-block-list\">\n<li>Businesses can benefit from small and medium enterprise market research to identify untapped market segments. By gaining an understanding of the distinct needs and preferences of various consumer segments, companies can craft their <a href=\"https:\/\/www.sisinternational.com\/pl\/rozwiazania\/badania-rynku-w-grupie-fokusowej\/\" title=\"Badania rynku w grupie fokusowej\"  data-wpil-monitor-id=\"8213\">marketing plans to target specific groups<\/a> effectively.<\/li>\n\n\n\n<li>Przeprowadzanie bada\u0144 rynku jest istotnym elementem wprowadzania nowych produkt\u00f3w lub us\u0142ug. Pozwala ma\u0142ym i \u015brednim przedsi\u0119biorstwom wykry\u0107 potencjalne perspektywy dla nowych produkt\u00f3w. Analizuj\u0105c pragnienia konsument\u00f3w, firmy mog\u0105 produkowa\u0107 przedmioty lub us\u0142ugi, kt\u00f3re dok\u0142adnie spe\u0142niaj\u0105 wymagania ich grupy docelowej. Badania rynku mog\u0105 zapewni\u0107 firmom cenny wgl\u0105d w zadowolenie klient\u00f3w. Gromadz\u0105c opinie od klient\u00f3w, firmy mog\u0105 wskaza\u0107 mo\u017cliwo\u015bci ulepsze\u0144 i dokona\u0107 zmian w swoich produktach, us\u0142ugach lub praktykach obs\u0142ugi klienta, aby lepiej dostosowa\u0107 si\u0119 do potrzeb swoich klient\u00f3w.<\/li>\n\n\n\n<li>Przeprowadzenie bada\u0144 rynku ma\u0142ych i \u015brednich przedsi\u0119biorstw daje doskona\u0142y obraz krajobrazu konkurencyjnego. Pomaga organizacjom wyr\u00f3\u017cni\u0107 si\u0119 i opracowa\u0107 plany uzyskania przewagi na rynku.<\/li>\n\n\n\n<li>Przedsi\u0119biorstwa mog\u0105 ogranicza\u0107 ryzyko, wykorzystuj\u0105c badania rynku, aby by\u0107 na bie\u017c\u0105co z aktualnymi trendami rynkowymi i preferencjami konsument\u00f3w.<span class=\"Apple-converted-space\">\u00a0<\/span><\/li>\n<\/ul>\n\n\n\n<h2 class=\"wp-block-heading p5\">Wyzwania i ograniczenia bada\u0144 rynku ma\u0142ych i \u015brednich przedsi\u0119biorstw<\/h2>\n\n\n\n<figure class=\"gb-block-image gb-block-image-ce1b03a0\"><img loading=\"lazy\" decoding=\"async\" width=\"1456\" height=\"816\" class=\"gb-image gb-image-ce1b03a0\" src=\"https:\/\/www.sisinternational.com\/wp-content\/uploads\/2025\/08\/Small-and-Medium-Enterprise-2.jpg\" alt=\"SIS Mi\u0119dzynarodowe badania rynku i strategia\" title=\"Small and Medium Enterprise (2)\" srcset=\"https:\/\/www.sisinternational.com\/wp-content\/uploads\/2025\/08\/Small-and-Medium-Enterprise-2.jpg 1456w, https:\/\/www.sisinternational.com\/wp-content\/uploads\/2025\/08\/Small-and-Medium-Enterprise-2-300x168.jpg 300w, https:\/\/www.sisinternational.com\/wp-content\/uploads\/2025\/08\/Small-and-Medium-Enterprise-2-1024x574.jpg 1024w, https:\/\/www.sisinternational.com\/wp-content\/uploads\/2025\/08\/Small-and-Medium-Enterprise-2-768x430.jpg 768w, https:\/\/www.sisinternational.com\/wp-content\/uploads\/2025\/08\/Small-and-Medium-Enterprise-2-18x10.jpg 18w\" sizes=\"auto, (max-width: 1456px) 100vw, 1456px\"><\/figure>\n\n\n\n<ul class=\"wp-block-list ul1\">\n<li>Ma\u0142e i \u015brednie przedsi\u0119biorstwa cz\u0119sto borykaj\u0105 si\u0119 z ograniczeniami zasob\u00f3w, kt\u00f3re mog\u0105 utrudnia\u0107 im przeprowadzanie kompleksowych bada\u0144 rynku.<\/li>\n\n\n\n<li>Ma\u0142e i \u015brednie przedsi\u0119biorstwa mog\u0105 nie mie\u0107 takiego samego poziomu wiedzy specjalistycznej i \u015bwiadomo\u015bci w zakresie bada\u0144 rynku jak du\u017ce organizacje.<\/li>\n\n\n\n<li>Przedsi\u0119biorstwa mog\u0105 nie dysponowa\u0107 takimi samymi zasobami finansowymi, jakie mog\u0105 przeznaczy\u0107 na badania rynku, jak wi\u0119ksze korporacje.<\/li>\n\n\n\n<li>Ze wzgl\u0119du na mo\u017cliwo\u015b\u0107 zmniejszenia liczebno\u015bci pr\u00f3by, ma\u0142e i \u015brednie przedsi\u0119biorstwa mog\u0105 mie\u0107 trudno\u015bci z uzyskaniem statystycznie istotnych wynik\u00f3w.<\/li>\n\n\n\n<li>Small enterprises may find it difficult to compete with larger companies that possess greater <a href=\"https:\/\/www.sisinternational.com\/pl\/ekspertyza\/branze\/natural-resources-market-research\/\" title=\"Badania rynku zasob\u00f3w naturalnych\"  data-wpil-monitor-id=\"8217\">resources and information for market<\/a> analysis.<\/li>\n<\/ul>\n\n\n\n<h2 class=\"wp-block-heading p5\">Przysz\u0142e trendy i rozwa\u017cania dotycz\u0105ce bada\u0144 rynku ma\u0142ych i \u015brednich przedsi\u0119biorstw<\/h2>\n\n\n\n<ul class=\"wp-block-list\">\n<li>Wraz z rozwojem \u015bwiatowej gospodarki ro\u015bnie znaczenie ma\u0142ych i \u015brednich przedsi\u0119biorstw. Dlatego te\u017c, aby pozosta\u0107 konkurencyjnymi, firmy musz\u0105 mie\u0107 dost\u0119p do dok\u0142adnych bada\u0144 rynku, kt\u00f3re pomog\u0105 im podejmowa\u0107 \u015bwiadome decyzje. Bior\u0105c to pod uwag\u0119, popyt na badania rynku ma\u0142ych i \u015brednich przedsi\u0119biorstw prawdopodobnie wzro\u015bnie.<\/li>\n\n\n\n<li>Pojawienie si\u0119 rozwi\u0105za\u0144 big data i analityki otworzy\u0142o ma\u0142ym i \u015brednim przedsi\u0119biorstwom drzwi do bardziej kompleksowych technik bada\u0144 rynku. Narz\u0119dzia te mog\u0105 zapewni\u0107 przedsi\u0119biorstwom lepszy wgl\u0105d w tendencje, sk\u0142onno\u015bci i zachowania zakupowe klient\u00f3w.<\/li>\n\n\n\n<li>Wraz ze wzrostem konkurencji na rynku, ma\u0142e i \u015brednie przedsi\u0119biorstwa u\u015bwiadomi\u0142y sobie zalety wsp\u00f3\u0142pracy ze sob\u0105. Firmy te mog\u0105 \u0142\u0105czy\u0107 swoje zasoby i wiedz\u0119 specjalistyczn\u0105, aby przeprowadzi\u0107 badania rynku i uzyska\u0107 bardziej wszechstronne zrozumienie swoich klient\u00f3w i rynku.<\/li>\n\n\n\n<li>Strategically-directed small and medium enterprise market research can provide businesses with the valuable insights they need to identify and capitalize on customer preferences, behaviors, and conversations on social media. By leveraging these insights, companies can effectively tailor their <a href=\"https:\/\/www.sisinternational.com\/pl\/ekspertyza\/branze\/food-beverage-voice-of-the-customer-market-research\/\" title=\"Badania rynku \u017cywno\u015bci i napoj\u00f3w G\u0142os klienta\"  data-wpil-monitor-id=\"8220\">marketing campaigns for greater customer<\/a> engagement.<\/li>\n\n\n\n<li>Sztuczna inteligencja (AI) i uczenie maszynowe (ML) mog\u0105 zwi\u0119kszy\u0107 produktywno\u015b\u0107 ma\u0142ych i \u015brednich przedsi\u0119biorstw i uczyni\u0107 je bardziej konkurencyjnymi. W rezultacie oczekuje si\u0119, \u017ce nawet ma\u0142e firmy wykorzystaj\u0105 AI i ML, aby zwi\u0119kszy\u0107 produktywno\u015b\u0107 i rozszerzy\u0107 swoj\u0105 dzia\u0142alno\u015b\u0107.<\/li>\n<\/ul>\n\n\n\n<p class=\"p3\">SIS International oferuje badania ilo\u015bciowe, jako\u015bciowe i strategiczne. Dostarczamy dane, narz\u0119dzia, strategie, raporty i spostrze\u017cenia do podejmowania decyzji. Przeprowadzamy wywiady, ankiety, grupy fokusowe i wiele innych metod i podej\u015b\u0107 bada\u0144 rynku. Skontaktuj si\u0119 z nami w sprawie swojego kolejnego projektu bada\u0144 rynku.<\/p>","protected":false},"excerpt":{"rendered":"<p>Przeprowadzenie bada\u0144 rynku w ma\u0142ych i \u015brednich przedsi\u0119biorstwach jest kluczowym krokiem w zrozumieniu ich klient\u00f3w, bran\u017cy i konkurent\u00f3w.<\/p>","protected":false},"author":1,"featured_media":64551,"parent":14514,"menu_order":187,"comment_status":"closed","ping_status":"closed","template":"","meta":{"footnotes":""},"class_list":["post-41580","page","type-page","status-publish","has-post-thumbnail"],"_links":{"self":[{"href":"https:\/\/www.sisinternational.com\/pl\/wp-json\/wp\/v2\/pages\/41580","targetHints":{"allow":["GET"]}}],"collection":[{"href":"https:\/\/www.sisinternational.com\/pl\/wp-json\/wp\/v2\/pages"}],"about":[{"href":"https:\/\/www.sisinternational.com\/pl\/wp-json\/wp\/v2\/types\/page"}],"author":[{"embeddable":true,"href":"https:\/\/www.sisinternational.com\/pl\/wp-json\/wp\/v2\/users\/1"}],"replies":[{"embeddable":true,"href":"https:\/\/www.sisinternational.com\/pl\/wp-json\/wp\/v2\/comments?post=41580"}],"version-history":[{"count":5,"href":"https:\/\/www.sisinternational.com\/pl\/wp-json\/wp\/v2\/pages\/41580\/revisions"}],"predecessor-version":[{"id":81381,"href":"https:\/\/www.sisinternational.com\/pl\/wp-json\/wp\/v2\/pages\/41580\/revisions\/81381"}],"up":[{"embeddable":true,"href":"https:\/\/www.sisinternational.com\/pl\/wp-json\/wp\/v2\/pages\/14514"}],"wp:featuredmedia":[{"embeddable":true,"href":"https:\/\/www.sisinternational.com\/pl\/wp-json\/wp\/v2\/media\/64551"}],"wp:attachment":[{"href":"https:\/\/www.sisinternational.com\/pl\/wp-json\/wp\/v2\/media?parent=41580"}],"curies":[{"name":"wp","href":"https:\/\/api.w.org\/{rel}","templated":true}]}}