{"id":41568,"date":"2023-02-13T04:01:17","date_gmt":"2023-02-13T04:01:17","guid":{"rendered":"https:\/\/www.sisinternational.com\/?page_id=41568"},"modified":"2026-01-24T21:27:18","modified_gmt":"2026-01-25T02:27:18","slug":"badania-rynku-olejow-roslinnych","status":"publish","type":"page","link":"https:\/\/www.sisinternational.com\/pl\/ekspertyza\/badania-rynku-olejow-roslinnych\/","title":{"rendered":"Badania rynku olej\u00f3w ro\u015blinnych"},"content":{"rendered":"<h1 class=\"wp-block-heading\">Badania rynku olej\u00f3w ro\u015blinnych<\/h1>\n\n\n\n<figure class=\"gb-block-image gb-block-image-61d16bc2\"><img loading=\"lazy\" decoding=\"async\" width=\"1456\" height=\"816\" class=\"gb-image gb-image-61d16bc2\" src=\"https:\/\/www.sisinternational.com\/wp-content\/uploads\/2025\/08\/Palm-oiil-2.jpg\" alt=\"SIS Mi\u0119dzynarodowe badania rynku i strategia\" title=\"Palm oiil (2)\" srcset=\"https:\/\/www.sisinternational.com\/wp-content\/uploads\/2025\/08\/Palm-oiil-2.jpg 1456w, https:\/\/www.sisinternational.com\/wp-content\/uploads\/2025\/08\/Palm-oiil-2-300x168.jpg 300w, https:\/\/www.sisinternational.com\/wp-content\/uploads\/2025\/08\/Palm-oiil-2-1024x574.jpg 1024w, https:\/\/www.sisinternational.com\/wp-content\/uploads\/2025\/08\/Palm-oiil-2-768x430.jpg 768w, https:\/\/www.sisinternational.com\/wp-content\/uploads\/2025\/08\/Palm-oiil-2-18x10.jpg 18w\" sizes=\"auto, (max-width: 1456px) 100vw, 1456px\"><\/figure>\n\n\n\n<p><\/p>\n\n\n\n<h2 class=\"wp-block-heading\">Czym jest olej ro\u015blinny?<\/h2>\n\n\n\n<p>Olej ro\u015blinny pochodzi z olej\u00f3w ro\u015blinnych ekstrahowanych nie tylko z warzyw, ale tak\u017ce z nasion, orzech\u00f3w, ziaren lub niekt\u00f3rych rodzaj\u00f3w owoc\u00f3w. Ma wiele odmian, ale ka\u017cda jest niezwykle wszechstronna, s\u0142u\u017c\u0105c r\u00f3\u017cnym celom w kuchni, takim jak gotowanie, sma\u017cenie na g\u0142\u0119bokim t\u0142uszczu, sma\u017cenie, pieczenie i dressing. Jego przeznaczenie nie ko\u0144czy si\u0119 na kuchni ani przemy\u015ble spo\u017cywczym. Olej ro\u015blinny jest wa\u017cnym sk\u0142adnikiem wielu innych zastosowa\u0144 przemys\u0142owych i hodowlanych.<\/p>\n\n\n\n<h2 class=\"wp-block-heading\">Jak powstaje olej ro\u015blinny?<\/h2>\n\n\n\n<p>Nowoczesne techniki ekstrakcji mog\u0105 wyekstrahowa\u0107 do 98% zawarto\u015bci oleju w niekt\u00f3rych ro\u015blinach, w przeciwie\u0144stwie do metod dost\u0119pnych w pocz\u0105tkach, gdzie mo\u017cna by\u0142o wyekstrahowa\u0107 tylko do 10% oleju. Takie techniki sprawiaj\u0105, \u017ce ekstrakcja oleju z orzech\u00f3w i nasion jest bardziej wydajna i pozwalaj\u0105 na dost\u0119pno\u015b\u0107 na rynku r\u00f3\u017cnych odmian olej\u00f3w ro\u015blinnych.<\/p>\n\n\n\n<h2 class=\"wp-block-heading\">Ekstrakcja olej\u00f3w ro\u015blinnych obejmuje czteroetapowy proces, na kt\u00f3ry sk\u0142adaj\u0105 si\u0119 nast\u0119puj\u0105ce czynno\u015bci:<\/h2>\n\n\n\n<h3 class=\"wp-block-heading\">Czyszczenie<\/h3>\n\n\n\n<p>Nasiona lub orzechy musz\u0105 przej\u015b\u0107 dok\u0142adny proces czyszczenia, a nast\u0119pnie przejecha\u0107 magnesami, aby usun\u0105\u0107 \u015blady metalu. Sk\u00f3rka zostanie zdj\u0119ta, a nast\u0119pnie zmia\u017cd\u017cona mechanicznie przed podgrzaniem.<\/p>\n\n\n\n<h3 class=\"wp-block-heading\">Pilny<\/h3>\n\n\n\n<p>Podgrzane, rozgniecione nasiona lub orzechy s\u0105 mechanicznie prasowane, co pozwala na wydobycie oleju.<\/p>\n\n\n\n<h3 class=\"wp-block-heading\">Ekstrakcja rozpuszczalnikowa<\/h3>\n\n\n\n<p>Aby ekstrakcja by\u0142a bardziej efektywna, do rozpuszczonego oleju zostanie dodany rozpuszczalnik po usuni\u0119ciu \u201eciasta olejowego\u201d. Nast\u0119pnie olej zostanie poddany destylacji w celu usuni\u0119cia rozpuszczalnika.<\/p>\n\n\n\n<h3 class=\"wp-block-heading\">Rafinacja<\/h3>\n\n\n\n<p>Proces rafinacji obejmuje podgrzanie oleju do 85 \u00b0C i zmieszanie go z substancj\u0105 alkaliczn\u0105. Nast\u0119pnie olej zostanie poddany dzia\u0142aniu wody lub kwasu w celu odgumowania. Nast\u0119pnie oleje zostan\u0105 wybielone w celu usuni\u0119cia naturalnych kolor\u00f3w. Na koniec para od\u015bwie\u017cy oleje, a niewielka ilo\u015b\u0107 kwasu cytrynowego zostanie dodana w celu wyeliminowania \u015bladowych materia\u0142\u00f3w, kt\u00f3re mog\u0105 skr\u00f3ci\u0107 okres przydatno\u015bci oleju.<\/p>\n\n\n\n<h2 class=\"wp-block-heading\">Korzy\u015bci zdrowotne<\/h2>\n\n\n\n<p>Some of the common vegetable <a href=\"https:\/\/www.sisinternational.com\/pl\/ekspertyza\/branze\/oil-and-gas-market-research\/\" title=\"Badania rynku ropy naftowej i gazu\"  data-wpil-monitor-id=\"3088\">oils in the market<\/a> include sunflower oil, palm oil, canola oil, hazelnut oil, soybean oil, almond oil, and olive oil, to mention a few. These are known for providing many health benefits, particularly in controlling heart health.<\/p>\n\n\n\n<p>Oleje ro\u015blinne zawieraj\u0105 tr\u00f3jglicerydy, takie jak te znajduj\u0105ce si\u0119 w t\u0142uszczach zwierz\u0119cych, takich jak mas\u0142o i smalec. Jednak spo\u017cywane w zdrowych ilo\u015bciach mog\u0105 pom\u00f3c w kontrolowaniu poziomu cholesterolu we krwi, cukru we krwi i ci\u015bnienia krwi, zmniejszaj\u0105c ryzyko chor\u00f3b sercowo-naczyniowych.<\/p>\n\n\n\n<p>Niekt\u00f3re oleje ro\u015blinne s\u0105 bogate w witamin\u0119 E, przeciwutleniacz, kt\u00f3ry wspomaga odporno\u015b\u0107 i pomaga organizmowi zwalcza\u0107 wolne rodniki. Ponadto oleje ro\u015blinne mog\u0105 r\u00f3wnie\u017c zmniejsza\u0107 ryzyko raka piersi, gdy s\u0105 regularnie stosowane. Inne korzy\u015bci zdrowotne olej\u00f3w ro\u015blinnych mog\u0105 obejmowa\u0107 popraw\u0119 metabolizmu, promowanie wzrostu i naprawy kom\u00f3rek, popraw\u0119 nastroju, zapobieganie osteoporozie i wiele innych.<\/p>\n\n\n\n<h2 class=\"wp-block-heading\">Przemys\u0142 spo\u017cywczy<\/h2>\n\n\n\n<p>Wiele restauracji i przedsi\u0119biorstw spo\u017cywczych u\u017cywa olej\u00f3w ro\u015blinnych do gotowania i sma\u017cenia. Oleje te wytrzymuj\u0105 gotowanie w wysokiej temperaturze, co nie powoduje dymienia i nie nadaje jedzeniu gorzkiego, przypalonego smaku. Ponadto oleje te maj\u0105 jedynie \u0142agodny lub \u017caden smak, co nie wp\u0142ywa na smak sos\u00f3w sa\u0142atkowych, chleba, ciast i innych wypiek\u00f3w. Sprawiaj\u0105 one, \u017ce oleje ro\u015blinne s\u0105 po\u017c\u0105dane w przemy\u015ble spo\u017cywczym.<\/p>\n\n\n\n<h2 class=\"wp-block-heading\">Inne zastosowania przemys\u0142owe<\/h2>\n\n\n\n<figure class=\"gb-block-image gb-block-image-bc6b5ff4\"><img loading=\"lazy\" decoding=\"async\" width=\"1456\" height=\"816\" class=\"gb-image gb-image-bc6b5ff4\" src=\"https:\/\/www.sisinternational.com\/wp-content\/uploads\/2025\/08\/Palm-oiil-1.jpg\" alt=\"SIS Mi\u0119dzynarodowe badania rynku i strategia\" title=\"Palm oiil (1)\" srcset=\"https:\/\/www.sisinternational.com\/wp-content\/uploads\/2025\/08\/Palm-oiil-1.jpg 1456w, https:\/\/www.sisinternational.com\/wp-content\/uploads\/2025\/08\/Palm-oiil-1-300x168.jpg 300w, https:\/\/www.sisinternational.com\/wp-content\/uploads\/2025\/08\/Palm-oiil-1-1024x574.jpg 1024w, https:\/\/www.sisinternational.com\/wp-content\/uploads\/2025\/08\/Palm-oiil-1-768x430.jpg 768w, https:\/\/www.sisinternational.com\/wp-content\/uploads\/2025\/08\/Palm-oiil-1-18x10.jpg 18w\" sizes=\"auto, (max-width: 1456px) 100vw, 1456px\"><\/figure>\n\n\n\n<p><\/p>\n\n\n\n<p>Oleje ro\u015blinne s\u0105 wa\u017cnymi sk\u0142adnikami stosowanymi w produkcji myde\u0142, detergent\u00f3w, produkt\u00f3w do piel\u0119gnacji sk\u00f3ry, \u015bwiec, perfum i innych artyku\u0142\u00f3w do piel\u0119gnacji cia\u0142a.<\/p>\n\n\n\n<p>Niekt\u00f3re oleje ro\u015blinne s\u0105 r\u00f3wnie\u017c stosowane w formulacjach farb i produktach do obr\u00f3bki drewna. S\u0105 one r\u00f3wnie\u017c wykorzystywane jako surowce do produkcji biopaliw. Produkcja olej\u00f3w ro\u015blinnych jest r\u00f3wnie\u017c produktem ubocznym, z kt\u00f3rego powstaj\u0105 pasze dla zwierz\u0105t gospodarskich.<\/p>\n\n\n\n<h2 class=\"wp-block-heading\">Kluczowe stanowiska<\/h2>\n\n\n\n<p>Przemys\u0142 olej\u00f3w ro\u015blinnych potrzebuje r\u00f3\u017cnych umiej\u0119tno\u015bci specjalizuj\u0105cych si\u0119 w rolnictwie i uprawie ogrodu oraz zarz\u0105dzaniu nim. Osoby z uznanym do\u015bwiadczeniem w in\u017cynierii, nauce i technologii oraz pokrewnych dziedzinach mog\u0105 r\u00f3wnie\u017c znale\u017a\u0107 \u015bcie\u017ck\u0119 kariery w tej dziedzinie. Wraz z rozwojem bran\u017cy dost\u0119pnych b\u0119dzie wi\u0119cej stanowisk.<\/p>\n\n\n\n<h3 class=\"wp-block-heading\">Poni\u017cej znajduje si\u0119 lista najwa\u017cniejszych stanowisk:<\/h3>\n\n\n\n<ul class=\"wp-block-list\">\n<li>Ogrodnik<\/li>\n\n\n\n<li>Analityk surowc\u00f3w<\/li>\n\n\n\n<li>Technik laboratoryjny<\/li>\n\n\n\n<li>Mened\u017cer ekstrakcji<\/li>\n\n\n\n<li>Kierownik ds. operacyjnych zak\u0142adu<\/li>\n\n\n\n<li>Dyrektor generalny plantacji<\/li>\n\n\n\n<li>Operator procesu<\/li>\n\n\n\n<li>Operator farmy<\/li>\n\n\n\n<li>In\u017cynier fabryczny<\/li>\n\n\n\n<li>Mechanik ds. konserwacji<\/li>\n<\/ul>\n\n\n\n<h2 class=\"wp-block-heading\">Dlaczego firmy potrzebuj\u0105 bada\u0144 rynku olej\u00f3w ro\u015blinnych?<\/h2>\n\n\n\n<p>Ze wzgl\u0119du na du\u017c\u0105 wszechstronno\u015b\u0107, niskie koszty produkcji i powszechn\u0105 dost\u0119pno\u015b\u0107 olej\u00f3w ro\u015blinnych, ich popyt na rynku stale ro\u015bnie.<\/p>\n\n\n\n<p>Oleje ro\u015blinne zawieraj\u0105 tr\u00f3jglicerydy, powszechnie znane jako t\u0142uszcze, kt\u00f3re mog\u0105 by\u0107 dobrym substytutem t\u0142uszcz\u00f3w zwierz\u0119cych i petrochemikali\u00f3w do zastosowa\u0144 spo\u017cywczych i niespo\u017cywczych. Zgodnie z tym przemys\u0142 spo\u017cywczy stale si\u0119 rozwija, a r\u00f3\u017cni producenci pracuj\u0105 nad r\u00f3\u017cnymi innowacjami produktowymi.<\/p>\n\n\n\n<p>Z tych powod\u00f3w rynek olej\u00f3w ro\u015blinnych nadal si\u0119 rozwija. Ponadto wielu klient\u00f3w przesz\u0142o na oleje ro\u015blinne ze wzgl\u0119du na ich korzy\u015bci zdrowotne.<\/p>\n\n\n\n<p>Vegetable <a href=\"https:\/\/www.sisinternational.com\/pl\/rozwiazania\/oil-and-gas-pipeline-market-research\/\" title=\"Oil and Gas Pipeline Market Research\"  data-wpil-monitor-id=\"2156\">oil market research<\/a> can help businesses gain valuable information from the current market conditions, consumers&#8217; insights and preferences, competitors&#8217; strategies, and industry trends.<\/p>\n\n\n\n<p>Mog\u0105 one pom\u00f3c firmom podejmowa\u0107 strategiczne decyzje dotycz\u0105ce ulepszania swoich produkt\u00f3w, cen i marketingu, a tak\u017ce identyfikowa\u0107 potencjalne mo\u017cliwo\u015bci wzrostu i ekspansji w celu utrzymania konkurencyjno\u015bci w bran\u017cy.<\/p>\n\n\n\n<h2 class=\"wp-block-heading\">Kluczowe czynniki sukcesu<\/h2>\n\n\n\n<p>Badania rynku s\u0105 niezb\u0119dne do identyfikacji czynnik\u00f3w, kt\u00f3re pomog\u0105 firmom rozwija\u0107 si\u0119 i pozosta\u0107 konkurencyjnymi. Firmy powinny skupi\u0107 si\u0119 na zbieraniu danych z wiarygodnych \u017ar\u00f3de\u0142 i analizowaniu ich przy u\u017cyciu odpowiednich technik statystycznych.<\/p>\n\n\n\n<p>Wnikliwa analiza pomo\u017ce przedsi\u0119biorstwom uzyska\u0107 dog\u0142\u0119bne zrozumienie obecnych warunk\u00f3w i trend\u00f3w w bran\u017cy olej\u00f3w ro\u015blinnych. Nie tylko to, ale przedsi\u0119biorstwa powinny r\u00f3wnie\u017c okre\u015bli\u0107 swoje konkretne cele, aby okre\u015bli\u0107 potencjalne ryzyko i wzrost oraz zrozumie\u0107 preferencje ka\u017cdego klienta.<\/p>\n\n\n\n<p>Aby przedsi\u0119biorstwa mog\u0142y podejmowa\u0107 decyzje strategiczne, niezwykle wa\u017cne jest r\u00f3wnie\u017c terminowe przeprowadzanie bada\u0144, kt\u00f3re b\u0119d\u0105 podstaw\u0105 rekomendacji u\u0142atwiaj\u0105cych podejmowanie strategicznych decyzji.<\/p>\n\n\n\n<p>With the influence of technology in the cultivation, production, and distribution of vegetable oils, research can help evaluate its impact on the market. Most importantly, research can also help businesses understand the attitudes and preferences of customers towards <a href=\"https:\/\/www.sisinternational.com\/pl\/ekspertyza\/branze\/palm-oil-market-research\/\" title=\"Badania rynku oleju palmowego\"  data-wpil-monitor-id=\"3462\">vegetable<\/a> oils.<\/p>\n\n\n\n<h2 class=\"wp-block-heading\">O badaniach rynku olej\u00f3w ro\u015blinnych<\/h2>\n\n\n\n<figure class=\"gb-block-image gb-block-image-bd68a6d6\"><img loading=\"lazy\" decoding=\"async\" width=\"1456\" height=\"816\" class=\"gb-image gb-image-bd68a6d6\" src=\"https:\/\/www.sisinternational.com\/wp-content\/uploads\/2025\/08\/Palm-oiil-4.jpg\" alt=\"SIS Mi\u0119dzynarodowe badania rynku i strategia\" title=\"Palm oiil (4)\" srcset=\"https:\/\/www.sisinternational.com\/wp-content\/uploads\/2025\/08\/Palm-oiil-4.jpg 1456w, https:\/\/www.sisinternational.com\/wp-content\/uploads\/2025\/08\/Palm-oiil-4-300x168.jpg 300w, https:\/\/www.sisinternational.com\/wp-content\/uploads\/2025\/08\/Palm-oiil-4-1024x574.jpg 1024w, https:\/\/www.sisinternational.com\/wp-content\/uploads\/2025\/08\/Palm-oiil-4-768x430.jpg 768w, https:\/\/www.sisinternational.com\/wp-content\/uploads\/2025\/08\/Palm-oiil-4-18x10.jpg 18w\" sizes=\"auto, (max-width: 1456px) 100vw, 1456px\"><\/figure>\n\n\n\n<p><\/p>\n\n\n\n<p>Poniewa\u017c rynek warzyw stale si\u0119 rozwija, wa\u017cne jest, aby zna\u0107 aktualn\u0105 sytuacj\u0119 i trendy poprzez dok\u0142adne gromadzenie i analiz\u0119 danych. Pozwala to na identyfikacj\u0119 r\u00f3\u017cnych czynnik\u00f3w, kt\u00f3re mog\u0105 mie\u0107 wp\u0142yw na przedsi\u0119biorstwa i pom\u00f3c im utrzyma\u0107 konkurencyjno\u015b\u0107 w bran\u017cy.<\/p>\n\n\n\n<p>SIS International oferuje badania ilo\u015bciowe, jako\u015bciowe i strategiczne. Dostarczamy dane, narz\u0119dzia, strategie, raporty i spostrze\u017cenia do podejmowania decyzji. Przeprowadzamy wywiady, ankiety, grupy fokusowe i wiele innych metod i podej\u015b\u0107 bada\u0144 rynku. Skontaktuj si\u0119 z nami w sprawie swojego kolejnego projektu bada\u0144 rynku.<\/p>","protected":false},"excerpt":{"rendered":"<p>Ze wzgl\u0119du na du\u017c\u0105 wszechstronno\u015b\u0107, niskie koszty produkcji i og\u00f3ln\u0105 dost\u0119pno\u015b\u0107 olej\u00f3w ro\u015blinnych, ich popyt rynkowy stale ro\u015bnie.<\/p>","protected":false},"author":1,"featured_media":64224,"parent":14514,"menu_order":185,"comment_status":"closed","ping_status":"closed","template":"","meta":{"footnotes":""},"class_list":["post-41568","page","type-page","status-publish","has-post-thumbnail"],"_links":{"self":[{"href":"https:\/\/www.sisinternational.com\/pl\/wp-json\/wp\/v2\/pages\/41568","targetHints":{"allow":["GET"]}}],"collection":[{"href":"https:\/\/www.sisinternational.com\/pl\/wp-json\/wp\/v2\/pages"}],"about":[{"href":"https:\/\/www.sisinternational.com\/pl\/wp-json\/wp\/v2\/types\/page"}],"author":[{"embeddable":true,"href":"https:\/\/www.sisinternational.com\/pl\/wp-json\/wp\/v2\/users\/1"}],"replies":[{"embeddable":true,"href":"https:\/\/www.sisinternational.com\/pl\/wp-json\/wp\/v2\/comments?post=41568"}],"version-history":[{"count":6,"href":"https:\/\/www.sisinternational.com\/pl\/wp-json\/wp\/v2\/pages\/41568\/revisions"}],"predecessor-version":[{"id":77674,"href":"https:\/\/www.sisinternational.com\/pl\/wp-json\/wp\/v2\/pages\/41568\/revisions\/77674"}],"up":[{"embeddable":true,"href":"https:\/\/www.sisinternational.com\/pl\/wp-json\/wp\/v2\/pages\/14514"}],"wp:featuredmedia":[{"embeddable":true,"href":"https:\/\/www.sisinternational.com\/pl\/wp-json\/wp\/v2\/media\/64224"}],"wp:attachment":[{"href":"https:\/\/www.sisinternational.com\/pl\/wp-json\/wp\/v2\/media?parent=41568"}],"curies":[{"name":"wp","href":"https:\/\/api.w.org\/{rel}","templated":true}]}}