{"id":41471,"date":"2023-02-12T02:35:58","date_gmt":"2023-02-12T02:35:58","guid":{"rendered":"https:\/\/www.sisinternational.com\/?page_id=41471"},"modified":"2025-10-22T00:48:30","modified_gmt":"2025-10-22T04:48:30","slug":"gypsum-market-research","status":"publish","type":"page","link":"https:\/\/www.sisinternational.com\/pl\/ekspertyza\/gypsum-market-research\/","title":{"rendered":"Badania rynku gipsu"},"content":{"rendered":"<h1 class=\"wp-block-heading\">Badania rynku gipsu<\/h1>\n\n\n\n<figure class=\"gb-block-image gb-block-image-5b5d7f10\"><img loading=\"lazy\" decoding=\"async\" width=\"1456\" height=\"816\" class=\"gb-image gb-image-5b5d7f10\" src=\"https:\/\/www.sisinternational.com\/wp-content\/uploads\/2025\/10\/Gypsum-4.jpg\" alt=\"SIS Mi\u0119dzynarodowe badania rynku i strategia\" title=\"Gypsum (4)\" srcset=\"https:\/\/www.sisinternational.com\/wp-content\/uploads\/2025\/10\/Gypsum-4.jpg 1456w, https:\/\/www.sisinternational.com\/wp-content\/uploads\/2025\/10\/Gypsum-4-300x168.jpg 300w, https:\/\/www.sisinternational.com\/wp-content\/uploads\/2025\/10\/Gypsum-4-1024x574.jpg 1024w, https:\/\/www.sisinternational.com\/wp-content\/uploads\/2025\/10\/Gypsum-4-768x430.jpg 768w, https:\/\/www.sisinternational.com\/wp-content\/uploads\/2025\/10\/Gypsum-4-18x10.jpg 18w\" sizes=\"auto, (max-width: 1456px) 100vw, 1456px\"><\/figure>\n\n\n\n<p><\/p>\n\n\n\n<h2 class=\"wp-block-heading\">About Gypsum Market Research<\/h2>\n\n\n\n<p>Gypsum is a very dynamic mineral with opportunities for growth in the global marketplace. It generates billions of dollars in annual revenue and attracts the interest of many investors. The uses of gypsum are extensive and include the following applications:<\/p>\n\n\n\n<ul class=\"wp-block-list\">\n<li>The construction industry<\/li>\n\n\n\n<li>Stomatologia<\/li>\n\n\n\n<li>Rolnictwo<\/li>\n\n\n\n<li>Sculpture and art<\/li>\n\n\n\n<li>Design and architecture<\/li>\n\n\n\n<li><a href=\"https:\/\/www.sisinternational.com\/pl\/rozwiazania\/badania-rynku-przemyslu-spozywczego-i-napojow\/\" title=\"Badania rynku bran\u017cy spo\u017cywczej i napoj\u00f3w\"  data-wpil-monitor-id=\"8521\">Food and beverage industry<\/a><\/li>\n<\/ul>\n\n\n\n<p>Gypsum is not only as a consumer product but also is a valuable natural resource. Therefore, its processing after <a href=\"https:\/\/www.sisinternational.com\/pl\/ekspertyza\/branze\/space-mining-market-research\/\" title=\"Badania rynku g\u00f3rnictwa kosmicznego\"  data-wpil-monitor-id=\"8526\">mining is a high-value market<\/a>. Gypsum&#8217;s broad impact on society makes it a commodity with both economic and social value.<\/p>\n\n\n\n<h2 class=\"wp-block-heading\">What is the Global Gypsum Market<\/h2>\n\n\n\n<h3 class=\"wp-block-heading\">There is a wider distribution of countries producing gypsum compared to other precious minerals. The main gypsum-producing countries are:<\/h3>\n\n\n\n<ul class=\"wp-block-list\">\n<li>Chiny<\/li>\n\n\n\n<li>USA<\/li>\n\n\n\n<li>Iran<\/li>\n\n\n\n<li>Indyk<\/li>\n\n\n\n<li>Spain<\/li>\n\n\n\n<li>Tajlandia<\/li>\n\n\n\n<li>Japan<\/li>\n\n\n\n<li>Russian Federation<\/li>\n\n\n\n<li>Meksyk<\/li>\n\n\n\n<li>Italy<\/li>\n<\/ul>\n\n\n\n<p>Such a geographical spread is advantageous for exploiting business opportunities as it eliminates the quasi-monopoly and unfair practices of large distributors and buyers. The expanding market size and the continuous growth of the gypsum market make it an attractive point of interest.<\/p>\n\n\n\n<h2 class=\"wp-block-heading\">Why Gypsum Market Research Matters<\/h2>\n\n\n\n<figure class=\"gb-block-image gb-block-image-946bab75\"><img loading=\"lazy\" decoding=\"async\" width=\"1456\" height=\"816\" class=\"gb-image gb-image-946bab75\" src=\"https:\/\/www.sisinternational.com\/wp-content\/uploads\/2025\/10\/Gypsum-2.jpg\" alt=\"SIS Mi\u0119dzynarodowe badania rynku i strategia\" title=\"Gypsum (2)\" srcset=\"https:\/\/www.sisinternational.com\/wp-content\/uploads\/2025\/10\/Gypsum-2.jpg 1456w, https:\/\/www.sisinternational.com\/wp-content\/uploads\/2025\/10\/Gypsum-2-300x168.jpg 300w, https:\/\/www.sisinternational.com\/wp-content\/uploads\/2025\/10\/Gypsum-2-1024x574.jpg 1024w, https:\/\/www.sisinternational.com\/wp-content\/uploads\/2025\/10\/Gypsum-2-768x430.jpg 768w, https:\/\/www.sisinternational.com\/wp-content\/uploads\/2025\/10\/Gypsum-2-18x10.jpg 18w\" sizes=\"auto, (max-width: 1456px) 100vw, 1456px\"><\/figure>\n\n\n\n<p><\/p>\n\n\n\n<p>Ten <a href=\"https:\/\/www.sisinternational.com\/pl\/rozwiazania\/rozwiazania-w-zakresie-badan-jakosciowych-i-ilosciowych\/chaid-analysis-market-research\/\" title=\"Analiza CHAID Badania rynku\"  data-wpil-monitor-id=\"8523\">analysis of the gypsum market<\/a> is of great importance to contemporary societies. The social utility of gypsum adds value to the research. The by-products of gypsum are essential components in a wide range of applications. The main products of gypsum are:<\/p>\n\n\n\n<ul class=\"wp-block-list\">\n<li>Drywall<\/li>\n\n\n\n<li>Plaster<\/li>\n\n\n\n<li>Building blocks<\/li>\n\n\n\n<li>Gypsum boards<\/li>\n\n\n\n<li>Dental plasters<\/li>\n\n\n\n<li>Fertiliser<\/li>\n<\/ul>\n\n\n\n<p>The diversity of gypsum&#8217;s uses underlines its importance. It is the basis for the construction of many materials that are used in many areas. These areas include construction, medicine and the environment.<\/p>\n\n\n\n<h2 class=\"wp-block-heading\">The role of gypsum in construction<\/h2>\n\n\n\n<p>The whole building industry would be different without gypsum. Most types of houses use dry construction for their foundations. At the same time, gypsum is a key <a href=\"https:\/\/www.sisinternational.com\/pl\/ekspertyza\/branze\/zaawansowane-badania-rynku-materialow-do-wnetrz\/\" title=\"Zaawansowane badania rynku materia\u0142\u00f3w do wn\u0119trz\"  data-wpil-monitor-id=\"8527\">material for structuring the interior<\/a> of houses. It is used for ceilings and partitions, as a sound-absorbing, heat-resistant and damp-proofing material. The use of gypsum in the construction of houses guarantees the provision of high-quality services in the housing sector.<\/p>\n\n\n\n<h2 class=\"wp-block-heading\">The role of gypsum in dentistry<\/h2>\n\n\n\n<p>Dentistry benefits greatly from the use of gypsum. Many types of dental products use it in both mineral and synthetic forms. Dental plasters and dental stones contain plaster. Dental technicians and dentists use it as an essential material in their work. In addition, gypsum is used for various other dental applications such as dental prostheses, mold making and modelling the patient&#8217;s oral anatomy.<\/p>\n\n\n\n<h2 class=\"wp-block-heading\">The role of gypsum in agriculture<\/h2>\n\n\n\n<figure class=\"gb-block-image gb-block-image-540da710\"><img loading=\"lazy\" decoding=\"async\" width=\"1456\" height=\"816\" class=\"gb-image gb-image-540da710\" src=\"https:\/\/www.sisinternational.com\/wp-content\/uploads\/2025\/10\/Gypsum-3.jpg\" alt=\"SIS Mi\u0119dzynarodowe badania rynku i strategia\" title=\"Gypsum (3)\" srcset=\"https:\/\/www.sisinternational.com\/wp-content\/uploads\/2025\/10\/Gypsum-3.jpg 1456w, https:\/\/www.sisinternational.com\/wp-content\/uploads\/2025\/10\/Gypsum-3-300x168.jpg 300w, https:\/\/www.sisinternational.com\/wp-content\/uploads\/2025\/10\/Gypsum-3-1024x574.jpg 1024w, https:\/\/www.sisinternational.com\/wp-content\/uploads\/2025\/10\/Gypsum-3-768x430.jpg 768w, https:\/\/www.sisinternational.com\/wp-content\/uploads\/2025\/10\/Gypsum-3-18x10.jpg 18w\" sizes=\"auto, (max-width: 1456px) 100vw, 1456px\"><\/figure>\n\n\n\n<p><\/p>\n\n\n\n<p>Another useful application of gypsum is in agriculture. It acts as an ingredient that facilitates the absorption of water by the soil and improves its qualities, resulting in the production of better plants, vegetables and fruit. Gypsum also prevents soil erosion, reduces aluminum toxicity and is a high-quality fertilizer. The entire food industry favors the use of gypsum in the first stages of food production, while citizens benefit from the consumption of nutritious and healthy food.<\/p>\n\n\n\n<h2 class=\"wp-block-heading\">Key job titles<\/h2>\n\n\n\n<h3 class=\"wp-block-heading\">There are several key jobs associated with the gypsum industry:<\/h3>\n\n\n\n<ul class=\"wp-block-list\">\n<li>Mining engineers<\/li>\n\n\n\n<li>Mine operators<\/li>\n\n\n\n<li>Product managers<\/li>\n\n\n\n<li>Transport managers<\/li>\n\n\n\n<li>Automation and control managers<\/li>\n\n\n\n<li>Product analysts<\/li>\n\n\n\n<li>Supply chain coordinators<\/li>\n<\/ul>\n\n\n\n<p>The whole process of mining, processing, and trading gypsum is a specialized one, ensuring both high demand and the provision of well-paid jobs.<\/p>\n\n\n\n<p>Gypsum is a versatile product that benefits many key industries. Generating billions of dollars in annual revenue, it attracts the interest of investors and funds worldwide. The high value of gypsum is largely due to its high utility and demand. It is <a href=\"https:\/\/www.sisinternational.com\/pl\/rozwiazania\/doradztwo-strategiczne-fintech-badania\/algorithmic-trading-market-research\/\" title=\"Badania rynku handlu algorytmicznego\"  data-wpil-monitor-id=\"8525\">traded on the stock market<\/a> and is seen by the business community as a viable and profitable asset. It is highly sustainable, non-toxic and therefore not harmful to humans. Gypsum&#8217;s main disadvantage is its short shelf life. This means that it must be made available quickly to the professionals who need to use it. Another minor drawback to consider is the environmental impact of drywall production, although it&#8217;s rather limited compared to the industrial process of other minerals. The overall picture of the gypsum <a href=\"https:\/\/www.sisinternational.com\/pl\/rozwiazania\/rozwiazania-w-zakresie-brandingu-i-badan-klientow\/badania-rynku-pozycjonowania-marki\/\" title=\"Badania rynku pozycjonowania marki\"  data-wpil-monitor-id=\"8528\">market is positive<\/a> showing optimistic growth potential.<\/p>\n\n\n\n<h2 class=\"wp-block-heading\">About Gypsum Market Research<\/h2>\n\n\n\n<figure class=\"gb-block-image gb-block-image-7499262e\"><img loading=\"lazy\" decoding=\"async\" width=\"1456\" height=\"816\" class=\"gb-image gb-image-7499262e\" src=\"https:\/\/www.sisinternational.com\/wp-content\/uploads\/2025\/10\/Gypsum-1.jpg\" alt=\"SIS Mi\u0119dzynarodowe badania rynku i strategia\" title=\"Gypsum (1)\" srcset=\"https:\/\/www.sisinternational.com\/wp-content\/uploads\/2025\/10\/Gypsum-1.jpg 1456w, https:\/\/www.sisinternational.com\/wp-content\/uploads\/2025\/10\/Gypsum-1-300x168.jpg 300w, https:\/\/www.sisinternational.com\/wp-content\/uploads\/2025\/10\/Gypsum-1-1024x574.jpg 1024w, https:\/\/www.sisinternational.com\/wp-content\/uploads\/2025\/10\/Gypsum-1-768x430.jpg 768w, https:\/\/www.sisinternational.com\/wp-content\/uploads\/2025\/10\/Gypsum-1-18x10.jpg 18w\" sizes=\"auto, (max-width: 1456px) 100vw, 1456px\"><\/figure>\n\n\n\n<p><\/p>\n\n\n\n<p>SIS International offers Quantitative, Qualitative, and Strategy Research. We provide data, tools, strategies, reports, and insights for decision-making. We conduct interviews, surveys, focus groups, and many other <a href=\"https:\/\/www.sisinternational.com\/pl\/quantitative-market-research-methods-and-techniques\/\" title=\"Quantitative Market Research Methods and Techniques\"  data-wpil-monitor-id=\"8517\">Market Research methods<\/a> and approaches. Contact us for your <a href=\"https:\/\/www.sisinternational.com\/pl\/ekspertyza\/branze\/next-generation-technologies-market-research\/\" title=\"Badania rynku technologii nowej generacji\"  data-wpil-monitor-id=\"8519\">next Market Research<\/a> project.<\/p>\n\n\n\n<p><\/p>","protected":false},"excerpt":{"rendered":"<p>Gips jest wszechstronnym produktem wspomagaj\u0105cym wiele kluczowych bran\u017c. Generuje miliardy dolar\u00f3w rocznego przychodu, przyci\u0105gaj\u0105c inwestor\u00f3w z ca\u0142ego \u015bwiata.<\/p>","protected":false},"author":1,"featured_media":72089,"parent":14514,"menu_order":172,"comment_status":"closed","ping_status":"closed","template":"","meta":{"footnotes":""},"class_list":["post-41471","page","type-page","status-publish","has-post-thumbnail"],"_links":{"self":[{"href":"https:\/\/www.sisinternational.com\/pl\/wp-json\/wp\/v2\/pages\/41471","targetHints":{"allow":["GET"]}}],"collection":[{"href":"https:\/\/www.sisinternational.com\/pl\/wp-json\/wp\/v2\/pages"}],"about":[{"href":"https:\/\/www.sisinternational.com\/pl\/wp-json\/wp\/v2\/types\/page"}],"author":[{"embeddable":true,"href":"https:\/\/www.sisinternational.com\/pl\/wp-json\/wp\/v2\/users\/1"}],"replies":[{"embeddable":true,"href":"https:\/\/www.sisinternational.com\/pl\/wp-json\/wp\/v2\/comments?post=41471"}],"version-history":[{"count":4,"href":"https:\/\/www.sisinternational.com\/pl\/wp-json\/wp\/v2\/pages\/41471\/revisions"}],"predecessor-version":[{"id":81429,"href":"https:\/\/www.sisinternational.com\/pl\/wp-json\/wp\/v2\/pages\/41471\/revisions\/81429"}],"up":[{"embeddable":true,"href":"https:\/\/www.sisinternational.com\/pl\/wp-json\/wp\/v2\/pages\/14514"}],"wp:featuredmedia":[{"embeddable":true,"href":"https:\/\/www.sisinternational.com\/pl\/wp-json\/wp\/v2\/media\/72089"}],"wp:attachment":[{"href":"https:\/\/www.sisinternational.com\/pl\/wp-json\/wp\/v2\/media?parent=41471"}],"curies":[{"name":"wp","href":"https:\/\/api.w.org\/{rel}","templated":true}]}}