{"id":41443,"date":"2023-02-11T23:42:51","date_gmt":"2023-02-11T23:42:51","guid":{"rendered":"https:\/\/www.sisinternational.com\/?page_id=41443"},"modified":"2026-01-24T17:54:21","modified_gmt":"2026-01-24T22:54:21","slug":"digital-persona-market-research","status":"publish","type":"page","link":"https:\/\/www.sisinternational.com\/pl\/ekspertyza\/digital-persona-market-research\/","title":{"rendered":"Badania rynku Digital Persona"},"content":{"rendered":"<h1 class=\"wp-block-heading\">Badania rynku Digital Persona<\/h1>\n\n\n\n<figure class=\"gb-block-image gb-block-image-1598a2f9\"><img loading=\"lazy\" decoding=\"async\" width=\"1456\" height=\"816\" class=\"gb-image gb-image-1598a2f9\" src=\"https:\/\/www.sisinternational.com\/wp-content\/uploads\/2025\/10\/Fingerprint-4.jpg\" alt=\"SIS Mi\u0119dzynarodowe badania rynku i strategia\" title=\"Fingerprint (4)\" srcset=\"https:\/\/www.sisinternational.com\/wp-content\/uploads\/2025\/10\/Fingerprint-4.jpg 1456w, https:\/\/www.sisinternational.com\/wp-content\/uploads\/2025\/10\/Fingerprint-4-300x168.jpg 300w, https:\/\/www.sisinternational.com\/wp-content\/uploads\/2025\/10\/Fingerprint-4-1024x574.jpg 1024w, https:\/\/www.sisinternational.com\/wp-content\/uploads\/2025\/10\/Fingerprint-4-768x430.jpg 768w, https:\/\/www.sisinternational.com\/wp-content\/uploads\/2025\/10\/Fingerprint-4-18x10.jpg 18w\" sizes=\"auto, (max-width: 1456px) 100vw, 1456px\"><\/figure>\n\n\n\n<p><\/p>\n\n\n\n<h2 class=\"wp-block-heading\">What is a Digital Persona?<\/h2>\n\n\n\n<p>A Digital Persona is the digital version of someone\u2019s personal data. Sometimes the user creates it. Other times, the company collects it without the user knowing. People might create a Digital Persona with a Google Voice account. To make things more secure, that account will forward calls to their private number. In fact, each person who uses the Internet has a Digital Persona made by third parties. The third parties derive it from their social media posts and web surfing history.<\/p>\n\n\n\n<p>You can portray your product, brand, or firm with a Digital Persona, used as though it were a person. It further reflects your outlook and style. Doing Surveys and Interviews and forming Focus Groups are some of the steps you\u2019ll need to take. These <a href=\"https:\/\/www.sisinternational.com\/pl\/ekspertyza\/branze\/deep-learning-market-research\/\" title=\"Badania rynku g\u0142\u0119bokiego uczenia si\u0119\"  data-wpil-monitor-id=\"10324\">Market Research tools help you learn<\/a> about your current audience. Another merit of Digital Personas is that they show you how your users view your online presence. By the same token, these insights help ensure that your Digital Personas match your users. They should also reflect your company.<\/p>\n\n\n\n<h2 class=\"wp-block-heading\">Why are Digital Personas Important?<\/h2>\n\n\n\n<p>Creating personas allows you to make the most of your digital marketing campaigns. Thus, this step leads to increased sales. How do Digital Personas help you to achieve this goal?<\/p>\n\n\n\n<ol class=\"wp-block-list\">\n<li>Digital personas help you to drive the right traffic to your website<\/li>\n\n\n\n<li>They help you to narrow your marketing focus<\/li>\n\n\n\n<li>They also help you to be consistent in your digital marketing<\/li>\n<\/ol>\n\n\n\n<p>Digital <a href=\"https:\/\/www.sisinternational.com\/pl\/ekspertyza\/branze\/extreme-persona-research\/\" title=\"Badania nad ekstremaln\u0105 person\u0105\"  data-wpil-monitor-id=\"3358\">Personas are crucial for UX Market Research<\/a>. They help content strategists, marketers, as well as product <a href=\"https:\/\/www.sisinternational.com\/pl\/rozwiazania\/new-customer-segment-development\/\" title=\"New Customer Segment Development\"  data-wpil-monitor-id=\"10329\">development teams to know their customers<\/a>. In that way, it makes it easier to segment them. Teams can create products and content tailored to the mindset of their audience. Setting up personas is the key. It all leads to encounters that put the customer first.<\/p>\n\n\n\n<h2 class=\"wp-block-heading\">Why Businesses Need Digital Persona Market Research<\/h2>\n\n\n\n<figure class=\"gb-block-image gb-block-image-bb5d6d1b\"><img loading=\"lazy\" decoding=\"async\" width=\"1456\" height=\"816\" class=\"gb-image gb-image-bb5d6d1b\" src=\"https:\/\/www.sisinternational.com\/wp-content\/uploads\/2025\/10\/Fingerprint-2.jpg\" alt=\"SIS Mi\u0119dzynarodowe badania rynku i strategia\" title=\"Fingerprint (2)\" srcset=\"https:\/\/www.sisinternational.com\/wp-content\/uploads\/2025\/10\/Fingerprint-2.jpg 1456w, https:\/\/www.sisinternational.com\/wp-content\/uploads\/2025\/10\/Fingerprint-2-300x168.jpg 300w, https:\/\/www.sisinternational.com\/wp-content\/uploads\/2025\/10\/Fingerprint-2-1024x574.jpg 1024w, https:\/\/www.sisinternational.com\/wp-content\/uploads\/2025\/10\/Fingerprint-2-768x430.jpg 768w, https:\/\/www.sisinternational.com\/wp-content\/uploads\/2025\/10\/Fingerprint-2-18x10.jpg 18w\" sizes=\"auto, (max-width: 1456px) 100vw, 1456px\"><\/figure>\n\n\n\n<p><\/p>\n\n\n\n<p><\/p>\n\n\n\n<h3 class=\"wp-block-heading\">The benefits of using Digital Personas for Market Research include the following:<\/h3>\n\n\n\n<ul class=\"wp-block-list\">\n<li>Improved targeting: Personas help you focus and adjust your content. They enable you to reach people who are more likely to show an interest in it.<\/li>\n\n\n\n<li>Format: Social media posts, videos, and articles are popular content creation formats. They are also some of the most consumed. Digital Personas give you the data coupled with the perspective you need. At least they enable you to make impartial decisions about how to craft your brand messages.<\/li>\n\n\n\n<li>Insights: Personas give insights into the topics that interest your consumers. It shows you the subjects they like and the discussions they\u2019re having. The first step is to distribute tailored content. The best places are where your audience is already active. Then you can leverage their online behaviors. Furthermore, this tactic will have the best <a href=\"https:\/\/www.sisinternational.com\/pl\/how-to-conduct-effective-quantitative-market-research\/\" title=\"How to Conduct Effective Quantitative Market Research\"  data-wpil-monitor-id=\"10330\">effect on your content marketing<\/a>.<\/li>\n<\/ul>\n\n\n\n<h2 class=\"wp-block-heading\">Key Success Factors in Digital Persona Market Research<\/h2>\n\n\n\n<figure class=\"gb-block-image gb-block-image-da0f05b2\"><img loading=\"lazy\" decoding=\"async\" width=\"1456\" height=\"816\" class=\"gb-image gb-image-da0f05b2\" src=\"https:\/\/www.sisinternational.com\/wp-content\/uploads\/2025\/10\/Fingerprint-3.jpg\" alt=\"SIS Mi\u0119dzynarodowe badania rynku i strategia\" title=\"Fingerprint (3)\" srcset=\"https:\/\/www.sisinternational.com\/wp-content\/uploads\/2025\/10\/Fingerprint-3.jpg 1456w, https:\/\/www.sisinternational.com\/wp-content\/uploads\/2025\/10\/Fingerprint-3-300x168.jpg 300w, https:\/\/www.sisinternational.com\/wp-content\/uploads\/2025\/10\/Fingerprint-3-1024x574.jpg 1024w, https:\/\/www.sisinternational.com\/wp-content\/uploads\/2025\/10\/Fingerprint-3-768x430.jpg 768w, https:\/\/www.sisinternational.com\/wp-content\/uploads\/2025\/10\/Fingerprint-3-18x10.jpg 18w\" sizes=\"auto, (max-width: 1456px) 100vw, 1456px\"><\/figure>\n\n\n\n<p><\/p>\n\n\n\n<h3 class=\"wp-block-heading\">Creating a Digital Persona is an exacting science. It requires a mix of Quantitative and Qualitative Research. Here are some key success factors:<\/h3>\n\n\n\n<ul class=\"wp-block-list\">\n<li><a href=\"https:\/\/www.sisinternational.com\/pl\/zasieg\/europa\/market-research-liverpool-uk\/\" title=\"Badania rynku w Liverpoolu | Grupy fokusowe w Wielkiej Brytanii i zbieranie danych\"  data-wpil-monitor-id=\"10325\">Focus on relentless data collection<\/a>. Your Digital Persona will only be as effective as the customer data you enter.<\/li>\n\n\n\n<li>Say no to the herd mindset. What may work for some <a href=\"https:\/\/www.sisinternational.com\/pl\/rynek-reklamy-cyfrowej\/\" title=\"Marketing i reklama w erze cyfrowej\"  data-wpil-monitor-id=\"1807\">brands<\/a> may not work for others when you create Digital Personas.<\/li>\n\n\n\n<li>Deep dive into learning about the consumers\u2019 pain points. The end goal of every Digital Persona is to throw light on the user\u2019s most pressing issues and pain points.<\/li>\n\n\n\n<li>Remember to <a href=\"https:\/\/www.sisinternational.com\/pl\/rozwiazania\/innowacja\/behavior-economics-in-market-research\/\" title=\"Ekonomia behawioralna w badaniach rynku\"  data-wpil-monitor-id=\"10328\">research user behavior<\/a>. <a href=\"https:\/\/www.sisinternational.com\/pl\/ekspertyza\/branze\/digital-customer-experience-cx-market-research\/\" title=\"Badania rynku cyfrowego do\u015bwiadczenia klienta (CX)\"  data-wpil-monitor-id=\"10326\">Digital Personas help marketers understand their customer\u2019s<\/a> goals. It also tells them how they end up at the brand\u2019s doorstep. All this data becomes vital when trying to build a lifelike Digital Persona.<\/li>\n\n\n\n<li>Resist the urge to use cliched personas. Instead, base your persona on insightful user data. You can collate this info from in-person Interviews and exit Surveys.<\/li>\n<\/ul>\n\n\n\n<h2 class=\"wp-block-heading\">About Digital Persona Market Research<\/h2>\n\n\n\n<p>If you measure them in dollars and cents, customers do not have equal value. So, consider gauging each Digital Persona\u2019s <a href=\"https:\/\/www.sisinternational.com\/pl\/rozwiazania\/customer-lifetime-value-market-research\/\" title=\"Customer Lifetime Value Market Research\"  data-wpil-monitor-id=\"10327\">lifetime economic value<\/a>. Also, creating Digital Personas is not a set-and-forget task. Moreover, audience behavior changes over time. Thus, personas should be dynamic \u2013 and you\u2019ll even need to retire them.<\/p>\n\n\n\n<p><a href=\"https:\/\/www.sisinternational.com\/pl\/skontaktuj-sie-z-nami\/\" title=\"Skontaktuj si\u0119 z nami\"  data-wpil-monitor-id=\"10323\">SIS Mi\u0119dzynarodowe Badania<\/a> can help you explore the world of Digital Personas. We\u2019ll show you how to make it the backbone of your UX Market Research. Contact us today!<\/p>","protected":false},"excerpt":{"rendered":"<p>Digital Persona to cyfrowa wersja czyich\u015b danych osobowych. Mo\u017cesz przedstawi\u0107 sw\u00f3j produkt, mark\u0119 lub firm\u0119 za pomoc\u0105 Digital Persona.<\/p>","protected":false},"author":1,"featured_media":71827,"parent":14514,"menu_order":167,"comment_status":"closed","ping_status":"closed","template":"","meta":{"footnotes":""},"class_list":["post-41443","page","type-page","status-publish","has-post-thumbnail"],"_links":{"self":[{"href":"https:\/\/www.sisinternational.com\/pl\/wp-json\/wp\/v2\/pages\/41443","targetHints":{"allow":["GET"]}}],"collection":[{"href":"https:\/\/www.sisinternational.com\/pl\/wp-json\/wp\/v2\/pages"}],"about":[{"href":"https:\/\/www.sisinternational.com\/pl\/wp-json\/wp\/v2\/types\/page"}],"author":[{"embeddable":true,"href":"https:\/\/www.sisinternational.com\/pl\/wp-json\/wp\/v2\/users\/1"}],"replies":[{"embeddable":true,"href":"https:\/\/www.sisinternational.com\/pl\/wp-json\/wp\/v2\/comments?post=41443"}],"version-history":[{"count":6,"href":"https:\/\/www.sisinternational.com\/pl\/wp-json\/wp\/v2\/pages\/41443\/revisions"}],"predecessor-version":[{"id":81704,"href":"https:\/\/www.sisinternational.com\/pl\/wp-json\/wp\/v2\/pages\/41443\/revisions\/81704"}],"up":[{"embeddable":true,"href":"https:\/\/www.sisinternational.com\/pl\/wp-json\/wp\/v2\/pages\/14514"}],"wp:featuredmedia":[{"embeddable":true,"href":"https:\/\/www.sisinternational.com\/pl\/wp-json\/wp\/v2\/media\/71827"}],"wp:attachment":[{"href":"https:\/\/www.sisinternational.com\/pl\/wp-json\/wp\/v2\/media?parent=41443"}],"curies":[{"name":"wp","href":"https:\/\/api.w.org\/{rel}","templated":true}]}}