{"id":41317,"date":"2023-01-24T06:05:00","date_gmt":"2023-01-24T06:05:00","guid":{"rendered":"https:\/\/www.sisinternational.com\/?page_id=41317"},"modified":"2026-01-26T19:01:47","modified_gmt":"2026-01-27T00:01:47","slug":"airport-survey-market-research","status":"publish","type":"page","link":"https:\/\/www.sisinternational.com\/pl\/ekspertyza\/airport-survey-market-research\/","title":{"rendered":"Badania rynku bada\u0144 lotniskowych"},"content":{"rendered":"<h1 class=\"wp-block-heading\">Badania rynku bada\u0144 lotniskowych<\/h1>\n\n\n\n<figure class=\"gb-block-image gb-block-image-70ff05b8\"><img loading=\"lazy\" decoding=\"async\" width=\"1456\" height=\"816\" class=\"gb-image gb-image-70ff05b8\" src=\"https:\/\/www.sisinternational.com\/wp-content\/uploads\/2025\/10\/Airport-intercept-2.jpg\" alt=\"SIS Mi\u0119dzynarodowe badania rynku i strategia\" title=\"Airport intercept (2)\" srcset=\"https:\/\/www.sisinternational.com\/wp-content\/uploads\/2025\/10\/Airport-intercept-2.jpg 1456w, https:\/\/www.sisinternational.com\/wp-content\/uploads\/2025\/10\/Airport-intercept-2-300x168.jpg 300w, https:\/\/www.sisinternational.com\/wp-content\/uploads\/2025\/10\/Airport-intercept-2-1024x574.jpg 1024w, https:\/\/www.sisinternational.com\/wp-content\/uploads\/2025\/10\/Airport-intercept-2-768x430.jpg 768w, https:\/\/www.sisinternational.com\/wp-content\/uploads\/2025\/10\/Airport-intercept-2-18x10.jpg 18w\" sizes=\"auto, (max-width: 1456px) 100vw, 1456px\"><\/figure>\n\n\n\n<p><\/p>\n\n\n\n<hr class=\"wp-block-separator has-alpha-channel-opacity is-style-dots\"\/>\n\n\n\n<p><\/p>\n\n\n\n<div class=\"wp-block-columns has-global-color-9-color has-text-color has-background has-link-color wp-elements-2f6e43c6dc4f7864fcd323bc1a488b8c is-layout-flex wp-container-core-columns-is-layout-9d6595d7 wp-block-columns-is-layout-flex\" style=\"background-color:#f7f9fa6e\">\n<div class=\"wp-block-column is-layout-flow wp-block-column-is-layout-flow\" style=\"flex-basis:18%\"><\/div>\n\n\n\n<div class=\"wp-block-column is-vertically-aligned-center is-layout-flow wp-block-column-is-layout-flow\" style=\"flex-basis:71.28%\">\n<div class=\"wp-block-rank-math-toc-block aligncenter has-global-color-9-color has-text-color has-link-color wp-elements-bfd9db19fe0d546527856b2b9a405e1b\" style=\"font-size:16px\" id=\"rank-math-toc\"><h2><br><strong>T<\/strong>able of Contents<\/h2><nav><ul><li class=\"\"><a href=\"#what-is-airport-survey-market-research\">What is Airport Survey Market Research?<\/a><\/li><li class=\"\"><a href=\"#who-are-the-survey-participants\">Who are the Survey Participants?<\/a><\/li><li class=\"\"><a href=\"#how-to-conduct-successful-airport-survey-market-research\">How to Conduct Successful Airport Survey Market Research<\/a><\/li><li class=\"\"><a href=\"#what-data-can-you-get-in-airport-survey-market-research\">What Data Can You Get in Airport Survey Market Research?<\/a><\/li><li class=\"\"><a href=\"#benefits-of-airport-survey-market-research\">Benefits of Airport Survey Market Research<\/a><\/li><li class=\"\"><a href=\"#businesses-that-need-airport-survey-market-research\">Businesses That Need Airport Survey Market Research<\/a><\/li><\/ul><\/nav><\/div>\n<\/div>\n<\/div>\n\n\n\n<p><\/p>\n\n\n\n<h2 class=\"wp-block-heading\" id=\"what-is-airport-survey-market-research\">What is Airport Survey Market Research?<\/h2>\n\n\n\n<p>Airport Survey Market Research is an accurate way of gathering data on the various habits and preferences of airport users. Thousands of people go through the airport daily to travel either for business or for leisure. The various statistics that one can obtain from air passengers can be done in numerous ways but getting first-hand information through interviews or surveys will result in a more detailed approach.<\/p>\n\n\n\n<h2 class=\"wp-block-heading\" id=\"who-are-the-survey-participants\">Who are the Survey Participants?<\/h2>\n\n\n\n<p>Airport <a class=\"wpil_keyword_link\" href=\"https:\/\/www.sisinternational.com\/pl\/rozwiazania\/rozwiazania-w-zakresie-badan-jakosciowych-i-ilosciowych\/survey-market-research\/\"   title=\"Badanie rynku ankietowego\" data-wpil-keyword-link=\"linked\"  data-wpil-monitor-id=\"725\">Badanie rynku ankietowego<\/a> aims to provide airline companies, airports, or other businesses with useful data and strategies in the airport industry. The participants for the airport <a href=\"https:\/\/www.sisinternational.com\/pl\/membership-survey-market-research\/\" title=\"Membership Survey Market Research\"  data-wpil-monitor-id=\"3594\">survey market research<\/a> are those who have used, are currently using, or planning to travel by air.<\/p>\n\n\n\n<h2 class=\"wp-block-heading\" id=\"how-to-conduct-successful-airport-survey-market-research\">How to Conduct Successful Airport Survey Market Research<\/h2>\n\n\n\n<figure class=\"gb-block-image gb-block-image-4024d408\"><img loading=\"lazy\" decoding=\"async\" width=\"1456\" height=\"816\" class=\"gb-image gb-image-4024d408\" src=\"https:\/\/www.sisinternational.com\/wp-content\/uploads\/2025\/10\/Airport-intercept-1.jpg\" alt=\"SIS Mi\u0119dzynarodowe badania rynku i strategia\" title=\"Airport intercept (1)\" srcset=\"https:\/\/www.sisinternational.com\/wp-content\/uploads\/2025\/10\/Airport-intercept-1.jpg 1456w, https:\/\/www.sisinternational.com\/wp-content\/uploads\/2025\/10\/Airport-intercept-1-300x168.jpg 300w, https:\/\/www.sisinternational.com\/wp-content\/uploads\/2025\/10\/Airport-intercept-1-1024x574.jpg 1024w, https:\/\/www.sisinternational.com\/wp-content\/uploads\/2025\/10\/Airport-intercept-1-768x430.jpg 768w, https:\/\/www.sisinternational.com\/wp-content\/uploads\/2025\/10\/Airport-intercept-1-18x10.jpg 18w\" sizes=\"auto, (max-width: 1456px) 100vw, 1456px\"><\/figure>\n\n\n\n<p><\/p>\n\n\n\n<p>Airport <a href=\"https:\/\/www.sisinternational.com\/pl\/ekspertyza\/branze\/hotel-survey-market-research\/\" title=\"Badania rynku ankiet hotelowych\"  data-wpil-monitor-id=\"7211\">survey market research<\/a> should be done efficiently by well-experienced companies or individuals in order to acquire credible data and strategies in the airport industry. Here are some ideal methods to successfully conduct these types of surveys:<\/p>\n\n\n\n<ul class=\"wp-block-list\">\n<li>Limit the questionnaire to a couple of questions that will not take a lot of time to answer. When approaching survey participants, make sure to include how long the survey will take.<\/li>\n\n\n\n<li>Do a test drive by doing a few surveys that will assess how the questions flow and optimize the time.<\/li>\n\n\n\n<li>Ensure that you have the right people who will conduct the survey. Interviewers should be outgoing with a friendly attitude and a go-getter.<\/li>\n\n\n\n<li>Conduct the interview where the air passengers are waiting. It is better to team up with the airport\u2019s security team to gain access to specific areas.<\/li>\n\n\n\n<li>Come up with incentives to motivate the survey participants. Pick gifts that you can give out right away if possible.<\/li>\n<\/ul>\n\n\n\n<h2 class=\"wp-block-heading\" id=\"what-data-can-you-get-in-airport-survey-market-research\">What Data Can You Get in Airport Survey Market Research?<\/h2>\n\n\n\n<p>Market Research provides insights into air travelers. Gathering data can be done face-to-face or online. However, <a class=\"wpil_keyword_link\" href=\"https:\/\/www.sisinternational.com\/pl\/rozwiazania\/podroze-turystyka-hotelarstwo-doradztwo\/airport-intercept-market-research\/\"   title=\"Badania rynku przechwytywania lotnisk\" data-wpil-keyword-link=\"linked\"  data-wpil-monitor-id=\"398\">airport intercept market research<\/a>, which is done by interviewing flight passengers in the airport vicinity, is more favorable because of its direct approach.<\/p>\n\n\n\n<p>Passengers are randomly selected or should meet specific criteria and they will be asked a series of questions. These questions can target specific data which include but are not limited to:<\/p>\n\n\n\n<ul class=\"wp-block-list\">\n<li>How often does a passenger fly in a year.<\/li>\n\n\n\n<li>Get the details on why they travel.<\/li>\n\n\n\n<li>Why the passengers opted to fly rather than use other modes of transport.<\/li>\n\n\n\n<li>Reasons why they pick a specific airline over another.<\/li>\n\n\n\n<li>The kind of experience the passengers have before, during, and after the flight.<\/li>\n\n\n\n<li>Know what can be improved in the services and why<\/li>\n\n\n\n<li>What suggestions they can make for the services they used.<\/li>\n\n\n\n<li>Are they getting their money\u2019s <a href=\"https:\/\/www.sisinternational.com\/pl\/financial-services-consulting\/high-net-worth-financial-services\/\" title=\"High Net Worth Financial Services\"  data-wpil-monitor-id=\"1013\">worth is using a specific service<\/a> or airline?<\/li>\n\n\n\n<li>Are they aware of available offers that the airport or airline is currently running?<\/li>\n\n\n\n<li>Various data can help airlines or airport companies develop a profile for their visiting market<\/li>\n<\/ul>\n\n\n\n<h2 class=\"wp-block-heading\" id=\"benefits-of-airport-survey-market-research\">Benefits of Airport Survey Market Research<\/h2>\n\n\n\n<figure class=\"gb-block-image gb-block-image-b00fc42e\"><img loading=\"lazy\" decoding=\"async\" width=\"1456\" height=\"816\" class=\"gb-image gb-image-b00fc42e\" src=\"https:\/\/www.sisinternational.com\/wp-content\/uploads\/2025\/10\/Airport-intercept-3.jpg\" alt=\"SIS Mi\u0119dzynarodowe badania rynku i strategia\" title=\"Airport intercept (3)\" srcset=\"https:\/\/www.sisinternational.com\/wp-content\/uploads\/2025\/10\/Airport-intercept-3.jpg 1456w, https:\/\/www.sisinternational.com\/wp-content\/uploads\/2025\/10\/Airport-intercept-3-300x168.jpg 300w, https:\/\/www.sisinternational.com\/wp-content\/uploads\/2025\/10\/Airport-intercept-3-1024x574.jpg 1024w, https:\/\/www.sisinternational.com\/wp-content\/uploads\/2025\/10\/Airport-intercept-3-768x430.jpg 768w, https:\/\/www.sisinternational.com\/wp-content\/uploads\/2025\/10\/Airport-intercept-3-18x10.jpg 18w\" sizes=\"auto, (max-width: 1456px) 100vw, 1456px\"><\/figure>\n\n\n\n<p><\/p>\n\n\n\n<p>Gathering information on air travelers through airport intercept market research will help provide data and strategies in the Airport Industry. This type of market research provides insights into air passengers\u2019 experiences and preferences that can be used by those in the travel industry.<\/p>\n\n\n\n<h3 class=\"wp-block-heading\">Airport Market Research provides insights that can be used in the following areas:<\/h3>\n\n\n\n<ul class=\"wp-block-list\">\n<li>Assist decision-makers and companies in getting data and strategies in the Airport Industry.<\/li>\n\n\n\n<li>The statistics that will be gathered can help improve services and retain ones that are working.<\/li>\n\n\n\n<li>Find out the factors that will make air travelers choose specific services.<\/li>\n\n\n\n<li>Competitive analysis to identify the topmost key differentiator or for benchmarking.<\/li>\n\n\n\n<li>Identify individuals who are currently choosing your services to target similar potential customers<\/li>\n\n\n\n<li>Identify individuals who are unhappy with the service to find out which stage of the customer journey they are most dissatisfied with<\/li>\n<\/ul>\n\n\n\n<p><\/p>\n\n\n\n<!DOCTYPE html>\n<html lang=\"en\">\n<head>\n    <meta charset=\"UTF-8\">\n    <meta name=\"viewport\" content=\"width=device-width, initial-scale=1.0\">\n    <title>AI Blog Banner<\/title>\n    <style>\n        * {\n            margin: 0;\n            padding: 0;\n            box-sizing: border-box;\n        }\n\n        .banner {\n            position: relative;\n            width: 100%;\n            height: 350px;\n            overflow: hidden;\n            display: flex;\n            align-items: center;\n            justify-content: center;\n            font-family: 'Arial', sans-serif;\n            border-radius: 25px;\n        }\n\n        .animated-background {\n            position: absolute;\n            top: 0;\n            left: 0;\n            width: 100%;\n            height: 100%;\n            background: linear-gradient(45deg, #003f6b, #2d5a7b, #003f6b, #2d5a7b);\n            background-size: 400% 400%;\n            animation: gradientMove 8s ease-in-out infinite;\n        }\n\n        .ai-pattern {\n            position: absolute;\n            top: 0;\n            left: 0;\n            width: 100%;\n            height: 100%;\n            opacity: 0.1;\n            background-image: \n                radial-gradient(circle at 20% 20%, rgba(255,255,255,0.3) 2px, transparent 2px),\n                radial-gradient(circle at 80% 80%, rgba(255,255,255,0.2) 1px, transparent 1px),\n                radial-gradient(circle at 40% 60%, rgba(255,255,255,0.15) 1.5px, transparent 1.5px),\n                radial-gradient(circle at 60% 20%, rgba(255,255,255,0.25) 1px, transparent 1px),\n                radial-gradient(circle at 80% 40%, rgba(255,255,255,0.2) 2px, transparent 2px);\n            background-size: 100px 100px, 150px 150px, 80px 80px, 120px 120px, 90px 90px;\n            animation: patternFloat 12s linear infinite;\n        }\n\n        .neural-network {\n            position: absolute;\n            top: 0;\n            left: 0;\n            width: 100%;\n            height: 100%;\n            opacity: 0.08;\n        }\n\n        .neural-line {\n            position: absolute;\n            height: 1px;\n            background: linear-gradient(90deg, transparent, rgba(255,255,255,0.5), transparent);\n            animation: neuralPulse 6s ease-in-out infinite;\n        }\n\n        .neural-line:nth-child(1) {\n            top: 30%;\n            left: 0;\n            width: 60%;\n            animation-delay: 0s;\n        }\n\n        .neural-line:nth-child(2) {\n            top: 50%;\n            right: 0;\n            width: 70%;\n            animation-delay: 2s;\n        }\n\n        .neural-line:nth-child(3) {\n            top: 70%;\n            left: 20%;\n            width: 50%;\n            animation-delay: 4s;\n        }\n\n        .content {\n            position: relative;\n            z-index: 10;\n            text-align: center;\n            color: white !important;\n            max-width: 800px;\n            padding: 30px;\n        }\n\n        .content * {\n            color: white !important;\n        }\n\n        .cta-text {\n            font-size: 1.9rem;\n            font-weight: 700;\n            margin-bottom: 15px;\n            color: white !important;\n            background: linear-gradient(90deg, rgba(255,255,255,0.6), rgba(255,255,255,1), rgba(230,230,230,1), rgba(255,255,255,1), rgba(240,240,240,0.8), rgba(255,255,255,0.6));\n            background-size: 200% 100%;\n            -webkit-background-clip: text;\n            -webkit-text-fill-color: transparent;\n            background-clip: text;\n            animation: shineEffect 10s ease-in-out infinite;\n            line-height: 1.3;\n        }\n\n        .cta-subheading {\n            font-size: 1rem;\n            font-weight: 400;\n            margin-bottom: 25px;\n            color: white !important;\n            line-height: 1.6;\n            opacity: 0.95;\n        }\n\n        .cta-button {\n            background: linear-gradient(135deg, #8a6b0f, #bd9013, #d4a519);\n            border: 2px solid #8a6b0f;\n            color: white !important;\n            padding: 18px 40px;\n            font-size: 1.2rem;\n            font-weight: 600;\n            border-radius: 50px;\n            cursor: pointer;\n            transition: all 0.3s ease;\n            text-decoration: none;\n            display: inline-block;\n            position: relative;\n            overflow: hidden;\n        }\n\n        .cta-button::before {\n            content: '';\n            position: absolute;\n            top: 0;\n            left: -100%;\n            width: 100%;\n            height: 100%;\n            background: linear-gradient(90deg, \n                transparent 0%, \n                rgba(255, 255, 255, 0.3) 25%,\n                rgba(255, 255, 255, 0.6) 50%,\n                rgba(255, 255, 255, 0.3) 75%,\n                transparent 100%);\n            animation: shine 3s ease-in-out infinite;\n        }\n\n        .cta-button:hover {\n            transform: translateY(-3px);\n            box-shadow: 0 10px 25px rgba(0,0,0,0.2);\n            border-color: #bd9013;\n            background: linear-gradient(135deg, #bd9013, #d4a519, #e6b61f);\n        }\n\n        .floating-elements {\n            position: absolute;\n            top: 0;\n            left: 0;\n            width: 100%;\n            height: 100%;\n            pointer-events: none;\n        }\n\n        .floating-circle {\n            position: absolute;\n            border-radius: 50%;\n            background: rgba(255,255,255,0.1);\n            animation: float 8s ease-in-out infinite;\n        }\n\n        .floating-circle:nth-child(1) {\n            width: 80px;\n            height: 80px;\n            top: 20%;\n            left: 10%;\n            animation-delay: 0s;\n        }\n\n        .floating-circle:nth-child(2) {\n            width: 60px;\n            height: 60px;\n            top: 60%;\n            right: 15%;\n            animation-delay: 3s;\n        }\n\n        .floating-circle:nth-child(3) {\n            width: 40px;\n            height: 40px;\n            top: 80%;\n            left: 80%;\n            animation-delay: 6s;\n        }\n\n        .floating-circle:nth-child(4) {\n            width: 70px;\n            height: 70px;\n            top: 10%;\n            right: 20%;\n            animation-delay: 1.5s;\n        }\n\n        .floating-circle:nth-child(5) {\n            width: 50px;\n            height: 50px;\n            top: 75%;\n            left: 30%;\n            animation-delay: 4.5s;\n        }\n\n        @keyframes gradientMove {\n            0% { background-position: 0% 50%; }\n            25% { background-position: 100% 50%; }\n            50% { background-position: 100% 100%; }\n            75% { background-position: 0% 100%; }\n            100% { background-position: 0% 50%; }\n        }\n\n        @keyframes patternFloat {\n            0% { transform: translateX(0) translateY(0); }\n            33% { transform: translateX(30px) translateY(-20px); }\n            66% { transform: translateX(-20px) translateY(10px); }\n            100% { transform: translateX(0) translateY(0); }\n        }\n\n        @keyframes neuralPulse {\n            0%, 100% { opacity: 0.08; }\n            50% { opacity: 0.2; }\n        }\n\n        @keyframes shineEffect {\n            0% { background-position: 200% 0; }\n            100% { background-position: -200% 0; }\n        }\n\n        @keyframes shine {\n            0% {\n                left: -100%;\n            }\n            20%, 100% {\n                left: 100%;\n            }\n        }\n\n        @keyframes float {\n            0%, 100% { transform: translateY(0px) rotate(0deg); }\n            33% { transform: translateY(-30px) rotate(120deg); }\n            66% { transform: translateY(15px) rotate(240deg); }\n        }\n\n        @media (max-width: 768px) {\n            .banner {\n                height: 320px;\n                padding: 30px 0;\n            }\n            \n            .content {\n                padding: 40px 20px;\n            }\n            \n            .cta-text {\n                font-size: 1.3rem;\n                margin-bottom: 12px;\n            }\n            \n            .cta-subheading {\n                font-size: 0.85rem;\n                margin-bottom: 20px;\n            }\n            \n            .cta-button {\n                padding: 14px 28px;\n                font-size: 0.95rem;\n            }\n        }\n    <\/style>\n<\/head>\n<body>\n    <div class=\"banner\">\n        <div class=\"animated-background\"><\/div>\n        \n        <div class=\"ai-pattern\"><\/div>\n        \n        <div class=\"neural-network\">\n            <div class=\"neural-line\"><\/div>\n            <div class=\"neural-line\"><\/div>\n            <div class=\"neural-line\"><\/div>\n        <\/div>\n        \n        <div class=\"floating-elements\">\n            <div class=\"floating-circle\"><\/div>\n            <div class=\"floating-circle\"><\/div>\n            <div class=\"floating-circle\"><\/div>\n            <div class=\"floating-circle\"><\/div>\n            <div class=\"floating-circle\"><\/div>\n        <\/div>\n        \n        <div class=\"content\">\n            <div class=\"cta-text\">Ready to explore the insights that drive smarter decisions?<\/div>\n            <div class=\"cta-subheading\">Contact our Research experts today.<\/div>\n            <a href=\"mailto:Research@sisinternational.com\" class=\"cta-button\">Contact us now!<\/a>\n        <\/div>\n    <\/div>\n<\/body>\n<\/html>\n\n\n\n<p><\/p>\n\n\n\n<h2 class=\"wp-block-heading\" id=\"businesses-that-need-airport-survey-market-research\">Businesses That Need Airport Survey Market Research<\/h2>\n\n\n\n<ul class=\"wp-block-list\">\n<li>Airline companies<\/li>\n\n\n\n<li>Airport Management<\/li>\n\n\n\n<li>Businesses providing services within the airport setting<\/li>\n\n\n\n<li>Businesses providing services near the airport<\/li>\n\n\n\n<li>Shop owners within and near the airport\u2019s vicinity<\/li>\n\n\n\n<li>Hotel and accommodation services for air passengers<\/li>\n\n\n\n<li>Producers and distributors of goods\/items used by air passengers<\/li>\n<\/ul>\n\n\n<h2>Lokalizacja naszego obiektu w Nowym Jorku<\/h2>\n<p><!-- \/wp:post-content --> <!-- wp:html --> <iframe loading=\"lazy\" src=\"https:\/\/www.google.com\/maps\/embed?pb=!1m18!1m12!1m3!1d3022.976188376966!2d-73.99130312499956!3d40.740549471389315!2m3!1f0!2f0!3f0!3m2!1i1024!2i768!4f13.1!3m3!1m2!1s0x89c259a15798c731%3A0xd695d09bdd495f25!2s11%20E%2022nd%20St%20FL%202%2C%20New%20York%2C%20NY%2010010%2C%20USA!5e0!3m2!1sen!2spe!4v1726171763526!5m2!1sen!2spe\" width=\"600\" height=\"450\" allowfullscreen=\"allowfullscreen\" data-mce-fragment=\"1\"><\/iframe> <!-- \/wp:html --> <!-- wp:paragraph --><\/p>\n<h3 class=\"wp-block-heading\">11 E 22nd Street, pi\u0119tro 2, Nowy Jork, NY 10010 T: +1(212) 505-6805<\/h3>\n<hr \/>\n<h2><span style=\"font-weight: 400;\">O firmie SIS International<\/span><\/h2>\n<p><a href=\"https:\/\/www.sisinternational.com\/pl\/\"><span style=\"font-weight: 400;\">SIS Mi\u0119dzynarodowy<\/span><\/a><span style=\"font-weight: 400;\"> oferuje badania ilo\u015bciowe, jako\u015bciowe i strategiczne. Dostarczamy dane, narz\u0119dzia, strategie, raporty i spostrze\u017cenia do podejmowania decyzji. Prowadzimy r\u00f3wnie\u017c wywiady, ankiety, grupy fokusowe i inne metody i podej\u015bcia do bada\u0144 rynku.<\/span><a href=\"https:\/\/www.sisinternational.com\/pl\/o-moich-miedzynarodowych-badaniach\/contact-sis-international-market-research\/\"><span style=\"font-weight: 400;\"> Skontaktuj si\u0119 z nami<\/span><\/a><span style=\"font-weight: 400;\"> dla Twojego kolejnego projektu badania rynku.<\/span><\/p>","protected":false},"excerpt":{"rendered":"<p>Badania rynku lotniskowego to dok\u0142adny spos\u00f3b zbierania danych na temat r\u00f3\u017cnych zwyczaj\u00f3w i preferencji u\u017cytkownik\u00f3w lotnisk.<\/p>","protected":false},"author":1,"featured_media":70803,"parent":14514,"menu_order":162,"comment_status":"closed","ping_status":"closed","template":"","meta":{"footnotes":""},"class_list":["post-41317","page","type-page","status-publish","has-post-thumbnail"],"_links":{"self":[{"href":"https:\/\/www.sisinternational.com\/pl\/wp-json\/wp\/v2\/pages\/41317","targetHints":{"allow":["GET"]}}],"collection":[{"href":"https:\/\/www.sisinternational.com\/pl\/wp-json\/wp\/v2\/pages"}],"about":[{"href":"https:\/\/www.sisinternational.com\/pl\/wp-json\/wp\/v2\/types\/page"}],"author":[{"embeddable":true,"href":"https:\/\/www.sisinternational.com\/pl\/wp-json\/wp\/v2\/users\/1"}],"replies":[{"embeddable":true,"href":"https:\/\/www.sisinternational.com\/pl\/wp-json\/wp\/v2\/comments?post=41317"}],"version-history":[{"count":11,"href":"https:\/\/www.sisinternational.com\/pl\/wp-json\/wp\/v2\/pages\/41317\/revisions"}],"predecessor-version":[{"id":80773,"href":"https:\/\/www.sisinternational.com\/pl\/wp-json\/wp\/v2\/pages\/41317\/revisions\/80773"}],"up":[{"embeddable":true,"href":"https:\/\/www.sisinternational.com\/pl\/wp-json\/wp\/v2\/pages\/14514"}],"wp:featuredmedia":[{"embeddable":true,"href":"https:\/\/www.sisinternational.com\/pl\/wp-json\/wp\/v2\/media\/70803"}],"wp:attachment":[{"href":"https:\/\/www.sisinternational.com\/pl\/wp-json\/wp\/v2\/media?parent=41317"}],"curies":[{"name":"wp","href":"https:\/\/api.w.org\/{rel}","templated":true}]}}