{"id":41304,"date":"2023-01-24T01:02:12","date_gmt":"2023-01-24T01:02:12","guid":{"rendered":"https:\/\/www.sisinternational.com\/?page_id=41304"},"modified":"2026-03-12T13:29:58","modified_gmt":"2026-03-12T17:29:58","slug":"cocoa-market-research","status":"publish","type":"page","link":"https:\/\/www.sisinternational.com\/pl\/rozwiazania\/badania-rynku-przemyslu-spozywczego-i-napojow\/cocoa-market-research\/","title":{"rendered":"Badania rynku kakao"},"content":{"rendered":"<h1 class=\"wp-block-heading\">Badania rynku kakao<\/h1>\n\n\n\n<figure class=\"gb-block-image gb-block-image-d899fae7\"><img loading=\"lazy\" decoding=\"async\" width=\"1456\" height=\"816\" class=\"gb-image gb-image-d899fae7\" src=\"https:\/\/www.sisinternational.com\/wp-content\/uploads\/2025\/08\/Cocoa-5.jpg\" alt=\"SIS Mi\u0119dzynarodowe badania rynku i strategia\" title=\"Cocoa (5)\" srcset=\"https:\/\/www.sisinternational.com\/wp-content\/uploads\/2025\/08\/Cocoa-5.jpg 1456w, https:\/\/www.sisinternational.com\/wp-content\/uploads\/2025\/08\/Cocoa-5-300x168.jpg 300w, https:\/\/www.sisinternational.com\/wp-content\/uploads\/2025\/08\/Cocoa-5-1024x574.jpg 1024w, https:\/\/www.sisinternational.com\/wp-content\/uploads\/2025\/08\/Cocoa-5-768x430.jpg 768w, https:\/\/www.sisinternational.com\/wp-content\/uploads\/2025\/08\/Cocoa-5-18x10.jpg 18w\" sizes=\"auto, (max-width: 1456px) 100vw, 1456px\"><\/figure>\n\n\n\n<p><\/p>\n\n\n\n<h2 class=\"wp-block-heading\">What is Cocoa Market research?<\/h2>\n\n\n\n<p>Cocoa Market Research refers to the analysis of the commercial prospects of the byproducts of cocoa. It specifically focuses on the market penetration of cocoa powder and chocolate, the two extremely popular products that come from cocoa beans.<\/p>\n\n\n\n<p>Key market insights, challenges in the production process and price fluctuations on the stock market are essential aspects of research on the cocoa market. In addition, cocoa market research includes both regional and qualitative differentiation as well as the cost of production for product families.<\/p>\n\n\n\n<h2 class=\"wp-block-heading\">Why is Cocoa Market Research Important?<\/h2>\n\n\n\n<p>Cocoa and chocolate are among the most popular and well-known products around the world. The production process nevertheless requires multi-layered management because there are different steps of action before the final <a href=\"https:\/\/www.sisinternational.com\/pl\/rozwiazania\/testowanie-smaku\/testowanie-produktow-konsumenckich-w-nowym-jorku\/\" title=\"Testowanie produkt\u00f3w konsumenckich w Nowym Jorku\"  data-wpil-monitor-id=\"8104\">products reach the consumers<\/a>. All executives and investors should be well aware of both the sources of profit and risks of the cocoa industry. There are opportunities to grab together with risks to consider. Factors like weather, socioeconomic conditions, human rights and a balanced share of profits are significant. The global appeal of cocoa products opens up numerous possibilities for business expansion and presents lucrative investment opportunities. On the other hand, cocoa market research reveals all new information related to the risk assessment of cocoa production.<\/p>\n\n\n\n<p>Cocoa is found in certain regions of Africa, Latin America and South Asia because it needs heat and humidity for growing. Water is vital for the existence of cocoa trees. The climate crisis imposes dangers to consider and challenges to overcome. Additionally, there are environmental issues, such as deforestation and loss of biodiversity as well as humanitarian concerns over the poor living conditions of the cocoa farmers that could cause negative publicity and affect sales and profits.<\/p>\n\n\n\n<h2 class=\"wp-block-heading\">Key job titles in the industry<\/h2>\n\n\n\n<figure class=\"gb-block-image gb-block-image-bbcac272\"><img loading=\"lazy\" decoding=\"async\" width=\"1456\" height=\"816\" class=\"gb-image gb-image-bbcac272\" src=\"https:\/\/www.sisinternational.com\/wp-content\/uploads\/2025\/08\/Cocoa-2.jpg\" alt=\"SIS Mi\u0119dzynarodowe badania rynku i strategia\" title=\"Cocoa (2)\" srcset=\"https:\/\/www.sisinternational.com\/wp-content\/uploads\/2025\/08\/Cocoa-2.jpg 1456w, https:\/\/www.sisinternational.com\/wp-content\/uploads\/2025\/08\/Cocoa-2-300x168.jpg 300w, https:\/\/www.sisinternational.com\/wp-content\/uploads\/2025\/08\/Cocoa-2-1024x574.jpg 1024w, https:\/\/www.sisinternational.com\/wp-content\/uploads\/2025\/08\/Cocoa-2-768x430.jpg 768w, https:\/\/www.sisinternational.com\/wp-content\/uploads\/2025\/08\/Cocoa-2-18x10.jpg 18w\" sizes=\"auto, (max-width: 1456px) 100vw, 1456px\"><\/figure>\n\n\n\n<p><\/p>\n\n\n\n<p>There are several relevant jobs in the <a href=\"https:\/\/www.sisinternational.com\/pl\/ekspertyza\/branze\/badania-rynku-przemyslowego\/\" title=\"Badania i Strategia Rynku Przemys\u0142owego\"  data-wpil-monitor-id=\"8099\">industry of cocoa market<\/a>:<\/p>\n\n\n\n<ul class=\"wp-block-list\">\n<li><a href=\"https:\/\/www.sisinternational.com\/pl\/ekspertyza\/branze\/food-beverage-technology-market-research-food-tech\/\" title=\"Badania rynku technologii \u017cywno\u015bci i napoj\u00f3w | Food Tech\"  data-wpil-monitor-id=\"8097\">Food technology research<\/a> scientists<\/li>\n\n\n\n<li><a href=\"https:\/\/www.sisinternational.com\/pl\/ekspertyza\/branze\/waste-management-market-research\/\" title=\"Badania rynku gospodarki odpadami\"  data-wpil-monitor-id=\"8094\">Market Research Managers<\/a><\/li>\n\n\n\n<li>Traders<\/li>\n\n\n\n<li>Cocoa and chocolate ingredients merchants<\/li>\n\n\n\n<li>Marketing Managers<\/li>\n\n\n\n<li>Producers<\/li>\n\n\n\n<li>Soft Commodity Risk Management<\/li>\n\n\n\n<li>Cocoa logistic services<\/li>\n\n\n\n<li>Cocoa shipping services<\/li>\n\n\n\n<li>Cocoa transportation services<\/li>\n<\/ul>\n\n\n\n<h2 class=\"wp-block-heading\">Why businesses need Cocoa Market Research<\/h2>\n\n\n\n<p>The cocoa market is widespread. Whilst demand comes mainly from the rich western countries of northern Europe, the USA and Canada there are countries like Malaysia, Turkey and Indonesia that rank among the top importers of cocoa worldwide. On the other hand, the supply comes from countries like Ghana, Cote d&#8217;Ivoire, Indonesia and Ecuador. Such a spread of the supply and demand chain requires broad <a href=\"https:\/\/www.sisinternational.com\/pl\/rozwiazania\/doradztwo-strategiczne\/supply-chain-market-research\/\" title=\"Badania rynku \u0142a\u0144cucha dostaw\"  data-wpil-monitor-id=\"6570\">badania rynku<\/a>. Not only because of the spatial, cultural and language barriers but also because all relevant information shall be crystal clear. Such information includes:<\/p>\n\n\n\n<ul class=\"wp-block-list\">\n<li>The definition of cocoa varieties<\/li>\n\n\n\n<li>The quantities of annual production<\/li>\n\n\n\n<li>The post-harvest protocols and handling of cocoa<\/li>\n\n\n\n<li>The requirements for valid and up-to-date certifications<\/li>\n<\/ul>\n\n\n\n<h2 class=\"wp-block-heading\">Key success factors<\/h2>\n\n\n\n<p>Conducting extensive cocoa market research implies that all interested parties expect a high increase in return on investment. There are several principal factors of success:<\/p>\n\n\n\n<ul class=\"wp-block-list\">\n<li>Maintaining high-quality standards<\/li>\n\n\n\n<li>Developing effective distribution channels<\/li>\n\n\n\n<li>Achieving economies of scale<\/li>\n\n\n\n<li>Expanding on foreign markets<\/li>\n\n\n\n<li>Increasing market share<\/li>\n\n\n\n<li>Exploiting the latest technological advances<\/li>\n\n\n\n<li>Setting a fair price<\/li>\n\n\n\n<li><a href=\"https:\/\/www.sisinternational.com\/pl\/b2b-customer-experience-the-ultimate-guide-to-building-loyalty-that-lasts\/\" title=\"B2B Customer Experience: The Ultimate Guide to Building Loyalty That Lasts\"  data-wpil-monitor-id=\"8095\">Building customer loyalty<\/a><\/li>\n<\/ul>\n\n\n\n<p>Accurate planning, realistic goal setting and broad knowledge of the cocoa <a href=\"https:\/\/www.sisinternational.com\/pl\/rozwiazania\/rozwiazania-w-zakresie-badan-jakosciowych-i-ilosciowych\/human-factors-market-research\/\" title=\"Badania rynku czynnik\u00f3w ludzkich\"  data-wpil-monitor-id=\"8103\">market industry are additional factors<\/a> that contribute significantly to success.<\/p>\n\n\n\n<h2 class=\"wp-block-heading\">About Cocoa Market Research<\/h2>\n\n\n\n<figure class=\"gb-block-image gb-block-image-453d57e3\"><img loading=\"lazy\" decoding=\"async\" width=\"1456\" height=\"816\" class=\"gb-image gb-image-453d57e3\" src=\"https:\/\/www.sisinternational.com\/wp-content\/uploads\/2025\/08\/Cocoa-3.jpg\" alt=\"SIS Mi\u0119dzynarodowe badania rynku i strategia\" title=\"Cocoa (3)\" srcset=\"https:\/\/www.sisinternational.com\/wp-content\/uploads\/2025\/08\/Cocoa-3.jpg 1456w, https:\/\/www.sisinternational.com\/wp-content\/uploads\/2025\/08\/Cocoa-3-300x168.jpg 300w, https:\/\/www.sisinternational.com\/wp-content\/uploads\/2025\/08\/Cocoa-3-1024x574.jpg 1024w, https:\/\/www.sisinternational.com\/wp-content\/uploads\/2025\/08\/Cocoa-3-768x430.jpg 768w, https:\/\/www.sisinternational.com\/wp-content\/uploads\/2025\/08\/Cocoa-3-18x10.jpg 18w\" sizes=\"auto, (max-width: 1456px) 100vw, 1456px\"><\/figure>\n\n\n\n<p><\/p>\n\n\n\n<p>Cocoa is a commodity that is <a href=\"https:\/\/www.sisinternational.com\/pl\/rozwiazania\/doradztwo-strategiczne-fintech-badania\/algorithmic-trading-market-research\/\" title=\"Badania rynku handlu algorytmicznego\"  data-wpil-monitor-id=\"8101\">traded on the following stock markets<\/a>:<\/p>\n\n\n\n<ul class=\"wp-block-list\">\n<li>The New York Mercantile Exchange (NYMEX)<\/li>\n\n\n\n<li>The Intercontinental Exchange (ICE) in London<\/li>\n<\/ul>\n\n\n\n<p>Therefore, the prices and size of cocoa contracts are two critical factors for determining the stock indices and efficiency of the product. What distinguishes cocoa from other values that are traded in stock, is that it\u2019s an agricultural product. Thus there is a specific analysis to conduct for making accurate predictions. Its efficiency and perspective rely mostly on human labor and the unstable conditions of its production process. The factor of the climate crisis is becoming extensively critical as there is much insecurity about future weather conditions. Within such an insecure environment, market research is becoming a highly important tool for determining the optimal business <a href=\"https:\/\/www.sisinternational.com\/pl\/the-role-of-process-and-systems-development-in-organizational-success\/\" title=\"Badania rynku projektowania organizacji\"  data-wpil-monitor-id=\"8093\">strategia<\/a>. As the global market of cocoa is rapidly expanding, all involved parties shall prioritize the execution of meaningful, thorough and detailed market research.<\/p>","protected":false},"excerpt":{"rendered":"<p>Cocoa Market Research analyzes the commercial prospects of the byproducts of cocoa, specifically focusing on it&#8217;s market penetration.<\/p>","protected":false},"author":1,"featured_media":64061,"parent":22018,"menu_order":157,"comment_status":"closed","ping_status":"closed","template":"","meta":{"footnotes":""},"class_list":["post-41304","page","type-page","status-publish","has-post-thumbnail"],"_links":{"self":[{"href":"https:\/\/www.sisinternational.com\/pl\/wp-json\/wp\/v2\/pages\/41304","targetHints":{"allow":["GET"]}}],"collection":[{"href":"https:\/\/www.sisinternational.com\/pl\/wp-json\/wp\/v2\/pages"}],"about":[{"href":"https:\/\/www.sisinternational.com\/pl\/wp-json\/wp\/v2\/types\/page"}],"author":[{"embeddable":true,"href":"https:\/\/www.sisinternational.com\/pl\/wp-json\/wp\/v2\/users\/1"}],"replies":[{"embeddable":true,"href":"https:\/\/www.sisinternational.com\/pl\/wp-json\/wp\/v2\/comments?post=41304"}],"version-history":[{"count":5,"href":"https:\/\/www.sisinternational.com\/pl\/wp-json\/wp\/v2\/pages\/41304\/revisions"}],"predecessor-version":[{"id":81365,"href":"https:\/\/www.sisinternational.com\/pl\/wp-json\/wp\/v2\/pages\/41304\/revisions\/81365"}],"up":[{"embeddable":true,"href":"https:\/\/www.sisinternational.com\/pl\/wp-json\/wp\/v2\/pages\/22018"}],"wp:featuredmedia":[{"embeddable":true,"href":"https:\/\/www.sisinternational.com\/pl\/wp-json\/wp\/v2\/media\/64061"}],"wp:attachment":[{"href":"https:\/\/www.sisinternational.com\/pl\/wp-json\/wp\/v2\/media?parent=41304"}],"curies":[{"name":"wp","href":"https:\/\/api.w.org\/{rel}","templated":true}]}}