{"id":41277,"date":"2023-01-23T16:12:02","date_gmt":"2023-01-23T16:12:02","guid":{"rendered":"https:\/\/www.sisinternational.com\/?page_id=41277"},"modified":"2026-01-25T19:25:31","modified_gmt":"2026-01-26T00:25:31","slug":"badania-rynku-przemyslu-gumowego","status":"publish","type":"page","link":"https:\/\/www.sisinternational.com\/pl\/ekspertyza\/badania-rynku-przemyslu-gumowego\/","title":{"rendered":"Badania rynku przemys\u0142u gumowego"},"content":{"rendered":"<h1 class=\"wp-block-heading\">Badania rynku przemys\u0142u gumowego<\/h1>\n\n\n\n<figure class=\"gb-block-image gb-block-image-1ac76d98\"><img loading=\"lazy\" decoding=\"async\" width=\"1456\" height=\"816\" class=\"gb-image gb-image-1ac76d98\" src=\"https:\/\/www.sisinternational.com\/wp-content\/uploads\/2025\/10\/Rubber-1.jpg\" alt=\"SIS Mi\u0119dzynarodowe badania rynku i strategia\" title=\"Rubber (1)\" srcset=\"https:\/\/www.sisinternational.com\/wp-content\/uploads\/2025\/10\/Rubber-1.jpg 1456w, https:\/\/www.sisinternational.com\/wp-content\/uploads\/2025\/10\/Rubber-1-300x168.jpg 300w, https:\/\/www.sisinternational.com\/wp-content\/uploads\/2025\/10\/Rubber-1-1024x574.jpg 1024w, https:\/\/www.sisinternational.com\/wp-content\/uploads\/2025\/10\/Rubber-1-768x430.jpg 768w, https:\/\/www.sisinternational.com\/wp-content\/uploads\/2025\/10\/Rubber-1-18x10.jpg 18w\" sizes=\"auto, (max-width: 1456px) 100vw, 1456px\"><\/figure>\n\n\n\n<p><\/p>\n\n\n\n<h2 class=\"wp-block-heading\">Guma jest obecna w naszym codziennym \u017cyciu<\/h2>\n\n\n\n<p>Guma jest obecna w wielu najwa\u017cniejszych produktach, kt\u00f3rych u\u017cywamy codziennie, takich jak r\u0119kawiczki chirurgiczne, gumki recepturki i opony. Guma jest niezb\u0119dnym materia\u0142em i jednym z najwa\u017cniejszych surowc\u00f3w wsp\u00f3\u0142czesnego spo\u0142ecze\u0144stwa. Przemys\u0142 gumowy jest wart miliardy dolar\u00f3w i stwarza liczne mo\u017cliwo\u015bci wzrostu i rozwoju nowych produkt\u00f3w.<\/p>\n\n\n\n<p>Istnieje wiele rodzaj\u00f3w gumy, w tym guma neoprenowa, guma butylowa, guma styrenowo-butadienowa, guma fluorosilikonowa, guma silikonowa, guma nitrylowa i guma EPDM. Kluczowymi czynnikami wp\u0142ywaj\u0105cymi na jako\u015b\u0107 produktu s\u0105 elastyczno\u015b\u0107, kurczliwo\u015b\u0107 termiczna i trwa\u0142o\u015b\u0107.<br>Much of the world\u2019s rubber production occurs in high growth emerging <a href=\"https:\/\/www.sisinternational.com\/pl\/zasieg\/ameryka\/zasieg-usa\/badania-rynku-w-karolinie-poludniowej\/\" title=\"Badania rynku w Karolinie Po\u0142udniowej\"  data-wpil-monitor-id=\"5651\">markets in South<\/a> East Asia including in Thailand, Malaysia, Indonesia, Vietnam and India. Many of these countries consider the industry to be of national strategic importance and have councils and trade programs focused on boosting exports. Operating in these high growth economies presents numerous opportunities for growth and for boosting efficiency and developing Go-To-Market Strategy.<\/p>\n\n\n\n<p>SIS Market Research pomaga firmom znale\u017a\u0107 nowe obszary mo\u017cliwo\u015bci rynkowych w sektorze gumowym. Dostarczamy badania rynkowe dotycz\u0105ce najnowszych trend\u00f3w w zakresie wykorzystania i popytu na gum\u0119. Pomagamy naszym klientom budowa\u0107 strategie zwi\u0119kszaj\u0105ce ich rentowno\u015b\u0107 i efektywno\u015b\u0107 operacyjn\u0105.<\/p>\n\n\n\n<h2 class=\"wp-block-heading\">Znaczenie bada\u0144 rynku przemys\u0142u gumowego<\/h2>\n\n\n\n<figure class=\"gb-block-image gb-block-image-acd346e6\"><img loading=\"lazy\" decoding=\"async\" width=\"1456\" height=\"816\" class=\"gb-image gb-image-acd346e6\" src=\"https:\/\/www.sisinternational.com\/wp-content\/uploads\/2025\/10\/Rubber-4.jpg\" alt=\"SIS Mi\u0119dzynarodowe badania rynku i strategia\" title=\"Rubber (4)\" srcset=\"https:\/\/www.sisinternational.com\/wp-content\/uploads\/2025\/10\/Rubber-4.jpg 1456w, https:\/\/www.sisinternational.com\/wp-content\/uploads\/2025\/10\/Rubber-4-300x168.jpg 300w, https:\/\/www.sisinternational.com\/wp-content\/uploads\/2025\/10\/Rubber-4-1024x574.jpg 1024w, https:\/\/www.sisinternational.com\/wp-content\/uploads\/2025\/10\/Rubber-4-768x430.jpg 768w, https:\/\/www.sisinternational.com\/wp-content\/uploads\/2025\/10\/Rubber-4-18x10.jpg 18w\" sizes=\"auto, (max-width: 1456px) 100vw, 1456px\"><\/figure>\n\n\n\n<p>SIS Market Research gromadzi badania klient\u00f3w, analiz\u0119 konkurencji, czynniki nap\u0119dzaj\u0105ce firm\u0119 i krajobraz rynkowy, aby dostarcza\u0107 informacje do podejmowania decyzji. Specjalizujemy si\u0119 w dostarczaniu analiz dotycz\u0105cych mo\u017cliwo\u015bci, \u017ar\u00f3de\u0142 rentowno\u015bci, wyzwa\u0144 i sposob\u00f3w na prosperowanie.<\/p>\n\n\n\n<p>Kluczowe produkty przemys\u0142u gumowego obejmuj\u0105:<\/p>\n\n\n\n<ul class=\"wp-block-list\">\n<li>Opony i d\u0119tki samochodowe<\/li>\n\n\n\n<li>Wyroby formowane gum\u0105<\/li>\n\n\n\n<li>Zastosowania mat i pod\u0142\u00f3g<\/li>\n\n\n\n<li>W\u0119\u017ce i rury<\/li>\n\n\n\n<li>Guma wulkanizowana do obuwia<\/li>\n\n\n\n<li>R\u0119kawice przemys\u0142owe<\/li>\n\n\n\n<li>Sprz\u0119t sportowy<\/li>\n\n\n\n<li>Izolacja i materia\u0142y izolacyjne<\/li>\n\n\n\n<li>Produkty do zdrowia seksualnego<\/li>\n\n\n\n<li>Materace<\/li>\n\n\n\n<li>Buty i kozaki<\/li>\n\n\n\n<li>Butelki na wod\u0119<\/li>\n\n\n\n<li>Sprz\u0119t ochronny dla funkcjonariuszy organ\u00f3w \u015bcigania, s\u0142u\u017cb ratunkowych i stra\u017cak\u00f3w<\/li>\n\n\n\n<li>Pi\u0142ki i balony<\/li>\n<\/ul>\n\n\n\n<p>Producenci gumy coraz cz\u0119\u015bciej dzia\u0142aj\u0105 w wysoce konkurencyjnej gospodarce globalnej, a producenci na ca\u0142ym \u015bwiecie stosuj\u0105 strategie obni\u017cania cen i rosn\u0105cych ogranicze\u0144 handlowych. Jako\u015b\u0107 i dostawa produkt\u00f3w pozostaj\u0105 kluczowymi obszarami zainteresowania.<\/p>\n\n\n\n<h2 class=\"wp-block-heading\">Zr\u00f3wnowa\u017cony rozw\u00f3j w przemy\u015ble gumowym<\/h2>\n\n\n\n<p>Rosn\u0105cy globalny popyt na gum\u0119 wzbudzi\u0142 obawy dotycz\u0105ce zr\u00f3wnowa\u017conego wykorzystania zasob\u00f3w w perspektywie d\u0142ugoterminowej. G\u0142\u00f3wnym motorem popytu na gum\u0119 jest przemys\u0142 motoryzacyjny, kt\u00f3ry stale ro\u015bnie i zu\u017cywa miliony opon ka\u017cdego dnia. Aby sprosta\u0107 temu poziomowi popytu, firmy zwi\u0119kszaj\u0105 swoje moce produkcyjne. Oznacza to, \u017ce na ca\u0142ym \u015bwiecie potrzebne s\u0105 nowe plantacje kauczuku.<\/p>\n\n\n\n<p>Rozw\u00f3j plantacji kauczuku mo\u017ce mie\u0107 wp\u0142yw na \u015brodowisko, co zwi\u0119ksza potrzeb\u0119 przeprowadzenia bada\u0144 na temat odpowiedzialno\u015bci spo\u0142ecznej, zr\u00f3wnowa\u017conego rozwoju, \u0142a\u0144cuch\u00f3w dostaw, potrzeb klient\u00f3w i spostrze\u017ce\u0144 interesariuszy.<\/p>\n\n\n\n<p>SIS Market <a href=\"https:\/\/www.sisinternational.com\/pl\/ekspertyza\/branze\/badania-rynku-automatyki-przemyslowej\/\" title=\"Badania rynku automatyki przemys\u0142owej\"  data-wpil-monitor-id=\"4818\">Badania<\/a> advises companies on best practices for maintaining sustainability and for serving investors and community and industry stakeholders. This benefits the manufacturing processes and the brand&#8217;s position in the market.<\/p>\n\n\n\n<h2 class=\"wp-block-heading\">Korzy\u015bci z bada\u0144 rynku przemys\u0142u gumowego<\/h2>\n\n\n\n<figure class=\"gb-block-image gb-block-image-7794f7e1\"><img loading=\"lazy\" decoding=\"async\" width=\"1456\" height=\"816\" class=\"gb-image gb-image-7794f7e1\" src=\"https:\/\/www.sisinternational.com\/wp-content\/uploads\/2025\/10\/Rubber-3.jpg\" alt=\"SIS Mi\u0119dzynarodowe badania rynku i strategia\" title=\"Rubber (3)\" srcset=\"https:\/\/www.sisinternational.com\/wp-content\/uploads\/2025\/10\/Rubber-3.jpg 1456w, https:\/\/www.sisinternational.com\/wp-content\/uploads\/2025\/10\/Rubber-3-300x168.jpg 300w, https:\/\/www.sisinternational.com\/wp-content\/uploads\/2025\/10\/Rubber-3-1024x574.jpg 1024w, https:\/\/www.sisinternational.com\/wp-content\/uploads\/2025\/10\/Rubber-3-768x430.jpg 768w, https:\/\/www.sisinternational.com\/wp-content\/uploads\/2025\/10\/Rubber-3-18x10.jpg 18w\" sizes=\"auto, (max-width: 1456px) 100vw, 1456px\"><\/figure>\n\n\n\n<ul class=\"wp-block-list\">\n<li>Wzmacnia strategiczne pozycjonowanie firmy w bran\u017cy gumowej<\/li>\n\n\n\n<li>Minimalizuje ryzyko inwestycyjne<\/li>\n\n\n\n<li>Identyfikuje potencjalne zagro\u017cenia i szanse<\/li>\n\n\n\n<li>Odkrywa mocne i s\u0142abe strony konkurent\u00f3w<\/li>\n\n\n\n<li>Przewodniki po planowaniu strategicznym<\/li>\n\n\n\n<li>Identyfikuje pojawiaj\u0105ce si\u0119 trendy<\/li>\n\n\n\n<li>Zapewnia firmie narz\u0119dzia pozwalaj\u0105ce wyprzedzi\u0107 konkurencj\u0119<\/li>\n\n\n\n<li>Dostarcza prognoz, projekcji, rekomendacji i przewidywa\u0144<\/li>\n\n\n\n<li>O\u015bwietla potrzeby i wymagania klient\u00f3w<\/li>\n\n\n\n<li>Analizuje krajobraz rynkowy w celu odkrycia istotnych zagro\u017ce\u0144 wynikaj\u0105cych z geopolityki i regulacji handlowych<\/li>\n\n\n\n<li>Odkrywa punkty odniesienia od g\u0142\u00f3wnych konkurent\u00f3w<\/li>\n<\/ul>\n\n\n\n<h2 class=\"wp-block-heading\">Jak odkrywamy spostrze\u017cenia<\/h2>\n\n\n\n<p>SIS dysponuje znacz\u0105cymi bazami danych i dost\u0119pem do nast\u0119puj\u0105cych profesjonalist\u00f3w z bran\u017cy gumowej:<\/p>\n\n\n\n<ul class=\"wp-block-list\">\n<li>Chemicy procesowi<\/li>\n\n\n\n<li>Mechanika przemys\u0142owa<\/li>\n\n\n\n<li>Decydenci<\/li>\n\n\n\n<li>Kadra kierownicza wy\u017cszego szczebla<\/li>\n\n\n\n<li>Wiceprezes<\/li>\n\n\n\n<li>Technicy samochodowi<\/li>\n\n\n\n<li>Producenci cz\u0119\u015bci<\/li>\n\n\n\n<li>In\u017cynierowie mechanicy projektu<\/li>\n\n\n\n<li>In\u017cynierowie polimer\u00f3w<\/li>\n\n\n\n<li>Kierownicy sklep\u00f3w<\/li>\n\n\n\n<li>Kierowcy dostaw<\/li>\n\n\n\n<li>In\u017cynierowie tworzyw sztucznych<\/li>\n\n\n\n<li>Kierownicy serwisu<\/li>\n\n\n\n<li>Technicy opon<\/li>\n\n\n\n<li>Inni<\/li>\n<\/ul>\n\n\n\n<h2 class=\"wp-block-heading\">O badaniach rynku przemys\u0142u gumowego<\/h2>\n\n\n\n<figure class=\"gb-block-image gb-block-image-68309510\"><img loading=\"lazy\" decoding=\"async\" width=\"1456\" height=\"816\" class=\"gb-image gb-image-68309510\" src=\"https:\/\/www.sisinternational.com\/wp-content\/uploads\/2025\/10\/Rubber-2.jpg\" alt=\"SIS Mi\u0119dzynarodowe badania rynku i strategia\" title=\"Rubber (2)\" srcset=\"https:\/\/www.sisinternational.com\/wp-content\/uploads\/2025\/10\/Rubber-2.jpg 1456w, https:\/\/www.sisinternational.com\/wp-content\/uploads\/2025\/10\/Rubber-2-300x168.jpg 300w, https:\/\/www.sisinternational.com\/wp-content\/uploads\/2025\/10\/Rubber-2-1024x574.jpg 1024w, https:\/\/www.sisinternational.com\/wp-content\/uploads\/2025\/10\/Rubber-2-768x430.jpg 768w, https:\/\/www.sisinternational.com\/wp-content\/uploads\/2025\/10\/Rubber-2-18x10.jpg 18w\" sizes=\"auto, (max-width: 1456px) 100vw, 1456px\"><\/figure>\n\n\n\n<p><\/p>\n\n\n\n<p>Rubber <a href=\"https:\/\/www.sisinternational.com\/pl\/badania-rynku-w-branzy-edukacyjnej\/\" title=\"Badania rynku w bran\u017cy edukacyjnej\"  data-wpil-monitor-id=\"1813\">Industry Market Research<\/a> helps maximize profit and minimize risk in business decision making. Market Research can give a company the competitive advantage they need over its competitors. Market Research speaks with customers, competitors, subject matter experts, investors and other key stakeholders to gain incisive data for decision making.<\/p>\n\n\n\n<p>Maj\u0105c ponad 38 lat do\u015bwiadczenia, SIS Market Research ma niezr\u00f3wnan\u0105 obecno\u015b\u0107 na rynkach mi\u0119dzynarodowych. Posiadamy technologie, narz\u0119dzia, strategie zbierania informacji i zrozumienia potrzeb klient\u00f3w. Niekt\u00f3re z naszych technik obejmuj\u0105 ankiety, ankiety bezpo\u015brednie, wywiady, grupy fokusowe, etnografi\u0119, analiz\u0119 bran\u017cy, analiz\u0119 konkurencji, spo\u0142eczno\u015bci internetowe, ankiety telefoniczne, wizyty na miejscu i badania konkurencji i wiele innych.<\/p>\n\n\n\n<p>W naszym dziale bada\u0144 strategicznych i doradztwa oferujemy analiz\u0119 konkurencji, doradztwo w zakresie wej\u015bcia na rynek, badania rynku, analizy por\u00f3wnawcze, analiz\u0119 opinii klienta, analiz\u0119 \u0142\u0105czon\u0105, analiz\u0119 czynnikow\u0105, wielowymiarow\u0105 analiz\u0119 statystyczn\u0105, ocen\u0119 potencja\u0142u eksportowego oraz analiz\u0119 szans rynkowych.<\/p>","protected":false},"excerpt":{"rendered":"<p>Badania rynku w bran\u017cy gumowej pomagaj\u0105 maksymalizowa\u0107 zyski i minimalizowa\u0107 ryzyko w podejmowaniu decyzji biznesowych.<\/p>","protected":false},"author":1,"featured_media":72078,"parent":14514,"menu_order":154,"comment_status":"closed","ping_status":"closed","template":"","meta":{"footnotes":""},"class_list":["post-41277","page","type-page","status-publish","has-post-thumbnail"],"_links":{"self":[{"href":"https:\/\/www.sisinternational.com\/pl\/wp-json\/wp\/v2\/pages\/41277","targetHints":{"allow":["GET"]}}],"collection":[{"href":"https:\/\/www.sisinternational.com\/pl\/wp-json\/wp\/v2\/pages"}],"about":[{"href":"https:\/\/www.sisinternational.com\/pl\/wp-json\/wp\/v2\/types\/page"}],"author":[{"embeddable":true,"href":"https:\/\/www.sisinternational.com\/pl\/wp-json\/wp\/v2\/users\/1"}],"replies":[{"embeddable":true,"href":"https:\/\/www.sisinternational.com\/pl\/wp-json\/wp\/v2\/comments?post=41277"}],"version-history":[{"count":6,"href":"https:\/\/www.sisinternational.com\/pl\/wp-json\/wp\/v2\/pages\/41277\/revisions"}],"predecessor-version":[{"id":79352,"href":"https:\/\/www.sisinternational.com\/pl\/wp-json\/wp\/v2\/pages\/41277\/revisions\/79352"}],"up":[{"embeddable":true,"href":"https:\/\/www.sisinternational.com\/pl\/wp-json\/wp\/v2\/pages\/14514"}],"wp:featuredmedia":[{"embeddable":true,"href":"https:\/\/www.sisinternational.com\/pl\/wp-json\/wp\/v2\/media\/72078"}],"wp:attachment":[{"href":"https:\/\/www.sisinternational.com\/pl\/wp-json\/wp\/v2\/media?parent=41277"}],"curies":[{"name":"wp","href":"https:\/\/api.w.org\/{rel}","templated":true}]}}