{"id":41228,"date":"2023-01-16T04:19:27","date_gmt":"2023-01-16T04:19:27","guid":{"rendered":"https:\/\/www.sisinternational.com\/?page_id=41228"},"modified":"2026-01-27T15:20:06","modified_gmt":"2026-01-27T20:20:06","slug":"analiza-dyskryminacyjna-badania-rynku","status":"publish","type":"page","link":"https:\/\/www.sisinternational.com\/pl\/rozwiazania\/rozwiazania-w-zakresie-badan-jakosciowych-i-ilosciowych\/analiza-dyskryminacyjna-badania-rynku\/","title":{"rendered":"Analiza dyskryminacyjna Badania rynku"},"content":{"rendered":"<h1 class=\"wp-block-heading\">Analiza dyskryminacyjna Badania rynku<\/h1>\n\n\n\n<figure class=\"gb-block-image gb-block-image-f0ffc33a\"><img loading=\"lazy\" decoding=\"async\" width=\"1456\" height=\"816\" class=\"gb-image gb-image-f0ffc33a\" src=\"https:\/\/www.sisinternational.com\/wp-content\/uploads\/2025\/10\/Strategy-consulting-2.jpg\" srcset=\"https:\/\/www.sisinternational.com\/wp-content\/uploads\/2025\/10\/Strategy-consulting-2.jpg 1456w, https:\/\/www.sisinternational.com\/wp-content\/uploads\/2025\/10\/Strategy-consulting-2-300x168.jpg 300w, https:\/\/www.sisinternational.com\/wp-content\/uploads\/2025\/10\/Strategy-consulting-2-1024x574.jpg 1024w, https:\/\/www.sisinternational.com\/wp-content\/uploads\/2025\/10\/Strategy-consulting-2-768x430.jpg 768w, https:\/\/www.sisinternational.com\/wp-content\/uploads\/2025\/10\/Strategy-consulting-2-18x10.jpg 18w\" sizes=\"auto, (max-width: 1456px) 100vw, 1456px\" alt=\"SIS Mi\u0119dzynarodowe badania rynku i strategia\"><\/figure>\n\n\n\n<p><\/p>\n\n\n\n<h2 class=\"wp-block-heading\">Czym jest analiza dyskryminacyjna?<\/h2>\n\n\n\n<p>Analiza dyskryminacyjna (DA) to technika stosowana w statystyce do klasyfikowania wynik\u00f3w. Umieszczaj\u0105 te wyniki w nienak\u0142adaj\u0105cych si\u0119 grupach na podstawie wynik\u00f3w jednej lub wi\u0119cej zmiennych predykcyjnych ilo\u015bciowych. Jak sama nazwa wskazuje, jest to spos\u00f3b na dyskryminacj\u0119 lub klasyfikacj\u0119 wynik\u00f3w. Trzy osoby dziel\u0105 si\u0119 zas\u0142ug\u0105 stworzenia DA. S\u0105 to Mahalanobis w Indiach, Fisher w Wielkiej Brytanii i Hotelling w USA.<\/p>\n\n\n\n<p>Lekarz mo\u017ce wykona\u0107 DA, aby znale\u017a\u0107 pacjent\u00f3w z wysokim lub niskim ryzykiem udaru. Analiza mo\u017ce klasyfikowa\u0107 ich do grup wysokiego lub niskiego ryzyka. Mo\u017ce opiera\u0107 te grupy na cechach osobistych, takich jak masa cia\u0142a lub poziom cholesterolu. Albo mo\u017ce opiera\u0107 je na zachowaniach zwi\u0105zanych ze stylem \u017cycia. Na przyk\u0142ad mo\u017ce klasyfikowa\u0107 ich na podstawie liczby papieros\u00f3w dziennie lub cotygodniowych sesji \u0107wicze\u0144.<\/p>\n\n\n\n<p>Mo\u017cesz u\u017cy\u0107 DA do cel\u00f3w predykcyjnych lub opisowych. Kroki s\u0105 nast\u0119puj\u0105ce:<\/p>\n\n\n\n<ul class=\"wp-block-list\">\n<li>Znajd\u017a problem<\/li>\n\n\n\n<li>Oszacowanie wsp\u00f3\u0142czynnik\u00f3w funkcji dyskryminacyjnej<\/li>\n\n\n\n<li>Okre\u015bl znaczenie tych funkcji dyskryminacyjnych<\/li>\n\n\n\n<li>Zinterpretuj wyniki<\/li>\n\n\n\n<li>Oce\u0144 wa\u017cno\u015b\u0107 wynik\u00f3w<\/li>\n<\/ul>\n\n\n\n<h2 class=\"wp-block-heading\">Dlaczego analiza dyskryminacyjna jest wa\u017cna?<\/h2>\n\n\n\n<p><a href=\"https:\/\/www.sisinternational.com\/pl\/ekspertyza\/branze\/multivariate-analysis-market-research\/\" title=\"Wielowymiarowa analiza bada\u0144 rynku\"  data-wpil-monitor-id=\"5029\">Researchers use the Discriminant Analysis<\/a> process to help them understand the connection between a \u201cdependent variable\u201d and one or more \u201cindependent variables.\u201d A dependent variable is one that a researcher tries to explain or predict from the values of the independent variables. Sometimes the dependent variable is divided into several categories (categorical variable).<\/p>\n\n\n\n<p>DA bierze ci\u0105g\u0142e zmienne niezale\u017cne i rozwija relacj\u0119 lub r\u00f3wnania predykcyjne. Naukowcy u\u017cywaj\u0105 tych r\u00f3wna\u0144, aby umie\u015bci\u0107 zmienne zale\u017cne w grupach.<\/p>\n\n\n\n<p>Gdy zmienna zale\u017cna ma dwie kategorie, u\u017cywanym typem jest analiza dyskryminacyjna dwugrupowa. Je\u015bli ma trzy lub wi\u0119cej kategorii, u\u017cywanym typem jest analiza dyskryminacyjna wielokrotna. Istnieje r\u00f3wnie\u017c analiza dyskryminacyjna liniowa (LDA) i analiza dyskryminacyjna kwadratowa (QDA).<\/p>\n\n\n\n<p>Oto podstawowe rozr\u00f3\u017cnienie mi\u0119dzy typami analizy dyskryminacyjnej. Dla dw\u00f3ch grup mo\u017cliwe jest wyprowadzenie tylko jednej funkcji dyskryminacyjnej. Ten typ analizy dyskryminacyjnej jest znany jako analiza funkcji dyskryminacyjnej. W przypadku wielu analiz dyskryminacyjnych mo\u017cna obliczy\u0107 wi\u0119cej ni\u017c jedn\u0105 funkcj\u0119 dyskryminacyjn\u0105.<\/p>\n\n\n\n<p>DA stara si\u0119 odpowiedzie\u0107 na nast\u0119puj\u0105ce pytania:<\/p>\n\n\n\n<ul class=\"wp-block-list\">\n<li>Gdzie r\u00f3\u017cni\u0105 si\u0119 oczekiwane i obserwowane grupowania?<\/li>\n\n\n\n<li>Jak istotna statystycznie jest r\u00f3\u017cnica mi\u0119dzy tymi dwoma warto\u015bciami?<\/li>\n<\/ul>\n\n\n\n<p>It is a robust <a href=\"https:\/\/www.sisinternational.com\/pl\/rozwiazania\/rozwiazania-w-zakresie-badan-jakosciowych-i-ilosciowych\/cluster-analysis-market-research\/\" title=\"Analiza klastrowa Badania rynku\"  data-wpil-monitor-id=\"6470\">research and analysis<\/a> tool, especially when researchers try to understand how groups (age cohorts, customers) or items (items, brands) differ.<\/p>\n\n\n\n<h2 class=\"wp-block-heading\">Dlaczego firmy potrzebuj\u0105 analizy dyskryminacyjnej<\/h2>\n\n\n\n<p>Analiza dyskryminacyjna ma wiele zalet, szczeg\u00f3lnie dzisiaj w erze danych. Ta metoda jest sprawdzon\u0105 zalet\u0105. Dzi\u0119ki niej wiele firm mo\u017ce teraz nap\u0119dza\u0107 wzrost, zyski i konkurencyjno\u015b\u0107.<\/p>\n\n\n\n<p>Wiele przyk\u0142ad\u00f3w mo\u017ce wyja\u015bni\u0107, kiedy pasuje DA. Na przyk\u0142ad, mo\u017cesz u\u017cy\u0107 go, aby dowiedzie\u0107 si\u0119, jak s\u0142abi, \u015bredni lub intensywni u\u017cytkownicy napoj\u00f3w gazowanych r\u00f3\u017cni\u0105 si\u0119 w spo\u017cyciu mro\u017conek.<\/p>\n\n\n\n<p>Jest to popularne narz\u0119dzie, poniewa\u017c jest szeroko stosowane w r\u00f3\u017cnych bran\u017cach. Firmy mog\u0105 go u\u017cywa\u0107 do analizowania konkretnych problem\u00f3w. Musz\u0105 ustali\u0107, kt\u00f3ra zmienna niezale\u017cna ma najbardziej znacz\u0105cy wynik w zmiennej zale\u017cnej.<\/p>\n\n\n\n<h2 class=\"wp-block-heading\">O analizie dyskryminacyjnej<\/h2>\n\n\n\n<p>Mo\u017cna por\u00f3wna\u0107 analiz\u0119 dyskryminacyjn\u0105 z analiz\u0105 regresji, aby okre\u015bli\u0107, w jakim stopniu obiekty spe\u0142niaj\u0105 warunki okre\u015blonych grup.<\/p>\n\n\n\n<p>Mo\u017cna to r\u00f3wnie\u017c por\u00f3wna\u0107 do analizy skupie\u0144, kt\u00f3ra jest uczeniem bez nadzoru. Natomiast DA jest uczeniem nadzorowanym. Badacz ustala kategori\u0119 obiektu przed jej rozpocz\u0119ciem.<\/p>\n\n\n\n<p>DA ma wiele zastosowa\u0144. Na przyk\u0142ad mo\u017cesz wykorzysta\u0107 j\u0105 do okre\u015blenia, kt\u00f3re zmienne predykcyjne s\u0105 powi\u0105zane ze zmienn\u0105 zale\u017cn\u0105. Mo\u017cesz r\u00f3wnie\u017c u\u017cy\u0107 DA do przewidywania warto\u015bci tej ostatniej i opracowywania map percepcyjnych.<\/p>\n\n\n\n<p>SIS International Research assists businesses all over the globe in their strategic planning. We offer market research services, and we use Discriminant Analysis across industries. We can help with your Qualitative and Quantitative Market Research. SIS also provides UX and Strategy <a href=\"https:\/\/www.sisinternational.com\/pl\/jak-przeprowadzic-analize-konkurencji\/\" title=\"Analiza konkurencji w marketingu\"  data-wpil-monitor-id=\"7267\">Market Research and Competitive<\/a> Analyses.<\/p>\n\n\n\n<p><\/p>","protected":false},"excerpt":{"rendered":"<p>Analiza dyskryminacyjna w badaniach rynku (DA) to technika stosowana w statystyce do klasyfikowania wynik\u00f3w, spos\u00f3b na dyskryminacj\u0119 lub klasyfikacj\u0119 rezultat\u00f3w.<\/p>","protected":false},"author":1,"featured_media":71984,"parent":14660,"menu_order":36,"comment_status":"closed","ping_status":"closed","template":"","meta":{"footnotes":""},"class_list":["post-41228","page","type-page","status-publish","has-post-thumbnail"],"_links":{"self":[{"href":"https:\/\/www.sisinternational.com\/pl\/wp-json\/wp\/v2\/pages\/41228","targetHints":{"allow":["GET"]}}],"collection":[{"href":"https:\/\/www.sisinternational.com\/pl\/wp-json\/wp\/v2\/pages"}],"about":[{"href":"https:\/\/www.sisinternational.com\/pl\/wp-json\/wp\/v2\/types\/page"}],"author":[{"embeddable":true,"href":"https:\/\/www.sisinternational.com\/pl\/wp-json\/wp\/v2\/users\/1"}],"replies":[{"embeddable":true,"href":"https:\/\/www.sisinternational.com\/pl\/wp-json\/wp\/v2\/comments?post=41228"}],"version-history":[{"count":6,"href":"https:\/\/www.sisinternational.com\/pl\/wp-json\/wp\/v2\/pages\/41228\/revisions"}],"predecessor-version":[{"id":80917,"href":"https:\/\/www.sisinternational.com\/pl\/wp-json\/wp\/v2\/pages\/41228\/revisions\/80917"}],"up":[{"embeddable":true,"href":"https:\/\/www.sisinternational.com\/pl\/wp-json\/wp\/v2\/pages\/14660"}],"wp:featuredmedia":[{"embeddable":true,"href":"https:\/\/www.sisinternational.com\/pl\/wp-json\/wp\/v2\/media\/71984"}],"wp:attachment":[{"href":"https:\/\/www.sisinternational.com\/pl\/wp-json\/wp\/v2\/media?parent=41228"}],"curies":[{"name":"wp","href":"https:\/\/api.w.org\/{rel}","templated":true}]}}