{"id":41219,"date":"2023-01-16T03:29:33","date_gmt":"2023-01-16T03:29:33","guid":{"rendered":"https:\/\/www.sisinternational.com\/?page_id=41219"},"modified":"2026-03-12T21:51:45","modified_gmt":"2026-03-13T01:51:45","slug":"badania-rynku-pozycjonowania-marki","status":"publish","type":"page","link":"https:\/\/www.sisinternational.com\/pl\/rozwiazania\/rozwiazania-w-zakresie-brandingu-i-badan-klientow\/badania-rynku-pozycjonowania-marki\/","title":{"rendered":"Badania rynku pozycjonowania marki"},"content":{"rendered":"<h1 class=\"wp-block-heading\">Badania rynku pozycjonowania marki<\/h1>\n\n\n\n<figure class=\"gb-block-image gb-block-image-86df8dd6\"><img loading=\"lazy\" decoding=\"async\" width=\"1456\" height=\"816\" class=\"gb-image gb-image-86df8dd6\" src=\"https:\/\/www.sisinternational.com\/wp-content\/uploads\/2025\/08\/Strategy-consulting-11.jpg\" alt=\"SIS Mi\u0119dzynarodowe badania rynku i strategia\" title=\"Strategy consulting (11)\" srcset=\"https:\/\/www.sisinternational.com\/wp-content\/uploads\/2025\/08\/Strategy-consulting-11.jpg 1456w, https:\/\/www.sisinternational.com\/wp-content\/uploads\/2025\/08\/Strategy-consulting-11-300x168.jpg 300w, https:\/\/www.sisinternational.com\/wp-content\/uploads\/2025\/08\/Strategy-consulting-11-1024x574.jpg 1024w, https:\/\/www.sisinternational.com\/wp-content\/uploads\/2025\/08\/Strategy-consulting-11-768x430.jpg 768w, https:\/\/www.sisinternational.com\/wp-content\/uploads\/2025\/08\/Strategy-consulting-11-18x10.jpg 18w\" sizes=\"auto, (max-width: 1456px) 100vw, 1456px\"><\/figure>\n\n\n\n<hr class=\"wp-block-separator has-alpha-channel-opacity is-style-dots\"\/>\n\n\n\n<h2 class=\"wp-block-heading p1\">Czym jest pozycjonowanie marki?<\/h2>\n\n\n\n<p class=\"p2\">Pozycjonowanie marki odnosi si\u0119 do unikalnej warto\u015bci, jak\u0105 marka prezentuje swojemu klientowi. Wed\u0142ug mistrza marketingu Philipa Kotlera, pozycjonowanie marki to \u201eakt projektowania oferty i wizerunku firmy w celu zaj\u0119cia charakterystycznego miejsca w umy\u015ble rynku docelowego\u201d. Innymi s\u0142owy, pozycjonowanie marki opisuje, w jaki spos\u00f3b marka jest inna. Pokazuje, co wyr\u00f3\u017cnia Twoj\u0105 mark\u0119 od konkurencji i m\u00f3wi nam, gdzie lub w jaki spos\u00f3b znajduje si\u0119 ona w umys\u0142ach klient\u00f3w.<\/p>\n\n\n\n<p class=\"p2\">Companies use UX <a title=\"Aktywacja marki Badania rynku\" href=\"https:\/\/www.sisinternational.com\/pl\/zapewnienie-ze-klienci-zapamietaja-twoja-wiadomosc\/\" data-wpil-monitor-id=\"2288\">Market Research to define the brand<\/a> position. They examine how potential and current customers interact with the Brand. They also use data to fuel the next steps. This type of <a title=\"Badania rynku marek i lojalno\u015b\u0107 klient\u00f3w\" href=\"https:\/\/www.sisinternational.com\/pl\/badania-marki-sis-i-lojalnosc-klientow\/\" data-wpil-monitor-id=\"2517\">Brand Positioning Strategy Market Research<\/a> is powerful. <a title=\"Badania rynku miejskiego\" href=\"https:\/\/www.sisinternational.com\/pl\/ekspertyza\/branze\/municipal-market-research\/\" data-wpil-monitor-id=\"3477\">Research allows advertising and marketing<\/a> teams to understand their market of interest better. It\u2019s better than making assumptions or resorting to what worked in the past.<\/p>\n\n\n\n<h2 class=\"wp-block-heading p1\">Dlaczego pozycjonowanie marki jest wa\u017cne?<\/h2>\n\n\n\n<p class=\"p2\">Strategie pozycjonowania marki maj\u0105 bezpo\u015bredni zwi\u0105zek z lojalno\u015bci\u0105 konsument\u00f3w. Dlaczego? Poniewa\u017c kszta\u0142tuj\u0105 preferencje konsument\u00f3w. Maj\u0105 r\u00f3wnie\u017c zwi\u0105zek z kapita\u0142em marki opartym na konsumentach. Ci klienci wykazali ch\u0119\u0107 zakupu marki.<\/p>\n\n\n\n<p class=\"p2\">Innym narz\u0119dziem, z kt\u00f3rego korzystaj\u0105 firmy, jest analiza konkurencji, kt\u00f3ra s\u0142u\u017cy do zbierania i badania danych o ich konkurentach. W rzeczywisto\u015bci pomaga im oceni\u0107 swoj\u0105 pozycj\u0119 rynkow\u0105 i udoskonali\u0107 swoje produkty. W ten spos\u00f3b ulepszaj\u0105 swoje strategie marketingowe.<\/p>\n\n\n\n<p class=\"p2\">Pozycjonowanie marki jest niezb\u0119dne dla firmy. Daje im bezpo\u015bredni spos\u00f3b na dzielenie si\u0119 warto\u015bci\u0105, jak\u0105 ich marka wnosi do klient\u00f3w. Jest to wewn\u0119trzne, poprzez o\u015bwiadczenie o pozycjonowaniu marki. Jest to r\u00f3wnie\u017c zewn\u0119trzne, poprzez r\u00f3\u017cne strategie marketingowe.<\/p>\n\n\n\n<h2 class=\"wp-block-heading p1\">Dlaczego firmy potrzebuj\u0105 pozycjonowania marki<\/h2>\n\n\n\n<p class=\"p2\">A logo or tagline alone won\u2019t do the job of <a title=\"Budowanie chi\u0144skich marek\" href=\"https:\/\/www.sisinternational.com\/pl\/tworzenie-globalnej-marki-dla-chin\/\" data-wpil-monitor-id=\"3665\">building a solid brand<\/a>. You have to think about how customers will see you. What will make you different from other firms offering similar products or services? That\u2019s why it\u2019s essential to be strategic about positioning. Ensure that your Brand appeals to the right audience.<\/p>\n\n\n\n<p class=\"p2\">Pozycjonowanie marki pozwala Ci si\u0119 wyr\u00f3\u017cni\u0107. Ustanawia j\u0105 jako co\u015b wartego rozwa\u017cenia. Ucisza ha\u0142as innych marek, aby Twoja mog\u0142a si\u0119 wyr\u00f3\u017cni\u0107. Inn\u0105 rzecz\u0105 w pozycjonowaniu marki jest to, \u017ce pozwala Ci przekaza\u0107 sw\u00f3j komunikat docelowej grupie odbiorc\u00f3w. Komunikaty sprzeda\u017cowe i marketingowe bombarduj\u0105 nas ka\u017cdego dnia, na ka\u017cdym rogu. Wszyscy zabiegaj\u0105 o Twoj\u0105 uwag\u0119 i czas. Twoje pozycjonowanie marki przebija si\u0119 przez ba\u0142agan. Przemawia do ludzi, kt\u00f3rych zamierzasz przyci\u0105gn\u0105\u0107 po\u015br\u00f3d ca\u0142ego tego ha\u0142asu.<\/p>\n\n\n\n<h3 class=\"wp-block-heading p1\">Kluczowe czynniki sukcesu w pozycjonowaniu marki<\/h3>\n\n\n\n<p class=\"p2\">O co prosisz, gdy skaleczysz si\u0119 w palec: o banda\u017c czy o plaster? Oto, w jaki spos\u00f3b Brand Positioning pozwala Ci budowa\u0107, rozwija\u0107, zarz\u0105dza\u0107 i wspiera\u0107 rozw\u00f3j silnej marki:<\/p>\n\n\n\n<ul class=\"wp-block-list ul1\">\n<li>Pozycjonowanie marki to spos\u00f3b na zaprezentowanie swojego stoiska. Robisz to w spos\u00f3b, kt\u00f3ry odr\u00f3\u017cnia je od konkurencji. Kiedy Twoi docelowi klienci decyduj\u0105 si\u0119 na mark\u0119, Twoja wyj\u0105tkowo\u015b\u0107 powinna ich przyci\u0105gn\u0105\u0107. Co wi\u0119cej, powinna sprawi\u0107, \u017ce wybior\u0105 Ciebie.<\/li>\n\n\n\n<li>Utw\u00f3rz wykres esencji marki. Marki odpowiadaj\u0105 na potrzeby, co jest pocz\u0105tkiem ka\u017cdego o\u015bwiadczenia o pozycjonowaniu marki. Wykres esencji marki mo\u017ce pom\u00f3c uporz\u0105dkowa\u0107 Twoje pomys\u0142y, aby by\u0142y jasne i zwi\u0119z\u0142e.<\/li>\n\n\n\n<li>Znajd\u017a swoje obecne pozycjonowanie marki. Zacznij od zastanowienia si\u0119 nad docelowym klientem i zdefiniowania, kim on jest. Nast\u0119pnie okre\u015bl swoje warto\u015bci, misj\u0119 i to, co wyr\u00f3\u017cnia Ci\u0119 na tle reszty rynku.<\/li>\n<\/ul>\n\n\n\n<h2 class=\"wp-block-heading p1\">O pozycjonowaniu marki Badania rynku<\/h2>\n\n\n\n<p class=\"p2\">Istotne jest, aby dotrze\u0107 zar\u00f3wno do potencjalnych, jak i obecnych klient\u00f3w. To jedyny spos\u00f3b na uzyskanie w\u0142a\u015bciwej pozycji marki. Ponadto Twoi klienci s\u0105 doskona\u0142ym \u017ar\u00f3d\u0142em informacji o Twojej obecnej pozycji marki. Mog\u0105 r\u00f3wnie\u017c pom\u00f3c Ci znale\u017a\u0107 pozycje Twoich konkurent\u00f3w.<\/p>\n\n\n\n<p class=\"p2\">You can establish this <a title=\"B2B Market Positioning &amp; Branding Research\" href=\"https:\/\/www.sisinternational.com\/pl\/sledzenie-pozycjonowania-marki-b2b\/\" data-wpil-monitor-id=\"4318\">position through Qualitative Market Research<\/a>. With this type of research, customers talk about their purchases. Or, you can use Quantitative Market Research Surveys.<\/p>\n\n\n\n<p class=\"p2\">You\u2019ll also need to do <a title=\"Badania rynku r\u00f3\u017cnicowania marek\" href=\"https:\/\/www.sisinternational.com\/pl\/rozwiazania\/rozwiazania-w-zakresie-brandingu-i-badan-klientow\/badania-rynku-roznicowania-marki\/\" data-wpil-monitor-id=\"2863\">Badania wielko\u015bci rynku<\/a> as part of your Brand Positioning effort. This type of <a title=\"Badania rynku pr\u00f3\u017cni\" href=\"https:\/\/www.sisinternational.com\/pl\/ekspertyza\/branze\/vacuum-market-research\/\" data-wpil-monitor-id=\"4868\">badania<\/a> looks at the prospects of your market. It shows you where you\u2019re falling short, so you can improve and strengthen your brand.<\/p>\n\n\n\n<h2 class=\"wp-block-heading\">Kluczowe czynniki sukcesu w badaniu rynku repozycjonowania marki<\/h2>\n\n\n\n<p>W dynamicznym \u015bwiecie biznesu przejrzysto\u015b\u0107 i odr\u0119bno\u015b\u0107 marki mog\u0105 znacz\u0105co wp\u0142yn\u0105\u0107 na jej wyniki rynkowe. Dlatego repozycjonowanie marki nie jest tylko strategi\u0105 marketingow\u0105; jest kluczowym elementem utrzymania trafno\u015bci i nap\u0119dzania wzrostu.<\/p>\n\n\n\n<p>How can businesses navigate the intricacies of brand repositioning to ensure they not only meet but exceed market expectations? The key lies in comprehensive market research tailored to unearth the insights that drive successful <a title=\"Book Review: \u201cTruth, Lies &amp; Advertising\u201d\" href=\"https:\/\/www.sisinternational.com\/pl\/book-review-truth-lies-advertising\/\" data-wpil-monitor-id=\"4463\">brand<\/a> transformations.<\/p>\n\n\n\n<h2 class=\"wp-block-heading\">Czym jest badanie rynku repozycjonowania marki? Dlaczego jest wa\u017cne?<\/h2>\n\n\n\n<p>To remain competitive and relevant, businesses must reassess and adjust their brand&#8217;s position in the market. This reassessment is where <a title=\"Badania rynku dla starzej\u0105cych si\u0119 marek\" href=\"https:\/\/www.sisinternational.com\/pl\/ekspertyza\/branze\/market-research-for-aging-brands\/\" data-wpil-monitor-id=\"3716\">brand repositioning market research<\/a> steps in, it involves analyzing every facet of the brand&#8217;s current standing and meticulously planning its future trajectory.<\/p>\n\n\n\n<p>For this reason, <a title=\"Badania rynku marki\" href=\"https:\/\/www.sisinternational.com\/pl\/ekspertyza\/branze\/brand-market-research\/\" data-wpil-monitor-id=\"6741\">brand repositioning market research<\/a> helps businesses understand how their brand is perceived, determine the direction it should take, and identify the gaps between current perceptions and desired positioning. Moreover, it encompasses a variety of research methods (including qualitative and quantitative analysis) to gather comprehensive insights into consumer attitudes, market trends, and the competitive landscape.<\/p>\n\n\n\n<p>The importance of <a title=\"Public Relations i badania rynku\" href=\"https:\/\/www.sisinternational.com\/pl\/co-to-jest-public-relations\/\" data-wpil-monitor-id=\"2237\">brand repositioning market research<\/a> becomes even more pronounced for companies in the public eye. For companies on the brink of going public or those that have recently done so, this research is crucial. The findings provide a strategic foundation for crafting a brand narrative that aligns with investor expectations and market demands.<\/p>\n\n\n\n<h2 class=\"wp-block-heading\">Kluczowe czynniki sukcesu w badaniu rynku repozycjonowania marki<\/h2>\n\n\n\n<p>Sukces dzia\u0142a\u0144 repozycjonuj\u0105cych mark\u0119 opiera si\u0119 na kilku czynnikach, kt\u00f3re mog\u0105 w znacznym stopniu zwi\u0119kszy\u0107 skuteczno\u015b\u0107 bada\u0144, a w rezultacie tak\u017ce samej strategii repozycjonowania.<\/p>\n\n\n\n<p>Aby badania rynku by\u0142y cennym narz\u0119dziem w repozycjonowaniu marki, musz\u0105 by\u0107 kompleksowe, eksplorowa\u0107 r\u00f3\u017cne aspekty obecno\u015bci i postrzegania marki na rynku. Powinny obejmowa\u0107 szeroki wachlarz \u017ar\u00f3de\u0142 danych, w tym bezpo\u015bredni\u0105 opini\u0119 konsument\u00f3w, analiz\u0119 konkurencji, trendy bran\u017cowe i wizerunek medialny.<\/p>\n\n\n\n<p>Kolejnym kluczowym czynnikiem jest wydajno\u015b\u0107 procesu badawczego. Czas i zasoby s\u0105 cz\u0119sto ograniczone, zw\u0142aszcza dla firm dostosowuj\u0105cych si\u0119 do kontroli rynku publicznego. Badania musz\u0105 by\u0107 zaprojektowane tak, aby zbiera\u0107 najbardziej informacyjne dane w spos\u00f3b najbardziej efektywny, bez zb\u0119dnych lub nieistotnych zapyta\u0144, kt\u00f3re mog\u0105 wyczerpa\u0107 zasoby i wyd\u0142u\u017cy\u0107 harmonogramy.<\/p>\n\n\n\n<p>Ponadto dok\u0142adno\u015b\u0107 i niezawodno\u015b\u0107 danych s\u0105 kluczowym czynnikiem, poniewa\u017c decyzje podejmowane na podstawie tych bada\u0144 mog\u0105 mie\u0107 daleko id\u0105ce implikacje dla marki. Dlatego zapewnienie, \u017ce dane s\u0105 prawdziwym odzwierciedleniem rynku i nastroj\u00f3w konsument\u00f3w, jest najwa\u017cniejsze. Oznacza to stosowanie rygorystycznych metodologii i krzy\u017cowego odwo\u0142ywania si\u0119 do punkt\u00f3w danych w celu weryfikacji ustale\u0144.<\/p>\n\n\n\n<p>Udane badanie rynku repozycjonowania marki musi by\u0107 r\u00f3wnie\u017c elastyczne i adaptacyjne. Rynki s\u0105 dynamiczne \u2013 a zachowania konsument\u00f3w zmieniaj\u0105 si\u0119 szybko. Metodologie i strategie badawcze musz\u0105 by\u0107 zdolne do zmiany w odpowiedzi na nowe informacje lub nag\u0142e zmiany warunk\u00f3w rynkowych, aby pozosta\u0107 istotnymi i u\u017cytecznymi.<\/p>\n\n\n\n<p>Na koniec, spostrze\u017cenia musz\u0105 zosta\u0107 prze\u0142o\u017cone na wykonalne strategie, kt\u00f3re s\u0105 zgodne z celami marki i mo\u017cliwo\u015bciami rynkowymi. Wymaga to nie tylko analityk\u00f3w danych, ale tak\u017ce strategicznych my\u015blicieli, kt\u00f3rzy potrafi\u0105 po\u0142\u0105czy\u0107 punkty danych z rzeczywistymi aplikacjami.<\/p>\n\n\n\n<p><\/p>","protected":false},"excerpt":{"rendered":"<p>Pozycjonowanie marki odnosi si\u0119 do unikalnej warto\u015bci, jak\u0105 marka prezentuje swojemu klientowi. Pokazuje, co wyr\u00f3\u017cnia Twoj\u0105 mark\u0119 na tle konkurencji.<\/p>","protected":false},"author":1,"featured_media":62537,"parent":14650,"menu_order":19,"comment_status":"closed","ping_status":"closed","template":"","meta":{"footnotes":""},"class_list":["post-41219","page","type-page","status-publish","has-post-thumbnail"],"_links":{"self":[{"href":"https:\/\/www.sisinternational.com\/pl\/wp-json\/wp\/v2\/pages\/41219","targetHints":{"allow":["GET"]}}],"collection":[{"href":"https:\/\/www.sisinternational.com\/pl\/wp-json\/wp\/v2\/pages"}],"about":[{"href":"https:\/\/www.sisinternational.com\/pl\/wp-json\/wp\/v2\/types\/page"}],"author":[{"embeddable":true,"href":"https:\/\/www.sisinternational.com\/pl\/wp-json\/wp\/v2\/users\/1"}],"replies":[{"embeddable":true,"href":"https:\/\/www.sisinternational.com\/pl\/wp-json\/wp\/v2\/comments?post=41219"}],"version-history":[{"count":13,"href":"https:\/\/www.sisinternational.com\/pl\/wp-json\/wp\/v2\/pages\/41219\/revisions"}],"predecessor-version":[{"id":84494,"href":"https:\/\/www.sisinternational.com\/pl\/wp-json\/wp\/v2\/pages\/41219\/revisions\/84494"}],"up":[{"embeddable":true,"href":"https:\/\/www.sisinternational.com\/pl\/wp-json\/wp\/v2\/pages\/14650"}],"wp:featuredmedia":[{"embeddable":true,"href":"https:\/\/www.sisinternational.com\/pl\/wp-json\/wp\/v2\/media\/62537"}],"wp:attachment":[{"href":"https:\/\/www.sisinternational.com\/pl\/wp-json\/wp\/v2\/media?parent=41219"}],"curies":[{"name":"wp","href":"https:\/\/api.w.org\/{rel}","templated":true}]}}