{"id":41214,"date":"2023-01-16T02:36:28","date_gmt":"2023-01-16T02:36:28","guid":{"rendered":"https:\/\/www.sisinternational.com\/?page_id=41214"},"modified":"2026-03-12T21:55:14","modified_gmt":"2026-03-13T01:55:14","slug":"badania-rynku-roznicowania-marki","status":"publish","type":"page","link":"https:\/\/www.sisinternational.com\/pl\/rozwiazania\/rozwiazania-w-zakresie-brandingu-i-badan-klientow\/badania-rynku-roznicowania-marki\/","title":{"rendered":"Badania rynku r\u00f3\u017cnicowania marek"},"content":{"rendered":"<h1 class=\"wp-block-heading\">Badania rynku r\u00f3\u017cnicowania marek<\/h1>\n\n\n\n<figure class=\"gb-block-image gb-block-image-7148e7a1\"><img loading=\"lazy\" decoding=\"async\" width=\"1456\" height=\"816\" class=\"gb-image gb-image-7148e7a1\" src=\"https:\/\/www.sisinternational.com\/wp-content\/uploads\/2025\/08\/Strategy-consulting-10.jpg\" alt=\"SIS Mi\u0119dzynarodowe badania rynku i strategia\" title=\"Strategy consulting (10)\" srcset=\"https:\/\/www.sisinternational.com\/wp-content\/uploads\/2025\/08\/Strategy-consulting-10.jpg 1456w, https:\/\/www.sisinternational.com\/wp-content\/uploads\/2025\/08\/Strategy-consulting-10-300x168.jpg 300w, https:\/\/www.sisinternational.com\/wp-content\/uploads\/2025\/08\/Strategy-consulting-10-1024x574.jpg 1024w, https:\/\/www.sisinternational.com\/wp-content\/uploads\/2025\/08\/Strategy-consulting-10-768x430.jpg 768w, https:\/\/www.sisinternational.com\/wp-content\/uploads\/2025\/08\/Strategy-consulting-10-18x10.jpg 18w\" sizes=\"auto, (max-width: 1456px) 100vw, 1456px\"><\/figure>\n\n\n\n<hr class=\"wp-block-separator has-alpha-channel-opacity is-style-dots\"\/>\n\n\n\n<h2 class=\"wp-block-heading\">Czym jest r\u00f3\u017cnicowanie marki?<\/h2>\n\n\n\n<p>R\u00f3\u017cnicowanie marki to spos\u00f3b, w jaki odr\u00f3\u017cniasz swoj\u0105 mark\u0119 od konkurencji. Robisz to, buduj\u0105c \u015bwiadomo\u015b\u0107 najlepszych aspekt\u00f3w swojej marki, pokazuj\u0105c, jak b\u0119d\u0105 one przydatne dla konsumenta. Mo\u017ce to dotyczy\u0107 cech fizycznych Twojego produktu lub us\u0142ugi. Mog\u0105 to by\u0107 r\u00f3wnie\u017c emocje wywo\u0142ywane u Twoich konsument\u00f3w, aspekty opakowania lub cena. Mo\u017ce to r\u00f3wnie\u017c dotyczy\u0107 historii Twojej marki i tego, jak Twoi klienci czuj\u0105 si\u0119 podczas jej u\u017cywania.<\/p>\n\n\n\n<h2 class=\"wp-block-heading\">Dlaczego r\u00f3\u017cnicowanie marki jest wa\u017cne?<\/h2>\n\n\n\n<p><a title=\"Shockvertising i marketing szokuj\u0105cy\" href=\"https:\/\/www.sisinternational.com\/pl\/shockvertising-i-marketing-szokowy\/\" data-wpil-monitor-id=\"1975\">R\u00f3\u017cnicowanie marki<\/a> is a vital aspect of any marketing strategy. It allows firms to reveal profit-making features. These are the features that help them put in place a unique selling proposition. Thus, they see the attributes that make them stand out. If you offer your customers something special, it will help you build an army of loyal clients. Also, these people will love your brand for the great UX you provide.<\/p>\n\n\n\n<h2 class=\"wp-block-heading\">Kluczowe stanowisko \u2013 Strateg ds. marki<\/h2>\n\n\n\n<p>Stratedzy marki doradzaj\u0105 firmom, kt\u00f3re chc\u0105 rozszerzy\u0107 swoje marki. Zbieraj\u0105 opinie od sprzedawc\u00f3w. Analizuj\u0105 r\u00f3wnie\u017c dzia\u0142ania konsument\u00f3w, aby okre\u015bli\u0107 pozycj\u0119 firmy. Inn\u0105 rzecz\u0105, kt\u00f3r\u0105 robi\u0105, jest opracowanie strategii r\u00f3\u017cnicowania marki. Pomagaj\u0105 r\u00f3wnie\u017c kierowa\u0107 analiz\u0105 bada\u0144 rynku. Ustalaj\u0105 ton firmy, aby wszystko pasowa\u0142o do plan\u00f3w kampanii.<\/p>\n\n\n\n<h2 class=\"wp-block-heading\">Dlaczego firmy potrzebuj\u0105 zr\u00f3\u017cnicowania marki<\/h2>\n\n\n\n<p>High-growth firms are almost three times more likely to have something that sets them apart. <a title=\"Marketing i reklama w erze cyfrowej\" href=\"https:\/\/www.sisinternational.com\/pl\/rynek-reklamy-cyfrowej\/\" data-wpil-monitor-id=\"7407\">R\u00f3\u017cnicowanie marki<\/a> allows firms to target their marketing efforts further. They can direct these efforts to their most relevant markets. Furthermore, it sets firms apart from their rivals. If you don\u2019t have something that sets you apart, the only option is to compete on price \u2013 and that\u2019s a race to the bottom.<\/p>\n\n\n\n<h2 class=\"wp-block-heading\">Kluczowe czynniki sukcesu<\/h2>\n\n\n\n<p>Oto pi\u0119\u0107 strategii, kt\u00f3re warto wzi\u0105\u0107 pod uwag\u0119, aby zwi\u0119kszy\u0107 zr\u00f3\u017cnicowanie marki:<\/p>\n\n\n\n<ol class=\"wp-block-list\">\n<li>Reakcja emocjonalna. Marki powinny rozwija\u0107 wi\u0119\u017a ze swoimi klientami. Takie marki s\u0105 cz\u0119sto lepiej pozycjonowane ni\u017c te, kt\u00f3re oferuj\u0105 \u015bwietny stosunek jako\u015bci do ceny.<\/li>\n\n\n\n<li>Wstrz\u0105sanie rzeczami. Ta strategia rozwi\u0105zuje niezaspokojon\u0105 potrzeb\u0119 w wyj\u0105tkowy i nowatorski spos\u00f3b.<\/li>\n\n\n\n<li>Jak prezentujesz swoj\u0105 mark\u0119. Konsumenci pami\u0119taj\u0105 marki, kt\u00f3re wykorzystuj\u0105 posta\u0107 lub maskotk\u0119. Na przyk\u0142ad ka\u017cdy zna jaszczurk\u0119 Geico.<\/li>\n\n\n\n<li>Niepowtarzalne do\u015bwiadczenie. Firmy mog\u0105 manifestowa\u0107 to do\u015bwiadczenie na kilka sposob\u00f3w. Mog\u0105 podkre\u015bla\u0107 fizyczn\u0105 obecno\u015b\u0107 marki w handlu detalicznym i now\u0105 atmosfer\u0119, kt\u00f3r\u0105 tworz\u0105. Mog\u0105 te\u017c podkre\u015bla\u0107 wyj\u0105tkow\u0105 obs\u0142ug\u0119 klienta lub \u0142atwo\u015b\u0107 korzystania ze swojej witryny internetowej. Mo\u017ce to by\u0107 nawet to, jak ludzie czuj\u0105 si\u0119, u\u017cywaj\u0105c Twojego produktu (na przyk\u0142ad kampania Coke \u201eCan&#039;t Beat the Feeling\u201d).<\/li>\n\n\n\n<li>Cennik. Firma mo\u017ce d\u0105\u017cy\u0107 do bycia liderem niskich cen. Albo, na drugim ko\u0144cu spektrum, mo\u017ce pozycjonowa\u0107 si\u0119 jako marka premium za wysok\u0105 cen\u0119.<\/li>\n<\/ol>\n\n\n\n<h2 class=\"wp-block-heading\">O badaniu rynku r\u00f3\u017cnicuj\u0105cym mark\u0119<\/h2>\n\n\n\n<p><a title=\"Badania rynku dla starzej\u0105cych si\u0119 marek\" href=\"https:\/\/www.sisinternational.com\/pl\/ekspertyza\/branze\/market-research-for-aging-brands\/\" data-wpil-monitor-id=\"3721\">Badania rynku r\u00f3\u017cnicowania marek<\/a> can involve using Focus Groups. In-depth Interviews with your customers to explore their decision-making process is another tool. The researchers may then need to back up this Qualitative Market Research. So they\u2019ll do Quantitative Market Research. They\u2019ll measure the clients\u2019 brand awareness and image compared to their rivals.<\/p>\n\n\n\n<p>Badania rynku UX s\u0105 r\u00f3wnie\u017c kluczowe. Nie mo\u017cesz pracowa\u0107 w ba\u0144ce na dzisiejszym szybko zmieniaj\u0105cym si\u0119, nap\u0119dzanym technologi\u0105 rynku. Zamiast tego najlepiej by\u0142oby, gdyby\u015b stan\u0105\u0142 twarz\u0105 w twarz ze swoimi rywalami. B\u0119dziesz musia\u0142 opracowa\u0107 lepsze funkcje i zapewni\u0107 lepsze UX ni\u017c oni.<\/p>\n\n\n\n<p>Innym kluczowym aspektem bada\u0144 jest analiza konkurencji. To narz\u0119dzie pomo\u017ce Ci odkry\u0107 luki mi\u0119dzy innymi produktami i potrzebami Twojej wsp\u00f3lnej bazy docelowej.<\/p>\n\n\n\n<p>The best advantage <a title=\"Badania rynku marki\" href=\"https:\/\/www.sisinternational.com\/pl\/ekspertyza\/branze\/brand-market-research\/\" data-wpil-monitor-id=\"6744\">Badania rynku r\u00f3\u017cnicowania marek<\/a> offers is price perception. If your brand uses this service, it can desensitize its customers to higher prices. You\u2019re no longer fighting against competitors on price. Best of all, consumers feel justified in paying more for your product or service.<\/p>\n\n\n\n<p><\/p>","protected":false},"excerpt":{"rendered":"<p>Najwi\u0119ksz\u0105 zalet\u0105 bada\u0144 rynku Brand Differentiation jest postrzeganie cen. Marki mog\u0105 znieczula\u0107 swoich klient\u00f3w na wy\u017csze ceny.<\/p>","protected":false},"author":1,"featured_media":62536,"parent":14650,"menu_order":18,"comment_status":"closed","ping_status":"closed","template":"","meta":{"footnotes":""},"class_list":["post-41214","page","type-page","status-publish","has-post-thumbnail"],"_links":{"self":[{"href":"https:\/\/www.sisinternational.com\/pl\/wp-json\/wp\/v2\/pages\/41214","targetHints":{"allow":["GET"]}}],"collection":[{"href":"https:\/\/www.sisinternational.com\/pl\/wp-json\/wp\/v2\/pages"}],"about":[{"href":"https:\/\/www.sisinternational.com\/pl\/wp-json\/wp\/v2\/types\/page"}],"author":[{"embeddable":true,"href":"https:\/\/www.sisinternational.com\/pl\/wp-json\/wp\/v2\/users\/1"}],"replies":[{"embeddable":true,"href":"https:\/\/www.sisinternational.com\/pl\/wp-json\/wp\/v2\/comments?post=41214"}],"version-history":[{"count":6,"href":"https:\/\/www.sisinternational.com\/pl\/wp-json\/wp\/v2\/pages\/41214\/revisions"}],"predecessor-version":[{"id":84496,"href":"https:\/\/www.sisinternational.com\/pl\/wp-json\/wp\/v2\/pages\/41214\/revisions\/84496"}],"up":[{"embeddable":true,"href":"https:\/\/www.sisinternational.com\/pl\/wp-json\/wp\/v2\/pages\/14650"}],"wp:featuredmedia":[{"embeddable":true,"href":"https:\/\/www.sisinternational.com\/pl\/wp-json\/wp\/v2\/media\/62536"}],"wp:attachment":[{"href":"https:\/\/www.sisinternational.com\/pl\/wp-json\/wp\/v2\/media?parent=41214"}],"curies":[{"name":"wp","href":"https:\/\/api.w.org\/{rel}","templated":true}]}}