{"id":41160,"date":"2022-12-23T03:56:05","date_gmt":"2022-12-23T03:56:05","guid":{"rendered":"https:\/\/www.sisinternational.com\/?page_id=41160"},"modified":"2025-10-01T22:30:29","modified_gmt":"2025-10-02T02:30:29","slug":"badania-rynku-trynidad-tobago","status":"publish","type":"page","link":"https:\/\/www.sisinternational.com\/pl\/zasieg\/badania-rynku-na-karaibach\/badania-rynku-trynidad-tobago\/","title":{"rendered":"Badania rynku w Trynidadzie i Tobago"},"content":{"rendered":"<h1 class=\"wp-block-heading\">Badania rynku w Trynidadzie i Tobago<\/h1>\n\n\n\n<figure class=\"gb-block-image gb-block-image-6bc5f28f\"><img loading=\"lazy\" decoding=\"async\" width=\"1456\" height=\"816\" class=\"gb-image gb-image-6bc5f28f\" src=\"https:\/\/www.sisinternational.com\/wp-content\/uploads\/2025\/09\/Trinidad-and-Tobago-3.jpg\" alt=\"SIS Mi\u0119dzynarodowe badania rynku i strategia\" title=\"Trinidad and Tobago (3)\" srcset=\"https:\/\/www.sisinternational.com\/wp-content\/uploads\/2025\/09\/Trinidad-and-Tobago-3.jpg 1456w, https:\/\/www.sisinternational.com\/wp-content\/uploads\/2025\/09\/Trinidad-and-Tobago-3-300x168.jpg 300w, https:\/\/www.sisinternational.com\/wp-content\/uploads\/2025\/09\/Trinidad-and-Tobago-3-1024x574.jpg 1024w, https:\/\/www.sisinternational.com\/wp-content\/uploads\/2025\/09\/Trinidad-and-Tobago-3-768x430.jpg 768w, https:\/\/www.sisinternational.com\/wp-content\/uploads\/2025\/09\/Trinidad-and-Tobago-3-18x10.jpg 18w\" sizes=\"auto, (max-width: 1456px) 100vw, 1456px\"><\/figure>\n\n\n\n<p><\/p>\n\n\n\n<p>Trynidad i Tobago to karaibski kraj wyspiarski po\u0142o\u017cony na po\u0142udniowo-wschodnim kra\u0144cu \u0142a\u0144cucha. Dwie g\u0142\u00f3wne wyspy to Trynidad i Tobago, z kilkoma mniejszymi wysepkami w obr\u0119bie ich granic morskich. Wyspy le\u017c\u0105 na po\u0142udnie od Grenady i na p\u00f3\u0142nocny zach\u00f3d od Gujany. Zdecydowanie wi\u0119ksza z tych dw\u00f3ch wysp, Trynidad, ma powierzchni\u0119 oko\u0142o 1850 mil kwadratowych. W najbli\u017cszym punkcie znajduje si\u0119 zaledwie siedem mil od Wenezueli.<\/p>\n\n\n\n<h2 class=\"wp-block-heading\">Kluczowe bran\u017ce<\/h2>\n\n\n\n<p>The GDP per capita rate in Trinidad and Tobago is the highest in the region. Thus, experts have classed it as a high-income country. It\u2019s also the largest <a href=\"https:\/\/www.sisinternational.com\/pl\/ekspertyza\/branze\/oil-and-gas-market-research\/\" title=\"Badania rynku ropy naftowej i gazu\"  data-wpil-monitor-id=\"8481\">oil and gas<\/a> producer in the region and one of the largest natural gas exporters in the world. Trinidad and Tobago is a leader in the region\u2019s finance scene, and tourism is growing but is not the primary sector. The main exports are <a href=\"https:\/\/www.sisinternational.com\/pl\/ekspertyza\/branze\/liquefied-petroleum-gas-market-research\/\" title=\"Badania rynku gazu p\u0142ynnego\"  data-wpil-monitor-id=\"8479\">petroleum and its products and liquefied<\/a> natural gas. Trinidad and Tobago also exports cereal, soft drinks, juices, fish, cocoa, cosmetics, preserved fruits, and household cleaners.<\/p>\n\n\n\n<h2 class=\"wp-block-heading\">Osiedla<\/h2>\n\n\n\n<h3 class=\"wp-block-heading\">Port-of-Spain<\/h3>\n\n\n\n<p>Stolica to ruchliwe miasto portowe w p\u00f3\u0142nocnej cz\u0119\u015bci wyspy Trynidad. Znajdziesz tu wszystko, od restauracji serwuj\u0105cych wszelkiego rodzaju dania po fretki na drewnianych budynkach. Ponadto znajdziesz tu niemal wszystkie r\u00f3\u017cnorodne aspekty Trynidadu.<\/p>\n\n\n\n<h3 class=\"wp-block-heading\">\u015awi\u0119ty Fernando<\/h3>\n\n\n\n<p>Drugie co do wielko\u015bci miasto na po\u0142udniu wyspy. Wi\u0119kszo\u015b\u0107 mieszka\u0144c\u00f3w San Fernando jest pochodzenia indyjskiego i chi\u0144skiego, wi\u0119c ma silne wp\u0142ywy azjatyckie.<\/p>\n\n\n\n<h3 class=\"wp-block-heading\">Scarborough<\/h3>\n\n\n\n<p>The capital <a href=\"https:\/\/www.sisinternational.com\/pl\/rozwiazania\/rozwiazania-w-zakresie-badan-jakosciowych-i-ilosciowych\/testy-centralnych-lokalizacji-w-nowym-jorku\/\" title=\"Testy w Centralnych Lokalizacjach w Nowym Jorku: Korzy\u015bci dla Test\u00f3w Produkt\u00f3w\"  data-wpil-monitor-id=\"8482\">city of Tobago and the island\u2019s central<\/a> business hub. Located on the southern coast, Scarborough has revamped the city in recent times.<\/p>\n\n\n\n<h3 class=\"wp-block-heading\">Trendy<\/h3>\n\n\n\n<p>Us\u0142ugi takie jak finanse i turystyka rozwijaj\u0105 si\u0119 w ostatnich latach. Rz\u0105d stara si\u0119 dywersyfikowa\u0107. Jednak korupcja i przest\u0119pczo\u015b\u0107 zwi\u0105zana z narkotykami stanowi\u0105 powa\u017cne problemy i wp\u0142ywaj\u0105 na turystyk\u0119 i rozw\u00f3j prywatnego biznesu. Innym kluczowym problemem jest du\u017cy nap\u0142yw wenezuelskich migrant\u00f3w. Mimo to gospodarka nadal si\u0119 poprawia, poniewa\u017c sektor nieenergetyczny nabiera rozp\u0119du.<\/p>\n\n\n\n<h2 class=\"wp-block-heading\">Korzy\u015bci i mocne strony na rynku<\/h2>\n\n\n\n<p>Trynidad i Tobago jest wiod\u0105cym krajem Wsp\u00f3lnoty Karaibskiej (CARICOM) z ogromnymi rezerwami ropy naftowej i gazu oraz du\u017cym funduszem maj\u0105tku narodowego. Ponadto, ma otwarte otoczenie biznesowe od czasu usuni\u0119cia wi\u0119kszo\u015bci barier handlowych. Wyspa ma du\u017cy apetyt na importowane produkty, poniewa\u017c wielu uwa\u017ca produkty ze Stan\u00f3w Zjednoczonych za wysokiej jako\u015bci. Jest to stabilny kraj gotowy na biznes.<\/p>\n\n\n\n<h2 class=\"wp-block-heading\">Baza konsument\u00f3w<\/h2>\n\n\n\n<p>Oko\u0142o 1,4 miliona ludzi mieszka w Trynidadzie i Tobago. M\u0119\u017cczy\u017ani i kobiety dziel\u0105 si\u0119 po r\u00f3wno. Oko\u0142o 53 procent ludzi mieszka w o\u015brodkach miejskich, a reszta na obszarach wiejskich. Wska\u017anik penetracji Internetu wynosi 77 procent. Oko\u0142o 78 procent ludzi korzysta z medi\u00f3w spo\u0142eczno\u015bciowych. Wi\u0119kszo\u015b\u0107 jest na Facebooku, ale Instagram, LinkedIn i Twitter r\u00f3wnie\u017c ciesz\u0105 si\u0119 du\u017cym zainteresowaniem. W kraju jest blisko 2 miliony po\u0142\u0105cze\u0144 kom\u00f3rkowych.<\/p>\n\n\n\n<h2 class=\"wp-block-heading\">Powody, dla kt\u00f3rych warto rozwija\u0107 sw\u00f3j biznes na rynku Trynidadu i Tobago<\/h2>\n\n\n\n<p>Despite the troubles, Trinidad and Tobago remains a great place to do business. It has a range of trade agreements, which is a boon for the manufacturing sector. Most notable are their trade deals with CARICOM, Latin America, and Europe. Also, the country\u2019s success in the <a href=\"https:\/\/www.sisinternational.com\/pl\/ekspertyza\/branze\/energy-power-strategy-consulting-market-research\/\" title=\"Doradztwo w zakresie strategii energetycznej i zasilania Badania rynku\"  data-wpil-monitor-id=\"8483\">energia<\/a> sector has lowered the cost of power. This has enabled it to become a manufacturing powerhouse. The government supports foreign direct investment in almost all sectors. Lately, it has been placing a specific focus on the non-energy sector.<\/p>\n\n\n\n<h2 class=\"wp-block-heading\">O badaniach rynkowych w Trynidadzie i Tobago<\/h2>\n\n\n\n<p><a href=\"https:\/\/www.sisinternational.com\/pl\/skontaktuj-sie-z-nami\/\" title=\"Skontaktuj si\u0119 z nami\"  data-wpil-monitor-id=\"8471\">SIS Mi\u0119dzynarodowe Badania<\/a> Firm is a leader in Quantitative and Qualitative research. Both types of research have been the subject of many debates. But neither is better than the other \u2013 they have strengths and weaknesses. Our <a href=\"https:\/\/www.sisinternational.com\/pl\/rozwiazania\/doradztwo-strategiczne-fintech-badania\/financial-services-market-research\/\" title=\"Badania rynku us\u0142ug finansowych\"  data-wpil-monitor-id=\"8475\">market research services<\/a> will help you get to know your customers. Take the guesswork out of your <a href=\"https:\/\/www.sisinternational.com\/pl\/rozwiazania\/badania-rynku-w-grupie-fokusowej\/\" title=\"Badania rynku w grupie fokusowej\"  data-wpil-monitor-id=\"8477\">marketing process with reliable Focus Groups<\/a>. We also do your Interviews and Surveys to help you form a Go-To-Market Strategy.<\/p>\n\n\n\n<p><\/p>","protected":false},"excerpt":{"rendered":"<p>Trynidad i Tobago dostarczaj\u0105 ogromne rezerwy ropy naftowej i gazu oraz du\u017cy fundusz maj\u0105tku narodowego. SIS International oferuje dog\u0142\u0119bne badania rynku.<\/p>","protected":false},"author":1,"featured_media":66370,"parent":33287,"menu_order":22,"comment_status":"closed","ping_status":"closed","template":"","meta":{"footnotes":""},"class_list":["post-41160","page","type-page","status-publish","has-post-thumbnail"],"_links":{"self":[{"href":"https:\/\/www.sisinternational.com\/pl\/wp-json\/wp\/v2\/pages\/41160","targetHints":{"allow":["GET"]}}],"collection":[{"href":"https:\/\/www.sisinternational.com\/pl\/wp-json\/wp\/v2\/pages"}],"about":[{"href":"https:\/\/www.sisinternational.com\/pl\/wp-json\/wp\/v2\/types\/page"}],"author":[{"embeddable":true,"href":"https:\/\/www.sisinternational.com\/pl\/wp-json\/wp\/v2\/users\/1"}],"replies":[{"embeddable":true,"href":"https:\/\/www.sisinternational.com\/pl\/wp-json\/wp\/v2\/comments?post=41160"}],"version-history":[{"count":3,"href":"https:\/\/www.sisinternational.com\/pl\/wp-json\/wp\/v2\/pages\/41160\/revisions"}],"predecessor-version":[{"id":81422,"href":"https:\/\/www.sisinternational.com\/pl\/wp-json\/wp\/v2\/pages\/41160\/revisions\/81422"}],"up":[{"embeddable":true,"href":"https:\/\/www.sisinternational.com\/pl\/wp-json\/wp\/v2\/pages\/33287"}],"wp:featuredmedia":[{"embeddable":true,"href":"https:\/\/www.sisinternational.com\/pl\/wp-json\/wp\/v2\/media\/66370"}],"wp:attachment":[{"href":"https:\/\/www.sisinternational.com\/pl\/wp-json\/wp\/v2\/media?parent=41160"}],"curies":[{"name":"wp","href":"https:\/\/api.w.org\/{rel}","templated":true}]}}