{"id":41150,"date":"2022-12-23T02:38:15","date_gmt":"2022-12-23T02:38:15","guid":{"rendered":"https:\/\/www.sisinternational.com\/?page_id=41150"},"modified":"2026-01-24T21:28:53","modified_gmt":"2026-01-25T02:28:53","slug":"badania-rynku-na-wyspach-turks-i-caicos","status":"publish","type":"page","link":"https:\/\/www.sisinternational.com\/pl\/zasieg\/badania-rynku-na-karaibach\/badania-rynku-na-wyspach-turks-i-caicos\/","title":{"rendered":"Badania rynku na wyspach Turks i Caicos"},"content":{"rendered":"<h1 class=\"wp-block-heading\">Badania rynku na wyspach Turks i Caicos<\/h1>\n\n\n\n<figure class=\"gb-block-image gb-block-image-c589658e\"><img loading=\"lazy\" decoding=\"async\" width=\"1456\" height=\"816\" class=\"gb-image gb-image-c589658e\" src=\"https:\/\/www.sisinternational.com\/wp-content\/uploads\/2025\/09\/Turks-and-Caicos-Islands-2.jpg\" alt=\"SIS Mi\u0119dzynarodowe badania rynku i strategia\" title=\"Turks and Caicos Islands (2)\" srcset=\"https:\/\/www.sisinternational.com\/wp-content\/uploads\/2025\/09\/Turks-and-Caicos-Islands-2.jpg 1456w, https:\/\/www.sisinternational.com\/wp-content\/uploads\/2025\/09\/Turks-and-Caicos-Islands-2-300x168.jpg 300w, https:\/\/www.sisinternational.com\/wp-content\/uploads\/2025\/09\/Turks-and-Caicos-Islands-2-1024x574.jpg 1024w, https:\/\/www.sisinternational.com\/wp-content\/uploads\/2025\/09\/Turks-and-Caicos-Islands-2-768x430.jpg 768w, https:\/\/www.sisinternational.com\/wp-content\/uploads\/2025\/09\/Turks-and-Caicos-Islands-2-18x10.jpg 18w\" sizes=\"auto, (max-width: 1456px) 100vw, 1456px\"><\/figure>\n\n\n\n<hr class=\"wp-block-separator has-alpha-channel-opacity is-style-dots\"\/>\n\n\n\n<p>Wyspy Turks i Caicos sk\u0142adaj\u0105 si\u0119 z Turks i ich wi\u0119kszego odpowiednika, Caicos. Te dwa zestawy wysp znajduj\u0105 si\u0119 w strefie tropikalnej Atlantyku, na po\u0142udniowy wsch\u00f3d od Baham\u00f3w i na p\u00f3\u0142noc od Haiti. Nazywane w skr\u00f3cie TCI, wyspy stanowi\u0105 brytyjskie terytorium zamorskie. Sk\u0142adaj\u0105 si\u0119 ze 100 nazwanych wysp, raf koralowych i ska\u0142. Grand Turk i Providenciales to dwie lepiej znane zamieszkane wyspy, pozosta\u0142e to North Caicos, Middle Caicos, South Caicos, Parrot Cay, Salt Cay, Ambergris Cay i Pine Cay.<\/p>\n\n\n\n<h2 class=\"wp-block-heading\">Kluczowe bran\u017ce<\/h2>\n\n\n\n<p>Significant amounts of agricultural land exist in North and Middle Caicos. This land can support new farms producing higher yields. Another central area where people invest in Turks and Caicos is the <a href=\"https:\/\/www.sisinternational.com\/pl\/ekspertyza\/branze\/commercial-real-estate-market-research\/\" title=\"Badania rynku nieruchomo\u015bci komercyjnych\"  data-wpil-monitor-id=\"8227\">real estate market<\/a>. This developing nation is nurturing an open economy for property investors. It offers everything from relocation homes to holiday properties. Tourism remains another significant source of income for the islands, with most visitors coming from the US via cruise ship.<\/p>\n\n\n\n<h2 class=\"wp-block-heading\">Osiedla<\/h2>\n\n\n\n<h3 class=\"wp-block-heading\">Miasto Cockburn<\/h3>\n\n\n\n<p>Stolica kraju rozci\u0105ga si\u0119 na wi\u0119kszo\u015bci wyspy Grand Turk. Mo\u017ce pochwali\u0107 si\u0119 wieloma zabytkowymi bermudzkimi budynkami z XVIII i XIX wieku, a te okaza\u0142e budynki stoj\u0105 wzd\u0142u\u017c co najmniej dw\u00f3ch ulic w tym mie\u015bcie.<\/p>\n\n\n\n<h3 class=\"wp-block-heading\">Ko\u0142o i<\/h3>\n\n\n\n<p>Miasto na wyspie Providenciales. Ma dwie dzielnice mieszkalne i jest tak\u017ce miejscem dawnego kamienio\u0142omu piasku.<\/p>\n\n\n\n<h3 class=\"wp-block-heading\">Bar z muszlami<\/h3>\n\n\n\n<p>Najwi\u0119ksza z trzech wiosek na wyspie Middle Caicos to miejsce, w kt\u00f3rym znajduje si\u0119 szko\u0142a podstawowa i kilka urz\u0119d\u00f3w rz\u0105dowych. W pobliskim Conch Bar Caves National Park znajduje si\u0119 ogromny system jaski\u0144: jeden z najwi\u0119kszych na Karaibach.<\/p>\n\n\n\n<h2 class=\"wp-block-heading\">Trendy<\/h2>\n\n\n\n<p>Wyspy maj\u0105 du\u017cy potencja\u0142 ze wzgl\u0119du na obfite oceany i grunty orne. Eksperci wyr\u00f3\u017cnili kolejne obszary, kt\u00f3re mog\u0105 by\u0107 atrakcyjne jako pola inwestycyjne. Obszary te obejmuj\u0105 przetw\u00f3rstwo \u017cywno\u015bci, przemys\u0142 rolno-spo\u017cywczy i marikultur\u0119. Kwitn\u0105cy przemys\u0142 turystyczny stworzy\u0142 ogromny popyt na lokalne produkty rolne i ryby, kt\u00f3ry obecnie przekracza poda\u017c \u2014 wyspy Caicos w szczeg\u00f3lno\u015bci oferuj\u0105 idealny klimat i \u017cyzn\u0105 gleb\u0119.<\/p>\n\n\n\n<h2 class=\"wp-block-heading\">Korzy\u015bci i mocne strony na rynku<\/h2>\n\n\n\n<p>This region\u2019s high unemployment rate means you will get cheap labor. Your operating costs will be lower as a result. Another key point is that the Turks and Caicos <a href=\"https:\/\/www.sisinternational.com\/pl\/ekspertyza\/branze\/pharmacy-benefit-manager-pbm-market-research\/\" title=\"Badania rynku w zakresie \u015bwiadcze\u0144 farmaceutycznych (PBM)\"  data-wpil-monitor-id=\"8230\">market has many benefits<\/a> and strengths. These include first-rate healthcare centers, full-service banking, and a well-developed telecommunications network. Each of these factors is important when considering investing in these islands.<\/p>\n\n\n\n<h2 class=\"wp-block-heading\">Baza konsument\u00f3w<\/h2>\n\n\n\n<p>Oko\u0142o 40 000 os\u00f3b mieszka na Turks i Caicos, r\u00f3wno podzielonych mi\u0119dzy m\u0119\u017cczyzn i kobiety. W rzeczywisto\u015bci dziewi\u0119\u0107dziesi\u0105t cztery procent tych os\u00f3b mieszka w o\u015brodkach miejskich, a reszta na obszarach wiejskich. Dziewi\u0119\u0107dziesi\u0105t procent to u\u017cytkownicy medi\u00f3w spo\u0142eczno\u015bciowych, z kt\u00f3rych wi\u0119kszo\u015b\u0107 korzysta z Facebooka. Inne popularne platformy to Instagram, LinkedIn i Twitter.<\/p>\n\n\n\n<h2 class=\"wp-block-heading\">Powody, dla kt\u00f3rych warto rozwija\u0107 sw\u00f3j biznes na rynku Turks i Caicos<\/h2>\n\n\n\n<p>Wyspy wykaza\u0142y sta\u0142y i ci\u0105g\u0142y wzrost w ci\u0105gu ostatnich kilku dekad. Standard and Poor&#039;s da\u0142 doskona\u0142y wska\u017anik tego wzrostu, potwierdzaj\u0105c suwerenny rating kredytowy kraju jako BBB+. Ten rating dotyczy d\u0142ugoterminowych obligacji denominowanych w walucie krajowej, jak i obcej. S&amp;P r\u00f3wnie\u017c wykaza\u0142o zaufanie do TCI. Uwa\u017caj\u0105, \u017ce TCI b\u0119dzie nadal przestrzega\u0107 ostro\u017cnego zarz\u0105dzania finansami. S\u0105 r\u00f3wnie\u017c zdania, \u017ce kraj ograniczy zad\u0142u\u017canie si\u0119. Rz\u0105d dobrze zarz\u0105dza swoj\u0105 gospodark\u0105, co zwi\u0119ksza zaufanie inwestor\u00f3w.<\/p>\n\n\n\n<h2 class=\"wp-block-heading\">O badaniach rynkowych na Wyspach Turks i Caicos<\/h2>\n\n\n\n<p>Are you planning to start a business in the Turks and Caicos Islands? It\u2019s vital to do <a href=\"https:\/\/www.sisinternational.com\/pl\/rozwiazania\/rozwiazania-w-zakresie-badan-jakosciowych-i-ilosciowych\/rekrutacja-do-badan-jakosciowych\/\" title=\"Rekrutacja do bada\u0144 jako\u015bciowych\"  data-wpil-monitor-id=\"8229\">Qualitative and Quantitative Research<\/a>. This research will help you come up with a Go-To-Market <a href=\"https:\/\/www.sisinternational.com\/pl\/the-role-of-process-and-systems-development-in-organizational-success\/\" title=\"Badania rynku projektowania organizacji\"  data-wpil-monitor-id=\"8226\">Strategia<\/a>. That\u2019s where we at <a href=\"https:\/\/www.sisinternational.com\/pl\/skontaktuj-sie-z-nami\/\" title=\"Skontaktuj si\u0119 z nami\"  data-wpil-monitor-id=\"8225\">SIS Mi\u0119dzynarodowe Badania<\/a> come in. We can set up Focus Groups, Surveys, and Interviews as part of your <a href=\"https:\/\/www.sisinternational.com\/pl\/ekspertyza\/branze\/diesel-market-research\/\" title=\"Badania rynku oleju nap\u0119dowego\"  data-wpil-monitor-id=\"3489\">Badania wielko\u015bci rynku<\/a>. We also offer UX <a href=\"https:\/\/www.sisinternational.com\/pl\/rozwiazania\/rozwiazania-w-zakresie-badan-jakosciowych-i-ilosciowych\/chaid-analysis-market-research\/\" title=\"Analiza CHAID Badania rynku\"  data-wpil-monitor-id=\"8228\">Market Research and Competitive Analysis<\/a> to new companies in the TCI.<\/p>\n\n\n\n<p><\/p>","protected":false},"excerpt":{"rendered":"<p>Wyspy Turks i Caicos dostarczaj\u0105 przetw\u00f3rstwo \u017cywno\u015bci, przemys\u0142 rolno-spo\u017cywczy i hodowl\u0119 morsk\u0105. SIS International zapewnia kluczowe badania rynku.<\/p>","protected":false},"author":1,"featured_media":66372,"parent":33287,"menu_order":21,"comment_status":"closed","ping_status":"closed","template":"","meta":{"footnotes":""},"class_list":["post-41150","page","type-page","status-publish","has-post-thumbnail"],"_links":{"self":[{"href":"https:\/\/www.sisinternational.com\/pl\/wp-json\/wp\/v2\/pages\/41150","targetHints":{"allow":["GET"]}}],"collection":[{"href":"https:\/\/www.sisinternational.com\/pl\/wp-json\/wp\/v2\/pages"}],"about":[{"href":"https:\/\/www.sisinternational.com\/pl\/wp-json\/wp\/v2\/types\/page"}],"author":[{"embeddable":true,"href":"https:\/\/www.sisinternational.com\/pl\/wp-json\/wp\/v2\/users\/1"}],"replies":[{"embeddable":true,"href":"https:\/\/www.sisinternational.com\/pl\/wp-json\/wp\/v2\/comments?post=41150"}],"version-history":[{"count":4,"href":"https:\/\/www.sisinternational.com\/pl\/wp-json\/wp\/v2\/pages\/41150\/revisions"}],"predecessor-version":[{"id":81383,"href":"https:\/\/www.sisinternational.com\/pl\/wp-json\/wp\/v2\/pages\/41150\/revisions\/81383"}],"up":[{"embeddable":true,"href":"https:\/\/www.sisinternational.com\/pl\/wp-json\/wp\/v2\/pages\/33287"}],"wp:featuredmedia":[{"embeddable":true,"href":"https:\/\/www.sisinternational.com\/pl\/wp-json\/wp\/v2\/media\/66372"}],"wp:attachment":[{"href":"https:\/\/www.sisinternational.com\/pl\/wp-json\/wp\/v2\/media?parent=41150"}],"curies":[{"name":"wp","href":"https:\/\/api.w.org\/{rel}","templated":true}]}}