{"id":41141,"date":"2022-12-22T20:54:31","date_gmt":"2022-12-22T20:54:31","guid":{"rendered":"https:\/\/www.sisinternational.com\/?page_id=41141"},"modified":"2026-01-25T16:43:07","modified_gmt":"2026-01-25T21:43:07","slug":"badania-rynku-w-st-martin","status":"publish","type":"page","link":"https:\/\/www.sisinternational.com\/pl\/zasieg\/badania-rynku-na-karaibach\/badania-rynku-w-st-martin\/","title":{"rendered":"Badania rynku w St. Martin"},"content":{"rendered":"<h1 class=\"wp-block-heading\">Badania rynku w St. Martin<\/h1>\n\n\n\n<figure class=\"gb-block-image gb-block-image-b006da90\"><img loading=\"lazy\" decoding=\"async\" width=\"1456\" height=\"816\" class=\"gb-image gb-image-b006da90\" src=\"https:\/\/www.sisinternational.com\/wp-content\/uploads\/2025\/09\/Martinique-3.jpg\" alt=\"SIS Mi\u0119dzynarodowe badania rynku i strategia\" title=\"Martinique (3)\" srcset=\"https:\/\/www.sisinternational.com\/wp-content\/uploads\/2025\/09\/Martinique-3.jpg 1456w, https:\/\/www.sisinternational.com\/wp-content\/uploads\/2025\/09\/Martinique-3-300x168.jpg 300w, https:\/\/www.sisinternational.com\/wp-content\/uploads\/2025\/09\/Martinique-3-1024x574.jpg 1024w, https:\/\/www.sisinternational.com\/wp-content\/uploads\/2025\/09\/Martinique-3-768x430.jpg 768w, https:\/\/www.sisinternational.com\/wp-content\/uploads\/2025\/09\/Martinique-3-18x10.jpg 18w\" sizes=\"auto, (max-width: 1456px) 100vw, 1456px\"><\/figure>\n\n\n\n<hr class=\"wp-block-separator has-alpha-channel-opacity is-style-dots\"\/>\n\n\n\n<p>Saint-Martin to karaibska wyspa po\u0142o\u017cona oko\u0142o 190 mil na wsch\u00f3d od Puerto Rico, o powierzchni l\u0105du wynosz\u0105cej co najmniej 34 mile kwadratowe. Jest podzielona w stosunku 60:40 mi\u0119dzy Francj\u0119 i Holandi\u0119. Francuska strona znajduje si\u0119 na p\u00f3\u0142nocy i jest zbiorowo\u015bci\u0105 zamorsk\u0105. Holenderska strona, znana jako Sint Maarten, znajduje si\u0119 w po\u0142udniowej cz\u0119\u015bci wyspy.<\/p>\n\n\n\n<p>What\u2019s the best part of staying on this island? Visitors taste two lively but distinct cultures for the price of one vacation. Another key point is that the island is proud of its dual heritage and customs. Another great thing about St. Martin is that people and goods have free movement between the two sides of the island. As a matter of fact, there\u2019s no physical border. The official currency of St. Martin is the Euro. Sint Maarten uses the Netherlands Antillean Guilder. Both sides accept the US Dollar for most transactions.<\/p>\n\n\n\n<h2 class=\"wp-block-heading\">Kluczowe bran\u017ce<\/h2>\n\n\n\n<p>Tropikalne po\u0142o\u017cenie Saint Martin przyci\u0105ga co roku wielu turyst\u00f3w. Gospodarka wyspy opiera si\u0119 na turystyce. Z tego samego powodu bran\u017ca ta zatrudnia wi\u0119kszo\u015b\u0107 jej mieszka\u0144c\u00f3w. Otwiera ona r\u00f3wnie\u017c wiele sektor\u00f3w, takich jak hotele, restauracje, inne us\u0142ugi gastronomiczne, statki wycieczkowe, linie lotnicze, rozrywka i transport. Wyspa importuje wi\u0119kszo\u015b\u0107 \u017cywno\u015bci, poniewa\u017c rolnictwo jest tu sk\u0105pe. G\u0142\u00f3wnymi produktami eksportowymi s\u0105 statki morskie, z\u0142om aluminiowy, meble i alkohol.<\/p>\n\n\n\n<h2 class=\"wp-block-heading\">Osiedla<\/h2>\n\n\n\n<h3 class=\"wp-block-heading\">Marigot<\/h3>\n\n\n\n<p>Marigot jest stolic\u0105 Saint-Martin. Ma bardzo europejski klimat, z ekskluzywnymi sklepami, a tak\u017ce restauracjami w spokojnym tempie. Miasto ma marin\u0119, a promem mo\u017cna pop\u0142yn\u0105\u0107 na Saint-Barth, Anguill\u0119 i inne wyspy dalej w \u0142a\u0144cuchu.<\/p>\n\n\n\n<h3 class=\"wp-block-heading\">Cupecoy\/Niziny<\/h3>\n\n\n\n<p>Cupecoy le\u017cy na granicy z Holandi\u0105 po p\u00f3\u0142nocno-zachodniej stronie. Jest domem dla kasyna, pola golfowego i kilku dobrych restauracji. Ma r\u00f3wnie\u017c wiele drogich willi, kt\u00f3re dominuj\u0105 w tej cz\u0119\u015bci wyspy.<\/p>\n\n\n\n<h3 class=\"wp-block-heading\">Zatoka Orient\/Wioska Orient<\/h3>\n\n\n\n<p>Na wschodniej stronie wyspy, Orient Bay ma wiele dom\u00f3w wakacyjnych do wynaj\u0119cia. Mo\u017ce si\u0119 r\u00f3wnie\u017c pochwali\u0107 wieloma restauracjami i ma\u0142ymi hotelami. Ponadto, jest to lokalizacja jednej z najpopularniejszych pla\u017c na wyspie.<\/p>\n\n\n\n<h2 class=\"wp-block-heading\">Trendy<\/h2>\n\n\n\n<p>Saint Martin cieszy si\u0119 pogod\u0105 sprzyjaj\u0105c\u0105 turystyce. Dlatego du\u017ce statki wycieczkowe regularnie zatrzymuj\u0105 si\u0119 na wyspie. Ponadto przemys\u0142 ten zapewnia mieszka\u0144com Saint Martin wiele miejsc pracy. Mimo to pozostaje w tyle za Sint Maarten. Lotnisko, kasyna i doki dla du\u017cych statk\u00f3w wycieczkowych znajduj\u0105 si\u0119 po stronie holenderskiej. Pozytywnym aspektem jest to, \u017ce Saint Martin to raj dla smakoszy, znany z najlepszej kultury kulinarnej w regionie.<\/p>\n\n\n\n<h2 class=\"wp-block-heading\">Korzy\u015bci i mocne strony na rynku<\/h2>\n\n\n\n<p>St. Martin\u2019s residents, by law, pay the same electricity rates as all other French citizens. Their utility rates start at&nbsp;$0.12 per kilowatt hour&nbsp;for home users. Sint Maarten, in comparison, charges around&nbsp;$0.35\/kWh. Another benefit of the <a href=\"https:\/\/www.sisinternational.com\/pl\/zasieg\/ameryka\/badania-rynku-na-karaibach\/badania-rynku-st-barthelemy\/\" title=\"Badania rynku w Saint-Barthelemy\"  data-wpil-monitor-id=\"3708\">St. Martin market<\/a> is that companies can get an official ruling stating their tax system will not change. Moreover, dividends and capital gains are tax-exempt in St. Martin, and no withholding tax exists.<\/p>\n\n\n\n<h2 class=\"wp-block-heading\">Baza konsument\u00f3w<\/h2>\n\n\n\n<p>\u015arednia pensja na osob\u0119 rocznie wynosi $46 000 w St. Martin. Tego typu dane s\u0105 kluczowe, poniewa\u017c pozwalaj\u0105 Ci sprzeda\u0107 wi\u0119cej swoim klientom. Musisz zna\u0107 swoich klient\u00f3w i widzie\u0107, jak si\u0119 rozwijaj\u0105. Czy maj\u0105 nowe cele lub warto\u015bci? Czy staj\u0105 przed nowymi wyzwaniami? Czy ich punkty b\u00f3lu si\u0119 zmieni\u0142y? Musisz zrozumie\u0107 swojego klienta. Je\u015bli tego nie zrobisz, mo\u017cesz nie by\u0107 w stanie kontynuowa\u0107 bie\u017c\u0105cej kampanii marketingowej. Mo\u017ce to spowodowa\u0107, \u017ce b\u0119dziesz postrzegany jako g\u0142uchy na ton. W\u0142a\u015bnie tutaj wkraczaj\u0105 jako\u015bciowe, ilo\u015bciowe i strategiczne badania rynku.<\/p>\n\n\n\n<h2 class=\"wp-block-heading\">O badaniach rynkowych w St. Martin<\/h2>\n\n\n\n<p>SIS International offers extensive UX and <a href=\"https:\/\/www.sisinternational.com\/pl\/zasieg\/ameryka\/badania-rynku-na-karaibach\/badania-rynku-st-kitts-nevis\/\" title=\"Badania rynku w St. Kitts i Nevis\"  data-wpil-monitor-id=\"3295\">Badania mo\u017cliwo\u015bci rynkowych<\/a>. We keep you clued in on commercial industries and consumer products. We also provide insights into consumer lifestyles and trends in St. Martin. You may have an excellent idea for a service or product, but will people want it? You need to conduct some <a href=\"https:\/\/www.sisinternational.com\/pl\/ekspertyza\/branze\/diesel-market-research\/\" title=\"Badania rynku oleju nap\u0119dowego\"  data-wpil-monitor-id=\"3493\">Badania wej\u015bcia na rynek<\/a> to find out. Our research teams know the habits and attitudes of Caribbean consumers. We can help you with your Go-to-Market Strategy so you hit the ground running. Contact us today!<\/p>\n\n\n\n<p><\/p>","protected":false},"excerpt":{"rendered":"<p>Tropikalne po\u0142o\u017cenie Saint-Martin przyci\u0105ga wielu turyst\u00f3w. SIS dostarcza informacji na temat bada\u0144 rynkowych dotycz\u0105cych stylu \u017cycia i trend\u00f3w konsumenckich w Saint-Martin.<\/p>","protected":false},"author":1,"featured_media":66138,"parent":33287,"menu_order":19,"comment_status":"closed","ping_status":"closed","template":"","meta":{"footnotes":""},"class_list":["post-41141","page","type-page","status-publish","has-post-thumbnail"],"_links":{"self":[{"href":"https:\/\/www.sisinternational.com\/pl\/wp-json\/wp\/v2\/pages\/41141","targetHints":{"allow":["GET"]}}],"collection":[{"href":"https:\/\/www.sisinternational.com\/pl\/wp-json\/wp\/v2\/pages"}],"about":[{"href":"https:\/\/www.sisinternational.com\/pl\/wp-json\/wp\/v2\/types\/page"}],"author":[{"embeddable":true,"href":"https:\/\/www.sisinternational.com\/pl\/wp-json\/wp\/v2\/users\/1"}],"replies":[{"embeddable":true,"href":"https:\/\/www.sisinternational.com\/pl\/wp-json\/wp\/v2\/comments?post=41141"}],"version-history":[{"count":6,"href":"https:\/\/www.sisinternational.com\/pl\/wp-json\/wp\/v2\/pages\/41141\/revisions"}],"predecessor-version":[{"id":77910,"href":"https:\/\/www.sisinternational.com\/pl\/wp-json\/wp\/v2\/pages\/41141\/revisions\/77910"}],"up":[{"embeddable":true,"href":"https:\/\/www.sisinternational.com\/pl\/wp-json\/wp\/v2\/pages\/33287"}],"wp:featuredmedia":[{"embeddable":true,"href":"https:\/\/www.sisinternational.com\/pl\/wp-json\/wp\/v2\/media\/66138"}],"wp:attachment":[{"href":"https:\/\/www.sisinternational.com\/pl\/wp-json\/wp\/v2\/media?parent=41141"}],"curies":[{"name":"wp","href":"https:\/\/api.w.org\/{rel}","templated":true}]}}