{"id":41137,"date":"2022-12-22T20:32:20","date_gmt":"2022-12-22T20:32:20","guid":{"rendered":"https:\/\/www.sisinternational.com\/?page_id=41137"},"modified":"2025-10-01T22:23:12","modified_gmt":"2025-10-02T02:23:12","slug":"badania-rynku-w-sint-maarten","status":"publish","type":"page","link":"https:\/\/www.sisinternational.com\/pl\/zasieg\/badania-rynku-na-karaibach\/badania-rynku-w-sint-maarten\/","title":{"rendered":"Badania rynku w Sint Maarten"},"content":{"rendered":"<h1 class=\"wp-block-heading\">Badania rynku w Sint Maarten<\/h1>\n\n\n\n<figure class=\"gb-block-image gb-block-image-8e1e6f83\"><img loading=\"lazy\" decoding=\"async\" width=\"1456\" height=\"816\" class=\"gb-image gb-image-8e1e6f83\" src=\"https:\/\/www.sisinternational.com\/wp-content\/uploads\/2025\/09\/Sint-Maarten-1.jpg\" alt=\"SIS Mi\u0119dzynarodowe badania rynku i strategia\" title=\"Sint Maarten (1)\" srcset=\"https:\/\/www.sisinternational.com\/wp-content\/uploads\/2025\/09\/Sint-Maarten-1.jpg 1456w, https:\/\/www.sisinternational.com\/wp-content\/uploads\/2025\/09\/Sint-Maarten-1-300x168.jpg 300w, https:\/\/www.sisinternational.com\/wp-content\/uploads\/2025\/09\/Sint-Maarten-1-1024x574.jpg 1024w, https:\/\/www.sisinternational.com\/wp-content\/uploads\/2025\/09\/Sint-Maarten-1-768x430.jpg 768w, https:\/\/www.sisinternational.com\/wp-content\/uploads\/2025\/09\/Sint-Maarten-1-18x10.jpg 18w\" sizes=\"auto, (max-width: 1456px) 100vw, 1456px\"><\/figure>\n\n\n\n<p><\/p>\n\n\n\n<hr class=\"wp-block-separator has-alpha-channel-opacity is-style-dots\"\/>\n\n\n\n<p>Sint Maarten jest cz\u0119\u015bci\u0105 Kr\u00f3lestwa Niderland\u00f3w. Zajmuje po\u0142udniow\u0105 trzeci\u0105 cz\u0119\u015b\u0107 podzielonej wyspy Saint-Martin \u2013 dwie trzecie p\u00f3\u0142nocne jest francuskie. Stolic\u0105 Sint Maarten jest Philipsburg, a g\u0142ow\u0105 pa\u0144stwa jest holenderski kr\u00f3l (lub kr\u00f3lowa), reprezentowany przez gubernatora. Jego system rz\u0105d\u00f3w jest bardzo podobny do brytyjskiego, z premierem jako szefem rz\u0105du. Sint Maarten jest pag\u00f3rkowate, ze zboczami prowadz\u0105cymi do salinek, lagun przybrze\u017cnych i piaszczystych mierzej.<\/p>\n\n\n\n<h2 class=\"wp-block-heading\">Osiedla<\/h2>\n\n\n\n<h3 class=\"wp-block-heading\">Philipsburg<\/h3>\n\n\n\n<p>Stolica Holandii ma wiele zabytk\u00f3w. Ma r\u00f3wnie\u017c niesko\u0144czone mo\u017cliwo\u015bci zakup\u00f3w, od butik\u00f3w odzie\u017cowych po sklepy jubilerskie.<\/p>\n\n\n\n<h3 class=\"wp-block-heading\">Zatoka Simpson<\/h3>\n\n\n\n<p>Simpson Bay znajduje si\u0119 wzd\u0142u\u017c laguny Sint Maarten. Jest to jedno z najbardziej znanych miast w Sint Maarten. Ponadto obszar ten jest sercem sceny turystycznej Sint Maarten, z niezliczonymi klubami nocnymi, restauracjami, barami i \u015bwiatowej klasy marinami.<\/p>\n\n\n\n<h3 class=\"wp-block-heading\">Dzielnica holenderska<\/h3>\n\n\n\n<p>To jedna z wi\u0119kszych podmiejskich dzielnic Sint Maarten. Jeden z najstarszych dom\u00f3w plantacyjnych na wyspie znajduje si\u0119 w dzielnicy Dutch Quarter.<\/p>\n\n\n\n<h2 class=\"wp-block-heading\">Kluczowe bran\u017ce<\/h2>\n\n\n\n<p>Sint Maarten ma gospodark\u0119 opart\u0105 na turystyce. Hotele, restauracje i inne sektory zwi\u0105zane z turystyk\u0105 odpowiadaj\u0105 za prawie po\u0142ow\u0119 PKB. Freelancing i e-commerce staj\u0105 si\u0119 norm\u0105, wi\u0119c St. Maarten r\u00f3wnie\u017c przyspiesza w sektorze biznesowym IT. Nieruchomo\u015bci to kolejna kluczowa bran\u017ca, podobnie jak komunikacja, transport i magazynowanie.<\/p>\n\n\n\n<h2 class=\"wp-block-heading\">Trendy<\/h2>\n\n\n\n<p>Gospodarka Sint Maarten za\u0142ama\u0142a si\u0119 po huraganie Irma, a nast\u0119pnie Maria w 2017 r. Pandemia uderzy\u0142a dwa lata p\u00f3\u017aniej, siej\u0105c dalsze spustoszenie. Mimo to eksperci spodziewaj\u0105 si\u0119, \u017ce gospodarka wkr\u00f3tce si\u0119 odbije. Tury\u015bci zacz\u0119li wraca\u0107 w du\u017cych liczbach, a turystyka rejsowa jest w fazie wzrostu. Z drugiej strony \u015bwiat zmaga si\u0119 z powa\u017cn\u0105 inflacj\u0105, a Sint Maarten nie jest wyj\u0105tkiem. Kraj jest na \u0142asce szok\u00f3w cenowych ropy naftowej. Importuje r\u00f3wnie\u017c inflacj\u0119 ze Stan\u00f3w Zjednoczonych poprzez sta\u0142y kurs walutowy i kana\u0142 handlowy.<\/p>\n\n\n\n<h2 class=\"wp-block-heading\">Korzy\u015bci i mocne strony na rynku<\/h2>\n\n\n\n<p>Sint Maarten to raj dla inwestor\u00f3w nieruchomo\u015bci. Nawet Francuzi kupuj\u0105 wi\u0119cej po stronie holenderskiej. Ponadto, prawo jest tu bardziej korzystne i nie ma podatku od zysk\u00f3w kapita\u0142owych. Nie ma te\u017c podatku od nieruchomo\u015bci. \u0141atwo jest uzyska\u0107 pozwolenia i ograniczenia strefowe. Co jest jeszcze \u015bwietnego w Sint Maarten? Inwestorzy s\u0105 traktowani jak gwiazdy. Inwestorzy mog\u0105 \u0142atwo uzyska\u0107 status sta\u0142ego rezydenta po pi\u0119ciu latach. Ale najpierw musz\u0105 zainwestowa\u0107 US$500 000 lub wi\u0119cej. Mog\u0105 uzyska\u0107 obywatelstwo holenderskie pi\u0119\u0107 lat p\u00f3\u017aniej.<\/p>\n\n\n\n<h2 class=\"wp-block-heading\">Baza konsument\u00f3w<\/h2>\n\n\n\n<p>Populacja Sint Maarten jest r\u00f3wnomiernie podzielona mi\u0119dzy m\u0119\u017cczyzn i kobiety. Wi\u0119kszo\u015b\u0107 ludzi mieszka w o\u015brodkach miejskich. Dwie trzecie ma dost\u0119p do Internetu, a 80 procent to u\u017cytkownicy medi\u00f3w spo\u0142eczno\u015bciowych, g\u0142\u00f3wnie na Facebooku, ale popularne s\u0105 r\u00f3wnie\u017c Instagram, LinkedIn i Twitter. Po\u0142\u0105czenia mobilne przekraczaj\u0105 100 procent, a prawie ka\u017cdy ma dost\u0119p do elektryczno\u015bci. Du\u017ca cz\u0119\u015b\u0107 bazy konsument\u00f3w polega na pieni\u0105dzach wysy\u0142anych do domu przez emigrant\u00f3w.<\/p>\n\n\n\n<h2 class=\"wp-block-heading\">Powody, dla kt\u00f3rych warto rozwija\u0107 sw\u00f3j biznes na rynku Sint Maarten<\/h2>\n\n\n\n<p>Sint Maarten ma kwitn\u0105c\u0105, solidn\u0105 gospodark\u0119. Ma najwy\u017cszy doch\u00f3d na mieszka\u0144ca w holenderskich Karaibach. Ponadto gospodarka ro\u015bnie i to dobry czas na inwestowanie. Wyspa opiera si\u0119 na \u015bwie\u017cych pomys\u0142ach i je wspiera. Firmy mog\u0105 r\u00f3wnie\u017c korzysta\u0107 z najwy\u017cszej klasy systemu komunikacji, finans\u00f3w i innych us\u0142ug tego kraju. Wi\u0119kszo\u015b\u0107 Twoich zarobk\u00f3w b\u0119dzie w euro i dolarach ameryka\u0144skich, a import i eksport s\u0105 wolne od c\u0142a.<\/p>\n\n\n\n<h2 class=\"wp-block-heading\">O badaniach rynkowych w Sint Maarten<\/h2>\n\n\n\n<p>You may have the best idea for a <a href=\"https:\/\/www.sisinternational.com\/pl\/rozwiazania\/testowanie-smaku\/uslugi-testowania-produktow-w-nowym-jorku\/\" title=\"Us\u0142ugi testowania produkt\u00f3w w Nowym Jorku\"  data-wpil-monitor-id=\"8999\">product or service<\/a>, but will people want it? You need to <a href=\"https:\/\/www.sisinternational.com\/pl\/how-to-conduct-effective-quantitative-market-research\/\" title=\"How to Conduct Effective Quantitative Market Research\"  data-wpil-monitor-id=\"8998\">conduct some market research<\/a> to find out. <a href=\"https:\/\/www.sisinternational.com\/pl\/wielkanocna-pascha-i-nieunikniony-czekoladowy-zajaczek\/\" title=\"Badania rynku wielkanocnego\"  data-wpil-monitor-id=\"8996\">SIS International has offered market research<\/a> services for several years. We do Competitive Analysis, Go-to-Market Strategy, Qualitative and <a href=\"https:\/\/www.sisinternational.com\/pl\/top-5-benefits-of-conducting-quantitative-market-research\/\" title=\"Top 5 Benefits of Conducting Quantitative Market Research\"  data-wpil-monitor-id=\"8997\">Ilo\u015bciowe badania rynku<\/a>, consumer surveys, Focus Groups, and Interviews. We look at existing products and ones that are in development. Get your data on Sint Maarten and other locales today!<\/p>\n\n\n\n<p><\/p>","protected":false},"excerpt":{"rendered":"<p>Sint Maarten ma solidn\u0105 gospodark\u0119 opart\u0105 na turystyce. SIS International oferuje us\u0142ugi bada\u0144 rynku od kilku lat.<\/p>","protected":false},"author":1,"featured_media":66355,"parent":33287,"menu_order":18,"comment_status":"closed","ping_status":"closed","template":"","meta":{"footnotes":""},"class_list":["post-41137","page","type-page","status-publish","has-post-thumbnail"],"_links":{"self":[{"href":"https:\/\/www.sisinternational.com\/pl\/wp-json\/wp\/v2\/pages\/41137","targetHints":{"allow":["GET"]}}],"collection":[{"href":"https:\/\/www.sisinternational.com\/pl\/wp-json\/wp\/v2\/pages"}],"about":[{"href":"https:\/\/www.sisinternational.com\/pl\/wp-json\/wp\/v2\/types\/page"}],"author":[{"embeddable":true,"href":"https:\/\/www.sisinternational.com\/pl\/wp-json\/wp\/v2\/users\/1"}],"replies":[{"embeddable":true,"href":"https:\/\/www.sisinternational.com\/pl\/wp-json\/wp\/v2\/comments?post=41137"}],"version-history":[{"count":3,"href":"https:\/\/www.sisinternational.com\/pl\/wp-json\/wp\/v2\/pages\/41137\/revisions"}],"predecessor-version":[{"id":81507,"href":"https:\/\/www.sisinternational.com\/pl\/wp-json\/wp\/v2\/pages\/41137\/revisions\/81507"}],"up":[{"embeddable":true,"href":"https:\/\/www.sisinternational.com\/pl\/wp-json\/wp\/v2\/pages\/33287"}],"wp:featuredmedia":[{"embeddable":true,"href":"https:\/\/www.sisinternational.com\/pl\/wp-json\/wp\/v2\/media\/66355"}],"wp:attachment":[{"href":"https:\/\/www.sisinternational.com\/pl\/wp-json\/wp\/v2\/media?parent=41137"}],"curies":[{"name":"wp","href":"https:\/\/api.w.org\/{rel}","templated":true}]}}